{"id":18691,"date":"2024-07-12T16:48:57","date_gmt":"2024-07-12T13:48:57","guid":{"rendered":"https:\/\/tene.ee\/toode\/valmis-ehitatud-aiamaja-betty\/"},"modified":"2024-11-28T12:11:21","modified_gmt":"2024-11-28T10:11:21","slug":"valmis-ehitatud-aiamaja-betty","status":"publish","type":"product","link":"https:\/\/tene.ee\/it\/toode\/valmis-ehitatud-aiamaja-betty\/","title":{"rendered":"Casetta da giardino Betty gi\u00e0 pronta"},"content":{"rendered":"<p>Le casette da giardino e le tettoie gi\u00e0 pronte TENE vengono costruite all&#8217;interno, il che garantisce una migliore qualit\u00e0 delle case finite e aiuta ad escludere possibili ritardi spiacevoli in cantiere (ad esempio, condizioni meteorologiche avverse). il prodotto \u00e8 in legno di abete rosso nordico di alta qualit\u00e0, spessore 28 mm. \u00c8 realizzato in legno lamellare speciale secco (8-12%). La soglia della porta \u00e8 in metallo inossidabile. La porta ha un pannello di legno (porta bifacciale con vetro) e comprende ferramenta. Le travi di fondazione sono in legno autoclavato Il pavimento \u00e8 in profilato di spessore 18 mm La copertura del tetto \u00e8 in ruberoid a nido d&#8217;ape nero La grondaia e le lamiere perimetrali Il soffitto \u00e8 in profilato Il prezzo non comprende: Preparazione della fondazione Finitura esterna I prezzi sono validi in magazzino dello stabilimento di Tene e comprendono il trasporto della sauna finita. Il prezzo di spedizione dipende dall&#8217;indirizzo esatto di consegna.<\/p>\n","protected":false},"excerpt":{"rendered":"<p>La casetta da giardino Betty viene consegnata al cliente gi\u00e0 costruita, ovvero come soluzione completa &#8220;chiavi in \u200b\u200bmano&#8221;. La casetta da giardino pu\u00f2 essere trasportata gi\u00e0 pronta ovunque sia accessibile con una gru.<\/p>\n","protected":false},"featured_media":71921,"template":"","meta":{"_acf_changed":false},"product_brand":[],"product_cat":[452,453,460],"product_tag":[],"class_list":{"0":"post-18691","1":"product","2":"type-product","3":"status-publish","4":"has-post-thumbnail","6":"product_cat-casette-da-giardino","7":"product_cat-casette-da-giardino-28-mm","8":"product_cat-casette-da-giardino-gia-pronte","9":"product_shipping_class-390e-it","10":"pa_iseloomustus-1-stanza","11":"pa_iseloomustus-una-casa-quadrata","12":"pa_katuse-tuup-tetto-a-due-falde","13":"pa_pindala-0-10-m2-it","14":"pa_seina-paksus-28-mm-it","16":"first","17":"onbackorder","18":"sale","19":"purchasable","20":"product-type-simple"},"acf":[],"yoast_head":"<!-- This site is optimized with the Yoast SEO plugin v27.5 - https:\/\/yoast.com\/product\/yoast-seo-wordpress\/ -->\n<title>Tene.ee - Casetta da giardino Betty gi\u00e0 pronta<\/title>\n<meta name=\"description\" content=\"Tene.ee Casetta da giardino Betty gi\u00e0 pronta\" \/>\n<meta name=\"robots\" content=\"index, follow, max-snippet:-1, max-image-preview:large, max-video-preview:-1\" \/>\n<link rel=\"canonical\" href=\"https:\/\/tene.ee\/it\/toode\/valmis-ehitatud-aiamaja-betty\/\" \/>\n<meta property=\"og:locale\" content=\"it_IT\" \/>\n<meta property=\"og:type\" content=\"article\" \/>\n<meta property=\"og:title\" content=\"Tene.ee - Casetta da giardino Betty gi\u00e0 pronta\" \/>\n<meta property=\"og:description\" content=\"Tene.ee Casetta da giardino Betty gi\u00e0 pronta\" \/>\n<meta property=\"og:url\" content=\"https:\/\/tene.ee\/it\/toode\/valmis-ehitatud-aiamaja-betty\/\" \/>\n<meta property=\"og:site_name\" content=\"Tene.ee\" \/>\n<meta property=\"article:publisher\" content=\"https:\/\/www.facebook.com\/teneaiamajad\" \/>\n<meta property=\"article:modified_time\" content=\"2024-11-28T10:11:21+00:00\" \/>\n<meta property=\"og:image\" content=\"https:\/\/tene.ee\/wp-content\/uploads\/2024\/07\/Betty.jpg\" \/>\n\t<meta property=\"og:image:width\" content=\"2500\" \/>\n\t<meta property=\"og:image:height\" content=\"1667\" \/>\n\t<meta property=\"og:image:type\" content=\"image\/jpeg\" \/>\n<meta name=\"twitter:card\" content=\"summary_large_image\" \/>\n<meta name=\"twitter:label1\" content=\"Tempo di lettura stimato\" \/>\n\t<meta name=\"twitter:data1\" content=\"2 minuti\" \/>\n<script type=\"application\/ld+json\" class=\"yoast-schema-graph\">{\"@context\":\"https:\\\/\\\/schema.org\",\"@graph\":[{\"@type\":\"WebPage\",\"@id\":\"https:\\\/\\\/tene.ee\\\/it\\\/toode\\\/valmis-ehitatud-aiamaja-betty\\\/\",\"url\":\"https:\\\/\\\/tene.ee\\\/it\\\/toode\\\/valmis-ehitatud-aiamaja-betty\\\/\",\"name\":\"Tene.ee - Casetta da giardino Betty gi\u00e0 pronta\",\"isPartOf\":{\"@id\":\"https:\\\/\\\/tene.ee\\\/it\\\/#website\"},\"primaryImageOfPage\":{\"@id\":\"https:\\\/\\\/tene.ee\\\/it\\\/toode\\\/valmis-ehitatud-aiamaja-betty\\\/#primaryimage\"},\"image\":{\"@id\":\"https:\\\/\\\/tene.ee\\\/it\\\/toode\\\/valmis-ehitatud-aiamaja-betty\\\/#primaryimage\"},\"thumbnailUrl\":\"https:\\\/\\\/tene.ee\\\/wp-content\\\/uploads\\\/2024\\\/07\\\/Betty.jpg\",\"datePublished\":\"2024-07-12T13:48:57+00:00\",\"dateModified\":\"2024-11-28T10:11:21+00:00\",\"description\":\"Tene.ee Casetta da giardino Betty gi\u00e0 pronta\",\"breadcrumb\":{\"@id\":\"https:\\\/\\\/tene.ee\\\/it\\\/toode\\\/valmis-ehitatud-aiamaja-betty\\\/#breadcrumb\"},\"inLanguage\":\"it-IT\",\"potentialAction\":[{\"@type\":\"ReadAction\",\"target\":[\"https:\\\/\\\/tene.ee\\\/it\\\/toode\\\/valmis-ehitatud-aiamaja-betty\\\/\"]}]},{\"@type\":\"ImageObject\",\"inLanguage\":\"it-IT\",\"@id\":\"https:\\\/\\\/tene.ee\\\/it\\\/toode\\\/valmis-ehitatud-aiamaja-betty\\\/#primaryimage\",\"url\":\"https:\\\/\\\/tene.ee\\\/wp-content\\\/uploads\\\/2024\\\/07\\\/Betty.jpg\",\"contentUrl\":\"https:\\\/\\\/tene.ee\\\/wp-content\\\/uploads\\\/2024\\\/07\\\/Betty.jpg\",\"width\":2500,\"height\":1667},{\"@type\":\"BreadcrumbList\",\"@id\":\"https:\\\/\\\/tene.ee\\\/it\\\/toode\\\/valmis-ehitatud-aiamaja-betty\\\/#breadcrumb\",\"itemListElement\":[{\"@type\":\"ListItem\",\"position\":1,\"name\":\"Avaleht\",\"item\":\"http:\\\/\\\/tene.ee\\\/it\\\/\"},{\"@type\":\"ListItem\",\"position\":2,\"name\":\"Negozio\",\"item\":\"http:\\\/\\\/tene.ee\\\/it\\\/negozio\\\/\"},{\"@type\":\"ListItem\",\"position\":3,\"name\":\"Casetta da giardino Betty gi\u00e0 pronta\"}]},{\"@type\":\"WebSite\",\"@id\":\"https:\\\/\\\/tene.ee\\\/it\\\/#website\",\"url\":\"https:\\\/\\\/tene.ee\\\/it\\\/\",\"name\":\"Tene.ee - Kaunite hetkede jaoks sinu aias\",\"description\":\"Tene.ee - parimad puit- ja aiamajad otse tootjalt\",\"publisher\":{\"@id\":\"https:\\\/\\\/tene.ee\\\/it\\\/#organization\"},\"alternateName\":\"Tene.ee\",\"potentialAction\":[{\"@type\":\"SearchAction\",\"target\":{\"@type\":\"EntryPoint\",\"urlTemplate\":\"https:\\\/\\\/tene.ee\\\/it\\\/?s={search_term_string}\"},\"query-input\":{\"@type\":\"PropertyValueSpecification\",\"valueRequired\":true,\"valueName\":\"search_term_string\"}}],\"inLanguage\":\"it-IT\"},{\"@type\":\"Organization\",\"@id\":\"https:\\\/\\\/tene.ee\\\/it\\\/#organization\",\"name\":\"Tene.ee\",\"url\":\"https:\\\/\\\/tene.ee\\\/it\\\/\",\"logo\":{\"@type\":\"ImageObject\",\"inLanguage\":\"it-IT\",\"@id\":\"https:\\\/\\\/tene.ee\\\/it\\\/#\\\/schema\\\/logo\\\/image\\\/\",\"url\":\"https:\\\/\\\/tene.ee\\\/wp-content\\\/uploads\\\/2024\\\/12\\\/TENE-logo-2018-2.png\",\"contentUrl\":\"https:\\\/\\\/tene.ee\\\/wp-content\\\/uploads\\\/2024\\\/12\\\/TENE-logo-2018-2.png\",\"width\":2339,\"height\":1654,\"caption\":\"Tene.ee\"},\"image\":{\"@id\":\"https:\\\/\\\/tene.ee\\\/it\\\/#\\\/schema\\\/logo\\\/image\\\/\"},\"sameAs\":[\"https:\\\/\\\/www.facebook.com\\\/teneaiamajad\"]}]}<\/script>\n<!-- \/ Yoast SEO plugin. -->","yoast_head_json":{"title":"Tene.ee - Casetta da giardino Betty gi\u00e0 pronta","description":"Tene.ee Casetta da giardino Betty gi\u00e0 pronta","robots":{"index":"index","follow":"follow","max-snippet":"max-snippet:-1","max-image-preview":"max-image-preview:large","max-video-preview":"max-video-preview:-1"},"canonical":"https:\/\/tene.ee\/it\/toode\/valmis-ehitatud-aiamaja-betty\/","og_locale":"it_IT","og_type":"article","og_title":"Tene.ee - Casetta da giardino Betty gi\u00e0 pronta","og_description":"Tene.ee Casetta da giardino Betty gi\u00e0 pronta","og_url":"https:\/\/tene.ee\/it\/toode\/valmis-ehitatud-aiamaja-betty\/","og_site_name":"Tene.ee","article_publisher":"https:\/\/www.facebook.com\/teneaiamajad","article_modified_time":"2024-11-28T10:11:21+00:00","og_image":[{"width":2500,"height":1667,"url":"https:\/\/tene.ee\/wp-content\/uploads\/2024\/07\/Betty.jpg","type":"image\/jpeg"}],"twitter_card":"summary_large_image","twitter_misc":{"Tempo di lettura stimato":"2 minuti"},"schema":{"@context":"https:\/\/schema.org","@graph":[{"@type":"WebPage","@id":"https:\/\/tene.ee\/it\/toode\/valmis-ehitatud-aiamaja-betty\/","url":"https:\/\/tene.ee\/it\/toode\/valmis-ehitatud-aiamaja-betty\/","name":"Tene.ee - Casetta da giardino Betty gi\u00e0 pronta","isPartOf":{"@id":"https:\/\/tene.ee\/it\/#website"},"primaryImageOfPage":{"@id":"https:\/\/tene.ee\/it\/toode\/valmis-ehitatud-aiamaja-betty\/#primaryimage"},"image":{"@id":"https:\/\/tene.ee\/it\/toode\/valmis-ehitatud-aiamaja-betty\/#primaryimage"},"thumbnailUrl":"https:\/\/tene.ee\/wp-content\/uploads\/2024\/07\/Betty.jpg","datePublished":"2024-07-12T13:48:57+00:00","dateModified":"2024-11-28T10:11:21+00:00","description":"Tene.ee Casetta da giardino Betty gi\u00e0 pronta","breadcrumb":{"@id":"https:\/\/tene.ee\/it\/toode\/valmis-ehitatud-aiamaja-betty\/#breadcrumb"},"inLanguage":"it-IT","potentialAction":[{"@type":"ReadAction","target":["https:\/\/tene.ee\/it\/toode\/valmis-ehitatud-aiamaja-betty\/"]}]},{"@type":"ImageObject","inLanguage":"it-IT","@id":"https:\/\/tene.ee\/it\/toode\/valmis-ehitatud-aiamaja-betty\/#primaryimage","url":"https:\/\/tene.ee\/wp-content\/uploads\/2024\/07\/Betty.jpg","contentUrl":"https:\/\/tene.ee\/wp-content\/uploads\/2024\/07\/Betty.jpg","width":2500,"height":1667},{"@type":"BreadcrumbList","@id":"https:\/\/tene.ee\/it\/toode\/valmis-ehitatud-aiamaja-betty\/#breadcrumb","itemListElement":[{"@type":"ListItem","position":1,"name":"Avaleht","item":"http:\/\/tene.ee\/it\/"},{"@type":"ListItem","position":2,"name":"Negozio","item":"http:\/\/tene.ee\/it\/negozio\/"},{"@type":"ListItem","position":3,"name":"Casetta da giardino Betty gi\u00e0 pronta"}]},{"@type":"WebSite","@id":"https:\/\/tene.ee\/it\/#website","url":"https:\/\/tene.ee\/it\/","name":"Tene.ee - Kaunite hetkede jaoks sinu aias","description":"Tene.ee - parimad puit- ja aiamajad otse tootjalt","publisher":{"@id":"https:\/\/tene.ee\/it\/#organization"},"alternateName":"Tene.ee","potentialAction":[{"@type":"SearchAction","target":{"@type":"EntryPoint","urlTemplate":"https:\/\/tene.ee\/it\/?s={search_term_string}"},"query-input":{"@type":"PropertyValueSpecification","valueRequired":true,"valueName":"search_term_string"}}],"inLanguage":"it-IT"},{"@type":"Organization","@id":"https:\/\/tene.ee\/it\/#organization","name":"Tene.ee","url":"https:\/\/tene.ee\/it\/","logo":{"@type":"ImageObject","inLanguage":"it-IT","@id":"https:\/\/tene.ee\/it\/#\/schema\/logo\/image\/","url":"https:\/\/tene.ee\/wp-content\/uploads\/2024\/12\/TENE-logo-2018-2.png","contentUrl":"https:\/\/tene.ee\/wp-content\/uploads\/2024\/12\/TENE-logo-2018-2.png","width":2339,"height":1654,"caption":"Tene.ee"},"image":{"@id":"https:\/\/tene.ee\/it\/#\/schema\/logo\/image\/"},"sameAs":["https:\/\/www.facebook.com\/teneaiamajad"]}]}},"_links":{"self":[{"href":"https:\/\/tene.ee\/it\/wp-json\/wp\/v2\/product\/18691","targetHints":{"allow":["GET"]}}],"collection":[{"href":"https:\/\/tene.ee\/it\/wp-json\/wp\/v2\/product"}],"about":[{"href":"https:\/\/tene.ee\/it\/wp-json\/wp\/v2\/types\/product"}],"wp:featuredmedia":[{"embeddable":true,"href":"https:\/\/tene.ee\/it\/wp-json\/wp\/v2\/media\/71921"}],"wp:attachment":[{"href":"https:\/\/tene.ee\/it\/wp-json\/wp\/v2\/media?parent=18691"}],"wp:term":[{"taxonomy":"product_brand","embeddable":true,"href":"https:\/\/tene.ee\/it\/wp-json\/wp\/v2\/product_brand?post=18691"},{"taxonomy":"product_cat","embeddable":true,"href":"https:\/\/tene.ee\/it\/wp-json\/wp\/v2\/product_cat?post=18691"},{"taxonomy":"product_tag","embeddable":true,"href":"https:\/\/tene.ee\/it\/wp-json\/wp\/v2\/product_tag?post=18691"}],"curies":[{"name":"wp","href":"https:\/\/api.w.org\/{rel}","templated":true}]}}