{"id":18651,"date":"2024-07-12T17:09:14","date_gmt":"2024-07-12T14:09:14","guid":{"rendered":"https:\/\/tene.ee\/toode\/valmis-puukuur-90-b\/"},"modified":"2024-11-28T12:11:41","modified_gmt":"2024-11-28T10:11:41","slug":"valmis-puukuur-90-b","status":"publish","type":"product","link":"https:\/\/tene.ee\/it\/toode\/valmis-puukuur-90-b\/","title":{"rendered":"Capannone in legno rifinito 90 B"},"content":{"rendered":"<p>La casetta in legno &#8220;90 B&#8221; realizzata da interni presso la fabbrica di Tene \u00e8 la soluzione perfetta per riporre i vostri attrezzi da giardino e alberi. Questa legnaia di alta qualit\u00e0 \u00e8 realizzata in legno resistente ed \u00e8 dotata di tutte le funzioni necessarie per garantire lo stoccaggio sicuro e corretto della vostra attrezzatura. Il set legnaia Tene 90 B comprende: Dimensioni esterne: 400 x 234 cm Larghezza legnaia ~150 cm e. larghezza stoccaggio ~240 cm Altezza parete posteriore: 200 cm Altezza parete anteriore: 250 cm Porte doppie 1425\u00d71955 mm Porta: 840\u00d71955 mm Finestra: 500\u00d7500 mm Superficie 9,2 m2 Il capannone ha un&#8217;apertura di ventilazione esterna con griglia Tetto: profilo trapezoidale in metallo nero opaco ( RR 32 BT Opaco)Il capannone \u00e8 rifinito con tinta TEKNOS bianca all&#8217;esterno<\/p>\n","protected":false},"excerpt":{"rendered":"<p>La legnaia trasportabile gi\u00e0 pronta 90 B \u00e8 un luogo ideale per riporre legna da ardere e attrezzi da giardino!<\/p>\n","protected":false},"featured_media":14444,"template":"","meta":{"_acf_changed":false},"product_brand":[],"product_cat":[452,459],"product_tag":[],"class_list":{"0":"post-18651","1":"product","2":"type-product","3":"status-publish","4":"has-post-thumbnail","6":"product_cat-casette-da-giardino","7":"product_cat-legnaie","8":"product_shipping_class-390e-it","10":"first","11":"onbackorder","12":"sale","13":"purchasable","14":"product-type-simple"},"acf":[],"yoast_head":"<!-- This site is optimized with the Yoast SEO plugin v27.3 - https:\/\/yoast.com\/product\/yoast-seo-wordpress\/ -->\n<title>Tene.ee - Capannone in legno rifinito 90 B<\/title>\n<meta name=\"description\" content=\"Tene.ee Capannone in legno rifinito 90 B\" \/>\n<meta name=\"robots\" content=\"index, follow, max-snippet:-1, max-image-preview:large, max-video-preview:-1\" \/>\n<link rel=\"canonical\" href=\"https:\/\/tene.ee\/it\/toode\/valmis-puukuur-90-b\/\" \/>\n<meta property=\"og:locale\" content=\"it_IT\" \/>\n<meta property=\"og:type\" content=\"article\" \/>\n<meta property=\"og:title\" content=\"Tene.ee - Capannone in legno rifinito 90 B\" \/>\n<meta property=\"og:description\" content=\"Tene.ee Capannone in legno rifinito 90 B\" \/>\n<meta property=\"og:url\" content=\"https:\/\/tene.ee\/it\/toode\/valmis-puukuur-90-b\/\" \/>\n<meta property=\"og:site_name\" content=\"Tene.ee\" \/>\n<meta property=\"article:publisher\" content=\"https:\/\/www.facebook.com\/teneaiamajad\" \/>\n<meta property=\"article:modified_time\" content=\"2024-11-28T10:11:41+00:00\" \/>\n<meta property=\"og:image\" content=\"http:\/\/tene.ee\/wp-content\/uploads\/2024\/07\/IMG_3122-scaled-1.jpg\" \/>\n\t<meta property=\"og:image:width\" content=\"2560\" \/>\n\t<meta property=\"og:image:height\" content=\"1920\" \/>\n\t<meta property=\"og:image:type\" content=\"image\/jpeg\" \/>\n<meta name=\"twitter:card\" content=\"summary_large_image\" \/>\n<meta name=\"twitter:label1\" content=\"Tempo di lettura stimato\" \/>\n\t<meta name=\"twitter:data1\" content=\"1 minuto\" \/>\n<script type=\"application\/ld+json\" class=\"yoast-schema-graph\">{\"@context\":\"https:\\\/\\\/schema.org\",\"@graph\":[{\"@type\":\"WebPage\",\"@id\":\"https:\\\/\\\/tene.ee\\\/it\\\/toode\\\/valmis-puukuur-90-b\\\/\",\"url\":\"https:\\\/\\\/tene.ee\\\/it\\\/toode\\\/valmis-puukuur-90-b\\\/\",\"name\":\"Tene.ee - Capannone in legno rifinito 90 B\",\"isPartOf\":{\"@id\":\"https:\\\/\\\/tene.ee\\\/it\\\/#website\"},\"primaryImageOfPage\":{\"@id\":\"https:\\\/\\\/tene.ee\\\/it\\\/toode\\\/valmis-puukuur-90-b\\\/#primaryimage\"},\"image\":{\"@id\":\"https:\\\/\\\/tene.ee\\\/it\\\/toode\\\/valmis-puukuur-90-b\\\/#primaryimage\"},\"thumbnailUrl\":\"https:\\\/\\\/tene.ee\\\/wp-content\\\/uploads\\\/2024\\\/07\\\/IMG_3122-scaled-1.jpg\",\"datePublished\":\"2024-07-12T14:09:14+00:00\",\"dateModified\":\"2024-11-28T10:11:41+00:00\",\"description\":\"Tene.ee Capannone in legno rifinito 90 B\",\"breadcrumb\":{\"@id\":\"https:\\\/\\\/tene.ee\\\/it\\\/toode\\\/valmis-puukuur-90-b\\\/#breadcrumb\"},\"inLanguage\":\"it-IT\",\"potentialAction\":[{\"@type\":\"ReadAction\",\"target\":[\"https:\\\/\\\/tene.ee\\\/it\\\/toode\\\/valmis-puukuur-90-b\\\/\"]}]},{\"@type\":\"ImageObject\",\"inLanguage\":\"it-IT\",\"@id\":\"https:\\\/\\\/tene.ee\\\/it\\\/toode\\\/valmis-puukuur-90-b\\\/#primaryimage\",\"url\":\"https:\\\/\\\/tene.ee\\\/wp-content\\\/uploads\\\/2024\\\/07\\\/IMG_3122-scaled-1.jpg\",\"contentUrl\":\"https:\\\/\\\/tene.ee\\\/wp-content\\\/uploads\\\/2024\\\/07\\\/IMG_3122-scaled-1.jpg\",\"width\":2560,\"height\":1920},{\"@type\":\"BreadcrumbList\",\"@id\":\"https:\\\/\\\/tene.ee\\\/it\\\/toode\\\/valmis-puukuur-90-b\\\/#breadcrumb\",\"itemListElement\":[{\"@type\":\"ListItem\",\"position\":1,\"name\":\"Avaleht\",\"item\":\"http:\\\/\\\/tene.ee\\\/it\\\/\"},{\"@type\":\"ListItem\",\"position\":2,\"name\":\"Negozio\",\"item\":\"http:\\\/\\\/tene.ee\\\/it\\\/negozio\\\/\"},{\"@type\":\"ListItem\",\"position\":3,\"name\":\"Capannone in legno rifinito 90 B\"}]},{\"@type\":\"WebSite\",\"@id\":\"https:\\\/\\\/tene.ee\\\/it\\\/#website\",\"url\":\"https:\\\/\\\/tene.ee\\\/it\\\/\",\"name\":\"Tene.ee - Kaunite hetkede jaoks sinu aias\",\"description\":\"Tene.ee - parimad puit- ja aiamajad otse tootjalt\",\"publisher\":{\"@id\":\"https:\\\/\\\/tene.ee\\\/it\\\/#organization\"},\"alternateName\":\"Tene.ee\",\"potentialAction\":[{\"@type\":\"SearchAction\",\"target\":{\"@type\":\"EntryPoint\",\"urlTemplate\":\"https:\\\/\\\/tene.ee\\\/it\\\/?s={search_term_string}\"},\"query-input\":{\"@type\":\"PropertyValueSpecification\",\"valueRequired\":true,\"valueName\":\"search_term_string\"}}],\"inLanguage\":\"it-IT\"},{\"@type\":\"Organization\",\"@id\":\"https:\\\/\\\/tene.ee\\\/it\\\/#organization\",\"name\":\"Tene.ee\",\"url\":\"https:\\\/\\\/tene.ee\\\/it\\\/\",\"logo\":{\"@type\":\"ImageObject\",\"inLanguage\":\"it-IT\",\"@id\":\"https:\\\/\\\/tene.ee\\\/it\\\/#\\\/schema\\\/logo\\\/image\\\/\",\"url\":\"https:\\\/\\\/tene.ee\\\/wp-content\\\/uploads\\\/2024\\\/12\\\/TENE-logo-2018-2.png\",\"contentUrl\":\"https:\\\/\\\/tene.ee\\\/wp-content\\\/uploads\\\/2024\\\/12\\\/TENE-logo-2018-2.png\",\"width\":2339,\"height\":1654,\"caption\":\"Tene.ee\"},\"image\":{\"@id\":\"https:\\\/\\\/tene.ee\\\/it\\\/#\\\/schema\\\/logo\\\/image\\\/\"},\"sameAs\":[\"https:\\\/\\\/www.facebook.com\\\/teneaiamajad\"]}]}<\/script>\n<!-- \/ Yoast SEO plugin. -->","yoast_head_json":{"title":"Tene.ee - Capannone in legno rifinito 90 B","description":"Tene.ee Capannone in legno rifinito 90 B","robots":{"index":"index","follow":"follow","max-snippet":"max-snippet:-1","max-image-preview":"max-image-preview:large","max-video-preview":"max-video-preview:-1"},"canonical":"https:\/\/tene.ee\/it\/toode\/valmis-puukuur-90-b\/","og_locale":"it_IT","og_type":"article","og_title":"Tene.ee - Capannone in legno rifinito 90 B","og_description":"Tene.ee Capannone in legno rifinito 90 B","og_url":"https:\/\/tene.ee\/it\/toode\/valmis-puukuur-90-b\/","og_site_name":"Tene.ee","article_publisher":"https:\/\/www.facebook.com\/teneaiamajad","article_modified_time":"2024-11-28T10:11:41+00:00","og_image":[{"width":2560,"height":1920,"url":"http:\/\/tene.ee\/wp-content\/uploads\/2024\/07\/IMG_3122-scaled-1.jpg","type":"image\/jpeg"}],"twitter_card":"summary_large_image","twitter_misc":{"Tempo di lettura stimato":"1 minuto"},"schema":{"@context":"https:\/\/schema.org","@graph":[{"@type":"WebPage","@id":"https:\/\/tene.ee\/it\/toode\/valmis-puukuur-90-b\/","url":"https:\/\/tene.ee\/it\/toode\/valmis-puukuur-90-b\/","name":"Tene.ee - Capannone in legno rifinito 90 B","isPartOf":{"@id":"https:\/\/tene.ee\/it\/#website"},"primaryImageOfPage":{"@id":"https:\/\/tene.ee\/it\/toode\/valmis-puukuur-90-b\/#primaryimage"},"image":{"@id":"https:\/\/tene.ee\/it\/toode\/valmis-puukuur-90-b\/#primaryimage"},"thumbnailUrl":"https:\/\/tene.ee\/wp-content\/uploads\/2024\/07\/IMG_3122-scaled-1.jpg","datePublished":"2024-07-12T14:09:14+00:00","dateModified":"2024-11-28T10:11:41+00:00","description":"Tene.ee Capannone in legno rifinito 90 B","breadcrumb":{"@id":"https:\/\/tene.ee\/it\/toode\/valmis-puukuur-90-b\/#breadcrumb"},"inLanguage":"it-IT","potentialAction":[{"@type":"ReadAction","target":["https:\/\/tene.ee\/it\/toode\/valmis-puukuur-90-b\/"]}]},{"@type":"ImageObject","inLanguage":"it-IT","@id":"https:\/\/tene.ee\/it\/toode\/valmis-puukuur-90-b\/#primaryimage","url":"https:\/\/tene.ee\/wp-content\/uploads\/2024\/07\/IMG_3122-scaled-1.jpg","contentUrl":"https:\/\/tene.ee\/wp-content\/uploads\/2024\/07\/IMG_3122-scaled-1.jpg","width":2560,"height":1920},{"@type":"BreadcrumbList","@id":"https:\/\/tene.ee\/it\/toode\/valmis-puukuur-90-b\/#breadcrumb","itemListElement":[{"@type":"ListItem","position":1,"name":"Avaleht","item":"http:\/\/tene.ee\/it\/"},{"@type":"ListItem","position":2,"name":"Negozio","item":"http:\/\/tene.ee\/it\/negozio\/"},{"@type":"ListItem","position":3,"name":"Capannone in legno rifinito 90 B"}]},{"@type":"WebSite","@id":"https:\/\/tene.ee\/it\/#website","url":"https:\/\/tene.ee\/it\/","name":"Tene.ee - Kaunite hetkede jaoks sinu aias","description":"Tene.ee - parimad puit- ja aiamajad otse tootjalt","publisher":{"@id":"https:\/\/tene.ee\/it\/#organization"},"alternateName":"Tene.ee","potentialAction":[{"@type":"SearchAction","target":{"@type":"EntryPoint","urlTemplate":"https:\/\/tene.ee\/it\/?s={search_term_string}"},"query-input":{"@type":"PropertyValueSpecification","valueRequired":true,"valueName":"search_term_string"}}],"inLanguage":"it-IT"},{"@type":"Organization","@id":"https:\/\/tene.ee\/it\/#organization","name":"Tene.ee","url":"https:\/\/tene.ee\/it\/","logo":{"@type":"ImageObject","inLanguage":"it-IT","@id":"https:\/\/tene.ee\/it\/#\/schema\/logo\/image\/","url":"https:\/\/tene.ee\/wp-content\/uploads\/2024\/12\/TENE-logo-2018-2.png","contentUrl":"https:\/\/tene.ee\/wp-content\/uploads\/2024\/12\/TENE-logo-2018-2.png","width":2339,"height":1654,"caption":"Tene.ee"},"image":{"@id":"https:\/\/tene.ee\/it\/#\/schema\/logo\/image\/"},"sameAs":["https:\/\/www.facebook.com\/teneaiamajad"]}]}},"_links":{"self":[{"href":"https:\/\/tene.ee\/it\/wp-json\/wp\/v2\/product\/18651","targetHints":{"allow":["GET"]}}],"collection":[{"href":"https:\/\/tene.ee\/it\/wp-json\/wp\/v2\/product"}],"about":[{"href":"https:\/\/tene.ee\/it\/wp-json\/wp\/v2\/types\/product"}],"wp:featuredmedia":[{"embeddable":true,"href":"https:\/\/tene.ee\/it\/wp-json\/wp\/v2\/media\/14444"}],"wp:attachment":[{"href":"https:\/\/tene.ee\/it\/wp-json\/wp\/v2\/media?parent=18651"}],"wp:term":[{"taxonomy":"product_brand","embeddable":true,"href":"https:\/\/tene.ee\/it\/wp-json\/wp\/v2\/product_brand?post=18651"},{"taxonomy":"product_cat","embeddable":true,"href":"https:\/\/tene.ee\/it\/wp-json\/wp\/v2\/product_cat?post=18651"},{"taxonomy":"product_tag","embeddable":true,"href":"https:\/\/tene.ee\/it\/wp-json\/wp\/v2\/product_tag?post=18651"}],"curies":[{"name":"wp","href":"https:\/\/api.w.org\/{rel}","templated":true}]}}