{"id":51805,"date":"2024-07-16T13:28:44","date_gmt":"2024-07-16T10:28:44","guid":{"rendered":"https:\/\/tene.ee\/condizioni-di-vendita\/"},"modified":"2025-07-29T02:50:12","modified_gmt":"2025-07-28T23:50:12","slug":"condizioni-di-vendita","status":"publish","type":"page","link":"https:\/\/tene.ee\/it\/condizioni-di-vendita\/","title":{"rendered":"Condizioni di vendita"},"content":{"rendered":"<div class=\"wpb-content-wrapper\"><p>[vc_row][vc_column][vc_column_text css=&#8221;&#8221; woodmart_inline=&#8221;no&#8221; text_larger=&#8221;no&#8221;]<\/p>\n<article id=\"post-10351\" class=\"post-10351 page type-page status-publish hentry\">\n<div class=\"entry-content\">\n<header class=\"entry-header\">\n<h3 data-section-id=\"vgqbq1\" data-start=\"76\" data-end=\"109\"><strong data-start=\"80\" data-end=\"109\">1. Ambito di applicazione<\/strong><\/h3>\n<p data-start=\"111\" data-end=\"1198\">1.1. I presenti Termini e Condizioni Generali si applicano agli acquisti effettuati tramite il sito <a class=\"\" href=\"http:\/\/www.aiamajad.com\" target=\"_new\" rel=\"noopener\" data-start=\"211\" data-end=\"227\">www.aiamajad.com<\/a> tra l&#8217;acquirente e Tene Kaubandus O\u00dc.<br data-start=\"265\" data-end=\"268\" \/>1.2. Oltre ai presenti termini, si applicano le leggi della Repubblica d&#8217;Estonia, in particolare la Legge delle Obbligazioni (V\u00d5S), la Legge sulla Protezione del Consumatore (TKS) e altre normative pertinenti.<br data-start=\"477\" data-end=\"480\" \/>1.3. Tene Kaubandus O\u00dc si riserva il diritto di modificare i Termini e Condizioni in qualsiasi momento, pubblicando le modifiche su <a class=\"\" href=\"http:\/\/www.aiamajad.com\" target=\"_new\" rel=\"noopener\" data-start=\"612\" data-end=\"628\">www.aiamajad.com<\/a>.<br data-start=\"629\" data-end=\"632\" \/>1.4. Le immagini dei prodotti nel negozio online sono illustrative e potrebbero differire dai prodotti reali.<br data-start=\"741\" data-end=\"744\" \/>1.5. Le descrizioni dei prodotti possono contenere errori involontari.<br data-start=\"814\" data-end=\"817\" \/>1.6. Tene Kaubandus O\u00dc ha il diritto di annullare un ordine senza penali e non consegnare il prodotto o il servizio se:<br data-start=\"936\" data-end=\"939\" \/>\u2013 il prodotto non \u00e8 disponibile in magazzino,<br data-start=\"984\" data-end=\"987\" \/>\u2013 il prezzo o le informazioni del prodotto sono state inserite in modo errato a causa di un errore di sistema.<br data-start=\"1097\" data-end=\"1100\" \/>In caso di annullamento, l&#8217;acquirente sar\u00e0 contattato e gli importi gi\u00e0 pagati saranno rimborsati.<\/p>\n<hr data-start=\"1200\" data-end=\"1203\" \/>\n<h3 data-section-id=\"1qw30qc\" data-start=\"1205\" data-end=\"1222\"><strong data-start=\"1209\" data-end=\"1222\">2. Prezzi<\/strong><\/h3>\n<p data-start=\"1224\" data-end=\"1469\">2.1. Tutti i prezzi nel negozio online sono comprensivi dell&#8217;IVA estone al 24%.<br data-start=\"1303\" data-end=\"1306\" \/>2.2. I costi di spedizione non sono inclusi nei prezzi.<br data-start=\"1361\" data-end=\"1364\" \/>2.3. I prezzi sono validi dal momento dell\u2019ordine fino alla scadenza del termine di pagamento (1 giorno).<\/p>\n<hr data-start=\"1471\" data-end=\"1474\" \/>\n<h3 data-section-id=\"9m10oo\" data-start=\"1476\" data-end=\"1507\"><strong data-start=\"1480\" data-end=\"1507\">3. Effettuare un ordine<\/strong><\/h3>\n<p data-start=\"1509\" data-end=\"2032\">3.1. Aggiungi i prodotti desiderati al carrello.<br data-start=\"1557\" data-end=\"1560\" \/>3.2. Controlla il carrello cliccando su \u201cOstukorv\u201d in alto a destra.<br data-start=\"1628\" data-end=\"1631\" \/>3.3. Inserisci i tuoi dati personali nei campi obbligatori.<br data-start=\"1690\" data-end=\"1693\" \/>3.4. Accetta i Termini e Condizioni spuntando l\u2019apposita casella e clicca su \u201cContinua\u201d.<br data-start=\"1781\" data-end=\"1784\" \/>3.5. Dopo la conferma, riceverai una mail e il servizio clienti ti contatter\u00e0.<br data-start=\"1862\" data-end=\"1865\" \/>3.6. Gli ordini vengono elaborati dal luned\u00ec al venerd\u00ec, dalle 9:00 alle 17:00. Gli ordini effettuati dopo le 14:00 del venerd\u00ec saranno elaborati il luned\u00ec successivo.<\/p>\n<hr data-start=\"2034\" data-end=\"2037\" \/>\n<h3 data-section-id=\"glgspp\" data-start=\"2039\" data-end=\"2075\"><strong data-start=\"2043\" data-end=\"2075\">4. Conclusione del contratto<\/strong><\/h3>\n<p data-start=\"2077\" data-end=\"2474\">4.1. Con il contratto di acquisto, Tene Kaubandus O\u00dc si impegna a consegnare il prodotto all&#8217;acquirente e a trasferirne la propriet\u00e0; l\u2019acquirente si impegna a pagare il prezzo indicato e a ritirare il prodotto.<br data-start=\"2288\" data-end=\"2291\" \/>4.2. Gli ordini non pagati saranno cancellati automaticamente dopo 7 giorni.<br data-start=\"2367\" data-end=\"2370\" \/>4.3. Il contratto entra in vigore con l\u2019accredito del pagamento sul conto bancario di Tene Kaubandus O\u00dc.<\/p>\n<hr data-start=\"2476\" data-end=\"2479\" \/>\n<h3 data-section-id=\"kyo2bl\" data-start=\"2481\" data-end=\"2500\"><strong data-start=\"2485\" data-end=\"2500\">5. Consegna<\/strong><\/h3>\n<p data-start=\"2502\" data-end=\"2610\">5.1. Tutti i prodotti sono disponibili in magazzino all&#8217;indirizzo: Lihula mnt. 22b, 90510 Haapsalu, Estonia.<\/p>\n<hr data-start=\"2612\" data-end=\"2615\" \/>\n<h3 data-section-id=\"3v2sno\" data-start=\"2617\" data-end=\"2646\"><strong data-start=\"2621\" data-end=\"2646\">6. Diritto di recesso<\/strong><\/h3>\n<p data-start=\"2648\" data-end=\"3641\">6.1. Il consumatore ha il diritto di recedere dal contratto entro 14 giorni dalla ricezione del prodotto, senza fornire alcuna motivazione. Questo diritto \u00e8 riservato ai clienti privati.<br data-start=\"2834\" data-end=\"2837\" \/>6.2. Il consumatore ha il diritto di testare il prodotto come farebbe in un negozio.<br data-start=\"2921\" data-end=\"2924\" \/>6.3. Il prodotto restituito deve essere completo (compresa la confezione originale e tutti gli accessori). I set devono essere restituiti per intero.<br data-start=\"3073\" data-end=\"3076\" \/>6.4. Il consumatore \u00e8 responsabile per la diminuzione del valore del prodotto dovuta ad un uso improprio.<br data-start=\"3181\" data-end=\"3184\" \/>6.5. Per esercitare il diritto di recesso, il consumatore deve inviare una mail a <a class=\"cursor-pointer\" rel=\"noopener\" data-start=\"3266\" data-end=\"3278\">info@tene.ee<\/a> entro 14 giorni dalla ricezione.<br data-start=\"3311\" data-end=\"3314\" \/>6.6. Il prodotto deve essere restituito entro 14 giorni dall&#8217;invio del recesso oppure deve essere fornita prova dell\u2019avvenuta spedizione.<br data-start=\"3451\" data-end=\"3454\" \/>6.7. Tene Kaubandus O\u00dc rimborser\u00e0 tutti i pagamenti ricevuti entro 14 giorni dal ricevimento della comunicazione di recesso.<br data-start=\"3578\" data-end=\"3581\" \/>6.8. Le spese di restituzione sono a carico del consumatore.<\/p>\n<hr data-start=\"3643\" data-end=\"3646\" \/>\n<h3 data-section-id=\"1xfulmq\" data-start=\"3648\" data-end=\"3673\"><strong data-start=\"3652\" data-end=\"3673\">7. Forza maggiore<\/strong><\/h3>\n<p data-start=\"3675\" data-end=\"3783\">7.1. Tene Kaubandus O\u00dc non \u00e8 responsabile per ritardi o mancate esecuzioni dovute a cause di forza maggiore.<\/p>\n<hr data-start=\"3785\" data-end=\"3788\" \/>\n<h3 data-section-id=\"1dt8vx6\" data-start=\"3790\" data-end=\"3830\"><strong data-start=\"3794\" data-end=\"3830\">8. Protezione dei dati personali<\/strong><\/h3>\n<p data-start=\"3832\" data-end=\"4402\">8.1. L&#8217;acquirente accetta che i suoi dati personali (nome, telefono, indirizzo, email) siano trattati e conservati, e se necessario, condivisi con i partner per la consegna dell&#8217;ordine.<br data-start=\"4017\" data-end=\"4020\" \/>8.2. Tene Kaubandus O\u00dc pu\u00f2 utilizzare i dati per finalit\u00e0 di marketing e per l&#8217;invio di offerte.<br data-start=\"4116\" data-end=\"4119\" \/>8.3. L&#8217;acquirente pu\u00f2 in qualsiasi momento opporsi all&#8217;uso dei propri dati per finalit\u00e0 promozionali, a meno che non siano necessari per l\u2019esecuzione del contratto.<br data-start=\"4283\" data-end=\"4286\" \/>8.4. I pagamenti vengono elaborati in modo sicuro. Il negozio online non ha accesso ai dati bancari dell\u2019acquirente.<\/p>\n<hr data-start=\"4404\" data-end=\"4407\" \/>\n<h3 data-section-id=\"c68yio\" data-start=\"4409\" data-end=\"4438\"><strong data-start=\"4413\" data-end=\"4438\">9. Reclami e garanzia<\/strong><\/h3>\n<p data-start=\"4440\" data-end=\"5356\">9.1. Tene Kaubandus O\u00dc \u00e8 responsabile per difetti riscontrati entro 2 anni dalla consegna.<br data-start=\"4530\" data-end=\"4533\" \/>9.2. I difetti devono essere segnalati entro 2 mesi dalla scoperta e deve essere presentata la prova d&#8217;acquisto. Inviare una mail a <a class=\"cursor-pointer\" rel=\"noopener\" data-start=\"4665\" data-end=\"4677\">info@tene.ee<\/a>.<br data-start=\"4678\" data-end=\"4681\" \/>9.3. In caso di difetto, il consumatore deve interrompere immediatamente l\u2019uso del prodotto.<br data-start=\"4773\" data-end=\"4776\" \/>9.4. Durante il periodo di garanzia di 2 anni:<br data-start=\"4822\" data-end=\"4825\" \/>\u2013 nei primi 6 mesi si presume che il difetto fosse gi\u00e0 presente,<br data-start=\"4889\" data-end=\"4892\" \/>\u2013 dopo i 6 mesi, il consumatore deve dimostrare che il difetto era originario,<br data-start=\"4970\" data-end=\"4973\" \/>\u2013 il consumatore pu\u00f2 richiedere la riparazione, la sostituzione, uno sconto o il rimborso.<br data-start=\"5063\" data-end=\"5066\" \/>9.5. I reclami devono essere inviati a <a class=\"cursor-pointer\" rel=\"noopener\" data-start=\"5105\" data-end=\"5117\">info@tene.ee<\/a> con descrizione del problema e copia della ricevuta. Tene Kaubandus O\u00dc valuter\u00e0 la richiesta e decider\u00e0 sulla soluzione pi\u00f9 appropriata.<br data-start=\"5254\" data-end=\"5257\" \/>9.6. Non si risponde per danni derivanti da uso scorretto, usura normale o manutenzione inadeguata.<\/p>\n<hr data-start=\"5358\" data-end=\"5361\" \/>\n<h3 data-section-id=\"1m5mf2k\" data-start=\"5363\" data-end=\"5394\"><strong data-start=\"5367\" data-end=\"5394\">10. Disposizioni finali<\/strong><\/h3>\n<p data-start=\"5396\" data-end=\"5685\">10.1. I contratti stipulati tra Tene Kaubandus O\u00dc e l\u2019acquirente sono soggetti alla legge estone.<br data-start=\"5493\" data-end=\"5496\" \/>10.2. Eventuali controversie saranno risolte presso i tribunali estoni.<br data-start=\"5567\" data-end=\"5570\" \/>10.3. Il contratto \u00e8 valido secondo i presenti termini e pu\u00f2 essere modificato solo di comune accordo tra le parti.<\/p>\n<\/header>\n<\/div>\n<\/article>\n<p>[\/vc_column_text][\/vc_column][\/vc_row]<\/p>\n<\/div>","protected":false},"excerpt":{"rendered":"<p>[vc_row][vc_column][vc_column_text css=&#8221;&#8221; woodmart_inline=&#8221;no&#8221; text_larger=&#8221;no&#8221;] 1. Ambito di applicazione 1.1. I presenti Termini e Condizioni Generali si applicano agli acquisti effettuati<\/p>\n","protected":false},"author":1,"featured_media":0,"parent":0,"menu_order":0,"comment_status":"closed","ping_status":"closed","template":"","meta":{"_acf_changed":false,"footnotes":""},"class_list":["post-51805","page","type-page","status-publish","hentry"],"acf":[],"yoast_head":"<!-- This site is optimized with the Yoast SEO plugin v27.3 - https:\/\/yoast.com\/product\/yoast-seo-wordpress\/ -->\n<title>Tene.ee - Condizioni di vendita<\/title>\n<meta name=\"description\" content=\"Tene.ee Condizioni di vendita\" \/>\n<meta name=\"robots\" content=\"index, follow, max-snippet:-1, max-image-preview:large, max-video-preview:-1\" \/>\n<link rel=\"canonical\" href=\"https:\/\/tene.ee\/it\/condizioni-di-vendita\/\" \/>\n<meta property=\"og:locale\" content=\"it_IT\" \/>\n<meta property=\"og:type\" content=\"article\" \/>\n<meta property=\"og:title\" content=\"Tene.ee - Condizioni di vendita\" \/>\n<meta property=\"og:description\" content=\"Tene.ee Condizioni di vendita\" \/>\n<meta property=\"og:url\" content=\"https:\/\/tene.ee\/it\/condizioni-di-vendita\/\" \/>\n<meta property=\"og:site_name\" content=\"Tene.ee\" \/>\n<meta property=\"article:publisher\" content=\"https:\/\/www.facebook.com\/teneaiamajad\" \/>\n<meta property=\"article:modified_time\" content=\"2025-07-28T23:50:12+00:00\" \/>\n<meta property=\"og:image\" content=\"https:\/\/tene.ee\/wp-content\/uploads\/2024\/12\/TENE-logo-2018-2.png\" \/>\n\t<meta property=\"og:image:width\" content=\"2339\" \/>\n\t<meta property=\"og:image:height\" content=\"1654\" \/>\n\t<meta property=\"og:image:type\" content=\"image\/png\" \/>\n<meta name=\"twitter:card\" content=\"summary_large_image\" \/>\n<meta name=\"twitter:label1\" content=\"Tempo di lettura stimato\" \/>\n\t<meta name=\"twitter:data1\" content=\"4 minuti\" \/>\n<script type=\"application\/ld+json\" class=\"yoast-schema-graph\">{\"@context\":\"https:\\\/\\\/schema.org\",\"@graph\":[{\"@type\":\"WebPage\",\"@id\":\"https:\\\/\\\/tene.ee\\\/it\\\/condizioni-di-vendita\\\/\",\"url\":\"https:\\\/\\\/tene.ee\\\/it\\\/condizioni-di-vendita\\\/\",\"name\":\"Tene.ee - Condizioni di vendita\",\"isPartOf\":{\"@id\":\"https:\\\/\\\/tene.ee\\\/it\\\/#website\"},\"datePublished\":\"2024-07-16T10:28:44+00:00\",\"dateModified\":\"2025-07-28T23:50:12+00:00\",\"description\":\"Tene.ee Condizioni di vendita\",\"breadcrumb\":{\"@id\":\"https:\\\/\\\/tene.ee\\\/it\\\/condizioni-di-vendita\\\/#breadcrumb\"},\"inLanguage\":\"it-IT\",\"potentialAction\":[{\"@type\":\"ReadAction\",\"target\":[\"https:\\\/\\\/tene.ee\\\/it\\\/condizioni-di-vendita\\\/\"]}]},{\"@type\":\"BreadcrumbList\",\"@id\":\"https:\\\/\\\/tene.ee\\\/it\\\/condizioni-di-vendita\\\/#breadcrumb\",\"itemListElement\":[{\"@type\":\"ListItem\",\"position\":1,\"name\":\"Avaleht\",\"item\":\"http:\\\/\\\/tene.ee\\\/it\\\/\"},{\"@type\":\"ListItem\",\"position\":2,\"name\":\"Condizioni di vendita\"}]},{\"@type\":\"WebSite\",\"@id\":\"https:\\\/\\\/tene.ee\\\/it\\\/#website\",\"url\":\"https:\\\/\\\/tene.ee\\\/it\\\/\",\"name\":\"Tene.ee - Kaunite hetkede jaoks sinu aias\",\"description\":\"Tene.ee - parimad puit- ja aiamajad otse tootjalt\",\"publisher\":{\"@id\":\"https:\\\/\\\/tene.ee\\\/it\\\/#organization\"},\"alternateName\":\"Tene.ee\",\"potentialAction\":[{\"@type\":\"SearchAction\",\"target\":{\"@type\":\"EntryPoint\",\"urlTemplate\":\"https:\\\/\\\/tene.ee\\\/it\\\/?s={search_term_string}\"},\"query-input\":{\"@type\":\"PropertyValueSpecification\",\"valueRequired\":true,\"valueName\":\"search_term_string\"}}],\"inLanguage\":\"it-IT\"},{\"@type\":\"Organization\",\"@id\":\"https:\\\/\\\/tene.ee\\\/it\\\/#organization\",\"name\":\"Tene.ee\",\"url\":\"https:\\\/\\\/tene.ee\\\/it\\\/\",\"logo\":{\"@type\":\"ImageObject\",\"inLanguage\":\"it-IT\",\"@id\":\"https:\\\/\\\/tene.ee\\\/it\\\/#\\\/schema\\\/logo\\\/image\\\/\",\"url\":\"https:\\\/\\\/tene.ee\\\/wp-content\\\/uploads\\\/2024\\\/12\\\/TENE-logo-2018-2.png\",\"contentUrl\":\"https:\\\/\\\/tene.ee\\\/wp-content\\\/uploads\\\/2024\\\/12\\\/TENE-logo-2018-2.png\",\"width\":2339,\"height\":1654,\"caption\":\"Tene.ee\"},\"image\":{\"@id\":\"https:\\\/\\\/tene.ee\\\/it\\\/#\\\/schema\\\/logo\\\/image\\\/\"},\"sameAs\":[\"https:\\\/\\\/www.facebook.com\\\/teneaiamajad\"]}]}<\/script>\n<!-- \/ Yoast SEO plugin. -->","yoast_head_json":{"title":"Tene.ee - Condizioni di vendita","description":"Tene.ee Condizioni di vendita","robots":{"index":"index","follow":"follow","max-snippet":"max-snippet:-1","max-image-preview":"max-image-preview:large","max-video-preview":"max-video-preview:-1"},"canonical":"https:\/\/tene.ee\/it\/condizioni-di-vendita\/","og_locale":"it_IT","og_type":"article","og_title":"Tene.ee - Condizioni di vendita","og_description":"Tene.ee Condizioni di vendita","og_url":"https:\/\/tene.ee\/it\/condizioni-di-vendita\/","og_site_name":"Tene.ee","article_publisher":"https:\/\/www.facebook.com\/teneaiamajad","article_modified_time":"2025-07-28T23:50:12+00:00","og_image":[{"width":2339,"height":1654,"url":"https:\/\/tene.ee\/wp-content\/uploads\/2024\/12\/TENE-logo-2018-2.png","type":"image\/png"}],"twitter_card":"summary_large_image","twitter_misc":{"Tempo di lettura stimato":"4 minuti"},"schema":{"@context":"https:\/\/schema.org","@graph":[{"@type":"WebPage","@id":"https:\/\/tene.ee\/it\/condizioni-di-vendita\/","url":"https:\/\/tene.ee\/it\/condizioni-di-vendita\/","name":"Tene.ee - Condizioni di vendita","isPartOf":{"@id":"https:\/\/tene.ee\/it\/#website"},"datePublished":"2024-07-16T10:28:44+00:00","dateModified":"2025-07-28T23:50:12+00:00","description":"Tene.ee Condizioni di vendita","breadcrumb":{"@id":"https:\/\/tene.ee\/it\/condizioni-di-vendita\/#breadcrumb"},"inLanguage":"it-IT","potentialAction":[{"@type":"ReadAction","target":["https:\/\/tene.ee\/it\/condizioni-di-vendita\/"]}]},{"@type":"BreadcrumbList","@id":"https:\/\/tene.ee\/it\/condizioni-di-vendita\/#breadcrumb","itemListElement":[{"@type":"ListItem","position":1,"name":"Avaleht","item":"http:\/\/tene.ee\/it\/"},{"@type":"ListItem","position":2,"name":"Condizioni di vendita"}]},{"@type":"WebSite","@id":"https:\/\/tene.ee\/it\/#website","url":"https:\/\/tene.ee\/it\/","name":"Tene.ee - Kaunite hetkede jaoks sinu aias","description":"Tene.ee - parimad puit- ja aiamajad otse tootjalt","publisher":{"@id":"https:\/\/tene.ee\/it\/#organization"},"alternateName":"Tene.ee","potentialAction":[{"@type":"SearchAction","target":{"@type":"EntryPoint","urlTemplate":"https:\/\/tene.ee\/it\/?s={search_term_string}"},"query-input":{"@type":"PropertyValueSpecification","valueRequired":true,"valueName":"search_term_string"}}],"inLanguage":"it-IT"},{"@type":"Organization","@id":"https:\/\/tene.ee\/it\/#organization","name":"Tene.ee","url":"https:\/\/tene.ee\/it\/","logo":{"@type":"ImageObject","inLanguage":"it-IT","@id":"https:\/\/tene.ee\/it\/#\/schema\/logo\/image\/","url":"https:\/\/tene.ee\/wp-content\/uploads\/2024\/12\/TENE-logo-2018-2.png","contentUrl":"https:\/\/tene.ee\/wp-content\/uploads\/2024\/12\/TENE-logo-2018-2.png","width":2339,"height":1654,"caption":"Tene.ee"},"image":{"@id":"https:\/\/tene.ee\/it\/#\/schema\/logo\/image\/"},"sameAs":["https:\/\/www.facebook.com\/teneaiamajad"]}]}},"_links":{"self":[{"href":"https:\/\/tene.ee\/it\/wp-json\/wp\/v2\/pages\/51805","targetHints":{"allow":["GET"]}}],"collection":[{"href":"https:\/\/tene.ee\/it\/wp-json\/wp\/v2\/pages"}],"about":[{"href":"https:\/\/tene.ee\/it\/wp-json\/wp\/v2\/types\/page"}],"author":[{"embeddable":true,"href":"https:\/\/tene.ee\/it\/wp-json\/wp\/v2\/users\/1"}],"replies":[{"embeddable":true,"href":"https:\/\/tene.ee\/it\/wp-json\/wp\/v2\/comments?post=51805"}],"version-history":[{"count":0,"href":"https:\/\/tene.ee\/it\/wp-json\/wp\/v2\/pages\/51805\/revisions"}],"wp:attachment":[{"href":"https:\/\/tene.ee\/it\/wp-json\/wp\/v2\/media?parent=51805"}],"curies":[{"name":"wp","href":"https:\/\/api.w.org\/{rel}","templated":true}]}}