{"id":18176,"date":"2024-05-22T10:51:53","date_gmt":"2024-05-22T07:51:53","guid":{"rendered":"https:\/\/tene.ee\/politica-sulla-riservatezza\/"},"modified":"2025-07-29T02:35:19","modified_gmt":"2025-07-28T23:35:19","slug":"politica-sulla-riservatezza","status":"publish","type":"page","link":"https:\/\/tene.ee\/it\/politica-sulla-riservatezza\/","title":{"rendered":"Politica sulla riservatezza"},"content":{"rendered":"\n<p>Il sito web di Tene Kaubandus O\u00dc utilizza il servizio Google Analytics per analizzare l&#8217;attivit\u00e0 dei visitatori sul sito. Google Analytics utilizza i cookie per raccogliere dati sull&#8217;utilizzo del sito web, il che aiuta il fornitore del servizio a migliorare il sito web e a indirizzare offerte e annunci pubblicitari in modo pi\u00f9 accurato.<\/p>\n<p><strong>Descrizione dei tipi di cookie:<\/strong><\/p>\n<ul>\n<li><strong>Ajutised k\u00fcpsised<\/strong>: Need kustutatakse p\u00e4rast veebilehe k\u00fclastust ja aitavad veebilehe tegevusi salvestada, et kasutaja saaks j\u00e4tkata seal, kus ta eelmisel korral pooleli j\u00e4i.<\/li>\n<li><strong>P\u00fcsik\u00fcpsised<\/strong>: Need j\u00e4\u00e4vad kasutaja arvutisse p\u00e4rast veebilehitseja sulgemist ja neid kasutatakse k\u00fclastaja eelistuste salvestamiseks.<\/li>\n<li><strong>Esimese osapoole k\u00fcpsised<\/strong>: Need p\u00e4rinevad veebilehelt ja v\u00f5ivad olla ajutised v\u00f5i p\u00fcsivad, salvestades teavet, mida kasutatakse j\u00e4rgmistel k\u00fclastustel.<\/li>\n<li><strong>Kolmandate osapoolte k\u00fcpsised<\/strong>: Need on teenuseosutaja partnerite lehek\u00fclgedelt ja neid kasutatakse teenuse pakkumiseks v\u00f5i veebilehe kasutamise anal\u00fc\u00fcsimiseks.<\/li>\n<\/ul>\n<p><strong>Esempi di cookie:<\/strong><\/p>\n<ul>\n<li><strong>_gat<\/strong>: Piirab p\u00e4ringute arvu ja seega andmete kogumise mahtu. Eluiga: 1 minut.<\/li>\n<li><strong>_gid<\/strong>: Kogub andmeid k\u00fclastajate k\u00e4itumise kohta veebilehel ja koostab anal\u00fc\u00fctilise aruande. Eluiga: 1 p\u00e4ev.<\/li>\n<li><strong>_ga<\/strong>: Kasutatakse k\u00fclastajate, seansside ja kampaaniate j\u00e4lgimiseks. Eluiga: 2 aastat.<\/li>\n<li><strong>_fbp<\/strong>: Facebooki poolt hallatav k\u00fcpsis, mis tasakaalustab koormust. Eluiga: 7 p\u00e4eva.<\/li>\n<\/ul>\n<p>Gli utenti possono scegliere di non far trasferire i propri dati a Google Analytics utilizzando il seguente strumento: <a href=\"https:\/\/tools.google.com\/dlpage\/gaoptout?hl=en\">Google Analytics Opt-out Browser Add-on<\/a>.<\/p>\n","protected":false},"excerpt":{"rendered":"<p>Il sito web di Tene Kaubandus O\u00dc utilizza il servizio Google Analytics per analizzare l&#8217;attivit\u00e0 dei visitatori sul sito. Google<\/p>\n","protected":false},"author":1,"featured_media":0,"parent":0,"menu_order":0,"comment_status":"closed","ping_status":"open","template":"","meta":{"_acf_changed":false,"footnotes":""},"class_list":["post-18176","page","type-page","status-publish","hentry"],"acf":[],"yoast_head":"<!-- This site is optimized with the Yoast SEO plugin v27.5 - https:\/\/yoast.com\/product\/yoast-seo-wordpress\/ -->\n<title>Tene.ee - Politica sulla riservatezza<\/title>\n<meta name=\"description\" content=\"Tene.ee Politica sulla riservatezza\" \/>\n<meta name=\"robots\" content=\"index, follow, max-snippet:-1, max-image-preview:large, max-video-preview:-1\" \/>\n<link rel=\"canonical\" href=\"https:\/\/tene.ee\/it\/politica-sulla-riservatezza\/\" \/>\n<meta property=\"og:locale\" content=\"it_IT\" \/>\n<meta property=\"og:type\" content=\"article\" \/>\n<meta property=\"og:title\" content=\"Tene.ee - Politica sulla riservatezza\" \/>\n<meta property=\"og:description\" content=\"Tene.ee Politica sulla riservatezza\" \/>\n<meta property=\"og:url\" content=\"https:\/\/tene.ee\/it\/politica-sulla-riservatezza\/\" \/>\n<meta property=\"og:site_name\" content=\"Tene.ee\" \/>\n<meta property=\"article:publisher\" content=\"https:\/\/www.facebook.com\/teneaiamajad\" \/>\n<meta property=\"article:modified_time\" content=\"2025-07-28T23:35:19+00:00\" \/>\n<meta property=\"og:image\" content=\"https:\/\/tene.ee\/wp-content\/uploads\/2024\/12\/TENE-logo-2018-2.png\" \/>\n\t<meta property=\"og:image:width\" content=\"2339\" \/>\n\t<meta property=\"og:image:height\" content=\"1654\" \/>\n\t<meta property=\"og:image:type\" content=\"image\/png\" \/>\n<meta name=\"twitter:card\" content=\"summary_large_image\" \/>\n<meta name=\"twitter:label1\" content=\"Tempo di lettura stimato\" \/>\n\t<meta name=\"twitter:data1\" content=\"3 minuti\" \/>\n<script type=\"application\/ld+json\" class=\"yoast-schema-graph\">{\"@context\":\"https:\\\/\\\/schema.org\",\"@graph\":[{\"@type\":\"WebPage\",\"@id\":\"https:\\\/\\\/tene.ee\\\/it\\\/politica-sulla-riservatezza\\\/\",\"url\":\"https:\\\/\\\/tene.ee\\\/it\\\/politica-sulla-riservatezza\\\/\",\"name\":\"Tene.ee - Politica sulla riservatezza\",\"isPartOf\":{\"@id\":\"https:\\\/\\\/tene.ee\\\/it\\\/#website\"},\"datePublished\":\"2024-05-22T07:51:53+00:00\",\"dateModified\":\"2025-07-28T23:35:19+00:00\",\"description\":\"Tene.ee Politica sulla riservatezza\",\"breadcrumb\":{\"@id\":\"https:\\\/\\\/tene.ee\\\/it\\\/politica-sulla-riservatezza\\\/#breadcrumb\"},\"inLanguage\":\"it-IT\",\"potentialAction\":[{\"@type\":\"ReadAction\",\"target\":[\"https:\\\/\\\/tene.ee\\\/it\\\/politica-sulla-riservatezza\\\/\"]}]},{\"@type\":\"BreadcrumbList\",\"@id\":\"https:\\\/\\\/tene.ee\\\/it\\\/politica-sulla-riservatezza\\\/#breadcrumb\",\"itemListElement\":[{\"@type\":\"ListItem\",\"position\":1,\"name\":\"Avaleht\",\"item\":\"http:\\\/\\\/tene.ee\\\/it\\\/\"},{\"@type\":\"ListItem\",\"position\":2,\"name\":\"Politica sulla riservatezza\"}]},{\"@type\":\"WebSite\",\"@id\":\"https:\\\/\\\/tene.ee\\\/it\\\/#website\",\"url\":\"https:\\\/\\\/tene.ee\\\/it\\\/\",\"name\":\"Tene.ee - Kaunite hetkede jaoks sinu aias\",\"description\":\"Tene.ee - parimad puit- ja aiamajad otse tootjalt\",\"publisher\":{\"@id\":\"https:\\\/\\\/tene.ee\\\/it\\\/#organization\"},\"alternateName\":\"Tene.ee\",\"potentialAction\":[{\"@type\":\"SearchAction\",\"target\":{\"@type\":\"EntryPoint\",\"urlTemplate\":\"https:\\\/\\\/tene.ee\\\/it\\\/?s={search_term_string}\"},\"query-input\":{\"@type\":\"PropertyValueSpecification\",\"valueRequired\":true,\"valueName\":\"search_term_string\"}}],\"inLanguage\":\"it-IT\"},{\"@type\":\"Organization\",\"@id\":\"https:\\\/\\\/tene.ee\\\/it\\\/#organization\",\"name\":\"Tene.ee\",\"url\":\"https:\\\/\\\/tene.ee\\\/it\\\/\",\"logo\":{\"@type\":\"ImageObject\",\"inLanguage\":\"it-IT\",\"@id\":\"https:\\\/\\\/tene.ee\\\/it\\\/#\\\/schema\\\/logo\\\/image\\\/\",\"url\":\"https:\\\/\\\/tene.ee\\\/wp-content\\\/uploads\\\/2024\\\/12\\\/TENE-logo-2018-2.png\",\"contentUrl\":\"https:\\\/\\\/tene.ee\\\/wp-content\\\/uploads\\\/2024\\\/12\\\/TENE-logo-2018-2.png\",\"width\":2339,\"height\":1654,\"caption\":\"Tene.ee\"},\"image\":{\"@id\":\"https:\\\/\\\/tene.ee\\\/it\\\/#\\\/schema\\\/logo\\\/image\\\/\"},\"sameAs\":[\"https:\\\/\\\/www.facebook.com\\\/teneaiamajad\"]}]}<\/script>\n<!-- \/ Yoast SEO plugin. -->","yoast_head_json":{"title":"Tene.ee - Politica sulla riservatezza","description":"Tene.ee Politica sulla riservatezza","robots":{"index":"index","follow":"follow","max-snippet":"max-snippet:-1","max-image-preview":"max-image-preview:large","max-video-preview":"max-video-preview:-1"},"canonical":"https:\/\/tene.ee\/it\/politica-sulla-riservatezza\/","og_locale":"it_IT","og_type":"article","og_title":"Tene.ee - Politica sulla riservatezza","og_description":"Tene.ee Politica sulla riservatezza","og_url":"https:\/\/tene.ee\/it\/politica-sulla-riservatezza\/","og_site_name":"Tene.ee","article_publisher":"https:\/\/www.facebook.com\/teneaiamajad","article_modified_time":"2025-07-28T23:35:19+00:00","og_image":[{"width":2339,"height":1654,"url":"https:\/\/tene.ee\/wp-content\/uploads\/2024\/12\/TENE-logo-2018-2.png","type":"image\/png"}],"twitter_card":"summary_large_image","twitter_misc":{"Tempo di lettura stimato":"3 minuti"},"schema":{"@context":"https:\/\/schema.org","@graph":[{"@type":"WebPage","@id":"https:\/\/tene.ee\/it\/politica-sulla-riservatezza\/","url":"https:\/\/tene.ee\/it\/politica-sulla-riservatezza\/","name":"Tene.ee - Politica sulla riservatezza","isPartOf":{"@id":"https:\/\/tene.ee\/it\/#website"},"datePublished":"2024-05-22T07:51:53+00:00","dateModified":"2025-07-28T23:35:19+00:00","description":"Tene.ee Politica sulla riservatezza","breadcrumb":{"@id":"https:\/\/tene.ee\/it\/politica-sulla-riservatezza\/#breadcrumb"},"inLanguage":"it-IT","potentialAction":[{"@type":"ReadAction","target":["https:\/\/tene.ee\/it\/politica-sulla-riservatezza\/"]}]},{"@type":"BreadcrumbList","@id":"https:\/\/tene.ee\/it\/politica-sulla-riservatezza\/#breadcrumb","itemListElement":[{"@type":"ListItem","position":1,"name":"Avaleht","item":"http:\/\/tene.ee\/it\/"},{"@type":"ListItem","position":2,"name":"Politica sulla riservatezza"}]},{"@type":"WebSite","@id":"https:\/\/tene.ee\/it\/#website","url":"https:\/\/tene.ee\/it\/","name":"Tene.ee - Kaunite hetkede jaoks sinu aias","description":"Tene.ee - parimad puit- ja aiamajad otse tootjalt","publisher":{"@id":"https:\/\/tene.ee\/it\/#organization"},"alternateName":"Tene.ee","potentialAction":[{"@type":"SearchAction","target":{"@type":"EntryPoint","urlTemplate":"https:\/\/tene.ee\/it\/?s={search_term_string}"},"query-input":{"@type":"PropertyValueSpecification","valueRequired":true,"valueName":"search_term_string"}}],"inLanguage":"it-IT"},{"@type":"Organization","@id":"https:\/\/tene.ee\/it\/#organization","name":"Tene.ee","url":"https:\/\/tene.ee\/it\/","logo":{"@type":"ImageObject","inLanguage":"it-IT","@id":"https:\/\/tene.ee\/it\/#\/schema\/logo\/image\/","url":"https:\/\/tene.ee\/wp-content\/uploads\/2024\/12\/TENE-logo-2018-2.png","contentUrl":"https:\/\/tene.ee\/wp-content\/uploads\/2024\/12\/TENE-logo-2018-2.png","width":2339,"height":1654,"caption":"Tene.ee"},"image":{"@id":"https:\/\/tene.ee\/it\/#\/schema\/logo\/image\/"},"sameAs":["https:\/\/www.facebook.com\/teneaiamajad"]}]}},"_links":{"self":[{"href":"https:\/\/tene.ee\/it\/wp-json\/wp\/v2\/pages\/18176","targetHints":{"allow":["GET"]}}],"collection":[{"href":"https:\/\/tene.ee\/it\/wp-json\/wp\/v2\/pages"}],"about":[{"href":"https:\/\/tene.ee\/it\/wp-json\/wp\/v2\/types\/page"}],"author":[{"embeddable":true,"href":"https:\/\/tene.ee\/it\/wp-json\/wp\/v2\/users\/1"}],"replies":[{"embeddable":true,"href":"https:\/\/tene.ee\/it\/wp-json\/wp\/v2\/comments?post=18176"}],"version-history":[{"count":0,"href":"https:\/\/tene.ee\/it\/wp-json\/wp\/v2\/pages\/18176\/revisions"}],"wp:attachment":[{"href":"https:\/\/tene.ee\/it\/wp-json\/wp\/v2\/media?parent=18176"}],"curies":[{"name":"wp","href":"https:\/\/api.w.org\/{rel}","templated":true}]}}