{"id":18168,"date":"2024-06-28T11:28:09","date_gmt":"2024-06-28T08:28:09","guid":{"rendered":"https:\/\/tene.ee\/informazioni-sullazienda\/"},"modified":"2024-12-15T22:35:49","modified_gmt":"2024-12-15T20:35:49","slug":"informazioni-sullazienda","status":"publish","type":"page","link":"https:\/\/tene.ee\/it\/informazioni-sullazienda\/","title":{"rendered":"Informazioni sull&#8217;azienda"},"content":{"rendered":"<div class=\"wpb-content-wrapper\"><p>[vc_row woodmart_css_id=&#8221;66914e68a46da&#8221; responsive_spacing=&#8221;eyJwYXJhbV90eXBlIjoid29vZG1hcnRfcmVzcG9uc2l2ZV9zcGFjaW5nIiwic2VsZWN0b3JfaWQiOiI2NjkxNGU2OGE0NmRhIiwic2hvcnRjb2RlIjoidmNfcm93IiwiZGF0YSI6eyJ0YWJsZXQiOnt9LCJtb2JpbGUiOnt9fX0=&#8221; mobile_bg_img_hidden=&#8221;no&#8221; tablet_bg_img_hidden=&#8221;no&#8221; woodmart_parallax=&#8221;0&#8243; woodmart_gradient_switch=&#8221;no&#8221; woodmart_box_shadow=&#8221;no&#8221; wd_z_index=&#8221;no&#8221; woodmart_disable_overflow=&#8221;0&#8243; row_reverse_mobile=&#8221;0&#8243; row_reverse_tablet=&#8221;0&#8243;][vc_column woodmart_css_id=&#8221;6696ece7bcfbb&#8221; parallax_scroll=&#8221;no&#8221; woodmart_sticky_column=&#8221;false&#8221; wd_collapsible_content_switcher=&#8221;no&#8221; wd_column_role_offcanvas_desktop=&#8221;no&#8221; wd_column_role_offcanvas_tablet=&#8221;no&#8221; wd_column_role_offcanvas_mobile=&#8221;no&#8221; wd_column_role_content_desktop=&#8221;no&#8221; wd_column_role_content_tablet=&#8221;no&#8221; wd_column_role_content_mobile=&#8221;no&#8221; mobile_bg_img_hidden=&#8221;no&#8221; tablet_bg_img_hidden=&#8221;no&#8221; woodmart_parallax=&#8221;0&#8243; woodmart_box_shadow=&#8221;no&#8221; responsive_spacing=&#8221;eyJwYXJhbV90eXBlIjoid29vZG1hcnRfcmVzcG9uc2l2ZV9zcGFjaW5nIiwic2VsZWN0b3JfaWQiOiI2Njk2ZWNlN2JjZmJiIiwic2hvcnRjb2RlIjoidmNfY29sdW1uIiwiZGF0YSI6eyJ0YWJsZXQiOnt9LCJtb2JpbGUiOnt9fX0=&#8221; mobile_reset_margin=&#8221;no&#8221; tablet_reset_margin=&#8221;no&#8221; wd_z_index=&#8221;no&#8221; css=&#8221;.vc_custom_1721167085945{margin-top: -25px !important;}&#8221;]<style data-type=\"vc_shortcodes-custom-css\">.vc_custom_1697438305110{background-color: #ffffff !important;background-position: 0 0 !important;background-repeat: no-repeat !important;}.vc_custom_1732866176590{padding-top: 15px !important;}.vc_custom_1688626543448{background-position: 0 0 !important;background-repeat: no-repeat !important;}.vc_custom_1635965928690{background-position: 0 0 !important;background-repeat: no-repeat !important;}.vc_custom_1732171545907{padding-right: 80px !important;}.vc_custom_1731929234138{margin-top: 10px !important;padding-top: 15px !important;}.vc_custom_1732171597219{padding-right: 80px !important;}.vc_custom_1732171612694{padding-top: 15px !important;background-color: eyJwYXJhbV90eXBlIjoid29vZG1hcnRfY29sb3JwaWNrZXIiLCJjc3NfYXJncyI6eyJiYWNrZ3JvdW5kLWNvbG9yIjpbIiBhIl0sImJvcmRlci1jb2xvciI6WyIgYSJdfSwic2VsZWN0b3JfaWQiOiI2NzBlNjRhZjI1ZDEwIiwiZGF0YSI6eyJkZXNrdG9wIjoiIzgxZDc0MiJ9fQ== !important;}.wd-rs-6749707ceda21.wd-el-video{--wd-aspect-ratio: 16\/9;}.wd-rs-65005b9da15f0 > .vc_column-inner > .wpb_wrapper{align-items: center;}#wd-673b2487557b8 a{background-color:#707e5b;border-color:#707e5b !important;}#wd-673b2487557b8 a:hover{background-color:#556045;border-color:#556045 !important;}#wd-673ed75489818 a{background-color:#707e5b;border-color:#707e5b !important;}#wd-673ed75489818 a:hover{background-color:#556045;border-color:#556045 !important;}<\/style><div class=\"wpb-content-wrapper\">[vc_row][vc_column]\t\t<div class=\"wd-el-video wd-wpb wd-rs-6749707ceda21 wd-action-without wd-video-youtube vc_custom_1732866176590 wd-with-aspect-ratio\">\n\t\t\t\t\t\t\t<iframe src=\"https:\/\/www.youtube.com\/embed\/W84OPGv8FqE?feature=oembed&loop=1&mute=1&controls=1&autoplay=1&playlist=W84OPGv8FqE\" allowfullscreen allow=\"accelerometer; autoplay; encrypted-media; gyroscope; picture-in-picture\" width=\"100%\" height=\"100%\" loading=\"lazy\" aria-label=\"Video player\"><\/iframe>\t\t\t\n\t\t\t\n\t\t\t\n\t\t\t\t\t<\/div>\n\t\t[\/vc_column][\/vc_row][vc_section full_width=\"stretch_row\" woodmart_bg_position=\"right-bottom\" el_id=\"ettevottest\" mobile_bg_img_hidden=\"no\" tablet_bg_img_hidden=\"no\" woodmart_parallax=\"0\" woodmart_gradient_switch=\"no\" woodmart_disable_overflow=\"0\" css=\".vc_custom_1697438305110{background-color: #ffffff !important;background-position: 0 0 !important;background-repeat: no-repeat !important;}\" woodmart_css_id=\"652cda41013d2\" woodmart_box_shadow=\"no\" wd_z_index=\"no\" responsive_spacing=\"eyJwYXJhbV90eXBlIjoid29vZG1hcnRfcmVzcG9uc2l2ZV9zcGFjaW5nIiwic2VsZWN0b3JfaWQiOiI2NTJjZGE0MTAxM2QyIiwic2hvcnRjb2RlIjoidmNfc2VjdGlvbiIsImRhdGEiOnsidGFibGV0Ijp7fSwibW9iaWxlIjp7fX19\"][vc_row gap=\"30\" equal_height=\"yes\" content_placement=\"middle\" woodmart_bg_position=\"right-bottom\" mobile_bg_img_hidden=\"no\" tablet_bg_img_hidden=\"no\" woodmart_parallax=\"0\" woodmart_gradient_switch=\"no\" row_reverse_mobile=\"0\" row_reverse_tablet=\"0\" woodmart_disable_overflow=\"0\" el_class=\"container-row\" css=\".vc_custom_1688626543448{background-position: 0 0 !important;background-repeat: no-repeat !important;}\" woodmart_css_id=\"64a666ec67242\" woodmart_box_shadow=\"no\" wd_z_index=\"no\" responsive_spacing=\"eyJwYXJhbV90eXBlIjoid29vZG1hcnRfcmVzcG9uc2l2ZV9zcGFjaW5nIiwic2VsZWN0b3JfaWQiOiI2NGE2NjZlYzY3MjQyIiwic2hvcnRjb2RlIjoidmNfcm93IiwiZGF0YSI6eyJ0YWJsZXQiOnt9LCJtb2JpbGUiOnt9fX0=\"][vc_column width=\"3\/5\" woodmart_bg_position=\"left-top\" mobile_bg_img_hidden=\"no\" tablet_bg_img_hidden=\"no\" woodmart_parallax=\"0\" woodmart_sticky_column=\"false\" parallax_scroll=\"no\" mobile_reset_margin=\"no\" tablet_reset_margin=\"no\" el_class=\"container-text\" css=\".vc_custom_1635965928690{background-position: 0 0 !important;background-repeat: no-repeat !important;}\"][vc_custom_heading text=\"25 anni di qualit\u00e0\" font_container=\"tag:h2|font_size:24px|text_align:left|line_height:32px\" use_theme_fonts=\"yes\" el_id=\"element\"][vc_column_text css=\".vc_custom_1732171545907{padding-right: 80px !important;}\" woodmart_inline=\"no\" text_larger=\"no\" el_id=\"padi\"]<span data-sheets-root=\"1\">Nella fabbrica di case da giardino Tene produciamo da oltre 25 anni vari prodotti in legno, i pi\u00f9 apprezzati dei quali sono case in legno, capannoni, casette da giardino, case estive, campeggi, case in legno, gazebo, padiglioni da giardino, rifugi, altalene, bricchetti di legno e mobili da giardino.<\/span>[\/vc_column_text]<div id=\"wd-673b2487557b8\" class=\" wd-rs-673b2487557b8 vc_custom_1731929234138 wd-button-wrapper text-left\"><a href=\"https:\/\/tene.ee\/it\/negozio\/\" title=\"Vedi gamma\" style=\"--btn-color:#fff;--btn-color-hover:#fff;\" class=\"btn btn-style-default btn-shape-round btn-size-large\">I nostri prodotti<\/a><\/div>[\/vc_column][vc_column width=\"2\/5\" vertical_alignment=\"eyJkZXZpY2VzIjp7ImRlc2t0b3AiOnsidmFsdWUiOiJjZW50ZXIifSwidGFibGV0Ijp7InZhbHVlIjoiIn0sIm1vYmlsZSI6eyJ2YWx1ZSI6IiJ9fX0=\" woodmart_css_id=\"65005b9da15f0\" parallax_scroll=\"no\" woodmart_sticky_column=\"false\" wd_collapsible_content_switcher=\"no\" mobile_bg_img_hidden=\"no\" tablet_bg_img_hidden=\"no\" woodmart_parallax=\"0\" woodmart_box_shadow=\"no\" mobile_reset_margin=\"no\" tablet_reset_margin=\"no\" wd_z_index=\"no\" wd_column_role_offcanvas_desktop=\"no\" wd_column_role_offcanvas_tablet=\"no\" wd_column_role_offcanvas_mobile=\"no\" wd_column_role_content_desktop=\"no\" wd_column_role_content_tablet=\"no\" wd_column_role_content_mobile=\"no\" responsive_spacing=\"eyJwYXJhbV90eXBlIjoid29vZG1hcnRfcmVzcG9uc2l2ZV9zcGFjaW5nIiwic2VsZWN0b3JfaWQiOiI2NTAwNWI5ZGExNWYwIiwic2hvcnRjb2RlIjoidmNfY29sdW1uIiwiZGF0YSI6eyJ0YWJsZXQiOnt9LCJtb2JpbGUiOnt9fX0=\"][vc_single_image image=\"24505\" img_size=\"1536x1179\" css_animation=\"none\" css=\"\" woodmart_inline=\"no\" parallax_scroll=\"no\" el_id=\"ettevottest_pilt\" el_class=\"muri2\"][\/vc_column][\/vc_row][vc_row gap=\"30\" equal_height=\"yes\" content_placement=\"middle\" mobile_bg_img_hidden=\"no\" tablet_bg_img_hidden=\"no\" woodmart_parallax=\"0\" woodmart_gradient_switch=\"no\" row_reverse_mobile=\"0\" row_reverse_tablet=\"0\" woodmart_disable_overflow=\"0\" el_class=\"container-row\" el_id=\"supporto\" woodmart_css_id=\"64a669cbaff6b\" woodmart_box_shadow=\"no\" wd_z_index=\"no\" responsive_spacing=\"eyJwYXJhbV90eXBlIjoid29vZG1hcnRfcmVzcG9uc2l2ZV9zcGFjaW5nIiwic2VsZWN0b3JfaWQiOiI2NGE2NjljYmFmZjZiIiwic2hvcnRjb2RlIjoidmNfcm93IiwiZGF0YSI6eyJ0YWJsZXQiOnt9LCJtb2JpbGUiOnt9fX0=\"][vc_column width=\"2\/5\" offset=\"vc_hidden-xs\" woodmart_css_id=\"619f7f777b961\" parallax_scroll=\"no\" woodmart_sticky_column=\"false\" wd_collapsible_content_switcher=\"no\" mobile_bg_img_hidden=\"no\" tablet_bg_img_hidden=\"no\" woodmart_parallax=\"0\" woodmart_box_shadow=\"no\" mobile_reset_margin=\"no\" tablet_reset_margin=\"no\" wd_z_index=\"no\"][vc_single_image image=\"2423\" img_size=\"full\" css_animation=\"none\" css=\"\" woodmart_inline=\"no\" parallax_scroll=\"no\" el_class=\"muri\"][\/vc_column][vc_column width=\"3\/5\" mobile_bg_img_hidden=\"no\" tablet_bg_img_hidden=\"no\" woodmart_parallax=\"0\" woodmart_sticky_column=\"false\" el_class=\"container-text\" parallax_scroll=\"no\" mobile_reset_margin=\"no\" tablet_reset_margin=\"no\" woodmart_css_id=\"6213d448762f9\" wd_collapsible_content_switcher=\"no\" woodmart_box_shadow=\"no\" wd_z_index=\"no\"][vc_custom_heading text=\"Creiamo posti di lavoro in una piccola citt\u00e0 dell&apos;Estonia\" font_container=\"tag:h2|font_size:24px|text_align:left|line_height:32px\" use_theme_fonts=\"yes\" css=\"\" el_id=\"element\"][vc_column_text css=\".vc_custom_1732171597219{padding-right: 80px !important;}\" woodmart_inline=\"no\" text_larger=\"no\"]<span data-sheets-root=\"1\">Puoi familiarizzare con l'intera gamma di prodotti qui online o visitandoci a L\u00e4\u00e4nemaa a Lihula mnt 22b, perch\u00e9 tutta la produzione TENE si trova a Haapsalu. \u00c8 cos\u00ec che sosteniamo l\u2019imprenditorialit\u00e0 estone e creiamo posti di lavoro in una meravigliosa localit\u00e0 turistica esportando prodotti di alta qualit\u00e0 realizzati in Estonia in tutto il mondo. Oggi a Tene Kaubandus lavorano quasi 100 persone.<\/span>[\/vc_column_text]<div id=\"wd-673ed75489818\" class=\" wd-rs-673ed75489818 vc_custom_1732171612694 wd-button-wrapper text-left\"><a href=\"\/tookuulutused\/\" title=\"Contattaci\" style=\"--btn-color:#fff;--btn-color-hover:#fff;\" class=\"btn btn-style-default btn-shape-round btn-size-large\">Contattaci<\/a><\/div>[\/vc_column][\/vc_row][\/vc_section]<\/div><style data-type=\"vc_shortcodes-custom-css\">.vc_custom_1697438282897{background-color: #ffffff !important;}.vc_custom_1688979921662{background-image: url(https:\/\/aiamajad.com\/wp-content\/uploads\/2021\/10\/Pattern-garantii.png?id=13599) !important;background-position: center !important;background-repeat: no-repeat !important;background-size: contain !important;}.vc_custom_1653904908419{padding-bottom: 20px !important;}.vc_custom_1732171662545{padding-right: 80px !important;padding-bottom: 40px !important;}.vc_custom_1688981386084{margin-top: 20px !important;border-bottom-width: 5px !important;}.vc_custom_1732866225879{padding-top: 15px !important;padding-bottom: 15px !important;border-radius: 35px !important;}<\/style><div class=\"wpb-content-wrapper\">[vc_section full_width=\"stretch_row\" content_placement=\"middle\" mobile_bg_img_hidden=\"no\" tablet_bg_img_hidden=\"no\" woodmart_parallax=\"0\" woodmart_gradient_switch=\"no\" woodmart_disable_overflow=\"0\" css=\".vc_custom_1697438282897{background-color: #ffffff !important;}\" woodmart_css_id=\"652cda184e55c\" woodmart_box_shadow=\"no\" wd_z_index=\"no\" el_id=\"garantii\" responsive_spacing=\"eyJwYXJhbV90eXBlIjoid29vZG1hcnRfcmVzcG9uc2l2ZV9zcGFjaW5nIiwic2VsZWN0b3JfaWQiOiI2NTJjZGExODRlNTVjIiwic2hvcnRjb2RlIjoidmNfc2VjdGlvbiIsImRhdGEiOnsidGFibGV0Ijp7fSwibW9iaWxlIjp7fX19\"][vc_row full_width=\"stretch_row\" equal_height=\"yes\" content_placement=\"middle\" woodmart_bg_position=\"left-center\" mobile_bg_img_hidden=\"no\" tablet_bg_img_hidden=\"no\" woodmart_parallax=\"0\" woodmart_gradient_switch=\"no\" row_reverse_mobile=\"1\" row_reverse_tablet=\"0\" woodmart_disable_overflow=\"0\" el_class=\"container-row\" css=\".vc_custom_1688979921662{background-image: url(https:\/\/aiamajad.com\/wp-content\/uploads\/2021\/10\/Pattern-garantii.png?id=13599) !important;background-position: center !important;background-repeat: no-repeat !important;background-size: contain !important;}\" woodmart_css_id=\"64abcb5fa3b60\" woodmart_box_shadow=\"no\" wd_z_index=\"no\" responsive_spacing=\"eyJwYXJhbV90eXBlIjoid29vZG1hcnRfcmVzcG9uc2l2ZV9zcGFjaW5nIiwic2VsZWN0b3JfaWQiOiI2NGFiY2I1ZmEzYjYwIiwic2hvcnRjb2RlIjoidmNfcm93IiwiZGF0YSI6eyJ0YWJsZXQiOnt9LCJtb2JpbGUiOnt9fX0=\"][vc_column width=\"2\/5\" mobile_bg_img_hidden=\"no\" tablet_bg_img_hidden=\"no\" woodmart_parallax=\"0\" woodmart_sticky_column=\"false\" parallax_scroll=\"no\" mobile_reset_margin=\"no\" tablet_reset_margin=\"no\" woodmart_css_id=\"64abac7f07d5f\" wd_collapsible_content_switcher=\"no\" woodmart_box_shadow=\"no\" wd_z_index=\"no\" el_id=\"element-garantii-col\" wd_column_role_offcanvas_desktop=\"no\" wd_column_role_offcanvas_tablet=\"no\" wd_column_role_offcanvas_mobile=\"no\" wd_column_role_content_desktop=\"no\" wd_column_role_content_tablet=\"no\" wd_column_role_content_mobile=\"no\" responsive_spacing=\"eyJwYXJhbV90eXBlIjoid29vZG1hcnRfcmVzcG9uc2l2ZV9zcGFjaW5nIiwic2VsZWN0b3JfaWQiOiI2NGFiYWM3ZjA3ZDVmIiwic2hvcnRjb2RlIjoidmNfY29sdW1uIiwiZGF0YSI6eyJ0YWJsZXQiOnt9LCJtb2JpbGUiOnt9fX0=\" offset=\"vc_col-md-2\/5 vc_col-xs-12\"][vc_custom_heading text=\"Garanzia\" font_container=\"tag:h2|font_size:24px|text_align:left|line_height:32px\" use_theme_fonts=\"yes\" css=\".vc_custom_1653904908419{padding-bottom: 20px !important;}\" el_id=\"element-garantii\"][vc_column_text css=\".vc_custom_1732171662545{padding-right: 80px !important;padding-bottom: 40px !important;}\" woodmart_inline=\"no\" text_larger=\"no\" el_id=\"element-garantii-text\"]La garanzia della qualit\u00e0 \u00e8 il nostro valore pi\u00f9 importante, ecco perch\u00e9 forniamo una garanzia di cinque anni sulla progettazione dei prodotti dalla data di acquisto del prodotto.<br><br>Tutti i prodotti TENE sono imballati in una pellicola che protegge dai raggi UV, inoltre i prodotti sono protetti durante la consegna da imballi a prova di trasporto con nastri ed elementi di protezione in legno.<br><br>Tutti i nostri prodotti sono realizzati con legno di abete rosso proveniente da foreste gestite in modo sostenibile, provenienti dai paesi del Nord Europa: Svezia, Finlandia e paesi baltici (Estonia, Lettonia e Lituania).[\/vc_column_text][vc_separator color=\"custom\" accent_color=\"rgba(255,255,255,0.01)\" css=\".vc_custom_1688981386084{margin-top: 20px !important;border-bottom-width: 5px !important;}\" wd_hide_on_desktop=\"no\" wd_hide_on_tablet=\"no\" wd_hide_on_mobile=\"no\"]<div id=\"wd-673ed767a9379\" class=\" wd-rs-673ed767a9379  wd-button-wrapper text-left\"><a href=\"https:\/\/tene.ee\/it\/contatto\/\" title=\"Contattaci\" class=\"btn btn-color-primary btn-style-default btn-shape-round btn-size-large\">Contattaci<\/a><\/div>[\/vc_column][vc_column width=\"3\/5\" mobile_bg_img_hidden=\"no\" tablet_bg_img_hidden=\"no\" woodmart_parallax=\"0\" woodmart_sticky_column=\"false\" parallax_scroll=\"no\" mobile_reset_margin=\"no\" tablet_reset_margin=\"no\" el_class=\"container-text\" el_id=\"garantii\" woodmart_css_id=\"62a321629bbba\" wd_collapsible_content_switcher=\"no\" woodmart_box_shadow=\"no\" wd_z_index=\"no\" offset=\"vc_col-md-3\/5\" wd_column_role_offcanvas_desktop=\"no\" wd_column_role_offcanvas_tablet=\"no\" wd_column_role_offcanvas_mobile=\"no\" wd_column_role_content_desktop=\"no\" wd_column_role_content_tablet=\"no\" wd_column_role_content_mobile=\"no\" responsive_spacing=\"eyJwYXJhbV90eXBlIjoid29vZG1hcnRfcmVzcG9uc2l2ZV9zcGFjaW5nIiwic2VsZWN0b3JfaWQiOiI2MmEzMjE2MjliYmJhIiwic2hvcnRjb2RlIjoidmNfY29sdW1uIiwiZGF0YSI6eyJ0YWJsZXQiOnt9LCJtb2JpbGUiOnt9fX0=\"][vc_single_image image=\"24483\" img_size=\"full\" css_animation=\"none\" css=\".vc_custom_1732866225879{padding-top: 15px !important;padding-bottom: 15px !important;border-radius: 35px !important;}\" woodmart_inline=\"no\" parallax_scroll=\"no\" el_class=\"muri2\"][\/vc_column][\/vc_row][\/vc_section]<\/div>[\/vc_column][\/vc_row]<\/p>\n<\/div>","protected":false},"excerpt":{"rendered":"<p>[vc_row woodmart_css_id=&#8221;66914e68a46da&#8221; responsive_spacing=&#8221;eyJwYXJhbV90eXBlIjoid29vZG1hcnRfcmVzcG9uc2l2ZV9zcGFjaW5nIiwic2VsZWN0b3JfaWQiOiI2NjkxNGU2OGE0NmRhIiwic2hvcnRjb2RlIjoidmNfcm93IiwiZGF0YSI6eyJ0YWJsZXQiOnt9LCJtb2JpbGUiOnt9fX0=&#8221; mobile_bg_img_hidden=&#8221;no&#8221; tablet_bg_img_hidden=&#8221;no&#8221; woodmart_parallax=&#8221;0&#8243; woodmart_gradient_switch=&#8221;no&#8221; woodmart_box_shadow=&#8221;no&#8221; wd_z_index=&#8221;no&#8221; woodmart_disable_overflow=&#8221;0&#8243; row_reverse_mobile=&#8221;0&#8243; row_reverse_tablet=&#8221;0&#8243;][vc_column woodmart_css_id=&#8221;6696ece7bcfbb&#8221; parallax_scroll=&#8221;no&#8221; woodmart_sticky_column=&#8221;false&#8221; wd_collapsible_content_switcher=&#8221;no&#8221; wd_column_role_offcanvas_desktop=&#8221;no&#8221; wd_column_role_offcanvas_tablet=&#8221;no&#8221; wd_column_role_offcanvas_mobile=&#8221;no&#8221; wd_column_role_content_desktop=&#8221;no&#8221;<\/p>\n","protected":false},"author":1,"featured_media":0,"parent":0,"menu_order":0,"comment_status":"closed","ping_status":"closed","template":"","meta":{"_acf_changed":false,"footnotes":""},"class_list":["post-18168","page","type-page","status-publish","hentry"],"acf":[],"yoast_head":"<!-- This site is optimized with the Yoast SEO plugin v27.3 - https:\/\/yoast.com\/product\/yoast-seo-wordpress\/ -->\n<title>Tene.ee - Informazioni sull&#039;azienda<\/title>\n<meta name=\"description\" content=\"Tene.ee Informazioni sull&#039;azienda\" \/>\n<meta name=\"robots\" content=\"index, follow, max-snippet:-1, max-image-preview:large, max-video-preview:-1\" \/>\n<link rel=\"canonical\" href=\"https:\/\/tene.ee\/it\/informazioni-sullazienda\/\" \/>\n<meta property=\"og:locale\" content=\"it_IT\" \/>\n<meta property=\"og:type\" content=\"article\" \/>\n<meta property=\"og:title\" content=\"Tene.ee - Informazioni sull&#039;azienda\" \/>\n<meta property=\"og:description\" content=\"Tene.ee Informazioni sull&#039;azienda\" \/>\n<meta property=\"og:url\" content=\"https:\/\/tene.ee\/it\/informazioni-sullazienda\/\" \/>\n<meta property=\"og:site_name\" content=\"Tene.ee\" \/>\n<meta property=\"article:publisher\" content=\"https:\/\/www.facebook.com\/teneaiamajad\" \/>\n<meta property=\"article:modified_time\" content=\"2024-12-15T20:35:49+00:00\" \/>\n<meta property=\"og:image\" content=\"https:\/\/tene.ee\/wp-content\/uploads\/2024\/12\/TENE-logo-2018-2.png\" \/>\n\t<meta property=\"og:image:width\" content=\"2339\" \/>\n\t<meta property=\"og:image:height\" content=\"1654\" \/>\n\t<meta property=\"og:image:type\" content=\"image\/png\" \/>\n<meta name=\"twitter:card\" content=\"summary_large_image\" \/>\n<meta name=\"twitter:label1\" content=\"Tempo di lettura stimato\" \/>\n\t<meta name=\"twitter:data1\" content=\"1 minuto\" \/>\n<script type=\"application\/ld+json\" class=\"yoast-schema-graph\">{\"@context\":\"https:\\\/\\\/schema.org\",\"@graph\":[{\"@type\":\"WebPage\",\"@id\":\"https:\\\/\\\/tene.ee\\\/it\\\/informazioni-sullazienda\\\/\",\"url\":\"https:\\\/\\\/tene.ee\\\/it\\\/informazioni-sullazienda\\\/\",\"name\":\"Tene.ee - Informazioni sull'azienda\",\"isPartOf\":{\"@id\":\"https:\\\/\\\/tene.ee\\\/it\\\/#website\"},\"datePublished\":\"2024-06-28T08:28:09+00:00\",\"dateModified\":\"2024-12-15T20:35:49+00:00\",\"description\":\"Tene.ee Informazioni sull'azienda\",\"breadcrumb\":{\"@id\":\"https:\\\/\\\/tene.ee\\\/it\\\/informazioni-sullazienda\\\/#breadcrumb\"},\"inLanguage\":\"it-IT\",\"potentialAction\":[{\"@type\":\"ReadAction\",\"target\":[\"https:\\\/\\\/tene.ee\\\/it\\\/informazioni-sullazienda\\\/\"]}]},{\"@type\":\"BreadcrumbList\",\"@id\":\"https:\\\/\\\/tene.ee\\\/it\\\/informazioni-sullazienda\\\/#breadcrumb\",\"itemListElement\":[{\"@type\":\"ListItem\",\"position\":1,\"name\":\"Avaleht\",\"item\":\"http:\\\/\\\/tene.ee\\\/it\\\/\"},{\"@type\":\"ListItem\",\"position\":2,\"name\":\"Informazioni sull&#8217;azienda\"}]},{\"@type\":\"WebSite\",\"@id\":\"https:\\\/\\\/tene.ee\\\/it\\\/#website\",\"url\":\"https:\\\/\\\/tene.ee\\\/it\\\/\",\"name\":\"Tene.ee - Kaunite hetkede jaoks sinu aias\",\"description\":\"Tene.ee - parimad puit- ja aiamajad otse tootjalt\",\"publisher\":{\"@id\":\"https:\\\/\\\/tene.ee\\\/it\\\/#organization\"},\"alternateName\":\"Tene.ee\",\"potentialAction\":[{\"@type\":\"SearchAction\",\"target\":{\"@type\":\"EntryPoint\",\"urlTemplate\":\"https:\\\/\\\/tene.ee\\\/it\\\/?s={search_term_string}\"},\"query-input\":{\"@type\":\"PropertyValueSpecification\",\"valueRequired\":true,\"valueName\":\"search_term_string\"}}],\"inLanguage\":\"it-IT\"},{\"@type\":\"Organization\",\"@id\":\"https:\\\/\\\/tene.ee\\\/it\\\/#organization\",\"name\":\"Tene.ee\",\"url\":\"https:\\\/\\\/tene.ee\\\/it\\\/\",\"logo\":{\"@type\":\"ImageObject\",\"inLanguage\":\"it-IT\",\"@id\":\"https:\\\/\\\/tene.ee\\\/it\\\/#\\\/schema\\\/logo\\\/image\\\/\",\"url\":\"https:\\\/\\\/tene.ee\\\/wp-content\\\/uploads\\\/2024\\\/12\\\/TENE-logo-2018-2.png\",\"contentUrl\":\"https:\\\/\\\/tene.ee\\\/wp-content\\\/uploads\\\/2024\\\/12\\\/TENE-logo-2018-2.png\",\"width\":2339,\"height\":1654,\"caption\":\"Tene.ee\"},\"image\":{\"@id\":\"https:\\\/\\\/tene.ee\\\/it\\\/#\\\/schema\\\/logo\\\/image\\\/\"},\"sameAs\":[\"https:\\\/\\\/www.facebook.com\\\/teneaiamajad\"]}]}<\/script>\n<!-- \/ Yoast SEO plugin. -->","yoast_head_json":{"title":"Tene.ee - Informazioni sull'azienda","description":"Tene.ee Informazioni sull'azienda","robots":{"index":"index","follow":"follow","max-snippet":"max-snippet:-1","max-image-preview":"max-image-preview:large","max-video-preview":"max-video-preview:-1"},"canonical":"https:\/\/tene.ee\/it\/informazioni-sullazienda\/","og_locale":"it_IT","og_type":"article","og_title":"Tene.ee - Informazioni sull'azienda","og_description":"Tene.ee Informazioni sull'azienda","og_url":"https:\/\/tene.ee\/it\/informazioni-sullazienda\/","og_site_name":"Tene.ee","article_publisher":"https:\/\/www.facebook.com\/teneaiamajad","article_modified_time":"2024-12-15T20:35:49+00:00","og_image":[{"width":2339,"height":1654,"url":"https:\/\/tene.ee\/wp-content\/uploads\/2024\/12\/TENE-logo-2018-2.png","type":"image\/png"}],"twitter_card":"summary_large_image","twitter_misc":{"Tempo di lettura stimato":"1 minuto"},"schema":{"@context":"https:\/\/schema.org","@graph":[{"@type":"WebPage","@id":"https:\/\/tene.ee\/it\/informazioni-sullazienda\/","url":"https:\/\/tene.ee\/it\/informazioni-sullazienda\/","name":"Tene.ee - Informazioni sull'azienda","isPartOf":{"@id":"https:\/\/tene.ee\/it\/#website"},"datePublished":"2024-06-28T08:28:09+00:00","dateModified":"2024-12-15T20:35:49+00:00","description":"Tene.ee Informazioni sull'azienda","breadcrumb":{"@id":"https:\/\/tene.ee\/it\/informazioni-sullazienda\/#breadcrumb"},"inLanguage":"it-IT","potentialAction":[{"@type":"ReadAction","target":["https:\/\/tene.ee\/it\/informazioni-sullazienda\/"]}]},{"@type":"BreadcrumbList","@id":"https:\/\/tene.ee\/it\/informazioni-sullazienda\/#breadcrumb","itemListElement":[{"@type":"ListItem","position":1,"name":"Avaleht","item":"http:\/\/tene.ee\/it\/"},{"@type":"ListItem","position":2,"name":"Informazioni sull&#8217;azienda"}]},{"@type":"WebSite","@id":"https:\/\/tene.ee\/it\/#website","url":"https:\/\/tene.ee\/it\/","name":"Tene.ee - Kaunite hetkede jaoks sinu aias","description":"Tene.ee - parimad puit- ja aiamajad otse tootjalt","publisher":{"@id":"https:\/\/tene.ee\/it\/#organization"},"alternateName":"Tene.ee","potentialAction":[{"@type":"SearchAction","target":{"@type":"EntryPoint","urlTemplate":"https:\/\/tene.ee\/it\/?s={search_term_string}"},"query-input":{"@type":"PropertyValueSpecification","valueRequired":true,"valueName":"search_term_string"}}],"inLanguage":"it-IT"},{"@type":"Organization","@id":"https:\/\/tene.ee\/it\/#organization","name":"Tene.ee","url":"https:\/\/tene.ee\/it\/","logo":{"@type":"ImageObject","inLanguage":"it-IT","@id":"https:\/\/tene.ee\/it\/#\/schema\/logo\/image\/","url":"https:\/\/tene.ee\/wp-content\/uploads\/2024\/12\/TENE-logo-2018-2.png","contentUrl":"https:\/\/tene.ee\/wp-content\/uploads\/2024\/12\/TENE-logo-2018-2.png","width":2339,"height":1654,"caption":"Tene.ee"},"image":{"@id":"https:\/\/tene.ee\/it\/#\/schema\/logo\/image\/"},"sameAs":["https:\/\/www.facebook.com\/teneaiamajad"]}]}},"_links":{"self":[{"href":"https:\/\/tene.ee\/it\/wp-json\/wp\/v2\/pages\/18168","targetHints":{"allow":["GET"]}}],"collection":[{"href":"https:\/\/tene.ee\/it\/wp-json\/wp\/v2\/pages"}],"about":[{"href":"https:\/\/tene.ee\/it\/wp-json\/wp\/v2\/types\/page"}],"author":[{"embeddable":true,"href":"https:\/\/tene.ee\/it\/wp-json\/wp\/v2\/users\/1"}],"replies":[{"embeddable":true,"href":"https:\/\/tene.ee\/it\/wp-json\/wp\/v2\/comments?post=18168"}],"version-history":[{"count":0,"href":"https:\/\/tene.ee\/it\/wp-json\/wp\/v2\/pages\/18168\/revisions"}],"wp:attachment":[{"href":"https:\/\/tene.ee\/it\/wp-json\/wp\/v2\/media?parent=18168"}],"curies":[{"name":"wp","href":"https:\/\/api.w.org\/{rel}","templated":true}]}}