{"id":65420,"date":"2024-11-12T14:05:50","date_gmt":"2024-11-12T12:05:50","guid":{"rendered":"https:\/\/tene.ee\/toode\/cabanon-en-bois-daisy-25m2\/"},"modified":"2024-11-28T11:54:20","modified_gmt":"2024-11-28T09:54:20","slug":"cabanon-en-bois-daisy-25m2","status":"publish","type":"product","link":"https:\/\/tene.ee\/fr\/toode\/cabanon-en-bois-daisy-25m2\/","title":{"rendered":"Cabanon en bois Daisy 25m2"},"content":{"rendered":"<p>L&rsquo;ensemble d&rsquo;abris en bois Tene Daisy 25 m2 comprend : mur 40 x 143 mm chevrons 40 x 143 mm avant-toit et planches d&rsquo;extr\u00e9mit\u00e9 40 x 143 mm fentes de ventilation largeur de la paroi avant 5080 mm (longueur des panneaux muraux 5260 mm) longueur des parois lat\u00e9rales 4900 mm (longueur des panneaux muraux 5080 mm) hauteur des parois lat\u00e9rales 1720 mm fa\u00eete du toit 3260 mm longueur du fa\u00eete du toit 5760 mm2 x porte double face 1518 x 1650 mm lattes impr\u00e9gn\u00e9es 45 x 70 mm lattes non rabot\u00e9es 32 x 125 mmoutils de fixation du toit panneau profil\u00e9 de 18 mm d&rsquo;\u00e9paisseur Les prix sont valables \u00e0 l&rsquo;usine Tene entrep\u00f4t et incluent la TVA. Les prix ne comprennent pas le transport des produits.<\/p>\n","protected":false},"excerpt":{"rendered":"<p>Daisy, un cabanon en bois facile \u00e0 assembler avec des murs incurv\u00e9s, est le lieu de stockage id\u00e9al pour le bois de chauffage et les outils de jardinage qui ne rentrent pas ou ne rentrent pas dans les espaces de vie. L&rsquo;abri en bois Daisy est disponible en plusieurs tailles diff\u00e9rentes, choisissez simplement celle qui vous convient le mieux !\u00a0Le prix comprend les portes du cabanon \u00e0 bois, les fixations et le dessin technique.<br \/>\nLe prix ne comprend pas le transport et les mat\u00e9riaux de toiture.<\/p>\n","protected":false},"featured_media":64065,"template":"","meta":{"_acf_changed":false},"product_brand":[],"product_cat":[425],"product_tag":[],"class_list":{"0":"post-65420","1":"product","2":"type-product","3":"status-publish","4":"has-post-thumbnail","6":"product_cat-buchers","7":"product_shipping_class-390e-fr","9":"first","10":"onbackorder","11":"sale","12":"purchasable","13":"product-type-variable","14":"has-default-attributes"},"acf":[],"yoast_head":"<!-- This site is optimized with the Yoast SEO plugin v27.5 - https:\/\/yoast.com\/product\/yoast-seo-wordpress\/ -->\n<title>Tene.ee - Cabanon en bois Daisy 25m2<\/title>\n<meta name=\"description\" content=\"Tene.ee Cabanon en bois Daisy 25m2\" \/>\n<meta name=\"robots\" content=\"index, follow, max-snippet:-1, max-image-preview:large, max-video-preview:-1\" \/>\n<link rel=\"canonical\" href=\"https:\/\/tene.ee\/fr\/toode\/cabanon-en-bois-daisy-25m2\/\" \/>\n<meta property=\"og:locale\" content=\"fr_FR\" \/>\n<meta property=\"og:type\" content=\"article\" \/>\n<meta property=\"og:title\" content=\"Tene.ee - Cabanon en bois Daisy 25m2\" \/>\n<meta property=\"og:description\" content=\"Tene.ee Cabanon en bois Daisy 25m2\" \/>\n<meta property=\"og:url\" content=\"https:\/\/tene.ee\/fr\/toode\/cabanon-en-bois-daisy-25m2\/\" \/>\n<meta property=\"og:site_name\" content=\"Tene.ee\" \/>\n<meta property=\"article:publisher\" content=\"https:\/\/www.facebook.com\/teneaiamajad\" \/>\n<meta property=\"article:modified_time\" content=\"2024-11-28T09:54:20+00:00\" \/>\n<meta property=\"og:image\" content=\"https:\/\/tene.ee\/wp-content\/uploads\/2024\/11\/Daisy_20A-1024x683.jpg\" \/>\n\t<meta property=\"og:image:width\" content=\"1024\" \/>\n\t<meta property=\"og:image:height\" content=\"683\" \/>\n\t<meta property=\"og:image:type\" content=\"image\/jpeg\" \/>\n<meta name=\"twitter:card\" content=\"summary_large_image\" \/>\n<meta name=\"twitter:label1\" content=\"Dur\u00e9e de lecture estim\u00e9e\" \/>\n\t<meta name=\"twitter:data1\" content=\"1 minute\" \/>\n<script type=\"application\/ld+json\" class=\"yoast-schema-graph\">{\"@context\":\"https:\\\/\\\/schema.org\",\"@graph\":[{\"@type\":\"WebPage\",\"@id\":\"https:\\\/\\\/tene.ee\\\/fr\\\/toode\\\/cabanon-en-bois-daisy-25m2\\\/\",\"url\":\"https:\\\/\\\/tene.ee\\\/fr\\\/toode\\\/cabanon-en-bois-daisy-25m2\\\/\",\"name\":\"Tene.ee - Cabanon en bois Daisy 25m2\",\"isPartOf\":{\"@id\":\"https:\\\/\\\/tene.ee\\\/fr\\\/#website\"},\"primaryImageOfPage\":{\"@id\":\"https:\\\/\\\/tene.ee\\\/fr\\\/toode\\\/cabanon-en-bois-daisy-25m2\\\/#primaryimage\"},\"image\":{\"@id\":\"https:\\\/\\\/tene.ee\\\/fr\\\/toode\\\/cabanon-en-bois-daisy-25m2\\\/#primaryimage\"},\"thumbnailUrl\":\"https:\\\/\\\/tene.ee\\\/wp-content\\\/uploads\\\/2024\\\/11\\\/Daisy_20A.jpg\",\"datePublished\":\"2024-11-12T12:05:50+00:00\",\"dateModified\":\"2024-11-28T09:54:20+00:00\",\"description\":\"Tene.ee Cabanon en bois Daisy 25m2\",\"breadcrumb\":{\"@id\":\"https:\\\/\\\/tene.ee\\\/fr\\\/toode\\\/cabanon-en-bois-daisy-25m2\\\/#breadcrumb\"},\"inLanguage\":\"fr-FR\",\"potentialAction\":[{\"@type\":\"ReadAction\",\"target\":[\"https:\\\/\\\/tene.ee\\\/fr\\\/toode\\\/cabanon-en-bois-daisy-25m2\\\/\"]}]},{\"@type\":\"ImageObject\",\"inLanguage\":\"fr-FR\",\"@id\":\"https:\\\/\\\/tene.ee\\\/fr\\\/toode\\\/cabanon-en-bois-daisy-25m2\\\/#primaryimage\",\"url\":\"https:\\\/\\\/tene.ee\\\/wp-content\\\/uploads\\\/2024\\\/11\\\/Daisy_20A.jpg\",\"contentUrl\":\"https:\\\/\\\/tene.ee\\\/wp-content\\\/uploads\\\/2024\\\/11\\\/Daisy_20A.jpg\",\"width\":2500,\"height\":1667},{\"@type\":\"BreadcrumbList\",\"@id\":\"https:\\\/\\\/tene.ee\\\/fr\\\/toode\\\/cabanon-en-bois-daisy-25m2\\\/#breadcrumb\",\"itemListElement\":[{\"@type\":\"ListItem\",\"position\":1,\"name\":\"Avaleht\",\"item\":\"https:\\\/\\\/tene.ee\\\/fr\\\/\"},{\"@type\":\"ListItem\",\"position\":2,\"name\":\"Boutique\",\"item\":\"http:\\\/\\\/tene.ee\\\/fr\\\/boutique\\\/\"},{\"@type\":\"ListItem\",\"position\":3,\"name\":\"Cabanon en bois Daisy 25m2\"}]},{\"@type\":\"WebSite\",\"@id\":\"https:\\\/\\\/tene.ee\\\/fr\\\/#website\",\"url\":\"https:\\\/\\\/tene.ee\\\/fr\\\/\",\"name\":\"Tene.ee - Kaunite hetkede jaoks sinu aias\",\"description\":\"Tene.ee - parimad puit- ja aiamajad otse tootjalt\",\"publisher\":{\"@id\":\"https:\\\/\\\/tene.ee\\\/fr\\\/#organization\"},\"alternateName\":\"Tene.ee\",\"potentialAction\":[{\"@type\":\"SearchAction\",\"target\":{\"@type\":\"EntryPoint\",\"urlTemplate\":\"https:\\\/\\\/tene.ee\\\/fr\\\/?s={search_term_string}\"},\"query-input\":{\"@type\":\"PropertyValueSpecification\",\"valueRequired\":true,\"valueName\":\"search_term_string\"}}],\"inLanguage\":\"fr-FR\"},{\"@type\":\"Organization\",\"@id\":\"https:\\\/\\\/tene.ee\\\/fr\\\/#organization\",\"name\":\"Tene.ee\",\"url\":\"https:\\\/\\\/tene.ee\\\/fr\\\/\",\"logo\":{\"@type\":\"ImageObject\",\"inLanguage\":\"fr-FR\",\"@id\":\"https:\\\/\\\/tene.ee\\\/fr\\\/#\\\/schema\\\/logo\\\/image\\\/\",\"url\":\"https:\\\/\\\/tene.ee\\\/wp-content\\\/uploads\\\/2024\\\/12\\\/TENE-logo-2018-2.png\",\"contentUrl\":\"https:\\\/\\\/tene.ee\\\/wp-content\\\/uploads\\\/2024\\\/12\\\/TENE-logo-2018-2.png\",\"width\":2339,\"height\":1654,\"caption\":\"Tene.ee\"},\"image\":{\"@id\":\"https:\\\/\\\/tene.ee\\\/fr\\\/#\\\/schema\\\/logo\\\/image\\\/\"},\"sameAs\":[\"https:\\\/\\\/www.facebook.com\\\/teneaiamajad\"]}]}<\/script>\n<!-- \/ Yoast SEO plugin. -->","yoast_head_json":{"title":"Tene.ee - Cabanon en bois Daisy 25m2","description":"Tene.ee Cabanon en bois Daisy 25m2","robots":{"index":"index","follow":"follow","max-snippet":"max-snippet:-1","max-image-preview":"max-image-preview:large","max-video-preview":"max-video-preview:-1"},"canonical":"https:\/\/tene.ee\/fr\/toode\/cabanon-en-bois-daisy-25m2\/","og_locale":"fr_FR","og_type":"article","og_title":"Tene.ee - Cabanon en bois Daisy 25m2","og_description":"Tene.ee Cabanon en bois Daisy 25m2","og_url":"https:\/\/tene.ee\/fr\/toode\/cabanon-en-bois-daisy-25m2\/","og_site_name":"Tene.ee","article_publisher":"https:\/\/www.facebook.com\/teneaiamajad","article_modified_time":"2024-11-28T09:54:20+00:00","og_image":[{"width":1024,"height":683,"url":"https:\/\/tene.ee\/wp-content\/uploads\/2024\/11\/Daisy_20A-1024x683.jpg","type":"image\/jpeg"}],"twitter_card":"summary_large_image","twitter_misc":{"Dur\u00e9e de lecture estim\u00e9e":"1 minute"},"schema":{"@context":"https:\/\/schema.org","@graph":[{"@type":"WebPage","@id":"https:\/\/tene.ee\/fr\/toode\/cabanon-en-bois-daisy-25m2\/","url":"https:\/\/tene.ee\/fr\/toode\/cabanon-en-bois-daisy-25m2\/","name":"Tene.ee - Cabanon en bois Daisy 25m2","isPartOf":{"@id":"https:\/\/tene.ee\/fr\/#website"},"primaryImageOfPage":{"@id":"https:\/\/tene.ee\/fr\/toode\/cabanon-en-bois-daisy-25m2\/#primaryimage"},"image":{"@id":"https:\/\/tene.ee\/fr\/toode\/cabanon-en-bois-daisy-25m2\/#primaryimage"},"thumbnailUrl":"https:\/\/tene.ee\/wp-content\/uploads\/2024\/11\/Daisy_20A.jpg","datePublished":"2024-11-12T12:05:50+00:00","dateModified":"2024-11-28T09:54:20+00:00","description":"Tene.ee Cabanon en bois Daisy 25m2","breadcrumb":{"@id":"https:\/\/tene.ee\/fr\/toode\/cabanon-en-bois-daisy-25m2\/#breadcrumb"},"inLanguage":"fr-FR","potentialAction":[{"@type":"ReadAction","target":["https:\/\/tene.ee\/fr\/toode\/cabanon-en-bois-daisy-25m2\/"]}]},{"@type":"ImageObject","inLanguage":"fr-FR","@id":"https:\/\/tene.ee\/fr\/toode\/cabanon-en-bois-daisy-25m2\/#primaryimage","url":"https:\/\/tene.ee\/wp-content\/uploads\/2024\/11\/Daisy_20A.jpg","contentUrl":"https:\/\/tene.ee\/wp-content\/uploads\/2024\/11\/Daisy_20A.jpg","width":2500,"height":1667},{"@type":"BreadcrumbList","@id":"https:\/\/tene.ee\/fr\/toode\/cabanon-en-bois-daisy-25m2\/#breadcrumb","itemListElement":[{"@type":"ListItem","position":1,"name":"Avaleht","item":"https:\/\/tene.ee\/fr\/"},{"@type":"ListItem","position":2,"name":"Boutique","item":"http:\/\/tene.ee\/fr\/boutique\/"},{"@type":"ListItem","position":3,"name":"Cabanon en bois Daisy 25m2"}]},{"@type":"WebSite","@id":"https:\/\/tene.ee\/fr\/#website","url":"https:\/\/tene.ee\/fr\/","name":"Tene.ee - Kaunite hetkede jaoks sinu aias","description":"Tene.ee - parimad puit- ja aiamajad otse tootjalt","publisher":{"@id":"https:\/\/tene.ee\/fr\/#organization"},"alternateName":"Tene.ee","potentialAction":[{"@type":"SearchAction","target":{"@type":"EntryPoint","urlTemplate":"https:\/\/tene.ee\/fr\/?s={search_term_string}"},"query-input":{"@type":"PropertyValueSpecification","valueRequired":true,"valueName":"search_term_string"}}],"inLanguage":"fr-FR"},{"@type":"Organization","@id":"https:\/\/tene.ee\/fr\/#organization","name":"Tene.ee","url":"https:\/\/tene.ee\/fr\/","logo":{"@type":"ImageObject","inLanguage":"fr-FR","@id":"https:\/\/tene.ee\/fr\/#\/schema\/logo\/image\/","url":"https:\/\/tene.ee\/wp-content\/uploads\/2024\/12\/TENE-logo-2018-2.png","contentUrl":"https:\/\/tene.ee\/wp-content\/uploads\/2024\/12\/TENE-logo-2018-2.png","width":2339,"height":1654,"caption":"Tene.ee"},"image":{"@id":"https:\/\/tene.ee\/fr\/#\/schema\/logo\/image\/"},"sameAs":["https:\/\/www.facebook.com\/teneaiamajad"]}]}},"_links":{"self":[{"href":"https:\/\/tene.ee\/fr\/wp-json\/wp\/v2\/product\/65420","targetHints":{"allow":["GET"]}}],"collection":[{"href":"https:\/\/tene.ee\/fr\/wp-json\/wp\/v2\/product"}],"about":[{"href":"https:\/\/tene.ee\/fr\/wp-json\/wp\/v2\/types\/product"}],"wp:featuredmedia":[{"embeddable":true,"href":"https:\/\/tene.ee\/fr\/wp-json\/wp\/v2\/media\/64065"}],"wp:attachment":[{"href":"https:\/\/tene.ee\/fr\/wp-json\/wp\/v2\/media?parent=65420"}],"wp:term":[{"taxonomy":"product_brand","embeddable":true,"href":"https:\/\/tene.ee\/fr\/wp-json\/wp\/v2\/product_brand?post=65420"},{"taxonomy":"product_cat","embeddable":true,"href":"https:\/\/tene.ee\/fr\/wp-json\/wp\/v2\/product_cat?post=65420"},{"taxonomy":"product_tag","embeddable":true,"href":"https:\/\/tene.ee\/fr\/wp-json\/wp\/v2\/product_tag?post=65420"}],"curies":[{"name":"wp","href":"https:\/\/api.w.org\/{rel}","templated":true}]}}