{"id":19704,"date":"2024-07-12T16:19:39","date_gmt":"2024-07-12T13:19:39","guid":{"rendered":"https:\/\/tene.ee\/toode\/karusaun-moderni-sauna-ja-puhkeruumiga\/"},"modified":"2024-11-28T11:54:01","modified_gmt":"2024-11-28T09:54:01","slug":"karusaun-moderni-sauna-ja-puhkeruumiga","status":"publish","type":"product","link":"https:\/\/tene.ee\/fr\/toode\/karusaun-moderni-sauna-ja-puhkeruumiga\/","title":{"rendered":"Sauna sur roues Moderni avec sauna et pi\u00e8ce de d\u00e9tente"},"content":{"rendered":"<p>Les saunas sur roues fabriqu\u00e9s \u00e0 l&rsquo;usine Tene offrent une excellente occasion de profiter du sauna l\u00e0 o\u00f9 il y a des restrictions ou bien l\u00e0 o\u00f9 il est interdit de construire un sauna. Les saunas sur roues sont mobiles, peuvent \u00eatre utilis\u00e9s toute l&rsquo;ann\u00e9e et ne n\u00e9cessitent pas de permis de construire \u2013 il suffit de l&rsquo;attacher derri\u00e8re votre voiture, de conduire vers un plan d&rsquo;eau et d&rsquo;en profiter. Lorsque l&rsquo;hiver arrive, vous pouvez apporter votre sauna sur roues \u00e0 votre propri\u00e9t\u00e9 pour l&rsquo;hiver.<br \/>\nLes saunas sur roues sont fabriqu\u00e9s en \u00e9pic\u00e9a de haute qualit\u00e9. L&rsquo;ensemble inclut un banc de sauna en tremble, un po\u00eale \u00e0 bois et une chemin\u00e9e de haute qualit\u00e9 fabriqu\u00e9e en Finlande avec un r\u00e9servoir d&rsquo;eau et un filtre.<\/p>\n<p>Ch\u00e2ssis\u00a0:<br \/>\nDimensions ext\u00e9rieures\u00a0: 200 x 480\u00a0cm<br \/>\nch\u00e2ssis solide en m\u00e9tal galvanis\u00e9<br \/>\nremorque \u00e0 deux essieux<br \/>\nSupports d&rsquo;angle aux quatre coins<br \/>\nfeux<br \/>\nroues 13\u2033<br \/>\nPoids propre env. 1\u00a0900\u00a0kg<br \/>\n\u2028Sauna\u00a0:<br \/>\nParois en madriers de 40 x 114\u00a0mm<br \/>\nsauna fait en \u00e9pic\u00e9a naturel, non peint, prot\u00e9g\u00e9 par un agent anti-moisissure<br \/>\ntiges filet\u00e9es m\u00e9talliques dans les coins<br \/>\nbardeaux de toiture noirs en nid d&rsquo;abeille<br \/>\ntoiture isol\u00e9e avec laine de 50\u00a0mm<br \/>\npo\u00eale \u00e0 bois avec porte vitr\u00e9e, pierres de sauna, r\u00e9servoir d&rsquo;eau int\u00e9gr\u00e9 \u00e0 la chemin\u00e9e, chemin\u00e9e de haute qualit\u00e9 avec registre, base et carcasse du po\u00eale<br \/>\nbanc de sauna en tremble avec un marchepied, dossier, protection du po\u00eale<br \/>\nfen\u00eatres ouvrables en verre tremp\u00e9<br \/>\nporte verrouillable en verre tremp\u00e9<br \/>\ncanal d&rsquo;eau dans le plancher de la pi\u00e8ce de vapeur par lequel l&rsquo;eau de lavage et celle pour g\u00e9n\u00e9rer la vapeur peuvent \u00eatre \u00e9vacu\u00e9es<br \/>\nbo\u00eete pour accessoires<br \/>\nIl n&rsquo;y a pas de meubles dans la pi\u00e8ce d&rsquo;entr\u00e9e du sauna\u00a0; les photos sont illustratives.<br \/>\nVous n&rsquo;avez pas besoin de demander un permis de construire pour garer votre sauna.<br \/>\nPour conduire une telle remorque conform\u00e9ment \u00e0 la loi, le conducteur doit \u00eatre titulaire d&rsquo;un permis de cat\u00e9gorie BE.\u2028\u2028Les prix sont valables depuis l&rsquo;entrep\u00f4t de l&rsquo;usine Tene et incluent la TVA.<br \/>\nLe prix n&rsquo;inclut pas le transport du produit.<\/p>\n","protected":false},"excerpt":{"rendered":"<p>Sauna sur roues \u00e0 deux essieux avec toit inclin\u00e9 sur un c\u00f4t\u00e9 pr\u00eat pour l&rsquo;exp\u00e9rience du sauna.<br \/>\nBanc de sauna en tremble, po\u00eale \u00e0 bois et chemin\u00e9e de haute qualit\u00e9 avec registre.<\/p>\n","protected":false},"featured_media":6474,"template":"","meta":{"_acf_changed":false},"product_brand":[],"product_cat":[442,444],"product_tag":[],"class_list":{"0":"post-19704","1":"product","2":"type-product","3":"status-publish","4":"has-post-thumbnail","6":"product_cat-saunas-fr","7":"product_cat-saunas-sur-chariot","8":"pa_iseloomustus-2-chambres","9":"pa_iseloomustus-une-maison-carree","10":"pa_katuse-tuup-toit-en-pente","11":"pa_pindala-0-10-m2-fr","12":"pa_seina-paksus-40-mm-fr","14":"first","15":"onbackorder","16":"sale","17":"purchasable","18":"product-type-simple"},"acf":[],"yoast_head":"<!-- This site is optimized with the Yoast SEO plugin v27.3 - https:\/\/yoast.com\/product\/yoast-seo-wordpress\/ -->\n<title>Tene.ee - Sauna sur roues Moderni avec sauna et pi\u00e8ce de d\u00e9tente<\/title>\n<meta name=\"description\" content=\"Tene.ee Sauna sur roues Moderni avec sauna et pi\u00e8ce de d\u00e9tente\" \/>\n<meta name=\"robots\" content=\"index, follow, max-snippet:-1, max-image-preview:large, max-video-preview:-1\" \/>\n<link rel=\"canonical\" href=\"https:\/\/tene.ee\/fr\/toode\/karusaun-moderni-sauna-ja-puhkeruumiga\/\" \/>\n<meta property=\"og:locale\" content=\"fr_FR\" \/>\n<meta property=\"og:type\" content=\"article\" \/>\n<meta property=\"og:title\" content=\"Tene.ee - Sauna sur roues Moderni avec sauna et pi\u00e8ce de d\u00e9tente\" \/>\n<meta property=\"og:description\" content=\"Tene.ee Sauna sur roues Moderni avec sauna et pi\u00e8ce de d\u00e9tente\" \/>\n<meta property=\"og:url\" content=\"https:\/\/tene.ee\/fr\/toode\/karusaun-moderni-sauna-ja-puhkeruumiga\/\" \/>\n<meta property=\"og:site_name\" content=\"Tene.ee\" \/>\n<meta property=\"article:publisher\" content=\"https:\/\/www.facebook.com\/teneaiamajad\" \/>\n<meta property=\"article:modified_time\" content=\"2024-11-28T09:54:01+00:00\" \/>\n<meta property=\"og:image\" content=\"http:\/\/tene.ee\/wp-content\/uploads\/2024\/07\/Karrysauna_Moderni.jpg\" \/>\n\t<meta property=\"og:image:width\" content=\"2500\" \/>\n\t<meta property=\"og:image:height\" content=\"1667\" \/>\n\t<meta property=\"og:image:type\" content=\"image\/jpeg\" \/>\n<meta name=\"twitter:card\" content=\"summary_large_image\" \/>\n<meta name=\"twitter:label1\" content=\"Dur\u00e9e de lecture estim\u00e9e\" \/>\n\t<meta name=\"twitter:data1\" content=\"3 minutes\" \/>\n<script type=\"application\/ld+json\" class=\"yoast-schema-graph\">{\"@context\":\"https:\\\/\\\/schema.org\",\"@graph\":[{\"@type\":\"WebPage\",\"@id\":\"https:\\\/\\\/tene.ee\\\/fr\\\/toode\\\/karusaun-moderni-sauna-ja-puhkeruumiga\\\/\",\"url\":\"https:\\\/\\\/tene.ee\\\/fr\\\/toode\\\/karusaun-moderni-sauna-ja-puhkeruumiga\\\/\",\"name\":\"Tene.ee - Sauna sur roues Moderni avec sauna et pi\u00e8ce de d\u00e9tente\",\"isPartOf\":{\"@id\":\"https:\\\/\\\/tene.ee\\\/fr\\\/#website\"},\"primaryImageOfPage\":{\"@id\":\"https:\\\/\\\/tene.ee\\\/fr\\\/toode\\\/karusaun-moderni-sauna-ja-puhkeruumiga\\\/#primaryimage\"},\"image\":{\"@id\":\"https:\\\/\\\/tene.ee\\\/fr\\\/toode\\\/karusaun-moderni-sauna-ja-puhkeruumiga\\\/#primaryimage\"},\"thumbnailUrl\":\"https:\\\/\\\/tene.ee\\\/wp-content\\\/uploads\\\/2024\\\/07\\\/Karrysauna_Moderni.jpg\",\"datePublished\":\"2024-07-12T13:19:39+00:00\",\"dateModified\":\"2024-11-28T09:54:01+00:00\",\"description\":\"Tene.ee Sauna sur roues Moderni avec sauna et pi\u00e8ce de d\u00e9tente\",\"breadcrumb\":{\"@id\":\"https:\\\/\\\/tene.ee\\\/fr\\\/toode\\\/karusaun-moderni-sauna-ja-puhkeruumiga\\\/#breadcrumb\"},\"inLanguage\":\"fr-FR\",\"potentialAction\":[{\"@type\":\"ReadAction\",\"target\":[\"https:\\\/\\\/tene.ee\\\/fr\\\/toode\\\/karusaun-moderni-sauna-ja-puhkeruumiga\\\/\"]}]},{\"@type\":\"ImageObject\",\"inLanguage\":\"fr-FR\",\"@id\":\"https:\\\/\\\/tene.ee\\\/fr\\\/toode\\\/karusaun-moderni-sauna-ja-puhkeruumiga\\\/#primaryimage\",\"url\":\"https:\\\/\\\/tene.ee\\\/wp-content\\\/uploads\\\/2024\\\/07\\\/Karrysauna_Moderni.jpg\",\"contentUrl\":\"https:\\\/\\\/tene.ee\\\/wp-content\\\/uploads\\\/2024\\\/07\\\/Karrysauna_Moderni.jpg\",\"width\":2500,\"height\":1667},{\"@type\":\"BreadcrumbList\",\"@id\":\"https:\\\/\\\/tene.ee\\\/fr\\\/toode\\\/karusaun-moderni-sauna-ja-puhkeruumiga\\\/#breadcrumb\",\"itemListElement\":[{\"@type\":\"ListItem\",\"position\":1,\"name\":\"Avaleht\",\"item\":\"https:\\\/\\\/tene.ee\\\/fr\\\/\"},{\"@type\":\"ListItem\",\"position\":2,\"name\":\"Boutique\",\"item\":\"http:\\\/\\\/tene.ee\\\/fr\\\/boutique\\\/\"},{\"@type\":\"ListItem\",\"position\":3,\"name\":\"Sauna sur roues Moderni avec sauna et pi\u00e8ce de d\u00e9tente\"}]},{\"@type\":\"WebSite\",\"@id\":\"https:\\\/\\\/tene.ee\\\/fr\\\/#website\",\"url\":\"https:\\\/\\\/tene.ee\\\/fr\\\/\",\"name\":\"Tene.ee - Kaunite hetkede jaoks sinu aias\",\"description\":\"Tene.ee - parimad puit- ja aiamajad otse tootjalt\",\"publisher\":{\"@id\":\"https:\\\/\\\/tene.ee\\\/fr\\\/#organization\"},\"alternateName\":\"Tene.ee\",\"potentialAction\":[{\"@type\":\"SearchAction\",\"target\":{\"@type\":\"EntryPoint\",\"urlTemplate\":\"https:\\\/\\\/tene.ee\\\/fr\\\/?s={search_term_string}\"},\"query-input\":{\"@type\":\"PropertyValueSpecification\",\"valueRequired\":true,\"valueName\":\"search_term_string\"}}],\"inLanguage\":\"fr-FR\"},{\"@type\":\"Organization\",\"@id\":\"https:\\\/\\\/tene.ee\\\/fr\\\/#organization\",\"name\":\"Tene.ee\",\"url\":\"https:\\\/\\\/tene.ee\\\/fr\\\/\",\"logo\":{\"@type\":\"ImageObject\",\"inLanguage\":\"fr-FR\",\"@id\":\"https:\\\/\\\/tene.ee\\\/fr\\\/#\\\/schema\\\/logo\\\/image\\\/\",\"url\":\"https:\\\/\\\/tene.ee\\\/wp-content\\\/uploads\\\/2024\\\/12\\\/TENE-logo-2018-2.png\",\"contentUrl\":\"https:\\\/\\\/tene.ee\\\/wp-content\\\/uploads\\\/2024\\\/12\\\/TENE-logo-2018-2.png\",\"width\":2339,\"height\":1654,\"caption\":\"Tene.ee\"},\"image\":{\"@id\":\"https:\\\/\\\/tene.ee\\\/fr\\\/#\\\/schema\\\/logo\\\/image\\\/\"},\"sameAs\":[\"https:\\\/\\\/www.facebook.com\\\/teneaiamajad\"]}]}<\/script>\n<!-- \/ Yoast SEO plugin. -->","yoast_head_json":{"title":"Tene.ee - Sauna sur roues Moderni avec sauna et pi\u00e8ce de d\u00e9tente","description":"Tene.ee Sauna sur roues Moderni avec sauna et pi\u00e8ce de d\u00e9tente","robots":{"index":"index","follow":"follow","max-snippet":"max-snippet:-1","max-image-preview":"max-image-preview:large","max-video-preview":"max-video-preview:-1"},"canonical":"https:\/\/tene.ee\/fr\/toode\/karusaun-moderni-sauna-ja-puhkeruumiga\/","og_locale":"fr_FR","og_type":"article","og_title":"Tene.ee - Sauna sur roues Moderni avec sauna et pi\u00e8ce de d\u00e9tente","og_description":"Tene.ee Sauna sur roues Moderni avec sauna et pi\u00e8ce de d\u00e9tente","og_url":"https:\/\/tene.ee\/fr\/toode\/karusaun-moderni-sauna-ja-puhkeruumiga\/","og_site_name":"Tene.ee","article_publisher":"https:\/\/www.facebook.com\/teneaiamajad","article_modified_time":"2024-11-28T09:54:01+00:00","og_image":[{"width":2500,"height":1667,"url":"http:\/\/tene.ee\/wp-content\/uploads\/2024\/07\/Karrysauna_Moderni.jpg","type":"image\/jpeg"}],"twitter_card":"summary_large_image","twitter_misc":{"Dur\u00e9e de lecture estim\u00e9e":"3 minutes"},"schema":{"@context":"https:\/\/schema.org","@graph":[{"@type":"WebPage","@id":"https:\/\/tene.ee\/fr\/toode\/karusaun-moderni-sauna-ja-puhkeruumiga\/","url":"https:\/\/tene.ee\/fr\/toode\/karusaun-moderni-sauna-ja-puhkeruumiga\/","name":"Tene.ee - Sauna sur roues Moderni avec sauna et pi\u00e8ce de d\u00e9tente","isPartOf":{"@id":"https:\/\/tene.ee\/fr\/#website"},"primaryImageOfPage":{"@id":"https:\/\/tene.ee\/fr\/toode\/karusaun-moderni-sauna-ja-puhkeruumiga\/#primaryimage"},"image":{"@id":"https:\/\/tene.ee\/fr\/toode\/karusaun-moderni-sauna-ja-puhkeruumiga\/#primaryimage"},"thumbnailUrl":"https:\/\/tene.ee\/wp-content\/uploads\/2024\/07\/Karrysauna_Moderni.jpg","datePublished":"2024-07-12T13:19:39+00:00","dateModified":"2024-11-28T09:54:01+00:00","description":"Tene.ee Sauna sur roues Moderni avec sauna et pi\u00e8ce de d\u00e9tente","breadcrumb":{"@id":"https:\/\/tene.ee\/fr\/toode\/karusaun-moderni-sauna-ja-puhkeruumiga\/#breadcrumb"},"inLanguage":"fr-FR","potentialAction":[{"@type":"ReadAction","target":["https:\/\/tene.ee\/fr\/toode\/karusaun-moderni-sauna-ja-puhkeruumiga\/"]}]},{"@type":"ImageObject","inLanguage":"fr-FR","@id":"https:\/\/tene.ee\/fr\/toode\/karusaun-moderni-sauna-ja-puhkeruumiga\/#primaryimage","url":"https:\/\/tene.ee\/wp-content\/uploads\/2024\/07\/Karrysauna_Moderni.jpg","contentUrl":"https:\/\/tene.ee\/wp-content\/uploads\/2024\/07\/Karrysauna_Moderni.jpg","width":2500,"height":1667},{"@type":"BreadcrumbList","@id":"https:\/\/tene.ee\/fr\/toode\/karusaun-moderni-sauna-ja-puhkeruumiga\/#breadcrumb","itemListElement":[{"@type":"ListItem","position":1,"name":"Avaleht","item":"https:\/\/tene.ee\/fr\/"},{"@type":"ListItem","position":2,"name":"Boutique","item":"http:\/\/tene.ee\/fr\/boutique\/"},{"@type":"ListItem","position":3,"name":"Sauna sur roues Moderni avec sauna et pi\u00e8ce de d\u00e9tente"}]},{"@type":"WebSite","@id":"https:\/\/tene.ee\/fr\/#website","url":"https:\/\/tene.ee\/fr\/","name":"Tene.ee - Kaunite hetkede jaoks sinu aias","description":"Tene.ee - parimad puit- ja aiamajad otse tootjalt","publisher":{"@id":"https:\/\/tene.ee\/fr\/#organization"},"alternateName":"Tene.ee","potentialAction":[{"@type":"SearchAction","target":{"@type":"EntryPoint","urlTemplate":"https:\/\/tene.ee\/fr\/?s={search_term_string}"},"query-input":{"@type":"PropertyValueSpecification","valueRequired":true,"valueName":"search_term_string"}}],"inLanguage":"fr-FR"},{"@type":"Organization","@id":"https:\/\/tene.ee\/fr\/#organization","name":"Tene.ee","url":"https:\/\/tene.ee\/fr\/","logo":{"@type":"ImageObject","inLanguage":"fr-FR","@id":"https:\/\/tene.ee\/fr\/#\/schema\/logo\/image\/","url":"https:\/\/tene.ee\/wp-content\/uploads\/2024\/12\/TENE-logo-2018-2.png","contentUrl":"https:\/\/tene.ee\/wp-content\/uploads\/2024\/12\/TENE-logo-2018-2.png","width":2339,"height":1654,"caption":"Tene.ee"},"image":{"@id":"https:\/\/tene.ee\/fr\/#\/schema\/logo\/image\/"},"sameAs":["https:\/\/www.facebook.com\/teneaiamajad"]}]}},"_links":{"self":[{"href":"https:\/\/tene.ee\/fr\/wp-json\/wp\/v2\/product\/19704","targetHints":{"allow":["GET"]}}],"collection":[{"href":"https:\/\/tene.ee\/fr\/wp-json\/wp\/v2\/product"}],"about":[{"href":"https:\/\/tene.ee\/fr\/wp-json\/wp\/v2\/types\/product"}],"wp:featuredmedia":[{"embeddable":true,"href":"https:\/\/tene.ee\/fr\/wp-json\/wp\/v2\/media\/6474"}],"wp:attachment":[{"href":"https:\/\/tene.ee\/fr\/wp-json\/wp\/v2\/media?parent=19704"}],"wp:term":[{"taxonomy":"product_brand","embeddable":true,"href":"https:\/\/tene.ee\/fr\/wp-json\/wp\/v2\/product_brand?post=19704"},{"taxonomy":"product_cat","embeddable":true,"href":"https:\/\/tene.ee\/fr\/wp-json\/wp\/v2\/product_cat?post=19704"},{"taxonomy":"product_tag","embeddable":true,"href":"https:\/\/tene.ee\/fr\/wp-json\/wp\/v2\/product_tag?post=19704"}],"curies":[{"name":"wp","href":"https:\/\/api.w.org\/{rel}","templated":true}]}}