{"id":19504,"date":"2024-07-12T16:20:40","date_gmt":"2024-07-12T13:20:40","guid":{"rendered":"https:\/\/tene.ee\/toode\/kumblustunn-standard-o-180-sinine-kaanega\/"},"modified":"2024-11-28T11:54:05","modified_gmt":"2024-11-28T09:54:05","slug":"kumblustunn-standard-o-180-sinine-kaanega","status":"publish","type":"product","link":"https:\/\/tene.ee\/fr\/toode\/kumblustunn-standard-o-180-sinine-kaanega\/","title":{"rendered":"Cuve thermale Standard, bleue \u00d8 180, avec couvercle"},"content":{"rendered":"<p>L&rsquo;int\u00e9rieur et le couvercle de la cuve thermale sont fabriqu\u00e9s en plastique PE moul\u00e9 par rotation (plastique poly\u00e9thyl\u00e8ne). L&rsquo;assise moul\u00e9e \u00e0 l&rsquo;int\u00e9rieur est isol\u00e9e avec 40\u00a0cm de mousse de polystyr\u00e8ne.<br \/>\nLe plastique PE est tr\u00e8s facile \u00e0 garder propre. La cuve thermale est munie d&rsquo;un trou de vidange et d&rsquo;un tuyau de drainage avec un robinet. La cuve thermale et le couvercle sont tr\u00e8s r\u00e9sistants aux intemp\u00e9ries et ne sont affect\u00e9s ni par la chaleur, ni par le froid. Gr\u00e2ce au couvercle, l&rsquo;eau de la cuve thermale se r\u00e9chauffe plus rapidement et aucun d\u00e9bris ou salet\u00e9 ne vient contaminer l&rsquo;eau lorsque le couvercle est ferm\u00e9.<br \/>\nLe po\u00eale ext\u00e9rieur de la cuve est en aluminium de qualit\u00e9 marine et il peut \u00eatre chauff\u00e9 avec du bois de 50\u00a0cm de long maximum. Dans ce cas, le temps de chauffage est d&rsquo;environ 3 \u00e0 3,5\u00a0heures. Lorsque vous chauffez avec des briquettes de bois, le temps de chauffage est d\u2019environ une heure de moins (2,5 \u00e0 3,5\u00a0heures). La consommation de briquettes est d\u2019environ 25\u00a0kg. Le temps n\u00e9cessaire pour chauffer la cuve thermale d\u00e9pend \u00e9galement de la p\u00e9riode de l\u2019ann\u00e9e. En hiver, le temps de chauffage peut \u00eatre beaucoup plus long qu\u2019en \u00e9t\u00e9, lorsque la cuve thermale se r\u00e9chauffe plus rapidement.<\/p>\n","protected":false},"excerpt":{"rendered":"<p>Cuve thermale avec un couvercle pour 6 personnes.<br \/>\nDimensions ext\u00e9rieures de la cuve thermale \u00d8 183\u00a0cm<br \/>\nDimensions ext\u00e9rieures de la cuve thermale avec couvercle 187\u00a0cm<br \/>\nCapacit\u00e9 en eau de la cuve 1\u00a0450\u00a0l<br \/>\nHauteur de la cuve thermale par rapport au sol 119\u00a0cm<br \/>\nHauteur de la cuve thermale avec un couvercle \u00e0 partir du sol 145\u00a0cm<br \/>\nPo\u00eale ext\u00e9rieur en aluminium de qualit\u00e9 marine (dimensions 65 x 42 x 62\u00a0cm)<br \/>\nLongueur de la chemin\u00e9e 200\u00a0cm<br \/>\nHabillage en bois avec finition en cire \u00e0 bois<br \/>\nLa couleur de l\u2019int\u00e9rieur et du couvercle est bleu granit<br \/>\nVidange de l&rsquo;eau par un robinet<br \/>\nLe temps n\u00e9cessaire pour chauffer l&rsquo;eau d&rsquo;une temp\u00e9rature de 5 \u00e0 38\u00a0\u00b0C avec du bois de 50\u00a0cm de long est d&rsquo;env. 3 \u00e0 3,5\u00a0heures (avec briquettes de bois env. 2 \u00e0 2,5\u00a0heures)<br \/>\nPoids de la cuve thermale avec le po\u00eale env. 250\u00a0kg<br \/>\nLe cadre de base de la cuve thermale est fait de bois impr\u00e9gn\u00e9 de 45 x 70\u00a0cm<\/p>\n<p>Les prix sont valables depuis l&rsquo;entrep\u00f4t de l&rsquo;usine Tene et incluent la TVA.<br \/>\nLe prix n&rsquo;inclut pas le transport du produit.<\/p>\n","protected":false},"featured_media":6786,"template":"","meta":{"_acf_changed":false},"product_brand":[],"product_cat":[433],"product_tag":[],"class_list":{"0":"post-19504","1":"product","2":"type-product","3":"status-publish","4":"has-post-thumbnail","6":"product_cat-spas","7":"pa_kumblustunni-diameeter-183-cm-fr","9":"first","10":"instock","11":"sale","12":"purchasable","13":"product-type-simple"},"acf":[],"yoast_head":"<!-- This site is optimized with the Yoast SEO plugin v27.3 - https:\/\/yoast.com\/product\/yoast-seo-wordpress\/ -->\n<title>Tene.ee - Cuve thermale Standard, bleue \u00d8 180, avec couvercle<\/title>\n<meta name=\"description\" content=\"Tene.ee Cuve thermale Standard, bleue \u00d8 180, avec couvercle\" \/>\n<meta name=\"robots\" content=\"index, follow, max-snippet:-1, max-image-preview:large, max-video-preview:-1\" \/>\n<link rel=\"canonical\" href=\"https:\/\/tene.ee\/fr\/toode\/kumblustunn-standard-o-180-sinine-kaanega\/\" \/>\n<meta property=\"og:locale\" content=\"fr_FR\" \/>\n<meta property=\"og:type\" content=\"article\" \/>\n<meta property=\"og:title\" content=\"Tene.ee - Cuve thermale Standard, bleue \u00d8 180, avec couvercle\" \/>\n<meta property=\"og:description\" content=\"Tene.ee Cuve thermale Standard, bleue \u00d8 180, avec couvercle\" \/>\n<meta property=\"og:url\" content=\"https:\/\/tene.ee\/fr\/toode\/kumblustunn-standard-o-180-sinine-kaanega\/\" \/>\n<meta property=\"og:site_name\" content=\"Tene.ee\" \/>\n<meta property=\"article:publisher\" content=\"https:\/\/www.facebook.com\/teneaiamajad\" \/>\n<meta property=\"article:modified_time\" content=\"2024-11-28T09:54:05+00:00\" \/>\n<meta property=\"og:image\" content=\"http:\/\/tene.ee\/wp-content\/uploads\/2024\/07\/Kymblustynn_Standard180_sinine_kaanega-1024x683.jpg\" \/>\n\t<meta property=\"og:image:width\" content=\"1024\" \/>\n\t<meta property=\"og:image:height\" content=\"683\" \/>\n\t<meta property=\"og:image:type\" content=\"image\/jpeg\" \/>\n<meta name=\"twitter:card\" content=\"summary_large_image\" \/>\n<meta name=\"twitter:label1\" content=\"Dur\u00e9e de lecture estim\u00e9e\" \/>\n\t<meta name=\"twitter:data1\" content=\"2 minutes\" \/>\n<script type=\"application\/ld+json\" class=\"yoast-schema-graph\">{\"@context\":\"https:\\\/\\\/schema.org\",\"@graph\":[{\"@type\":\"WebPage\",\"@id\":\"https:\\\/\\\/tene.ee\\\/fr\\\/toode\\\/kumblustunn-standard-o-180-sinine-kaanega\\\/\",\"url\":\"https:\\\/\\\/tene.ee\\\/fr\\\/toode\\\/kumblustunn-standard-o-180-sinine-kaanega\\\/\",\"name\":\"Tene.ee - Cuve thermale Standard, bleue \u00d8 180, avec couvercle\",\"isPartOf\":{\"@id\":\"https:\\\/\\\/tene.ee\\\/fr\\\/#website\"},\"primaryImageOfPage\":{\"@id\":\"https:\\\/\\\/tene.ee\\\/fr\\\/toode\\\/kumblustunn-standard-o-180-sinine-kaanega\\\/#primaryimage\"},\"image\":{\"@id\":\"https:\\\/\\\/tene.ee\\\/fr\\\/toode\\\/kumblustunn-standard-o-180-sinine-kaanega\\\/#primaryimage\"},\"thumbnailUrl\":\"https:\\\/\\\/tene.ee\\\/wp-content\\\/uploads\\\/2024\\\/07\\\/Kymblustynn_Standard180_sinine_kaanega.jpg\",\"datePublished\":\"2024-07-12T13:20:40+00:00\",\"dateModified\":\"2024-11-28T09:54:05+00:00\",\"description\":\"Tene.ee Cuve thermale Standard, bleue \u00d8 180, avec couvercle\",\"breadcrumb\":{\"@id\":\"https:\\\/\\\/tene.ee\\\/fr\\\/toode\\\/kumblustunn-standard-o-180-sinine-kaanega\\\/#breadcrumb\"},\"inLanguage\":\"fr-FR\",\"potentialAction\":[{\"@type\":\"ReadAction\",\"target\":[\"https:\\\/\\\/tene.ee\\\/fr\\\/toode\\\/kumblustunn-standard-o-180-sinine-kaanega\\\/\"]}]},{\"@type\":\"ImageObject\",\"inLanguage\":\"fr-FR\",\"@id\":\"https:\\\/\\\/tene.ee\\\/fr\\\/toode\\\/kumblustunn-standard-o-180-sinine-kaanega\\\/#primaryimage\",\"url\":\"https:\\\/\\\/tene.ee\\\/wp-content\\\/uploads\\\/2024\\\/07\\\/Kymblustynn_Standard180_sinine_kaanega.jpg\",\"contentUrl\":\"https:\\\/\\\/tene.ee\\\/wp-content\\\/uploads\\\/2024\\\/07\\\/Kymblustynn_Standard180_sinine_kaanega.jpg\",\"width\":2500,\"height\":1667},{\"@type\":\"BreadcrumbList\",\"@id\":\"https:\\\/\\\/tene.ee\\\/fr\\\/toode\\\/kumblustunn-standard-o-180-sinine-kaanega\\\/#breadcrumb\",\"itemListElement\":[{\"@type\":\"ListItem\",\"position\":1,\"name\":\"Avaleht\",\"item\":\"https:\\\/\\\/tene.ee\\\/fr\\\/\"},{\"@type\":\"ListItem\",\"position\":2,\"name\":\"Boutique\",\"item\":\"http:\\\/\\\/tene.ee\\\/fr\\\/boutique\\\/\"},{\"@type\":\"ListItem\",\"position\":3,\"name\":\"Cuve thermale Standard, bleue \u00d8 180, avec couvercle\"}]},{\"@type\":\"WebSite\",\"@id\":\"https:\\\/\\\/tene.ee\\\/fr\\\/#website\",\"url\":\"https:\\\/\\\/tene.ee\\\/fr\\\/\",\"name\":\"Tene.ee - Kaunite hetkede jaoks sinu aias\",\"description\":\"Tene.ee - parimad puit- ja aiamajad otse tootjalt\",\"publisher\":{\"@id\":\"https:\\\/\\\/tene.ee\\\/fr\\\/#organization\"},\"alternateName\":\"Tene.ee\",\"potentialAction\":[{\"@type\":\"SearchAction\",\"target\":{\"@type\":\"EntryPoint\",\"urlTemplate\":\"https:\\\/\\\/tene.ee\\\/fr\\\/?s={search_term_string}\"},\"query-input\":{\"@type\":\"PropertyValueSpecification\",\"valueRequired\":true,\"valueName\":\"search_term_string\"}}],\"inLanguage\":\"fr-FR\"},{\"@type\":\"Organization\",\"@id\":\"https:\\\/\\\/tene.ee\\\/fr\\\/#organization\",\"name\":\"Tene.ee\",\"url\":\"https:\\\/\\\/tene.ee\\\/fr\\\/\",\"logo\":{\"@type\":\"ImageObject\",\"inLanguage\":\"fr-FR\",\"@id\":\"https:\\\/\\\/tene.ee\\\/fr\\\/#\\\/schema\\\/logo\\\/image\\\/\",\"url\":\"https:\\\/\\\/tene.ee\\\/wp-content\\\/uploads\\\/2024\\\/12\\\/TENE-logo-2018-2.png\",\"contentUrl\":\"https:\\\/\\\/tene.ee\\\/wp-content\\\/uploads\\\/2024\\\/12\\\/TENE-logo-2018-2.png\",\"width\":2339,\"height\":1654,\"caption\":\"Tene.ee\"},\"image\":{\"@id\":\"https:\\\/\\\/tene.ee\\\/fr\\\/#\\\/schema\\\/logo\\\/image\\\/\"},\"sameAs\":[\"https:\\\/\\\/www.facebook.com\\\/teneaiamajad\"]}]}<\/script>\n<!-- \/ Yoast SEO plugin. -->","yoast_head_json":{"title":"Tene.ee - Cuve thermale Standard, bleue \u00d8 180, avec couvercle","description":"Tene.ee Cuve thermale Standard, bleue \u00d8 180, avec couvercle","robots":{"index":"index","follow":"follow","max-snippet":"max-snippet:-1","max-image-preview":"max-image-preview:large","max-video-preview":"max-video-preview:-1"},"canonical":"https:\/\/tene.ee\/fr\/toode\/kumblustunn-standard-o-180-sinine-kaanega\/","og_locale":"fr_FR","og_type":"article","og_title":"Tene.ee - Cuve thermale Standard, bleue \u00d8 180, avec couvercle","og_description":"Tene.ee Cuve thermale Standard, bleue \u00d8 180, avec couvercle","og_url":"https:\/\/tene.ee\/fr\/toode\/kumblustunn-standard-o-180-sinine-kaanega\/","og_site_name":"Tene.ee","article_publisher":"https:\/\/www.facebook.com\/teneaiamajad","article_modified_time":"2024-11-28T09:54:05+00:00","og_image":[{"width":1024,"height":683,"url":"http:\/\/tene.ee\/wp-content\/uploads\/2024\/07\/Kymblustynn_Standard180_sinine_kaanega-1024x683.jpg","type":"image\/jpeg"}],"twitter_card":"summary_large_image","twitter_misc":{"Dur\u00e9e de lecture estim\u00e9e":"2 minutes"},"schema":{"@context":"https:\/\/schema.org","@graph":[{"@type":"WebPage","@id":"https:\/\/tene.ee\/fr\/toode\/kumblustunn-standard-o-180-sinine-kaanega\/","url":"https:\/\/tene.ee\/fr\/toode\/kumblustunn-standard-o-180-sinine-kaanega\/","name":"Tene.ee - Cuve thermale Standard, bleue \u00d8 180, avec couvercle","isPartOf":{"@id":"https:\/\/tene.ee\/fr\/#website"},"primaryImageOfPage":{"@id":"https:\/\/tene.ee\/fr\/toode\/kumblustunn-standard-o-180-sinine-kaanega\/#primaryimage"},"image":{"@id":"https:\/\/tene.ee\/fr\/toode\/kumblustunn-standard-o-180-sinine-kaanega\/#primaryimage"},"thumbnailUrl":"https:\/\/tene.ee\/wp-content\/uploads\/2024\/07\/Kymblustynn_Standard180_sinine_kaanega.jpg","datePublished":"2024-07-12T13:20:40+00:00","dateModified":"2024-11-28T09:54:05+00:00","description":"Tene.ee Cuve thermale Standard, bleue \u00d8 180, avec couvercle","breadcrumb":{"@id":"https:\/\/tene.ee\/fr\/toode\/kumblustunn-standard-o-180-sinine-kaanega\/#breadcrumb"},"inLanguage":"fr-FR","potentialAction":[{"@type":"ReadAction","target":["https:\/\/tene.ee\/fr\/toode\/kumblustunn-standard-o-180-sinine-kaanega\/"]}]},{"@type":"ImageObject","inLanguage":"fr-FR","@id":"https:\/\/tene.ee\/fr\/toode\/kumblustunn-standard-o-180-sinine-kaanega\/#primaryimage","url":"https:\/\/tene.ee\/wp-content\/uploads\/2024\/07\/Kymblustynn_Standard180_sinine_kaanega.jpg","contentUrl":"https:\/\/tene.ee\/wp-content\/uploads\/2024\/07\/Kymblustynn_Standard180_sinine_kaanega.jpg","width":2500,"height":1667},{"@type":"BreadcrumbList","@id":"https:\/\/tene.ee\/fr\/toode\/kumblustunn-standard-o-180-sinine-kaanega\/#breadcrumb","itemListElement":[{"@type":"ListItem","position":1,"name":"Avaleht","item":"https:\/\/tene.ee\/fr\/"},{"@type":"ListItem","position":2,"name":"Boutique","item":"http:\/\/tene.ee\/fr\/boutique\/"},{"@type":"ListItem","position":3,"name":"Cuve thermale Standard, bleue \u00d8 180, avec couvercle"}]},{"@type":"WebSite","@id":"https:\/\/tene.ee\/fr\/#website","url":"https:\/\/tene.ee\/fr\/","name":"Tene.ee - Kaunite hetkede jaoks sinu aias","description":"Tene.ee - parimad puit- ja aiamajad otse tootjalt","publisher":{"@id":"https:\/\/tene.ee\/fr\/#organization"},"alternateName":"Tene.ee","potentialAction":[{"@type":"SearchAction","target":{"@type":"EntryPoint","urlTemplate":"https:\/\/tene.ee\/fr\/?s={search_term_string}"},"query-input":{"@type":"PropertyValueSpecification","valueRequired":true,"valueName":"search_term_string"}}],"inLanguage":"fr-FR"},{"@type":"Organization","@id":"https:\/\/tene.ee\/fr\/#organization","name":"Tene.ee","url":"https:\/\/tene.ee\/fr\/","logo":{"@type":"ImageObject","inLanguage":"fr-FR","@id":"https:\/\/tene.ee\/fr\/#\/schema\/logo\/image\/","url":"https:\/\/tene.ee\/wp-content\/uploads\/2024\/12\/TENE-logo-2018-2.png","contentUrl":"https:\/\/tene.ee\/wp-content\/uploads\/2024\/12\/TENE-logo-2018-2.png","width":2339,"height":1654,"caption":"Tene.ee"},"image":{"@id":"https:\/\/tene.ee\/fr\/#\/schema\/logo\/image\/"},"sameAs":["https:\/\/www.facebook.com\/teneaiamajad"]}]}},"_links":{"self":[{"href":"https:\/\/tene.ee\/fr\/wp-json\/wp\/v2\/product\/19504","targetHints":{"allow":["GET"]}}],"collection":[{"href":"https:\/\/tene.ee\/fr\/wp-json\/wp\/v2\/product"}],"about":[{"href":"https:\/\/tene.ee\/fr\/wp-json\/wp\/v2\/types\/product"}],"wp:featuredmedia":[{"embeddable":true,"href":"https:\/\/tene.ee\/fr\/wp-json\/wp\/v2\/media\/6786"}],"wp:attachment":[{"href":"https:\/\/tene.ee\/fr\/wp-json\/wp\/v2\/media?parent=19504"}],"wp:term":[{"taxonomy":"product_brand","embeddable":true,"href":"https:\/\/tene.ee\/fr\/wp-json\/wp\/v2\/product_brand?post=19504"},{"taxonomy":"product_cat","embeddable":true,"href":"https:\/\/tene.ee\/fr\/wp-json\/wp\/v2\/product_cat?post=19504"},{"taxonomy":"product_tag","embeddable":true,"href":"https:\/\/tene.ee\/fr\/wp-json\/wp\/v2\/product_tag?post=19504"}],"curies":[{"name":"wp","href":"https:\/\/api.w.org\/{rel}","templated":true}]}}