{"id":19439,"date":"2024-07-12T16:20:40","date_gmt":"2024-07-12T13:20:40","guid":{"rendered":"https:\/\/tene.ee\/toode\/moderni-pihasauna-15\/"},"modified":"2024-11-28T11:53:27","modified_gmt":"2024-11-28T09:53:27","slug":"moderni-pihasauna-15","status":"publish","type":"product","link":"https:\/\/tene.ee\/fr\/toode\/moderni-pihasauna-15\/","title":{"rendered":"Moderni Pihasauna 15"},"content":{"rendered":"<p>Les abris de jardin, chalets en madriers, abris de rangement, pavillons, saunas, chalets d&rsquo;\u00e9t\u00e9, abris pour barbecue et garages en bois de 70\u00a0mm fabriqu\u00e9s dans l&rsquo;usine de Tene sont livr\u00e9s avec des portes, des fen\u00eatres, un plancher, les fixations et les instructions de montage, rendant la construction d&rsquo;un abri de jardin simple et rapide.<\/p>\n<p>L\u2019ensemble d\u2019un sauna TENE avec une \u00e9paisseur de 70\u00a0mm comprend les \u00e9l\u00e9ments suivants selon le dessin du produit\u00a0:<\/p>\n<p>le bois utilis\u00e9 est \u00e0 100\u00a0% de l&rsquo;\u00e9pic\u00e9a de qualit\u00e9 nordique<br \/>\nportes et fen\u00eatres en bois lamell\u00e9-coll\u00e9 extra-sec (8-12\u00a0%)<br \/>\nseuil en acier inoxydable<br \/>\nFen\u00eatres oscillo-battantes \u00e0 l&rsquo;allemande avec vitrage, ferrures incluses<br \/>\nPorte \u00e0 l&rsquo;allemande avec vitrage, ferrures incluses<br \/>\nporte de la pi\u00e8ce de sauna en bois lamell\u00e9-coll\u00e9, avec verre tremp\u00e9<br \/>\nbanc de sauna en aulne avec dossier et marchepied<br \/>\nsolives impr\u00e9gn\u00e9es en autoclave<br \/>\nplancher en lames profil\u00e9es de 28\u00a0mm d\u2019\u00e9paisseur<br \/>\ncanal d&rsquo;eau dans le sol de la pi\u00e8ce de vapeur<br \/>\nLe b\u00e2timent du sauna a des panneaux de toit doubles, permettant l\u2019ajout de 50\u00a0mm d\u2019isolation (mat\u00e9riau isolant non inclus dans le prix).<br \/>\nsous-couche de toiture<br \/>\nbords de rive et fa\u00eetage<br \/>\nplafond en lames profil\u00e9es de 18\u00a0mm d&rsquo;\u00e9paisseur<br \/>\ntiges filet\u00e9es<br \/>\nfixations (clous, vis)<br \/>\ndessins et plans d&rsquo;installation<br \/>\nLes prix sont valables depuis l&rsquo;entrep\u00f4t de l&rsquo;usine Tene et incluent la TVA.<br \/>\nLe prix n&rsquo;inclut pas le transport du produit.<\/p>\n","protected":false},"excerpt":{"rendered":"<p>Le prix inclut un banc de sauna en aulne, un marchepied et un dossier, un plancher en 28\u00a0mm, les bords de rive et le fa\u00eetage, les fixations et les instructions de montage.<\/p>\n<p>Le prix n&rsquo;inclut pas les mat\u00e9riaux de toiture et le transport.<\/p>\n","protected":false},"featured_media":6618,"template":"","meta":{"_acf_changed":false},"product_brand":[],"product_cat":[447,442],"product_tag":[],"class_list":{"0":"post-19439","1":"product","2":"type-product","3":"status-publish","4":"has-post-thumbnail","6":"product_cat-maisons-de-sauna","7":"product_cat-saunas-fr","8":"pa_iseloomustus-2-chambres","9":"pa_iseloomustus-terrasse-fr","10":"pa_iseloomustus-une-maison-carree","11":"pa_katuse-tuup-toit-en-pente","12":"pa_pindala-0-10-m2-fr","13":"pa_seina-paksus-70-mm-fr","15":"first","16":"onbackorder","17":"sale","18":"purchasable","19":"product-type-simple"},"acf":[],"yoast_head":"<!-- This site is optimized with the Yoast SEO plugin v27.3 - https:\/\/yoast.com\/product\/yoast-seo-wordpress\/ -->\n<title>Tene.ee - Moderni Pihasauna 15<\/title>\n<meta name=\"description\" content=\"Tene.ee Moderni Pihasauna 15\" \/>\n<meta name=\"robots\" content=\"index, follow, max-snippet:-1, max-image-preview:large, max-video-preview:-1\" \/>\n<link rel=\"canonical\" href=\"https:\/\/tene.ee\/fr\/toode\/moderni-pihasauna-15\/\" \/>\n<meta property=\"og:locale\" content=\"fr_FR\" \/>\n<meta property=\"og:type\" content=\"article\" \/>\n<meta property=\"og:title\" content=\"Tene.ee - Moderni Pihasauna 15\" \/>\n<meta property=\"og:description\" content=\"Tene.ee Moderni Pihasauna 15\" \/>\n<meta property=\"og:url\" content=\"https:\/\/tene.ee\/fr\/toode\/moderni-pihasauna-15\/\" \/>\n<meta property=\"og:site_name\" content=\"Tene.ee\" \/>\n<meta property=\"article:publisher\" content=\"https:\/\/www.facebook.com\/teneaiamajad\" \/>\n<meta property=\"article:modified_time\" content=\"2024-11-28T09:53:27+00:00\" \/>\n<meta property=\"og:image\" content=\"http:\/\/tene.ee\/wp-content\/uploads\/2024\/07\/Moderni_pihasauna_15-1024x683.jpg\" \/>\n\t<meta property=\"og:image:width\" content=\"1024\" \/>\n\t<meta property=\"og:image:height\" content=\"683\" \/>\n\t<meta property=\"og:image:type\" content=\"image\/jpeg\" \/>\n<meta name=\"twitter:card\" content=\"summary_large_image\" \/>\n<meta name=\"twitter:label1\" content=\"Dur\u00e9e de lecture estim\u00e9e\" \/>\n\t<meta name=\"twitter:data1\" content=\"2 minutes\" \/>\n<script type=\"application\/ld+json\" class=\"yoast-schema-graph\">{\"@context\":\"https:\\\/\\\/schema.org\",\"@graph\":[{\"@type\":\"WebPage\",\"@id\":\"https:\\\/\\\/tene.ee\\\/fr\\\/toode\\\/moderni-pihasauna-15\\\/\",\"url\":\"https:\\\/\\\/tene.ee\\\/fr\\\/toode\\\/moderni-pihasauna-15\\\/\",\"name\":\"Tene.ee - Moderni Pihasauna 15\",\"isPartOf\":{\"@id\":\"https:\\\/\\\/tene.ee\\\/fr\\\/#website\"},\"primaryImageOfPage\":{\"@id\":\"https:\\\/\\\/tene.ee\\\/fr\\\/toode\\\/moderni-pihasauna-15\\\/#primaryimage\"},\"image\":{\"@id\":\"https:\\\/\\\/tene.ee\\\/fr\\\/toode\\\/moderni-pihasauna-15\\\/#primaryimage\"},\"thumbnailUrl\":\"https:\\\/\\\/tene.ee\\\/wp-content\\\/uploads\\\/2024\\\/07\\\/Moderni_pihasauna_15.jpg\",\"datePublished\":\"2024-07-12T13:20:40+00:00\",\"dateModified\":\"2024-11-28T09:53:27+00:00\",\"description\":\"Tene.ee Moderni Pihasauna 15\",\"breadcrumb\":{\"@id\":\"https:\\\/\\\/tene.ee\\\/fr\\\/toode\\\/moderni-pihasauna-15\\\/#breadcrumb\"},\"inLanguage\":\"fr-FR\",\"potentialAction\":[{\"@type\":\"ReadAction\",\"target\":[\"https:\\\/\\\/tene.ee\\\/fr\\\/toode\\\/moderni-pihasauna-15\\\/\"]}]},{\"@type\":\"ImageObject\",\"inLanguage\":\"fr-FR\",\"@id\":\"https:\\\/\\\/tene.ee\\\/fr\\\/toode\\\/moderni-pihasauna-15\\\/#primaryimage\",\"url\":\"https:\\\/\\\/tene.ee\\\/wp-content\\\/uploads\\\/2024\\\/07\\\/Moderni_pihasauna_15.jpg\",\"contentUrl\":\"https:\\\/\\\/tene.ee\\\/wp-content\\\/uploads\\\/2024\\\/07\\\/Moderni_pihasauna_15.jpg\",\"width\":2500,\"height\":1667},{\"@type\":\"BreadcrumbList\",\"@id\":\"https:\\\/\\\/tene.ee\\\/fr\\\/toode\\\/moderni-pihasauna-15\\\/#breadcrumb\",\"itemListElement\":[{\"@type\":\"ListItem\",\"position\":1,\"name\":\"Avaleht\",\"item\":\"https:\\\/\\\/tene.ee\\\/fr\\\/\"},{\"@type\":\"ListItem\",\"position\":2,\"name\":\"Boutique\",\"item\":\"http:\\\/\\\/tene.ee\\\/fr\\\/boutique\\\/\"},{\"@type\":\"ListItem\",\"position\":3,\"name\":\"Moderni Pihasauna 15\"}]},{\"@type\":\"WebSite\",\"@id\":\"https:\\\/\\\/tene.ee\\\/fr\\\/#website\",\"url\":\"https:\\\/\\\/tene.ee\\\/fr\\\/\",\"name\":\"Tene.ee - Kaunite hetkede jaoks sinu aias\",\"description\":\"Tene.ee - parimad puit- ja aiamajad otse tootjalt\",\"publisher\":{\"@id\":\"https:\\\/\\\/tene.ee\\\/fr\\\/#organization\"},\"alternateName\":\"Tene.ee\",\"potentialAction\":[{\"@type\":\"SearchAction\",\"target\":{\"@type\":\"EntryPoint\",\"urlTemplate\":\"https:\\\/\\\/tene.ee\\\/fr\\\/?s={search_term_string}\"},\"query-input\":{\"@type\":\"PropertyValueSpecification\",\"valueRequired\":true,\"valueName\":\"search_term_string\"}}],\"inLanguage\":\"fr-FR\"},{\"@type\":\"Organization\",\"@id\":\"https:\\\/\\\/tene.ee\\\/fr\\\/#organization\",\"name\":\"Tene.ee\",\"url\":\"https:\\\/\\\/tene.ee\\\/fr\\\/\",\"logo\":{\"@type\":\"ImageObject\",\"inLanguage\":\"fr-FR\",\"@id\":\"https:\\\/\\\/tene.ee\\\/fr\\\/#\\\/schema\\\/logo\\\/image\\\/\",\"url\":\"https:\\\/\\\/tene.ee\\\/wp-content\\\/uploads\\\/2024\\\/12\\\/TENE-logo-2018-2.png\",\"contentUrl\":\"https:\\\/\\\/tene.ee\\\/wp-content\\\/uploads\\\/2024\\\/12\\\/TENE-logo-2018-2.png\",\"width\":2339,\"height\":1654,\"caption\":\"Tene.ee\"},\"image\":{\"@id\":\"https:\\\/\\\/tene.ee\\\/fr\\\/#\\\/schema\\\/logo\\\/image\\\/\"},\"sameAs\":[\"https:\\\/\\\/www.facebook.com\\\/teneaiamajad\"]}]}<\/script>\n<!-- \/ Yoast SEO plugin. -->","yoast_head_json":{"title":"Tene.ee - Moderni Pihasauna 15","description":"Tene.ee Moderni Pihasauna 15","robots":{"index":"index","follow":"follow","max-snippet":"max-snippet:-1","max-image-preview":"max-image-preview:large","max-video-preview":"max-video-preview:-1"},"canonical":"https:\/\/tene.ee\/fr\/toode\/moderni-pihasauna-15\/","og_locale":"fr_FR","og_type":"article","og_title":"Tene.ee - Moderni Pihasauna 15","og_description":"Tene.ee Moderni Pihasauna 15","og_url":"https:\/\/tene.ee\/fr\/toode\/moderni-pihasauna-15\/","og_site_name":"Tene.ee","article_publisher":"https:\/\/www.facebook.com\/teneaiamajad","article_modified_time":"2024-11-28T09:53:27+00:00","og_image":[{"width":1024,"height":683,"url":"http:\/\/tene.ee\/wp-content\/uploads\/2024\/07\/Moderni_pihasauna_15-1024x683.jpg","type":"image\/jpeg"}],"twitter_card":"summary_large_image","twitter_misc":{"Dur\u00e9e de lecture estim\u00e9e":"2 minutes"},"schema":{"@context":"https:\/\/schema.org","@graph":[{"@type":"WebPage","@id":"https:\/\/tene.ee\/fr\/toode\/moderni-pihasauna-15\/","url":"https:\/\/tene.ee\/fr\/toode\/moderni-pihasauna-15\/","name":"Tene.ee - Moderni Pihasauna 15","isPartOf":{"@id":"https:\/\/tene.ee\/fr\/#website"},"primaryImageOfPage":{"@id":"https:\/\/tene.ee\/fr\/toode\/moderni-pihasauna-15\/#primaryimage"},"image":{"@id":"https:\/\/tene.ee\/fr\/toode\/moderni-pihasauna-15\/#primaryimage"},"thumbnailUrl":"https:\/\/tene.ee\/wp-content\/uploads\/2024\/07\/Moderni_pihasauna_15.jpg","datePublished":"2024-07-12T13:20:40+00:00","dateModified":"2024-11-28T09:53:27+00:00","description":"Tene.ee Moderni Pihasauna 15","breadcrumb":{"@id":"https:\/\/tene.ee\/fr\/toode\/moderni-pihasauna-15\/#breadcrumb"},"inLanguage":"fr-FR","potentialAction":[{"@type":"ReadAction","target":["https:\/\/tene.ee\/fr\/toode\/moderni-pihasauna-15\/"]}]},{"@type":"ImageObject","inLanguage":"fr-FR","@id":"https:\/\/tene.ee\/fr\/toode\/moderni-pihasauna-15\/#primaryimage","url":"https:\/\/tene.ee\/wp-content\/uploads\/2024\/07\/Moderni_pihasauna_15.jpg","contentUrl":"https:\/\/tene.ee\/wp-content\/uploads\/2024\/07\/Moderni_pihasauna_15.jpg","width":2500,"height":1667},{"@type":"BreadcrumbList","@id":"https:\/\/tene.ee\/fr\/toode\/moderni-pihasauna-15\/#breadcrumb","itemListElement":[{"@type":"ListItem","position":1,"name":"Avaleht","item":"https:\/\/tene.ee\/fr\/"},{"@type":"ListItem","position":2,"name":"Boutique","item":"http:\/\/tene.ee\/fr\/boutique\/"},{"@type":"ListItem","position":3,"name":"Moderni Pihasauna 15"}]},{"@type":"WebSite","@id":"https:\/\/tene.ee\/fr\/#website","url":"https:\/\/tene.ee\/fr\/","name":"Tene.ee - Kaunite hetkede jaoks sinu aias","description":"Tene.ee - parimad puit- ja aiamajad otse tootjalt","publisher":{"@id":"https:\/\/tene.ee\/fr\/#organization"},"alternateName":"Tene.ee","potentialAction":[{"@type":"SearchAction","target":{"@type":"EntryPoint","urlTemplate":"https:\/\/tene.ee\/fr\/?s={search_term_string}"},"query-input":{"@type":"PropertyValueSpecification","valueRequired":true,"valueName":"search_term_string"}}],"inLanguage":"fr-FR"},{"@type":"Organization","@id":"https:\/\/tene.ee\/fr\/#organization","name":"Tene.ee","url":"https:\/\/tene.ee\/fr\/","logo":{"@type":"ImageObject","inLanguage":"fr-FR","@id":"https:\/\/tene.ee\/fr\/#\/schema\/logo\/image\/","url":"https:\/\/tene.ee\/wp-content\/uploads\/2024\/12\/TENE-logo-2018-2.png","contentUrl":"https:\/\/tene.ee\/wp-content\/uploads\/2024\/12\/TENE-logo-2018-2.png","width":2339,"height":1654,"caption":"Tene.ee"},"image":{"@id":"https:\/\/tene.ee\/fr\/#\/schema\/logo\/image\/"},"sameAs":["https:\/\/www.facebook.com\/teneaiamajad"]}]}},"_links":{"self":[{"href":"https:\/\/tene.ee\/fr\/wp-json\/wp\/v2\/product\/19439","targetHints":{"allow":["GET"]}}],"collection":[{"href":"https:\/\/tene.ee\/fr\/wp-json\/wp\/v2\/product"}],"about":[{"href":"https:\/\/tene.ee\/fr\/wp-json\/wp\/v2\/types\/product"}],"wp:featuredmedia":[{"embeddable":true,"href":"https:\/\/tene.ee\/fr\/wp-json\/wp\/v2\/media\/6618"}],"wp:attachment":[{"href":"https:\/\/tene.ee\/fr\/wp-json\/wp\/v2\/media?parent=19439"}],"wp:term":[{"taxonomy":"product_brand","embeddable":true,"href":"https:\/\/tene.ee\/fr\/wp-json\/wp\/v2\/product_brand?post=19439"},{"taxonomy":"product_cat","embeddable":true,"href":"https:\/\/tene.ee\/fr\/wp-json\/wp\/v2\/product_cat?post=19439"},{"taxonomy":"product_tag","embeddable":true,"href":"https:\/\/tene.ee\/fr\/wp-json\/wp\/v2\/product_tag?post=19439"}],"curies":[{"name":"wp","href":"https:\/\/api.w.org\/{rel}","templated":true}]}}