{"id":19376,"date":"2024-07-12T16:22:40","date_gmt":"2024-07-12T13:22:40","guid":{"rendered":"https:\/\/tene.ee\/toode\/pustine-tunnisaun-tornio-o-240-cm\/"},"modified":"2024-11-28T11:54:07","modified_gmt":"2024-11-28T09:54:07","slug":"pustine-tunnisaun-tornio-o-240-cm","status":"publish","type":"product","link":"https:\/\/tene.ee\/fr\/toode\/pustine-tunnisaun-tornio-o-240-cm\/","title":{"rendered":"Sauna tonneau vertical Tornio \u00d8 240 cm"},"content":{"rendered":"<p>Le sauna tonneau vertical Tornio pour 6 personnes maximum, fabriqu\u00e9 dans l&rsquo;usine d&rsquo;abris de jardin de Tene Kaubanduse, est pr\u00eat \u00e0 \u00eatre utilis\u00e9 au sauna. Nous transportons le produit partout o\u00f9 il est possible d&rsquo;atteindre avec une grue. Attention ! Les \u00e9l\u00e9ments de toiture finis avec couverture de toit et t\u00f4les de bordure sont inclus et doivent \u00eatre assembl\u00e9s sur place chez le client. L&rsquo;ensemble de sauna ovale fini pour jusqu&rsquo;\u00e0 6 personnes comprend :<br \/>\n100 % \u00e9pic\u00e9a nordique de haute qualit\u00e9 utilis\u00e9 comme mat\u00e9riau en bois.<br \/>\nSc\u00e8ne dans le hammam<br \/>\nParquet \u00e0 partir d&rsquo;une planche de 28 mm d&rsquo;\u00e9paisseur<br \/>\nDu sol<br \/>\nPo\u00eale \u00e0 grille \u00e0 bois avec porte vitr\u00e9e<br \/>\nChemin\u00e9e de haute qualit\u00e9 avec registre et r\u00e9servoir d&rsquo;eau 25 L<br \/>\nPierres chauffantes 80 kg<br \/>\nBase, bo\u00eetier et paroi arri\u00e8re r\u00e9sistants \u00e0 la chaleur du radiateur<br \/>\nRubero\u00efde en nid d&rsquo;abeille noir pour toiture<br \/>\nCapuchon de toit en m\u00e9tal<br \/>\nPorte d&rsquo;entr\u00e9e verrouillable avec verre tremp\u00e9<br \/>\n2 fen\u00eatres ouvrantes avec verre tremp\u00e9 dans le hammam<br \/>\n\u00c9paisseur de paroi : 40 mm<br \/>\nDiam\u00e8tre 240 cm<br \/>\nHauteur avec toit 300 cm<br \/>\nPoids : env. 1000kg<\/p>\n","protected":false},"excerpt":{"rendered":"<p>Sauna tonneau vertical pr\u00eat \u00e0 monter Tornio, \u00d8 240 cm, rubero\u00efde en nid d&rsquo;abeille noir pour couverture de toiture, po\u00eale \u00e0 bois avec pierres (80 kg), chemin\u00e9e de haute qualit\u00e9 avec registre et r\u00e9servoir d&rsquo;eau. Le sauna tonneau vertical Tornio est \u00e9galement disponible avec un radiateur \u00e9lectrique.<\/p>\n","protected":false},"featured_media":7442,"template":"","meta":{"_acf_changed":false},"product_brand":[],"product_cat":[442,449,448],"product_tag":[],"class_list":{"0":"post-19376","1":"product","2":"type-product","3":"status-publish","4":"has-post-thumbnail","6":"product_cat-saunas-fr","7":"product_cat-saunas-prets-a-lemploi","8":"product_cat-saunas-tubulaires","9":"product_shipping_class-390e-fr","10":"pa_iseloomustus-1-chambre","11":"pa_katuse-tuup-toit-pyramidal","12":"pa_pindala-0-10-m2-fr","13":"pa_seina-paksus-40-mm-fr","14":"pa_vali-keris-huum-elektrikeris-fr","15":"pa_vali-keris-puukuttega-skamet-keris-fr","17":"first","18":"onbackorder","19":"sale","20":"purchasable","21":"product-type-simple"},"acf":[],"yoast_head":"<!-- This site is optimized with the Yoast SEO plugin v27.4 - https:\/\/yoast.com\/product\/yoast-seo-wordpress\/ -->\n<title>Tene.ee - Sauna tonneau vertical Tornio \u00d8 240 cm<\/title>\n<meta name=\"description\" content=\"Tene.ee Sauna tonneau vertical Tornio \u00d8 240 cm\" \/>\n<meta name=\"robots\" content=\"index, follow, max-snippet:-1, max-image-preview:large, max-video-preview:-1\" \/>\n<link rel=\"canonical\" href=\"https:\/\/tene.ee\/fr\/toode\/pustine-tunnisaun-tornio-o-240-cm\/\" \/>\n<meta property=\"og:locale\" content=\"fr_FR\" \/>\n<meta property=\"og:type\" content=\"article\" \/>\n<meta property=\"og:title\" content=\"Tene.ee - Sauna tonneau vertical Tornio \u00d8 240 cm\" \/>\n<meta property=\"og:description\" content=\"Tene.ee Sauna tonneau vertical Tornio \u00d8 240 cm\" \/>\n<meta property=\"og:url\" content=\"https:\/\/tene.ee\/fr\/toode\/pustine-tunnisaun-tornio-o-240-cm\/\" \/>\n<meta property=\"og:site_name\" content=\"Tene.ee\" \/>\n<meta property=\"article:publisher\" content=\"https:\/\/www.facebook.com\/teneaiamajad\" \/>\n<meta property=\"article:modified_time\" content=\"2024-11-28T09:54:07+00:00\" \/>\n<meta property=\"og:image\" content=\"http:\/\/tene.ee\/wp-content\/uploads\/2024\/07\/Torusaun__Tornio-1024x683.jpeg\" \/>\n\t<meta property=\"og:image:width\" content=\"1024\" \/>\n\t<meta property=\"og:image:height\" content=\"683\" \/>\n\t<meta property=\"og:image:type\" content=\"image\/jpeg\" \/>\n<meta name=\"twitter:card\" content=\"summary_large_image\" \/>\n<meta name=\"twitter:label1\" content=\"Dur\u00e9e de lecture estim\u00e9e\" \/>\n\t<meta name=\"twitter:data1\" content=\"2 minutes\" \/>\n<script type=\"application\/ld+json\" class=\"yoast-schema-graph\">{\"@context\":\"https:\\\/\\\/schema.org\",\"@graph\":[{\"@type\":\"WebPage\",\"@id\":\"https:\\\/\\\/tene.ee\\\/fr\\\/toode\\\/pustine-tunnisaun-tornio-o-240-cm\\\/\",\"url\":\"https:\\\/\\\/tene.ee\\\/fr\\\/toode\\\/pustine-tunnisaun-tornio-o-240-cm\\\/\",\"name\":\"Tene.ee - Sauna tonneau vertical Tornio \u00d8 240 cm\",\"isPartOf\":{\"@id\":\"https:\\\/\\\/tene.ee\\\/fr\\\/#website\"},\"primaryImageOfPage\":{\"@id\":\"https:\\\/\\\/tene.ee\\\/fr\\\/toode\\\/pustine-tunnisaun-tornio-o-240-cm\\\/#primaryimage\"},\"image\":{\"@id\":\"https:\\\/\\\/tene.ee\\\/fr\\\/toode\\\/pustine-tunnisaun-tornio-o-240-cm\\\/#primaryimage\"},\"thumbnailUrl\":\"https:\\\/\\\/tene.ee\\\/wp-content\\\/uploads\\\/2024\\\/07\\\/Torusaun__Tornio.jpeg\",\"datePublished\":\"2024-07-12T13:22:40+00:00\",\"dateModified\":\"2024-11-28T09:54:07+00:00\",\"description\":\"Tene.ee Sauna tonneau vertical Tornio \u00d8 240 cm\",\"breadcrumb\":{\"@id\":\"https:\\\/\\\/tene.ee\\\/fr\\\/toode\\\/pustine-tunnisaun-tornio-o-240-cm\\\/#breadcrumb\"},\"inLanguage\":\"fr-FR\",\"potentialAction\":[{\"@type\":\"ReadAction\",\"target\":[\"https:\\\/\\\/tene.ee\\\/fr\\\/toode\\\/pustine-tunnisaun-tornio-o-240-cm\\\/\"]}]},{\"@type\":\"ImageObject\",\"inLanguage\":\"fr-FR\",\"@id\":\"https:\\\/\\\/tene.ee\\\/fr\\\/toode\\\/pustine-tunnisaun-tornio-o-240-cm\\\/#primaryimage\",\"url\":\"https:\\\/\\\/tene.ee\\\/wp-content\\\/uploads\\\/2024\\\/07\\\/Torusaun__Tornio.jpeg\",\"contentUrl\":\"https:\\\/\\\/tene.ee\\\/wp-content\\\/uploads\\\/2024\\\/07\\\/Torusaun__Tornio.jpeg\",\"width\":2500,\"height\":1667},{\"@type\":\"BreadcrumbList\",\"@id\":\"https:\\\/\\\/tene.ee\\\/fr\\\/toode\\\/pustine-tunnisaun-tornio-o-240-cm\\\/#breadcrumb\",\"itemListElement\":[{\"@type\":\"ListItem\",\"position\":1,\"name\":\"Avaleht\",\"item\":\"https:\\\/\\\/tene.ee\\\/fr\\\/\"},{\"@type\":\"ListItem\",\"position\":2,\"name\":\"Boutique\",\"item\":\"http:\\\/\\\/tene.ee\\\/fr\\\/boutique\\\/\"},{\"@type\":\"ListItem\",\"position\":3,\"name\":\"Sauna tonneau vertical Tornio \u00d8 240 cm\"}]},{\"@type\":\"WebSite\",\"@id\":\"https:\\\/\\\/tene.ee\\\/fr\\\/#website\",\"url\":\"https:\\\/\\\/tene.ee\\\/fr\\\/\",\"name\":\"Tene.ee - Kaunite hetkede jaoks sinu aias\",\"description\":\"Tene.ee - parimad puit- ja aiamajad otse tootjalt\",\"publisher\":{\"@id\":\"https:\\\/\\\/tene.ee\\\/fr\\\/#organization\"},\"alternateName\":\"Tene.ee\",\"potentialAction\":[{\"@type\":\"SearchAction\",\"target\":{\"@type\":\"EntryPoint\",\"urlTemplate\":\"https:\\\/\\\/tene.ee\\\/fr\\\/?s={search_term_string}\"},\"query-input\":{\"@type\":\"PropertyValueSpecification\",\"valueRequired\":true,\"valueName\":\"search_term_string\"}}],\"inLanguage\":\"fr-FR\"},{\"@type\":\"Organization\",\"@id\":\"https:\\\/\\\/tene.ee\\\/fr\\\/#organization\",\"name\":\"Tene.ee\",\"url\":\"https:\\\/\\\/tene.ee\\\/fr\\\/\",\"logo\":{\"@type\":\"ImageObject\",\"inLanguage\":\"fr-FR\",\"@id\":\"https:\\\/\\\/tene.ee\\\/fr\\\/#\\\/schema\\\/logo\\\/image\\\/\",\"url\":\"https:\\\/\\\/tene.ee\\\/wp-content\\\/uploads\\\/2024\\\/12\\\/TENE-logo-2018-2.png\",\"contentUrl\":\"https:\\\/\\\/tene.ee\\\/wp-content\\\/uploads\\\/2024\\\/12\\\/TENE-logo-2018-2.png\",\"width\":2339,\"height\":1654,\"caption\":\"Tene.ee\"},\"image\":{\"@id\":\"https:\\\/\\\/tene.ee\\\/fr\\\/#\\\/schema\\\/logo\\\/image\\\/\"},\"sameAs\":[\"https:\\\/\\\/www.facebook.com\\\/teneaiamajad\"]}]}<\/script>\n<!-- \/ Yoast SEO plugin. -->","yoast_head_json":{"title":"Tene.ee - Sauna tonneau vertical Tornio \u00d8 240 cm","description":"Tene.ee Sauna tonneau vertical Tornio \u00d8 240 cm","robots":{"index":"index","follow":"follow","max-snippet":"max-snippet:-1","max-image-preview":"max-image-preview:large","max-video-preview":"max-video-preview:-1"},"canonical":"https:\/\/tene.ee\/fr\/toode\/pustine-tunnisaun-tornio-o-240-cm\/","og_locale":"fr_FR","og_type":"article","og_title":"Tene.ee - Sauna tonneau vertical Tornio \u00d8 240 cm","og_description":"Tene.ee Sauna tonneau vertical Tornio \u00d8 240 cm","og_url":"https:\/\/tene.ee\/fr\/toode\/pustine-tunnisaun-tornio-o-240-cm\/","og_site_name":"Tene.ee","article_publisher":"https:\/\/www.facebook.com\/teneaiamajad","article_modified_time":"2024-11-28T09:54:07+00:00","og_image":[{"width":1024,"height":683,"url":"http:\/\/tene.ee\/wp-content\/uploads\/2024\/07\/Torusaun__Tornio-1024x683.jpeg","type":"image\/jpeg"}],"twitter_card":"summary_large_image","twitter_misc":{"Dur\u00e9e de lecture estim\u00e9e":"2 minutes"},"schema":{"@context":"https:\/\/schema.org","@graph":[{"@type":"WebPage","@id":"https:\/\/tene.ee\/fr\/toode\/pustine-tunnisaun-tornio-o-240-cm\/","url":"https:\/\/tene.ee\/fr\/toode\/pustine-tunnisaun-tornio-o-240-cm\/","name":"Tene.ee - Sauna tonneau vertical Tornio \u00d8 240 cm","isPartOf":{"@id":"https:\/\/tene.ee\/fr\/#website"},"primaryImageOfPage":{"@id":"https:\/\/tene.ee\/fr\/toode\/pustine-tunnisaun-tornio-o-240-cm\/#primaryimage"},"image":{"@id":"https:\/\/tene.ee\/fr\/toode\/pustine-tunnisaun-tornio-o-240-cm\/#primaryimage"},"thumbnailUrl":"https:\/\/tene.ee\/wp-content\/uploads\/2024\/07\/Torusaun__Tornio.jpeg","datePublished":"2024-07-12T13:22:40+00:00","dateModified":"2024-11-28T09:54:07+00:00","description":"Tene.ee Sauna tonneau vertical Tornio \u00d8 240 cm","breadcrumb":{"@id":"https:\/\/tene.ee\/fr\/toode\/pustine-tunnisaun-tornio-o-240-cm\/#breadcrumb"},"inLanguage":"fr-FR","potentialAction":[{"@type":"ReadAction","target":["https:\/\/tene.ee\/fr\/toode\/pustine-tunnisaun-tornio-o-240-cm\/"]}]},{"@type":"ImageObject","inLanguage":"fr-FR","@id":"https:\/\/tene.ee\/fr\/toode\/pustine-tunnisaun-tornio-o-240-cm\/#primaryimage","url":"https:\/\/tene.ee\/wp-content\/uploads\/2024\/07\/Torusaun__Tornio.jpeg","contentUrl":"https:\/\/tene.ee\/wp-content\/uploads\/2024\/07\/Torusaun__Tornio.jpeg","width":2500,"height":1667},{"@type":"BreadcrumbList","@id":"https:\/\/tene.ee\/fr\/toode\/pustine-tunnisaun-tornio-o-240-cm\/#breadcrumb","itemListElement":[{"@type":"ListItem","position":1,"name":"Avaleht","item":"https:\/\/tene.ee\/fr\/"},{"@type":"ListItem","position":2,"name":"Boutique","item":"http:\/\/tene.ee\/fr\/boutique\/"},{"@type":"ListItem","position":3,"name":"Sauna tonneau vertical Tornio \u00d8 240 cm"}]},{"@type":"WebSite","@id":"https:\/\/tene.ee\/fr\/#website","url":"https:\/\/tene.ee\/fr\/","name":"Tene.ee - Kaunite hetkede jaoks sinu aias","description":"Tene.ee - parimad puit- ja aiamajad otse tootjalt","publisher":{"@id":"https:\/\/tene.ee\/fr\/#organization"},"alternateName":"Tene.ee","potentialAction":[{"@type":"SearchAction","target":{"@type":"EntryPoint","urlTemplate":"https:\/\/tene.ee\/fr\/?s={search_term_string}"},"query-input":{"@type":"PropertyValueSpecification","valueRequired":true,"valueName":"search_term_string"}}],"inLanguage":"fr-FR"},{"@type":"Organization","@id":"https:\/\/tene.ee\/fr\/#organization","name":"Tene.ee","url":"https:\/\/tene.ee\/fr\/","logo":{"@type":"ImageObject","inLanguage":"fr-FR","@id":"https:\/\/tene.ee\/fr\/#\/schema\/logo\/image\/","url":"https:\/\/tene.ee\/wp-content\/uploads\/2024\/12\/TENE-logo-2018-2.png","contentUrl":"https:\/\/tene.ee\/wp-content\/uploads\/2024\/12\/TENE-logo-2018-2.png","width":2339,"height":1654,"caption":"Tene.ee"},"image":{"@id":"https:\/\/tene.ee\/fr\/#\/schema\/logo\/image\/"},"sameAs":["https:\/\/www.facebook.com\/teneaiamajad"]}]}},"_links":{"self":[{"href":"https:\/\/tene.ee\/fr\/wp-json\/wp\/v2\/product\/19376","targetHints":{"allow":["GET"]}}],"collection":[{"href":"https:\/\/tene.ee\/fr\/wp-json\/wp\/v2\/product"}],"about":[{"href":"https:\/\/tene.ee\/fr\/wp-json\/wp\/v2\/types\/product"}],"wp:featuredmedia":[{"embeddable":true,"href":"https:\/\/tene.ee\/fr\/wp-json\/wp\/v2\/media\/7442"}],"wp:attachment":[{"href":"https:\/\/tene.ee\/fr\/wp-json\/wp\/v2\/media?parent=19376"}],"wp:term":[{"taxonomy":"product_brand","embeddable":true,"href":"https:\/\/tene.ee\/fr\/wp-json\/wp\/v2\/product_brand?post=19376"},{"taxonomy":"product_cat","embeddable":true,"href":"https:\/\/tene.ee\/fr\/wp-json\/wp\/v2\/product_cat?post=19376"},{"taxonomy":"product_tag","embeddable":true,"href":"https:\/\/tene.ee\/fr\/wp-json\/wp\/v2\/product_tag?post=19376"}],"curies":[{"name":"wp","href":"https:\/\/api.w.org\/{rel}","templated":true}]}}