{"id":19321,"date":"2024-07-12T16:22:40","date_gmt":"2024-07-12T13:22:40","guid":{"rendered":"https:\/\/tene.ee\/toode\/valmissaun-moderni-19-terrassi-ja-puhkeruumiga\/"},"modified":"2024-11-28T11:53:50","modified_gmt":"2024-11-28T09:53:50","slug":"valmissaun-moderni-19-terrassi-ja-puhkeruumiga","status":"publish","type":"product","link":"https:\/\/tene.ee\/fr\/toode\/valmissaun-moderni-19-terrassi-ja-puhkeruumiga\/","title":{"rendered":"Sauna pr\u00e9fabriqu\u00e9 Moderni 19 avec terrasse et pi\u00e8ce de d\u00e9tente"},"content":{"rendered":"<p>Les saunas pr\u00e9fabriqu\u00e9s de TENE sont construits \u00e0 l&rsquo;int\u00e9rieur, ce qui assure la meilleure qualit\u00e9 des constructions pr\u00e9fabriqu\u00e9es et aide \u00e0 \u00e9viter d&rsquo;\u00e9ventuels retards g\u00eanants sur le site de construction (par exemple, mauvaises conditions m\u00e9t\u00e9orologiques).<\/p>\n<p>Les saunas sont fabriqu\u00e9s enti\u00e8rement avec de l&rsquo;\u00e9pic\u00e9a de qualit\u00e9 nordique<br \/>\nles portes et fen\u00eatres sont fabriqu\u00e9es en bois lamell\u00e9-coll\u00e9 extra-sec (8-12\u00a0%)<br \/>\nseuil de porte en acier inoxydable<br \/>\nFen\u00eatres \u00e0 l&rsquo;allemande avec vitrage (ISO) et joint, s&rsquo;ouvrant dans deux directions, ferrures incluses<br \/>\nportes avec vitrage (ISO), ferrures incluses<br \/>\nporte de la pi\u00e8ce de vapeur en verre tremp\u00e9 et en bois lamell\u00e9-coll\u00e9<br \/>\npo\u00eale \u00e0 bois, chemin\u00e9e de haute qualit\u00e9 avec registre et r\u00e9servoir d&rsquo;eau, base du po\u00eale et carcasse en forme de U r\u00e9sistantes \u00e0 la chaleur, pierres de sauna (incluses dans l&rsquo;ensemble).<br \/>\nbanc de sauna en aulne avec dossier et marchepied<br \/>\nles solives sont impr\u00e9gn\u00e9es dans un autoclave<br \/>\nle plancher est fait de lames profil\u00e9es de 28\u00a0mm d&rsquo;\u00e9paisseur, le plancher est fini avec de l&rsquo;huile de pr\u00e9servation du bois Tikkurila Supi<br \/>\ncanal d&rsquo;eau dans le sol de la pi\u00e8ce de vapeur<br \/>\ntoit du sauna isol\u00e9 avec 50\u00a0cm d&rsquo;\u00e9paisseur de laine<br \/>\ntoiture en bardeaux noirs en nid d&rsquo;abeille<br \/>\nbords de rive et fa\u00eetage<br \/>\nplafond en lames profil\u00e9es<br \/>\nTiges filet\u00e9es dans les coinsLe prix n&rsquo;inclut pas\u00a0:<br \/>\npr\u00e9paration de la fondation<br \/>\nfinition ext\u00e9rieure<br \/>\nLes prix sont valables depuis l&rsquo;entrep\u00f4t de l&rsquo;usine Tene et incluent la TVA.<br \/>\nLe prix n&rsquo;inclut pas le transport du sauna pr\u00e9fabriqu\u00e9.<\/p>\n","protected":false},"excerpt":{"rendered":"<p>Le sauna pr\u00e9fabriqu\u00e9 Moderni 19 avec terrasse est livr\u00e9 au client sous la forme d&rsquo;une solution compl\u00e8te cl\u00e9 en main. Le sauna pr\u00e9fabriqu\u00e9 peut \u00eatre transport\u00e9 \u00e0 n&rsquo;importe quel endroit accessible par camion-grue. Le prix n&rsquo;inclut pas le transport du produit.<\/p>\n","protected":false},"featured_media":7050,"template":"","meta":{"_acf_changed":false},"product_brand":[],"product_cat":[442,449],"product_tag":[],"class_list":{"0":"post-19321","1":"product","2":"type-product","3":"status-publish","4":"has-post-thumbnail","6":"product_cat-saunas-fr","7":"product_cat-saunas-prets-a-lemploi","8":"product_shipping_class-390e-fr","9":"pa_iseloomustus-2-chambres","10":"pa_iseloomustus-terrasse-fr","11":"pa_iseloomustus-une-maison-carree","12":"pa_katuse-tuup-toit-en-pente","13":"pa_pindala-10-20-m2-fr","14":"pa_seina-paksus-70-mm-fr","16":"first","17":"onbackorder","18":"sale","19":"purchasable","20":"product-type-simple"},"acf":[],"yoast_head":"<!-- This site is optimized with the Yoast SEO plugin v27.3 - https:\/\/yoast.com\/product\/yoast-seo-wordpress\/ -->\n<title>Tene.ee - Sauna pr\u00e9fabriqu\u00e9 Moderni 19 avec terrasse et pi\u00e8ce de d\u00e9tente<\/title>\n<meta name=\"description\" content=\"Tene.ee Sauna pr\u00e9fabriqu\u00e9 Moderni 19 avec terrasse et pi\u00e8ce de d\u00e9tente\" \/>\n<meta name=\"robots\" content=\"index, follow, max-snippet:-1, max-image-preview:large, max-video-preview:-1\" \/>\n<link rel=\"canonical\" href=\"https:\/\/tene.ee\/fr\/toode\/valmissaun-moderni-19-terrassi-ja-puhkeruumiga\/\" \/>\n<meta property=\"og:locale\" content=\"fr_FR\" \/>\n<meta property=\"og:type\" content=\"article\" \/>\n<meta property=\"og:title\" content=\"Tene.ee - Sauna pr\u00e9fabriqu\u00e9 Moderni 19 avec terrasse et pi\u00e8ce de d\u00e9tente\" \/>\n<meta property=\"og:description\" content=\"Tene.ee Sauna pr\u00e9fabriqu\u00e9 Moderni 19 avec terrasse et pi\u00e8ce de d\u00e9tente\" \/>\n<meta property=\"og:url\" content=\"https:\/\/tene.ee\/fr\/toode\/valmissaun-moderni-19-terrassi-ja-puhkeruumiga\/\" \/>\n<meta property=\"og:site_name\" content=\"Tene.ee\" \/>\n<meta property=\"article:publisher\" content=\"https:\/\/www.facebook.com\/teneaiamajad\" \/>\n<meta property=\"article:modified_time\" content=\"2024-11-28T09:53:50+00:00\" \/>\n<meta property=\"og:image\" content=\"https:\/\/tene.ee\/wp-content\/uploads\/2024\/07\/Moderni_pihasauna_19-1-1024x683.jpg\" \/>\n\t<meta property=\"og:image:width\" content=\"1024\" \/>\n\t<meta property=\"og:image:height\" content=\"683\" \/>\n\t<meta property=\"og:image:type\" content=\"image\/jpeg\" \/>\n<meta name=\"twitter:card\" content=\"summary_large_image\" \/>\n<meta name=\"twitter:label1\" content=\"Dur\u00e9e de lecture estim\u00e9e\" \/>\n\t<meta name=\"twitter:data1\" content=\"2 minutes\" \/>\n<script type=\"application\/ld+json\" class=\"yoast-schema-graph\">{\"@context\":\"https:\\\/\\\/schema.org\",\"@graph\":[{\"@type\":\"WebPage\",\"@id\":\"https:\\\/\\\/tene.ee\\\/fr\\\/toode\\\/valmissaun-moderni-19-terrassi-ja-puhkeruumiga\\\/\",\"url\":\"https:\\\/\\\/tene.ee\\\/fr\\\/toode\\\/valmissaun-moderni-19-terrassi-ja-puhkeruumiga\\\/\",\"name\":\"Tene.ee - Sauna pr\u00e9fabriqu\u00e9 Moderni 19 avec terrasse et pi\u00e8ce de d\u00e9tente\",\"isPartOf\":{\"@id\":\"https:\\\/\\\/tene.ee\\\/fr\\\/#website\"},\"primaryImageOfPage\":{\"@id\":\"https:\\\/\\\/tene.ee\\\/fr\\\/toode\\\/valmissaun-moderni-19-terrassi-ja-puhkeruumiga\\\/#primaryimage\"},\"image\":{\"@id\":\"https:\\\/\\\/tene.ee\\\/fr\\\/toode\\\/valmissaun-moderni-19-terrassi-ja-puhkeruumiga\\\/#primaryimage\"},\"thumbnailUrl\":\"https:\\\/\\\/tene.ee\\\/wp-content\\\/uploads\\\/2024\\\/07\\\/Moderni_pihasauna_19-1.jpg\",\"datePublished\":\"2024-07-12T13:22:40+00:00\",\"dateModified\":\"2024-11-28T09:53:50+00:00\",\"description\":\"Tene.ee Sauna pr\u00e9fabriqu\u00e9 Moderni 19 avec terrasse et pi\u00e8ce de d\u00e9tente\",\"breadcrumb\":{\"@id\":\"https:\\\/\\\/tene.ee\\\/fr\\\/toode\\\/valmissaun-moderni-19-terrassi-ja-puhkeruumiga\\\/#breadcrumb\"},\"inLanguage\":\"fr-FR\",\"potentialAction\":[{\"@type\":\"ReadAction\",\"target\":[\"https:\\\/\\\/tene.ee\\\/fr\\\/toode\\\/valmissaun-moderni-19-terrassi-ja-puhkeruumiga\\\/\"]}]},{\"@type\":\"ImageObject\",\"inLanguage\":\"fr-FR\",\"@id\":\"https:\\\/\\\/tene.ee\\\/fr\\\/toode\\\/valmissaun-moderni-19-terrassi-ja-puhkeruumiga\\\/#primaryimage\",\"url\":\"https:\\\/\\\/tene.ee\\\/wp-content\\\/uploads\\\/2024\\\/07\\\/Moderni_pihasauna_19-1.jpg\",\"contentUrl\":\"https:\\\/\\\/tene.ee\\\/wp-content\\\/uploads\\\/2024\\\/07\\\/Moderni_pihasauna_19-1.jpg\",\"width\":2500,\"height\":1667},{\"@type\":\"BreadcrumbList\",\"@id\":\"https:\\\/\\\/tene.ee\\\/fr\\\/toode\\\/valmissaun-moderni-19-terrassi-ja-puhkeruumiga\\\/#breadcrumb\",\"itemListElement\":[{\"@type\":\"ListItem\",\"position\":1,\"name\":\"Avaleht\",\"item\":\"https:\\\/\\\/tene.ee\\\/fr\\\/\"},{\"@type\":\"ListItem\",\"position\":2,\"name\":\"Boutique\",\"item\":\"http:\\\/\\\/tene.ee\\\/fr\\\/boutique\\\/\"},{\"@type\":\"ListItem\",\"position\":3,\"name\":\"Sauna pr\u00e9fabriqu\u00e9 Moderni 19 avec terrasse et pi\u00e8ce de d\u00e9tente\"}]},{\"@type\":\"WebSite\",\"@id\":\"https:\\\/\\\/tene.ee\\\/fr\\\/#website\",\"url\":\"https:\\\/\\\/tene.ee\\\/fr\\\/\",\"name\":\"Tene.ee - Kaunite hetkede jaoks sinu aias\",\"description\":\"Tene.ee - parimad puit- ja aiamajad otse tootjalt\",\"publisher\":{\"@id\":\"https:\\\/\\\/tene.ee\\\/fr\\\/#organization\"},\"alternateName\":\"Tene.ee\",\"potentialAction\":[{\"@type\":\"SearchAction\",\"target\":{\"@type\":\"EntryPoint\",\"urlTemplate\":\"https:\\\/\\\/tene.ee\\\/fr\\\/?s={search_term_string}\"},\"query-input\":{\"@type\":\"PropertyValueSpecification\",\"valueRequired\":true,\"valueName\":\"search_term_string\"}}],\"inLanguage\":\"fr-FR\"},{\"@type\":\"Organization\",\"@id\":\"https:\\\/\\\/tene.ee\\\/fr\\\/#organization\",\"name\":\"Tene.ee\",\"url\":\"https:\\\/\\\/tene.ee\\\/fr\\\/\",\"logo\":{\"@type\":\"ImageObject\",\"inLanguage\":\"fr-FR\",\"@id\":\"https:\\\/\\\/tene.ee\\\/fr\\\/#\\\/schema\\\/logo\\\/image\\\/\",\"url\":\"https:\\\/\\\/tene.ee\\\/wp-content\\\/uploads\\\/2024\\\/12\\\/TENE-logo-2018-2.png\",\"contentUrl\":\"https:\\\/\\\/tene.ee\\\/wp-content\\\/uploads\\\/2024\\\/12\\\/TENE-logo-2018-2.png\",\"width\":2339,\"height\":1654,\"caption\":\"Tene.ee\"},\"image\":{\"@id\":\"https:\\\/\\\/tene.ee\\\/fr\\\/#\\\/schema\\\/logo\\\/image\\\/\"},\"sameAs\":[\"https:\\\/\\\/www.facebook.com\\\/teneaiamajad\"]}]}<\/script>\n<!-- \/ Yoast SEO plugin. -->","yoast_head_json":{"title":"Tene.ee - Sauna pr\u00e9fabriqu\u00e9 Moderni 19 avec terrasse et pi\u00e8ce de d\u00e9tente","description":"Tene.ee Sauna pr\u00e9fabriqu\u00e9 Moderni 19 avec terrasse et pi\u00e8ce de d\u00e9tente","robots":{"index":"index","follow":"follow","max-snippet":"max-snippet:-1","max-image-preview":"max-image-preview:large","max-video-preview":"max-video-preview:-1"},"canonical":"https:\/\/tene.ee\/fr\/toode\/valmissaun-moderni-19-terrassi-ja-puhkeruumiga\/","og_locale":"fr_FR","og_type":"article","og_title":"Tene.ee - Sauna pr\u00e9fabriqu\u00e9 Moderni 19 avec terrasse et pi\u00e8ce de d\u00e9tente","og_description":"Tene.ee Sauna pr\u00e9fabriqu\u00e9 Moderni 19 avec terrasse et pi\u00e8ce de d\u00e9tente","og_url":"https:\/\/tene.ee\/fr\/toode\/valmissaun-moderni-19-terrassi-ja-puhkeruumiga\/","og_site_name":"Tene.ee","article_publisher":"https:\/\/www.facebook.com\/teneaiamajad","article_modified_time":"2024-11-28T09:53:50+00:00","og_image":[{"width":1024,"height":683,"url":"https:\/\/tene.ee\/wp-content\/uploads\/2024\/07\/Moderni_pihasauna_19-1-1024x683.jpg","type":"image\/jpeg"}],"twitter_card":"summary_large_image","twitter_misc":{"Dur\u00e9e de lecture estim\u00e9e":"2 minutes"},"schema":{"@context":"https:\/\/schema.org","@graph":[{"@type":"WebPage","@id":"https:\/\/tene.ee\/fr\/toode\/valmissaun-moderni-19-terrassi-ja-puhkeruumiga\/","url":"https:\/\/tene.ee\/fr\/toode\/valmissaun-moderni-19-terrassi-ja-puhkeruumiga\/","name":"Tene.ee - Sauna pr\u00e9fabriqu\u00e9 Moderni 19 avec terrasse et pi\u00e8ce de d\u00e9tente","isPartOf":{"@id":"https:\/\/tene.ee\/fr\/#website"},"primaryImageOfPage":{"@id":"https:\/\/tene.ee\/fr\/toode\/valmissaun-moderni-19-terrassi-ja-puhkeruumiga\/#primaryimage"},"image":{"@id":"https:\/\/tene.ee\/fr\/toode\/valmissaun-moderni-19-terrassi-ja-puhkeruumiga\/#primaryimage"},"thumbnailUrl":"https:\/\/tene.ee\/wp-content\/uploads\/2024\/07\/Moderni_pihasauna_19-1.jpg","datePublished":"2024-07-12T13:22:40+00:00","dateModified":"2024-11-28T09:53:50+00:00","description":"Tene.ee Sauna pr\u00e9fabriqu\u00e9 Moderni 19 avec terrasse et pi\u00e8ce de d\u00e9tente","breadcrumb":{"@id":"https:\/\/tene.ee\/fr\/toode\/valmissaun-moderni-19-terrassi-ja-puhkeruumiga\/#breadcrumb"},"inLanguage":"fr-FR","potentialAction":[{"@type":"ReadAction","target":["https:\/\/tene.ee\/fr\/toode\/valmissaun-moderni-19-terrassi-ja-puhkeruumiga\/"]}]},{"@type":"ImageObject","inLanguage":"fr-FR","@id":"https:\/\/tene.ee\/fr\/toode\/valmissaun-moderni-19-terrassi-ja-puhkeruumiga\/#primaryimage","url":"https:\/\/tene.ee\/wp-content\/uploads\/2024\/07\/Moderni_pihasauna_19-1.jpg","contentUrl":"https:\/\/tene.ee\/wp-content\/uploads\/2024\/07\/Moderni_pihasauna_19-1.jpg","width":2500,"height":1667},{"@type":"BreadcrumbList","@id":"https:\/\/tene.ee\/fr\/toode\/valmissaun-moderni-19-terrassi-ja-puhkeruumiga\/#breadcrumb","itemListElement":[{"@type":"ListItem","position":1,"name":"Avaleht","item":"https:\/\/tene.ee\/fr\/"},{"@type":"ListItem","position":2,"name":"Boutique","item":"http:\/\/tene.ee\/fr\/boutique\/"},{"@type":"ListItem","position":3,"name":"Sauna pr\u00e9fabriqu\u00e9 Moderni 19 avec terrasse et pi\u00e8ce de d\u00e9tente"}]},{"@type":"WebSite","@id":"https:\/\/tene.ee\/fr\/#website","url":"https:\/\/tene.ee\/fr\/","name":"Tene.ee - Kaunite hetkede jaoks sinu aias","description":"Tene.ee - parimad puit- ja aiamajad otse tootjalt","publisher":{"@id":"https:\/\/tene.ee\/fr\/#organization"},"alternateName":"Tene.ee","potentialAction":[{"@type":"SearchAction","target":{"@type":"EntryPoint","urlTemplate":"https:\/\/tene.ee\/fr\/?s={search_term_string}"},"query-input":{"@type":"PropertyValueSpecification","valueRequired":true,"valueName":"search_term_string"}}],"inLanguage":"fr-FR"},{"@type":"Organization","@id":"https:\/\/tene.ee\/fr\/#organization","name":"Tene.ee","url":"https:\/\/tene.ee\/fr\/","logo":{"@type":"ImageObject","inLanguage":"fr-FR","@id":"https:\/\/tene.ee\/fr\/#\/schema\/logo\/image\/","url":"https:\/\/tene.ee\/wp-content\/uploads\/2024\/12\/TENE-logo-2018-2.png","contentUrl":"https:\/\/tene.ee\/wp-content\/uploads\/2024\/12\/TENE-logo-2018-2.png","width":2339,"height":1654,"caption":"Tene.ee"},"image":{"@id":"https:\/\/tene.ee\/fr\/#\/schema\/logo\/image\/"},"sameAs":["https:\/\/www.facebook.com\/teneaiamajad"]}]}},"_links":{"self":[{"href":"https:\/\/tene.ee\/fr\/wp-json\/wp\/v2\/product\/19321","targetHints":{"allow":["GET"]}}],"collection":[{"href":"https:\/\/tene.ee\/fr\/wp-json\/wp\/v2\/product"}],"about":[{"href":"https:\/\/tene.ee\/fr\/wp-json\/wp\/v2\/types\/product"}],"wp:featuredmedia":[{"embeddable":true,"href":"https:\/\/tene.ee\/fr\/wp-json\/wp\/v2\/media\/7050"}],"wp:attachment":[{"href":"https:\/\/tene.ee\/fr\/wp-json\/wp\/v2\/media?parent=19321"}],"wp:term":[{"taxonomy":"product_brand","embeddable":true,"href":"https:\/\/tene.ee\/fr\/wp-json\/wp\/v2\/product_brand?post=19321"},{"taxonomy":"product_cat","embeddable":true,"href":"https:\/\/tene.ee\/fr\/wp-json\/wp\/v2\/product_cat?post=19321"},{"taxonomy":"product_tag","embeddable":true,"href":"https:\/\/tene.ee\/fr\/wp-json\/wp\/v2\/product_tag?post=19321"}],"curies":[{"name":"wp","href":"https:\/\/api.w.org\/{rel}","templated":true}]}}