{"id":19248,"date":"2024-07-12T16:32:38","date_gmt":"2024-07-12T13:32:38","guid":{"rendered":"https:\/\/tene.ee\/toode\/aiamaja-piha-aitta-19-70-mm\/"},"modified":"2024-11-28T11:52:36","modified_gmt":"2024-11-28T09:52:36","slug":"aiamaja-piha-aitta-19-70-mm","status":"publish","type":"product","link":"https:\/\/tene.ee\/fr\/toode\/aiamaja-piha-aitta-19-70-mm\/","title":{"rendered":"Abri de jardin Piha-Aitta 19, 70\u00a0mm"},"content":{"rendered":"<p>Les abris de jardin, chalets en madriers, abris de rangement, pavillons, saunas, chalets, abris pour barbecue et garages en bois de 70\u00a0mm fabriqu\u00e9s dans l&rsquo;usine de Tene sont livr\u00e9s avec des portes, des fen\u00eatres (selon le mod\u00e8le, le produit peut n&rsquo;avoir aucune fen\u00eatre ou une ou plusieurs fen\u00eatres), le plancher, les fixations et les instructions d&rsquo;installation, rendant la construction d&rsquo;un abri de jardin simple et rapide.<\/p>\n<p>Selon le mod\u00e8le, un abri de jardin Tene avec des murs de 70\u00a0mm d&rsquo;\u00e9paisseur inclut les \u00e9l\u00e9ments suivants\u00a0:<\/p>\n<p>le bois utilis\u00e9 est \u00e0 100\u00a0% de l&rsquo;\u00e9pic\u00e9a de qualit\u00e9 nordique<br \/>\nportes et fen\u00eatres en bois lamell\u00e9-coll\u00e9 extra-sec (8-12\u00a0%)<br \/>\nFen\u00eatres avec vitrage, s&rsquo;ouvrant dans deux sens, ferrures incluses<br \/>\nportes avec vitrage, ferrures incluses<br \/>\nplafond en lames profil\u00e9es de 18\u00a0mm d&rsquo;\u00e9paisseur<br \/>\nsolives impr\u00e9gn\u00e9es en autoclave<br \/>\nplancher en lames de 28\u00a0mm d&rsquo;\u00e9paisseur<br \/>\nlattes anti-temp\u00eate<br \/>\nfixations (clous et vis)<br \/>\ninstructions de montage<br \/>\nLes prix sont valables depuis l&rsquo;entrep\u00f4t de l&rsquo;usine Tene et incluent la TVA.<br \/>\nLe prix n&rsquo;inclut pas le transport de marchandises.<\/p>\n","protected":false},"excerpt":{"rendered":"<p>Le prix inclut les portes et les fen\u00eatres avec vitrage en bois lamell\u00e9-coll\u00e9, un seuil de porte en acier inoxydable, le plancher en 28\u00a0mm, des solives impr\u00e9gn\u00e9es, les fixations et les instructions de montage. Le prix n&rsquo;inclut pas les mat\u00e9riaux de toiture et le transport.<\/p>\n","protected":false},"featured_media":8378,"template":"","meta":{"_acf_changed":false},"product_brand":[],"product_cat":[418,421],"product_tag":[],"class_list":{"0":"post-19248","1":"product","2":"type-product","3":"status-publish","4":"has-post-thumbnail","6":"product_cat-abris-de-jardin","7":"product_cat-abris-de-jardin-70-mm","8":"product_shipping_class-390e-fr","9":"pa_iseloomustus-1-chambre","10":"pa_iseloomustus-terrasse-fr","11":"pa_iseloomustus-une-maison-carree","12":"pa_katuse-tuup-toit-en-pente-fr","13":"pa_pindala-10-20-m2-fr","14":"pa_seina-paksus-70-mm-fr","16":"first","17":"onbackorder","18":"sale","19":"purchasable","20":"product-type-simple"},"acf":[],"yoast_head":"<!-- This site is optimized with the Yoast SEO plugin v27.3 - https:\/\/yoast.com\/product\/yoast-seo-wordpress\/ -->\n<title>Tene.ee - Abri de jardin Piha-Aitta 19, 70\u00a0mm<\/title>\n<meta name=\"description\" content=\"Tene.ee Abri de jardin Piha-Aitta 19, 70\u00a0mm\" \/>\n<meta name=\"robots\" content=\"index, follow, max-snippet:-1, max-image-preview:large, max-video-preview:-1\" \/>\n<link rel=\"canonical\" href=\"https:\/\/tene.ee\/fr\/toode\/aiamaja-piha-aitta-19-70-mm\/\" \/>\n<meta property=\"og:locale\" content=\"fr_FR\" \/>\n<meta property=\"og:type\" content=\"article\" \/>\n<meta property=\"og:title\" content=\"Tene.ee - Abri de jardin Piha-Aitta 19, 70\u00a0mm\" \/>\n<meta property=\"og:description\" content=\"Tene.ee Abri de jardin Piha-Aitta 19, 70\u00a0mm\" \/>\n<meta property=\"og:url\" content=\"https:\/\/tene.ee\/fr\/toode\/aiamaja-piha-aitta-19-70-mm\/\" \/>\n<meta property=\"og:site_name\" content=\"Tene.ee\" \/>\n<meta property=\"article:publisher\" content=\"https:\/\/www.facebook.com\/teneaiamajad\" \/>\n<meta property=\"article:modified_time\" content=\"2024-11-28T09:52:36+00:00\" \/>\n<meta property=\"og:image\" content=\"http:\/\/tene.ee\/wp-content\/uploads\/2024\/07\/Piha-aitta-19-1-1024x683.jpeg\" \/>\n\t<meta property=\"og:image:width\" content=\"1024\" \/>\n\t<meta property=\"og:image:height\" content=\"683\" \/>\n\t<meta property=\"og:image:type\" content=\"image\/jpeg\" \/>\n<meta name=\"twitter:card\" content=\"summary_large_image\" \/>\n<meta name=\"twitter:label1\" content=\"Dur\u00e9e de lecture estim\u00e9e\" \/>\n\t<meta name=\"twitter:data1\" content=\"2 minutes\" \/>\n<script type=\"application\/ld+json\" class=\"yoast-schema-graph\">{\"@context\":\"https:\\\/\\\/schema.org\",\"@graph\":[{\"@type\":\"WebPage\",\"@id\":\"https:\\\/\\\/tene.ee\\\/fr\\\/toode\\\/aiamaja-piha-aitta-19-70-mm\\\/\",\"url\":\"https:\\\/\\\/tene.ee\\\/fr\\\/toode\\\/aiamaja-piha-aitta-19-70-mm\\\/\",\"name\":\"Tene.ee - Abri de jardin Piha-Aitta 19, 70\u00a0mm\",\"isPartOf\":{\"@id\":\"https:\\\/\\\/tene.ee\\\/fr\\\/#website\"},\"primaryImageOfPage\":{\"@id\":\"https:\\\/\\\/tene.ee\\\/fr\\\/toode\\\/aiamaja-piha-aitta-19-70-mm\\\/#primaryimage\"},\"image\":{\"@id\":\"https:\\\/\\\/tene.ee\\\/fr\\\/toode\\\/aiamaja-piha-aitta-19-70-mm\\\/#primaryimage\"},\"thumbnailUrl\":\"https:\\\/\\\/tene.ee\\\/wp-content\\\/uploads\\\/2024\\\/07\\\/Piha-aitta-19-1.jpeg\",\"datePublished\":\"2024-07-12T13:32:38+00:00\",\"dateModified\":\"2024-11-28T09:52:36+00:00\",\"description\":\"Tene.ee Abri de jardin Piha-Aitta 19, 70\u00a0mm\",\"breadcrumb\":{\"@id\":\"https:\\\/\\\/tene.ee\\\/fr\\\/toode\\\/aiamaja-piha-aitta-19-70-mm\\\/#breadcrumb\"},\"inLanguage\":\"fr-FR\",\"potentialAction\":[{\"@type\":\"ReadAction\",\"target\":[\"https:\\\/\\\/tene.ee\\\/fr\\\/toode\\\/aiamaja-piha-aitta-19-70-mm\\\/\"]}]},{\"@type\":\"ImageObject\",\"inLanguage\":\"fr-FR\",\"@id\":\"https:\\\/\\\/tene.ee\\\/fr\\\/toode\\\/aiamaja-piha-aitta-19-70-mm\\\/#primaryimage\",\"url\":\"https:\\\/\\\/tene.ee\\\/wp-content\\\/uploads\\\/2024\\\/07\\\/Piha-aitta-19-1.jpeg\",\"contentUrl\":\"https:\\\/\\\/tene.ee\\\/wp-content\\\/uploads\\\/2024\\\/07\\\/Piha-aitta-19-1.jpeg\",\"width\":2500,\"height\":1667},{\"@type\":\"BreadcrumbList\",\"@id\":\"https:\\\/\\\/tene.ee\\\/fr\\\/toode\\\/aiamaja-piha-aitta-19-70-mm\\\/#breadcrumb\",\"itemListElement\":[{\"@type\":\"ListItem\",\"position\":1,\"name\":\"Avaleht\",\"item\":\"https:\\\/\\\/tene.ee\\\/fr\\\/\"},{\"@type\":\"ListItem\",\"position\":2,\"name\":\"Boutique\",\"item\":\"http:\\\/\\\/tene.ee\\\/fr\\\/boutique\\\/\"},{\"@type\":\"ListItem\",\"position\":3,\"name\":\"Abri de jardin Piha-Aitta 19, 70\u00a0mm\"}]},{\"@type\":\"WebSite\",\"@id\":\"https:\\\/\\\/tene.ee\\\/fr\\\/#website\",\"url\":\"https:\\\/\\\/tene.ee\\\/fr\\\/\",\"name\":\"Tene.ee - Kaunite hetkede jaoks sinu aias\",\"description\":\"Tene.ee - parimad puit- ja aiamajad otse tootjalt\",\"publisher\":{\"@id\":\"https:\\\/\\\/tene.ee\\\/fr\\\/#organization\"},\"alternateName\":\"Tene.ee\",\"potentialAction\":[{\"@type\":\"SearchAction\",\"target\":{\"@type\":\"EntryPoint\",\"urlTemplate\":\"https:\\\/\\\/tene.ee\\\/fr\\\/?s={search_term_string}\"},\"query-input\":{\"@type\":\"PropertyValueSpecification\",\"valueRequired\":true,\"valueName\":\"search_term_string\"}}],\"inLanguage\":\"fr-FR\"},{\"@type\":\"Organization\",\"@id\":\"https:\\\/\\\/tene.ee\\\/fr\\\/#organization\",\"name\":\"Tene.ee\",\"url\":\"https:\\\/\\\/tene.ee\\\/fr\\\/\",\"logo\":{\"@type\":\"ImageObject\",\"inLanguage\":\"fr-FR\",\"@id\":\"https:\\\/\\\/tene.ee\\\/fr\\\/#\\\/schema\\\/logo\\\/image\\\/\",\"url\":\"https:\\\/\\\/tene.ee\\\/wp-content\\\/uploads\\\/2024\\\/12\\\/TENE-logo-2018-2.png\",\"contentUrl\":\"https:\\\/\\\/tene.ee\\\/wp-content\\\/uploads\\\/2024\\\/12\\\/TENE-logo-2018-2.png\",\"width\":2339,\"height\":1654,\"caption\":\"Tene.ee\"},\"image\":{\"@id\":\"https:\\\/\\\/tene.ee\\\/fr\\\/#\\\/schema\\\/logo\\\/image\\\/\"},\"sameAs\":[\"https:\\\/\\\/www.facebook.com\\\/teneaiamajad\"]}]}<\/script>\n<!-- \/ Yoast SEO plugin. -->","yoast_head_json":{"title":"Tene.ee - Abri de jardin Piha-Aitta 19, 70\u00a0mm","description":"Tene.ee Abri de jardin Piha-Aitta 19, 70\u00a0mm","robots":{"index":"index","follow":"follow","max-snippet":"max-snippet:-1","max-image-preview":"max-image-preview:large","max-video-preview":"max-video-preview:-1"},"canonical":"https:\/\/tene.ee\/fr\/toode\/aiamaja-piha-aitta-19-70-mm\/","og_locale":"fr_FR","og_type":"article","og_title":"Tene.ee - Abri de jardin Piha-Aitta 19, 70\u00a0mm","og_description":"Tene.ee Abri de jardin Piha-Aitta 19, 70\u00a0mm","og_url":"https:\/\/tene.ee\/fr\/toode\/aiamaja-piha-aitta-19-70-mm\/","og_site_name":"Tene.ee","article_publisher":"https:\/\/www.facebook.com\/teneaiamajad","article_modified_time":"2024-11-28T09:52:36+00:00","og_image":[{"width":1024,"height":683,"url":"http:\/\/tene.ee\/wp-content\/uploads\/2024\/07\/Piha-aitta-19-1-1024x683.jpeg","type":"image\/jpeg"}],"twitter_card":"summary_large_image","twitter_misc":{"Dur\u00e9e de lecture estim\u00e9e":"2 minutes"},"schema":{"@context":"https:\/\/schema.org","@graph":[{"@type":"WebPage","@id":"https:\/\/tene.ee\/fr\/toode\/aiamaja-piha-aitta-19-70-mm\/","url":"https:\/\/tene.ee\/fr\/toode\/aiamaja-piha-aitta-19-70-mm\/","name":"Tene.ee - Abri de jardin Piha-Aitta 19, 70\u00a0mm","isPartOf":{"@id":"https:\/\/tene.ee\/fr\/#website"},"primaryImageOfPage":{"@id":"https:\/\/tene.ee\/fr\/toode\/aiamaja-piha-aitta-19-70-mm\/#primaryimage"},"image":{"@id":"https:\/\/tene.ee\/fr\/toode\/aiamaja-piha-aitta-19-70-mm\/#primaryimage"},"thumbnailUrl":"https:\/\/tene.ee\/wp-content\/uploads\/2024\/07\/Piha-aitta-19-1.jpeg","datePublished":"2024-07-12T13:32:38+00:00","dateModified":"2024-11-28T09:52:36+00:00","description":"Tene.ee Abri de jardin Piha-Aitta 19, 70\u00a0mm","breadcrumb":{"@id":"https:\/\/tene.ee\/fr\/toode\/aiamaja-piha-aitta-19-70-mm\/#breadcrumb"},"inLanguage":"fr-FR","potentialAction":[{"@type":"ReadAction","target":["https:\/\/tene.ee\/fr\/toode\/aiamaja-piha-aitta-19-70-mm\/"]}]},{"@type":"ImageObject","inLanguage":"fr-FR","@id":"https:\/\/tene.ee\/fr\/toode\/aiamaja-piha-aitta-19-70-mm\/#primaryimage","url":"https:\/\/tene.ee\/wp-content\/uploads\/2024\/07\/Piha-aitta-19-1.jpeg","contentUrl":"https:\/\/tene.ee\/wp-content\/uploads\/2024\/07\/Piha-aitta-19-1.jpeg","width":2500,"height":1667},{"@type":"BreadcrumbList","@id":"https:\/\/tene.ee\/fr\/toode\/aiamaja-piha-aitta-19-70-mm\/#breadcrumb","itemListElement":[{"@type":"ListItem","position":1,"name":"Avaleht","item":"https:\/\/tene.ee\/fr\/"},{"@type":"ListItem","position":2,"name":"Boutique","item":"http:\/\/tene.ee\/fr\/boutique\/"},{"@type":"ListItem","position":3,"name":"Abri de jardin Piha-Aitta 19, 70\u00a0mm"}]},{"@type":"WebSite","@id":"https:\/\/tene.ee\/fr\/#website","url":"https:\/\/tene.ee\/fr\/","name":"Tene.ee - Kaunite hetkede jaoks sinu aias","description":"Tene.ee - parimad puit- ja aiamajad otse tootjalt","publisher":{"@id":"https:\/\/tene.ee\/fr\/#organization"},"alternateName":"Tene.ee","potentialAction":[{"@type":"SearchAction","target":{"@type":"EntryPoint","urlTemplate":"https:\/\/tene.ee\/fr\/?s={search_term_string}"},"query-input":{"@type":"PropertyValueSpecification","valueRequired":true,"valueName":"search_term_string"}}],"inLanguage":"fr-FR"},{"@type":"Organization","@id":"https:\/\/tene.ee\/fr\/#organization","name":"Tene.ee","url":"https:\/\/tene.ee\/fr\/","logo":{"@type":"ImageObject","inLanguage":"fr-FR","@id":"https:\/\/tene.ee\/fr\/#\/schema\/logo\/image\/","url":"https:\/\/tene.ee\/wp-content\/uploads\/2024\/12\/TENE-logo-2018-2.png","contentUrl":"https:\/\/tene.ee\/wp-content\/uploads\/2024\/12\/TENE-logo-2018-2.png","width":2339,"height":1654,"caption":"Tene.ee"},"image":{"@id":"https:\/\/tene.ee\/fr\/#\/schema\/logo\/image\/"},"sameAs":["https:\/\/www.facebook.com\/teneaiamajad"]}]}},"_links":{"self":[{"href":"https:\/\/tene.ee\/fr\/wp-json\/wp\/v2\/product\/19248","targetHints":{"allow":["GET"]}}],"collection":[{"href":"https:\/\/tene.ee\/fr\/wp-json\/wp\/v2\/product"}],"about":[{"href":"https:\/\/tene.ee\/fr\/wp-json\/wp\/v2\/types\/product"}],"wp:featuredmedia":[{"embeddable":true,"href":"https:\/\/tene.ee\/fr\/wp-json\/wp\/v2\/media\/8378"}],"wp:attachment":[{"href":"https:\/\/tene.ee\/fr\/wp-json\/wp\/v2\/media?parent=19248"}],"wp:term":[{"taxonomy":"product_brand","embeddable":true,"href":"https:\/\/tene.ee\/fr\/wp-json\/wp\/v2\/product_brand?post=19248"},{"taxonomy":"product_cat","embeddable":true,"href":"https:\/\/tene.ee\/fr\/wp-json\/wp\/v2\/product_cat?post=19248"},{"taxonomy":"product_tag","embeddable":true,"href":"https:\/\/tene.ee\/fr\/wp-json\/wp\/v2\/product_tag?post=19248"}],"curies":[{"name":"wp","href":"https:\/\/api.w.org\/{rel}","templated":true}]}}