{"id":19208,"date":"2024-07-12T16:32:38","date_gmt":"2024-07-12T13:32:38","guid":{"rendered":"https:\/\/tene.ee\/toode\/saunaiglu-bianca-1-ruumiga-238-x-250-cm\/"},"modified":"2025-12-03T09:33:42","modified_gmt":"2025-12-03T07:33:42","slug":"saunaiglu-bianca-1-ruumiga-238-x-250-cm","status":"publish","type":"product","link":"https:\/\/tene.ee\/fr\/toode\/saunaiglu-bianca-1-ruumiga-238-x-250-cm\/","title":{"rendered":"Cabine de sauna Bianca avec 1 pi\u00e8ce 238 x 250\u00a0cm"},"content":{"rendered":"<p>La cabine de sauna Bianca est imm\u00e9diatement pr\u00eate pour l&rsquo;exp\u00e9rience de sauna. Le sauna peut \u00eatre transport\u00e9 \u00e0 n&rsquo;importe quel endroit accessible par camion-grue<\/p>\n<p>L&rsquo;ensemble pr\u00e9fabriqu\u00e9 d&rsquo;une cabine de sauna inclut les \u00e9l\u00e9ments suivants\u00a0:<\/p>\n<p>La surface ext\u00e9rieure est finie avec la lasure teknos AQUAPRIMER TM 1824<br \/>\nbardeaux de toiture noirs en nid d&rsquo;abeille<br \/>\npo\u00eale \u00e0 bois avec grille<br \/>\npierres de sauna 100\u00a0kg<br \/>\nchemin\u00e9e de haute qualit\u00e9 avec registre et r\u00e9servoir d&rsquo;eau de 22\u00a0l<br \/>\nbase du po\u00eale, carcasse et paroi arri\u00e8re r\u00e9sistantes \u00e0 la chaleur<br \/>\nporte ext\u00e9rieure verrouillable en verre tremp\u00e9<br \/>\nfen\u00eatres ouvrantes en verre tremp\u00e9 dans la pi\u00e8ce de vapeur<br \/>\nbanc de sauna dans la pi\u00e8ce de vapeur<br \/>\ncaillebotis sur le sol<br \/>\nDimensions ext\u00e9rieures\u00a0: 238 x 250\u00a0cm<br \/>\nPoids\u00a0: env. 1\u00a0200\u00a0kg<\/p>\n","protected":false},"excerpt":{"rendered":"<p>Cabine de sauna pr\u00e9fabriqu\u00e9e Bianca, toiture en bardeaux noirs en nid d&rsquo;abeille, po\u00eale \u00e0 bois avec pierres (100\u00a0kg), chemin\u00e9e de haute qualit\u00e9 avec registre et r\u00e9servoir d&rsquo;eau. La surface ext\u00e9rieure est finie avec la lasure teknos AQUAPRIMER TM 1824.<\/p>\n<p>Le sauna Bianca est \u00e9galement disponible avec un po\u00eale \u00e9lectrique.<br \/>\nLe prix n&rsquo;inclut pas le transport du produit.<\/p>\n","protected":false},"featured_media":8194,"template":"","meta":{"_acf_changed":false},"product_brand":[],"product_cat":[442,443,449],"product_tag":[],"class_list":{"0":"post-19208","1":"product","2":"type-product","3":"status-publish","4":"has-post-thumbnail","6":"product_cat-saunas-fr","7":"product_cat-saunas-igloos","8":"product_cat-saunas-prets-a-lemploi","9":"product_shipping_class-390e-fr","10":"pa_seina-paksus-40-mm-fr","11":"pa_vali-keris-huum-elektrikeris-fr","12":"pa_vali-keris-puukuttega-skamet-keris-fr","14":"first","15":"onbackorder","16":"sale","17":"purchasable","18":"product-type-simple"},"acf":[],"yoast_head":"<!-- This site is optimized with the Yoast SEO plugin v27.3 - https:\/\/yoast.com\/product\/yoast-seo-wordpress\/ -->\n<title>Tene.ee - Cabine de sauna Bianca avec 1 pi\u00e8ce 238 x 250\u00a0cm<\/title>\n<meta name=\"description\" content=\"Tene.ee Cabine de sauna Bianca avec 1 pi\u00e8ce 238 x 250\u00a0cm\" \/>\n<meta name=\"robots\" content=\"index, follow, max-snippet:-1, max-image-preview:large, max-video-preview:-1\" \/>\n<link rel=\"canonical\" href=\"https:\/\/tene.ee\/fr\/toode\/saunaiglu-bianca-1-ruumiga-238-x-250-cm\/\" \/>\n<meta property=\"og:locale\" content=\"fr_FR\" \/>\n<meta property=\"og:type\" content=\"article\" \/>\n<meta property=\"og:title\" content=\"Tene.ee - Cabine de sauna Bianca avec 1 pi\u00e8ce 238 x 250\u00a0cm\" \/>\n<meta property=\"og:description\" content=\"Tene.ee Cabine de sauna Bianca avec 1 pi\u00e8ce 238 x 250\u00a0cm\" \/>\n<meta property=\"og:url\" content=\"https:\/\/tene.ee\/fr\/toode\/saunaiglu-bianca-1-ruumiga-238-x-250-cm\/\" \/>\n<meta property=\"og:site_name\" content=\"Tene.ee\" \/>\n<meta property=\"article:publisher\" content=\"https:\/\/www.facebook.com\/teneaiamajad\" \/>\n<meta property=\"article:modified_time\" content=\"2025-12-03T07:33:42+00:00\" \/>\n<meta property=\"og:image\" content=\"https:\/\/tene.ee\/wp-content\/uploads\/2024\/07\/Bianca_ok.jpeg\" \/>\n\t<meta property=\"og:image:width\" content=\"2500\" \/>\n\t<meta property=\"og:image:height\" content=\"1667\" \/>\n\t<meta property=\"og:image:type\" content=\"image\/jpeg\" \/>\n<meta name=\"twitter:card\" content=\"summary_large_image\" \/>\n<meta name=\"twitter:label1\" content=\"Dur\u00e9e de lecture estim\u00e9e\" \/>\n\t<meta name=\"twitter:data1\" content=\"1 minute\" \/>\n<script type=\"application\/ld+json\" class=\"yoast-schema-graph\">{\"@context\":\"https:\\\/\\\/schema.org\",\"@graph\":[{\"@type\":\"WebPage\",\"@id\":\"https:\\\/\\\/tene.ee\\\/fr\\\/toode\\\/saunaiglu-bianca-1-ruumiga-238-x-250-cm\\\/\",\"url\":\"https:\\\/\\\/tene.ee\\\/fr\\\/toode\\\/saunaiglu-bianca-1-ruumiga-238-x-250-cm\\\/\",\"name\":\"Tene.ee - Cabine de sauna Bianca avec 1 pi\u00e8ce 238 x 250\u00a0cm\",\"isPartOf\":{\"@id\":\"https:\\\/\\\/tene.ee\\\/fr\\\/#website\"},\"primaryImageOfPage\":{\"@id\":\"https:\\\/\\\/tene.ee\\\/fr\\\/toode\\\/saunaiglu-bianca-1-ruumiga-238-x-250-cm\\\/#primaryimage\"},\"image\":{\"@id\":\"https:\\\/\\\/tene.ee\\\/fr\\\/toode\\\/saunaiglu-bianca-1-ruumiga-238-x-250-cm\\\/#primaryimage\"},\"thumbnailUrl\":\"https:\\\/\\\/tene.ee\\\/wp-content\\\/uploads\\\/2024\\\/07\\\/Bianca_ok.jpeg\",\"datePublished\":\"2024-07-12T13:32:38+00:00\",\"dateModified\":\"2025-12-03T07:33:42+00:00\",\"description\":\"Tene.ee Cabine de sauna Bianca avec 1 pi\u00e8ce 238 x 250\u00a0cm\",\"breadcrumb\":{\"@id\":\"https:\\\/\\\/tene.ee\\\/fr\\\/toode\\\/saunaiglu-bianca-1-ruumiga-238-x-250-cm\\\/#breadcrumb\"},\"inLanguage\":\"fr-FR\",\"potentialAction\":[{\"@type\":\"ReadAction\",\"target\":[\"https:\\\/\\\/tene.ee\\\/fr\\\/toode\\\/saunaiglu-bianca-1-ruumiga-238-x-250-cm\\\/\"]}]},{\"@type\":\"ImageObject\",\"inLanguage\":\"fr-FR\",\"@id\":\"https:\\\/\\\/tene.ee\\\/fr\\\/toode\\\/saunaiglu-bianca-1-ruumiga-238-x-250-cm\\\/#primaryimage\",\"url\":\"https:\\\/\\\/tene.ee\\\/wp-content\\\/uploads\\\/2024\\\/07\\\/Bianca_ok.jpeg\",\"contentUrl\":\"https:\\\/\\\/tene.ee\\\/wp-content\\\/uploads\\\/2024\\\/07\\\/Bianca_ok.jpeg\",\"width\":2500,\"height\":1667},{\"@type\":\"BreadcrumbList\",\"@id\":\"https:\\\/\\\/tene.ee\\\/fr\\\/toode\\\/saunaiglu-bianca-1-ruumiga-238-x-250-cm\\\/#breadcrumb\",\"itemListElement\":[{\"@type\":\"ListItem\",\"position\":1,\"name\":\"Avaleht\",\"item\":\"https:\\\/\\\/tene.ee\\\/fr\\\/\"},{\"@type\":\"ListItem\",\"position\":2,\"name\":\"Boutique\",\"item\":\"http:\\\/\\\/tene.ee\\\/fr\\\/boutique\\\/\"},{\"@type\":\"ListItem\",\"position\":3,\"name\":\"Cabine de sauna Bianca avec 1 pi\u00e8ce 238 x 250\u00a0cm\"}]},{\"@type\":\"WebSite\",\"@id\":\"https:\\\/\\\/tene.ee\\\/fr\\\/#website\",\"url\":\"https:\\\/\\\/tene.ee\\\/fr\\\/\",\"name\":\"Tene.ee - Kaunite hetkede jaoks sinu aias\",\"description\":\"Tene.ee - parimad puit- ja aiamajad otse tootjalt\",\"publisher\":{\"@id\":\"https:\\\/\\\/tene.ee\\\/fr\\\/#organization\"},\"alternateName\":\"Tene.ee\",\"potentialAction\":[{\"@type\":\"SearchAction\",\"target\":{\"@type\":\"EntryPoint\",\"urlTemplate\":\"https:\\\/\\\/tene.ee\\\/fr\\\/?s={search_term_string}\"},\"query-input\":{\"@type\":\"PropertyValueSpecification\",\"valueRequired\":true,\"valueName\":\"search_term_string\"}}],\"inLanguage\":\"fr-FR\"},{\"@type\":\"Organization\",\"@id\":\"https:\\\/\\\/tene.ee\\\/fr\\\/#organization\",\"name\":\"Tene.ee\",\"url\":\"https:\\\/\\\/tene.ee\\\/fr\\\/\",\"logo\":{\"@type\":\"ImageObject\",\"inLanguage\":\"fr-FR\",\"@id\":\"https:\\\/\\\/tene.ee\\\/fr\\\/#\\\/schema\\\/logo\\\/image\\\/\",\"url\":\"https:\\\/\\\/tene.ee\\\/wp-content\\\/uploads\\\/2024\\\/12\\\/TENE-logo-2018-2.png\",\"contentUrl\":\"https:\\\/\\\/tene.ee\\\/wp-content\\\/uploads\\\/2024\\\/12\\\/TENE-logo-2018-2.png\",\"width\":2339,\"height\":1654,\"caption\":\"Tene.ee\"},\"image\":{\"@id\":\"https:\\\/\\\/tene.ee\\\/fr\\\/#\\\/schema\\\/logo\\\/image\\\/\"},\"sameAs\":[\"https:\\\/\\\/www.facebook.com\\\/teneaiamajad\"]}]}<\/script>\n<!-- \/ Yoast SEO plugin. -->","yoast_head_json":{"title":"Tene.ee - Cabine de sauna Bianca avec 1 pi\u00e8ce 238 x 250\u00a0cm","description":"Tene.ee Cabine de sauna Bianca avec 1 pi\u00e8ce 238 x 250\u00a0cm","robots":{"index":"index","follow":"follow","max-snippet":"max-snippet:-1","max-image-preview":"max-image-preview:large","max-video-preview":"max-video-preview:-1"},"canonical":"https:\/\/tene.ee\/fr\/toode\/saunaiglu-bianca-1-ruumiga-238-x-250-cm\/","og_locale":"fr_FR","og_type":"article","og_title":"Tene.ee - Cabine de sauna Bianca avec 1 pi\u00e8ce 238 x 250\u00a0cm","og_description":"Tene.ee Cabine de sauna Bianca avec 1 pi\u00e8ce 238 x 250\u00a0cm","og_url":"https:\/\/tene.ee\/fr\/toode\/saunaiglu-bianca-1-ruumiga-238-x-250-cm\/","og_site_name":"Tene.ee","article_publisher":"https:\/\/www.facebook.com\/teneaiamajad","article_modified_time":"2025-12-03T07:33:42+00:00","og_image":[{"width":2500,"height":1667,"url":"https:\/\/tene.ee\/wp-content\/uploads\/2024\/07\/Bianca_ok.jpeg","type":"image\/jpeg"}],"twitter_card":"summary_large_image","twitter_misc":{"Dur\u00e9e de lecture estim\u00e9e":"1 minute"},"schema":{"@context":"https:\/\/schema.org","@graph":[{"@type":"WebPage","@id":"https:\/\/tene.ee\/fr\/toode\/saunaiglu-bianca-1-ruumiga-238-x-250-cm\/","url":"https:\/\/tene.ee\/fr\/toode\/saunaiglu-bianca-1-ruumiga-238-x-250-cm\/","name":"Tene.ee - Cabine de sauna Bianca avec 1 pi\u00e8ce 238 x 250\u00a0cm","isPartOf":{"@id":"https:\/\/tene.ee\/fr\/#website"},"primaryImageOfPage":{"@id":"https:\/\/tene.ee\/fr\/toode\/saunaiglu-bianca-1-ruumiga-238-x-250-cm\/#primaryimage"},"image":{"@id":"https:\/\/tene.ee\/fr\/toode\/saunaiglu-bianca-1-ruumiga-238-x-250-cm\/#primaryimage"},"thumbnailUrl":"https:\/\/tene.ee\/wp-content\/uploads\/2024\/07\/Bianca_ok.jpeg","datePublished":"2024-07-12T13:32:38+00:00","dateModified":"2025-12-03T07:33:42+00:00","description":"Tene.ee Cabine de sauna Bianca avec 1 pi\u00e8ce 238 x 250\u00a0cm","breadcrumb":{"@id":"https:\/\/tene.ee\/fr\/toode\/saunaiglu-bianca-1-ruumiga-238-x-250-cm\/#breadcrumb"},"inLanguage":"fr-FR","potentialAction":[{"@type":"ReadAction","target":["https:\/\/tene.ee\/fr\/toode\/saunaiglu-bianca-1-ruumiga-238-x-250-cm\/"]}]},{"@type":"ImageObject","inLanguage":"fr-FR","@id":"https:\/\/tene.ee\/fr\/toode\/saunaiglu-bianca-1-ruumiga-238-x-250-cm\/#primaryimage","url":"https:\/\/tene.ee\/wp-content\/uploads\/2024\/07\/Bianca_ok.jpeg","contentUrl":"https:\/\/tene.ee\/wp-content\/uploads\/2024\/07\/Bianca_ok.jpeg","width":2500,"height":1667},{"@type":"BreadcrumbList","@id":"https:\/\/tene.ee\/fr\/toode\/saunaiglu-bianca-1-ruumiga-238-x-250-cm\/#breadcrumb","itemListElement":[{"@type":"ListItem","position":1,"name":"Avaleht","item":"https:\/\/tene.ee\/fr\/"},{"@type":"ListItem","position":2,"name":"Boutique","item":"http:\/\/tene.ee\/fr\/boutique\/"},{"@type":"ListItem","position":3,"name":"Cabine de sauna Bianca avec 1 pi\u00e8ce 238 x 250\u00a0cm"}]},{"@type":"WebSite","@id":"https:\/\/tene.ee\/fr\/#website","url":"https:\/\/tene.ee\/fr\/","name":"Tene.ee - Kaunite hetkede jaoks sinu aias","description":"Tene.ee - parimad puit- ja aiamajad otse tootjalt","publisher":{"@id":"https:\/\/tene.ee\/fr\/#organization"},"alternateName":"Tene.ee","potentialAction":[{"@type":"SearchAction","target":{"@type":"EntryPoint","urlTemplate":"https:\/\/tene.ee\/fr\/?s={search_term_string}"},"query-input":{"@type":"PropertyValueSpecification","valueRequired":true,"valueName":"search_term_string"}}],"inLanguage":"fr-FR"},{"@type":"Organization","@id":"https:\/\/tene.ee\/fr\/#organization","name":"Tene.ee","url":"https:\/\/tene.ee\/fr\/","logo":{"@type":"ImageObject","inLanguage":"fr-FR","@id":"https:\/\/tene.ee\/fr\/#\/schema\/logo\/image\/","url":"https:\/\/tene.ee\/wp-content\/uploads\/2024\/12\/TENE-logo-2018-2.png","contentUrl":"https:\/\/tene.ee\/wp-content\/uploads\/2024\/12\/TENE-logo-2018-2.png","width":2339,"height":1654,"caption":"Tene.ee"},"image":{"@id":"https:\/\/tene.ee\/fr\/#\/schema\/logo\/image\/"},"sameAs":["https:\/\/www.facebook.com\/teneaiamajad"]}]}},"_links":{"self":[{"href":"https:\/\/tene.ee\/fr\/wp-json\/wp\/v2\/product\/19208","targetHints":{"allow":["GET"]}}],"collection":[{"href":"https:\/\/tene.ee\/fr\/wp-json\/wp\/v2\/product"}],"about":[{"href":"https:\/\/tene.ee\/fr\/wp-json\/wp\/v2\/types\/product"}],"wp:featuredmedia":[{"embeddable":true,"href":"https:\/\/tene.ee\/fr\/wp-json\/wp\/v2\/media\/8194"}],"wp:attachment":[{"href":"https:\/\/tene.ee\/fr\/wp-json\/wp\/v2\/media?parent=19208"}],"wp:term":[{"taxonomy":"product_brand","embeddable":true,"href":"https:\/\/tene.ee\/fr\/wp-json\/wp\/v2\/product_brand?post=19208"},{"taxonomy":"product_cat","embeddable":true,"href":"https:\/\/tene.ee\/fr\/wp-json\/wp\/v2\/product_cat?post=19208"},{"taxonomy":"product_tag","embeddable":true,"href":"https:\/\/tene.ee\/fr\/wp-json\/wp\/v2\/product_tag?post=19208"}],"curies":[{"name":"wp","href":"https:\/\/api.w.org\/{rel}","templated":true}]}}