{"id":19192,"date":"2024-07-12T16:32:38","date_gmt":"2024-07-12T13:32:38","guid":{"rendered":"https:\/\/tene.ee\/toode\/torusaun-turku-o-240-x-447-cm\/"},"modified":"2025-12-03T09:35:09","modified_gmt":"2025-12-03T07:35:09","slug":"torusaun-turku-o-240-x-447-cm","status":"publish","type":"product","link":"https:\/\/tene.ee\/fr\/toode\/torusaun-turku-o-240-x-447-cm\/","title":{"rendered":"Sauna tonneau Turku \u00d8 240 x 447\u00a0cm"},"content":{"rendered":"<p>Le sauna tonneau Turku fabriqu\u00e9 \u00e0 l\u2019usine de Tene Kaubanduse est imm\u00e9diatement pr\u00eat pour l\u2019exp\u00e9rience du sauna. Le produit peut \u00eatre transport\u00e9 \u00e0 n\u2019importe quel endroit accessible par camion-grue.<\/p>\n<p>L&rsquo;ensemble d&rsquo;un sauna tonneau pr\u00e9fabriqu\u00e9 inclut les \u00e9l\u00e9ments suivants\u00a0:<\/p>\n<p>le bois utilis\u00e9 est \u00e0 100\u00a0% de l&rsquo;\u00e9pic\u00e9a de qualit\u00e9 nordique<br \/>\nbanc de sauna dans la pi\u00e8ce de vapeur<br \/>\nbancs<br \/>\npo\u00eale \u00e0 bois avec grille<br \/>\nchemin\u00e9e de haute qualit\u00e9 avec registre et r\u00e9servoir d&rsquo;eau de 22\u00a0l<br \/>\npierres de sauna 100\u00a0kg<br \/>\nbase du po\u00eale, carcasse et paroi arri\u00e8re r\u00e9sistantes \u00e0 la chaleur<br \/>\nLa surface ext\u00e9rieure est finie avec la lasure teknos AQUAPRIMER TM 1824<br \/>\nbardeaux de toiture noirs en nid d&rsquo;abeille<br \/>\nfen\u00eatre dans la pi\u00e8ce de vapeur en verre tremp\u00e9<br \/>\n\u00c9paisseur de la paroi\u00a0: 40\u00a0mm<br \/>\nDimensions ext\u00e9rieures\u00a0: 240 x 447\u00a0cm<\/p>\n","protected":false},"excerpt":{"rendered":"<p>Sauna tonneau pr\u00e9fabriqu\u00e9 Turku, toit avec bardeaux noirs en nid d&rsquo;abeille, po\u00eale \u00e0 bois avec pierres (100\u00a0kg), chemin\u00e9e de haute qualit\u00e9 avec registre et r\u00e9servoir d&rsquo;eau. La surface ext\u00e9rieure est finie avec la lasure teknos AQUAPRIMER TM 1824.<\/p>\n<p>Le sauna tonneau Tarku est \u00e9galement disponible avec un po\u00eale \u00e9lectrique.<br \/>\nLe prix n&rsquo;inclut pas le transport du produit.<\/p>\n","protected":false},"featured_media":8018,"template":"","meta":{"_acf_changed":false},"product_brand":[],"product_cat":[442,449,448],"product_tag":[],"class_list":{"0":"post-19192","1":"product","2":"type-product","3":"status-publish","4":"has-post-thumbnail","6":"product_cat-saunas-fr","7":"product_cat-saunas-prets-a-lemploi","8":"product_cat-saunas-tubulaires","9":"product_shipping_class-390e-fr","10":"pa_seina-paksus-40-mm-fr","11":"pa_vali-keris-huum-elektrikeris-fr","12":"pa_vali-keris-puukuttega-skamet-keris-fr","14":"first","15":"onbackorder","16":"sale","17":"purchasable","18":"product-type-simple"},"acf":[],"yoast_head":"<!-- This site is optimized with the Yoast SEO plugin v27.3 - https:\/\/yoast.com\/product\/yoast-seo-wordpress\/ -->\n<title>Tene.ee - Sauna tonneau Turku \u00d8 240 x 447\u00a0cm<\/title>\n<meta name=\"description\" content=\"Tene.ee Sauna tonneau Turku \u00d8 240 x 447\u00a0cm\" \/>\n<meta name=\"robots\" content=\"index, follow, max-snippet:-1, max-image-preview:large, max-video-preview:-1\" \/>\n<link rel=\"canonical\" href=\"https:\/\/tene.ee\/fr\/toode\/torusaun-turku-o-240-x-447-cm\/\" \/>\n<meta property=\"og:locale\" content=\"fr_FR\" \/>\n<meta property=\"og:type\" content=\"article\" \/>\n<meta property=\"og:title\" content=\"Tene.ee - Sauna tonneau Turku \u00d8 240 x 447\u00a0cm\" \/>\n<meta property=\"og:description\" content=\"Tene.ee Sauna tonneau Turku \u00d8 240 x 447\u00a0cm\" \/>\n<meta property=\"og:url\" content=\"https:\/\/tene.ee\/fr\/toode\/torusaun-turku-o-240-x-447-cm\/\" \/>\n<meta property=\"og:site_name\" content=\"Tene.ee\" \/>\n<meta property=\"article:publisher\" content=\"https:\/\/www.facebook.com\/teneaiamajad\" \/>\n<meta property=\"article:modified_time\" content=\"2025-12-03T07:35:09+00:00\" \/>\n<meta property=\"og:image\" content=\"https:\/\/tene.ee\/wp-content\/uploads\/2024\/07\/Turku-1024x683.jpg\" \/>\n\t<meta property=\"og:image:width\" content=\"1024\" \/>\n\t<meta property=\"og:image:height\" content=\"683\" \/>\n\t<meta property=\"og:image:type\" content=\"image\/jpeg\" \/>\n<meta name=\"twitter:card\" content=\"summary_large_image\" \/>\n<meta name=\"twitter:label1\" content=\"Dur\u00e9e de lecture estim\u00e9e\" \/>\n\t<meta name=\"twitter:data1\" content=\"1 minute\" \/>\n<script type=\"application\/ld+json\" class=\"yoast-schema-graph\">{\"@context\":\"https:\\\/\\\/schema.org\",\"@graph\":[{\"@type\":\"WebPage\",\"@id\":\"https:\\\/\\\/tene.ee\\\/fr\\\/toode\\\/torusaun-turku-o-240-x-447-cm\\\/\",\"url\":\"https:\\\/\\\/tene.ee\\\/fr\\\/toode\\\/torusaun-turku-o-240-x-447-cm\\\/\",\"name\":\"Tene.ee - Sauna tonneau Turku \u00d8 240 x 447\u00a0cm\",\"isPartOf\":{\"@id\":\"https:\\\/\\\/tene.ee\\\/fr\\\/#website\"},\"primaryImageOfPage\":{\"@id\":\"https:\\\/\\\/tene.ee\\\/fr\\\/toode\\\/torusaun-turku-o-240-x-447-cm\\\/#primaryimage\"},\"image\":{\"@id\":\"https:\\\/\\\/tene.ee\\\/fr\\\/toode\\\/torusaun-turku-o-240-x-447-cm\\\/#primaryimage\"},\"thumbnailUrl\":\"https:\\\/\\\/tene.ee\\\/wp-content\\\/uploads\\\/2024\\\/07\\\/Turku.jpg\",\"datePublished\":\"2024-07-12T13:32:38+00:00\",\"dateModified\":\"2025-12-03T07:35:09+00:00\",\"description\":\"Tene.ee Sauna tonneau Turku \u00d8 240 x 447\u00a0cm\",\"breadcrumb\":{\"@id\":\"https:\\\/\\\/tene.ee\\\/fr\\\/toode\\\/torusaun-turku-o-240-x-447-cm\\\/#breadcrumb\"},\"inLanguage\":\"fr-FR\",\"potentialAction\":[{\"@type\":\"ReadAction\",\"target\":[\"https:\\\/\\\/tene.ee\\\/fr\\\/toode\\\/torusaun-turku-o-240-x-447-cm\\\/\"]}]},{\"@type\":\"ImageObject\",\"inLanguage\":\"fr-FR\",\"@id\":\"https:\\\/\\\/tene.ee\\\/fr\\\/toode\\\/torusaun-turku-o-240-x-447-cm\\\/#primaryimage\",\"url\":\"https:\\\/\\\/tene.ee\\\/wp-content\\\/uploads\\\/2024\\\/07\\\/Turku.jpg\",\"contentUrl\":\"https:\\\/\\\/tene.ee\\\/wp-content\\\/uploads\\\/2024\\\/07\\\/Turku.jpg\",\"width\":2500,\"height\":1667},{\"@type\":\"BreadcrumbList\",\"@id\":\"https:\\\/\\\/tene.ee\\\/fr\\\/toode\\\/torusaun-turku-o-240-x-447-cm\\\/#breadcrumb\",\"itemListElement\":[{\"@type\":\"ListItem\",\"position\":1,\"name\":\"Avaleht\",\"item\":\"https:\\\/\\\/tene.ee\\\/fr\\\/\"},{\"@type\":\"ListItem\",\"position\":2,\"name\":\"Boutique\",\"item\":\"http:\\\/\\\/tene.ee\\\/fr\\\/boutique\\\/\"},{\"@type\":\"ListItem\",\"position\":3,\"name\":\"Sauna tonneau Turku \u00d8 240 x 447\u00a0cm\"}]},{\"@type\":\"WebSite\",\"@id\":\"https:\\\/\\\/tene.ee\\\/fr\\\/#website\",\"url\":\"https:\\\/\\\/tene.ee\\\/fr\\\/\",\"name\":\"Tene.ee - Kaunite hetkede jaoks sinu aias\",\"description\":\"Tene.ee - parimad puit- ja aiamajad otse tootjalt\",\"publisher\":{\"@id\":\"https:\\\/\\\/tene.ee\\\/fr\\\/#organization\"},\"alternateName\":\"Tene.ee\",\"potentialAction\":[{\"@type\":\"SearchAction\",\"target\":{\"@type\":\"EntryPoint\",\"urlTemplate\":\"https:\\\/\\\/tene.ee\\\/fr\\\/?s={search_term_string}\"},\"query-input\":{\"@type\":\"PropertyValueSpecification\",\"valueRequired\":true,\"valueName\":\"search_term_string\"}}],\"inLanguage\":\"fr-FR\"},{\"@type\":\"Organization\",\"@id\":\"https:\\\/\\\/tene.ee\\\/fr\\\/#organization\",\"name\":\"Tene.ee\",\"url\":\"https:\\\/\\\/tene.ee\\\/fr\\\/\",\"logo\":{\"@type\":\"ImageObject\",\"inLanguage\":\"fr-FR\",\"@id\":\"https:\\\/\\\/tene.ee\\\/fr\\\/#\\\/schema\\\/logo\\\/image\\\/\",\"url\":\"https:\\\/\\\/tene.ee\\\/wp-content\\\/uploads\\\/2024\\\/12\\\/TENE-logo-2018-2.png\",\"contentUrl\":\"https:\\\/\\\/tene.ee\\\/wp-content\\\/uploads\\\/2024\\\/12\\\/TENE-logo-2018-2.png\",\"width\":2339,\"height\":1654,\"caption\":\"Tene.ee\"},\"image\":{\"@id\":\"https:\\\/\\\/tene.ee\\\/fr\\\/#\\\/schema\\\/logo\\\/image\\\/\"},\"sameAs\":[\"https:\\\/\\\/www.facebook.com\\\/teneaiamajad\"]}]}<\/script>\n<!-- \/ Yoast SEO plugin. -->","yoast_head_json":{"title":"Tene.ee - Sauna tonneau Turku \u00d8 240 x 447\u00a0cm","description":"Tene.ee Sauna tonneau Turku \u00d8 240 x 447\u00a0cm","robots":{"index":"index","follow":"follow","max-snippet":"max-snippet:-1","max-image-preview":"max-image-preview:large","max-video-preview":"max-video-preview:-1"},"canonical":"https:\/\/tene.ee\/fr\/toode\/torusaun-turku-o-240-x-447-cm\/","og_locale":"fr_FR","og_type":"article","og_title":"Tene.ee - Sauna tonneau Turku \u00d8 240 x 447\u00a0cm","og_description":"Tene.ee Sauna tonneau Turku \u00d8 240 x 447\u00a0cm","og_url":"https:\/\/tene.ee\/fr\/toode\/torusaun-turku-o-240-x-447-cm\/","og_site_name":"Tene.ee","article_publisher":"https:\/\/www.facebook.com\/teneaiamajad","article_modified_time":"2025-12-03T07:35:09+00:00","og_image":[{"width":1024,"height":683,"url":"https:\/\/tene.ee\/wp-content\/uploads\/2024\/07\/Turku-1024x683.jpg","type":"image\/jpeg"}],"twitter_card":"summary_large_image","twitter_misc":{"Dur\u00e9e de lecture estim\u00e9e":"1 minute"},"schema":{"@context":"https:\/\/schema.org","@graph":[{"@type":"WebPage","@id":"https:\/\/tene.ee\/fr\/toode\/torusaun-turku-o-240-x-447-cm\/","url":"https:\/\/tene.ee\/fr\/toode\/torusaun-turku-o-240-x-447-cm\/","name":"Tene.ee - Sauna tonneau Turku \u00d8 240 x 447\u00a0cm","isPartOf":{"@id":"https:\/\/tene.ee\/fr\/#website"},"primaryImageOfPage":{"@id":"https:\/\/tene.ee\/fr\/toode\/torusaun-turku-o-240-x-447-cm\/#primaryimage"},"image":{"@id":"https:\/\/tene.ee\/fr\/toode\/torusaun-turku-o-240-x-447-cm\/#primaryimage"},"thumbnailUrl":"https:\/\/tene.ee\/wp-content\/uploads\/2024\/07\/Turku.jpg","datePublished":"2024-07-12T13:32:38+00:00","dateModified":"2025-12-03T07:35:09+00:00","description":"Tene.ee Sauna tonneau Turku \u00d8 240 x 447\u00a0cm","breadcrumb":{"@id":"https:\/\/tene.ee\/fr\/toode\/torusaun-turku-o-240-x-447-cm\/#breadcrumb"},"inLanguage":"fr-FR","potentialAction":[{"@type":"ReadAction","target":["https:\/\/tene.ee\/fr\/toode\/torusaun-turku-o-240-x-447-cm\/"]}]},{"@type":"ImageObject","inLanguage":"fr-FR","@id":"https:\/\/tene.ee\/fr\/toode\/torusaun-turku-o-240-x-447-cm\/#primaryimage","url":"https:\/\/tene.ee\/wp-content\/uploads\/2024\/07\/Turku.jpg","contentUrl":"https:\/\/tene.ee\/wp-content\/uploads\/2024\/07\/Turku.jpg","width":2500,"height":1667},{"@type":"BreadcrumbList","@id":"https:\/\/tene.ee\/fr\/toode\/torusaun-turku-o-240-x-447-cm\/#breadcrumb","itemListElement":[{"@type":"ListItem","position":1,"name":"Avaleht","item":"https:\/\/tene.ee\/fr\/"},{"@type":"ListItem","position":2,"name":"Boutique","item":"http:\/\/tene.ee\/fr\/boutique\/"},{"@type":"ListItem","position":3,"name":"Sauna tonneau Turku \u00d8 240 x 447\u00a0cm"}]},{"@type":"WebSite","@id":"https:\/\/tene.ee\/fr\/#website","url":"https:\/\/tene.ee\/fr\/","name":"Tene.ee - Kaunite hetkede jaoks sinu aias","description":"Tene.ee - parimad puit- ja aiamajad otse tootjalt","publisher":{"@id":"https:\/\/tene.ee\/fr\/#organization"},"alternateName":"Tene.ee","potentialAction":[{"@type":"SearchAction","target":{"@type":"EntryPoint","urlTemplate":"https:\/\/tene.ee\/fr\/?s={search_term_string}"},"query-input":{"@type":"PropertyValueSpecification","valueRequired":true,"valueName":"search_term_string"}}],"inLanguage":"fr-FR"},{"@type":"Organization","@id":"https:\/\/tene.ee\/fr\/#organization","name":"Tene.ee","url":"https:\/\/tene.ee\/fr\/","logo":{"@type":"ImageObject","inLanguage":"fr-FR","@id":"https:\/\/tene.ee\/fr\/#\/schema\/logo\/image\/","url":"https:\/\/tene.ee\/wp-content\/uploads\/2024\/12\/TENE-logo-2018-2.png","contentUrl":"https:\/\/tene.ee\/wp-content\/uploads\/2024\/12\/TENE-logo-2018-2.png","width":2339,"height":1654,"caption":"Tene.ee"},"image":{"@id":"https:\/\/tene.ee\/fr\/#\/schema\/logo\/image\/"},"sameAs":["https:\/\/www.facebook.com\/teneaiamajad"]}]}},"_links":{"self":[{"href":"https:\/\/tene.ee\/fr\/wp-json\/wp\/v2\/product\/19192","targetHints":{"allow":["GET"]}}],"collection":[{"href":"https:\/\/tene.ee\/fr\/wp-json\/wp\/v2\/product"}],"about":[{"href":"https:\/\/tene.ee\/fr\/wp-json\/wp\/v2\/types\/product"}],"wp:featuredmedia":[{"embeddable":true,"href":"https:\/\/tene.ee\/fr\/wp-json\/wp\/v2\/media\/8018"}],"wp:attachment":[{"href":"https:\/\/tene.ee\/fr\/wp-json\/wp\/v2\/media?parent=19192"}],"wp:term":[{"taxonomy":"product_brand","embeddable":true,"href":"https:\/\/tene.ee\/fr\/wp-json\/wp\/v2\/product_brand?post=19192"},{"taxonomy":"product_cat","embeddable":true,"href":"https:\/\/tene.ee\/fr\/wp-json\/wp\/v2\/product_cat?post=19192"},{"taxonomy":"product_tag","embeddable":true,"href":"https:\/\/tene.ee\/fr\/wp-json\/wp\/v2\/product_tag?post=19192"}],"curies":[{"name":"wp","href":"https:\/\/api.w.org\/{rel}","templated":true}]}}