{"id":19110,"date":"2024-07-12T16:32:38","date_gmt":"2024-07-12T13:32:38","guid":{"rendered":"https:\/\/tene.ee\/toode\/valmis-aiamaja-piha-aitta-19-70-mm\/"},"modified":"2024-11-28T11:52:45","modified_gmt":"2024-11-28T09:52:45","slug":"valmis-aiamaja-piha-aitta-19-70-mm","status":"publish","type":"product","link":"https:\/\/tene.ee\/fr\/toode\/valmis-aiamaja-piha-aitta-19-70-mm\/","title":{"rendered":"Abri de jardin pr\u00e9fabriqu\u00e9 Piha-Aitta 19, 70\u00a0mm"},"content":{"rendered":"<p>Les abris de jardin et de rangement de TENE sont construits \u00e0 l&rsquo;int\u00e9rieur, ce qui assure la meilleure qualit\u00e9 des constructions pr\u00e9fabriqu\u00e9es et aide \u00e0 \u00e9viter d&rsquo;\u00e9ventuels retards g\u00eanants sur le site de construction (par exemple, mauvaises conditions m\u00e9t\u00e9orologiques).<\/p>\n<p>L&rsquo;ensemble d&rsquo;un abri de jardin TENE avec des murs de 70\u00a0mm d&rsquo;\u00e9paisseur inclut les \u00e9l\u00e9ments suivants selon le dessin du produit\u00a0:<\/p>\n<p>le bois utilis\u00e9 est \u00e0 100\u00a0% de l&rsquo;\u00e9pic\u00e9a de qualit\u00e9 nordique, d&rsquo;une \u00e9paisseur de 70\u00a0mm<br \/>\nportes et fen\u00eatres en bois lamell\u00e9-coll\u00e9 extra-sec (8-12\u00a0%)<br \/>\nFen\u00eatres oscillo-battantes \u00e0 l&rsquo;allemande avec vitrage (ISO) et joint, ferrures incluses<br \/>\nPorte \u00e0 l&rsquo;allemande avec vitrage (ISO), ferrures incluses<br \/>\nplancher en lames profil\u00e9es de 28\u00a0mm d\u2019\u00e9paisseur<br \/>\ntoiture isol\u00e9e avec de la laine de 50\u00a0cm d\u2019\u00e9paisseur<br \/>\nplafond en lames profil\u00e9es<br \/>\nbardeaux de toiture noirs en nid d&rsquo;abeille<br \/>\nbords de rive et fa\u00eetage<br \/>\ntiges filet\u00e9es<br \/>\nsolives impr\u00e9gn\u00e9es en autoclave<br \/>\nseuil en acier inoxydable<\/p>\n<p>Le prix n&rsquo;inclut pas\u00a0:<br \/>\npr\u00e9paration de la fondation<br \/>\ninstallation des limites de la terrasse et du plancher de la terrasse (fournis s\u00e9par\u00e9ment)<br \/>\nfinition ext\u00e9rieure<\/p>\n<p>Les prix sont valables depuis l&rsquo;entrep\u00f4t de l&rsquo;usine Tene et incluent la TVA.<br \/>\nLe prix n&rsquo;inclut pas le transport du sauna pr\u00e9fabriqu\u00e9.<\/p>\n","protected":false},"excerpt":{"rendered":"<p>L&rsquo;abri de jardin pr\u00e9fabriqu\u00e9 Piha-Aitta 19 avec une terrasse est livr\u00e9 au client sous la forme d&rsquo;une solution compl\u00e8te cl\u00e9 en main. L&rsquo;abri de jardin pr\u00e9fabriqu\u00e9 peut \u00eatre transport\u00e9 \u00e0 n&rsquo;importe quel endroit accessible par camion-grue.<\/p>\n","protected":false},"featured_media":7562,"template":"","meta":{"_acf_changed":false},"product_brand":[],"product_cat":[418,421,426],"product_tag":[],"class_list":{"0":"post-19110","1":"product","2":"type-product","3":"status-publish","4":"has-post-thumbnail","6":"product_cat-abris-de-jardin","7":"product_cat-abris-de-jardin-70-mm","8":"product_cat-abris-de-jardin-prets-a-lemploi","9":"product_shipping_class-390e-fr","10":"pa_iseloomustus-1-chambre","11":"pa_iseloomustus-terrasse-fr","12":"pa_iseloomustus-une-maison-carree","13":"pa_katuse-tuup-toit-en-pente-fr","14":"pa_pindala-10-20-m2-fr","15":"pa_seina-paksus-70-mm-fr","17":"first","18":"onbackorder","19":"sale","20":"purchasable","21":"product-type-simple"},"acf":[],"yoast_head":"<!-- This site is optimized with the Yoast SEO plugin v27.3 - https:\/\/yoast.com\/product\/yoast-seo-wordpress\/ -->\n<title>Tene.ee - Abri de jardin pr\u00e9fabriqu\u00e9 Piha-Aitta 19, 70\u00a0mm<\/title>\n<meta name=\"description\" content=\"Tene.ee Abri de jardin pr\u00e9fabriqu\u00e9 Piha-Aitta 19, 70\u00a0mm\" \/>\n<meta name=\"robots\" content=\"index, follow, max-snippet:-1, max-image-preview:large, max-video-preview:-1\" \/>\n<link rel=\"canonical\" href=\"https:\/\/tene.ee\/fr\/toode\/valmis-aiamaja-piha-aitta-19-70-mm\/\" \/>\n<meta property=\"og:locale\" content=\"fr_FR\" \/>\n<meta property=\"og:type\" content=\"article\" \/>\n<meta property=\"og:title\" content=\"Tene.ee - Abri de jardin pr\u00e9fabriqu\u00e9 Piha-Aitta 19, 70\u00a0mm\" \/>\n<meta property=\"og:description\" content=\"Tene.ee Abri de jardin pr\u00e9fabriqu\u00e9 Piha-Aitta 19, 70\u00a0mm\" \/>\n<meta property=\"og:url\" content=\"https:\/\/tene.ee\/fr\/toode\/valmis-aiamaja-piha-aitta-19-70-mm\/\" \/>\n<meta property=\"og:site_name\" content=\"Tene.ee\" \/>\n<meta property=\"article:publisher\" content=\"https:\/\/www.facebook.com\/teneaiamajad\" \/>\n<meta property=\"article:modified_time\" content=\"2024-11-28T09:52:45+00:00\" \/>\n<meta property=\"og:image\" content=\"https:\/\/tene.ee\/wp-content\/uploads\/2024\/07\/Piha-aitta-19-1024x683.jpeg\" \/>\n\t<meta property=\"og:image:width\" content=\"1024\" \/>\n\t<meta property=\"og:image:height\" content=\"683\" \/>\n\t<meta property=\"og:image:type\" content=\"image\/jpeg\" \/>\n<meta name=\"twitter:card\" content=\"summary_large_image\" \/>\n<meta name=\"twitter:label1\" content=\"Dur\u00e9e de lecture estim\u00e9e\" \/>\n\t<meta name=\"twitter:data1\" content=\"2 minutes\" \/>\n<script type=\"application\/ld+json\" class=\"yoast-schema-graph\">{\"@context\":\"https:\\\/\\\/schema.org\",\"@graph\":[{\"@type\":\"WebPage\",\"@id\":\"https:\\\/\\\/tene.ee\\\/fr\\\/toode\\\/valmis-aiamaja-piha-aitta-19-70-mm\\\/\",\"url\":\"https:\\\/\\\/tene.ee\\\/fr\\\/toode\\\/valmis-aiamaja-piha-aitta-19-70-mm\\\/\",\"name\":\"Tene.ee - Abri de jardin pr\u00e9fabriqu\u00e9 Piha-Aitta 19, 70\u00a0mm\",\"isPartOf\":{\"@id\":\"https:\\\/\\\/tene.ee\\\/fr\\\/#website\"},\"primaryImageOfPage\":{\"@id\":\"https:\\\/\\\/tene.ee\\\/fr\\\/toode\\\/valmis-aiamaja-piha-aitta-19-70-mm\\\/#primaryimage\"},\"image\":{\"@id\":\"https:\\\/\\\/tene.ee\\\/fr\\\/toode\\\/valmis-aiamaja-piha-aitta-19-70-mm\\\/#primaryimage\"},\"thumbnailUrl\":\"https:\\\/\\\/tene.ee\\\/wp-content\\\/uploads\\\/2024\\\/07\\\/Piha-aitta-19.jpeg\",\"datePublished\":\"2024-07-12T13:32:38+00:00\",\"dateModified\":\"2024-11-28T09:52:45+00:00\",\"description\":\"Tene.ee Abri de jardin pr\u00e9fabriqu\u00e9 Piha-Aitta 19, 70\u00a0mm\",\"breadcrumb\":{\"@id\":\"https:\\\/\\\/tene.ee\\\/fr\\\/toode\\\/valmis-aiamaja-piha-aitta-19-70-mm\\\/#breadcrumb\"},\"inLanguage\":\"fr-FR\",\"potentialAction\":[{\"@type\":\"ReadAction\",\"target\":[\"https:\\\/\\\/tene.ee\\\/fr\\\/toode\\\/valmis-aiamaja-piha-aitta-19-70-mm\\\/\"]}]},{\"@type\":\"ImageObject\",\"inLanguage\":\"fr-FR\",\"@id\":\"https:\\\/\\\/tene.ee\\\/fr\\\/toode\\\/valmis-aiamaja-piha-aitta-19-70-mm\\\/#primaryimage\",\"url\":\"https:\\\/\\\/tene.ee\\\/wp-content\\\/uploads\\\/2024\\\/07\\\/Piha-aitta-19.jpeg\",\"contentUrl\":\"https:\\\/\\\/tene.ee\\\/wp-content\\\/uploads\\\/2024\\\/07\\\/Piha-aitta-19.jpeg\",\"width\":2500,\"height\":1667},{\"@type\":\"BreadcrumbList\",\"@id\":\"https:\\\/\\\/tene.ee\\\/fr\\\/toode\\\/valmis-aiamaja-piha-aitta-19-70-mm\\\/#breadcrumb\",\"itemListElement\":[{\"@type\":\"ListItem\",\"position\":1,\"name\":\"Avaleht\",\"item\":\"https:\\\/\\\/tene.ee\\\/fr\\\/\"},{\"@type\":\"ListItem\",\"position\":2,\"name\":\"Boutique\",\"item\":\"http:\\\/\\\/tene.ee\\\/fr\\\/boutique\\\/\"},{\"@type\":\"ListItem\",\"position\":3,\"name\":\"Abri de jardin pr\u00e9fabriqu\u00e9 Piha-Aitta 19, 70\u00a0mm\"}]},{\"@type\":\"WebSite\",\"@id\":\"https:\\\/\\\/tene.ee\\\/fr\\\/#website\",\"url\":\"https:\\\/\\\/tene.ee\\\/fr\\\/\",\"name\":\"Tene.ee - Kaunite hetkede jaoks sinu aias\",\"description\":\"Tene.ee - parimad puit- ja aiamajad otse tootjalt\",\"publisher\":{\"@id\":\"https:\\\/\\\/tene.ee\\\/fr\\\/#organization\"},\"alternateName\":\"Tene.ee\",\"potentialAction\":[{\"@type\":\"SearchAction\",\"target\":{\"@type\":\"EntryPoint\",\"urlTemplate\":\"https:\\\/\\\/tene.ee\\\/fr\\\/?s={search_term_string}\"},\"query-input\":{\"@type\":\"PropertyValueSpecification\",\"valueRequired\":true,\"valueName\":\"search_term_string\"}}],\"inLanguage\":\"fr-FR\"},{\"@type\":\"Organization\",\"@id\":\"https:\\\/\\\/tene.ee\\\/fr\\\/#organization\",\"name\":\"Tene.ee\",\"url\":\"https:\\\/\\\/tene.ee\\\/fr\\\/\",\"logo\":{\"@type\":\"ImageObject\",\"inLanguage\":\"fr-FR\",\"@id\":\"https:\\\/\\\/tene.ee\\\/fr\\\/#\\\/schema\\\/logo\\\/image\\\/\",\"url\":\"https:\\\/\\\/tene.ee\\\/wp-content\\\/uploads\\\/2024\\\/12\\\/TENE-logo-2018-2.png\",\"contentUrl\":\"https:\\\/\\\/tene.ee\\\/wp-content\\\/uploads\\\/2024\\\/12\\\/TENE-logo-2018-2.png\",\"width\":2339,\"height\":1654,\"caption\":\"Tene.ee\"},\"image\":{\"@id\":\"https:\\\/\\\/tene.ee\\\/fr\\\/#\\\/schema\\\/logo\\\/image\\\/\"},\"sameAs\":[\"https:\\\/\\\/www.facebook.com\\\/teneaiamajad\"]}]}<\/script>\n<!-- \/ Yoast SEO plugin. -->","yoast_head_json":{"title":"Tene.ee - Abri de jardin pr\u00e9fabriqu\u00e9 Piha-Aitta 19, 70\u00a0mm","description":"Tene.ee Abri de jardin pr\u00e9fabriqu\u00e9 Piha-Aitta 19, 70\u00a0mm","robots":{"index":"index","follow":"follow","max-snippet":"max-snippet:-1","max-image-preview":"max-image-preview:large","max-video-preview":"max-video-preview:-1"},"canonical":"https:\/\/tene.ee\/fr\/toode\/valmis-aiamaja-piha-aitta-19-70-mm\/","og_locale":"fr_FR","og_type":"article","og_title":"Tene.ee - Abri de jardin pr\u00e9fabriqu\u00e9 Piha-Aitta 19, 70\u00a0mm","og_description":"Tene.ee Abri de jardin pr\u00e9fabriqu\u00e9 Piha-Aitta 19, 70\u00a0mm","og_url":"https:\/\/tene.ee\/fr\/toode\/valmis-aiamaja-piha-aitta-19-70-mm\/","og_site_name":"Tene.ee","article_publisher":"https:\/\/www.facebook.com\/teneaiamajad","article_modified_time":"2024-11-28T09:52:45+00:00","og_image":[{"width":1024,"height":683,"url":"https:\/\/tene.ee\/wp-content\/uploads\/2024\/07\/Piha-aitta-19-1024x683.jpeg","type":"image\/jpeg"}],"twitter_card":"summary_large_image","twitter_misc":{"Dur\u00e9e de lecture estim\u00e9e":"2 minutes"},"schema":{"@context":"https:\/\/schema.org","@graph":[{"@type":"WebPage","@id":"https:\/\/tene.ee\/fr\/toode\/valmis-aiamaja-piha-aitta-19-70-mm\/","url":"https:\/\/tene.ee\/fr\/toode\/valmis-aiamaja-piha-aitta-19-70-mm\/","name":"Tene.ee - Abri de jardin pr\u00e9fabriqu\u00e9 Piha-Aitta 19, 70\u00a0mm","isPartOf":{"@id":"https:\/\/tene.ee\/fr\/#website"},"primaryImageOfPage":{"@id":"https:\/\/tene.ee\/fr\/toode\/valmis-aiamaja-piha-aitta-19-70-mm\/#primaryimage"},"image":{"@id":"https:\/\/tene.ee\/fr\/toode\/valmis-aiamaja-piha-aitta-19-70-mm\/#primaryimage"},"thumbnailUrl":"https:\/\/tene.ee\/wp-content\/uploads\/2024\/07\/Piha-aitta-19.jpeg","datePublished":"2024-07-12T13:32:38+00:00","dateModified":"2024-11-28T09:52:45+00:00","description":"Tene.ee Abri de jardin pr\u00e9fabriqu\u00e9 Piha-Aitta 19, 70\u00a0mm","breadcrumb":{"@id":"https:\/\/tene.ee\/fr\/toode\/valmis-aiamaja-piha-aitta-19-70-mm\/#breadcrumb"},"inLanguage":"fr-FR","potentialAction":[{"@type":"ReadAction","target":["https:\/\/tene.ee\/fr\/toode\/valmis-aiamaja-piha-aitta-19-70-mm\/"]}]},{"@type":"ImageObject","inLanguage":"fr-FR","@id":"https:\/\/tene.ee\/fr\/toode\/valmis-aiamaja-piha-aitta-19-70-mm\/#primaryimage","url":"https:\/\/tene.ee\/wp-content\/uploads\/2024\/07\/Piha-aitta-19.jpeg","contentUrl":"https:\/\/tene.ee\/wp-content\/uploads\/2024\/07\/Piha-aitta-19.jpeg","width":2500,"height":1667},{"@type":"BreadcrumbList","@id":"https:\/\/tene.ee\/fr\/toode\/valmis-aiamaja-piha-aitta-19-70-mm\/#breadcrumb","itemListElement":[{"@type":"ListItem","position":1,"name":"Avaleht","item":"https:\/\/tene.ee\/fr\/"},{"@type":"ListItem","position":2,"name":"Boutique","item":"http:\/\/tene.ee\/fr\/boutique\/"},{"@type":"ListItem","position":3,"name":"Abri de jardin pr\u00e9fabriqu\u00e9 Piha-Aitta 19, 70\u00a0mm"}]},{"@type":"WebSite","@id":"https:\/\/tene.ee\/fr\/#website","url":"https:\/\/tene.ee\/fr\/","name":"Tene.ee - Kaunite hetkede jaoks sinu aias","description":"Tene.ee - parimad puit- ja aiamajad otse tootjalt","publisher":{"@id":"https:\/\/tene.ee\/fr\/#organization"},"alternateName":"Tene.ee","potentialAction":[{"@type":"SearchAction","target":{"@type":"EntryPoint","urlTemplate":"https:\/\/tene.ee\/fr\/?s={search_term_string}"},"query-input":{"@type":"PropertyValueSpecification","valueRequired":true,"valueName":"search_term_string"}}],"inLanguage":"fr-FR"},{"@type":"Organization","@id":"https:\/\/tene.ee\/fr\/#organization","name":"Tene.ee","url":"https:\/\/tene.ee\/fr\/","logo":{"@type":"ImageObject","inLanguage":"fr-FR","@id":"https:\/\/tene.ee\/fr\/#\/schema\/logo\/image\/","url":"https:\/\/tene.ee\/wp-content\/uploads\/2024\/12\/TENE-logo-2018-2.png","contentUrl":"https:\/\/tene.ee\/wp-content\/uploads\/2024\/12\/TENE-logo-2018-2.png","width":2339,"height":1654,"caption":"Tene.ee"},"image":{"@id":"https:\/\/tene.ee\/fr\/#\/schema\/logo\/image\/"},"sameAs":["https:\/\/www.facebook.com\/teneaiamajad"]}]}},"_links":{"self":[{"href":"https:\/\/tene.ee\/fr\/wp-json\/wp\/v2\/product\/19110","targetHints":{"allow":["GET"]}}],"collection":[{"href":"https:\/\/tene.ee\/fr\/wp-json\/wp\/v2\/product"}],"about":[{"href":"https:\/\/tene.ee\/fr\/wp-json\/wp\/v2\/types\/product"}],"wp:featuredmedia":[{"embeddable":true,"href":"https:\/\/tene.ee\/fr\/wp-json\/wp\/v2\/media\/7562"}],"wp:attachment":[{"href":"https:\/\/tene.ee\/fr\/wp-json\/wp\/v2\/media?parent=19110"}],"wp:term":[{"taxonomy":"product_brand","embeddable":true,"href":"https:\/\/tene.ee\/fr\/wp-json\/wp\/v2\/product_brand?post=19110"},{"taxonomy":"product_cat","embeddable":true,"href":"https:\/\/tene.ee\/fr\/wp-json\/wp\/v2\/product_cat?post=19110"},{"taxonomy":"product_tag","embeddable":true,"href":"https:\/\/tene.ee\/fr\/wp-json\/wp\/v2\/product_tag?post=19110"}],"curies":[{"name":"wp","href":"https:\/\/api.w.org\/{rel}","templated":true}]}}