{"id":19023,"date":"2024-07-12T16:42:06","date_gmt":"2024-07-12T13:42:06","guid":{"rendered":"https:\/\/tene.ee\/toode\/kahe-ruumiga-saunakoda-9-m2-kris\/"},"modified":"2024-11-28T11:54:54","modified_gmt":"2024-11-28T09:54:54","slug":"kahe-ruumiga-saunakoda-9-m2-kris","status":"publish","type":"product","link":"https:\/\/tene.ee\/fr\/toode\/kahe-ruumiga-saunakoda-9-m2-kris\/","title":{"rendered":"Maison sauna deux pi\u00e8ces 9 m2 Kris"},"content":{"rendered":"","protected":false},"excerpt":{"rendered":"<p>Le prix du grill comprend le mat\u00e9riau de toiture, le chauffe-sauna, les fen\u00eatres, les portes et le sol.<\/p>\n","protected":false},"featured_media":8610,"template":"","meta":{"_acf_changed":false},"product_brand":[],"product_cat":[892],"product_tag":[],"class_list":{"0":"post-19023","1":"product","2":"type-product","3":"status-publish","4":"has-post-thumbnail","6":"product_cat-grillades","7":"product_shipping_class-390e-fr","8":"pa_seina-paksus-44-mm-fr","10":"first","11":"onbackorder","12":"sale","13":"purchasable","14":"product-type-simple"},"acf":[],"yoast_head":"<!-- This site is optimized with the Yoast SEO plugin v27.3 - https:\/\/yoast.com\/product\/yoast-seo-wordpress\/ -->\n<title>Tene.ee - Maison sauna deux pi\u00e8ces 9 m2 Kris<\/title>\n<meta name=\"description\" content=\"Tene.ee Maison sauna deux pi\u00e8ces 9 m2 Kris\" \/>\n<meta name=\"robots\" content=\"index, follow, max-snippet:-1, max-image-preview:large, max-video-preview:-1\" \/>\n<link rel=\"canonical\" href=\"https:\/\/tene.ee\/fr\/toode\/kahe-ruumiga-saunakoda-9-m2-kris\/\" \/>\n<meta property=\"og:locale\" content=\"fr_FR\" \/>\n<meta property=\"og:type\" content=\"article\" \/>\n<meta property=\"og:title\" content=\"Tene.ee - Maison sauna deux pi\u00e8ces 9 m2 Kris\" \/>\n<meta property=\"og:description\" content=\"Tene.ee Maison sauna deux pi\u00e8ces 9 m2 Kris\" \/>\n<meta property=\"og:url\" content=\"https:\/\/tene.ee\/fr\/toode\/kahe-ruumiga-saunakoda-9-m2-kris\/\" \/>\n<meta property=\"og:site_name\" content=\"Tene.ee\" \/>\n<meta property=\"article:publisher\" content=\"https:\/\/www.facebook.com\/teneaiamajad\" \/>\n<meta property=\"article:modified_time\" content=\"2024-11-28T09:54:54+00:00\" \/>\n<meta property=\"og:image\" content=\"https:\/\/tene.ee\/wp-content\/uploads\/2024\/07\/Sauna-Cabin-with-Extension-9-m2-KRIS-without-background.jpg\" \/>\n\t<meta property=\"og:image:width\" content=\"2430\" \/>\n\t<meta property=\"og:image:height\" content=\"1620\" \/>\n\t<meta property=\"og:image:type\" content=\"image\/jpeg\" \/>\n<meta name=\"twitter:card\" content=\"summary_large_image\" \/>\n<meta name=\"twitter:label1\" content=\"Dur\u00e9e de lecture estim\u00e9e\" \/>\n\t<meta name=\"twitter:data1\" content=\"1 minute\" \/>\n<script type=\"application\/ld+json\" class=\"yoast-schema-graph\">{\"@context\":\"https:\\\/\\\/schema.org\",\"@graph\":[{\"@type\":\"WebPage\",\"@id\":\"https:\\\/\\\/tene.ee\\\/fr\\\/toode\\\/kahe-ruumiga-saunakoda-9-m2-kris\\\/\",\"url\":\"https:\\\/\\\/tene.ee\\\/fr\\\/toode\\\/kahe-ruumiga-saunakoda-9-m2-kris\\\/\",\"name\":\"Tene.ee - Maison sauna deux pi\u00e8ces 9 m2 Kris\",\"isPartOf\":{\"@id\":\"https:\\\/\\\/tene.ee\\\/fr\\\/#website\"},\"primaryImageOfPage\":{\"@id\":\"https:\\\/\\\/tene.ee\\\/fr\\\/toode\\\/kahe-ruumiga-saunakoda-9-m2-kris\\\/#primaryimage\"},\"image\":{\"@id\":\"https:\\\/\\\/tene.ee\\\/fr\\\/toode\\\/kahe-ruumiga-saunakoda-9-m2-kris\\\/#primaryimage\"},\"thumbnailUrl\":\"https:\\\/\\\/tene.ee\\\/wp-content\\\/uploads\\\/2024\\\/07\\\/Sauna-Cabin-with-Extension-9-m2-KRIS-without-background.jpg\",\"datePublished\":\"2024-07-12T13:42:06+00:00\",\"dateModified\":\"2024-11-28T09:54:54+00:00\",\"description\":\"Tene.ee Maison sauna deux pi\u00e8ces 9 m2 Kris\",\"breadcrumb\":{\"@id\":\"https:\\\/\\\/tene.ee\\\/fr\\\/toode\\\/kahe-ruumiga-saunakoda-9-m2-kris\\\/#breadcrumb\"},\"inLanguage\":\"fr-FR\",\"potentialAction\":[{\"@type\":\"ReadAction\",\"target\":[\"https:\\\/\\\/tene.ee\\\/fr\\\/toode\\\/kahe-ruumiga-saunakoda-9-m2-kris\\\/\"]}]},{\"@type\":\"ImageObject\",\"inLanguage\":\"fr-FR\",\"@id\":\"https:\\\/\\\/tene.ee\\\/fr\\\/toode\\\/kahe-ruumiga-saunakoda-9-m2-kris\\\/#primaryimage\",\"url\":\"https:\\\/\\\/tene.ee\\\/wp-content\\\/uploads\\\/2024\\\/07\\\/Sauna-Cabin-with-Extension-9-m2-KRIS-without-background.jpg\",\"contentUrl\":\"https:\\\/\\\/tene.ee\\\/wp-content\\\/uploads\\\/2024\\\/07\\\/Sauna-Cabin-with-Extension-9-m2-KRIS-without-background.jpg\",\"width\":2430,\"height\":1620},{\"@type\":\"BreadcrumbList\",\"@id\":\"https:\\\/\\\/tene.ee\\\/fr\\\/toode\\\/kahe-ruumiga-saunakoda-9-m2-kris\\\/#breadcrumb\",\"itemListElement\":[{\"@type\":\"ListItem\",\"position\":1,\"name\":\"Avaleht\",\"item\":\"https:\\\/\\\/tene.ee\\\/fr\\\/\"},{\"@type\":\"ListItem\",\"position\":2,\"name\":\"Boutique\",\"item\":\"http:\\\/\\\/tene.ee\\\/fr\\\/boutique\\\/\"},{\"@type\":\"ListItem\",\"position\":3,\"name\":\"Maison sauna deux pi\u00e8ces 9 m2 Kris\"}]},{\"@type\":\"WebSite\",\"@id\":\"https:\\\/\\\/tene.ee\\\/fr\\\/#website\",\"url\":\"https:\\\/\\\/tene.ee\\\/fr\\\/\",\"name\":\"Tene.ee - Kaunite hetkede jaoks sinu aias\",\"description\":\"Tene.ee - parimad puit- ja aiamajad otse tootjalt\",\"publisher\":{\"@id\":\"https:\\\/\\\/tene.ee\\\/fr\\\/#organization\"},\"alternateName\":\"Tene.ee\",\"potentialAction\":[{\"@type\":\"SearchAction\",\"target\":{\"@type\":\"EntryPoint\",\"urlTemplate\":\"https:\\\/\\\/tene.ee\\\/fr\\\/?s={search_term_string}\"},\"query-input\":{\"@type\":\"PropertyValueSpecification\",\"valueRequired\":true,\"valueName\":\"search_term_string\"}}],\"inLanguage\":\"fr-FR\"},{\"@type\":\"Organization\",\"@id\":\"https:\\\/\\\/tene.ee\\\/fr\\\/#organization\",\"name\":\"Tene.ee\",\"url\":\"https:\\\/\\\/tene.ee\\\/fr\\\/\",\"logo\":{\"@type\":\"ImageObject\",\"inLanguage\":\"fr-FR\",\"@id\":\"https:\\\/\\\/tene.ee\\\/fr\\\/#\\\/schema\\\/logo\\\/image\\\/\",\"url\":\"https:\\\/\\\/tene.ee\\\/wp-content\\\/uploads\\\/2024\\\/12\\\/TENE-logo-2018-2.png\",\"contentUrl\":\"https:\\\/\\\/tene.ee\\\/wp-content\\\/uploads\\\/2024\\\/12\\\/TENE-logo-2018-2.png\",\"width\":2339,\"height\":1654,\"caption\":\"Tene.ee\"},\"image\":{\"@id\":\"https:\\\/\\\/tene.ee\\\/fr\\\/#\\\/schema\\\/logo\\\/image\\\/\"},\"sameAs\":[\"https:\\\/\\\/www.facebook.com\\\/teneaiamajad\"]}]}<\/script>\n<!-- \/ Yoast SEO plugin. -->","yoast_head_json":{"title":"Tene.ee - Maison sauna deux pi\u00e8ces 9 m2 Kris","description":"Tene.ee Maison sauna deux pi\u00e8ces 9 m2 Kris","robots":{"index":"index","follow":"follow","max-snippet":"max-snippet:-1","max-image-preview":"max-image-preview:large","max-video-preview":"max-video-preview:-1"},"canonical":"https:\/\/tene.ee\/fr\/toode\/kahe-ruumiga-saunakoda-9-m2-kris\/","og_locale":"fr_FR","og_type":"article","og_title":"Tene.ee - Maison sauna deux pi\u00e8ces 9 m2 Kris","og_description":"Tene.ee Maison sauna deux pi\u00e8ces 9 m2 Kris","og_url":"https:\/\/tene.ee\/fr\/toode\/kahe-ruumiga-saunakoda-9-m2-kris\/","og_site_name":"Tene.ee","article_publisher":"https:\/\/www.facebook.com\/teneaiamajad","article_modified_time":"2024-11-28T09:54:54+00:00","og_image":[{"width":2430,"height":1620,"url":"https:\/\/tene.ee\/wp-content\/uploads\/2024\/07\/Sauna-Cabin-with-Extension-9-m2-KRIS-without-background.jpg","type":"image\/jpeg"}],"twitter_card":"summary_large_image","twitter_misc":{"Dur\u00e9e de lecture estim\u00e9e":"1 minute"},"schema":{"@context":"https:\/\/schema.org","@graph":[{"@type":"WebPage","@id":"https:\/\/tene.ee\/fr\/toode\/kahe-ruumiga-saunakoda-9-m2-kris\/","url":"https:\/\/tene.ee\/fr\/toode\/kahe-ruumiga-saunakoda-9-m2-kris\/","name":"Tene.ee - Maison sauna deux pi\u00e8ces 9 m2 Kris","isPartOf":{"@id":"https:\/\/tene.ee\/fr\/#website"},"primaryImageOfPage":{"@id":"https:\/\/tene.ee\/fr\/toode\/kahe-ruumiga-saunakoda-9-m2-kris\/#primaryimage"},"image":{"@id":"https:\/\/tene.ee\/fr\/toode\/kahe-ruumiga-saunakoda-9-m2-kris\/#primaryimage"},"thumbnailUrl":"https:\/\/tene.ee\/wp-content\/uploads\/2024\/07\/Sauna-Cabin-with-Extension-9-m2-KRIS-without-background.jpg","datePublished":"2024-07-12T13:42:06+00:00","dateModified":"2024-11-28T09:54:54+00:00","description":"Tene.ee Maison sauna deux pi\u00e8ces 9 m2 Kris","breadcrumb":{"@id":"https:\/\/tene.ee\/fr\/toode\/kahe-ruumiga-saunakoda-9-m2-kris\/#breadcrumb"},"inLanguage":"fr-FR","potentialAction":[{"@type":"ReadAction","target":["https:\/\/tene.ee\/fr\/toode\/kahe-ruumiga-saunakoda-9-m2-kris\/"]}]},{"@type":"ImageObject","inLanguage":"fr-FR","@id":"https:\/\/tene.ee\/fr\/toode\/kahe-ruumiga-saunakoda-9-m2-kris\/#primaryimage","url":"https:\/\/tene.ee\/wp-content\/uploads\/2024\/07\/Sauna-Cabin-with-Extension-9-m2-KRIS-without-background.jpg","contentUrl":"https:\/\/tene.ee\/wp-content\/uploads\/2024\/07\/Sauna-Cabin-with-Extension-9-m2-KRIS-without-background.jpg","width":2430,"height":1620},{"@type":"BreadcrumbList","@id":"https:\/\/tene.ee\/fr\/toode\/kahe-ruumiga-saunakoda-9-m2-kris\/#breadcrumb","itemListElement":[{"@type":"ListItem","position":1,"name":"Avaleht","item":"https:\/\/tene.ee\/fr\/"},{"@type":"ListItem","position":2,"name":"Boutique","item":"http:\/\/tene.ee\/fr\/boutique\/"},{"@type":"ListItem","position":3,"name":"Maison sauna deux pi\u00e8ces 9 m2 Kris"}]},{"@type":"WebSite","@id":"https:\/\/tene.ee\/fr\/#website","url":"https:\/\/tene.ee\/fr\/","name":"Tene.ee - Kaunite hetkede jaoks sinu aias","description":"Tene.ee - parimad puit- ja aiamajad otse tootjalt","publisher":{"@id":"https:\/\/tene.ee\/fr\/#organization"},"alternateName":"Tene.ee","potentialAction":[{"@type":"SearchAction","target":{"@type":"EntryPoint","urlTemplate":"https:\/\/tene.ee\/fr\/?s={search_term_string}"},"query-input":{"@type":"PropertyValueSpecification","valueRequired":true,"valueName":"search_term_string"}}],"inLanguage":"fr-FR"},{"@type":"Organization","@id":"https:\/\/tene.ee\/fr\/#organization","name":"Tene.ee","url":"https:\/\/tene.ee\/fr\/","logo":{"@type":"ImageObject","inLanguage":"fr-FR","@id":"https:\/\/tene.ee\/fr\/#\/schema\/logo\/image\/","url":"https:\/\/tene.ee\/wp-content\/uploads\/2024\/12\/TENE-logo-2018-2.png","contentUrl":"https:\/\/tene.ee\/wp-content\/uploads\/2024\/12\/TENE-logo-2018-2.png","width":2339,"height":1654,"caption":"Tene.ee"},"image":{"@id":"https:\/\/tene.ee\/fr\/#\/schema\/logo\/image\/"},"sameAs":["https:\/\/www.facebook.com\/teneaiamajad"]}]}},"_links":{"self":[{"href":"https:\/\/tene.ee\/fr\/wp-json\/wp\/v2\/product\/19023","targetHints":{"allow":["GET"]}}],"collection":[{"href":"https:\/\/tene.ee\/fr\/wp-json\/wp\/v2\/product"}],"about":[{"href":"https:\/\/tene.ee\/fr\/wp-json\/wp\/v2\/types\/product"}],"wp:featuredmedia":[{"embeddable":true,"href":"https:\/\/tene.ee\/fr\/wp-json\/wp\/v2\/media\/8610"}],"wp:attachment":[{"href":"https:\/\/tene.ee\/fr\/wp-json\/wp\/v2\/media?parent=19023"}],"wp:term":[{"taxonomy":"product_brand","embeddable":true,"href":"https:\/\/tene.ee\/fr\/wp-json\/wp\/v2\/product_brand?post=19023"},{"taxonomy":"product_cat","embeddable":true,"href":"https:\/\/tene.ee\/fr\/wp-json\/wp\/v2\/product_cat?post=19023"},{"taxonomy":"product_tag","embeddable":true,"href":"https:\/\/tene.ee\/fr\/wp-json\/wp\/v2\/product_tag?post=19023"}],"curies":[{"name":"wp","href":"https:\/\/api.w.org\/{rel}","templated":true}]}}