{"id":18816,"date":"2024-07-12T16:45:08","date_gmt":"2024-07-12T13:45:08","guid":{"rendered":"https:\/\/tene.ee\/toode\/puidust-garaaz-tenerife\/"},"modified":"2024-11-28T11:53:26","modified_gmt":"2024-11-28T09:53:26","slug":"puidust-garaaz-tenerife","status":"publish","type":"product","link":"https:\/\/tene.ee\/fr\/toode\/puidust-garaaz-tenerife\/","title":{"rendered":"Abri en bois pour voitures Tenerife"},"content":{"rendered":"<p>Les abris pour voiture fabriqu\u00e9s \u00e0 l\u2019usine Tene r\u00e9sistent aux intemp\u00e9ries et sont pratiques pour garder votre voiture dans un endroit s\u00fbr ou fournir un abri contre la neige et le gel en hiver.<br \/>\nL&rsquo;ensemble Tene inclut d&rsquo;usine\u00a0:<br \/>\npoteaux porteurs en bois lamell\u00e9-coll\u00e9 solide et stable<br \/>\nPlanches de toit de 18\u00a0mm coup\u00e9es \u00e0 longueur<br \/>\nfixations<br \/>\ninstructions de montage<br \/>\nLes prix sont valables depuis l&rsquo;entrep\u00f4t de l&rsquo;usine Tene et incluent la TVA.<br \/>\nLe prix n&rsquo;inclut pas le transport du produit.<\/p>\n","protected":false},"excerpt":{"rendered":"<p>Inclut les poteaux en bois lamell\u00e9-coll\u00e9, les fixations et les instructions de montage. Le prix n&rsquo;inclut pas les mat\u00e9riaux de toiture et le transport.<\/p>\n","protected":false},"featured_media":8954,"template":"","meta":{"_acf_changed":false},"product_brand":[],"product_cat":[418,427,428,429],"product_tag":[],"class_list":{"0":"post-18816","1":"product","2":"type-product","3":"status-publish","4":"has-post-thumbnail","6":"product_cat-abris-de-jardin","7":"product_cat-auvents-et-cabanons","8":"product_cat-garage","9":"product_cat-garages-en-bois-avec-murs-de-40-mm","10":"product_shipping_class-390e-fr","11":"pa_seina-paksus-40-mm-fr","13":"first","14":"instock","15":"sale","16":"purchasable","17":"product-type-simple"},"acf":[],"yoast_head":"<!-- This site is optimized with the Yoast SEO plugin v27.5 - https:\/\/yoast.com\/product\/yoast-seo-wordpress\/ -->\n<title>Tene.ee - Abri en bois pour voitures Tenerife<\/title>\n<meta name=\"description\" content=\"Tene.ee Abri en bois pour voitures Tenerife\" \/>\n<meta name=\"robots\" content=\"index, follow, max-snippet:-1, max-image-preview:large, max-video-preview:-1\" \/>\n<link rel=\"canonical\" href=\"https:\/\/tene.ee\/fr\/toode\/puidust-garaaz-tenerife\/\" \/>\n<meta property=\"og:locale\" content=\"fr_FR\" \/>\n<meta property=\"og:type\" content=\"article\" \/>\n<meta property=\"og:title\" content=\"Tene.ee - Abri en bois pour voitures Tenerife\" \/>\n<meta property=\"og:description\" content=\"Tene.ee Abri en bois pour voitures Tenerife\" \/>\n<meta property=\"og:url\" content=\"https:\/\/tene.ee\/fr\/toode\/puidust-garaaz-tenerife\/\" \/>\n<meta property=\"og:site_name\" content=\"Tene.ee\" \/>\n<meta property=\"article:publisher\" content=\"https:\/\/www.facebook.com\/teneaiamajad\" \/>\n<meta property=\"article:modified_time\" content=\"2024-11-28T09:53:26+00:00\" \/>\n<meta property=\"og:image\" content=\"http:\/\/tene.ee\/wp-content\/uploads\/2024\/07\/Tenerife.jpg\" \/>\n\t<meta property=\"og:image:width\" content=\"1600\" \/>\n\t<meta property=\"og:image:height\" content=\"1081\" \/>\n\t<meta property=\"og:image:type\" content=\"image\/jpeg\" \/>\n<meta name=\"twitter:card\" content=\"summary_large_image\" \/>\n<meta name=\"twitter:label1\" content=\"Dur\u00e9e de lecture estim\u00e9e\" \/>\n\t<meta name=\"twitter:data1\" content=\"1 minute\" \/>\n<script type=\"application\/ld+json\" class=\"yoast-schema-graph\">{\"@context\":\"https:\\\/\\\/schema.org\",\"@graph\":[{\"@type\":\"WebPage\",\"@id\":\"https:\\\/\\\/tene.ee\\\/fr\\\/toode\\\/puidust-garaaz-tenerife\\\/\",\"url\":\"https:\\\/\\\/tene.ee\\\/fr\\\/toode\\\/puidust-garaaz-tenerife\\\/\",\"name\":\"Tene.ee - Abri en bois pour voitures Tenerife\",\"isPartOf\":{\"@id\":\"https:\\\/\\\/tene.ee\\\/fr\\\/#website\"},\"primaryImageOfPage\":{\"@id\":\"https:\\\/\\\/tene.ee\\\/fr\\\/toode\\\/puidust-garaaz-tenerife\\\/#primaryimage\"},\"image\":{\"@id\":\"https:\\\/\\\/tene.ee\\\/fr\\\/toode\\\/puidust-garaaz-tenerife\\\/#primaryimage\"},\"thumbnailUrl\":\"https:\\\/\\\/tene.ee\\\/wp-content\\\/uploads\\\/2024\\\/07\\\/Tenerife.jpg\",\"datePublished\":\"2024-07-12T13:45:08+00:00\",\"dateModified\":\"2024-11-28T09:53:26+00:00\",\"description\":\"Tene.ee Abri en bois pour voitures Tenerife\",\"breadcrumb\":{\"@id\":\"https:\\\/\\\/tene.ee\\\/fr\\\/toode\\\/puidust-garaaz-tenerife\\\/#breadcrumb\"},\"inLanguage\":\"fr-FR\",\"potentialAction\":[{\"@type\":\"ReadAction\",\"target\":[\"https:\\\/\\\/tene.ee\\\/fr\\\/toode\\\/puidust-garaaz-tenerife\\\/\"]}]},{\"@type\":\"ImageObject\",\"inLanguage\":\"fr-FR\",\"@id\":\"https:\\\/\\\/tene.ee\\\/fr\\\/toode\\\/puidust-garaaz-tenerife\\\/#primaryimage\",\"url\":\"https:\\\/\\\/tene.ee\\\/wp-content\\\/uploads\\\/2024\\\/07\\\/Tenerife.jpg\",\"contentUrl\":\"https:\\\/\\\/tene.ee\\\/wp-content\\\/uploads\\\/2024\\\/07\\\/Tenerife.jpg\",\"width\":1600,\"height\":1081},{\"@type\":\"BreadcrumbList\",\"@id\":\"https:\\\/\\\/tene.ee\\\/fr\\\/toode\\\/puidust-garaaz-tenerife\\\/#breadcrumb\",\"itemListElement\":[{\"@type\":\"ListItem\",\"position\":1,\"name\":\"Avaleht\",\"item\":\"https:\\\/\\\/tene.ee\\\/fr\\\/\"},{\"@type\":\"ListItem\",\"position\":2,\"name\":\"Boutique\",\"item\":\"http:\\\/\\\/tene.ee\\\/fr\\\/boutique\\\/\"},{\"@type\":\"ListItem\",\"position\":3,\"name\":\"Abri en bois pour voitures Tenerife\"}]},{\"@type\":\"WebSite\",\"@id\":\"https:\\\/\\\/tene.ee\\\/fr\\\/#website\",\"url\":\"https:\\\/\\\/tene.ee\\\/fr\\\/\",\"name\":\"Tene.ee - Kaunite hetkede jaoks sinu aias\",\"description\":\"Tene.ee - parimad puit- ja aiamajad otse tootjalt\",\"publisher\":{\"@id\":\"https:\\\/\\\/tene.ee\\\/fr\\\/#organization\"},\"alternateName\":\"Tene.ee\",\"potentialAction\":[{\"@type\":\"SearchAction\",\"target\":{\"@type\":\"EntryPoint\",\"urlTemplate\":\"https:\\\/\\\/tene.ee\\\/fr\\\/?s={search_term_string}\"},\"query-input\":{\"@type\":\"PropertyValueSpecification\",\"valueRequired\":true,\"valueName\":\"search_term_string\"}}],\"inLanguage\":\"fr-FR\"},{\"@type\":\"Organization\",\"@id\":\"https:\\\/\\\/tene.ee\\\/fr\\\/#organization\",\"name\":\"Tene.ee\",\"url\":\"https:\\\/\\\/tene.ee\\\/fr\\\/\",\"logo\":{\"@type\":\"ImageObject\",\"inLanguage\":\"fr-FR\",\"@id\":\"https:\\\/\\\/tene.ee\\\/fr\\\/#\\\/schema\\\/logo\\\/image\\\/\",\"url\":\"https:\\\/\\\/tene.ee\\\/wp-content\\\/uploads\\\/2024\\\/12\\\/TENE-logo-2018-2.png\",\"contentUrl\":\"https:\\\/\\\/tene.ee\\\/wp-content\\\/uploads\\\/2024\\\/12\\\/TENE-logo-2018-2.png\",\"width\":2339,\"height\":1654,\"caption\":\"Tene.ee\"},\"image\":{\"@id\":\"https:\\\/\\\/tene.ee\\\/fr\\\/#\\\/schema\\\/logo\\\/image\\\/\"},\"sameAs\":[\"https:\\\/\\\/www.facebook.com\\\/teneaiamajad\"]}]}<\/script>\n<!-- \/ Yoast SEO plugin. -->","yoast_head_json":{"title":"Tene.ee - Abri en bois pour voitures Tenerife","description":"Tene.ee Abri en bois pour voitures Tenerife","robots":{"index":"index","follow":"follow","max-snippet":"max-snippet:-1","max-image-preview":"max-image-preview:large","max-video-preview":"max-video-preview:-1"},"canonical":"https:\/\/tene.ee\/fr\/toode\/puidust-garaaz-tenerife\/","og_locale":"fr_FR","og_type":"article","og_title":"Tene.ee - Abri en bois pour voitures Tenerife","og_description":"Tene.ee Abri en bois pour voitures Tenerife","og_url":"https:\/\/tene.ee\/fr\/toode\/puidust-garaaz-tenerife\/","og_site_name":"Tene.ee","article_publisher":"https:\/\/www.facebook.com\/teneaiamajad","article_modified_time":"2024-11-28T09:53:26+00:00","og_image":[{"width":1600,"height":1081,"url":"http:\/\/tene.ee\/wp-content\/uploads\/2024\/07\/Tenerife.jpg","type":"image\/jpeg"}],"twitter_card":"summary_large_image","twitter_misc":{"Dur\u00e9e de lecture estim\u00e9e":"1 minute"},"schema":{"@context":"https:\/\/schema.org","@graph":[{"@type":"WebPage","@id":"https:\/\/tene.ee\/fr\/toode\/puidust-garaaz-tenerife\/","url":"https:\/\/tene.ee\/fr\/toode\/puidust-garaaz-tenerife\/","name":"Tene.ee - Abri en bois pour voitures Tenerife","isPartOf":{"@id":"https:\/\/tene.ee\/fr\/#website"},"primaryImageOfPage":{"@id":"https:\/\/tene.ee\/fr\/toode\/puidust-garaaz-tenerife\/#primaryimage"},"image":{"@id":"https:\/\/tene.ee\/fr\/toode\/puidust-garaaz-tenerife\/#primaryimage"},"thumbnailUrl":"https:\/\/tene.ee\/wp-content\/uploads\/2024\/07\/Tenerife.jpg","datePublished":"2024-07-12T13:45:08+00:00","dateModified":"2024-11-28T09:53:26+00:00","description":"Tene.ee Abri en bois pour voitures Tenerife","breadcrumb":{"@id":"https:\/\/tene.ee\/fr\/toode\/puidust-garaaz-tenerife\/#breadcrumb"},"inLanguage":"fr-FR","potentialAction":[{"@type":"ReadAction","target":["https:\/\/tene.ee\/fr\/toode\/puidust-garaaz-tenerife\/"]}]},{"@type":"ImageObject","inLanguage":"fr-FR","@id":"https:\/\/tene.ee\/fr\/toode\/puidust-garaaz-tenerife\/#primaryimage","url":"https:\/\/tene.ee\/wp-content\/uploads\/2024\/07\/Tenerife.jpg","contentUrl":"https:\/\/tene.ee\/wp-content\/uploads\/2024\/07\/Tenerife.jpg","width":1600,"height":1081},{"@type":"BreadcrumbList","@id":"https:\/\/tene.ee\/fr\/toode\/puidust-garaaz-tenerife\/#breadcrumb","itemListElement":[{"@type":"ListItem","position":1,"name":"Avaleht","item":"https:\/\/tene.ee\/fr\/"},{"@type":"ListItem","position":2,"name":"Boutique","item":"http:\/\/tene.ee\/fr\/boutique\/"},{"@type":"ListItem","position":3,"name":"Abri en bois pour voitures Tenerife"}]},{"@type":"WebSite","@id":"https:\/\/tene.ee\/fr\/#website","url":"https:\/\/tene.ee\/fr\/","name":"Tene.ee - Kaunite hetkede jaoks sinu aias","description":"Tene.ee - parimad puit- ja aiamajad otse tootjalt","publisher":{"@id":"https:\/\/tene.ee\/fr\/#organization"},"alternateName":"Tene.ee","potentialAction":[{"@type":"SearchAction","target":{"@type":"EntryPoint","urlTemplate":"https:\/\/tene.ee\/fr\/?s={search_term_string}"},"query-input":{"@type":"PropertyValueSpecification","valueRequired":true,"valueName":"search_term_string"}}],"inLanguage":"fr-FR"},{"@type":"Organization","@id":"https:\/\/tene.ee\/fr\/#organization","name":"Tene.ee","url":"https:\/\/tene.ee\/fr\/","logo":{"@type":"ImageObject","inLanguage":"fr-FR","@id":"https:\/\/tene.ee\/fr\/#\/schema\/logo\/image\/","url":"https:\/\/tene.ee\/wp-content\/uploads\/2024\/12\/TENE-logo-2018-2.png","contentUrl":"https:\/\/tene.ee\/wp-content\/uploads\/2024\/12\/TENE-logo-2018-2.png","width":2339,"height":1654,"caption":"Tene.ee"},"image":{"@id":"https:\/\/tene.ee\/fr\/#\/schema\/logo\/image\/"},"sameAs":["https:\/\/www.facebook.com\/teneaiamajad"]}]}},"_links":{"self":[{"href":"https:\/\/tene.ee\/fr\/wp-json\/wp\/v2\/product\/18816","targetHints":{"allow":["GET"]}}],"collection":[{"href":"https:\/\/tene.ee\/fr\/wp-json\/wp\/v2\/product"}],"about":[{"href":"https:\/\/tene.ee\/fr\/wp-json\/wp\/v2\/types\/product"}],"wp:featuredmedia":[{"embeddable":true,"href":"https:\/\/tene.ee\/fr\/wp-json\/wp\/v2\/media\/8954"}],"wp:attachment":[{"href":"https:\/\/tene.ee\/fr\/wp-json\/wp\/v2\/media?parent=18816"}],"wp:term":[{"taxonomy":"product_brand","embeddable":true,"href":"https:\/\/tene.ee\/fr\/wp-json\/wp\/v2\/product_brand?post=18816"},{"taxonomy":"product_cat","embeddable":true,"href":"https:\/\/tene.ee\/fr\/wp-json\/wp\/v2\/product_cat?post=18816"},{"taxonomy":"product_tag","embeddable":true,"href":"https:\/\/tene.ee\/fr\/wp-json\/wp\/v2\/product_tag?post=18816"}],"curies":[{"name":"wp","href":"https:\/\/api.w.org\/{rel}","templated":true}]}}