{"id":18735,"date":"2024-07-12T16:48:57","date_gmt":"2024-07-12T13:48:57","guid":{"rendered":"https:\/\/tene.ee\/toode\/aiamaja-kerstin\/"},"modified":"2024-11-28T11:54:40","modified_gmt":"2024-11-28T09:54:40","slug":"aiamaja-kerstin","status":"publish","type":"product","link":"https:\/\/tene.ee\/fr\/toode\/aiamaja-kerstin\/","title":{"rendered":"Abri de jardin Kerstin"},"content":{"rendered":"<p>L&rsquo;ensemble des abris de jardin de 40 mm, des maisons en rondins, des abris, des pavillons, des saunas, des maisons d&rsquo;\u00e9t\u00e9, des abris pour barbecue et des garages en bois produits par l&rsquo;usine de jardins et de maisons en bois Tene comprend des portes, des fen\u00eatres (selon le mod\u00e8le, l&rsquo;ensemble de produits peut n&rsquo;en inclure aucun , une ou plusieurs fen\u00eatres), sol, fixations et manuel d&rsquo;installation, ce qui rend la construction d&rsquo;une abri de jardin facile et rapide. L&rsquo;ensemble abri de jardin Tene d&rsquo;une \u00e9paisseur de paroi de 40 millim\u00e8tres selon le mod\u00e8le comprend : 100% nordique de haute qualit\u00e9. bois d&rsquo;\u00e9pic\u00e9a utilis\u00e9 comme mat\u00e9riau de bois Portes doubles et fen\u00eatres en bois sp\u00e9cial coll\u00e9 \u00e0 sec (8%-12%) Fen\u00eatres non ouvrantes avec ensemble de verre, ferrures comprises Porte double avec ensemble de verre, ferrures comprises Sol et plafond, en profil\u00e9 de 18 mm d&rsquo;\u00e9paisseur planche Poutres de fondation en bois autoclav\u00e9es Moulures de temp\u00eate Fixations (clous et vis) Instructions d&rsquo;installation Les prix sont valables dans l&rsquo;entrep\u00f4t de l&rsquo;usine Tene et incluent la TVA. Les prix ne comprennent pas le transport des produits.<\/p>\n","protected":false},"excerpt":{"rendered":"<p>Le prix comprend une double porte avec fen\u00eatres \u00e0 double vitrage et fen\u00eatres \u00e0 double vitrage, un seuil en inox, un sol, des chapes de fondation impr\u00e9gn\u00e9es, des fixations et une notice de pose. Le prix ne comprend pas le transport et les mat\u00e9riaux de toiture.<\/p>\n","protected":false},"featured_media":9378,"template":"","meta":{"_acf_changed":false},"product_brand":[],"product_cat":[418,420,451],"product_tag":[],"class_list":{"0":"post-18735","1":"product","2":"type-product","3":"status-publish","4":"has-post-thumbnail","6":"product_cat-abris-de-jardin","7":"product_cat-abris-de-jardin-40-mm","8":"product_cat-nouveaux-produits","9":"product_shipping_class-390e-fr","10":"pa_pindala-10-20-m2-fr","12":"first","13":"instock","14":"sale","15":"purchasable","16":"product-type-simple"},"acf":[],"yoast_head":"<!-- This site is optimized with the Yoast SEO plugin v27.3 - https:\/\/yoast.com\/product\/yoast-seo-wordpress\/ -->\n<title>Tene.ee - Abri de jardin Kerstin<\/title>\n<meta name=\"description\" content=\"Tene.ee Abri de jardin Kerstin\" \/>\n<meta name=\"robots\" content=\"index, follow, max-snippet:-1, max-image-preview:large, max-video-preview:-1\" \/>\n<link rel=\"canonical\" href=\"https:\/\/tene.ee\/fr\/toode\/aiamaja-kerstin\/\" \/>\n<meta property=\"og:locale\" content=\"fr_FR\" \/>\n<meta property=\"og:type\" content=\"article\" \/>\n<meta property=\"og:title\" content=\"Tene.ee - Abri de jardin Kerstin\" \/>\n<meta property=\"og:description\" content=\"Tene.ee Abri de jardin Kerstin\" \/>\n<meta property=\"og:url\" content=\"https:\/\/tene.ee\/fr\/toode\/aiamaja-kerstin\/\" \/>\n<meta property=\"og:site_name\" content=\"Tene.ee\" \/>\n<meta property=\"article:publisher\" content=\"https:\/\/www.facebook.com\/teneaiamajad\" \/>\n<meta property=\"article:modified_time\" content=\"2024-11-28T09:54:40+00:00\" \/>\n<meta property=\"og:image\" content=\"http:\/\/tene.ee\/wp-content\/uploads\/2024\/07\/Kerstin-1024x683.jpg\" \/>\n\t<meta property=\"og:image:width\" content=\"1024\" \/>\n\t<meta property=\"og:image:height\" content=\"683\" \/>\n\t<meta property=\"og:image:type\" content=\"image\/jpeg\" \/>\n<meta name=\"twitter:card\" content=\"summary_large_image\" \/>\n<meta name=\"twitter:label1\" content=\"Dur\u00e9e de lecture estim\u00e9e\" \/>\n\t<meta name=\"twitter:data1\" content=\"2 minutes\" \/>\n<script type=\"application\/ld+json\" class=\"yoast-schema-graph\">{\"@context\":\"https:\\\/\\\/schema.org\",\"@graph\":[{\"@type\":\"WebPage\",\"@id\":\"https:\\\/\\\/tene.ee\\\/fr\\\/toode\\\/aiamaja-kerstin\\\/\",\"url\":\"https:\\\/\\\/tene.ee\\\/fr\\\/toode\\\/aiamaja-kerstin\\\/\",\"name\":\"Tene.ee - Abri de jardin Kerstin\",\"isPartOf\":{\"@id\":\"https:\\\/\\\/tene.ee\\\/fr\\\/#website\"},\"primaryImageOfPage\":{\"@id\":\"https:\\\/\\\/tene.ee\\\/fr\\\/toode\\\/aiamaja-kerstin\\\/#primaryimage\"},\"image\":{\"@id\":\"https:\\\/\\\/tene.ee\\\/fr\\\/toode\\\/aiamaja-kerstin\\\/#primaryimage\"},\"thumbnailUrl\":\"https:\\\/\\\/tene.ee\\\/wp-content\\\/uploads\\\/2024\\\/07\\\/Kerstin.jpg\",\"datePublished\":\"2024-07-12T13:48:57+00:00\",\"dateModified\":\"2024-11-28T09:54:40+00:00\",\"description\":\"Tene.ee Abri de jardin Kerstin\",\"breadcrumb\":{\"@id\":\"https:\\\/\\\/tene.ee\\\/fr\\\/toode\\\/aiamaja-kerstin\\\/#breadcrumb\"},\"inLanguage\":\"fr-FR\",\"potentialAction\":[{\"@type\":\"ReadAction\",\"target\":[\"https:\\\/\\\/tene.ee\\\/fr\\\/toode\\\/aiamaja-kerstin\\\/\"]}]},{\"@type\":\"ImageObject\",\"inLanguage\":\"fr-FR\",\"@id\":\"https:\\\/\\\/tene.ee\\\/fr\\\/toode\\\/aiamaja-kerstin\\\/#primaryimage\",\"url\":\"https:\\\/\\\/tene.ee\\\/wp-content\\\/uploads\\\/2024\\\/07\\\/Kerstin.jpg\",\"contentUrl\":\"https:\\\/\\\/tene.ee\\\/wp-content\\\/uploads\\\/2024\\\/07\\\/Kerstin.jpg\",\"width\":2500,\"height\":1667},{\"@type\":\"BreadcrumbList\",\"@id\":\"https:\\\/\\\/tene.ee\\\/fr\\\/toode\\\/aiamaja-kerstin\\\/#breadcrumb\",\"itemListElement\":[{\"@type\":\"ListItem\",\"position\":1,\"name\":\"Avaleht\",\"item\":\"https:\\\/\\\/tene.ee\\\/fr\\\/\"},{\"@type\":\"ListItem\",\"position\":2,\"name\":\"Boutique\",\"item\":\"http:\\\/\\\/tene.ee\\\/fr\\\/boutique\\\/\"},{\"@type\":\"ListItem\",\"position\":3,\"name\":\"Abri de jardin Kerstin\"}]},{\"@type\":\"WebSite\",\"@id\":\"https:\\\/\\\/tene.ee\\\/fr\\\/#website\",\"url\":\"https:\\\/\\\/tene.ee\\\/fr\\\/\",\"name\":\"Tene.ee - Kaunite hetkede jaoks sinu aias\",\"description\":\"Tene.ee - parimad puit- ja aiamajad otse tootjalt\",\"publisher\":{\"@id\":\"https:\\\/\\\/tene.ee\\\/fr\\\/#organization\"},\"alternateName\":\"Tene.ee\",\"potentialAction\":[{\"@type\":\"SearchAction\",\"target\":{\"@type\":\"EntryPoint\",\"urlTemplate\":\"https:\\\/\\\/tene.ee\\\/fr\\\/?s={search_term_string}\"},\"query-input\":{\"@type\":\"PropertyValueSpecification\",\"valueRequired\":true,\"valueName\":\"search_term_string\"}}],\"inLanguage\":\"fr-FR\"},{\"@type\":\"Organization\",\"@id\":\"https:\\\/\\\/tene.ee\\\/fr\\\/#organization\",\"name\":\"Tene.ee\",\"url\":\"https:\\\/\\\/tene.ee\\\/fr\\\/\",\"logo\":{\"@type\":\"ImageObject\",\"inLanguage\":\"fr-FR\",\"@id\":\"https:\\\/\\\/tene.ee\\\/fr\\\/#\\\/schema\\\/logo\\\/image\\\/\",\"url\":\"https:\\\/\\\/tene.ee\\\/wp-content\\\/uploads\\\/2024\\\/12\\\/TENE-logo-2018-2.png\",\"contentUrl\":\"https:\\\/\\\/tene.ee\\\/wp-content\\\/uploads\\\/2024\\\/12\\\/TENE-logo-2018-2.png\",\"width\":2339,\"height\":1654,\"caption\":\"Tene.ee\"},\"image\":{\"@id\":\"https:\\\/\\\/tene.ee\\\/fr\\\/#\\\/schema\\\/logo\\\/image\\\/\"},\"sameAs\":[\"https:\\\/\\\/www.facebook.com\\\/teneaiamajad\"]}]}<\/script>\n<!-- \/ Yoast SEO plugin. -->","yoast_head_json":{"title":"Tene.ee - Abri de jardin Kerstin","description":"Tene.ee Abri de jardin Kerstin","robots":{"index":"index","follow":"follow","max-snippet":"max-snippet:-1","max-image-preview":"max-image-preview:large","max-video-preview":"max-video-preview:-1"},"canonical":"https:\/\/tene.ee\/fr\/toode\/aiamaja-kerstin\/","og_locale":"fr_FR","og_type":"article","og_title":"Tene.ee - Abri de jardin Kerstin","og_description":"Tene.ee Abri de jardin Kerstin","og_url":"https:\/\/tene.ee\/fr\/toode\/aiamaja-kerstin\/","og_site_name":"Tene.ee","article_publisher":"https:\/\/www.facebook.com\/teneaiamajad","article_modified_time":"2024-11-28T09:54:40+00:00","og_image":[{"width":1024,"height":683,"url":"http:\/\/tene.ee\/wp-content\/uploads\/2024\/07\/Kerstin-1024x683.jpg","type":"image\/jpeg"}],"twitter_card":"summary_large_image","twitter_misc":{"Dur\u00e9e de lecture estim\u00e9e":"2 minutes"},"schema":{"@context":"https:\/\/schema.org","@graph":[{"@type":"WebPage","@id":"https:\/\/tene.ee\/fr\/toode\/aiamaja-kerstin\/","url":"https:\/\/tene.ee\/fr\/toode\/aiamaja-kerstin\/","name":"Tene.ee - Abri de jardin Kerstin","isPartOf":{"@id":"https:\/\/tene.ee\/fr\/#website"},"primaryImageOfPage":{"@id":"https:\/\/tene.ee\/fr\/toode\/aiamaja-kerstin\/#primaryimage"},"image":{"@id":"https:\/\/tene.ee\/fr\/toode\/aiamaja-kerstin\/#primaryimage"},"thumbnailUrl":"https:\/\/tene.ee\/wp-content\/uploads\/2024\/07\/Kerstin.jpg","datePublished":"2024-07-12T13:48:57+00:00","dateModified":"2024-11-28T09:54:40+00:00","description":"Tene.ee Abri de jardin Kerstin","breadcrumb":{"@id":"https:\/\/tene.ee\/fr\/toode\/aiamaja-kerstin\/#breadcrumb"},"inLanguage":"fr-FR","potentialAction":[{"@type":"ReadAction","target":["https:\/\/tene.ee\/fr\/toode\/aiamaja-kerstin\/"]}]},{"@type":"ImageObject","inLanguage":"fr-FR","@id":"https:\/\/tene.ee\/fr\/toode\/aiamaja-kerstin\/#primaryimage","url":"https:\/\/tene.ee\/wp-content\/uploads\/2024\/07\/Kerstin.jpg","contentUrl":"https:\/\/tene.ee\/wp-content\/uploads\/2024\/07\/Kerstin.jpg","width":2500,"height":1667},{"@type":"BreadcrumbList","@id":"https:\/\/tene.ee\/fr\/toode\/aiamaja-kerstin\/#breadcrumb","itemListElement":[{"@type":"ListItem","position":1,"name":"Avaleht","item":"https:\/\/tene.ee\/fr\/"},{"@type":"ListItem","position":2,"name":"Boutique","item":"http:\/\/tene.ee\/fr\/boutique\/"},{"@type":"ListItem","position":3,"name":"Abri de jardin Kerstin"}]},{"@type":"WebSite","@id":"https:\/\/tene.ee\/fr\/#website","url":"https:\/\/tene.ee\/fr\/","name":"Tene.ee - Kaunite hetkede jaoks sinu aias","description":"Tene.ee - parimad puit- ja aiamajad otse tootjalt","publisher":{"@id":"https:\/\/tene.ee\/fr\/#organization"},"alternateName":"Tene.ee","potentialAction":[{"@type":"SearchAction","target":{"@type":"EntryPoint","urlTemplate":"https:\/\/tene.ee\/fr\/?s={search_term_string}"},"query-input":{"@type":"PropertyValueSpecification","valueRequired":true,"valueName":"search_term_string"}}],"inLanguage":"fr-FR"},{"@type":"Organization","@id":"https:\/\/tene.ee\/fr\/#organization","name":"Tene.ee","url":"https:\/\/tene.ee\/fr\/","logo":{"@type":"ImageObject","inLanguage":"fr-FR","@id":"https:\/\/tene.ee\/fr\/#\/schema\/logo\/image\/","url":"https:\/\/tene.ee\/wp-content\/uploads\/2024\/12\/TENE-logo-2018-2.png","contentUrl":"https:\/\/tene.ee\/wp-content\/uploads\/2024\/12\/TENE-logo-2018-2.png","width":2339,"height":1654,"caption":"Tene.ee"},"image":{"@id":"https:\/\/tene.ee\/fr\/#\/schema\/logo\/image\/"},"sameAs":["https:\/\/www.facebook.com\/teneaiamajad"]}]}},"_links":{"self":[{"href":"https:\/\/tene.ee\/fr\/wp-json\/wp\/v2\/product\/18735","targetHints":{"allow":["GET"]}}],"collection":[{"href":"https:\/\/tene.ee\/fr\/wp-json\/wp\/v2\/product"}],"about":[{"href":"https:\/\/tene.ee\/fr\/wp-json\/wp\/v2\/types\/product"}],"wp:featuredmedia":[{"embeddable":true,"href":"https:\/\/tene.ee\/fr\/wp-json\/wp\/v2\/media\/9378"}],"wp:attachment":[{"href":"https:\/\/tene.ee\/fr\/wp-json\/wp\/v2\/media?parent=18735"}],"wp:term":[{"taxonomy":"product_brand","embeddable":true,"href":"https:\/\/tene.ee\/fr\/wp-json\/wp\/v2\/product_brand?post=18735"},{"taxonomy":"product_cat","embeddable":true,"href":"https:\/\/tene.ee\/fr\/wp-json\/wp\/v2\/product_cat?post=18735"},{"taxonomy":"product_tag","embeddable":true,"href":"https:\/\/tene.ee\/fr\/wp-json\/wp\/v2\/product_tag?post=18735"}],"curies":[{"name":"wp","href":"https:\/\/api.w.org\/{rel}","templated":true}]}}