{"id":18690,"date":"2024-07-12T16:48:57","date_gmt":"2024-07-12T13:48:57","guid":{"rendered":"https:\/\/tene.ee\/toode\/valmis-ehitatud-aiamaja-betty\/"},"modified":"2024-11-28T11:54:14","modified_gmt":"2024-11-28T09:54:14","slug":"valmis-ehitatud-aiamaja-betty","status":"publish","type":"product","link":"https:\/\/tene.ee\/fr\/toode\/valmis-ehitatud-aiamaja-betty\/","title":{"rendered":"Abri de jardin pr\u00eat \u00e0 l&#8217;emploi Betty"},"content":{"rendered":"<p>Les abris de jardin et abris de jardin pr\u00eats \u00e0 l&#8217;emploi TENE sont construits \u00e0 l&rsquo;int\u00e9rieur, ce qui garantit une meilleure qualit\u00e9 des maisons finies et contribue \u00e0 exclure d&rsquo;\u00e9ventuels retards g\u00eanants sur le chantier (par exemple, mauvaises conditions m\u00e9t\u00e9orologiques). produit est en bois d&rsquo;\u00e9pic\u00e9a nordique de haute qualit\u00e9 de 28 mm d&rsquo;\u00e9paisseur Il est fabriqu\u00e9 \u00e0 partir de bois lamell\u00e9-coll\u00e9 sp\u00e9cial sec (8-12%) Le seuil de porte est en m\u00e9tal inoxydable La porte a un panneau en bois (porte double face avec verre) et comprend des ferrures. Les poutres de fondation sont en bois autoclav\u00e9 Le sol est en panneau profil\u00e9 de 18 mm d&rsquo;\u00e9paisseur Le rev\u00eatement du toit est en rubero\u00efde noir en nid d&rsquo;abeille Les avant-toits et les t\u00f4les de bordure Le plafond est en panneau profil\u00e9 Le prix ne comprend pas : Pr\u00e9paration de la fondation Finition ext\u00e9rieure Les prix sont valables en l&rsquo;entrep\u00f4t de l&rsquo;usine Tene et incluent la TVA pour le transport du sauna fini. Les prix d&rsquo;exp\u00e9dition d\u00e9pendent de l&rsquo;adresse exacte de livraison.<\/p>\n","protected":false},"excerpt":{"rendered":"<p>L&rsquo;abri de jardin Betty, fabriqu\u00e9 en usine, est livr\u00e9 au client pr\u00eat \u00e0 l&#8217;emploi, c&rsquo;est-\u00e0-dire comme une solution compl\u00e8te \u00ab\u00a0cl\u00e9 en main\u00a0\u00bb. L&rsquo;abri de jardin peut \u00eatre transport\u00e9 pr\u00eat \u00e0 l&#8217;emploi partout o\u00f9 il est accessible par une grue.<\/p>\n","protected":false},"featured_media":71919,"template":"","meta":{"_acf_changed":false},"product_brand":[],"product_cat":[418,419,426],"product_tag":[],"class_list":{"0":"post-18690","1":"product","2":"type-product","3":"status-publish","4":"has-post-thumbnail","6":"product_cat-abris-de-jardin","7":"product_cat-abris-de-jardin-28-mm","8":"product_cat-abris-de-jardin-prets-a-lemploi","9":"product_shipping_class-390e-fr","10":"pa_iseloomustus-1-chambre","11":"pa_iseloomustus-une-maison-carree","12":"pa_katuse-tuup-toit-en-pente-fr","13":"pa_pindala-0-10-m2-fr","14":"pa_seina-paksus-28-mm-fr","16":"first","17":"onbackorder","18":"sale","19":"purchasable","20":"product-type-simple"},"acf":[],"yoast_head":"<!-- This site is optimized with the Yoast SEO plugin v27.3 - https:\/\/yoast.com\/product\/yoast-seo-wordpress\/ -->\n<title>Tene.ee - Abri de jardin pr\u00eat \u00e0 l&#039;emploi Betty<\/title>\n<meta name=\"description\" content=\"Tene.ee Abri de jardin pr\u00eat \u00e0 l&#039;emploi Betty\" \/>\n<meta name=\"robots\" content=\"index, follow, max-snippet:-1, max-image-preview:large, max-video-preview:-1\" \/>\n<link rel=\"canonical\" href=\"https:\/\/tene.ee\/fr\/toode\/valmis-ehitatud-aiamaja-betty\/\" \/>\n<meta property=\"og:locale\" content=\"fr_FR\" \/>\n<meta property=\"og:type\" content=\"article\" \/>\n<meta property=\"og:title\" content=\"Tene.ee - Abri de jardin pr\u00eat \u00e0 l&#039;emploi Betty\" \/>\n<meta property=\"og:description\" content=\"Tene.ee Abri de jardin pr\u00eat \u00e0 l&#039;emploi Betty\" \/>\n<meta property=\"og:url\" content=\"https:\/\/tene.ee\/fr\/toode\/valmis-ehitatud-aiamaja-betty\/\" \/>\n<meta property=\"og:site_name\" content=\"Tene.ee\" \/>\n<meta property=\"article:publisher\" content=\"https:\/\/www.facebook.com\/teneaiamajad\" \/>\n<meta property=\"article:modified_time\" content=\"2024-11-28T09:54:14+00:00\" \/>\n<meta property=\"og:image\" content=\"http:\/\/tene.ee\/wp-content\/uploads\/2024\/07\/Betty.jpg\" \/>\n\t<meta property=\"og:image:width\" content=\"2500\" \/>\n\t<meta property=\"og:image:height\" content=\"1667\" \/>\n\t<meta property=\"og:image:type\" content=\"image\/jpeg\" \/>\n<meta name=\"twitter:card\" content=\"summary_large_image\" \/>\n<meta name=\"twitter:label1\" content=\"Dur\u00e9e de lecture estim\u00e9e\" \/>\n\t<meta name=\"twitter:data1\" content=\"2 minutes\" \/>\n<script type=\"application\/ld+json\" class=\"yoast-schema-graph\">{\"@context\":\"https:\\\/\\\/schema.org\",\"@graph\":[{\"@type\":\"WebPage\",\"@id\":\"https:\\\/\\\/tene.ee\\\/fr\\\/toode\\\/valmis-ehitatud-aiamaja-betty\\\/\",\"url\":\"https:\\\/\\\/tene.ee\\\/fr\\\/toode\\\/valmis-ehitatud-aiamaja-betty\\\/\",\"name\":\"Tene.ee - Abri de jardin pr\u00eat \u00e0 l'emploi Betty\",\"isPartOf\":{\"@id\":\"https:\\\/\\\/tene.ee\\\/fr\\\/#website\"},\"primaryImageOfPage\":{\"@id\":\"https:\\\/\\\/tene.ee\\\/fr\\\/toode\\\/valmis-ehitatud-aiamaja-betty\\\/#primaryimage\"},\"image\":{\"@id\":\"https:\\\/\\\/tene.ee\\\/fr\\\/toode\\\/valmis-ehitatud-aiamaja-betty\\\/#primaryimage\"},\"thumbnailUrl\":\"https:\\\/\\\/tene.ee\\\/wp-content\\\/uploads\\\/2024\\\/07\\\/Betty.jpg\",\"datePublished\":\"2024-07-12T13:48:57+00:00\",\"dateModified\":\"2024-11-28T09:54:14+00:00\",\"description\":\"Tene.ee Abri de jardin pr\u00eat \u00e0 l'emploi Betty\",\"breadcrumb\":{\"@id\":\"https:\\\/\\\/tene.ee\\\/fr\\\/toode\\\/valmis-ehitatud-aiamaja-betty\\\/#breadcrumb\"},\"inLanguage\":\"fr-FR\",\"potentialAction\":[{\"@type\":\"ReadAction\",\"target\":[\"https:\\\/\\\/tene.ee\\\/fr\\\/toode\\\/valmis-ehitatud-aiamaja-betty\\\/\"]}]},{\"@type\":\"ImageObject\",\"inLanguage\":\"fr-FR\",\"@id\":\"https:\\\/\\\/tene.ee\\\/fr\\\/toode\\\/valmis-ehitatud-aiamaja-betty\\\/#primaryimage\",\"url\":\"https:\\\/\\\/tene.ee\\\/wp-content\\\/uploads\\\/2024\\\/07\\\/Betty.jpg\",\"contentUrl\":\"https:\\\/\\\/tene.ee\\\/wp-content\\\/uploads\\\/2024\\\/07\\\/Betty.jpg\",\"width\":2500,\"height\":1667},{\"@type\":\"BreadcrumbList\",\"@id\":\"https:\\\/\\\/tene.ee\\\/fr\\\/toode\\\/valmis-ehitatud-aiamaja-betty\\\/#breadcrumb\",\"itemListElement\":[{\"@type\":\"ListItem\",\"position\":1,\"name\":\"Avaleht\",\"item\":\"https:\\\/\\\/tene.ee\\\/fr\\\/\"},{\"@type\":\"ListItem\",\"position\":2,\"name\":\"Boutique\",\"item\":\"http:\\\/\\\/tene.ee\\\/fr\\\/boutique\\\/\"},{\"@type\":\"ListItem\",\"position\":3,\"name\":\"Abri de jardin pr\u00eat \u00e0 l&#8217;emploi Betty\"}]},{\"@type\":\"WebSite\",\"@id\":\"https:\\\/\\\/tene.ee\\\/fr\\\/#website\",\"url\":\"https:\\\/\\\/tene.ee\\\/fr\\\/\",\"name\":\"Tene.ee - Kaunite hetkede jaoks sinu aias\",\"description\":\"Tene.ee - parimad puit- ja aiamajad otse tootjalt\",\"publisher\":{\"@id\":\"https:\\\/\\\/tene.ee\\\/fr\\\/#organization\"},\"alternateName\":\"Tene.ee\",\"potentialAction\":[{\"@type\":\"SearchAction\",\"target\":{\"@type\":\"EntryPoint\",\"urlTemplate\":\"https:\\\/\\\/tene.ee\\\/fr\\\/?s={search_term_string}\"},\"query-input\":{\"@type\":\"PropertyValueSpecification\",\"valueRequired\":true,\"valueName\":\"search_term_string\"}}],\"inLanguage\":\"fr-FR\"},{\"@type\":\"Organization\",\"@id\":\"https:\\\/\\\/tene.ee\\\/fr\\\/#organization\",\"name\":\"Tene.ee\",\"url\":\"https:\\\/\\\/tene.ee\\\/fr\\\/\",\"logo\":{\"@type\":\"ImageObject\",\"inLanguage\":\"fr-FR\",\"@id\":\"https:\\\/\\\/tene.ee\\\/fr\\\/#\\\/schema\\\/logo\\\/image\\\/\",\"url\":\"https:\\\/\\\/tene.ee\\\/wp-content\\\/uploads\\\/2024\\\/12\\\/TENE-logo-2018-2.png\",\"contentUrl\":\"https:\\\/\\\/tene.ee\\\/wp-content\\\/uploads\\\/2024\\\/12\\\/TENE-logo-2018-2.png\",\"width\":2339,\"height\":1654,\"caption\":\"Tene.ee\"},\"image\":{\"@id\":\"https:\\\/\\\/tene.ee\\\/fr\\\/#\\\/schema\\\/logo\\\/image\\\/\"},\"sameAs\":[\"https:\\\/\\\/www.facebook.com\\\/teneaiamajad\"]}]}<\/script>\n<!-- \/ Yoast SEO plugin. -->","yoast_head_json":{"title":"Tene.ee - Abri de jardin pr\u00eat \u00e0 l'emploi Betty","description":"Tene.ee Abri de jardin pr\u00eat \u00e0 l'emploi Betty","robots":{"index":"index","follow":"follow","max-snippet":"max-snippet:-1","max-image-preview":"max-image-preview:large","max-video-preview":"max-video-preview:-1"},"canonical":"https:\/\/tene.ee\/fr\/toode\/valmis-ehitatud-aiamaja-betty\/","og_locale":"fr_FR","og_type":"article","og_title":"Tene.ee - Abri de jardin pr\u00eat \u00e0 l'emploi Betty","og_description":"Tene.ee Abri de jardin pr\u00eat \u00e0 l'emploi Betty","og_url":"https:\/\/tene.ee\/fr\/toode\/valmis-ehitatud-aiamaja-betty\/","og_site_name":"Tene.ee","article_publisher":"https:\/\/www.facebook.com\/teneaiamajad","article_modified_time":"2024-11-28T09:54:14+00:00","og_image":[{"width":2500,"height":1667,"url":"http:\/\/tene.ee\/wp-content\/uploads\/2024\/07\/Betty.jpg","type":"image\/jpeg"}],"twitter_card":"summary_large_image","twitter_misc":{"Dur\u00e9e de lecture estim\u00e9e":"2 minutes"},"schema":{"@context":"https:\/\/schema.org","@graph":[{"@type":"WebPage","@id":"https:\/\/tene.ee\/fr\/toode\/valmis-ehitatud-aiamaja-betty\/","url":"https:\/\/tene.ee\/fr\/toode\/valmis-ehitatud-aiamaja-betty\/","name":"Tene.ee - Abri de jardin pr\u00eat \u00e0 l'emploi Betty","isPartOf":{"@id":"https:\/\/tene.ee\/fr\/#website"},"primaryImageOfPage":{"@id":"https:\/\/tene.ee\/fr\/toode\/valmis-ehitatud-aiamaja-betty\/#primaryimage"},"image":{"@id":"https:\/\/tene.ee\/fr\/toode\/valmis-ehitatud-aiamaja-betty\/#primaryimage"},"thumbnailUrl":"https:\/\/tene.ee\/wp-content\/uploads\/2024\/07\/Betty.jpg","datePublished":"2024-07-12T13:48:57+00:00","dateModified":"2024-11-28T09:54:14+00:00","description":"Tene.ee Abri de jardin pr\u00eat \u00e0 l'emploi Betty","breadcrumb":{"@id":"https:\/\/tene.ee\/fr\/toode\/valmis-ehitatud-aiamaja-betty\/#breadcrumb"},"inLanguage":"fr-FR","potentialAction":[{"@type":"ReadAction","target":["https:\/\/tene.ee\/fr\/toode\/valmis-ehitatud-aiamaja-betty\/"]}]},{"@type":"ImageObject","inLanguage":"fr-FR","@id":"https:\/\/tene.ee\/fr\/toode\/valmis-ehitatud-aiamaja-betty\/#primaryimage","url":"https:\/\/tene.ee\/wp-content\/uploads\/2024\/07\/Betty.jpg","contentUrl":"https:\/\/tene.ee\/wp-content\/uploads\/2024\/07\/Betty.jpg","width":2500,"height":1667},{"@type":"BreadcrumbList","@id":"https:\/\/tene.ee\/fr\/toode\/valmis-ehitatud-aiamaja-betty\/#breadcrumb","itemListElement":[{"@type":"ListItem","position":1,"name":"Avaleht","item":"https:\/\/tene.ee\/fr\/"},{"@type":"ListItem","position":2,"name":"Boutique","item":"http:\/\/tene.ee\/fr\/boutique\/"},{"@type":"ListItem","position":3,"name":"Abri de jardin pr\u00eat \u00e0 l&#8217;emploi Betty"}]},{"@type":"WebSite","@id":"https:\/\/tene.ee\/fr\/#website","url":"https:\/\/tene.ee\/fr\/","name":"Tene.ee - Kaunite hetkede jaoks sinu aias","description":"Tene.ee - parimad puit- ja aiamajad otse tootjalt","publisher":{"@id":"https:\/\/tene.ee\/fr\/#organization"},"alternateName":"Tene.ee","potentialAction":[{"@type":"SearchAction","target":{"@type":"EntryPoint","urlTemplate":"https:\/\/tene.ee\/fr\/?s={search_term_string}"},"query-input":{"@type":"PropertyValueSpecification","valueRequired":true,"valueName":"search_term_string"}}],"inLanguage":"fr-FR"},{"@type":"Organization","@id":"https:\/\/tene.ee\/fr\/#organization","name":"Tene.ee","url":"https:\/\/tene.ee\/fr\/","logo":{"@type":"ImageObject","inLanguage":"fr-FR","@id":"https:\/\/tene.ee\/fr\/#\/schema\/logo\/image\/","url":"https:\/\/tene.ee\/wp-content\/uploads\/2024\/12\/TENE-logo-2018-2.png","contentUrl":"https:\/\/tene.ee\/wp-content\/uploads\/2024\/12\/TENE-logo-2018-2.png","width":2339,"height":1654,"caption":"Tene.ee"},"image":{"@id":"https:\/\/tene.ee\/fr\/#\/schema\/logo\/image\/"},"sameAs":["https:\/\/www.facebook.com\/teneaiamajad"]}]}},"_links":{"self":[{"href":"https:\/\/tene.ee\/fr\/wp-json\/wp\/v2\/product\/18690","targetHints":{"allow":["GET"]}}],"collection":[{"href":"https:\/\/tene.ee\/fr\/wp-json\/wp\/v2\/product"}],"about":[{"href":"https:\/\/tene.ee\/fr\/wp-json\/wp\/v2\/types\/product"}],"wp:featuredmedia":[{"embeddable":true,"href":"https:\/\/tene.ee\/fr\/wp-json\/wp\/v2\/media\/71919"}],"wp:attachment":[{"href":"https:\/\/tene.ee\/fr\/wp-json\/wp\/v2\/media?parent=18690"}],"wp:term":[{"taxonomy":"product_brand","embeddable":true,"href":"https:\/\/tene.ee\/fr\/wp-json\/wp\/v2\/product_brand?post=18690"},{"taxonomy":"product_cat","embeddable":true,"href":"https:\/\/tene.ee\/fr\/wp-json\/wp\/v2\/product_cat?post=18690"},{"taxonomy":"product_tag","embeddable":true,"href":"https:\/\/tene.ee\/fr\/wp-json\/wp\/v2\/product_tag?post=18690"}],"curies":[{"name":"wp","href":"https:\/\/api.w.org\/{rel}","templated":true}]}}