{"id":18683,"date":"2024-07-12T16:48:57","date_gmt":"2024-07-12T13:48:57","guid":{"rendered":"https:\/\/tene.ee\/toode\/valmis-ehitatud-aiamaja-tiina-a\/"},"modified":"2024-11-28T11:54:10","modified_gmt":"2024-11-28T09:54:10","slug":"valmis-ehitatud-aiamaja-tiina-a","status":"publish","type":"product","link":"https:\/\/tene.ee\/fr\/toode\/valmis-ehitatud-aiamaja-tiina-a\/","title":{"rendered":"Abri de jardin pr\u00eat \u00e0 l&#8217;emploi Tiina A"},"content":{"rendered":"<p>Les abris de jardin et abris de jardin pr\u00eats \u00e0 l&#8217;emploi TENE sont construits \u00e0 l&rsquo;int\u00e9rieur, ce qui garantit une meilleure qualit\u00e9 des maisons finies et contribue \u00e0 \u00e9liminer d&rsquo;\u00e9ventuels retards g\u00eanants sur le chantier (par exemple, mauvaises conditions m\u00e9t\u00e9orologiques). est du bois d&rsquo;\u00e9pic\u00e9a nordique de haute qualit\u00e9 de 28 mm d&rsquo;\u00e9paisseur<br \/>\nLes portes sont en bois lamell\u00e9-coll\u00e9 sp\u00e9cialement sec (8-12 %)<br \/>\nLe seuil de porte est en m\u00e9tal inoxydable<br \/>\nPorte avec panneau en bois (porte double face avec verre) et ferrures incluses<br \/>\nLes poutres de fondation sont en bois autoclav\u00e9<br \/>\nLe sol est constitu\u00e9 de panneaux profil\u00e9s de 18 mm d&rsquo;\u00e9paisseur<br \/>\nLe rev\u00eatement du toit est en rubero\u00efde noir en nid d&rsquo;abeille<br \/>\nTaches d&rsquo;avant-toit et de bordure<br \/>\nLe plafond est constitu\u00e9 de planches profil\u00e9es. Le prix ne comprend pas : La pr\u00e9paration de la fondation.<br \/>\nFinition ext\u00e9rieure Les prix sont valables dans l&rsquo;entrep\u00f4t de l&rsquo;usine Tene et incluent la TVA. Le prix ne comprend pas le transport. Les prix d&rsquo;exp\u00e9dition d\u00e9pendent de l&rsquo;adresse exacte de livraison.<\/p>\n","protected":false},"excerpt":{"rendered":"<p>L&rsquo;abri de jardin Tiina A, fabriqu\u00e9 en usine, est livr\u00e9 au client pr\u00eat \u00e0 l&#8217;emploi, c&rsquo;est-\u00e0-dire sous la forme d&rsquo;une solution compl\u00e8te \u00ab cl\u00e9 en main \u00bb. Il est possible de transporter l&rsquo;abri de jardin pr\u00eat \u00e0 l&#8217;emploi partout o\u00f9 il est accessible par une grue.<\/p>\n","protected":false},"featured_media":9258,"template":"","meta":{"_acf_changed":false},"product_brand":[],"product_cat":[418,419,426],"product_tag":[],"class_list":{"0":"post-18683","1":"product","2":"type-product","3":"status-publish","4":"has-post-thumbnail","6":"product_cat-abris-de-jardin","7":"product_cat-abris-de-jardin-28-mm","8":"product_cat-abris-de-jardin-prets-a-lemploi","9":"product_shipping_class-390e-fr","10":"pa_iseloomustus-1-chambre","11":"pa_iseloomustus-une-maison-carree","12":"pa_katuse-tuup-toit-en-pente-fr","13":"pa_pindala-0-10-m2-fr","14":"pa_seina-paksus-28-mm-fr","16":"first","17":"onbackorder","18":"sale","19":"purchasable","20":"product-type-simple"},"acf":[],"yoast_head":"<!-- This site is optimized with the Yoast SEO plugin v27.3 - https:\/\/yoast.com\/product\/yoast-seo-wordpress\/ -->\n<title>Tene.ee - Abri de jardin pr\u00eat \u00e0 l&#039;emploi Tiina A<\/title>\n<meta name=\"description\" content=\"Tene.ee Abri de jardin pr\u00eat \u00e0 l&#039;emploi Tiina A\" \/>\n<meta name=\"robots\" content=\"index, follow, max-snippet:-1, max-image-preview:large, max-video-preview:-1\" \/>\n<link rel=\"canonical\" href=\"https:\/\/tene.ee\/fr\/toode\/valmis-ehitatud-aiamaja-tiina-a\/\" \/>\n<meta property=\"og:locale\" content=\"fr_FR\" \/>\n<meta property=\"og:type\" content=\"article\" \/>\n<meta property=\"og:title\" content=\"Tene.ee - Abri de jardin pr\u00eat \u00e0 l&#039;emploi Tiina A\" \/>\n<meta property=\"og:description\" content=\"Tene.ee Abri de jardin pr\u00eat \u00e0 l&#039;emploi Tiina A\" \/>\n<meta property=\"og:url\" content=\"https:\/\/tene.ee\/fr\/toode\/valmis-ehitatud-aiamaja-tiina-a\/\" \/>\n<meta property=\"og:site_name\" content=\"Tene.ee\" \/>\n<meta property=\"article:publisher\" content=\"https:\/\/www.facebook.com\/teneaiamajad\" \/>\n<meta property=\"article:modified_time\" content=\"2024-11-28T09:54:10+00:00\" \/>\n<meta property=\"og:image\" content=\"https:\/\/tene.ee\/wp-content\/uploads\/2024\/07\/Tiina-A-OK-3.jpeg\" \/>\n\t<meta property=\"og:image:width\" content=\"1600\" \/>\n\t<meta property=\"og:image:height\" content=\"1067\" \/>\n\t<meta property=\"og:image:type\" content=\"image\/jpeg\" \/>\n<meta name=\"twitter:card\" content=\"summary_large_image\" \/>\n<meta name=\"twitter:label1\" content=\"Dur\u00e9e de lecture estim\u00e9e\" \/>\n\t<meta name=\"twitter:data1\" content=\"2 minutes\" \/>\n<script type=\"application\/ld+json\" class=\"yoast-schema-graph\">{\"@context\":\"https:\\\/\\\/schema.org\",\"@graph\":[{\"@type\":\"WebPage\",\"@id\":\"https:\\\/\\\/tene.ee\\\/fr\\\/toode\\\/valmis-ehitatud-aiamaja-tiina-a\\\/\",\"url\":\"https:\\\/\\\/tene.ee\\\/fr\\\/toode\\\/valmis-ehitatud-aiamaja-tiina-a\\\/\",\"name\":\"Tene.ee - Abri de jardin pr\u00eat \u00e0 l'emploi Tiina A\",\"isPartOf\":{\"@id\":\"https:\\\/\\\/tene.ee\\\/fr\\\/#website\"},\"primaryImageOfPage\":{\"@id\":\"https:\\\/\\\/tene.ee\\\/fr\\\/toode\\\/valmis-ehitatud-aiamaja-tiina-a\\\/#primaryimage\"},\"image\":{\"@id\":\"https:\\\/\\\/tene.ee\\\/fr\\\/toode\\\/valmis-ehitatud-aiamaja-tiina-a\\\/#primaryimage\"},\"thumbnailUrl\":\"https:\\\/\\\/tene.ee\\\/wp-content\\\/uploads\\\/2024\\\/07\\\/Tiina-A-OK-3.jpeg\",\"datePublished\":\"2024-07-12T13:48:57+00:00\",\"dateModified\":\"2024-11-28T09:54:10+00:00\",\"description\":\"Tene.ee Abri de jardin pr\u00eat \u00e0 l'emploi Tiina A\",\"breadcrumb\":{\"@id\":\"https:\\\/\\\/tene.ee\\\/fr\\\/toode\\\/valmis-ehitatud-aiamaja-tiina-a\\\/#breadcrumb\"},\"inLanguage\":\"fr-FR\",\"potentialAction\":[{\"@type\":\"ReadAction\",\"target\":[\"https:\\\/\\\/tene.ee\\\/fr\\\/toode\\\/valmis-ehitatud-aiamaja-tiina-a\\\/\"]}]},{\"@type\":\"ImageObject\",\"inLanguage\":\"fr-FR\",\"@id\":\"https:\\\/\\\/tene.ee\\\/fr\\\/toode\\\/valmis-ehitatud-aiamaja-tiina-a\\\/#primaryimage\",\"url\":\"https:\\\/\\\/tene.ee\\\/wp-content\\\/uploads\\\/2024\\\/07\\\/Tiina-A-OK-3.jpeg\",\"contentUrl\":\"https:\\\/\\\/tene.ee\\\/wp-content\\\/uploads\\\/2024\\\/07\\\/Tiina-A-OK-3.jpeg\",\"width\":1600,\"height\":1067},{\"@type\":\"BreadcrumbList\",\"@id\":\"https:\\\/\\\/tene.ee\\\/fr\\\/toode\\\/valmis-ehitatud-aiamaja-tiina-a\\\/#breadcrumb\",\"itemListElement\":[{\"@type\":\"ListItem\",\"position\":1,\"name\":\"Avaleht\",\"item\":\"https:\\\/\\\/tene.ee\\\/fr\\\/\"},{\"@type\":\"ListItem\",\"position\":2,\"name\":\"Boutique\",\"item\":\"http:\\\/\\\/tene.ee\\\/fr\\\/boutique\\\/\"},{\"@type\":\"ListItem\",\"position\":3,\"name\":\"Abri de jardin pr\u00eat \u00e0 l&#8217;emploi Tiina A\"}]},{\"@type\":\"WebSite\",\"@id\":\"https:\\\/\\\/tene.ee\\\/fr\\\/#website\",\"url\":\"https:\\\/\\\/tene.ee\\\/fr\\\/\",\"name\":\"Tene.ee - Kaunite hetkede jaoks sinu aias\",\"description\":\"Tene.ee - parimad puit- ja aiamajad otse tootjalt\",\"publisher\":{\"@id\":\"https:\\\/\\\/tene.ee\\\/fr\\\/#organization\"},\"alternateName\":\"Tene.ee\",\"potentialAction\":[{\"@type\":\"SearchAction\",\"target\":{\"@type\":\"EntryPoint\",\"urlTemplate\":\"https:\\\/\\\/tene.ee\\\/fr\\\/?s={search_term_string}\"},\"query-input\":{\"@type\":\"PropertyValueSpecification\",\"valueRequired\":true,\"valueName\":\"search_term_string\"}}],\"inLanguage\":\"fr-FR\"},{\"@type\":\"Organization\",\"@id\":\"https:\\\/\\\/tene.ee\\\/fr\\\/#organization\",\"name\":\"Tene.ee\",\"url\":\"https:\\\/\\\/tene.ee\\\/fr\\\/\",\"logo\":{\"@type\":\"ImageObject\",\"inLanguage\":\"fr-FR\",\"@id\":\"https:\\\/\\\/tene.ee\\\/fr\\\/#\\\/schema\\\/logo\\\/image\\\/\",\"url\":\"https:\\\/\\\/tene.ee\\\/wp-content\\\/uploads\\\/2024\\\/12\\\/TENE-logo-2018-2.png\",\"contentUrl\":\"https:\\\/\\\/tene.ee\\\/wp-content\\\/uploads\\\/2024\\\/12\\\/TENE-logo-2018-2.png\",\"width\":2339,\"height\":1654,\"caption\":\"Tene.ee\"},\"image\":{\"@id\":\"https:\\\/\\\/tene.ee\\\/fr\\\/#\\\/schema\\\/logo\\\/image\\\/\"},\"sameAs\":[\"https:\\\/\\\/www.facebook.com\\\/teneaiamajad\"]}]}<\/script>\n<!-- \/ Yoast SEO plugin. -->","yoast_head_json":{"title":"Tene.ee - Abri de jardin pr\u00eat \u00e0 l'emploi Tiina A","description":"Tene.ee Abri de jardin pr\u00eat \u00e0 l'emploi Tiina A","robots":{"index":"index","follow":"follow","max-snippet":"max-snippet:-1","max-image-preview":"max-image-preview:large","max-video-preview":"max-video-preview:-1"},"canonical":"https:\/\/tene.ee\/fr\/toode\/valmis-ehitatud-aiamaja-tiina-a\/","og_locale":"fr_FR","og_type":"article","og_title":"Tene.ee - Abri de jardin pr\u00eat \u00e0 l'emploi Tiina A","og_description":"Tene.ee Abri de jardin pr\u00eat \u00e0 l'emploi Tiina A","og_url":"https:\/\/tene.ee\/fr\/toode\/valmis-ehitatud-aiamaja-tiina-a\/","og_site_name":"Tene.ee","article_publisher":"https:\/\/www.facebook.com\/teneaiamajad","article_modified_time":"2024-11-28T09:54:10+00:00","og_image":[{"width":1600,"height":1067,"url":"https:\/\/tene.ee\/wp-content\/uploads\/2024\/07\/Tiina-A-OK-3.jpeg","type":"image\/jpeg"}],"twitter_card":"summary_large_image","twitter_misc":{"Dur\u00e9e de lecture estim\u00e9e":"2 minutes"},"schema":{"@context":"https:\/\/schema.org","@graph":[{"@type":"WebPage","@id":"https:\/\/tene.ee\/fr\/toode\/valmis-ehitatud-aiamaja-tiina-a\/","url":"https:\/\/tene.ee\/fr\/toode\/valmis-ehitatud-aiamaja-tiina-a\/","name":"Tene.ee - Abri de jardin pr\u00eat \u00e0 l'emploi Tiina A","isPartOf":{"@id":"https:\/\/tene.ee\/fr\/#website"},"primaryImageOfPage":{"@id":"https:\/\/tene.ee\/fr\/toode\/valmis-ehitatud-aiamaja-tiina-a\/#primaryimage"},"image":{"@id":"https:\/\/tene.ee\/fr\/toode\/valmis-ehitatud-aiamaja-tiina-a\/#primaryimage"},"thumbnailUrl":"https:\/\/tene.ee\/wp-content\/uploads\/2024\/07\/Tiina-A-OK-3.jpeg","datePublished":"2024-07-12T13:48:57+00:00","dateModified":"2024-11-28T09:54:10+00:00","description":"Tene.ee Abri de jardin pr\u00eat \u00e0 l'emploi Tiina A","breadcrumb":{"@id":"https:\/\/tene.ee\/fr\/toode\/valmis-ehitatud-aiamaja-tiina-a\/#breadcrumb"},"inLanguage":"fr-FR","potentialAction":[{"@type":"ReadAction","target":["https:\/\/tene.ee\/fr\/toode\/valmis-ehitatud-aiamaja-tiina-a\/"]}]},{"@type":"ImageObject","inLanguage":"fr-FR","@id":"https:\/\/tene.ee\/fr\/toode\/valmis-ehitatud-aiamaja-tiina-a\/#primaryimage","url":"https:\/\/tene.ee\/wp-content\/uploads\/2024\/07\/Tiina-A-OK-3.jpeg","contentUrl":"https:\/\/tene.ee\/wp-content\/uploads\/2024\/07\/Tiina-A-OK-3.jpeg","width":1600,"height":1067},{"@type":"BreadcrumbList","@id":"https:\/\/tene.ee\/fr\/toode\/valmis-ehitatud-aiamaja-tiina-a\/#breadcrumb","itemListElement":[{"@type":"ListItem","position":1,"name":"Avaleht","item":"https:\/\/tene.ee\/fr\/"},{"@type":"ListItem","position":2,"name":"Boutique","item":"http:\/\/tene.ee\/fr\/boutique\/"},{"@type":"ListItem","position":3,"name":"Abri de jardin pr\u00eat \u00e0 l&#8217;emploi Tiina A"}]},{"@type":"WebSite","@id":"https:\/\/tene.ee\/fr\/#website","url":"https:\/\/tene.ee\/fr\/","name":"Tene.ee - Kaunite hetkede jaoks sinu aias","description":"Tene.ee - parimad puit- ja aiamajad otse tootjalt","publisher":{"@id":"https:\/\/tene.ee\/fr\/#organization"},"alternateName":"Tene.ee","potentialAction":[{"@type":"SearchAction","target":{"@type":"EntryPoint","urlTemplate":"https:\/\/tene.ee\/fr\/?s={search_term_string}"},"query-input":{"@type":"PropertyValueSpecification","valueRequired":true,"valueName":"search_term_string"}}],"inLanguage":"fr-FR"},{"@type":"Organization","@id":"https:\/\/tene.ee\/fr\/#organization","name":"Tene.ee","url":"https:\/\/tene.ee\/fr\/","logo":{"@type":"ImageObject","inLanguage":"fr-FR","@id":"https:\/\/tene.ee\/fr\/#\/schema\/logo\/image\/","url":"https:\/\/tene.ee\/wp-content\/uploads\/2024\/12\/TENE-logo-2018-2.png","contentUrl":"https:\/\/tene.ee\/wp-content\/uploads\/2024\/12\/TENE-logo-2018-2.png","width":2339,"height":1654,"caption":"Tene.ee"},"image":{"@id":"https:\/\/tene.ee\/fr\/#\/schema\/logo\/image\/"},"sameAs":["https:\/\/www.facebook.com\/teneaiamajad"]}]}},"_links":{"self":[{"href":"https:\/\/tene.ee\/fr\/wp-json\/wp\/v2\/product\/18683","targetHints":{"allow":["GET"]}}],"collection":[{"href":"https:\/\/tene.ee\/fr\/wp-json\/wp\/v2\/product"}],"about":[{"href":"https:\/\/tene.ee\/fr\/wp-json\/wp\/v2\/types\/product"}],"wp:featuredmedia":[{"embeddable":true,"href":"https:\/\/tene.ee\/fr\/wp-json\/wp\/v2\/media\/9258"}],"wp:attachment":[{"href":"https:\/\/tene.ee\/fr\/wp-json\/wp\/v2\/media?parent=18683"}],"wp:term":[{"taxonomy":"product_brand","embeddable":true,"href":"https:\/\/tene.ee\/fr\/wp-json\/wp\/v2\/product_brand?post=18683"},{"taxonomy":"product_cat","embeddable":true,"href":"https:\/\/tene.ee\/fr\/wp-json\/wp\/v2\/product_cat?post=18683"},{"taxonomy":"product_tag","embeddable":true,"href":"https:\/\/tene.ee\/fr\/wp-json\/wp\/v2\/product_tag?post=18683"}],"curies":[{"name":"wp","href":"https:\/\/api.w.org\/{rel}","templated":true}]}}