{"id":18545,"date":"2024-07-12T17:13:18","date_gmt":"2024-07-12T14:13:18","guid":{"rendered":"https:\/\/tene.ee\/toode\/puidust-garaaz-lapua\/"},"modified":"2024-11-28T11:54:35","modified_gmt":"2024-11-28T09:54:35","slug":"puidust-garaaz-lapua","status":"publish","type":"product","link":"https:\/\/tene.ee\/fr\/toode\/puidust-garaaz-lapua\/","title":{"rendered":"Garage en bois Lapua"},"content":{"rendered":"<p>L&rsquo;ensemble des abris de jardin, des maisons en rondins, des abris, des pavillons, des saunas, des maisons d&rsquo;\u00e9t\u00e9, des barbecues et des garages en bois produits par l&rsquo;usine de jardins et de maisons en bois Tene comprend des portes, des fen\u00eatres, des fixations et des instructions d&rsquo;installation, ce qui rend la construction facile et prend peu de temps. L&rsquo;ensemble de garage en bois Tene de 70 mm d&rsquo;\u00e9paisseur selon le mod\u00e8le comprend : 100 % \u00e9pic\u00e9a nordique de haute qualit\u00e9 utilis\u00e9 comme mat\u00e9riau en bois. Portes et fen\u00eatres en bois sp\u00e9cial coll\u00e9 \u00e0 sec (8 % &#8211; 12 %). Porte avec paquet de verre, ferrures incluses. Double fen\u00eatre. avec paquet de verre, ferrures incluses Porte de garage \u00e0 lattes, ferrures incluses Plafond en panneau profil\u00e9 de 18 mm d&rsquo;\u00e9paisseur Poutres de fondation en bois autoclav\u00e9es Outils de fixation (clous et vis) Instructions d&rsquo;installation Les prix s&rsquo;appliquent au stock d&rsquo;usine Tene et incluent la TVA. Les prix ne comprennent pas le transport des produits.<\/p>\n","protected":false},"excerpt":{"rendered":"<p>Le prix comprend une porte en bois lamell\u00e9-coll\u00e9 et une fen\u00eatre avec fen\u00eatre \u00e0 double vitrage, une porte de garage, des poutres de fondation impr\u00e9gn\u00e9es, des fixations et des instructions d&rsquo;installation. Le prix n&rsquo;inclut pas le transport et le mat\u00e9riel de toiture.<\/p>\n","protected":false},"featured_media":14682,"template":"","meta":{"_acf_changed":false},"product_brand":[],"product_cat":[428,430,451],"product_tag":[],"class_list":{"0":"post-18545","1":"product","2":"type-product","3":"status-publish","4":"has-post-thumbnail","6":"product_cat-garage","7":"product_cat-garages-en-bois-avec-murs-de-70-mm","8":"product_cat-nouveaux-produits","9":"pa_katuse-tuup-toit-en-pente","10":"pa_pindala-20-40-m2-fr","11":"pa_seina-paksus-70-mm-fr","13":"first","14":"onbackorder","15":"sale","16":"purchasable","17":"product-type-simple"},"acf":[],"yoast_head":"<!-- This site is optimized with the Yoast SEO plugin v27.4 - https:\/\/yoast.com\/product\/yoast-seo-wordpress\/ -->\n<title>Tene.ee - Garage en bois Lapua<\/title>\n<meta name=\"description\" content=\"Tene.ee Garage en bois Lapua\" \/>\n<meta name=\"robots\" content=\"index, follow, max-snippet:-1, max-image-preview:large, max-video-preview:-1\" \/>\n<link rel=\"canonical\" href=\"https:\/\/tene.ee\/fr\/toode\/puidust-garaaz-lapua\/\" \/>\n<meta property=\"og:locale\" content=\"fr_FR\" \/>\n<meta property=\"og:type\" content=\"article\" \/>\n<meta property=\"og:title\" content=\"Tene.ee - Garage en bois Lapua\" \/>\n<meta property=\"og:description\" content=\"Tene.ee Garage en bois Lapua\" \/>\n<meta property=\"og:url\" content=\"https:\/\/tene.ee\/fr\/toode\/puidust-garaaz-lapua\/\" \/>\n<meta property=\"og:site_name\" content=\"Tene.ee\" \/>\n<meta property=\"article:publisher\" content=\"https:\/\/www.facebook.com\/teneaiamajad\" \/>\n<meta property=\"article:modified_time\" content=\"2024-11-28T09:54:35+00:00\" \/>\n<meta property=\"og:image\" content=\"https:\/\/tene.ee\/wp-content\/uploads\/2024\/07\/Garage_Lapua.jpg\" \/>\n\t<meta property=\"og:image:width\" content=\"2500\" \/>\n\t<meta property=\"og:image:height\" content=\"1667\" \/>\n\t<meta property=\"og:image:type\" content=\"image\/jpeg\" \/>\n<meta name=\"twitter:card\" content=\"summary_large_image\" \/>\n<meta name=\"twitter:label1\" content=\"Dur\u00e9e de lecture estim\u00e9e\" \/>\n\t<meta name=\"twitter:data1\" content=\"2 minutes\" \/>\n<script type=\"application\/ld+json\" class=\"yoast-schema-graph\">{\"@context\":\"https:\\\/\\\/schema.org\",\"@graph\":[{\"@type\":\"WebPage\",\"@id\":\"https:\\\/\\\/tene.ee\\\/fr\\\/toode\\\/puidust-garaaz-lapua\\\/\",\"url\":\"https:\\\/\\\/tene.ee\\\/fr\\\/toode\\\/puidust-garaaz-lapua\\\/\",\"name\":\"Tene.ee - Garage en bois Lapua\",\"isPartOf\":{\"@id\":\"https:\\\/\\\/tene.ee\\\/fr\\\/#website\"},\"primaryImageOfPage\":{\"@id\":\"https:\\\/\\\/tene.ee\\\/fr\\\/toode\\\/puidust-garaaz-lapua\\\/#primaryimage\"},\"image\":{\"@id\":\"https:\\\/\\\/tene.ee\\\/fr\\\/toode\\\/puidust-garaaz-lapua\\\/#primaryimage\"},\"thumbnailUrl\":\"https:\\\/\\\/tene.ee\\\/wp-content\\\/uploads\\\/2024\\\/07\\\/Garage_Lapua.jpg\",\"datePublished\":\"2024-07-12T14:13:18+00:00\",\"dateModified\":\"2024-11-28T09:54:35+00:00\",\"description\":\"Tene.ee Garage en bois Lapua\",\"breadcrumb\":{\"@id\":\"https:\\\/\\\/tene.ee\\\/fr\\\/toode\\\/puidust-garaaz-lapua\\\/#breadcrumb\"},\"inLanguage\":\"fr-FR\",\"potentialAction\":[{\"@type\":\"ReadAction\",\"target\":[\"https:\\\/\\\/tene.ee\\\/fr\\\/toode\\\/puidust-garaaz-lapua\\\/\"]}]},{\"@type\":\"ImageObject\",\"inLanguage\":\"fr-FR\",\"@id\":\"https:\\\/\\\/tene.ee\\\/fr\\\/toode\\\/puidust-garaaz-lapua\\\/#primaryimage\",\"url\":\"https:\\\/\\\/tene.ee\\\/wp-content\\\/uploads\\\/2024\\\/07\\\/Garage_Lapua.jpg\",\"contentUrl\":\"https:\\\/\\\/tene.ee\\\/wp-content\\\/uploads\\\/2024\\\/07\\\/Garage_Lapua.jpg\",\"width\":2500,\"height\":1667},{\"@type\":\"BreadcrumbList\",\"@id\":\"https:\\\/\\\/tene.ee\\\/fr\\\/toode\\\/puidust-garaaz-lapua\\\/#breadcrumb\",\"itemListElement\":[{\"@type\":\"ListItem\",\"position\":1,\"name\":\"Avaleht\",\"item\":\"https:\\\/\\\/tene.ee\\\/fr\\\/\"},{\"@type\":\"ListItem\",\"position\":2,\"name\":\"Boutique\",\"item\":\"http:\\\/\\\/tene.ee\\\/fr\\\/boutique\\\/\"},{\"@type\":\"ListItem\",\"position\":3,\"name\":\"Garage en bois Lapua\"}]},{\"@type\":\"WebSite\",\"@id\":\"https:\\\/\\\/tene.ee\\\/fr\\\/#website\",\"url\":\"https:\\\/\\\/tene.ee\\\/fr\\\/\",\"name\":\"Tene.ee - Kaunite hetkede jaoks sinu aias\",\"description\":\"Tene.ee - parimad puit- ja aiamajad otse tootjalt\",\"publisher\":{\"@id\":\"https:\\\/\\\/tene.ee\\\/fr\\\/#organization\"},\"alternateName\":\"Tene.ee\",\"potentialAction\":[{\"@type\":\"SearchAction\",\"target\":{\"@type\":\"EntryPoint\",\"urlTemplate\":\"https:\\\/\\\/tene.ee\\\/fr\\\/?s={search_term_string}\"},\"query-input\":{\"@type\":\"PropertyValueSpecification\",\"valueRequired\":true,\"valueName\":\"search_term_string\"}}],\"inLanguage\":\"fr-FR\"},{\"@type\":\"Organization\",\"@id\":\"https:\\\/\\\/tene.ee\\\/fr\\\/#organization\",\"name\":\"Tene.ee\",\"url\":\"https:\\\/\\\/tene.ee\\\/fr\\\/\",\"logo\":{\"@type\":\"ImageObject\",\"inLanguage\":\"fr-FR\",\"@id\":\"https:\\\/\\\/tene.ee\\\/fr\\\/#\\\/schema\\\/logo\\\/image\\\/\",\"url\":\"https:\\\/\\\/tene.ee\\\/wp-content\\\/uploads\\\/2024\\\/12\\\/TENE-logo-2018-2.png\",\"contentUrl\":\"https:\\\/\\\/tene.ee\\\/wp-content\\\/uploads\\\/2024\\\/12\\\/TENE-logo-2018-2.png\",\"width\":2339,\"height\":1654,\"caption\":\"Tene.ee\"},\"image\":{\"@id\":\"https:\\\/\\\/tene.ee\\\/fr\\\/#\\\/schema\\\/logo\\\/image\\\/\"},\"sameAs\":[\"https:\\\/\\\/www.facebook.com\\\/teneaiamajad\"]}]}<\/script>\n<!-- \/ Yoast SEO plugin. -->","yoast_head_json":{"title":"Tene.ee - Garage en bois Lapua","description":"Tene.ee Garage en bois Lapua","robots":{"index":"index","follow":"follow","max-snippet":"max-snippet:-1","max-image-preview":"max-image-preview:large","max-video-preview":"max-video-preview:-1"},"canonical":"https:\/\/tene.ee\/fr\/toode\/puidust-garaaz-lapua\/","og_locale":"fr_FR","og_type":"article","og_title":"Tene.ee - Garage en bois Lapua","og_description":"Tene.ee Garage en bois Lapua","og_url":"https:\/\/tene.ee\/fr\/toode\/puidust-garaaz-lapua\/","og_site_name":"Tene.ee","article_publisher":"https:\/\/www.facebook.com\/teneaiamajad","article_modified_time":"2024-11-28T09:54:35+00:00","og_image":[{"width":2500,"height":1667,"url":"https:\/\/tene.ee\/wp-content\/uploads\/2024\/07\/Garage_Lapua.jpg","type":"image\/jpeg"}],"twitter_card":"summary_large_image","twitter_misc":{"Dur\u00e9e de lecture estim\u00e9e":"2 minutes"},"schema":{"@context":"https:\/\/schema.org","@graph":[{"@type":"WebPage","@id":"https:\/\/tene.ee\/fr\/toode\/puidust-garaaz-lapua\/","url":"https:\/\/tene.ee\/fr\/toode\/puidust-garaaz-lapua\/","name":"Tene.ee - Garage en bois Lapua","isPartOf":{"@id":"https:\/\/tene.ee\/fr\/#website"},"primaryImageOfPage":{"@id":"https:\/\/tene.ee\/fr\/toode\/puidust-garaaz-lapua\/#primaryimage"},"image":{"@id":"https:\/\/tene.ee\/fr\/toode\/puidust-garaaz-lapua\/#primaryimage"},"thumbnailUrl":"https:\/\/tene.ee\/wp-content\/uploads\/2024\/07\/Garage_Lapua.jpg","datePublished":"2024-07-12T14:13:18+00:00","dateModified":"2024-11-28T09:54:35+00:00","description":"Tene.ee Garage en bois Lapua","breadcrumb":{"@id":"https:\/\/tene.ee\/fr\/toode\/puidust-garaaz-lapua\/#breadcrumb"},"inLanguage":"fr-FR","potentialAction":[{"@type":"ReadAction","target":["https:\/\/tene.ee\/fr\/toode\/puidust-garaaz-lapua\/"]}]},{"@type":"ImageObject","inLanguage":"fr-FR","@id":"https:\/\/tene.ee\/fr\/toode\/puidust-garaaz-lapua\/#primaryimage","url":"https:\/\/tene.ee\/wp-content\/uploads\/2024\/07\/Garage_Lapua.jpg","contentUrl":"https:\/\/tene.ee\/wp-content\/uploads\/2024\/07\/Garage_Lapua.jpg","width":2500,"height":1667},{"@type":"BreadcrumbList","@id":"https:\/\/tene.ee\/fr\/toode\/puidust-garaaz-lapua\/#breadcrumb","itemListElement":[{"@type":"ListItem","position":1,"name":"Avaleht","item":"https:\/\/tene.ee\/fr\/"},{"@type":"ListItem","position":2,"name":"Boutique","item":"http:\/\/tene.ee\/fr\/boutique\/"},{"@type":"ListItem","position":3,"name":"Garage en bois Lapua"}]},{"@type":"WebSite","@id":"https:\/\/tene.ee\/fr\/#website","url":"https:\/\/tene.ee\/fr\/","name":"Tene.ee - Kaunite hetkede jaoks sinu aias","description":"Tene.ee - parimad puit- ja aiamajad otse tootjalt","publisher":{"@id":"https:\/\/tene.ee\/fr\/#organization"},"alternateName":"Tene.ee","potentialAction":[{"@type":"SearchAction","target":{"@type":"EntryPoint","urlTemplate":"https:\/\/tene.ee\/fr\/?s={search_term_string}"},"query-input":{"@type":"PropertyValueSpecification","valueRequired":true,"valueName":"search_term_string"}}],"inLanguage":"fr-FR"},{"@type":"Organization","@id":"https:\/\/tene.ee\/fr\/#organization","name":"Tene.ee","url":"https:\/\/tene.ee\/fr\/","logo":{"@type":"ImageObject","inLanguage":"fr-FR","@id":"https:\/\/tene.ee\/fr\/#\/schema\/logo\/image\/","url":"https:\/\/tene.ee\/wp-content\/uploads\/2024\/12\/TENE-logo-2018-2.png","contentUrl":"https:\/\/tene.ee\/wp-content\/uploads\/2024\/12\/TENE-logo-2018-2.png","width":2339,"height":1654,"caption":"Tene.ee"},"image":{"@id":"https:\/\/tene.ee\/fr\/#\/schema\/logo\/image\/"},"sameAs":["https:\/\/www.facebook.com\/teneaiamajad"]}]}},"_links":{"self":[{"href":"https:\/\/tene.ee\/fr\/wp-json\/wp\/v2\/product\/18545","targetHints":{"allow":["GET"]}}],"collection":[{"href":"https:\/\/tene.ee\/fr\/wp-json\/wp\/v2\/product"}],"about":[{"href":"https:\/\/tene.ee\/fr\/wp-json\/wp\/v2\/types\/product"}],"wp:featuredmedia":[{"embeddable":true,"href":"https:\/\/tene.ee\/fr\/wp-json\/wp\/v2\/media\/14682"}],"wp:attachment":[{"href":"https:\/\/tene.ee\/fr\/wp-json\/wp\/v2\/media?parent=18545"}],"wp:term":[{"taxonomy":"product_brand","embeddable":true,"href":"https:\/\/tene.ee\/fr\/wp-json\/wp\/v2\/product_brand?post=18545"},{"taxonomy":"product_cat","embeddable":true,"href":"https:\/\/tene.ee\/fr\/wp-json\/wp\/v2\/product_cat?post=18545"},{"taxonomy":"product_tag","embeddable":true,"href":"https:\/\/tene.ee\/fr\/wp-json\/wp\/v2\/product_tag?post=18545"}],"curies":[{"name":"wp","href":"https:\/\/api.w.org\/{rel}","templated":true}]}}