{"id":24561,"date":"2024-06-28T11:28:09","date_gmt":"2024-06-28T08:28:09","guid":{"rendered":"https:\/\/tene.ee\/?page_id=24561"},"modified":"2024-12-10T14:55:04","modified_gmt":"2024-12-10T12:55:04","slug":"24561-2","status":"publish","type":"page","link":"https:\/\/tene.ee\/fr\/24561-2\/","title":{"rendered":"\u00c0 propos de l&rsquo;entreprise"},"content":{"rendered":"<div class=\"wpb-content-wrapper\"><p>[vc_row woodmart_css_id=\u00a0\u00bb66914e68a46da\u00a0\u00bb responsive_spacing=\u00a0\u00bbeyJwYXJhbV90eXBlIjoid29vZG1hcnRfcmVzcG9uc2l2ZV9zcGFjaW5nIiwic2VsZWN0b3JfaWQiOiI2NjkxNGU2OGE0NmRhIiwic2hvcnRjb2RlIjoidmNfcm93IiwiZGF0YSI6eyJ0YWJsZXQiOnt9LCJtb2JpbGUiOnt9fX0=\u00a0\u00bb mobile_bg_img_hidden=\u00a0\u00bbno\u00a0\u00bb tablet_bg_img_hidden=\u00a0\u00bbno\u00a0\u00bb woodmart_parallax=\u00a0\u00bb0&Prime; woodmart_gradient_switch=\u00a0\u00bbno\u00a0\u00bb woodmart_box_shadow=\u00a0\u00bbno\u00a0\u00bb wd_z_index=\u00a0\u00bbno\u00a0\u00bb woodmart_disable_overflow=\u00a0\u00bb0&Prime; row_reverse_mobile=\u00a0\u00bb0&Prime; row_reverse_tablet=\u00a0\u00bb0&Prime;][vc_column woodmart_css_id=\u00a0\u00bb6756a7ea686d4&Prime; parallax_scroll=\u00a0\u00bbno\u00a0\u00bb woodmart_sticky_column=\u00a0\u00bbfalse\u00a0\u00bb wd_collapsible_content_switcher=\u00a0\u00bbno\u00a0\u00bb wd_column_role_offcanvas_desktop=\u00a0\u00bbno\u00a0\u00bb wd_column_role_offcanvas_tablet=\u00a0\u00bbno\u00a0\u00bb wd_column_role_offcanvas_mobile=\u00a0\u00bbno\u00a0\u00bb wd_column_role_content_desktop=\u00a0\u00bbno\u00a0\u00bb wd_column_role_content_tablet=\u00a0\u00bbno\u00a0\u00bb wd_column_role_content_mobile=\u00a0\u00bbno\u00a0\u00bb mobile_bg_img_hidden=\u00a0\u00bbno\u00a0\u00bb tablet_bg_img_hidden=\u00a0\u00bbno\u00a0\u00bb woodmart_parallax=\u00a0\u00bb0&Prime; woodmart_box_shadow=\u00a0\u00bbno\u00a0\u00bb responsive_spacing=\u00a0\u00bbeyJwYXJhbV90eXBlIjoid29vZG1hcnRfcmVzcG9uc2l2ZV9zcGFjaW5nIiwic2VsZWN0b3JfaWQiOiI2NzU2YTdlYTY4NmQ0Iiwic2hvcnRjb2RlIjoidmNfY29sdW1uIiwiZGF0YSI6eyJ0YWJsZXQiOnt9LCJtb2JpbGUiOnt9fX0=\u00a0\u00bb mobile_reset_margin=\u00a0\u00bbno\u00a0\u00bb tablet_reset_margin=\u00a0\u00bbno\u00a0\u00bb wd_z_index=\u00a0\u00bbno\u00a0\u00bb]<style data-type=\"vc_shortcodes-custom-css\">.vc_custom_1697438305110{background-color: #ffffff !important;background-position: 0 0 !important;background-repeat: no-repeat !important;}.vc_custom_1732866176590{padding-top: 15px !important;}.vc_custom_1688626543448{background-position: 0 0 !important;background-repeat: no-repeat !important;}.vc_custom_1635965928690{background-position: 0 0 !important;background-repeat: no-repeat !important;}.vc_custom_1732171545907{padding-right: 80px !important;}.vc_custom_1731929234138{margin-top: 10px !important;padding-top: 15px !important;}.vc_custom_1732171597219{padding-right: 80px !important;}.vc_custom_1732171612694{padding-top: 15px !important;background-color: eyJwYXJhbV90eXBlIjoid29vZG1hcnRfY29sb3JwaWNrZXIiLCJjc3NfYXJncyI6eyJiYWNrZ3JvdW5kLWNvbG9yIjpbIiBhIl0sImJvcmRlci1jb2xvciI6WyIgYSJdfSwic2VsZWN0b3JfaWQiOiI2NzBlNjRhZjI1ZDEwIiwiZGF0YSI6eyJkZXNrdG9wIjoiIzgxZDc0MiJ9fQ== !important;}.wd-rs-6749707ceda21.wd-el-video{--wd-aspect-ratio: 16\/9;}.wd-rs-65005b9da15f0 > .vc_column-inner > .wpb_wrapper{align-items: center;}#wd-673b2487557b8 a{background-color:#707e5b;border-color:#707e5b !important;}#wd-673b2487557b8 a:hover{background-color:#556045;border-color:#556045 !important;}#wd-673ed75489818 a{background-color:#707e5b;border-color:#707e5b !important;}#wd-673ed75489818 a:hover{background-color:#556045;border-color:#556045 !important;}<\/style><div class=\"wpb-content-wrapper\">[vc_row][vc_column]\t\t<div class=\"wd-el-video wd-wpb wd-rs-6749707ceda21 wd-action-without wd-video-youtube vc_custom_1732866176590 wd-with-aspect-ratio\">\n\t\t\t\t\t\t\t<iframe src=\"https:\/\/www.youtube.com\/embed\/W84OPGv8FqE?feature=oembed&loop=1&mute=1&controls=1&autoplay=1&playlist=W84OPGv8FqE\" allowfullscreen allow=\"accelerometer; autoplay; encrypted-media; gyroscope; picture-in-picture\" width=\"100%\" height=\"100%\" loading=\"lazy\" aria-label=\"Video player\"><\/iframe>\t\t\t\n\t\t\t\n\t\t\t\n\t\t\t\t\t<\/div>\n\t\t[\/vc_column][\/vc_row][vc_section full_width=\"stretch_row\" woodmart_bg_position=\"right-bottom\" el_id=\"ettevottest\" mobile_bg_img_hidden=\"no\" tablet_bg_img_hidden=\"no\" woodmart_parallax=\"0\" woodmart_gradient_switch=\"no\" woodmart_disable_overflow=\"0\" css=\".vc_custom_1697438305110{background-color: #ffffff !important;background-position: 0 0 !important;background-repeat: no-repeat !important;}\" woodmart_css_id=\"652cda41013d2\" woodmart_box_shadow=\"no\" wd_z_index=\"no\" responsive_spacing=\"eyJwYXJhbV90eXBlIjoid29vZG1hcnRfcmVzcG9uc2l2ZV9zcGFjaW5nIiwic2VsZWN0b3JfaWQiOiI2NTJjZGE0MTAxM2QyIiwic2hvcnRjb2RlIjoidmNfc2VjdGlvbiIsImRhdGEiOnsidGFibGV0Ijp7fSwibW9iaWxlIjp7fX19\"][vc_row gap=\"30\" equal_height=\"yes\" content_placement=\"middle\" woodmart_bg_position=\"right-bottom\" mobile_bg_img_hidden=\"no\" tablet_bg_img_hidden=\"no\" woodmart_parallax=\"0\" woodmart_gradient_switch=\"no\" row_reverse_mobile=\"0\" row_reverse_tablet=\"0\" woodmart_disable_overflow=\"0\" el_class=\"container-row\" css=\".vc_custom_1688626543448{background-position: 0 0 !important;background-repeat: no-repeat !important;}\" woodmart_css_id=\"64a666ec67242\" woodmart_box_shadow=\"no\" wd_z_index=\"no\" responsive_spacing=\"eyJwYXJhbV90eXBlIjoid29vZG1hcnRfcmVzcG9uc2l2ZV9zcGFjaW5nIiwic2VsZWN0b3JfaWQiOiI2NGE2NjZlYzY3MjQyIiwic2hvcnRjb2RlIjoidmNfcm93IiwiZGF0YSI6eyJ0YWJsZXQiOnt9LCJtb2JpbGUiOnt9fX0=\"][vc_column width=\"3\/5\" woodmart_bg_position=\"left-top\" mobile_bg_img_hidden=\"no\" tablet_bg_img_hidden=\"no\" woodmart_parallax=\"0\" woodmart_sticky_column=\"false\" parallax_scroll=\"no\" mobile_reset_margin=\"no\" tablet_reset_margin=\"no\" el_class=\"container-text\" css=\".vc_custom_1635965928690{background-position: 0 0 !important;background-repeat: no-repeat !important;}\"][vc_custom_heading text=\"25 ans de qualit\u00e9\" font_container=\"tag:h2|font_size:24px|text_align:left|line_height:32px\" use_theme_fonts=\"yes\" el_id=\"element\"][vc_column_text css=\".vc_custom_1732171545907{padding-right: 80px !important;}\" woodmart_inline=\"no\" text_larger=\"no\" el_id=\"padi\"]<span data-sheets-root=\"1\">\u00c0 l'usine de maisons en bois Tene, nous fabriquons depuis plus de 25 ans divers produits en bois, dont les plus populaires sont les maisons en bois, les cabanons, les abris de jardin, les maisons d'\u00e9t\u00e9, les campings, les maisons en rondins, les tonnelles, les pavillons de jardin, les abris, les balan\u00e7oires, briquettes de bois et salon de jardin.<\/span>[\/vc_column_text]<div id=\"wd-673b2487557b8\" class=\" wd-rs-673b2487557b8 vc_custom_1731929234138 wd-button-wrapper text-left\"><a href=\"https:\/\/tene.ee\/fr\/boutique\/\" title=\"Voir la gamme\" style=\"--btn-color:#fff;--btn-color-hover:#fff;\" class=\"btn btn-style-default btn-shape-round btn-size-large\">consultez la s\u00e9lection<\/a><\/div>[\/vc_column][vc_column width=\"2\/5\" vertical_alignment=\"eyJkZXZpY2VzIjp7ImRlc2t0b3AiOnsidmFsdWUiOiJjZW50ZXIifSwidGFibGV0Ijp7InZhbHVlIjoiIn0sIm1vYmlsZSI6eyJ2YWx1ZSI6IiJ9fX0=\" woodmart_css_id=\"65005b9da15f0\" parallax_scroll=\"no\" woodmart_sticky_column=\"false\" wd_collapsible_content_switcher=\"no\" mobile_bg_img_hidden=\"no\" tablet_bg_img_hidden=\"no\" woodmart_parallax=\"0\" woodmart_box_shadow=\"no\" mobile_reset_margin=\"no\" tablet_reset_margin=\"no\" wd_z_index=\"no\" wd_column_role_offcanvas_desktop=\"no\" wd_column_role_offcanvas_tablet=\"no\" wd_column_role_offcanvas_mobile=\"no\" wd_column_role_content_desktop=\"no\" wd_column_role_content_tablet=\"no\" wd_column_role_content_mobile=\"no\" responsive_spacing=\"eyJwYXJhbV90eXBlIjoid29vZG1hcnRfcmVzcG9uc2l2ZV9zcGFjaW5nIiwic2VsZWN0b3JfaWQiOiI2NTAwNWI5ZGExNWYwIiwic2hvcnRjb2RlIjoidmNfY29sdW1uIiwiZGF0YSI6eyJ0YWJsZXQiOnt9LCJtb2JpbGUiOnt9fX0=\"][vc_single_image image=\"24505\" img_size=\"1536x1179\" css_animation=\"none\" css=\"\" woodmart_inline=\"no\" parallax_scroll=\"no\" el_id=\"ettevottest_pilt\" el_class=\"muri2\"][\/vc_column][\/vc_row][vc_row gap=\"30\" equal_height=\"yes\" content_placement=\"middle\" mobile_bg_img_hidden=\"no\" tablet_bg_img_hidden=\"no\" woodmart_parallax=\"0\" woodmart_gradient_switch=\"no\" row_reverse_mobile=\"0\" row_reverse_tablet=\"0\" woodmart_disable_overflow=\"0\" el_class=\"container-row\" el_id=\"soutien\" woodmart_css_id=\"64a669cbaff6b\" woodmart_box_shadow=\"no\" wd_z_index=\"no\" responsive_spacing=\"eyJwYXJhbV90eXBlIjoid29vZG1hcnRfcmVzcG9uc2l2ZV9zcGFjaW5nIiwic2VsZWN0b3JfaWQiOiI2NGE2NjljYmFmZjZiIiwic2hvcnRjb2RlIjoidmNfcm93IiwiZGF0YSI6eyJ0YWJsZXQiOnt9LCJtb2JpbGUiOnt9fX0=\"][vc_column width=\"2\/5\" offset=\"vc_hidden-xs\" woodmart_css_id=\"619f7f777b961\" parallax_scroll=\"no\" woodmart_sticky_column=\"false\" wd_collapsible_content_switcher=\"no\" mobile_bg_img_hidden=\"no\" tablet_bg_img_hidden=\"no\" woodmart_parallax=\"0\" woodmart_box_shadow=\"no\" mobile_reset_margin=\"no\" tablet_reset_margin=\"no\" wd_z_index=\"no\"][vc_single_image image=\"2423\" img_size=\"full\" css_animation=\"none\" css=\"\" woodmart_inline=\"no\" parallax_scroll=\"no\" el_class=\"muri\"][\/vc_column][vc_column width=\"3\/5\" mobile_bg_img_hidden=\"no\" tablet_bg_img_hidden=\"no\" woodmart_parallax=\"0\" woodmart_sticky_column=\"false\" el_class=\"container-text\" parallax_scroll=\"no\" mobile_reset_margin=\"no\" tablet_reset_margin=\"no\" woodmart_css_id=\"6213d448762f9\" wd_collapsible_content_switcher=\"no\" woodmart_box_shadow=\"no\" wd_z_index=\"no\"][vc_custom_heading text=\"Nous cr\u00e9ons des emplois dans une petite ville d&apos;Estonie\" font_container=\"tag:h2|font_size:24px|text_align:left|line_height:32px\" use_theme_fonts=\"yes\" css=\"\" el_id=\"element\"][vc_column_text css=\".vc_custom_1732171597219{padding-right: 80px !important;}\" woodmart_inline=\"no\" text_larger=\"no\"]<span data-sheets-root=\"1\">Vous pouvez vous familiariser avec l'ensemble de la gamme de produits ici en ligne ou en nous rendant visite \u00e0 L\u00e4\u00e4nemaa \u00e0 Lihula mnt 22b, car toute la production de TENE est situ\u00e9e \u00e0 Haapsalu. C'est ainsi que nous soutenons l'entrepreneuriat estonien et cr\u00e9ons des emplois dans une magnifique station baln\u00e9aire en exportant dans le monde entier des produits de haute qualit\u00e9 fabriqu\u00e9s en Estonie. Aujourd'hui, pr\u00e8s de 100 personnes travaillent \u00e0 Tene Kaubandus.<\/span>[\/vc_column_text]<div id=\"wd-673ed75489818\" class=\" wd-rs-673ed75489818 vc_custom_1732171612694 wd-button-wrapper text-left\"><a href=\"\/tookuulutused\/\" title=\"\u00catre en contact\" style=\"--btn-color:#fff;--btn-color-hover:#fff;\" class=\"btn btn-style-default btn-shape-round btn-size-large\">\u00catre en contact<\/a><\/div>[\/vc_column][\/vc_row][\/vc_section]<\/div><style data-type=\"vc_shortcodes-custom-css\">.vc_custom_1697438282897{background-color: #ffffff !important;}.vc_custom_1688979921662{background-image: url(https:\/\/aiamajad.com\/wp-content\/uploads\/2021\/10\/Pattern-garantii.png?id=13599) !important;background-position: center !important;background-repeat: no-repeat !important;background-size: contain !important;}.vc_custom_1653904908419{padding-bottom: 20px !important;}.vc_custom_1732171662545{padding-right: 80px !important;padding-bottom: 40px !important;}.vc_custom_1688981386084{margin-top: 20px !important;border-bottom-width: 5px !important;}.vc_custom_1732866225879{padding-top: 15px !important;padding-bottom: 15px !important;border-radius: 35px !important;}<\/style><div class=\"wpb-content-wrapper\">[vc_section full_width=\"stretch_row\" content_placement=\"middle\" mobile_bg_img_hidden=\"no\" tablet_bg_img_hidden=\"no\" woodmart_parallax=\"0\" woodmart_gradient_switch=\"no\" woodmart_disable_overflow=\"0\" css=\".vc_custom_1697438282897{background-color: #ffffff !important;}\" woodmart_css_id=\"652cda184e55c\" woodmart_box_shadow=\"no\" wd_z_index=\"no\" el_id=\"garantii\" responsive_spacing=\"eyJwYXJhbV90eXBlIjoid29vZG1hcnRfcmVzcG9uc2l2ZV9zcGFjaW5nIiwic2VsZWN0b3JfaWQiOiI2NTJjZGExODRlNTVjIiwic2hvcnRjb2RlIjoidmNfc2VjdGlvbiIsImRhdGEiOnsidGFibGV0Ijp7fSwibW9iaWxlIjp7fX19\"][vc_row full_width=\"stretch_row\" equal_height=\"yes\" content_placement=\"middle\" woodmart_bg_position=\"left-center\" mobile_bg_img_hidden=\"no\" tablet_bg_img_hidden=\"no\" woodmart_parallax=\"0\" woodmart_gradient_switch=\"no\" row_reverse_mobile=\"1\" row_reverse_tablet=\"0\" woodmart_disable_overflow=\"0\" el_class=\"container-row\" css=\".vc_custom_1688979921662{background-image: url(https:\/\/aiamajad.com\/wp-content\/uploads\/2021\/10\/Pattern-garantii.png?id=13599) !important;background-position: center !important;background-repeat: no-repeat !important;background-size: contain !important;}\" woodmart_css_id=\"64abcb5fa3b60\" woodmart_box_shadow=\"no\" wd_z_index=\"no\" responsive_spacing=\"eyJwYXJhbV90eXBlIjoid29vZG1hcnRfcmVzcG9uc2l2ZV9zcGFjaW5nIiwic2VsZWN0b3JfaWQiOiI2NGFiY2I1ZmEzYjYwIiwic2hvcnRjb2RlIjoidmNfcm93IiwiZGF0YSI6eyJ0YWJsZXQiOnt9LCJtb2JpbGUiOnt9fX0=\"][vc_column width=\"2\/5\" mobile_bg_img_hidden=\"no\" tablet_bg_img_hidden=\"no\" woodmart_parallax=\"0\" woodmart_sticky_column=\"false\" parallax_scroll=\"no\" mobile_reset_margin=\"no\" tablet_reset_margin=\"no\" woodmart_css_id=\"64abac7f07d5f\" wd_collapsible_content_switcher=\"no\" woodmart_box_shadow=\"no\" wd_z_index=\"no\" el_id=\"element-garantii-col\" wd_column_role_offcanvas_desktop=\"no\" wd_column_role_offcanvas_tablet=\"no\" wd_column_role_offcanvas_mobile=\"no\" wd_column_role_content_desktop=\"no\" wd_column_role_content_tablet=\"no\" wd_column_role_content_mobile=\"no\" responsive_spacing=\"eyJwYXJhbV90eXBlIjoid29vZG1hcnRfcmVzcG9uc2l2ZV9zcGFjaW5nIiwic2VsZWN0b3JfaWQiOiI2NGFiYWM3ZjA3ZDVmIiwic2hvcnRjb2RlIjoidmNfY29sdW1uIiwiZGF0YSI6eyJ0YWJsZXQiOnt9LCJtb2JpbGUiOnt9fX0=\" offset=\"vc_col-md-2\/5 vc_col-xs-12\"][vc_custom_heading text=\"Garantie\" font_container=\"tag:h2|font_size:24px|text_align:left|line_height:32px\" use_theme_fonts=\"yes\" css=\".vc_custom_1653904908419{padding-bottom: 20px !important;}\" el_id=\"element-garantii\"][vc_column_text css=\".vc_custom_1732171662545{padding-right: 80px !important;padding-bottom: 40px !important;}\" woodmart_inline=\"no\" text_larger=\"no\" el_id=\"element-garantii-text\"]L'assurance qualit\u00e9 est notre valeur la plus importante, c'est pourquoi nous offrons une garantie de cinq ans sur la conception des produits \u00e0 compter de la date d'achat du produit.<br><br>Tous les produits TENE sont emball\u00e9s dans un film qui prot\u00e8ge contre les rayons UV. De plus, les produits sont prot\u00e9g\u00e9s lors de la livraison par un emballage r\u00e9sistant au transport avec des rubans adh\u00e9sifs et des \u00e9l\u00e9ments de protection du bois.<br><br>Tous nos produits sont fabriqu\u00e9s \u00e0 partir de bois d'\u00e9pic\u00e9a provenant de for\u00eats g\u00e9r\u00e9es durablement et provenant des pays du nord de l'Europe : Su\u00e8de, Finlande et pays baltes (Estonie, Lettonie et Lituanie).[\/vc_column_text][vc_separator color=\"custom\" accent_color=\"rgba(255,255,255,0.01)\" css=\".vc_custom_1688981386084{margin-top: 20px !important;border-bottom-width: 5px !important;}\" wd_hide_on_desktop=\"no\" wd_hide_on_tablet=\"no\" wd_hide_on_mobile=\"no\"]<div id=\"wd-673ed767a9379\" class=\" wd-rs-673ed767a9379  wd-button-wrapper text-left\"><a href=\"https:\/\/tene.ee\/fr\/contact\/\" title=\"\u00catre en contact\" class=\"btn btn-color-primary btn-style-default btn-shape-round btn-size-large\">\u00catre en contact<\/a><\/div>[\/vc_column][vc_column width=\"3\/5\" mobile_bg_img_hidden=\"no\" tablet_bg_img_hidden=\"no\" woodmart_parallax=\"0\" woodmart_sticky_column=\"false\" parallax_scroll=\"no\" mobile_reset_margin=\"no\" tablet_reset_margin=\"no\" el_class=\"container-text\" el_id=\"garantii\" woodmart_css_id=\"62a321629bbba\" wd_collapsible_content_switcher=\"no\" woodmart_box_shadow=\"no\" wd_z_index=\"no\" offset=\"vc_col-md-3\/5\" wd_column_role_offcanvas_desktop=\"no\" wd_column_role_offcanvas_tablet=\"no\" wd_column_role_offcanvas_mobile=\"no\" wd_column_role_content_desktop=\"no\" wd_column_role_content_tablet=\"no\" wd_column_role_content_mobile=\"no\" responsive_spacing=\"eyJwYXJhbV90eXBlIjoid29vZG1hcnRfcmVzcG9uc2l2ZV9zcGFjaW5nIiwic2VsZWN0b3JfaWQiOiI2MmEzMjE2MjliYmJhIiwic2hvcnRjb2RlIjoidmNfY29sdW1uIiwiZGF0YSI6eyJ0YWJsZXQiOnt9LCJtb2JpbGUiOnt9fX0=\"][vc_single_image image=\"24483\" img_size=\"full\" css_animation=\"none\" css=\".vc_custom_1732866225879{padding-top: 15px !important;padding-bottom: 15px !important;border-radius: 35px !important;}\" woodmart_inline=\"no\" parallax_scroll=\"no\" el_class=\"muri2\"][\/vc_column][\/vc_row][\/vc_section]<\/div>[\/vc_column][\/vc_row]<\/p>\n<\/div>","protected":false},"excerpt":{"rendered":"<p>[vc_row woodmart_css_id=\u00a0\u00bb66914e68a46da\u00a0\u00bb responsive_spacing=\u00a0\u00bbeyJwYXJhbV90eXBlIjoid29vZG1hcnRfcmVzcG9uc2l2ZV9zcGFjaW5nIiwic2VsZWN0b3JfaWQiOiI2NjkxNGU2OGE0NmRhIiwic2hvcnRjb2RlIjoidmNfcm93IiwiZGF0YSI6eyJ0YWJsZXQiOnt9LCJtb2JpbGUiOnt9fX0=\u00a0\u00bb mobile_bg_img_hidden=\u00a0\u00bbno\u00a0\u00bb tablet_bg_img_hidden=\u00a0\u00bbno\u00a0\u00bb woodmart_parallax=\u00a0\u00bb0&Prime; woodmart_gradient_switch=\u00a0\u00bbno\u00a0\u00bb woodmart_box_shadow=\u00a0\u00bbno\u00a0\u00bb wd_z_index=\u00a0\u00bbno\u00a0\u00bb woodmart_disable_overflow=\u00a0\u00bb0&Prime; row_reverse_mobile=\u00a0\u00bb0&Prime; row_reverse_tablet=\u00a0\u00bb0&Prime;][vc_column woodmart_css_id=\u00a0\u00bb6756a7ea686d4&Prime; parallax_scroll=\u00a0\u00bbno\u00a0\u00bb woodmart_sticky_column=\u00a0\u00bbfalse\u00a0\u00bb wd_collapsible_content_switcher=\u00a0\u00bbno\u00a0\u00bb wd_column_role_offcanvas_desktop=\u00a0\u00bbno\u00a0\u00bb wd_column_role_offcanvas_tablet=\u00a0\u00bbno\u00a0\u00bb wd_column_role_offcanvas_mobile=\u00a0\u00bbno\u00a0\u00bb wd_column_role_content_desktop=\u00a0\u00bbno\u00a0\u00bb<\/p>\n","protected":false},"author":1,"featured_media":0,"parent":0,"menu_order":0,"comment_status":"closed","ping_status":"closed","template":"","meta":{"_acf_changed":false,"footnotes":""},"class_list":["post-24561","page","type-page","status-publish","hentry"],"acf":[],"yoast_head":"<!-- This site is optimized with the Yoast SEO plugin v27.3 - https:\/\/yoast.com\/product\/yoast-seo-wordpress\/ -->\n<title>Tene.ee - \u00c0 propos de l&#039;entreprise<\/title>\n<meta name=\"description\" content=\"Tene.ee \u00c0 propos de l&#039;entreprise\" \/>\n<meta name=\"robots\" content=\"index, follow, max-snippet:-1, max-image-preview:large, max-video-preview:-1\" \/>\n<link rel=\"canonical\" href=\"https:\/\/tene.ee\/fr\/24561-2\/\" \/>\n<meta property=\"og:locale\" content=\"fr_FR\" \/>\n<meta property=\"og:type\" content=\"article\" \/>\n<meta property=\"og:title\" content=\"Tene.ee - \u00c0 propos de l&#039;entreprise\" \/>\n<meta property=\"og:description\" content=\"Tene.ee \u00c0 propos de l&#039;entreprise\" \/>\n<meta property=\"og:url\" content=\"https:\/\/tene.ee\/fr\/24561-2\/\" \/>\n<meta property=\"og:site_name\" content=\"Tene.ee\" \/>\n<meta property=\"article:publisher\" content=\"https:\/\/www.facebook.com\/teneaiamajad\" \/>\n<meta property=\"article:modified_time\" content=\"2024-12-10T12:55:04+00:00\" \/>\n<meta property=\"og:image\" content=\"https:\/\/tene.ee\/wp-content\/uploads\/2024\/12\/TENE-logo-2018-2.png\" \/>\n\t<meta property=\"og:image:width\" content=\"2339\" \/>\n\t<meta property=\"og:image:height\" content=\"1654\" \/>\n\t<meta property=\"og:image:type\" content=\"image\/png\" \/>\n<meta name=\"twitter:card\" content=\"summary_large_image\" \/>\n<meta name=\"twitter:label1\" content=\"Dur\u00e9e de lecture estim\u00e9e\" \/>\n\t<meta name=\"twitter:data1\" content=\"1 minute\" \/>\n<script type=\"application\/ld+json\" class=\"yoast-schema-graph\">{\"@context\":\"https:\\\/\\\/schema.org\",\"@graph\":[{\"@type\":\"WebPage\",\"@id\":\"https:\\\/\\\/tene.ee\\\/fr\\\/24561-2\\\/\",\"url\":\"https:\\\/\\\/tene.ee\\\/fr\\\/24561-2\\\/\",\"name\":\"Tene.ee - \u00c0 propos de l'entreprise\",\"isPartOf\":{\"@id\":\"https:\\\/\\\/tene.ee\\\/fr\\\/#website\"},\"datePublished\":\"2024-06-28T08:28:09+00:00\",\"dateModified\":\"2024-12-10T12:55:04+00:00\",\"description\":\"Tene.ee \u00c0 propos de l'entreprise\",\"breadcrumb\":{\"@id\":\"https:\\\/\\\/tene.ee\\\/fr\\\/24561-2\\\/#breadcrumb\"},\"inLanguage\":\"fr-FR\",\"potentialAction\":[{\"@type\":\"ReadAction\",\"target\":[\"https:\\\/\\\/tene.ee\\\/fr\\\/24561-2\\\/\"]}]},{\"@type\":\"BreadcrumbList\",\"@id\":\"https:\\\/\\\/tene.ee\\\/fr\\\/24561-2\\\/#breadcrumb\",\"itemListElement\":[{\"@type\":\"ListItem\",\"position\":1,\"name\":\"Avaleht\",\"item\":\"https:\\\/\\\/tene.ee\\\/fr\\\/\"},{\"@type\":\"ListItem\",\"position\":2,\"name\":\"\u00c0 propos de l&#8217;entreprise\"}]},{\"@type\":\"WebSite\",\"@id\":\"https:\\\/\\\/tene.ee\\\/fr\\\/#website\",\"url\":\"https:\\\/\\\/tene.ee\\\/fr\\\/\",\"name\":\"Tene.ee - Kaunite hetkede jaoks sinu aias\",\"description\":\"Tene.ee - parimad puit- ja aiamajad otse tootjalt\",\"publisher\":{\"@id\":\"https:\\\/\\\/tene.ee\\\/fr\\\/#organization\"},\"alternateName\":\"Tene.ee\",\"potentialAction\":[{\"@type\":\"SearchAction\",\"target\":{\"@type\":\"EntryPoint\",\"urlTemplate\":\"https:\\\/\\\/tene.ee\\\/fr\\\/?s={search_term_string}\"},\"query-input\":{\"@type\":\"PropertyValueSpecification\",\"valueRequired\":true,\"valueName\":\"search_term_string\"}}],\"inLanguage\":\"fr-FR\"},{\"@type\":\"Organization\",\"@id\":\"https:\\\/\\\/tene.ee\\\/fr\\\/#organization\",\"name\":\"Tene.ee\",\"url\":\"https:\\\/\\\/tene.ee\\\/fr\\\/\",\"logo\":{\"@type\":\"ImageObject\",\"inLanguage\":\"fr-FR\",\"@id\":\"https:\\\/\\\/tene.ee\\\/fr\\\/#\\\/schema\\\/logo\\\/image\\\/\",\"url\":\"https:\\\/\\\/tene.ee\\\/wp-content\\\/uploads\\\/2024\\\/12\\\/TENE-logo-2018-2.png\",\"contentUrl\":\"https:\\\/\\\/tene.ee\\\/wp-content\\\/uploads\\\/2024\\\/12\\\/TENE-logo-2018-2.png\",\"width\":2339,\"height\":1654,\"caption\":\"Tene.ee\"},\"image\":{\"@id\":\"https:\\\/\\\/tene.ee\\\/fr\\\/#\\\/schema\\\/logo\\\/image\\\/\"},\"sameAs\":[\"https:\\\/\\\/www.facebook.com\\\/teneaiamajad\"]}]}<\/script>\n<!-- \/ Yoast SEO plugin. -->","yoast_head_json":{"title":"Tene.ee - \u00c0 propos de l'entreprise","description":"Tene.ee \u00c0 propos de l'entreprise","robots":{"index":"index","follow":"follow","max-snippet":"max-snippet:-1","max-image-preview":"max-image-preview:large","max-video-preview":"max-video-preview:-1"},"canonical":"https:\/\/tene.ee\/fr\/24561-2\/","og_locale":"fr_FR","og_type":"article","og_title":"Tene.ee - \u00c0 propos de l'entreprise","og_description":"Tene.ee \u00c0 propos de l'entreprise","og_url":"https:\/\/tene.ee\/fr\/24561-2\/","og_site_name":"Tene.ee","article_publisher":"https:\/\/www.facebook.com\/teneaiamajad","article_modified_time":"2024-12-10T12:55:04+00:00","og_image":[{"width":2339,"height":1654,"url":"https:\/\/tene.ee\/wp-content\/uploads\/2024\/12\/TENE-logo-2018-2.png","type":"image\/png"}],"twitter_card":"summary_large_image","twitter_misc":{"Dur\u00e9e de lecture estim\u00e9e":"1 minute"},"schema":{"@context":"https:\/\/schema.org","@graph":[{"@type":"WebPage","@id":"https:\/\/tene.ee\/fr\/24561-2\/","url":"https:\/\/tene.ee\/fr\/24561-2\/","name":"Tene.ee - \u00c0 propos de l'entreprise","isPartOf":{"@id":"https:\/\/tene.ee\/fr\/#website"},"datePublished":"2024-06-28T08:28:09+00:00","dateModified":"2024-12-10T12:55:04+00:00","description":"Tene.ee \u00c0 propos de l'entreprise","breadcrumb":{"@id":"https:\/\/tene.ee\/fr\/24561-2\/#breadcrumb"},"inLanguage":"fr-FR","potentialAction":[{"@type":"ReadAction","target":["https:\/\/tene.ee\/fr\/24561-2\/"]}]},{"@type":"BreadcrumbList","@id":"https:\/\/tene.ee\/fr\/24561-2\/#breadcrumb","itemListElement":[{"@type":"ListItem","position":1,"name":"Avaleht","item":"https:\/\/tene.ee\/fr\/"},{"@type":"ListItem","position":2,"name":"\u00c0 propos de l&#8217;entreprise"}]},{"@type":"WebSite","@id":"https:\/\/tene.ee\/fr\/#website","url":"https:\/\/tene.ee\/fr\/","name":"Tene.ee - Kaunite hetkede jaoks sinu aias","description":"Tene.ee - parimad puit- ja aiamajad otse tootjalt","publisher":{"@id":"https:\/\/tene.ee\/fr\/#organization"},"alternateName":"Tene.ee","potentialAction":[{"@type":"SearchAction","target":{"@type":"EntryPoint","urlTemplate":"https:\/\/tene.ee\/fr\/?s={search_term_string}"},"query-input":{"@type":"PropertyValueSpecification","valueRequired":true,"valueName":"search_term_string"}}],"inLanguage":"fr-FR"},{"@type":"Organization","@id":"https:\/\/tene.ee\/fr\/#organization","name":"Tene.ee","url":"https:\/\/tene.ee\/fr\/","logo":{"@type":"ImageObject","inLanguage":"fr-FR","@id":"https:\/\/tene.ee\/fr\/#\/schema\/logo\/image\/","url":"https:\/\/tene.ee\/wp-content\/uploads\/2024\/12\/TENE-logo-2018-2.png","contentUrl":"https:\/\/tene.ee\/wp-content\/uploads\/2024\/12\/TENE-logo-2018-2.png","width":2339,"height":1654,"caption":"Tene.ee"},"image":{"@id":"https:\/\/tene.ee\/fr\/#\/schema\/logo\/image\/"},"sameAs":["https:\/\/www.facebook.com\/teneaiamajad"]}]}},"_links":{"self":[{"href":"https:\/\/tene.ee\/fr\/wp-json\/wp\/v2\/pages\/24561","targetHints":{"allow":["GET"]}}],"collection":[{"href":"https:\/\/tene.ee\/fr\/wp-json\/wp\/v2\/pages"}],"about":[{"href":"https:\/\/tene.ee\/fr\/wp-json\/wp\/v2\/types\/page"}],"author":[{"embeddable":true,"href":"https:\/\/tene.ee\/fr\/wp-json\/wp\/v2\/users\/1"}],"replies":[{"embeddable":true,"href":"https:\/\/tene.ee\/fr\/wp-json\/wp\/v2\/comments?post=24561"}],"version-history":[{"count":0,"href":"https:\/\/tene.ee\/fr\/wp-json\/wp\/v2\/pages\/24561\/revisions"}],"wp:attachment":[{"href":"https:\/\/tene.ee\/fr\/wp-json\/wp\/v2\/media?parent=24561"}],"curies":[{"name":"wp","href":"https:\/\/api.w.org\/{rel}","templated":true}]}}