{"id":65626,"date":"2024-11-12T14:05:50","date_gmt":"2024-11-12T12:05:50","guid":{"rendered":"https:\/\/tene.ee\/toode\/puuvaja-tobias-6m2\/"},"modified":"2024-11-28T11:19:57","modified_gmt":"2024-11-28T09:19:57","slug":"puuvaja-tobias-6m2","status":"publish","type":"product","link":"https:\/\/tene.ee\/fi\/toode\/puuvaja-tobias-6m2\/","title":{"rendered":"Hirsilato TOBIAS 25m2 rakomalli, suorat sivu- sein\u00e4t"},"content":{"rendered":"<p>Rakoliiterin\u00a0toimitussis\u00e4lt\u00f6:<\/p>\n<p>neli\u00f6hirsi 40 x 143 mm<br \/>\nRakomalli (tuuletusraot seiniss\u00e4)<br \/>\nPohjan koko: leveys 5080 (5260) mm, pituus 4900 (5080) mm<br \/>\nHarjakorkeus 3260 mm<br \/>\nSivusein\u00e4korkeus 1720 mm<br \/>\nKaton harjapituus 5760 mm<br \/>\npariovet 2 x 1518 x 1650 mm (Ovet koottuna)<br \/>\nr\u00e4yst\u00e4s- ja otsalaudat 40 x 143 mm<br \/>\nhelppo kasata<\/p>\n<p>PERUSTOIMITUSPAKETTI EI SIS\u00c4LL\u00c4:<br \/>\nVesikattolaudoitusta \/ Peltikatetta<br \/>\nLattiapaketti (sis. painekyll\u00e4stetty lattianiskat 45 x 70mm, lattialaudat 32 x 125mm, kiinnitystarvikkeet (Ruuvit ja naulat)<\/p>\n","protected":false},"excerpt":{"rendered":"<p>Hirsilato rakomalli 25m2. Suomalaiseen maisemaan hyvin istuva rakomalli.<br \/>\n.<br \/>\nRakoliiteriin mahtuu talven takkapuut tai puutarhaty\u00f6kalut ruohonleikkureineen s\u00e4\u00e4lt\u00e4 suojaan.<\/p>\n","protected":false},"featured_media":64294,"template":"","meta":{"_acf_changed":false},"product_brand":[],"product_cat":[262],"product_tag":[],"class_list":{"0":"post-65626","1":"product","2":"type-product","3":"status-publish","4":"has-post-thumbnail","6":"product_cat-hirsiladot-puuliiterit","7":"product_shipping_class-390e-fi","9":"first","10":"onbackorder","11":"sale","12":"purchasable","13":"product-type-variable","14":"has-default-attributes"},"acf":[],"yoast_head":"<!-- This site is optimized with the Yoast SEO plugin v27.3 - https:\/\/yoast.com\/product\/yoast-seo-wordpress\/ -->\n<title>Tene.ee - Hirsilato TOBIAS 25m2 rakomalli, suorat sivu- sein\u00e4t<\/title>\n<meta name=\"description\" content=\"Tene.ee Hirsilato TOBIAS 25m2 rakomalli, suorat sivu- sein\u00e4t\" \/>\n<meta name=\"robots\" content=\"index, follow, max-snippet:-1, max-image-preview:large, max-video-preview:-1\" \/>\n<link rel=\"canonical\" href=\"https:\/\/tene.ee\/fi\/toode\/puuvaja-tobias-6m2\/\" \/>\n<meta property=\"og:locale\" content=\"fi_FI\" \/>\n<meta property=\"og:type\" content=\"article\" \/>\n<meta property=\"og:title\" content=\"Tene.ee - Hirsilato TOBIAS 25m2 rakomalli, suorat sivu- sein\u00e4t\" \/>\n<meta property=\"og:description\" content=\"Tene.ee Hirsilato TOBIAS 25m2 rakomalli, suorat sivu- sein\u00e4t\" \/>\n<meta property=\"og:url\" content=\"https:\/\/tene.ee\/fi\/toode\/puuvaja-tobias-6m2\/\" \/>\n<meta property=\"og:site_name\" content=\"Tene.ee\" \/>\n<meta property=\"article:publisher\" content=\"https:\/\/www.facebook.com\/teneaiamajad\" \/>\n<meta property=\"article:modified_time\" content=\"2024-11-28T09:19:57+00:00\" \/>\n<meta property=\"og:image\" content=\"https:\/\/tene.ee\/wp-content\/uploads\/2024\/11\/Tobias_10A-1024x683.jpg\" \/>\n\t<meta property=\"og:image:width\" content=\"1024\" \/>\n\t<meta property=\"og:image:height\" content=\"683\" \/>\n\t<meta property=\"og:image:type\" content=\"image\/jpeg\" \/>\n<meta name=\"twitter:card\" content=\"summary_large_image\" \/>\n<script type=\"application\/ld+json\" class=\"yoast-schema-graph\">{\"@context\":\"https:\\\/\\\/schema.org\",\"@graph\":[{\"@type\":\"WebPage\",\"@id\":\"https:\\\/\\\/tene.ee\\\/fi\\\/toode\\\/puuvaja-tobias-6m2\\\/\",\"url\":\"https:\\\/\\\/tene.ee\\\/fi\\\/toode\\\/puuvaja-tobias-6m2\\\/\",\"name\":\"Tene.ee - Hirsilato TOBIAS 25m2 rakomalli, suorat sivu- sein\u00e4t\",\"isPartOf\":{\"@id\":\"https:\\\/\\\/tene.ee\\\/fi\\\/#website\"},\"primaryImageOfPage\":{\"@id\":\"https:\\\/\\\/tene.ee\\\/fi\\\/toode\\\/puuvaja-tobias-6m2\\\/#primaryimage\"},\"image\":{\"@id\":\"https:\\\/\\\/tene.ee\\\/fi\\\/toode\\\/puuvaja-tobias-6m2\\\/#primaryimage\"},\"thumbnailUrl\":\"https:\\\/\\\/tene.ee\\\/wp-content\\\/uploads\\\/2024\\\/11\\\/Tobias_10A.jpg\",\"datePublished\":\"2024-11-12T12:05:50+00:00\",\"dateModified\":\"2024-11-28T09:19:57+00:00\",\"description\":\"Tene.ee Hirsilato TOBIAS 25m2 rakomalli, suorat sivu- sein\u00e4t\",\"breadcrumb\":{\"@id\":\"https:\\\/\\\/tene.ee\\\/fi\\\/toode\\\/puuvaja-tobias-6m2\\\/#breadcrumb\"},\"inLanguage\":\"fi\",\"potentialAction\":[{\"@type\":\"ReadAction\",\"target\":[\"https:\\\/\\\/tene.ee\\\/fi\\\/toode\\\/puuvaja-tobias-6m2\\\/\"]}]},{\"@type\":\"ImageObject\",\"inLanguage\":\"fi\",\"@id\":\"https:\\\/\\\/tene.ee\\\/fi\\\/toode\\\/puuvaja-tobias-6m2\\\/#primaryimage\",\"url\":\"https:\\\/\\\/tene.ee\\\/wp-content\\\/uploads\\\/2024\\\/11\\\/Tobias_10A.jpg\",\"contentUrl\":\"https:\\\/\\\/tene.ee\\\/wp-content\\\/uploads\\\/2024\\\/11\\\/Tobias_10A.jpg\",\"width\":2500,\"height\":1667},{\"@type\":\"BreadcrumbList\",\"@id\":\"https:\\\/\\\/tene.ee\\\/fi\\\/toode\\\/puuvaja-tobias-6m2\\\/#breadcrumb\",\"itemListElement\":[{\"@type\":\"ListItem\",\"position\":1,\"name\":\"Avaleht\",\"item\":\"http:\\\/\\\/tene.ee\\\/fi\\\/\"},{\"@type\":\"ListItem\",\"position\":2,\"name\":\"Kaikki tuotteet\",\"item\":\"http:\\\/\\\/tene.ee\\\/fi\\\/shop\\\/\"},{\"@type\":\"ListItem\",\"position\":3,\"name\":\"Hirsilato TOBIAS 25m2 rakomalli, suorat sivu- sein\u00e4t\"}]},{\"@type\":\"WebSite\",\"@id\":\"https:\\\/\\\/tene.ee\\\/fi\\\/#website\",\"url\":\"https:\\\/\\\/tene.ee\\\/fi\\\/\",\"name\":\"Tene.ee - Kaunite hetkede jaoks sinu aias\",\"description\":\"Tene.ee - parimad puit- ja aiamajad otse tootjalt\",\"publisher\":{\"@id\":\"https:\\\/\\\/tene.ee\\\/fi\\\/#organization\"},\"alternateName\":\"Tene.ee\",\"potentialAction\":[{\"@type\":\"SearchAction\",\"target\":{\"@type\":\"EntryPoint\",\"urlTemplate\":\"https:\\\/\\\/tene.ee\\\/fi\\\/?s={search_term_string}\"},\"query-input\":{\"@type\":\"PropertyValueSpecification\",\"valueRequired\":true,\"valueName\":\"search_term_string\"}}],\"inLanguage\":\"fi\"},{\"@type\":\"Organization\",\"@id\":\"https:\\\/\\\/tene.ee\\\/fi\\\/#organization\",\"name\":\"Tene.ee\",\"url\":\"https:\\\/\\\/tene.ee\\\/fi\\\/\",\"logo\":{\"@type\":\"ImageObject\",\"inLanguage\":\"fi\",\"@id\":\"https:\\\/\\\/tene.ee\\\/fi\\\/#\\\/schema\\\/logo\\\/image\\\/\",\"url\":\"https:\\\/\\\/tene.ee\\\/wp-content\\\/uploads\\\/2024\\\/12\\\/TENE-logo-2018-2.png\",\"contentUrl\":\"https:\\\/\\\/tene.ee\\\/wp-content\\\/uploads\\\/2024\\\/12\\\/TENE-logo-2018-2.png\",\"width\":2339,\"height\":1654,\"caption\":\"Tene.ee\"},\"image\":{\"@id\":\"https:\\\/\\\/tene.ee\\\/fi\\\/#\\\/schema\\\/logo\\\/image\\\/\"},\"sameAs\":[\"https:\\\/\\\/www.facebook.com\\\/teneaiamajad\"]}]}<\/script>\n<!-- \/ Yoast SEO plugin. -->","yoast_head_json":{"title":"Tene.ee - Hirsilato TOBIAS 25m2 rakomalli, suorat sivu- sein\u00e4t","description":"Tene.ee Hirsilato TOBIAS 25m2 rakomalli, suorat sivu- sein\u00e4t","robots":{"index":"index","follow":"follow","max-snippet":"max-snippet:-1","max-image-preview":"max-image-preview:large","max-video-preview":"max-video-preview:-1"},"canonical":"https:\/\/tene.ee\/fi\/toode\/puuvaja-tobias-6m2\/","og_locale":"fi_FI","og_type":"article","og_title":"Tene.ee - Hirsilato TOBIAS 25m2 rakomalli, suorat sivu- sein\u00e4t","og_description":"Tene.ee Hirsilato TOBIAS 25m2 rakomalli, suorat sivu- sein\u00e4t","og_url":"https:\/\/tene.ee\/fi\/toode\/puuvaja-tobias-6m2\/","og_site_name":"Tene.ee","article_publisher":"https:\/\/www.facebook.com\/teneaiamajad","article_modified_time":"2024-11-28T09:19:57+00:00","og_image":[{"width":1024,"height":683,"url":"https:\/\/tene.ee\/wp-content\/uploads\/2024\/11\/Tobias_10A-1024x683.jpg","type":"image\/jpeg"}],"twitter_card":"summary_large_image","schema":{"@context":"https:\/\/schema.org","@graph":[{"@type":"WebPage","@id":"https:\/\/tene.ee\/fi\/toode\/puuvaja-tobias-6m2\/","url":"https:\/\/tene.ee\/fi\/toode\/puuvaja-tobias-6m2\/","name":"Tene.ee - Hirsilato TOBIAS 25m2 rakomalli, suorat sivu- sein\u00e4t","isPartOf":{"@id":"https:\/\/tene.ee\/fi\/#website"},"primaryImageOfPage":{"@id":"https:\/\/tene.ee\/fi\/toode\/puuvaja-tobias-6m2\/#primaryimage"},"image":{"@id":"https:\/\/tene.ee\/fi\/toode\/puuvaja-tobias-6m2\/#primaryimage"},"thumbnailUrl":"https:\/\/tene.ee\/wp-content\/uploads\/2024\/11\/Tobias_10A.jpg","datePublished":"2024-11-12T12:05:50+00:00","dateModified":"2024-11-28T09:19:57+00:00","description":"Tene.ee Hirsilato TOBIAS 25m2 rakomalli, suorat sivu- sein\u00e4t","breadcrumb":{"@id":"https:\/\/tene.ee\/fi\/toode\/puuvaja-tobias-6m2\/#breadcrumb"},"inLanguage":"fi","potentialAction":[{"@type":"ReadAction","target":["https:\/\/tene.ee\/fi\/toode\/puuvaja-tobias-6m2\/"]}]},{"@type":"ImageObject","inLanguage":"fi","@id":"https:\/\/tene.ee\/fi\/toode\/puuvaja-tobias-6m2\/#primaryimage","url":"https:\/\/tene.ee\/wp-content\/uploads\/2024\/11\/Tobias_10A.jpg","contentUrl":"https:\/\/tene.ee\/wp-content\/uploads\/2024\/11\/Tobias_10A.jpg","width":2500,"height":1667},{"@type":"BreadcrumbList","@id":"https:\/\/tene.ee\/fi\/toode\/puuvaja-tobias-6m2\/#breadcrumb","itemListElement":[{"@type":"ListItem","position":1,"name":"Avaleht","item":"http:\/\/tene.ee\/fi\/"},{"@type":"ListItem","position":2,"name":"Kaikki tuotteet","item":"http:\/\/tene.ee\/fi\/shop\/"},{"@type":"ListItem","position":3,"name":"Hirsilato TOBIAS 25m2 rakomalli, suorat sivu- sein\u00e4t"}]},{"@type":"WebSite","@id":"https:\/\/tene.ee\/fi\/#website","url":"https:\/\/tene.ee\/fi\/","name":"Tene.ee - Kaunite hetkede jaoks sinu aias","description":"Tene.ee - parimad puit- ja aiamajad otse tootjalt","publisher":{"@id":"https:\/\/tene.ee\/fi\/#organization"},"alternateName":"Tene.ee","potentialAction":[{"@type":"SearchAction","target":{"@type":"EntryPoint","urlTemplate":"https:\/\/tene.ee\/fi\/?s={search_term_string}"},"query-input":{"@type":"PropertyValueSpecification","valueRequired":true,"valueName":"search_term_string"}}],"inLanguage":"fi"},{"@type":"Organization","@id":"https:\/\/tene.ee\/fi\/#organization","name":"Tene.ee","url":"https:\/\/tene.ee\/fi\/","logo":{"@type":"ImageObject","inLanguage":"fi","@id":"https:\/\/tene.ee\/fi\/#\/schema\/logo\/image\/","url":"https:\/\/tene.ee\/wp-content\/uploads\/2024\/12\/TENE-logo-2018-2.png","contentUrl":"https:\/\/tene.ee\/wp-content\/uploads\/2024\/12\/TENE-logo-2018-2.png","width":2339,"height":1654,"caption":"Tene.ee"},"image":{"@id":"https:\/\/tene.ee\/fi\/#\/schema\/logo\/image\/"},"sameAs":["https:\/\/www.facebook.com\/teneaiamajad"]}]}},"_links":{"self":[{"href":"https:\/\/tene.ee\/fi\/wp-json\/wp\/v2\/product\/65626","targetHints":{"allow":["GET"]}}],"collection":[{"href":"https:\/\/tene.ee\/fi\/wp-json\/wp\/v2\/product"}],"about":[{"href":"https:\/\/tene.ee\/fi\/wp-json\/wp\/v2\/types\/product"}],"wp:featuredmedia":[{"embeddable":true,"href":"https:\/\/tene.ee\/fi\/wp-json\/wp\/v2\/media\/64294"}],"wp:attachment":[{"href":"https:\/\/tene.ee\/fi\/wp-json\/wp\/v2\/media?parent=65626"}],"wp:term":[{"taxonomy":"product_brand","embeddable":true,"href":"https:\/\/tene.ee\/fi\/wp-json\/wp\/v2\/product_brand?post=65626"},{"taxonomy":"product_cat","embeddable":true,"href":"https:\/\/tene.ee\/fi\/wp-json\/wp\/v2\/product_cat?post=65626"},{"taxonomy":"product_tag","embeddable":true,"href":"https:\/\/tene.ee\/fi\/wp-json\/wp\/v2\/product_tag?post=65626"}],"curies":[{"name":"wp","href":"https:\/\/api.w.org\/{rel}","templated":true}]}}