{"id":15857,"date":"2024-07-12T16:16:40","date_gmt":"2024-07-12T13:16:40","guid":{"rendered":"https:\/\/tene.ee\/toode\/oriental-4-varikatusega-uksed-klaaspaketiga\/"},"modified":"2024-11-28T11:16:43","modified_gmt":"2024-11-28T09:16:43","slug":"oriental-4-varikatusega-uksed-klaaspaketiga","status":"publish","type":"product","link":"https:\/\/tene.ee\/fi\/toode\/oriental-4-varikatusega-uksed-klaaspaketiga\/","title":{"rendered":"Katoksellinen Oriental 4, lasiruudulliset ovet"},"content":{"rendered":"<p>Tenen piharakennustehtaalla valmistettavat 40 mm:n pihavajat, hirsitalot, vajat, paviljongit, saunat, kes\u00e4m\u00f6kit, grillikodat ja puiset autotallit toimitetaan t\u00e4ydellisin\u00e4 ovineen, ikkunoineen (mallista riippuen, tuote voidaan toimittaa ilman ikkunoita, yhdell\u00e4 tai useammalla ikkunalla), lattioineen, kiinnitystarvikkeineen ja asennusohjeineen, joten piharakennuksen rakentaminen on helppoa ja aikaa s\u00e4\u00e4st\u00e4v\u00e4\u00e4.<\/p>\n<p><strong>Piham\u00f6kkipakettiin, jonka sein\u00e4paksuus on 40 mm, sis\u00e4ltyy mallin mukaan:<\/strong><\/p>\n<p>Puumateriaalina on k\u00e4ytetty 100 % pohjoismaista laatukuusta<br \/>\nErikoiskuivasta (8\u201312 %) liimapuusta valmistetut ovet.<br \/>\nLasi-ikkunalliset ovet, sis\u00e4lt\u00e4\u00e4 helat<br \/>\nLattia ja katto valmistettu 18 mm paksusta ponttilaudasta<br \/>\nAutoklaavissa kyll\u00e4stetyt puiset perustuspuut<br \/>\nMyrskysuojat<br \/>\nKiinnitysty\u00f6kalut (naulat ja ruuvit)<br \/>\nAsennusohjeet<br \/>\n<strong>Hinnat ovat voimassa Tenen tehtaan varastossa ja sis\u00e4lt\u00e4v\u00e4t arvonlis\u00e4veron.<\/strong><br \/>\n<strong>Hinnat eiv\u00e4t sis\u00e4ll\u00e4 kuljetusta.<\/strong><\/p>\n","protected":false},"excerpt":{"rendered":"<p>Hintaan sis\u00e4ltyy lasi-ikkunalliset ovet, ruostumattomasta ter\u00e4ksest\u00e4 valmistettu kynnyspaketti, lattia, kyll\u00e4stetyt perustuspuut, kiinnitystarvikkeet ja asennusohjeet. Hinta ei sis\u00e4ll\u00e4 kuljetusta ja kattomateriaaleja.<\/p>\n","protected":false},"featured_media":4441,"template":"","meta":{"_acf_changed":false},"product_brand":[],"product_cat":[162,163,290,274],"product_tag":[],"class_list":{"0":"post-15857","1":"product","2":"type-product","3":"status-publish","4":"has-post-thumbnail","6":"product_cat-piharakennukset","7":"product_cat-piharakennukset-40-mm","8":"product_cat-tasakattoiset-piharakennukset","9":"product_cat-varastot-ja-vajat","10":"product_shipping_class-390e-fi","11":"pa_iseloomustus-2-huonetta","12":"pa_iseloomustus-nelikulmainen-mokki","13":"pa_katuse-tuup-tasakatto","14":"pa_pindala-20-40-m2-fi","15":"pa_seina-paksus-40-mm-fi","17":"first","18":"onbackorder","19":"sale","20":"purchasable","21":"product-type-simple"},"acf":[],"yoast_head":"<!-- This site is optimized with the Yoast SEO plugin v27.3 - https:\/\/yoast.com\/product\/yoast-seo-wordpress\/ -->\n<title>Tene.ee - Katoksellinen Oriental 4, lasiruudulliset ovet<\/title>\n<meta name=\"description\" content=\"Tene.ee Katoksellinen Oriental 4, lasiruudulliset ovet\" \/>\n<meta name=\"robots\" content=\"index, follow, max-snippet:-1, max-image-preview:large, max-video-preview:-1\" \/>\n<link rel=\"canonical\" href=\"https:\/\/tene.ee\/fi\/toode\/oriental-4-varikatusega-uksed-klaaspaketiga\/\" \/>\n<meta property=\"og:locale\" content=\"fi_FI\" \/>\n<meta property=\"og:type\" content=\"article\" \/>\n<meta property=\"og:title\" content=\"Tene.ee - Katoksellinen Oriental 4, lasiruudulliset ovet\" \/>\n<meta property=\"og:description\" content=\"Tene.ee Katoksellinen Oriental 4, lasiruudulliset ovet\" \/>\n<meta property=\"og:url\" content=\"https:\/\/tene.ee\/fi\/toode\/oriental-4-varikatusega-uksed-klaaspaketiga\/\" \/>\n<meta property=\"og:site_name\" content=\"Tene.ee\" \/>\n<meta property=\"article:publisher\" content=\"https:\/\/www.facebook.com\/teneaiamajad\" \/>\n<meta property=\"article:modified_time\" content=\"2024-11-28T09:16:43+00:00\" \/>\n<meta property=\"og:image\" content=\"https:\/\/tene.ee\/wp-content\/uploads\/2024\/07\/Oriental-4-sd-1.jpg\" \/>\n\t<meta property=\"og:image:width\" content=\"1600\" \/>\n\t<meta property=\"og:image:height\" content=\"1067\" \/>\n\t<meta property=\"og:image:type\" content=\"image\/jpeg\" \/>\n<meta name=\"twitter:card\" content=\"summary_large_image\" \/>\n<meta name=\"twitter:label1\" content=\"Arvioitu lukuaika\" \/>\n\t<meta name=\"twitter:data1\" content=\"1 minuutti\" \/>\n<script type=\"application\/ld+json\" class=\"yoast-schema-graph\">{\"@context\":\"https:\\\/\\\/schema.org\",\"@graph\":[{\"@type\":\"WebPage\",\"@id\":\"https:\\\/\\\/tene.ee\\\/fi\\\/toode\\\/oriental-4-varikatusega-uksed-klaaspaketiga\\\/\",\"url\":\"https:\\\/\\\/tene.ee\\\/fi\\\/toode\\\/oriental-4-varikatusega-uksed-klaaspaketiga\\\/\",\"name\":\"Tene.ee - Katoksellinen Oriental 4, lasiruudulliset ovet\",\"isPartOf\":{\"@id\":\"https:\\\/\\\/tene.ee\\\/fi\\\/#website\"},\"primaryImageOfPage\":{\"@id\":\"https:\\\/\\\/tene.ee\\\/fi\\\/toode\\\/oriental-4-varikatusega-uksed-klaaspaketiga\\\/#primaryimage\"},\"image\":{\"@id\":\"https:\\\/\\\/tene.ee\\\/fi\\\/toode\\\/oriental-4-varikatusega-uksed-klaaspaketiga\\\/#primaryimage\"},\"thumbnailUrl\":\"https:\\\/\\\/tene.ee\\\/wp-content\\\/uploads\\\/2024\\\/07\\\/Oriental-4-sd-1.jpg\",\"datePublished\":\"2024-07-12T13:16:40+00:00\",\"dateModified\":\"2024-11-28T09:16:43+00:00\",\"description\":\"Tene.ee Katoksellinen Oriental 4, lasiruudulliset ovet\",\"breadcrumb\":{\"@id\":\"https:\\\/\\\/tene.ee\\\/fi\\\/toode\\\/oriental-4-varikatusega-uksed-klaaspaketiga\\\/#breadcrumb\"},\"inLanguage\":\"fi\",\"potentialAction\":[{\"@type\":\"ReadAction\",\"target\":[\"https:\\\/\\\/tene.ee\\\/fi\\\/toode\\\/oriental-4-varikatusega-uksed-klaaspaketiga\\\/\"]}]},{\"@type\":\"ImageObject\",\"inLanguage\":\"fi\",\"@id\":\"https:\\\/\\\/tene.ee\\\/fi\\\/toode\\\/oriental-4-varikatusega-uksed-klaaspaketiga\\\/#primaryimage\",\"url\":\"https:\\\/\\\/tene.ee\\\/wp-content\\\/uploads\\\/2024\\\/07\\\/Oriental-4-sd-1.jpg\",\"contentUrl\":\"https:\\\/\\\/tene.ee\\\/wp-content\\\/uploads\\\/2024\\\/07\\\/Oriental-4-sd-1.jpg\",\"width\":1600,\"height\":1067},{\"@type\":\"BreadcrumbList\",\"@id\":\"https:\\\/\\\/tene.ee\\\/fi\\\/toode\\\/oriental-4-varikatusega-uksed-klaaspaketiga\\\/#breadcrumb\",\"itemListElement\":[{\"@type\":\"ListItem\",\"position\":1,\"name\":\"Avaleht\",\"item\":\"http:\\\/\\\/tene.ee\\\/fi\\\/\"},{\"@type\":\"ListItem\",\"position\":2,\"name\":\"Kaikki tuotteet\",\"item\":\"http:\\\/\\\/tene.ee\\\/fi\\\/shop\\\/\"},{\"@type\":\"ListItem\",\"position\":3,\"name\":\"Katoksellinen Oriental 4, lasiruudulliset ovet\"}]},{\"@type\":\"WebSite\",\"@id\":\"https:\\\/\\\/tene.ee\\\/fi\\\/#website\",\"url\":\"https:\\\/\\\/tene.ee\\\/fi\\\/\",\"name\":\"Tene.ee - Kaunite hetkede jaoks sinu aias\",\"description\":\"Tene.ee - parimad puit- ja aiamajad otse tootjalt\",\"publisher\":{\"@id\":\"https:\\\/\\\/tene.ee\\\/fi\\\/#organization\"},\"alternateName\":\"Tene.ee\",\"potentialAction\":[{\"@type\":\"SearchAction\",\"target\":{\"@type\":\"EntryPoint\",\"urlTemplate\":\"https:\\\/\\\/tene.ee\\\/fi\\\/?s={search_term_string}\"},\"query-input\":{\"@type\":\"PropertyValueSpecification\",\"valueRequired\":true,\"valueName\":\"search_term_string\"}}],\"inLanguage\":\"fi\"},{\"@type\":\"Organization\",\"@id\":\"https:\\\/\\\/tene.ee\\\/fi\\\/#organization\",\"name\":\"Tene.ee\",\"url\":\"https:\\\/\\\/tene.ee\\\/fi\\\/\",\"logo\":{\"@type\":\"ImageObject\",\"inLanguage\":\"fi\",\"@id\":\"https:\\\/\\\/tene.ee\\\/fi\\\/#\\\/schema\\\/logo\\\/image\\\/\",\"url\":\"https:\\\/\\\/tene.ee\\\/wp-content\\\/uploads\\\/2024\\\/12\\\/TENE-logo-2018-2.png\",\"contentUrl\":\"https:\\\/\\\/tene.ee\\\/wp-content\\\/uploads\\\/2024\\\/12\\\/TENE-logo-2018-2.png\",\"width\":2339,\"height\":1654,\"caption\":\"Tene.ee\"},\"image\":{\"@id\":\"https:\\\/\\\/tene.ee\\\/fi\\\/#\\\/schema\\\/logo\\\/image\\\/\"},\"sameAs\":[\"https:\\\/\\\/www.facebook.com\\\/teneaiamajad\"]}]}<\/script>\n<!-- \/ Yoast SEO plugin. -->","yoast_head_json":{"title":"Tene.ee - Katoksellinen Oriental 4, lasiruudulliset ovet","description":"Tene.ee Katoksellinen Oriental 4, lasiruudulliset ovet","robots":{"index":"index","follow":"follow","max-snippet":"max-snippet:-1","max-image-preview":"max-image-preview:large","max-video-preview":"max-video-preview:-1"},"canonical":"https:\/\/tene.ee\/fi\/toode\/oriental-4-varikatusega-uksed-klaaspaketiga\/","og_locale":"fi_FI","og_type":"article","og_title":"Tene.ee - Katoksellinen Oriental 4, lasiruudulliset ovet","og_description":"Tene.ee Katoksellinen Oriental 4, lasiruudulliset ovet","og_url":"https:\/\/tene.ee\/fi\/toode\/oriental-4-varikatusega-uksed-klaaspaketiga\/","og_site_name":"Tene.ee","article_publisher":"https:\/\/www.facebook.com\/teneaiamajad","article_modified_time":"2024-11-28T09:16:43+00:00","og_image":[{"width":1600,"height":1067,"url":"https:\/\/tene.ee\/wp-content\/uploads\/2024\/07\/Oriental-4-sd-1.jpg","type":"image\/jpeg"}],"twitter_card":"summary_large_image","twitter_misc":{"Arvioitu lukuaika":"1 minuutti"},"schema":{"@context":"https:\/\/schema.org","@graph":[{"@type":"WebPage","@id":"https:\/\/tene.ee\/fi\/toode\/oriental-4-varikatusega-uksed-klaaspaketiga\/","url":"https:\/\/tene.ee\/fi\/toode\/oriental-4-varikatusega-uksed-klaaspaketiga\/","name":"Tene.ee - Katoksellinen Oriental 4, lasiruudulliset ovet","isPartOf":{"@id":"https:\/\/tene.ee\/fi\/#website"},"primaryImageOfPage":{"@id":"https:\/\/tene.ee\/fi\/toode\/oriental-4-varikatusega-uksed-klaaspaketiga\/#primaryimage"},"image":{"@id":"https:\/\/tene.ee\/fi\/toode\/oriental-4-varikatusega-uksed-klaaspaketiga\/#primaryimage"},"thumbnailUrl":"https:\/\/tene.ee\/wp-content\/uploads\/2024\/07\/Oriental-4-sd-1.jpg","datePublished":"2024-07-12T13:16:40+00:00","dateModified":"2024-11-28T09:16:43+00:00","description":"Tene.ee Katoksellinen Oriental 4, lasiruudulliset ovet","breadcrumb":{"@id":"https:\/\/tene.ee\/fi\/toode\/oriental-4-varikatusega-uksed-klaaspaketiga\/#breadcrumb"},"inLanguage":"fi","potentialAction":[{"@type":"ReadAction","target":["https:\/\/tene.ee\/fi\/toode\/oriental-4-varikatusega-uksed-klaaspaketiga\/"]}]},{"@type":"ImageObject","inLanguage":"fi","@id":"https:\/\/tene.ee\/fi\/toode\/oriental-4-varikatusega-uksed-klaaspaketiga\/#primaryimage","url":"https:\/\/tene.ee\/wp-content\/uploads\/2024\/07\/Oriental-4-sd-1.jpg","contentUrl":"https:\/\/tene.ee\/wp-content\/uploads\/2024\/07\/Oriental-4-sd-1.jpg","width":1600,"height":1067},{"@type":"BreadcrumbList","@id":"https:\/\/tene.ee\/fi\/toode\/oriental-4-varikatusega-uksed-klaaspaketiga\/#breadcrumb","itemListElement":[{"@type":"ListItem","position":1,"name":"Avaleht","item":"http:\/\/tene.ee\/fi\/"},{"@type":"ListItem","position":2,"name":"Kaikki tuotteet","item":"http:\/\/tene.ee\/fi\/shop\/"},{"@type":"ListItem","position":3,"name":"Katoksellinen Oriental 4, lasiruudulliset ovet"}]},{"@type":"WebSite","@id":"https:\/\/tene.ee\/fi\/#website","url":"https:\/\/tene.ee\/fi\/","name":"Tene.ee - Kaunite hetkede jaoks sinu aias","description":"Tene.ee - parimad puit- ja aiamajad otse tootjalt","publisher":{"@id":"https:\/\/tene.ee\/fi\/#organization"},"alternateName":"Tene.ee","potentialAction":[{"@type":"SearchAction","target":{"@type":"EntryPoint","urlTemplate":"https:\/\/tene.ee\/fi\/?s={search_term_string}"},"query-input":{"@type":"PropertyValueSpecification","valueRequired":true,"valueName":"search_term_string"}}],"inLanguage":"fi"},{"@type":"Organization","@id":"https:\/\/tene.ee\/fi\/#organization","name":"Tene.ee","url":"https:\/\/tene.ee\/fi\/","logo":{"@type":"ImageObject","inLanguage":"fi","@id":"https:\/\/tene.ee\/fi\/#\/schema\/logo\/image\/","url":"https:\/\/tene.ee\/wp-content\/uploads\/2024\/12\/TENE-logo-2018-2.png","contentUrl":"https:\/\/tene.ee\/wp-content\/uploads\/2024\/12\/TENE-logo-2018-2.png","width":2339,"height":1654,"caption":"Tene.ee"},"image":{"@id":"https:\/\/tene.ee\/fi\/#\/schema\/logo\/image\/"},"sameAs":["https:\/\/www.facebook.com\/teneaiamajad"]}]}},"_links":{"self":[{"href":"https:\/\/tene.ee\/fi\/wp-json\/wp\/v2\/product\/15857","targetHints":{"allow":["GET"]}}],"collection":[{"href":"https:\/\/tene.ee\/fi\/wp-json\/wp\/v2\/product"}],"about":[{"href":"https:\/\/tene.ee\/fi\/wp-json\/wp\/v2\/types\/product"}],"wp:featuredmedia":[{"embeddable":true,"href":"https:\/\/tene.ee\/fi\/wp-json\/wp\/v2\/media\/4441"}],"wp:attachment":[{"href":"https:\/\/tene.ee\/fi\/wp-json\/wp\/v2\/media?parent=15857"}],"wp:term":[{"taxonomy":"product_brand","embeddable":true,"href":"https:\/\/tene.ee\/fi\/wp-json\/wp\/v2\/product_brand?post=15857"},{"taxonomy":"product_cat","embeddable":true,"href":"https:\/\/tene.ee\/fi\/wp-json\/wp\/v2\/product_cat?post=15857"},{"taxonomy":"product_tag","embeddable":true,"href":"https:\/\/tene.ee\/fi\/wp-json\/wp\/v2\/product_tag?post=15857"}],"curies":[{"name":"wp","href":"https:\/\/api.w.org\/{rel}","templated":true}]}}