{"id":15836,"date":"2024-07-12T16:19:39","date_gmt":"2024-07-12T13:19:39","guid":{"rendered":"https:\/\/tene.ee\/toode\/karusaun-maxi-sauna-ja-puhkeruumiga\/"},"modified":"2024-11-28T11:19:00","modified_gmt":"2024-11-28T09:19:00","slug":"karusaun-maxi-sauna-ja-puhkeruumiga","status":"publish","type":"product","link":"https:\/\/tene.ee\/fi\/toode\/karusaun-maxi-sauna-ja-puhkeruumiga\/","title":{"rendered":"Pukuhuoneellinen k\u00e4rrysauna Maxi"},"content":{"rendered":"<p>Tenen piham\u00f6kkitehdas Haapsalussa tarjoaa loistavan mahdollisuuden saunoa siell\u00e4, miss\u00e4 on rajoituksia tai minne ei saa rakentaa saunaa. Saunat ovat siirrett\u00e4vi\u00e4, ymp\u00e4rivuotiseen k\u00e4ytt\u00f6\u00f6n sopivia eik\u00e4 niihin tarvita rakennuslupaa \u2013 kiinnit\u00e4 ne vain autoosi, aja veden \u00e4\u00e4relle ja nauti. Kun talvi tulee, voit halutessasi tuoda k\u00e4rrysaunan talviunille omalle tontillesi.<br \/>\nK\u00e4rrysaunat on valmistettu korkealaatuisesta kuusipuusta, ja pakettiin kuuluvat lepp\u00e4lauteet, puukiuas ja Suomessa valmistettu korkealaatuinen ja sulkupellillinen savupiippu, jossa on vesis\u00e4ili\u00f6.<\/p>\n<p><strong>Alusta:<\/strong><br \/>\nPer\u00e4vaunun ulkomitat ovat 200 x 480 cm<br \/>\nVahva galvanoitu metallirunko<br \/>\n2-akselinen per\u00e4vaunu, jossa on jarrut<br \/>\nKulmatuet nelj\u00e4ss\u00e4 nurkassa<br \/>\nValot<br \/>\nPy\u00f6r\u00e4t 13\u2033<br \/>\nPer\u00e4vaunun rekister\u00f6ity massa on 464 kg<br \/>\nOmapaino (alusta saunan ja kalusteiden kanssa) n. 1 900 kg<br \/>\n<strong>\u2028Sauna:<\/strong><br \/>\n40 mm h\u00f6yl\u00e4hirsisein\u00e4t<br \/>\nSauna on valmistettu kuusesta, se on maalaamaton ja homesuojattu<br \/>\nKulmissa kierretangot<br \/>\nMusta palahuopakatto<br \/>\nKaksinkertaisesti laudoitetussa katossa on 50 mm:n villaeristys<br \/>\nLasiluukullinen puukiuas, kiuaskivet, savupiippuun sis\u00e4\u00e4nrakennettu vesis\u00e4ili\u00f6, korkealaatuinen sulkupellillinen savupiippu, kiukaan ymp\u00e4ryst\u00e4 ja pohja<br \/>\nLepp\u00e4lauteet, porraspenkki, selk\u00e4noja, kiukaan suojasein\u00e4<br \/>\nAvattavat ikkunat, karkaistua lasia<br \/>\nLukittava v\u00e4liovi, karkaistua lasia<br \/>\nL\u00f6ylyhuoneen lattiassa on kouru, josta pesu- ja l\u00f6ylyvesi ohjataan ulos<br \/>\nTarvikelaatikko<br \/>\nSaunan eteisess\u00e4 ei ole kalusteita \u2013 kuvat ovat havainnollistavia<br \/>\nSaunan pys\u00e4k\u00f6intiin ei tarvita rakennuslupaa.<br \/>\nKuljettajalla on oltava BE-ajokortti, jotta h\u00e4n voi vet\u00e4\u00e4 laillisesti t\u00e4llaista per\u00e4vaunua.\u2028\u2028<strong>Hinnat ovat voimassa Tenen tehtaalla ja sis\u00e4lt\u00e4v\u00e4t arvonlis\u00e4veron.<\/strong><br \/>\n<strong>Hinta ei sis\u00e4ll\u00e4 tuotteen kuljetusta.<\/strong><\/p>\n","protected":false},"excerpt":{"rendered":"<p>2-osastoinen rantasauna saunomisvalmiina.<br \/>\nPuul\u00e4mmitteinen kiuas, lepp\u00e4lauteet ja laadukas savupiippu, jossa on sis\u00e4\u00e4nrakennettu vesis\u00e4ili\u00f6.<\/p>\n","protected":false},"featured_media":6457,"template":"","meta":{"_acf_changed":false},"product_brand":[],"product_cat":[248,242],"product_tag":[],"class_list":{"0":"post-15836","1":"product","2":"type-product","3":"status-publish","4":"has-post-thumbnail","6":"product_cat-karrysaunat","7":"product_cat-saunat","8":"pa_iseloomustus-2-huonetta","9":"pa_iseloomustus-nelikulmainen-mokki","10":"pa_katuse-tuup-vinokatto","11":"pa_pindala-0-10-m2-fi","12":"pa_seina-paksus-40-mm-fi","14":"first","15":"onbackorder","16":"sale","17":"purchasable","18":"product-type-simple"},"acf":[],"yoast_head":"<!-- This site is optimized with the Yoast SEO plugin v27.5 - https:\/\/yoast.com\/product\/yoast-seo-wordpress\/ -->\n<title>Tene.ee - Pukuhuoneellinen k\u00e4rrysauna Maxi<\/title>\n<meta name=\"description\" content=\"Tene.ee Pukuhuoneellinen k\u00e4rrysauna Maxi\" \/>\n<meta name=\"robots\" content=\"index, follow, max-snippet:-1, max-image-preview:large, max-video-preview:-1\" \/>\n<link rel=\"canonical\" href=\"https:\/\/tene.ee\/fi\/toode\/karusaun-maxi-sauna-ja-puhkeruumiga\/\" \/>\n<meta property=\"og:locale\" content=\"fi_FI\" \/>\n<meta property=\"og:type\" content=\"article\" \/>\n<meta property=\"og:title\" content=\"Tene.ee - Pukuhuoneellinen k\u00e4rrysauna Maxi\" \/>\n<meta property=\"og:description\" content=\"Tene.ee Pukuhuoneellinen k\u00e4rrysauna Maxi\" \/>\n<meta property=\"og:url\" content=\"https:\/\/tene.ee\/fi\/toode\/karusaun-maxi-sauna-ja-puhkeruumiga\/\" \/>\n<meta property=\"og:site_name\" content=\"Tene.ee\" \/>\n<meta property=\"article:publisher\" content=\"https:\/\/www.facebook.com\/teneaiamajad\" \/>\n<meta property=\"article:modified_time\" content=\"2024-11-28T09:19:00+00:00\" \/>\n<meta property=\"og:image\" content=\"https:\/\/tene.ee\/wp-content\/uploads\/2024\/07\/Karrysauna-Maxi.jpg\" \/>\n\t<meta property=\"og:image:width\" content=\"2500\" \/>\n\t<meta property=\"og:image:height\" content=\"1667\" \/>\n\t<meta property=\"og:image:type\" content=\"image\/jpeg\" \/>\n<meta name=\"twitter:card\" content=\"summary_large_image\" \/>\n<meta name=\"twitter:label1\" content=\"Arvioitu lukuaika\" \/>\n\t<meta name=\"twitter:data1\" content=\"1 minuutti\" \/>\n<script type=\"application\/ld+json\" class=\"yoast-schema-graph\">{\"@context\":\"https:\\\/\\\/schema.org\",\"@graph\":[{\"@type\":\"WebPage\",\"@id\":\"https:\\\/\\\/tene.ee\\\/fi\\\/toode\\\/karusaun-maxi-sauna-ja-puhkeruumiga\\\/\",\"url\":\"https:\\\/\\\/tene.ee\\\/fi\\\/toode\\\/karusaun-maxi-sauna-ja-puhkeruumiga\\\/\",\"name\":\"Tene.ee - Pukuhuoneellinen k\u00e4rrysauna Maxi\",\"isPartOf\":{\"@id\":\"https:\\\/\\\/tene.ee\\\/fi\\\/#website\"},\"primaryImageOfPage\":{\"@id\":\"https:\\\/\\\/tene.ee\\\/fi\\\/toode\\\/karusaun-maxi-sauna-ja-puhkeruumiga\\\/#primaryimage\"},\"image\":{\"@id\":\"https:\\\/\\\/tene.ee\\\/fi\\\/toode\\\/karusaun-maxi-sauna-ja-puhkeruumiga\\\/#primaryimage\"},\"thumbnailUrl\":\"https:\\\/\\\/tene.ee\\\/wp-content\\\/uploads\\\/2024\\\/07\\\/Karrysauna-Maxi.jpg\",\"datePublished\":\"2024-07-12T13:19:39+00:00\",\"dateModified\":\"2024-11-28T09:19:00+00:00\",\"description\":\"Tene.ee Pukuhuoneellinen k\u00e4rrysauna Maxi\",\"breadcrumb\":{\"@id\":\"https:\\\/\\\/tene.ee\\\/fi\\\/toode\\\/karusaun-maxi-sauna-ja-puhkeruumiga\\\/#breadcrumb\"},\"inLanguage\":\"fi\",\"potentialAction\":[{\"@type\":\"ReadAction\",\"target\":[\"https:\\\/\\\/tene.ee\\\/fi\\\/toode\\\/karusaun-maxi-sauna-ja-puhkeruumiga\\\/\"]}]},{\"@type\":\"ImageObject\",\"inLanguage\":\"fi\",\"@id\":\"https:\\\/\\\/tene.ee\\\/fi\\\/toode\\\/karusaun-maxi-sauna-ja-puhkeruumiga\\\/#primaryimage\",\"url\":\"https:\\\/\\\/tene.ee\\\/wp-content\\\/uploads\\\/2024\\\/07\\\/Karrysauna-Maxi.jpg\",\"contentUrl\":\"https:\\\/\\\/tene.ee\\\/wp-content\\\/uploads\\\/2024\\\/07\\\/Karrysauna-Maxi.jpg\",\"width\":2500,\"height\":1667},{\"@type\":\"BreadcrumbList\",\"@id\":\"https:\\\/\\\/tene.ee\\\/fi\\\/toode\\\/karusaun-maxi-sauna-ja-puhkeruumiga\\\/#breadcrumb\",\"itemListElement\":[{\"@type\":\"ListItem\",\"position\":1,\"name\":\"Avaleht\",\"item\":\"http:\\\/\\\/tene.ee\\\/fi\\\/\"},{\"@type\":\"ListItem\",\"position\":2,\"name\":\"Kaikki tuotteet\",\"item\":\"http:\\\/\\\/tene.ee\\\/fi\\\/shop\\\/\"},{\"@type\":\"ListItem\",\"position\":3,\"name\":\"Pukuhuoneellinen k\u00e4rrysauna Maxi\"}]},{\"@type\":\"WebSite\",\"@id\":\"https:\\\/\\\/tene.ee\\\/fi\\\/#website\",\"url\":\"https:\\\/\\\/tene.ee\\\/fi\\\/\",\"name\":\"Tene.ee - Kaunite hetkede jaoks sinu aias\",\"description\":\"Tene.ee - parimad puit- ja aiamajad otse tootjalt\",\"publisher\":{\"@id\":\"https:\\\/\\\/tene.ee\\\/fi\\\/#organization\"},\"alternateName\":\"Tene.ee\",\"potentialAction\":[{\"@type\":\"SearchAction\",\"target\":{\"@type\":\"EntryPoint\",\"urlTemplate\":\"https:\\\/\\\/tene.ee\\\/fi\\\/?s={search_term_string}\"},\"query-input\":{\"@type\":\"PropertyValueSpecification\",\"valueRequired\":true,\"valueName\":\"search_term_string\"}}],\"inLanguage\":\"fi\"},{\"@type\":\"Organization\",\"@id\":\"https:\\\/\\\/tene.ee\\\/fi\\\/#organization\",\"name\":\"Tene.ee\",\"url\":\"https:\\\/\\\/tene.ee\\\/fi\\\/\",\"logo\":{\"@type\":\"ImageObject\",\"inLanguage\":\"fi\",\"@id\":\"https:\\\/\\\/tene.ee\\\/fi\\\/#\\\/schema\\\/logo\\\/image\\\/\",\"url\":\"https:\\\/\\\/tene.ee\\\/wp-content\\\/uploads\\\/2024\\\/12\\\/TENE-logo-2018-2.png\",\"contentUrl\":\"https:\\\/\\\/tene.ee\\\/wp-content\\\/uploads\\\/2024\\\/12\\\/TENE-logo-2018-2.png\",\"width\":2339,\"height\":1654,\"caption\":\"Tene.ee\"},\"image\":{\"@id\":\"https:\\\/\\\/tene.ee\\\/fi\\\/#\\\/schema\\\/logo\\\/image\\\/\"},\"sameAs\":[\"https:\\\/\\\/www.facebook.com\\\/teneaiamajad\"]}]}<\/script>\n<!-- \/ Yoast SEO plugin. -->","yoast_head_json":{"title":"Tene.ee - Pukuhuoneellinen k\u00e4rrysauna Maxi","description":"Tene.ee Pukuhuoneellinen k\u00e4rrysauna Maxi","robots":{"index":"index","follow":"follow","max-snippet":"max-snippet:-1","max-image-preview":"max-image-preview:large","max-video-preview":"max-video-preview:-1"},"canonical":"https:\/\/tene.ee\/fi\/toode\/karusaun-maxi-sauna-ja-puhkeruumiga\/","og_locale":"fi_FI","og_type":"article","og_title":"Tene.ee - Pukuhuoneellinen k\u00e4rrysauna Maxi","og_description":"Tene.ee Pukuhuoneellinen k\u00e4rrysauna Maxi","og_url":"https:\/\/tene.ee\/fi\/toode\/karusaun-maxi-sauna-ja-puhkeruumiga\/","og_site_name":"Tene.ee","article_publisher":"https:\/\/www.facebook.com\/teneaiamajad","article_modified_time":"2024-11-28T09:19:00+00:00","og_image":[{"width":2500,"height":1667,"url":"https:\/\/tene.ee\/wp-content\/uploads\/2024\/07\/Karrysauna-Maxi.jpg","type":"image\/jpeg"}],"twitter_card":"summary_large_image","twitter_misc":{"Arvioitu lukuaika":"1 minuutti"},"schema":{"@context":"https:\/\/schema.org","@graph":[{"@type":"WebPage","@id":"https:\/\/tene.ee\/fi\/toode\/karusaun-maxi-sauna-ja-puhkeruumiga\/","url":"https:\/\/tene.ee\/fi\/toode\/karusaun-maxi-sauna-ja-puhkeruumiga\/","name":"Tene.ee - Pukuhuoneellinen k\u00e4rrysauna Maxi","isPartOf":{"@id":"https:\/\/tene.ee\/fi\/#website"},"primaryImageOfPage":{"@id":"https:\/\/tene.ee\/fi\/toode\/karusaun-maxi-sauna-ja-puhkeruumiga\/#primaryimage"},"image":{"@id":"https:\/\/tene.ee\/fi\/toode\/karusaun-maxi-sauna-ja-puhkeruumiga\/#primaryimage"},"thumbnailUrl":"https:\/\/tene.ee\/wp-content\/uploads\/2024\/07\/Karrysauna-Maxi.jpg","datePublished":"2024-07-12T13:19:39+00:00","dateModified":"2024-11-28T09:19:00+00:00","description":"Tene.ee Pukuhuoneellinen k\u00e4rrysauna Maxi","breadcrumb":{"@id":"https:\/\/tene.ee\/fi\/toode\/karusaun-maxi-sauna-ja-puhkeruumiga\/#breadcrumb"},"inLanguage":"fi","potentialAction":[{"@type":"ReadAction","target":["https:\/\/tene.ee\/fi\/toode\/karusaun-maxi-sauna-ja-puhkeruumiga\/"]}]},{"@type":"ImageObject","inLanguage":"fi","@id":"https:\/\/tene.ee\/fi\/toode\/karusaun-maxi-sauna-ja-puhkeruumiga\/#primaryimage","url":"https:\/\/tene.ee\/wp-content\/uploads\/2024\/07\/Karrysauna-Maxi.jpg","contentUrl":"https:\/\/tene.ee\/wp-content\/uploads\/2024\/07\/Karrysauna-Maxi.jpg","width":2500,"height":1667},{"@type":"BreadcrumbList","@id":"https:\/\/tene.ee\/fi\/toode\/karusaun-maxi-sauna-ja-puhkeruumiga\/#breadcrumb","itemListElement":[{"@type":"ListItem","position":1,"name":"Avaleht","item":"http:\/\/tene.ee\/fi\/"},{"@type":"ListItem","position":2,"name":"Kaikki tuotteet","item":"http:\/\/tene.ee\/fi\/shop\/"},{"@type":"ListItem","position":3,"name":"Pukuhuoneellinen k\u00e4rrysauna Maxi"}]},{"@type":"WebSite","@id":"https:\/\/tene.ee\/fi\/#website","url":"https:\/\/tene.ee\/fi\/","name":"Tene.ee - Kaunite hetkede jaoks sinu aias","description":"Tene.ee - parimad puit- ja aiamajad otse tootjalt","publisher":{"@id":"https:\/\/tene.ee\/fi\/#organization"},"alternateName":"Tene.ee","potentialAction":[{"@type":"SearchAction","target":{"@type":"EntryPoint","urlTemplate":"https:\/\/tene.ee\/fi\/?s={search_term_string}"},"query-input":{"@type":"PropertyValueSpecification","valueRequired":true,"valueName":"search_term_string"}}],"inLanguage":"fi"},{"@type":"Organization","@id":"https:\/\/tene.ee\/fi\/#organization","name":"Tene.ee","url":"https:\/\/tene.ee\/fi\/","logo":{"@type":"ImageObject","inLanguage":"fi","@id":"https:\/\/tene.ee\/fi\/#\/schema\/logo\/image\/","url":"https:\/\/tene.ee\/wp-content\/uploads\/2024\/12\/TENE-logo-2018-2.png","contentUrl":"https:\/\/tene.ee\/wp-content\/uploads\/2024\/12\/TENE-logo-2018-2.png","width":2339,"height":1654,"caption":"Tene.ee"},"image":{"@id":"https:\/\/tene.ee\/fi\/#\/schema\/logo\/image\/"},"sameAs":["https:\/\/www.facebook.com\/teneaiamajad"]}]}},"_links":{"self":[{"href":"https:\/\/tene.ee\/fi\/wp-json\/wp\/v2\/product\/15836","targetHints":{"allow":["GET"]}}],"collection":[{"href":"https:\/\/tene.ee\/fi\/wp-json\/wp\/v2\/product"}],"about":[{"href":"https:\/\/tene.ee\/fi\/wp-json\/wp\/v2\/types\/product"}],"wp:featuredmedia":[{"embeddable":true,"href":"https:\/\/tene.ee\/fi\/wp-json\/wp\/v2\/media\/6457"}],"wp:attachment":[{"href":"https:\/\/tene.ee\/fi\/wp-json\/wp\/v2\/media?parent=15836"}],"wp:term":[{"taxonomy":"product_brand","embeddable":true,"href":"https:\/\/tene.ee\/fi\/wp-json\/wp\/v2\/product_brand?post=15836"},{"taxonomy":"product_cat","embeddable":true,"href":"https:\/\/tene.ee\/fi\/wp-json\/wp\/v2\/product_cat?post=15836"},{"taxonomy":"product_tag","embeddable":true,"href":"https:\/\/tene.ee\/fi\/wp-json\/wp\/v2\/product_tag?post=15836"}],"curies":[{"name":"wp","href":"https:\/\/api.w.org\/{rel}","templated":true}]}}