{"id":15831,"date":"2024-07-12T16:20:40","date_gmt":"2024-07-12T13:20:40","guid":{"rendered":"https:\/\/tene.ee\/toode\/torusaun-lahti-o-200-x-400-cm\/"},"modified":"2025-12-03T09:10:34","modified_gmt":"2025-12-03T07:10:34","slug":"torusaun-lahti-o-200-x-400-cm","status":"publish","type":"product","link":"https:\/\/tene.ee\/fi\/toode\/torusaun-lahti-o-200-x-400-cm\/","title":{"rendered":"Tynnyrisauna Lahti 200 x 400 cm"},"content":{"rendered":"<p>Tynnyrisauna Lahti valmis saunomiseen. Kuljetamme saunan mihin tahansa paikkaan, jonne p\u00e4\u00e4see nosturiautolla.<\/p>\n<p><strong>T\u00e4ydellinen tynnyrisaunapaketti sis\u00e4lt\u00e4\u00e4:<\/strong><\/p>\n<p>Maalattu ulkopuolelta Teknoksen AQUAPRIMER-tartuntapohjamaalilla, s\u00e4vy TM 1824<br \/>\nMusta palahuopakatto<br \/>\nKaton reuna-, r\u00e4yst\u00e4s- ja harjapellit, musta v\u00e4ri<br \/>\nPuul\u00e4mmitteinen metalliverkkopintainen kiuas<br \/>\nKiuaskivet 100 kg<br \/>\nLaadukas 22 L vesis\u00e4ili\u00f6llinen ja sulkupellillinen savupiippu<br \/>\nL\u00e4mm\u00f6nkest\u00e4v\u00e4 kiukaan alusta, ymp\u00e4ryst\u00e4 ja takasein\u00e4<br \/>\nLukittava v\u00e4liovi<br \/>\nL\u00f6ylyhuoneen ovi on karkaistua lasia<br \/>\nL\u00f6ylyhuoneen avattava ikkuna on karkaistua lasia<br \/>\nLauteet<br \/>\nPenkit pukuhuoneessa ja terassilla<br \/>\nPuuritil\u00e4t lattialla<br \/>\nUlkomitat: 200 x 400 cm<br \/>\nPaino: n. 1 200 kg<\/p>\n","protected":false},"excerpt":{"rendered":"<p>Valmiiksi rakennettu tynnyrisauna Lahti, musta palahuopakatto, r\u00e4yst\u00e4s- ja harjapellit, puukiuas, laadukas vesis\u00e4ili\u00f6llinen ja sulkupellillinen savupiippu. Maalattu ulkopuolelta Teknoksen AQUAPRIMER-tartuntapohjamaalilla, s\u00e4vy TM 1824.<\/p>\n<p>Lahti-sauna on saatavana my\u00f6s s\u00e4hk\u00f6kiukaallisena.<br \/>\n<strong>Hinta ei sis\u00e4ll\u00e4 tuotteen kuljetusta.<\/strong><\/p>\n","protected":false},"featured_media":6985,"template":"","meta":{"_acf_changed":false},"product_brand":[],"product_cat":[242,295,294],"product_tag":[],"class_list":{"0":"post-15831","1":"product","2":"type-product","3":"status-publish","4":"has-post-thumbnail","6":"product_cat-saunat","7":"product_cat-tynnyrisaunat","8":"product_cat-valmissaunat","9":"product_shipping_class-390e-fi","10":"pa_iseloomustus-2-huonetta","11":"pa_iseloomustus-nelikulmainen-mokki","12":"pa_iseloomustus-terassi","13":"pa_katuse-tuup-harjakatto","14":"pa_katuse-tuup-vinokatto","15":"pa_pindala-0-10-m2-fi","16":"pa_seina-paksus-40-mm-fi","17":"pa_vali-keris-huum-elektrikeris-fi","18":"pa_vali-keris-puukuttega-skamet-keris-fi","20":"first","21":"instock","22":"sale","23":"purchasable","24":"product-type-simple"},"acf":[],"yoast_head":"<!-- This site is optimized with the Yoast SEO plugin v27.3 - https:\/\/yoast.com\/product\/yoast-seo-wordpress\/ -->\n<title>Tene.ee - Tynnyrisauna Lahti 200 x 400 cm<\/title>\n<meta name=\"description\" content=\"Tene.ee Tynnyrisauna Lahti 200 x 400 cm\" \/>\n<meta name=\"robots\" content=\"index, follow, max-snippet:-1, max-image-preview:large, max-video-preview:-1\" \/>\n<link rel=\"canonical\" href=\"https:\/\/tene.ee\/fi\/toode\/torusaun-lahti-o-200-x-400-cm\/\" \/>\n<meta property=\"og:locale\" content=\"fi_FI\" \/>\n<meta property=\"og:type\" content=\"article\" \/>\n<meta property=\"og:title\" content=\"Tene.ee - Tynnyrisauna Lahti 200 x 400 cm\" \/>\n<meta property=\"og:description\" content=\"Tene.ee Tynnyrisauna Lahti 200 x 400 cm\" \/>\n<meta property=\"og:url\" content=\"https:\/\/tene.ee\/fi\/toode\/torusaun-lahti-o-200-x-400-cm\/\" \/>\n<meta property=\"og:site_name\" content=\"Tene.ee\" \/>\n<meta property=\"article:publisher\" content=\"https:\/\/www.facebook.com\/teneaiamajad\" \/>\n<meta property=\"article:modified_time\" content=\"2025-12-03T07:10:34+00:00\" \/>\n<meta property=\"og:image\" content=\"https:\/\/tene.ee\/wp-content\/uploads\/2024\/07\/Lahti_HM-1024x683.jpeg\" \/>\n\t<meta property=\"og:image:width\" content=\"1024\" \/>\n\t<meta property=\"og:image:height\" content=\"683\" \/>\n\t<meta property=\"og:image:type\" content=\"image\/jpeg\" \/>\n<meta name=\"twitter:card\" content=\"summary_large_image\" \/>\n<script type=\"application\/ld+json\" class=\"yoast-schema-graph\">{\"@context\":\"https:\\\/\\\/schema.org\",\"@graph\":[{\"@type\":\"WebPage\",\"@id\":\"https:\\\/\\\/tene.ee\\\/fi\\\/toode\\\/torusaun-lahti-o-200-x-400-cm\\\/\",\"url\":\"https:\\\/\\\/tene.ee\\\/fi\\\/toode\\\/torusaun-lahti-o-200-x-400-cm\\\/\",\"name\":\"Tene.ee - Tynnyrisauna Lahti 200 x 400 cm\",\"isPartOf\":{\"@id\":\"https:\\\/\\\/tene.ee\\\/fi\\\/#website\"},\"primaryImageOfPage\":{\"@id\":\"https:\\\/\\\/tene.ee\\\/fi\\\/toode\\\/torusaun-lahti-o-200-x-400-cm\\\/#primaryimage\"},\"image\":{\"@id\":\"https:\\\/\\\/tene.ee\\\/fi\\\/toode\\\/torusaun-lahti-o-200-x-400-cm\\\/#primaryimage\"},\"thumbnailUrl\":\"https:\\\/\\\/tene.ee\\\/wp-content\\\/uploads\\\/2024\\\/07\\\/Lahti_HM.jpeg\",\"datePublished\":\"2024-07-12T13:20:40+00:00\",\"dateModified\":\"2025-12-03T07:10:34+00:00\",\"description\":\"Tene.ee Tynnyrisauna Lahti 200 x 400 cm\",\"breadcrumb\":{\"@id\":\"https:\\\/\\\/tene.ee\\\/fi\\\/toode\\\/torusaun-lahti-o-200-x-400-cm\\\/#breadcrumb\"},\"inLanguage\":\"fi\",\"potentialAction\":[{\"@type\":\"ReadAction\",\"target\":[\"https:\\\/\\\/tene.ee\\\/fi\\\/toode\\\/torusaun-lahti-o-200-x-400-cm\\\/\"]}]},{\"@type\":\"ImageObject\",\"inLanguage\":\"fi\",\"@id\":\"https:\\\/\\\/tene.ee\\\/fi\\\/toode\\\/torusaun-lahti-o-200-x-400-cm\\\/#primaryimage\",\"url\":\"https:\\\/\\\/tene.ee\\\/wp-content\\\/uploads\\\/2024\\\/07\\\/Lahti_HM.jpeg\",\"contentUrl\":\"https:\\\/\\\/tene.ee\\\/wp-content\\\/uploads\\\/2024\\\/07\\\/Lahti_HM.jpeg\",\"width\":2500,\"height\":1667},{\"@type\":\"BreadcrumbList\",\"@id\":\"https:\\\/\\\/tene.ee\\\/fi\\\/toode\\\/torusaun-lahti-o-200-x-400-cm\\\/#breadcrumb\",\"itemListElement\":[{\"@type\":\"ListItem\",\"position\":1,\"name\":\"Avaleht\",\"item\":\"http:\\\/\\\/tene.ee\\\/fi\\\/\"},{\"@type\":\"ListItem\",\"position\":2,\"name\":\"Kaikki tuotteet\",\"item\":\"http:\\\/\\\/tene.ee\\\/fi\\\/shop\\\/\"},{\"@type\":\"ListItem\",\"position\":3,\"name\":\"Tynnyrisauna Lahti 200 x 400 cm\"}]},{\"@type\":\"WebSite\",\"@id\":\"https:\\\/\\\/tene.ee\\\/fi\\\/#website\",\"url\":\"https:\\\/\\\/tene.ee\\\/fi\\\/\",\"name\":\"Tene.ee - Kaunite hetkede jaoks sinu aias\",\"description\":\"Tene.ee - parimad puit- ja aiamajad otse tootjalt\",\"publisher\":{\"@id\":\"https:\\\/\\\/tene.ee\\\/fi\\\/#organization\"},\"alternateName\":\"Tene.ee\",\"potentialAction\":[{\"@type\":\"SearchAction\",\"target\":{\"@type\":\"EntryPoint\",\"urlTemplate\":\"https:\\\/\\\/tene.ee\\\/fi\\\/?s={search_term_string}\"},\"query-input\":{\"@type\":\"PropertyValueSpecification\",\"valueRequired\":true,\"valueName\":\"search_term_string\"}}],\"inLanguage\":\"fi\"},{\"@type\":\"Organization\",\"@id\":\"https:\\\/\\\/tene.ee\\\/fi\\\/#organization\",\"name\":\"Tene.ee\",\"url\":\"https:\\\/\\\/tene.ee\\\/fi\\\/\",\"logo\":{\"@type\":\"ImageObject\",\"inLanguage\":\"fi\",\"@id\":\"https:\\\/\\\/tene.ee\\\/fi\\\/#\\\/schema\\\/logo\\\/image\\\/\",\"url\":\"https:\\\/\\\/tene.ee\\\/wp-content\\\/uploads\\\/2024\\\/12\\\/TENE-logo-2018-2.png\",\"contentUrl\":\"https:\\\/\\\/tene.ee\\\/wp-content\\\/uploads\\\/2024\\\/12\\\/TENE-logo-2018-2.png\",\"width\":2339,\"height\":1654,\"caption\":\"Tene.ee\"},\"image\":{\"@id\":\"https:\\\/\\\/tene.ee\\\/fi\\\/#\\\/schema\\\/logo\\\/image\\\/\"},\"sameAs\":[\"https:\\\/\\\/www.facebook.com\\\/teneaiamajad\"]}]}<\/script>\n<!-- \/ Yoast SEO plugin. -->","yoast_head_json":{"title":"Tene.ee - Tynnyrisauna Lahti 200 x 400 cm","description":"Tene.ee Tynnyrisauna Lahti 200 x 400 cm","robots":{"index":"index","follow":"follow","max-snippet":"max-snippet:-1","max-image-preview":"max-image-preview:large","max-video-preview":"max-video-preview:-1"},"canonical":"https:\/\/tene.ee\/fi\/toode\/torusaun-lahti-o-200-x-400-cm\/","og_locale":"fi_FI","og_type":"article","og_title":"Tene.ee - Tynnyrisauna Lahti 200 x 400 cm","og_description":"Tene.ee Tynnyrisauna Lahti 200 x 400 cm","og_url":"https:\/\/tene.ee\/fi\/toode\/torusaun-lahti-o-200-x-400-cm\/","og_site_name":"Tene.ee","article_publisher":"https:\/\/www.facebook.com\/teneaiamajad","article_modified_time":"2025-12-03T07:10:34+00:00","og_image":[{"width":1024,"height":683,"url":"https:\/\/tene.ee\/wp-content\/uploads\/2024\/07\/Lahti_HM-1024x683.jpeg","type":"image\/jpeg"}],"twitter_card":"summary_large_image","schema":{"@context":"https:\/\/schema.org","@graph":[{"@type":"WebPage","@id":"https:\/\/tene.ee\/fi\/toode\/torusaun-lahti-o-200-x-400-cm\/","url":"https:\/\/tene.ee\/fi\/toode\/torusaun-lahti-o-200-x-400-cm\/","name":"Tene.ee - Tynnyrisauna Lahti 200 x 400 cm","isPartOf":{"@id":"https:\/\/tene.ee\/fi\/#website"},"primaryImageOfPage":{"@id":"https:\/\/tene.ee\/fi\/toode\/torusaun-lahti-o-200-x-400-cm\/#primaryimage"},"image":{"@id":"https:\/\/tene.ee\/fi\/toode\/torusaun-lahti-o-200-x-400-cm\/#primaryimage"},"thumbnailUrl":"https:\/\/tene.ee\/wp-content\/uploads\/2024\/07\/Lahti_HM.jpeg","datePublished":"2024-07-12T13:20:40+00:00","dateModified":"2025-12-03T07:10:34+00:00","description":"Tene.ee Tynnyrisauna Lahti 200 x 400 cm","breadcrumb":{"@id":"https:\/\/tene.ee\/fi\/toode\/torusaun-lahti-o-200-x-400-cm\/#breadcrumb"},"inLanguage":"fi","potentialAction":[{"@type":"ReadAction","target":["https:\/\/tene.ee\/fi\/toode\/torusaun-lahti-o-200-x-400-cm\/"]}]},{"@type":"ImageObject","inLanguage":"fi","@id":"https:\/\/tene.ee\/fi\/toode\/torusaun-lahti-o-200-x-400-cm\/#primaryimage","url":"https:\/\/tene.ee\/wp-content\/uploads\/2024\/07\/Lahti_HM.jpeg","contentUrl":"https:\/\/tene.ee\/wp-content\/uploads\/2024\/07\/Lahti_HM.jpeg","width":2500,"height":1667},{"@type":"BreadcrumbList","@id":"https:\/\/tene.ee\/fi\/toode\/torusaun-lahti-o-200-x-400-cm\/#breadcrumb","itemListElement":[{"@type":"ListItem","position":1,"name":"Avaleht","item":"http:\/\/tene.ee\/fi\/"},{"@type":"ListItem","position":2,"name":"Kaikki tuotteet","item":"http:\/\/tene.ee\/fi\/shop\/"},{"@type":"ListItem","position":3,"name":"Tynnyrisauna Lahti 200 x 400 cm"}]},{"@type":"WebSite","@id":"https:\/\/tene.ee\/fi\/#website","url":"https:\/\/tene.ee\/fi\/","name":"Tene.ee - Kaunite hetkede jaoks sinu aias","description":"Tene.ee - parimad puit- ja aiamajad otse tootjalt","publisher":{"@id":"https:\/\/tene.ee\/fi\/#organization"},"alternateName":"Tene.ee","potentialAction":[{"@type":"SearchAction","target":{"@type":"EntryPoint","urlTemplate":"https:\/\/tene.ee\/fi\/?s={search_term_string}"},"query-input":{"@type":"PropertyValueSpecification","valueRequired":true,"valueName":"search_term_string"}}],"inLanguage":"fi"},{"@type":"Organization","@id":"https:\/\/tene.ee\/fi\/#organization","name":"Tene.ee","url":"https:\/\/tene.ee\/fi\/","logo":{"@type":"ImageObject","inLanguage":"fi","@id":"https:\/\/tene.ee\/fi\/#\/schema\/logo\/image\/","url":"https:\/\/tene.ee\/wp-content\/uploads\/2024\/12\/TENE-logo-2018-2.png","contentUrl":"https:\/\/tene.ee\/wp-content\/uploads\/2024\/12\/TENE-logo-2018-2.png","width":2339,"height":1654,"caption":"Tene.ee"},"image":{"@id":"https:\/\/tene.ee\/fi\/#\/schema\/logo\/image\/"},"sameAs":["https:\/\/www.facebook.com\/teneaiamajad"]}]}},"_links":{"self":[{"href":"https:\/\/tene.ee\/fi\/wp-json\/wp\/v2\/product\/15831","targetHints":{"allow":["GET"]}}],"collection":[{"href":"https:\/\/tene.ee\/fi\/wp-json\/wp\/v2\/product"}],"about":[{"href":"https:\/\/tene.ee\/fi\/wp-json\/wp\/v2\/types\/product"}],"wp:featuredmedia":[{"embeddable":true,"href":"https:\/\/tene.ee\/fi\/wp-json\/wp\/v2\/media\/6985"}],"wp:attachment":[{"href":"https:\/\/tene.ee\/fi\/wp-json\/wp\/v2\/media?parent=15831"}],"wp:term":[{"taxonomy":"product_brand","embeddable":true,"href":"https:\/\/tene.ee\/fi\/wp-json\/wp\/v2\/product_brand?post=15831"},{"taxonomy":"product_cat","embeddable":true,"href":"https:\/\/tene.ee\/fi\/wp-json\/wp\/v2\/product_cat?post=15831"},{"taxonomy":"product_tag","embeddable":true,"href":"https:\/\/tene.ee\/fi\/wp-json\/wp\/v2\/product_tag?post=15831"}],"curies":[{"name":"wp","href":"https:\/\/api.w.org\/{rel}","templated":true}]}}