{"id":15813,"date":"2024-07-12T16:20:40","date_gmt":"2024-07-12T13:20:40","guid":{"rendered":"https:\/\/tene.ee\/toode\/puitbrikett-kandiline\/"},"modified":"2026-01-26T11:00:51","modified_gmt":"2026-01-26T09:00:51","slug":"puitbrikett-kandiline","status":"publish","type":"product","link":"https:\/\/tene.ee\/fi\/toode\/puitbrikett-kandiline\/","title":{"rendered":"Neli\u00f6m\u00e4inen puubriketti"},"content":{"rendered":"<p data-start=\"0\" data-end=\"180\">TENE-neli\u00f6m\u00e4inen puubriketti on puristettu tuotannossa syntyv\u00e4st\u00e4 kuivasta h\u00f6yl\u00e4nlastusta. Puristuksessa ei k\u00e4ytet\u00e4 liima-aineita. TENE-laatuinen puubriketti ei sis\u00e4ll\u00e4 puunkuorta.<\/p>\n<p data-start=\"182\" data-end=\"338\">Puubriketti on pakattu 10 kg:n muovipakkauksiin. Yhdelle lavalle on pakattu 96 pakkausta, jolloin lavan kokonaispaino ylipainon kanssa on noin 1000\u20131100 kg.<\/p>\n<p data-start=\"340\" data-end=\"420\">Soveltuu k\u00e4ytett\u00e4v\u00e4ksi kaikissa kiinte\u00e4\u00e4 polttoainetta k\u00e4ytt\u00e4viss\u00e4 tulisijoissa.<\/p>\n<p data-start=\"422\" data-end=\"458\"><strong data-start=\"422\" data-end=\"458\">TENE-puubriketin tekniset tiedot<\/strong><\/p>\n<ul data-start=\"460\" data-end=\"665\" data-is-last-node=\"\" data-is-only-node=\"\">\n<li data-start=\"460\" data-end=\"502\">\n<p data-start=\"462\" data-end=\"502\">Yhden muovipakkauksen paino noin 10 kg<\/p>\n<\/li>\n<li data-start=\"503\" data-end=\"560\">\n<p data-start=\"505\" data-end=\"560\">Lavalla 96 pakkausta, kokonaispaino noin 1000\u20131100 kg<\/p>\n<\/li>\n<li data-start=\"561\" data-end=\"588\">\n<p data-start=\"563\" data-end=\"588\">Lavan mitat 80 \u00d7 120 cm<\/p>\n<\/li>\n<li data-start=\"589\" data-end=\"618\">\n<p data-start=\"591\" data-end=\"618\">Lavan korkeus noin 135 cm<\/p>\n<\/li>\n<li data-start=\"619\" data-end=\"665\" data-is-last-node=\"\">\n<p data-start=\"621\" data-end=\"665\" data-is-last-node=\"\">Pakatun briketin kosteuspitoisuus noin 7\u20139 %<\/p>\n<\/li>\n<\/ul>\n","protected":false},"excerpt":{"rendered":"<p data-start=\"0\" data-end=\"111\">Neli\u00f6m\u00e4inen TENE-puubriketti, pakattu lavalle 80 \u00d7 120 cm. Lavalle on pakattu 96 pakkausta (noin 1000\u20131100 kg).<\/p>\n<p data-start=\"113\" data-end=\"141\" data-is-last-node=\"\" data-is-only-node=\"\">Hinta ei sis\u00e4ll\u00e4 kuljetusta.<\/p>\n","protected":false},"featured_media":6721,"template":"","meta":{"_acf_changed":false},"product_brand":[],"product_cat":[258,244,302],"product_tag":[],"class_list":{"0":"post-15813","1":"product","2":"type-product","3":"status-publish","4":"has-post-thumbnail","6":"product_cat-lammitysmateriaalit","7":"product_cat-lisatuotteet","8":"product_cat-puubriketti","10":"first","11":"onbackorder","12":"sale","13":"purchasable","14":"product-type-simple"},"acf":[],"yoast_head":"<!-- This site is optimized with the Yoast SEO plugin v27.5 - https:\/\/yoast.com\/product\/yoast-seo-wordpress\/ -->\n<title>Tene.ee - Neli\u00f6m\u00e4inen puubriketti<\/title>\n<meta name=\"description\" content=\"Tene.ee Neli\u00f6m\u00e4inen puubriketti\" \/>\n<meta name=\"robots\" content=\"index, follow, max-snippet:-1, max-image-preview:large, max-video-preview:-1\" \/>\n<link rel=\"canonical\" href=\"https:\/\/tene.ee\/fi\/toode\/puitbrikett-kandiline\/\" \/>\n<meta property=\"og:locale\" content=\"fi_FI\" \/>\n<meta property=\"og:type\" content=\"article\" \/>\n<meta property=\"og:title\" content=\"Tene.ee - Neli\u00f6m\u00e4inen puubriketti\" \/>\n<meta property=\"og:description\" content=\"Tene.ee Neli\u00f6m\u00e4inen puubriketti\" \/>\n<meta property=\"og:url\" content=\"https:\/\/tene.ee\/fi\/toode\/puitbrikett-kandiline\/\" \/>\n<meta property=\"og:site_name\" content=\"Tene.ee\" \/>\n<meta property=\"article:publisher\" content=\"https:\/\/www.facebook.com\/teneaiamajad\" \/>\n<meta property=\"article:modified_time\" content=\"2026-01-26T09:00:51+00:00\" \/>\n<meta property=\"og:image\" content=\"https:\/\/tene.ee\/wp-content\/uploads\/2024\/07\/Tene-puitbrikett2.jpg\" \/>\n\t<meta property=\"og:image:width\" content=\"960\" \/>\n\t<meta property=\"og:image:height\" content=\"599\" \/>\n\t<meta property=\"og:image:type\" content=\"image\/jpeg\" \/>\n<meta name=\"twitter:card\" content=\"summary_large_image\" \/>\n<meta name=\"twitter:label1\" content=\"Arvioitu lukuaika\" \/>\n\t<meta name=\"twitter:data1\" content=\"1 minuutti\" \/>\n<script type=\"application\/ld+json\" class=\"yoast-schema-graph\">{\"@context\":\"https:\\\/\\\/schema.org\",\"@graph\":[{\"@type\":\"WebPage\",\"@id\":\"https:\\\/\\\/tene.ee\\\/fi\\\/toode\\\/puitbrikett-kandiline\\\/\",\"url\":\"https:\\\/\\\/tene.ee\\\/fi\\\/toode\\\/puitbrikett-kandiline\\\/\",\"name\":\"Tene.ee - Neli\u00f6m\u00e4inen puubriketti\",\"isPartOf\":{\"@id\":\"https:\\\/\\\/tene.ee\\\/fi\\\/#website\"},\"primaryImageOfPage\":{\"@id\":\"https:\\\/\\\/tene.ee\\\/fi\\\/toode\\\/puitbrikett-kandiline\\\/#primaryimage\"},\"image\":{\"@id\":\"https:\\\/\\\/tene.ee\\\/fi\\\/toode\\\/puitbrikett-kandiline\\\/#primaryimage\"},\"thumbnailUrl\":\"https:\\\/\\\/tene.ee\\\/wp-content\\\/uploads\\\/2024\\\/07\\\/Tene-puitbrikett2.jpg\",\"datePublished\":\"2024-07-12T13:20:40+00:00\",\"dateModified\":\"2026-01-26T09:00:51+00:00\",\"description\":\"Tene.ee Neli\u00f6m\u00e4inen puubriketti\",\"breadcrumb\":{\"@id\":\"https:\\\/\\\/tene.ee\\\/fi\\\/toode\\\/puitbrikett-kandiline\\\/#breadcrumb\"},\"inLanguage\":\"fi\",\"potentialAction\":[{\"@type\":\"ReadAction\",\"target\":[\"https:\\\/\\\/tene.ee\\\/fi\\\/toode\\\/puitbrikett-kandiline\\\/\"]}]},{\"@type\":\"ImageObject\",\"inLanguage\":\"fi\",\"@id\":\"https:\\\/\\\/tene.ee\\\/fi\\\/toode\\\/puitbrikett-kandiline\\\/#primaryimage\",\"url\":\"https:\\\/\\\/tene.ee\\\/wp-content\\\/uploads\\\/2024\\\/07\\\/Tene-puitbrikett2.jpg\",\"contentUrl\":\"https:\\\/\\\/tene.ee\\\/wp-content\\\/uploads\\\/2024\\\/07\\\/Tene-puitbrikett2.jpg\",\"width\":960,\"height\":599},{\"@type\":\"BreadcrumbList\",\"@id\":\"https:\\\/\\\/tene.ee\\\/fi\\\/toode\\\/puitbrikett-kandiline\\\/#breadcrumb\",\"itemListElement\":[{\"@type\":\"ListItem\",\"position\":1,\"name\":\"Avaleht\",\"item\":\"http:\\\/\\\/tene.ee\\\/fi\\\/\"},{\"@type\":\"ListItem\",\"position\":2,\"name\":\"Kaikki tuotteet\",\"item\":\"http:\\\/\\\/tene.ee\\\/fi\\\/shop\\\/\"},{\"@type\":\"ListItem\",\"position\":3,\"name\":\"Neli\u00f6m\u00e4inen puubriketti\"}]},{\"@type\":\"WebSite\",\"@id\":\"https:\\\/\\\/tene.ee\\\/fi\\\/#website\",\"url\":\"https:\\\/\\\/tene.ee\\\/fi\\\/\",\"name\":\"Tene.ee - Kaunite hetkede jaoks sinu aias\",\"description\":\"Tene.ee - parimad puit- ja aiamajad otse tootjalt\",\"publisher\":{\"@id\":\"https:\\\/\\\/tene.ee\\\/fi\\\/#organization\"},\"alternateName\":\"Tene.ee\",\"potentialAction\":[{\"@type\":\"SearchAction\",\"target\":{\"@type\":\"EntryPoint\",\"urlTemplate\":\"https:\\\/\\\/tene.ee\\\/fi\\\/?s={search_term_string}\"},\"query-input\":{\"@type\":\"PropertyValueSpecification\",\"valueRequired\":true,\"valueName\":\"search_term_string\"}}],\"inLanguage\":\"fi\"},{\"@type\":\"Organization\",\"@id\":\"https:\\\/\\\/tene.ee\\\/fi\\\/#organization\",\"name\":\"Tene.ee\",\"url\":\"https:\\\/\\\/tene.ee\\\/fi\\\/\",\"logo\":{\"@type\":\"ImageObject\",\"inLanguage\":\"fi\",\"@id\":\"https:\\\/\\\/tene.ee\\\/fi\\\/#\\\/schema\\\/logo\\\/image\\\/\",\"url\":\"https:\\\/\\\/tene.ee\\\/wp-content\\\/uploads\\\/2024\\\/12\\\/TENE-logo-2018-2.png\",\"contentUrl\":\"https:\\\/\\\/tene.ee\\\/wp-content\\\/uploads\\\/2024\\\/12\\\/TENE-logo-2018-2.png\",\"width\":2339,\"height\":1654,\"caption\":\"Tene.ee\"},\"image\":{\"@id\":\"https:\\\/\\\/tene.ee\\\/fi\\\/#\\\/schema\\\/logo\\\/image\\\/\"},\"sameAs\":[\"https:\\\/\\\/www.facebook.com\\\/teneaiamajad\"]}]}<\/script>\n<!-- \/ Yoast SEO plugin. -->","yoast_head_json":{"title":"Tene.ee - Neli\u00f6m\u00e4inen puubriketti","description":"Tene.ee Neli\u00f6m\u00e4inen puubriketti","robots":{"index":"index","follow":"follow","max-snippet":"max-snippet:-1","max-image-preview":"max-image-preview:large","max-video-preview":"max-video-preview:-1"},"canonical":"https:\/\/tene.ee\/fi\/toode\/puitbrikett-kandiline\/","og_locale":"fi_FI","og_type":"article","og_title":"Tene.ee - Neli\u00f6m\u00e4inen puubriketti","og_description":"Tene.ee Neli\u00f6m\u00e4inen puubriketti","og_url":"https:\/\/tene.ee\/fi\/toode\/puitbrikett-kandiline\/","og_site_name":"Tene.ee","article_publisher":"https:\/\/www.facebook.com\/teneaiamajad","article_modified_time":"2026-01-26T09:00:51+00:00","og_image":[{"width":960,"height":599,"url":"https:\/\/tene.ee\/wp-content\/uploads\/2024\/07\/Tene-puitbrikett2.jpg","type":"image\/jpeg"}],"twitter_card":"summary_large_image","twitter_misc":{"Arvioitu lukuaika":"1 minuutti"},"schema":{"@context":"https:\/\/schema.org","@graph":[{"@type":"WebPage","@id":"https:\/\/tene.ee\/fi\/toode\/puitbrikett-kandiline\/","url":"https:\/\/tene.ee\/fi\/toode\/puitbrikett-kandiline\/","name":"Tene.ee - Neli\u00f6m\u00e4inen puubriketti","isPartOf":{"@id":"https:\/\/tene.ee\/fi\/#website"},"primaryImageOfPage":{"@id":"https:\/\/tene.ee\/fi\/toode\/puitbrikett-kandiline\/#primaryimage"},"image":{"@id":"https:\/\/tene.ee\/fi\/toode\/puitbrikett-kandiline\/#primaryimage"},"thumbnailUrl":"https:\/\/tene.ee\/wp-content\/uploads\/2024\/07\/Tene-puitbrikett2.jpg","datePublished":"2024-07-12T13:20:40+00:00","dateModified":"2026-01-26T09:00:51+00:00","description":"Tene.ee Neli\u00f6m\u00e4inen puubriketti","breadcrumb":{"@id":"https:\/\/tene.ee\/fi\/toode\/puitbrikett-kandiline\/#breadcrumb"},"inLanguage":"fi","potentialAction":[{"@type":"ReadAction","target":["https:\/\/tene.ee\/fi\/toode\/puitbrikett-kandiline\/"]}]},{"@type":"ImageObject","inLanguage":"fi","@id":"https:\/\/tene.ee\/fi\/toode\/puitbrikett-kandiline\/#primaryimage","url":"https:\/\/tene.ee\/wp-content\/uploads\/2024\/07\/Tene-puitbrikett2.jpg","contentUrl":"https:\/\/tene.ee\/wp-content\/uploads\/2024\/07\/Tene-puitbrikett2.jpg","width":960,"height":599},{"@type":"BreadcrumbList","@id":"https:\/\/tene.ee\/fi\/toode\/puitbrikett-kandiline\/#breadcrumb","itemListElement":[{"@type":"ListItem","position":1,"name":"Avaleht","item":"http:\/\/tene.ee\/fi\/"},{"@type":"ListItem","position":2,"name":"Kaikki tuotteet","item":"http:\/\/tene.ee\/fi\/shop\/"},{"@type":"ListItem","position":3,"name":"Neli\u00f6m\u00e4inen puubriketti"}]},{"@type":"WebSite","@id":"https:\/\/tene.ee\/fi\/#website","url":"https:\/\/tene.ee\/fi\/","name":"Tene.ee - Kaunite hetkede jaoks sinu aias","description":"Tene.ee - parimad puit- ja aiamajad otse tootjalt","publisher":{"@id":"https:\/\/tene.ee\/fi\/#organization"},"alternateName":"Tene.ee","potentialAction":[{"@type":"SearchAction","target":{"@type":"EntryPoint","urlTemplate":"https:\/\/tene.ee\/fi\/?s={search_term_string}"},"query-input":{"@type":"PropertyValueSpecification","valueRequired":true,"valueName":"search_term_string"}}],"inLanguage":"fi"},{"@type":"Organization","@id":"https:\/\/tene.ee\/fi\/#organization","name":"Tene.ee","url":"https:\/\/tene.ee\/fi\/","logo":{"@type":"ImageObject","inLanguage":"fi","@id":"https:\/\/tene.ee\/fi\/#\/schema\/logo\/image\/","url":"https:\/\/tene.ee\/wp-content\/uploads\/2024\/12\/TENE-logo-2018-2.png","contentUrl":"https:\/\/tene.ee\/wp-content\/uploads\/2024\/12\/TENE-logo-2018-2.png","width":2339,"height":1654,"caption":"Tene.ee"},"image":{"@id":"https:\/\/tene.ee\/fi\/#\/schema\/logo\/image\/"},"sameAs":["https:\/\/www.facebook.com\/teneaiamajad"]}]}},"_links":{"self":[{"href":"https:\/\/tene.ee\/fi\/wp-json\/wp\/v2\/product\/15813","targetHints":{"allow":["GET"]}}],"collection":[{"href":"https:\/\/tene.ee\/fi\/wp-json\/wp\/v2\/product"}],"about":[{"href":"https:\/\/tene.ee\/fi\/wp-json\/wp\/v2\/types\/product"}],"wp:featuredmedia":[{"embeddable":true,"href":"https:\/\/tene.ee\/fi\/wp-json\/wp\/v2\/media\/6721"}],"wp:attachment":[{"href":"https:\/\/tene.ee\/fi\/wp-json\/wp\/v2\/media?parent=15813"}],"wp:term":[{"taxonomy":"product_brand","embeddable":true,"href":"https:\/\/tene.ee\/fi\/wp-json\/wp\/v2\/product_brand?post=15813"},{"taxonomy":"product_cat","embeddable":true,"href":"https:\/\/tene.ee\/fi\/wp-json\/wp\/v2\/product_cat?post=15813"},{"taxonomy":"product_tag","embeddable":true,"href":"https:\/\/tene.ee\/fi\/wp-json\/wp\/v2\/product_tag?post=15813"}],"curies":[{"name":"wp","href":"https:\/\/api.w.org\/{rel}","templated":true}]}}