{"id":15805,"date":"2024-07-12T16:20:40","date_gmt":"2024-07-12T13:20:40","guid":{"rendered":"https:\/\/tene.ee\/toode\/saunamaja-terrassiga-piha-tuuri-25\/"},"modified":"2024-11-28T11:18:35","modified_gmt":"2024-11-28T09:18:35","slug":"saunamaja-terrassiga-piha-tuuri-25","status":"publish","type":"product","link":"https:\/\/tene.ee\/fi\/toode\/saunamaja-terrassiga-piha-tuuri-25\/","title":{"rendered":"Terassillinen pihasauna Piha-Tuuri 25"},"content":{"rendered":"<p>Tenen piharakennustehtaalla valmistettavat pihavajat, hirsitalot, katokset, paviljongit, saunat, kes\u00e4m\u00f6kit, grillikodat ja puiset autotallit toimitetaan t\u00e4ydellisin\u00e4 ovineen, ikkunoineen, lattioineen, kiinnitystarvikkeineen ja asennusohjeineen, joten piharakennuksen rakentaminen on helppoa ja aikaa s\u00e4\u00e4st\u00e4v\u00e4\u00e4.<\/p>\n<p><strong>Sein\u00e4paksuudeltaan tuotepiirustuksen mukaisesti 70 mm TENE-pihasaunapaketti sis\u00e4lt\u00e4\u00e4:<\/strong><\/p>\n<p>Puumateriaalina on k\u00e4ytetty 100 % pohjoismaista laatukuusta<br \/>\nErikoisliimapuusta valmistetut (8\u201312 %) ovet ja ikkunat.<br \/>\nRuostumattomasta metallista valmistettu kynnyssarja<br \/>\nTiivistetty, ristikollinen ja saranoitu lasi-ikkuna (ISO), sis\u00e4lt\u00e4\u00e4 helat<br \/>\nLasiruudullinen (ISO) ovi, sis\u00e4lt\u00e4\u00e4 helat<br \/>\nL\u00f6ylyhuoneen ovenkarmit ovat liimapuuta ja ovi karkaistua lasia<br \/>\nSelk\u00e4nojalliset lepp\u00e4lauteet ja porraspenkki<br \/>\nAutoklaavissa kyll\u00e4stetyt puiset perustuspuut<br \/>\n28 mm paksu ponttilautalattia<br \/>\nVesikouru saunan lattiassa<br \/>\nPonttilautakatto<br \/>\nKierretangot<br \/>\nKiinnitystarvikkeet (naulat, ruuvit)<br \/>\nAsennuspiirustukset ja -suunnitelmat<\/p>\n<p><strong>Hinnat ovat voimassa Tenen tehtaan varastossa ja sis\u00e4lt\u00e4v\u00e4t arvonlis\u00e4veron.<\/strong><br \/>\n<strong>Hinnat eiv\u00e4t sis\u00e4ll\u00e4 kuljetusta.<\/strong><\/p>\n","protected":false},"excerpt":{"rendered":"<p>Saunan hintaan sis\u00e4ltyv\u00e4t lepp\u00e4lauteet, porraspenkki ja selk\u00e4noja, 28 mm:n lattia, reuna- ja r\u00e4yst\u00e4slaudat, kiinnitystarvikkeet ja asennusohjeet.<\/p>\n","protected":false},"featured_media":6577,"template":"","meta":{"_acf_changed":false},"product_brand":[],"product_cat":[285,242],"product_tag":[],"class_list":{"0":"post-15805","1":"product","2":"type-product","3":"status-publish","4":"has-post-thumbnail","6":"product_cat-saunamajad-fi","7":"product_cat-saunat","8":"product_shipping_class-0e-fi","9":"pa_iseloomustus-2-huonetta","10":"pa_iseloomustus-nelikulmainen-mokki","11":"pa_iseloomustus-terassi","12":"pa_katuse-tuup-vinokatto","13":"pa_pindala-10-20-m2-fi","14":"pa_seina-paksus-70-mm-fi","16":"first","17":"onbackorder","18":"sale","19":"purchasable","20":"product-type-simple"},"acf":[],"yoast_head":"<!-- This site is optimized with the Yoast SEO plugin v27.3 - https:\/\/yoast.com\/product\/yoast-seo-wordpress\/ -->\n<title>Tene.ee - Terassillinen pihasauna Piha-Tuuri 25<\/title>\n<meta name=\"description\" content=\"Tene.ee Terassillinen pihasauna Piha-Tuuri 25\" \/>\n<meta name=\"robots\" content=\"index, follow, max-snippet:-1, max-image-preview:large, max-video-preview:-1\" \/>\n<link rel=\"canonical\" href=\"https:\/\/tene.ee\/fi\/toode\/saunamaja-terrassiga-piha-tuuri-25\/\" \/>\n<meta property=\"og:locale\" content=\"fi_FI\" \/>\n<meta property=\"og:type\" content=\"article\" \/>\n<meta property=\"og:title\" content=\"Tene.ee - Terassillinen pihasauna Piha-Tuuri 25\" \/>\n<meta property=\"og:description\" content=\"Tene.ee Terassillinen pihasauna Piha-Tuuri 25\" \/>\n<meta property=\"og:url\" content=\"https:\/\/tene.ee\/fi\/toode\/saunamaja-terrassiga-piha-tuuri-25\/\" \/>\n<meta property=\"og:site_name\" content=\"Tene.ee\" \/>\n<meta property=\"article:publisher\" content=\"https:\/\/www.facebook.com\/teneaiamajad\" \/>\n<meta property=\"article:modified_time\" content=\"2024-11-28T09:18:35+00:00\" \/>\n<meta property=\"og:image\" content=\"https:\/\/tene.ee\/wp-content\/uploads\/2024\/07\/Piha-Tuuri_25-1024x683.jpg\" \/>\n\t<meta property=\"og:image:width\" content=\"1024\" \/>\n\t<meta property=\"og:image:height\" content=\"683\" \/>\n\t<meta property=\"og:image:type\" content=\"image\/jpeg\" \/>\n<meta name=\"twitter:card\" content=\"summary_large_image\" \/>\n<meta name=\"twitter:label1\" content=\"Arvioitu lukuaika\" \/>\n\t<meta name=\"twitter:data1\" content=\"1 minuutti\" \/>\n<script type=\"application\/ld+json\" class=\"yoast-schema-graph\">{\"@context\":\"https:\\\/\\\/schema.org\",\"@graph\":[{\"@type\":\"WebPage\",\"@id\":\"https:\\\/\\\/tene.ee\\\/fi\\\/toode\\\/saunamaja-terrassiga-piha-tuuri-25\\\/\",\"url\":\"https:\\\/\\\/tene.ee\\\/fi\\\/toode\\\/saunamaja-terrassiga-piha-tuuri-25\\\/\",\"name\":\"Tene.ee - Terassillinen pihasauna Piha-Tuuri 25\",\"isPartOf\":{\"@id\":\"https:\\\/\\\/tene.ee\\\/fi\\\/#website\"},\"primaryImageOfPage\":{\"@id\":\"https:\\\/\\\/tene.ee\\\/fi\\\/toode\\\/saunamaja-terrassiga-piha-tuuri-25\\\/#primaryimage\"},\"image\":{\"@id\":\"https:\\\/\\\/tene.ee\\\/fi\\\/toode\\\/saunamaja-terrassiga-piha-tuuri-25\\\/#primaryimage\"},\"thumbnailUrl\":\"https:\\\/\\\/tene.ee\\\/wp-content\\\/uploads\\\/2024\\\/07\\\/Piha-Tuuri_25.jpg\",\"datePublished\":\"2024-07-12T13:20:40+00:00\",\"dateModified\":\"2024-11-28T09:18:35+00:00\",\"description\":\"Tene.ee Terassillinen pihasauna Piha-Tuuri 25\",\"breadcrumb\":{\"@id\":\"https:\\\/\\\/tene.ee\\\/fi\\\/toode\\\/saunamaja-terrassiga-piha-tuuri-25\\\/#breadcrumb\"},\"inLanguage\":\"fi\",\"potentialAction\":[{\"@type\":\"ReadAction\",\"target\":[\"https:\\\/\\\/tene.ee\\\/fi\\\/toode\\\/saunamaja-terrassiga-piha-tuuri-25\\\/\"]}]},{\"@type\":\"ImageObject\",\"inLanguage\":\"fi\",\"@id\":\"https:\\\/\\\/tene.ee\\\/fi\\\/toode\\\/saunamaja-terrassiga-piha-tuuri-25\\\/#primaryimage\",\"url\":\"https:\\\/\\\/tene.ee\\\/wp-content\\\/uploads\\\/2024\\\/07\\\/Piha-Tuuri_25.jpg\",\"contentUrl\":\"https:\\\/\\\/tene.ee\\\/wp-content\\\/uploads\\\/2024\\\/07\\\/Piha-Tuuri_25.jpg\",\"width\":2500,\"height\":1667},{\"@type\":\"BreadcrumbList\",\"@id\":\"https:\\\/\\\/tene.ee\\\/fi\\\/toode\\\/saunamaja-terrassiga-piha-tuuri-25\\\/#breadcrumb\",\"itemListElement\":[{\"@type\":\"ListItem\",\"position\":1,\"name\":\"Avaleht\",\"item\":\"http:\\\/\\\/tene.ee\\\/fi\\\/\"},{\"@type\":\"ListItem\",\"position\":2,\"name\":\"Kaikki tuotteet\",\"item\":\"http:\\\/\\\/tene.ee\\\/fi\\\/shop\\\/\"},{\"@type\":\"ListItem\",\"position\":3,\"name\":\"Terassillinen pihasauna Piha-Tuuri 25\"}]},{\"@type\":\"WebSite\",\"@id\":\"https:\\\/\\\/tene.ee\\\/fi\\\/#website\",\"url\":\"https:\\\/\\\/tene.ee\\\/fi\\\/\",\"name\":\"Tene.ee - Kaunite hetkede jaoks sinu aias\",\"description\":\"Tene.ee - parimad puit- ja aiamajad otse tootjalt\",\"publisher\":{\"@id\":\"https:\\\/\\\/tene.ee\\\/fi\\\/#organization\"},\"alternateName\":\"Tene.ee\",\"potentialAction\":[{\"@type\":\"SearchAction\",\"target\":{\"@type\":\"EntryPoint\",\"urlTemplate\":\"https:\\\/\\\/tene.ee\\\/fi\\\/?s={search_term_string}\"},\"query-input\":{\"@type\":\"PropertyValueSpecification\",\"valueRequired\":true,\"valueName\":\"search_term_string\"}}],\"inLanguage\":\"fi\"},{\"@type\":\"Organization\",\"@id\":\"https:\\\/\\\/tene.ee\\\/fi\\\/#organization\",\"name\":\"Tene.ee\",\"url\":\"https:\\\/\\\/tene.ee\\\/fi\\\/\",\"logo\":{\"@type\":\"ImageObject\",\"inLanguage\":\"fi\",\"@id\":\"https:\\\/\\\/tene.ee\\\/fi\\\/#\\\/schema\\\/logo\\\/image\\\/\",\"url\":\"https:\\\/\\\/tene.ee\\\/wp-content\\\/uploads\\\/2024\\\/12\\\/TENE-logo-2018-2.png\",\"contentUrl\":\"https:\\\/\\\/tene.ee\\\/wp-content\\\/uploads\\\/2024\\\/12\\\/TENE-logo-2018-2.png\",\"width\":2339,\"height\":1654,\"caption\":\"Tene.ee\"},\"image\":{\"@id\":\"https:\\\/\\\/tene.ee\\\/fi\\\/#\\\/schema\\\/logo\\\/image\\\/\"},\"sameAs\":[\"https:\\\/\\\/www.facebook.com\\\/teneaiamajad\"]}]}<\/script>\n<!-- \/ Yoast SEO plugin. -->","yoast_head_json":{"title":"Tene.ee - Terassillinen pihasauna Piha-Tuuri 25","description":"Tene.ee Terassillinen pihasauna Piha-Tuuri 25","robots":{"index":"index","follow":"follow","max-snippet":"max-snippet:-1","max-image-preview":"max-image-preview:large","max-video-preview":"max-video-preview:-1"},"canonical":"https:\/\/tene.ee\/fi\/toode\/saunamaja-terrassiga-piha-tuuri-25\/","og_locale":"fi_FI","og_type":"article","og_title":"Tene.ee - Terassillinen pihasauna Piha-Tuuri 25","og_description":"Tene.ee Terassillinen pihasauna Piha-Tuuri 25","og_url":"https:\/\/tene.ee\/fi\/toode\/saunamaja-terrassiga-piha-tuuri-25\/","og_site_name":"Tene.ee","article_publisher":"https:\/\/www.facebook.com\/teneaiamajad","article_modified_time":"2024-11-28T09:18:35+00:00","og_image":[{"width":1024,"height":683,"url":"https:\/\/tene.ee\/wp-content\/uploads\/2024\/07\/Piha-Tuuri_25-1024x683.jpg","type":"image\/jpeg"}],"twitter_card":"summary_large_image","twitter_misc":{"Arvioitu lukuaika":"1 minuutti"},"schema":{"@context":"https:\/\/schema.org","@graph":[{"@type":"WebPage","@id":"https:\/\/tene.ee\/fi\/toode\/saunamaja-terrassiga-piha-tuuri-25\/","url":"https:\/\/tene.ee\/fi\/toode\/saunamaja-terrassiga-piha-tuuri-25\/","name":"Tene.ee - Terassillinen pihasauna Piha-Tuuri 25","isPartOf":{"@id":"https:\/\/tene.ee\/fi\/#website"},"primaryImageOfPage":{"@id":"https:\/\/tene.ee\/fi\/toode\/saunamaja-terrassiga-piha-tuuri-25\/#primaryimage"},"image":{"@id":"https:\/\/tene.ee\/fi\/toode\/saunamaja-terrassiga-piha-tuuri-25\/#primaryimage"},"thumbnailUrl":"https:\/\/tene.ee\/wp-content\/uploads\/2024\/07\/Piha-Tuuri_25.jpg","datePublished":"2024-07-12T13:20:40+00:00","dateModified":"2024-11-28T09:18:35+00:00","description":"Tene.ee Terassillinen pihasauna Piha-Tuuri 25","breadcrumb":{"@id":"https:\/\/tene.ee\/fi\/toode\/saunamaja-terrassiga-piha-tuuri-25\/#breadcrumb"},"inLanguage":"fi","potentialAction":[{"@type":"ReadAction","target":["https:\/\/tene.ee\/fi\/toode\/saunamaja-terrassiga-piha-tuuri-25\/"]}]},{"@type":"ImageObject","inLanguage":"fi","@id":"https:\/\/tene.ee\/fi\/toode\/saunamaja-terrassiga-piha-tuuri-25\/#primaryimage","url":"https:\/\/tene.ee\/wp-content\/uploads\/2024\/07\/Piha-Tuuri_25.jpg","contentUrl":"https:\/\/tene.ee\/wp-content\/uploads\/2024\/07\/Piha-Tuuri_25.jpg","width":2500,"height":1667},{"@type":"BreadcrumbList","@id":"https:\/\/tene.ee\/fi\/toode\/saunamaja-terrassiga-piha-tuuri-25\/#breadcrumb","itemListElement":[{"@type":"ListItem","position":1,"name":"Avaleht","item":"http:\/\/tene.ee\/fi\/"},{"@type":"ListItem","position":2,"name":"Kaikki tuotteet","item":"http:\/\/tene.ee\/fi\/shop\/"},{"@type":"ListItem","position":3,"name":"Terassillinen pihasauna Piha-Tuuri 25"}]},{"@type":"WebSite","@id":"https:\/\/tene.ee\/fi\/#website","url":"https:\/\/tene.ee\/fi\/","name":"Tene.ee - Kaunite hetkede jaoks sinu aias","description":"Tene.ee - parimad puit- ja aiamajad otse tootjalt","publisher":{"@id":"https:\/\/tene.ee\/fi\/#organization"},"alternateName":"Tene.ee","potentialAction":[{"@type":"SearchAction","target":{"@type":"EntryPoint","urlTemplate":"https:\/\/tene.ee\/fi\/?s={search_term_string}"},"query-input":{"@type":"PropertyValueSpecification","valueRequired":true,"valueName":"search_term_string"}}],"inLanguage":"fi"},{"@type":"Organization","@id":"https:\/\/tene.ee\/fi\/#organization","name":"Tene.ee","url":"https:\/\/tene.ee\/fi\/","logo":{"@type":"ImageObject","inLanguage":"fi","@id":"https:\/\/tene.ee\/fi\/#\/schema\/logo\/image\/","url":"https:\/\/tene.ee\/wp-content\/uploads\/2024\/12\/TENE-logo-2018-2.png","contentUrl":"https:\/\/tene.ee\/wp-content\/uploads\/2024\/12\/TENE-logo-2018-2.png","width":2339,"height":1654,"caption":"Tene.ee"},"image":{"@id":"https:\/\/tene.ee\/fi\/#\/schema\/logo\/image\/"},"sameAs":["https:\/\/www.facebook.com\/teneaiamajad"]}]}},"_links":{"self":[{"href":"https:\/\/tene.ee\/fi\/wp-json\/wp\/v2\/product\/15805","targetHints":{"allow":["GET"]}}],"collection":[{"href":"https:\/\/tene.ee\/fi\/wp-json\/wp\/v2\/product"}],"about":[{"href":"https:\/\/tene.ee\/fi\/wp-json\/wp\/v2\/types\/product"}],"wp:featuredmedia":[{"embeddable":true,"href":"https:\/\/tene.ee\/fi\/wp-json\/wp\/v2\/media\/6577"}],"wp:attachment":[{"href":"https:\/\/tene.ee\/fi\/wp-json\/wp\/v2\/media?parent=15805"}],"wp:term":[{"taxonomy":"product_brand","embeddable":true,"href":"https:\/\/tene.ee\/fi\/wp-json\/wp\/v2\/product_brand?post=15805"},{"taxonomy":"product_cat","embeddable":true,"href":"https:\/\/tene.ee\/fi\/wp-json\/wp\/v2\/product_cat?post=15805"},{"taxonomy":"product_tag","embeddable":true,"href":"https:\/\/tene.ee\/fi\/wp-json\/wp\/v2\/product_tag?post=15805"}],"curies":[{"name":"wp","href":"https:\/\/api.w.org\/{rel}","templated":true}]}}