{"id":15804,"date":"2024-07-12T16:20:40","date_gmt":"2024-07-12T13:20:40","guid":{"rendered":"https:\/\/tene.ee\/toode\/kumblustunn-standard-o-180-hall-kaanega\/"},"modified":"2024-11-28T11:19:04","modified_gmt":"2024-11-28T09:19:04","slug":"kumblustunn-standard-o-180-hall-kaanega","status":"publish","type":"product","link":"https:\/\/tene.ee\/fi\/toode\/kumblustunn-standard-o-180-hall-kaanega\/","title":{"rendered":"Kylpytynnyri Standard, \u00d8 180, harmaa kansi"},"content":{"rendered":"<p>Kylpytynnyrin sis\u00e4tilat ja kansi valmistetaan PE-muovista (polyeteenimuovi) rotaatiovalumenetelm\u00e4ll\u00e4, ja istuimen sis\u00e4\u00e4nvalettu pohja on eristetty 40 cm paksulla polystyreenivaahdolla.<br \/>\nValettu PE-muovinen sis\u00e4pinta on eritt\u00e4in helppo puhdistaa. Kylpytynnyriss\u00e4 on viem\u00e4ri ja hanallinen vedenpoistoputki. Kannellinen kylpytynnyri kest\u00e4\u00e4 hyvin s\u00e4\u00e4olosuhteita \u2013 ei s\u00e4ik\u00e4hd\u00e4 kuumaa eik\u00e4 kylm\u00e4\u00e4. Kylpytynnyrin kannen ansiosta kylpytynnyrin vesi l\u00e4mpenee nopeammin, eik\u00e4 roskia tai likaa p\u00e4\u00e4se kylpytynnyrin veteen, kun kansi on suljettu.<br \/>\nMerialumiinista valmistetun kylpytynnyrin kamiinaa voi l\u00e4mmitt\u00e4\u00e4 enint\u00e4\u00e4n 50 cm:n pituisella puulla, jolloin veden l\u00e4mmitt\u00e4miseen kuluva aika on 3\u20133,5 tuntia. Puubriketeill\u00e4 veden l\u00e4mmitt\u00e4miseen kuluva aika on noin 1 tunnin lyhyempi eli 2,5\u20133,5 tuntia, ja briketin kulutus veden l\u00e4mmitykseen on noin 25 kg. Tynnyrin l\u00e4mmitt\u00e4miseen kuluva aika riippuu my\u00f6s vuodenajasta, joten talvella l\u00e4mmitysaika voi olla huomattavasti pidempi kuin kes\u00e4ll\u00e4, jolloin palju l\u00e4mpenee nopeammin.<\/p>\n","protected":false},"excerpt":{"rendered":"<p>Kannellinen kylpytynnyri jopa 6 hengelle.<br \/>\nKylpytynnyrin halkaisija \u00d8 183 cm<br \/>\nKylpytynnyrin ulkohalkaisija kannen kanssa 187 cm<br \/>\nVeden m\u00e4\u00e4r\u00e4 tynnyriss\u00e4 1 450 L<br \/>\nKylpytynnyrin korkeus maanpinnasta 119 cm<br \/>\nKylpytynnyrin korkeus maanpinnasta kannen kanssa 145 cm<br \/>\nMerialumiininen ulkokamiina (mitat 65 x 42 x 62 cm)<br \/>\nSavupiipun korkeus 200 cm<br \/>\nPuinen kuori on viimeistelty puuvahalla<br \/>\nSis\u00e4puolen ja kannen v\u00e4ri on harmaa graniitti<br \/>\nHanallinen vedenpoisto<br \/>\nVeden l\u00e4mmitysaika 5\u201338\u00b0:n l\u00e4mp\u00f6tilaan 50 cm:n pituisilla puilla 3\u20133,5 tuntia (puubriketeill\u00e4 2\u20132,5 tuntia)<br \/>\nKylpytynnyrin paino kamiinan kanssa noin 250 kg<br \/>\nKylpytynnyrin pohjarunko on 45 x 70 cm kyll\u00e4stetty\u00e4 puuta<\/p>\n<p><strong>Hinnat ovat voimassa Tenen tehtaan varastossa ja sis\u00e4lt\u00e4v\u00e4t arvonlis\u00e4veron.<\/strong><br \/>\n<strong>Hinnat eiv\u00e4t sis\u00e4ll\u00e4 kuljetusta.<\/strong><\/p>\n","protected":false},"featured_media":6825,"template":"","meta":{"_acf_changed":false},"product_brand":[],"product_cat":[241],"product_tag":[],"class_list":{"0":"post-15804","1":"product","2":"type-product","3":"status-publish","4":"has-post-thumbnail","6":"product_cat-kylpytynnyrit","7":"pa_kumblustunni-diameeter-183-cm-fi","9":"first","10":"instock","11":"sale","12":"purchasable","13":"product-type-simple"},"acf":[],"yoast_head":"<!-- This site is optimized with the Yoast SEO plugin v27.3 - https:\/\/yoast.com\/product\/yoast-seo-wordpress\/ -->\n<title>Tene.ee - Kylpytynnyri Standard, \u00d8 180, harmaa kansi<\/title>\n<meta name=\"description\" content=\"Tene.ee Kylpytynnyri Standard, \u00d8 180, harmaa kansi\" \/>\n<meta name=\"robots\" content=\"index, follow, max-snippet:-1, max-image-preview:large, max-video-preview:-1\" \/>\n<link rel=\"canonical\" href=\"https:\/\/tene.ee\/fi\/toode\/kumblustunn-standard-o-180-hall-kaanega\/\" \/>\n<meta property=\"og:locale\" content=\"fi_FI\" \/>\n<meta property=\"og:type\" content=\"article\" \/>\n<meta property=\"og:title\" content=\"Tene.ee - Kylpytynnyri Standard, \u00d8 180, harmaa kansi\" \/>\n<meta property=\"og:description\" content=\"Tene.ee Kylpytynnyri Standard, \u00d8 180, harmaa kansi\" \/>\n<meta property=\"og:url\" content=\"https:\/\/tene.ee\/fi\/toode\/kumblustunn-standard-o-180-hall-kaanega\/\" \/>\n<meta property=\"og:site_name\" content=\"Tene.ee\" \/>\n<meta property=\"article:publisher\" content=\"https:\/\/www.facebook.com\/teneaiamajad\" \/>\n<meta property=\"article:modified_time\" content=\"2024-11-28T09:19:04+00:00\" \/>\n<meta property=\"og:image\" content=\"https:\/\/tene.ee\/wp-content\/uploads\/2024\/07\/Kymblustynn_Premium207_hall-1024x683.jpg\" \/>\n\t<meta property=\"og:image:width\" content=\"1024\" \/>\n\t<meta property=\"og:image:height\" content=\"683\" \/>\n\t<meta property=\"og:image:type\" content=\"image\/jpeg\" \/>\n<meta name=\"twitter:card\" content=\"summary_large_image\" \/>\n<meta name=\"twitter:label1\" content=\"Arvioitu lukuaika\" \/>\n\t<meta name=\"twitter:data1\" content=\"1 minuutti\" \/>\n<script type=\"application\/ld+json\" class=\"yoast-schema-graph\">{\"@context\":\"https:\\\/\\\/schema.org\",\"@graph\":[{\"@type\":\"WebPage\",\"@id\":\"https:\\\/\\\/tene.ee\\\/fi\\\/toode\\\/kumblustunn-standard-o-180-hall-kaanega\\\/\",\"url\":\"https:\\\/\\\/tene.ee\\\/fi\\\/toode\\\/kumblustunn-standard-o-180-hall-kaanega\\\/\",\"name\":\"Tene.ee - Kylpytynnyri Standard, \u00d8 180, harmaa kansi\",\"isPartOf\":{\"@id\":\"https:\\\/\\\/tene.ee\\\/fi\\\/#website\"},\"primaryImageOfPage\":{\"@id\":\"https:\\\/\\\/tene.ee\\\/fi\\\/toode\\\/kumblustunn-standard-o-180-hall-kaanega\\\/#primaryimage\"},\"image\":{\"@id\":\"https:\\\/\\\/tene.ee\\\/fi\\\/toode\\\/kumblustunn-standard-o-180-hall-kaanega\\\/#primaryimage\"},\"thumbnailUrl\":\"https:\\\/\\\/tene.ee\\\/wp-content\\\/uploads\\\/2024\\\/07\\\/Kymblustynn_Premium207_hall.jpg\",\"datePublished\":\"2024-07-12T13:20:40+00:00\",\"dateModified\":\"2024-11-28T09:19:04+00:00\",\"description\":\"Tene.ee Kylpytynnyri Standard, \u00d8 180, harmaa kansi\",\"breadcrumb\":{\"@id\":\"https:\\\/\\\/tene.ee\\\/fi\\\/toode\\\/kumblustunn-standard-o-180-hall-kaanega\\\/#breadcrumb\"},\"inLanguage\":\"fi\",\"potentialAction\":[{\"@type\":\"ReadAction\",\"target\":[\"https:\\\/\\\/tene.ee\\\/fi\\\/toode\\\/kumblustunn-standard-o-180-hall-kaanega\\\/\"]}]},{\"@type\":\"ImageObject\",\"inLanguage\":\"fi\",\"@id\":\"https:\\\/\\\/tene.ee\\\/fi\\\/toode\\\/kumblustunn-standard-o-180-hall-kaanega\\\/#primaryimage\",\"url\":\"https:\\\/\\\/tene.ee\\\/wp-content\\\/uploads\\\/2024\\\/07\\\/Kymblustynn_Premium207_hall.jpg\",\"contentUrl\":\"https:\\\/\\\/tene.ee\\\/wp-content\\\/uploads\\\/2024\\\/07\\\/Kymblustynn_Premium207_hall.jpg\",\"width\":2500,\"height\":1667},{\"@type\":\"BreadcrumbList\",\"@id\":\"https:\\\/\\\/tene.ee\\\/fi\\\/toode\\\/kumblustunn-standard-o-180-hall-kaanega\\\/#breadcrumb\",\"itemListElement\":[{\"@type\":\"ListItem\",\"position\":1,\"name\":\"Avaleht\",\"item\":\"http:\\\/\\\/tene.ee\\\/fi\\\/\"},{\"@type\":\"ListItem\",\"position\":2,\"name\":\"Kaikki tuotteet\",\"item\":\"http:\\\/\\\/tene.ee\\\/fi\\\/shop\\\/\"},{\"@type\":\"ListItem\",\"position\":3,\"name\":\"Kylpytynnyri Standard, \u00d8 180, harmaa kansi\"}]},{\"@type\":\"WebSite\",\"@id\":\"https:\\\/\\\/tene.ee\\\/fi\\\/#website\",\"url\":\"https:\\\/\\\/tene.ee\\\/fi\\\/\",\"name\":\"Tene.ee - Kaunite hetkede jaoks sinu aias\",\"description\":\"Tene.ee - parimad puit- ja aiamajad otse tootjalt\",\"publisher\":{\"@id\":\"https:\\\/\\\/tene.ee\\\/fi\\\/#organization\"},\"alternateName\":\"Tene.ee\",\"potentialAction\":[{\"@type\":\"SearchAction\",\"target\":{\"@type\":\"EntryPoint\",\"urlTemplate\":\"https:\\\/\\\/tene.ee\\\/fi\\\/?s={search_term_string}\"},\"query-input\":{\"@type\":\"PropertyValueSpecification\",\"valueRequired\":true,\"valueName\":\"search_term_string\"}}],\"inLanguage\":\"fi\"},{\"@type\":\"Organization\",\"@id\":\"https:\\\/\\\/tene.ee\\\/fi\\\/#organization\",\"name\":\"Tene.ee\",\"url\":\"https:\\\/\\\/tene.ee\\\/fi\\\/\",\"logo\":{\"@type\":\"ImageObject\",\"inLanguage\":\"fi\",\"@id\":\"https:\\\/\\\/tene.ee\\\/fi\\\/#\\\/schema\\\/logo\\\/image\\\/\",\"url\":\"https:\\\/\\\/tene.ee\\\/wp-content\\\/uploads\\\/2024\\\/12\\\/TENE-logo-2018-2.png\",\"contentUrl\":\"https:\\\/\\\/tene.ee\\\/wp-content\\\/uploads\\\/2024\\\/12\\\/TENE-logo-2018-2.png\",\"width\":2339,\"height\":1654,\"caption\":\"Tene.ee\"},\"image\":{\"@id\":\"https:\\\/\\\/tene.ee\\\/fi\\\/#\\\/schema\\\/logo\\\/image\\\/\"},\"sameAs\":[\"https:\\\/\\\/www.facebook.com\\\/teneaiamajad\"]}]}<\/script>\n<!-- \/ Yoast SEO plugin. -->","yoast_head_json":{"title":"Tene.ee - Kylpytynnyri Standard, \u00d8 180, harmaa kansi","description":"Tene.ee Kylpytynnyri Standard, \u00d8 180, harmaa kansi","robots":{"index":"index","follow":"follow","max-snippet":"max-snippet:-1","max-image-preview":"max-image-preview:large","max-video-preview":"max-video-preview:-1"},"canonical":"https:\/\/tene.ee\/fi\/toode\/kumblustunn-standard-o-180-hall-kaanega\/","og_locale":"fi_FI","og_type":"article","og_title":"Tene.ee - Kylpytynnyri Standard, \u00d8 180, harmaa kansi","og_description":"Tene.ee Kylpytynnyri Standard, \u00d8 180, harmaa kansi","og_url":"https:\/\/tene.ee\/fi\/toode\/kumblustunn-standard-o-180-hall-kaanega\/","og_site_name":"Tene.ee","article_publisher":"https:\/\/www.facebook.com\/teneaiamajad","article_modified_time":"2024-11-28T09:19:04+00:00","og_image":[{"width":1024,"height":683,"url":"https:\/\/tene.ee\/wp-content\/uploads\/2024\/07\/Kymblustynn_Premium207_hall-1024x683.jpg","type":"image\/jpeg"}],"twitter_card":"summary_large_image","twitter_misc":{"Arvioitu lukuaika":"1 minuutti"},"schema":{"@context":"https:\/\/schema.org","@graph":[{"@type":"WebPage","@id":"https:\/\/tene.ee\/fi\/toode\/kumblustunn-standard-o-180-hall-kaanega\/","url":"https:\/\/tene.ee\/fi\/toode\/kumblustunn-standard-o-180-hall-kaanega\/","name":"Tene.ee - Kylpytynnyri Standard, \u00d8 180, harmaa kansi","isPartOf":{"@id":"https:\/\/tene.ee\/fi\/#website"},"primaryImageOfPage":{"@id":"https:\/\/tene.ee\/fi\/toode\/kumblustunn-standard-o-180-hall-kaanega\/#primaryimage"},"image":{"@id":"https:\/\/tene.ee\/fi\/toode\/kumblustunn-standard-o-180-hall-kaanega\/#primaryimage"},"thumbnailUrl":"https:\/\/tene.ee\/wp-content\/uploads\/2024\/07\/Kymblustynn_Premium207_hall.jpg","datePublished":"2024-07-12T13:20:40+00:00","dateModified":"2024-11-28T09:19:04+00:00","description":"Tene.ee Kylpytynnyri Standard, \u00d8 180, harmaa kansi","breadcrumb":{"@id":"https:\/\/tene.ee\/fi\/toode\/kumblustunn-standard-o-180-hall-kaanega\/#breadcrumb"},"inLanguage":"fi","potentialAction":[{"@type":"ReadAction","target":["https:\/\/tene.ee\/fi\/toode\/kumblustunn-standard-o-180-hall-kaanega\/"]}]},{"@type":"ImageObject","inLanguage":"fi","@id":"https:\/\/tene.ee\/fi\/toode\/kumblustunn-standard-o-180-hall-kaanega\/#primaryimage","url":"https:\/\/tene.ee\/wp-content\/uploads\/2024\/07\/Kymblustynn_Premium207_hall.jpg","contentUrl":"https:\/\/tene.ee\/wp-content\/uploads\/2024\/07\/Kymblustynn_Premium207_hall.jpg","width":2500,"height":1667},{"@type":"BreadcrumbList","@id":"https:\/\/tene.ee\/fi\/toode\/kumblustunn-standard-o-180-hall-kaanega\/#breadcrumb","itemListElement":[{"@type":"ListItem","position":1,"name":"Avaleht","item":"http:\/\/tene.ee\/fi\/"},{"@type":"ListItem","position":2,"name":"Kaikki tuotteet","item":"http:\/\/tene.ee\/fi\/shop\/"},{"@type":"ListItem","position":3,"name":"Kylpytynnyri Standard, \u00d8 180, harmaa kansi"}]},{"@type":"WebSite","@id":"https:\/\/tene.ee\/fi\/#website","url":"https:\/\/tene.ee\/fi\/","name":"Tene.ee - Kaunite hetkede jaoks sinu aias","description":"Tene.ee - parimad puit- ja aiamajad otse tootjalt","publisher":{"@id":"https:\/\/tene.ee\/fi\/#organization"},"alternateName":"Tene.ee","potentialAction":[{"@type":"SearchAction","target":{"@type":"EntryPoint","urlTemplate":"https:\/\/tene.ee\/fi\/?s={search_term_string}"},"query-input":{"@type":"PropertyValueSpecification","valueRequired":true,"valueName":"search_term_string"}}],"inLanguage":"fi"},{"@type":"Organization","@id":"https:\/\/tene.ee\/fi\/#organization","name":"Tene.ee","url":"https:\/\/tene.ee\/fi\/","logo":{"@type":"ImageObject","inLanguage":"fi","@id":"https:\/\/tene.ee\/fi\/#\/schema\/logo\/image\/","url":"https:\/\/tene.ee\/wp-content\/uploads\/2024\/12\/TENE-logo-2018-2.png","contentUrl":"https:\/\/tene.ee\/wp-content\/uploads\/2024\/12\/TENE-logo-2018-2.png","width":2339,"height":1654,"caption":"Tene.ee"},"image":{"@id":"https:\/\/tene.ee\/fi\/#\/schema\/logo\/image\/"},"sameAs":["https:\/\/www.facebook.com\/teneaiamajad"]}]}},"_links":{"self":[{"href":"https:\/\/tene.ee\/fi\/wp-json\/wp\/v2\/product\/15804","targetHints":{"allow":["GET"]}}],"collection":[{"href":"https:\/\/tene.ee\/fi\/wp-json\/wp\/v2\/product"}],"about":[{"href":"https:\/\/tene.ee\/fi\/wp-json\/wp\/v2\/types\/product"}],"wp:featuredmedia":[{"embeddable":true,"href":"https:\/\/tene.ee\/fi\/wp-json\/wp\/v2\/media\/6825"}],"wp:attachment":[{"href":"https:\/\/tene.ee\/fi\/wp-json\/wp\/v2\/media?parent=15804"}],"wp:term":[{"taxonomy":"product_brand","embeddable":true,"href":"https:\/\/tene.ee\/fi\/wp-json\/wp\/v2\/product_brand?post=15804"},{"taxonomy":"product_cat","embeddable":true,"href":"https:\/\/tene.ee\/fi\/wp-json\/wp\/v2\/product_cat?post=15804"},{"taxonomy":"product_tag","embeddable":true,"href":"https:\/\/tene.ee\/fi\/wp-json\/wp\/v2\/product_tag?post=15804"}],"curies":[{"name":"wp","href":"https:\/\/api.w.org\/{rel}","templated":true}]}}