{"id":15803,"date":"2024-07-12T16:20:40","date_gmt":"2024-07-12T13:20:40","guid":{"rendered":"https:\/\/tene.ee\/toode\/kumblustunn-standard-kaanega-haagisel\/"},"modified":"2024-11-28T11:19:03","modified_gmt":"2024-11-28T09:19:03","slug":"kumblustunn-standard-kaanega-haagisel","status":"publish","type":"product","link":"https:\/\/tene.ee\/fi\/toode\/kumblustunn-standard-kaanega-haagisel\/","title":{"rendered":"Kannellinen paljuvaunu Standard"},"content":{"rendered":"<p>Kannellinen paljuvaunu jopa 6 hengelle.<\/p>\n<p>Alustan koko: 300 x 208 cm<br \/>\nKokonaiskorkeus 431 cm<br \/>\nK\u00e4rryss\u00e4 on nelj\u00e4 tukijalkaa<br \/>\nVaunun pohja on valmistettu kosteudenkest\u00e4v\u00e4st\u00e4 vanerista<br \/>\nKokonaispaino 750 kg<br \/>\nKantavuus 750 kg<br \/>\nKylpytynnyrin halkaisija \u00d8 183 cm<br \/>\nKylpytynnyrin ulkohalkaisija kannen kanssa 187 cm<br \/>\nVeden m\u00e4\u00e4r\u00e4 tynnyriss\u00e4 1 450 L<br \/>\nPuiset portaat<br \/>\nMerialumiininen ulkokamiina (mitat 65 x 42 x 62 cm)<br \/>\nSavupiipun korkeus 200 cm<br \/>\nPuinen kuori on viimeistelty puuvahalla<br \/>\nSis\u00e4puolen ja kannen v\u00e4ri on harmaa graniitti<br \/>\nHanallinen vedenpoisto<br \/>\nVeden l\u00e4mmitysaika 5\u201338\u00b0:n l\u00e4mp\u00f6tilaan 50 cm:n pituisilla puilla 3\u20133,5 tuntia (puubriketeill\u00e4 2\u20132,5 tuntia) Tynnyrin l\u00e4mmitt\u00e4miseen kuluva aika riippuu my\u00f6s vuodenajasta, joten talvella l\u00e4mmitysaika voi olla huomattavasti pidempi kuin kes\u00e4ll\u00e4, jolloin palju l\u00e4mpenee nopeammin.<br \/>\nKylpytynnyrin paino kamiinan kanssa noin 250 kg<br \/>\nPer\u00e4vaunun ja kylpytynnyrin yhteispaino on noin 480 kg<\/p>\n","protected":false},"excerpt":{"rendered":"<p>6 hengen paljuvaunu, jonka halkaisija on 180 cm. Nauti paljutunnelmasta, minne tahansa tie viekin sinut!<\/p>\n","protected":false},"featured_media":6745,"template":"","meta":{"_acf_changed":false},"product_brand":[],"product_cat":[248,247,241,242],"product_tag":[],"class_list":{"0":"post-15803","1":"product","2":"type-product","3":"status-publish","4":"has-post-thumbnail","6":"product_cat-karrysaunat","7":"product_cat-kohe-saadaval-fi","8":"product_cat-kylpytynnyrit","9":"product_cat-saunat","10":"pa_kumblustunni-diameeter-183-cm-fi","12":"first","13":"onbackorder","14":"sale","15":"purchasable","16":"product-type-simple"},"acf":[],"yoast_head":"<!-- This site is optimized with the Yoast SEO plugin v27.5 - https:\/\/yoast.com\/product\/yoast-seo-wordpress\/ -->\n<title>Tene.ee - Kannellinen paljuvaunu Standard<\/title>\n<meta name=\"description\" content=\"Tene.ee Kannellinen paljuvaunu Standard\" \/>\n<meta name=\"robots\" content=\"index, follow, max-snippet:-1, max-image-preview:large, max-video-preview:-1\" \/>\n<link rel=\"canonical\" href=\"https:\/\/tene.ee\/fi\/toode\/kumblustunn-standard-kaanega-haagisel\/\" \/>\n<meta property=\"og:locale\" content=\"fi_FI\" \/>\n<meta property=\"og:type\" content=\"article\" \/>\n<meta property=\"og:title\" content=\"Tene.ee - Kannellinen paljuvaunu Standard\" \/>\n<meta property=\"og:description\" content=\"Tene.ee Kannellinen paljuvaunu Standard\" \/>\n<meta property=\"og:url\" content=\"https:\/\/tene.ee\/fi\/toode\/kumblustunn-standard-kaanega-haagisel\/\" \/>\n<meta property=\"og:site_name\" content=\"Tene.ee\" \/>\n<meta property=\"article:publisher\" content=\"https:\/\/www.facebook.com\/teneaiamajad\" \/>\n<meta property=\"article:modified_time\" content=\"2024-11-28T09:19:03+00:00\" \/>\n<meta property=\"og:image\" content=\"https:\/\/tene.ee\/wp-content\/uploads\/2024\/07\/Paljukarry-8.jpg\" \/>\n\t<meta property=\"og:image:width\" content=\"2016\" \/>\n\t<meta property=\"og:image:height\" content=\"1512\" \/>\n\t<meta property=\"og:image:type\" content=\"image\/jpeg\" \/>\n<meta name=\"twitter:card\" content=\"summary_large_image\" \/>\n<meta name=\"twitter:label1\" content=\"Arvioitu lukuaika\" \/>\n\t<meta name=\"twitter:data1\" content=\"1 minuutti\" \/>\n<script type=\"application\/ld+json\" class=\"yoast-schema-graph\">{\"@context\":\"https:\\\/\\\/schema.org\",\"@graph\":[{\"@type\":\"WebPage\",\"@id\":\"https:\\\/\\\/tene.ee\\\/fi\\\/toode\\\/kumblustunn-standard-kaanega-haagisel\\\/\",\"url\":\"https:\\\/\\\/tene.ee\\\/fi\\\/toode\\\/kumblustunn-standard-kaanega-haagisel\\\/\",\"name\":\"Tene.ee - Kannellinen paljuvaunu Standard\",\"isPartOf\":{\"@id\":\"https:\\\/\\\/tene.ee\\\/fi\\\/#website\"},\"primaryImageOfPage\":{\"@id\":\"https:\\\/\\\/tene.ee\\\/fi\\\/toode\\\/kumblustunn-standard-kaanega-haagisel\\\/#primaryimage\"},\"image\":{\"@id\":\"https:\\\/\\\/tene.ee\\\/fi\\\/toode\\\/kumblustunn-standard-kaanega-haagisel\\\/#primaryimage\"},\"thumbnailUrl\":\"https:\\\/\\\/tene.ee\\\/wp-content\\\/uploads\\\/2024\\\/07\\\/Paljukarry-8.jpg\",\"datePublished\":\"2024-07-12T13:20:40+00:00\",\"dateModified\":\"2024-11-28T09:19:03+00:00\",\"description\":\"Tene.ee Kannellinen paljuvaunu Standard\",\"breadcrumb\":{\"@id\":\"https:\\\/\\\/tene.ee\\\/fi\\\/toode\\\/kumblustunn-standard-kaanega-haagisel\\\/#breadcrumb\"},\"inLanguage\":\"fi\",\"potentialAction\":[{\"@type\":\"ReadAction\",\"target\":[\"https:\\\/\\\/tene.ee\\\/fi\\\/toode\\\/kumblustunn-standard-kaanega-haagisel\\\/\"]}]},{\"@type\":\"ImageObject\",\"inLanguage\":\"fi\",\"@id\":\"https:\\\/\\\/tene.ee\\\/fi\\\/toode\\\/kumblustunn-standard-kaanega-haagisel\\\/#primaryimage\",\"url\":\"https:\\\/\\\/tene.ee\\\/wp-content\\\/uploads\\\/2024\\\/07\\\/Paljukarry-8.jpg\",\"contentUrl\":\"https:\\\/\\\/tene.ee\\\/wp-content\\\/uploads\\\/2024\\\/07\\\/Paljukarry-8.jpg\",\"width\":2016,\"height\":1512},{\"@type\":\"BreadcrumbList\",\"@id\":\"https:\\\/\\\/tene.ee\\\/fi\\\/toode\\\/kumblustunn-standard-kaanega-haagisel\\\/#breadcrumb\",\"itemListElement\":[{\"@type\":\"ListItem\",\"position\":1,\"name\":\"Avaleht\",\"item\":\"http:\\\/\\\/tene.ee\\\/fi\\\/\"},{\"@type\":\"ListItem\",\"position\":2,\"name\":\"Kaikki tuotteet\",\"item\":\"http:\\\/\\\/tene.ee\\\/fi\\\/shop\\\/\"},{\"@type\":\"ListItem\",\"position\":3,\"name\":\"Kannellinen paljuvaunu Standard\"}]},{\"@type\":\"WebSite\",\"@id\":\"https:\\\/\\\/tene.ee\\\/fi\\\/#website\",\"url\":\"https:\\\/\\\/tene.ee\\\/fi\\\/\",\"name\":\"Tene.ee - Kaunite hetkede jaoks sinu aias\",\"description\":\"Tene.ee - parimad puit- ja aiamajad otse tootjalt\",\"publisher\":{\"@id\":\"https:\\\/\\\/tene.ee\\\/fi\\\/#organization\"},\"alternateName\":\"Tene.ee\",\"potentialAction\":[{\"@type\":\"SearchAction\",\"target\":{\"@type\":\"EntryPoint\",\"urlTemplate\":\"https:\\\/\\\/tene.ee\\\/fi\\\/?s={search_term_string}\"},\"query-input\":{\"@type\":\"PropertyValueSpecification\",\"valueRequired\":true,\"valueName\":\"search_term_string\"}}],\"inLanguage\":\"fi\"},{\"@type\":\"Organization\",\"@id\":\"https:\\\/\\\/tene.ee\\\/fi\\\/#organization\",\"name\":\"Tene.ee\",\"url\":\"https:\\\/\\\/tene.ee\\\/fi\\\/\",\"logo\":{\"@type\":\"ImageObject\",\"inLanguage\":\"fi\",\"@id\":\"https:\\\/\\\/tene.ee\\\/fi\\\/#\\\/schema\\\/logo\\\/image\\\/\",\"url\":\"https:\\\/\\\/tene.ee\\\/wp-content\\\/uploads\\\/2024\\\/12\\\/TENE-logo-2018-2.png\",\"contentUrl\":\"https:\\\/\\\/tene.ee\\\/wp-content\\\/uploads\\\/2024\\\/12\\\/TENE-logo-2018-2.png\",\"width\":2339,\"height\":1654,\"caption\":\"Tene.ee\"},\"image\":{\"@id\":\"https:\\\/\\\/tene.ee\\\/fi\\\/#\\\/schema\\\/logo\\\/image\\\/\"},\"sameAs\":[\"https:\\\/\\\/www.facebook.com\\\/teneaiamajad\"]}]}<\/script>\n<!-- \/ Yoast SEO plugin. -->","yoast_head_json":{"title":"Tene.ee - Kannellinen paljuvaunu Standard","description":"Tene.ee Kannellinen paljuvaunu Standard","robots":{"index":"index","follow":"follow","max-snippet":"max-snippet:-1","max-image-preview":"max-image-preview:large","max-video-preview":"max-video-preview:-1"},"canonical":"https:\/\/tene.ee\/fi\/toode\/kumblustunn-standard-kaanega-haagisel\/","og_locale":"fi_FI","og_type":"article","og_title":"Tene.ee - Kannellinen paljuvaunu Standard","og_description":"Tene.ee Kannellinen paljuvaunu Standard","og_url":"https:\/\/tene.ee\/fi\/toode\/kumblustunn-standard-kaanega-haagisel\/","og_site_name":"Tene.ee","article_publisher":"https:\/\/www.facebook.com\/teneaiamajad","article_modified_time":"2024-11-28T09:19:03+00:00","og_image":[{"width":2016,"height":1512,"url":"https:\/\/tene.ee\/wp-content\/uploads\/2024\/07\/Paljukarry-8.jpg","type":"image\/jpeg"}],"twitter_card":"summary_large_image","twitter_misc":{"Arvioitu lukuaika":"1 minuutti"},"schema":{"@context":"https:\/\/schema.org","@graph":[{"@type":"WebPage","@id":"https:\/\/tene.ee\/fi\/toode\/kumblustunn-standard-kaanega-haagisel\/","url":"https:\/\/tene.ee\/fi\/toode\/kumblustunn-standard-kaanega-haagisel\/","name":"Tene.ee - Kannellinen paljuvaunu Standard","isPartOf":{"@id":"https:\/\/tene.ee\/fi\/#website"},"primaryImageOfPage":{"@id":"https:\/\/tene.ee\/fi\/toode\/kumblustunn-standard-kaanega-haagisel\/#primaryimage"},"image":{"@id":"https:\/\/tene.ee\/fi\/toode\/kumblustunn-standard-kaanega-haagisel\/#primaryimage"},"thumbnailUrl":"https:\/\/tene.ee\/wp-content\/uploads\/2024\/07\/Paljukarry-8.jpg","datePublished":"2024-07-12T13:20:40+00:00","dateModified":"2024-11-28T09:19:03+00:00","description":"Tene.ee Kannellinen paljuvaunu Standard","breadcrumb":{"@id":"https:\/\/tene.ee\/fi\/toode\/kumblustunn-standard-kaanega-haagisel\/#breadcrumb"},"inLanguage":"fi","potentialAction":[{"@type":"ReadAction","target":["https:\/\/tene.ee\/fi\/toode\/kumblustunn-standard-kaanega-haagisel\/"]}]},{"@type":"ImageObject","inLanguage":"fi","@id":"https:\/\/tene.ee\/fi\/toode\/kumblustunn-standard-kaanega-haagisel\/#primaryimage","url":"https:\/\/tene.ee\/wp-content\/uploads\/2024\/07\/Paljukarry-8.jpg","contentUrl":"https:\/\/tene.ee\/wp-content\/uploads\/2024\/07\/Paljukarry-8.jpg","width":2016,"height":1512},{"@type":"BreadcrumbList","@id":"https:\/\/tene.ee\/fi\/toode\/kumblustunn-standard-kaanega-haagisel\/#breadcrumb","itemListElement":[{"@type":"ListItem","position":1,"name":"Avaleht","item":"http:\/\/tene.ee\/fi\/"},{"@type":"ListItem","position":2,"name":"Kaikki tuotteet","item":"http:\/\/tene.ee\/fi\/shop\/"},{"@type":"ListItem","position":3,"name":"Kannellinen paljuvaunu Standard"}]},{"@type":"WebSite","@id":"https:\/\/tene.ee\/fi\/#website","url":"https:\/\/tene.ee\/fi\/","name":"Tene.ee - Kaunite hetkede jaoks sinu aias","description":"Tene.ee - parimad puit- ja aiamajad otse tootjalt","publisher":{"@id":"https:\/\/tene.ee\/fi\/#organization"},"alternateName":"Tene.ee","potentialAction":[{"@type":"SearchAction","target":{"@type":"EntryPoint","urlTemplate":"https:\/\/tene.ee\/fi\/?s={search_term_string}"},"query-input":{"@type":"PropertyValueSpecification","valueRequired":true,"valueName":"search_term_string"}}],"inLanguage":"fi"},{"@type":"Organization","@id":"https:\/\/tene.ee\/fi\/#organization","name":"Tene.ee","url":"https:\/\/tene.ee\/fi\/","logo":{"@type":"ImageObject","inLanguage":"fi","@id":"https:\/\/tene.ee\/fi\/#\/schema\/logo\/image\/","url":"https:\/\/tene.ee\/wp-content\/uploads\/2024\/12\/TENE-logo-2018-2.png","contentUrl":"https:\/\/tene.ee\/wp-content\/uploads\/2024\/12\/TENE-logo-2018-2.png","width":2339,"height":1654,"caption":"Tene.ee"},"image":{"@id":"https:\/\/tene.ee\/fi\/#\/schema\/logo\/image\/"},"sameAs":["https:\/\/www.facebook.com\/teneaiamajad"]}]}},"_links":{"self":[{"href":"https:\/\/tene.ee\/fi\/wp-json\/wp\/v2\/product\/15803","targetHints":{"allow":["GET"]}}],"collection":[{"href":"https:\/\/tene.ee\/fi\/wp-json\/wp\/v2\/product"}],"about":[{"href":"https:\/\/tene.ee\/fi\/wp-json\/wp\/v2\/types\/product"}],"wp:featuredmedia":[{"embeddable":true,"href":"https:\/\/tene.ee\/fi\/wp-json\/wp\/v2\/media\/6745"}],"wp:attachment":[{"href":"https:\/\/tene.ee\/fi\/wp-json\/wp\/v2\/media?parent=15803"}],"wp:term":[{"taxonomy":"product_brand","embeddable":true,"href":"https:\/\/tene.ee\/fi\/wp-json\/wp\/v2\/product_brand?post=15803"},{"taxonomy":"product_cat","embeddable":true,"href":"https:\/\/tene.ee\/fi\/wp-json\/wp\/v2\/product_cat?post=15803"},{"taxonomy":"product_tag","embeddable":true,"href":"https:\/\/tene.ee\/fi\/wp-json\/wp\/v2\/product_tag?post=15803"}],"curies":[{"name":"wp","href":"https:\/\/api.w.org\/{rel}","templated":true}]}}