{"id":15774,"date":"2024-07-12T16:22:40","date_gmt":"2024-07-12T13:22:40","guid":{"rendered":"https:\/\/tene.ee\/toode\/valmis-aiakuur-karina-aknad-klaaspaketiga\/"},"modified":"2024-11-28T11:16:35","modified_gmt":"2024-11-28T09:16:35","slug":"valmis-aiakuur-karina-aknad-klaaspaketiga","status":"publish","type":"product","link":"https:\/\/tene.ee\/fi\/toode\/valmis-aiakuur-karina-aknad-klaaspaketiga\/","title":{"rendered":"Valmis pihavaja Karina, lasi-ikkunat"},"content":{"rendered":"<p>Tenen pihatalotehtaalla valmistetut valmiit piham\u00f6kit ja -vajat rakennetaan sis\u00e4tiloissa, mik\u00e4 takaa valmiiden talojen paremman laadun ja auttaa v\u00e4ltt\u00e4m\u00e4\u00e4n mahdollisia hankalia viiv\u00e4styksi\u00e4 ty\u00f6maalla (esim. huonot s\u00e4\u00e4olosuhteet).<\/p>\n<p><strong>Valmiiseen Piham\u00f6kkipakettiin, jonka sein\u00e4paksuus on 40 mm, sis\u00e4ltyy mallin mukaan:<\/strong><\/p>\n<p>Puumateriaalina on k\u00e4ytetty 100 % pohjoismaista laatukuusta<br \/>\nErikoisliimapuusta valmistetut (8\u201312 %) ovet ja ikkunat.<br \/>\nAvattavat lasi-ikkunat, sis\u00e4lt\u00e4\u00e4 helat<br \/>\nLautaverhoiltu ovi, ovi sis\u00e4lt\u00e4\u00e4 helat<br \/>\nLasiruudullinen pariovi, sis\u00e4lt\u00e4\u00e4 helat<br \/>\n18 mm paksu ponttilautakatto<br \/>\n28 mm paksu lautalattia<br \/>\nAutoklaavissa kyll\u00e4stetyt puiset perustuspuut<br \/>\nMyrskysuojat<br \/>\nKiinnitysty\u00f6kalut (naulat ja ruuvit)<br \/>\nAsennusohjeet<\/p>\n<p>Hintaan ei sis\u00e4lly:<br \/>\nPerustusten valmistelu<br \/>\nUlkoverhoilu<\/p>\n<p><strong>Hinnat ovat voimassa Tenen tehtaan varastossa ja sis\u00e4lt\u00e4v\u00e4t arvonlis\u00e4veron.<\/strong><br \/>\nHinta ei sis\u00e4ll\u00e4 valmiin talon kuljetusta.<\/p>\n","protected":false},"excerpt":{"rendered":"<p>Tehdasvalmisteinen Karina-pihavaja toimitetaan asiakkaalle heti k\u00e4ytt\u00f6valmiina. Tehtaalla valmiiksi rakennettu piham\u00f6kki voidaan kuljettaa mihin tahansa paikkaan, jonne p\u00e4\u00e4see nosturiautolla.<\/p>\n","protected":false},"featured_media":7473,"template":"","meta":{"_acf_changed":false},"product_brand":[],"product_cat":[162,163,245],"product_tag":[],"class_list":{"0":"post-15774","1":"product","2":"type-product","3":"status-publish","4":"has-post-thumbnail","6":"product_cat-piharakennukset","7":"product_cat-piharakennukset-40-mm","8":"product_cat-valmis-pihavarastot","9":"product_shipping_class-390e-fi","10":"pa_pindala-0-10-m2-fi","11":"pa_seina-paksus-40-mm-fi","13":"first","14":"onbackorder","15":"sale","16":"purchasable","17":"product-type-simple"},"acf":[],"yoast_head":"<!-- This site is optimized with the Yoast SEO plugin v27.3 - https:\/\/yoast.com\/product\/yoast-seo-wordpress\/ -->\n<title>Tene.ee - Valmis pihavaja Karina, lasi-ikkunat<\/title>\n<meta name=\"description\" content=\"Tene.ee Valmis pihavaja Karina, lasi-ikkunat\" \/>\n<meta name=\"robots\" content=\"index, follow, max-snippet:-1, max-image-preview:large, max-video-preview:-1\" \/>\n<link rel=\"canonical\" href=\"https:\/\/tene.ee\/fi\/toode\/valmis-aiakuur-karina-aknad-klaaspaketiga\/\" \/>\n<meta property=\"og:locale\" content=\"fi_FI\" \/>\n<meta property=\"og:type\" content=\"article\" \/>\n<meta property=\"og:title\" content=\"Tene.ee - Valmis pihavaja Karina, lasi-ikkunat\" \/>\n<meta property=\"og:description\" content=\"Tene.ee Valmis pihavaja Karina, lasi-ikkunat\" \/>\n<meta property=\"og:url\" content=\"https:\/\/tene.ee\/fi\/toode\/valmis-aiakuur-karina-aknad-klaaspaketiga\/\" \/>\n<meta property=\"og:site_name\" content=\"Tene.ee\" \/>\n<meta property=\"article:publisher\" content=\"https:\/\/www.facebook.com\/teneaiamajad\" \/>\n<meta property=\"article:modified_time\" content=\"2024-11-28T09:16:35+00:00\" \/>\n<meta property=\"og:image\" content=\"https:\/\/tene.ee\/wp-content\/uploads\/2024\/07\/Karina-1-1024x683.jpg\" \/>\n\t<meta property=\"og:image:width\" content=\"1024\" \/>\n\t<meta property=\"og:image:height\" content=\"683\" \/>\n\t<meta property=\"og:image:type\" content=\"image\/jpeg\" \/>\n<meta name=\"twitter:card\" content=\"summary_large_image\" \/>\n<meta name=\"twitter:label1\" content=\"Arvioitu lukuaika\" \/>\n\t<meta name=\"twitter:data1\" content=\"1 minuutti\" \/>\n<script type=\"application\/ld+json\" class=\"yoast-schema-graph\">{\"@context\":\"https:\\\/\\\/schema.org\",\"@graph\":[{\"@type\":\"WebPage\",\"@id\":\"https:\\\/\\\/tene.ee\\\/fi\\\/toode\\\/valmis-aiakuur-karina-aknad-klaaspaketiga\\\/\",\"url\":\"https:\\\/\\\/tene.ee\\\/fi\\\/toode\\\/valmis-aiakuur-karina-aknad-klaaspaketiga\\\/\",\"name\":\"Tene.ee - Valmis pihavaja Karina, lasi-ikkunat\",\"isPartOf\":{\"@id\":\"https:\\\/\\\/tene.ee\\\/fi\\\/#website\"},\"primaryImageOfPage\":{\"@id\":\"https:\\\/\\\/tene.ee\\\/fi\\\/toode\\\/valmis-aiakuur-karina-aknad-klaaspaketiga\\\/#primaryimage\"},\"image\":{\"@id\":\"https:\\\/\\\/tene.ee\\\/fi\\\/toode\\\/valmis-aiakuur-karina-aknad-klaaspaketiga\\\/#primaryimage\"},\"thumbnailUrl\":\"https:\\\/\\\/tene.ee\\\/wp-content\\\/uploads\\\/2024\\\/07\\\/Karina-1.jpg\",\"datePublished\":\"2024-07-12T13:22:40+00:00\",\"dateModified\":\"2024-11-28T09:16:35+00:00\",\"description\":\"Tene.ee Valmis pihavaja Karina, lasi-ikkunat\",\"breadcrumb\":{\"@id\":\"https:\\\/\\\/tene.ee\\\/fi\\\/toode\\\/valmis-aiakuur-karina-aknad-klaaspaketiga\\\/#breadcrumb\"},\"inLanguage\":\"fi\",\"potentialAction\":[{\"@type\":\"ReadAction\",\"target\":[\"https:\\\/\\\/tene.ee\\\/fi\\\/toode\\\/valmis-aiakuur-karina-aknad-klaaspaketiga\\\/\"]}]},{\"@type\":\"ImageObject\",\"inLanguage\":\"fi\",\"@id\":\"https:\\\/\\\/tene.ee\\\/fi\\\/toode\\\/valmis-aiakuur-karina-aknad-klaaspaketiga\\\/#primaryimage\",\"url\":\"https:\\\/\\\/tene.ee\\\/wp-content\\\/uploads\\\/2024\\\/07\\\/Karina-1.jpg\",\"contentUrl\":\"https:\\\/\\\/tene.ee\\\/wp-content\\\/uploads\\\/2024\\\/07\\\/Karina-1.jpg\",\"width\":2500,\"height\":1667},{\"@type\":\"BreadcrumbList\",\"@id\":\"https:\\\/\\\/tene.ee\\\/fi\\\/toode\\\/valmis-aiakuur-karina-aknad-klaaspaketiga\\\/#breadcrumb\",\"itemListElement\":[{\"@type\":\"ListItem\",\"position\":1,\"name\":\"Avaleht\",\"item\":\"http:\\\/\\\/tene.ee\\\/fi\\\/\"},{\"@type\":\"ListItem\",\"position\":2,\"name\":\"Kaikki tuotteet\",\"item\":\"http:\\\/\\\/tene.ee\\\/fi\\\/shop\\\/\"},{\"@type\":\"ListItem\",\"position\":3,\"name\":\"Valmis pihavaja Karina, lasi-ikkunat\"}]},{\"@type\":\"WebSite\",\"@id\":\"https:\\\/\\\/tene.ee\\\/fi\\\/#website\",\"url\":\"https:\\\/\\\/tene.ee\\\/fi\\\/\",\"name\":\"Tene.ee - Kaunite hetkede jaoks sinu aias\",\"description\":\"Tene.ee - parimad puit- ja aiamajad otse tootjalt\",\"publisher\":{\"@id\":\"https:\\\/\\\/tene.ee\\\/fi\\\/#organization\"},\"alternateName\":\"Tene.ee\",\"potentialAction\":[{\"@type\":\"SearchAction\",\"target\":{\"@type\":\"EntryPoint\",\"urlTemplate\":\"https:\\\/\\\/tene.ee\\\/fi\\\/?s={search_term_string}\"},\"query-input\":{\"@type\":\"PropertyValueSpecification\",\"valueRequired\":true,\"valueName\":\"search_term_string\"}}],\"inLanguage\":\"fi\"},{\"@type\":\"Organization\",\"@id\":\"https:\\\/\\\/tene.ee\\\/fi\\\/#organization\",\"name\":\"Tene.ee\",\"url\":\"https:\\\/\\\/tene.ee\\\/fi\\\/\",\"logo\":{\"@type\":\"ImageObject\",\"inLanguage\":\"fi\",\"@id\":\"https:\\\/\\\/tene.ee\\\/fi\\\/#\\\/schema\\\/logo\\\/image\\\/\",\"url\":\"https:\\\/\\\/tene.ee\\\/wp-content\\\/uploads\\\/2024\\\/12\\\/TENE-logo-2018-2.png\",\"contentUrl\":\"https:\\\/\\\/tene.ee\\\/wp-content\\\/uploads\\\/2024\\\/12\\\/TENE-logo-2018-2.png\",\"width\":2339,\"height\":1654,\"caption\":\"Tene.ee\"},\"image\":{\"@id\":\"https:\\\/\\\/tene.ee\\\/fi\\\/#\\\/schema\\\/logo\\\/image\\\/\"},\"sameAs\":[\"https:\\\/\\\/www.facebook.com\\\/teneaiamajad\"]}]}<\/script>\n<!-- \/ Yoast SEO plugin. -->","yoast_head_json":{"title":"Tene.ee - Valmis pihavaja Karina, lasi-ikkunat","description":"Tene.ee Valmis pihavaja Karina, lasi-ikkunat","robots":{"index":"index","follow":"follow","max-snippet":"max-snippet:-1","max-image-preview":"max-image-preview:large","max-video-preview":"max-video-preview:-1"},"canonical":"https:\/\/tene.ee\/fi\/toode\/valmis-aiakuur-karina-aknad-klaaspaketiga\/","og_locale":"fi_FI","og_type":"article","og_title":"Tene.ee - Valmis pihavaja Karina, lasi-ikkunat","og_description":"Tene.ee Valmis pihavaja Karina, lasi-ikkunat","og_url":"https:\/\/tene.ee\/fi\/toode\/valmis-aiakuur-karina-aknad-klaaspaketiga\/","og_site_name":"Tene.ee","article_publisher":"https:\/\/www.facebook.com\/teneaiamajad","article_modified_time":"2024-11-28T09:16:35+00:00","og_image":[{"width":1024,"height":683,"url":"https:\/\/tene.ee\/wp-content\/uploads\/2024\/07\/Karina-1-1024x683.jpg","type":"image\/jpeg"}],"twitter_card":"summary_large_image","twitter_misc":{"Arvioitu lukuaika":"1 minuutti"},"schema":{"@context":"https:\/\/schema.org","@graph":[{"@type":"WebPage","@id":"https:\/\/tene.ee\/fi\/toode\/valmis-aiakuur-karina-aknad-klaaspaketiga\/","url":"https:\/\/tene.ee\/fi\/toode\/valmis-aiakuur-karina-aknad-klaaspaketiga\/","name":"Tene.ee - Valmis pihavaja Karina, lasi-ikkunat","isPartOf":{"@id":"https:\/\/tene.ee\/fi\/#website"},"primaryImageOfPage":{"@id":"https:\/\/tene.ee\/fi\/toode\/valmis-aiakuur-karina-aknad-klaaspaketiga\/#primaryimage"},"image":{"@id":"https:\/\/tene.ee\/fi\/toode\/valmis-aiakuur-karina-aknad-klaaspaketiga\/#primaryimage"},"thumbnailUrl":"https:\/\/tene.ee\/wp-content\/uploads\/2024\/07\/Karina-1.jpg","datePublished":"2024-07-12T13:22:40+00:00","dateModified":"2024-11-28T09:16:35+00:00","description":"Tene.ee Valmis pihavaja Karina, lasi-ikkunat","breadcrumb":{"@id":"https:\/\/tene.ee\/fi\/toode\/valmis-aiakuur-karina-aknad-klaaspaketiga\/#breadcrumb"},"inLanguage":"fi","potentialAction":[{"@type":"ReadAction","target":["https:\/\/tene.ee\/fi\/toode\/valmis-aiakuur-karina-aknad-klaaspaketiga\/"]}]},{"@type":"ImageObject","inLanguage":"fi","@id":"https:\/\/tene.ee\/fi\/toode\/valmis-aiakuur-karina-aknad-klaaspaketiga\/#primaryimage","url":"https:\/\/tene.ee\/wp-content\/uploads\/2024\/07\/Karina-1.jpg","contentUrl":"https:\/\/tene.ee\/wp-content\/uploads\/2024\/07\/Karina-1.jpg","width":2500,"height":1667},{"@type":"BreadcrumbList","@id":"https:\/\/tene.ee\/fi\/toode\/valmis-aiakuur-karina-aknad-klaaspaketiga\/#breadcrumb","itemListElement":[{"@type":"ListItem","position":1,"name":"Avaleht","item":"http:\/\/tene.ee\/fi\/"},{"@type":"ListItem","position":2,"name":"Kaikki tuotteet","item":"http:\/\/tene.ee\/fi\/shop\/"},{"@type":"ListItem","position":3,"name":"Valmis pihavaja Karina, lasi-ikkunat"}]},{"@type":"WebSite","@id":"https:\/\/tene.ee\/fi\/#website","url":"https:\/\/tene.ee\/fi\/","name":"Tene.ee - Kaunite hetkede jaoks sinu aias","description":"Tene.ee - parimad puit- ja aiamajad otse tootjalt","publisher":{"@id":"https:\/\/tene.ee\/fi\/#organization"},"alternateName":"Tene.ee","potentialAction":[{"@type":"SearchAction","target":{"@type":"EntryPoint","urlTemplate":"https:\/\/tene.ee\/fi\/?s={search_term_string}"},"query-input":{"@type":"PropertyValueSpecification","valueRequired":true,"valueName":"search_term_string"}}],"inLanguage":"fi"},{"@type":"Organization","@id":"https:\/\/tene.ee\/fi\/#organization","name":"Tene.ee","url":"https:\/\/tene.ee\/fi\/","logo":{"@type":"ImageObject","inLanguage":"fi","@id":"https:\/\/tene.ee\/fi\/#\/schema\/logo\/image\/","url":"https:\/\/tene.ee\/wp-content\/uploads\/2024\/12\/TENE-logo-2018-2.png","contentUrl":"https:\/\/tene.ee\/wp-content\/uploads\/2024\/12\/TENE-logo-2018-2.png","width":2339,"height":1654,"caption":"Tene.ee"},"image":{"@id":"https:\/\/tene.ee\/fi\/#\/schema\/logo\/image\/"},"sameAs":["https:\/\/www.facebook.com\/teneaiamajad"]}]}},"_links":{"self":[{"href":"https:\/\/tene.ee\/fi\/wp-json\/wp\/v2\/product\/15774","targetHints":{"allow":["GET"]}}],"collection":[{"href":"https:\/\/tene.ee\/fi\/wp-json\/wp\/v2\/product"}],"about":[{"href":"https:\/\/tene.ee\/fi\/wp-json\/wp\/v2\/types\/product"}],"wp:featuredmedia":[{"embeddable":true,"href":"https:\/\/tene.ee\/fi\/wp-json\/wp\/v2\/media\/7473"}],"wp:attachment":[{"href":"https:\/\/tene.ee\/fi\/wp-json\/wp\/v2\/media?parent=15774"}],"wp:term":[{"taxonomy":"product_brand","embeddable":true,"href":"https:\/\/tene.ee\/fi\/wp-json\/wp\/v2\/product_brand?post=15774"},{"taxonomy":"product_cat","embeddable":true,"href":"https:\/\/tene.ee\/fi\/wp-json\/wp\/v2\/product_cat?post=15774"},{"taxonomy":"product_tag","embeddable":true,"href":"https:\/\/tene.ee\/fi\/wp-json\/wp\/v2\/product_tag?post=15774"}],"curies":[{"name":"wp","href":"https:\/\/api.w.org\/{rel}","templated":true}]}}