{"id":15764,"date":"2024-07-12T16:32:38","date_gmt":"2024-07-12T13:32:38","guid":{"rendered":"https:\/\/tene.ee\/toode\/kumblustunni-ahi\/"},"modified":"2024-11-28T11:19:05","modified_gmt":"2024-11-28T09:19:05","slug":"kumblustunni-ahi","status":"publish","type":"product","link":"https:\/\/tene.ee\/fi\/toode\/kumblustunni-ahi\/","title":{"rendered":"Kylpytynnyrin kamiina"},"content":{"rendered":"<p>Sarjaan kuuluu 2 metri\u00e4 korkea ruostumattomasta ter\u00e4ksest\u00e4 valmistettu savupiippu, liit\u00e4nt\u00e4sarja kiukaan liitt\u00e4miseksi piippuun, putket ja kiinnikkeet.<br \/>\nMerialumiinista valmistettua ulkokamiinaa voidaan l\u00e4mmitt\u00e4\u00e4 enint\u00e4\u00e4n 50 cm:n pituisella puulla, mutta kamiinan l\u00e4mmitt\u00e4minen puubriketeill\u00e4 nopeuttaa veden l\u00e4mpenemist\u00e4.<br \/>\nKun kiuasta l\u00e4mmitet\u00e4\u00e4n, savupiippu ja kiukaan luukku kuumenevat, ja kiukaan muut pinnat ovat saman l\u00e4mp\u00f6isi\u00e4 kuin tynnyrin veden l\u00e4mp\u00f6tila. Tynnyrin l\u00e4mmitt\u00e4miseen kuluva aika riippuu my\u00f6s vuodenajasta, joten talvella l\u00e4mmitysaika voi olla huomattavasti pidempi kuin kes\u00e4ll\u00e4, jolloin palju l\u00e4mpenee nopeammin.<\/p>\n","protected":false},"excerpt":{"rendered":"<p>Kylpytynnyrin 30 kW:n ulkokamiina on valmistettu korkealaatuisesta merialumiinista, jolla on korkea korroosionkest\u00e4vyys ja nopea l\u00e4mm\u00f6nsiirto.<\/p>\n","protected":false},"featured_media":7593,"template":"","meta":{"_acf_changed":false},"product_brand":[],"product_cat":[241],"product_tag":[],"class_list":{"0":"post-15764","1":"product","2":"type-product","3":"status-publish","4":"has-post-thumbnail","6":"product_cat-kylpytynnyrit","8":"first","9":"instock","10":"sale","11":"purchasable","12":"product-type-simple"},"acf":[],"yoast_head":"<!-- This site is optimized with the Yoast SEO plugin v27.4 - https:\/\/yoast.com\/product\/yoast-seo-wordpress\/ -->\n<title>Tene.ee - Kylpytynnyrin kamiina<\/title>\n<meta name=\"description\" content=\"Tene.ee Kylpytynnyrin kamiina\" \/>\n<meta name=\"robots\" content=\"index, follow, max-snippet:-1, max-image-preview:large, max-video-preview:-1\" \/>\n<link rel=\"canonical\" href=\"https:\/\/tene.ee\/fi\/toode\/kumblustunni-ahi\/\" \/>\n<meta property=\"og:locale\" content=\"fi_FI\" \/>\n<meta property=\"og:type\" content=\"article\" \/>\n<meta property=\"og:title\" content=\"Tene.ee - Kylpytynnyrin kamiina\" \/>\n<meta property=\"og:description\" content=\"Tene.ee Kylpytynnyrin kamiina\" \/>\n<meta property=\"og:url\" content=\"https:\/\/tene.ee\/fi\/toode\/kumblustunni-ahi\/\" \/>\n<meta property=\"og:site_name\" content=\"Tene.ee\" \/>\n<meta property=\"article:publisher\" content=\"https:\/\/www.facebook.com\/teneaiamajad\" \/>\n<meta property=\"article:modified_time\" content=\"2024-11-28T09:19:05+00:00\" \/>\n<meta property=\"og:image\" content=\"https:\/\/tene.ee\/wp-content\/uploads\/2024\/07\/ahi_1.jpg\" \/>\n\t<meta property=\"og:image:width\" content=\"418\" \/>\n\t<meta property=\"og:image:height\" content=\"316\" \/>\n\t<meta property=\"og:image:type\" content=\"image\/jpeg\" \/>\n<meta name=\"twitter:card\" content=\"summary_large_image\" \/>\n<script type=\"application\/ld+json\" class=\"yoast-schema-graph\">{\"@context\":\"https:\\\/\\\/schema.org\",\"@graph\":[{\"@type\":\"WebPage\",\"@id\":\"https:\\\/\\\/tene.ee\\\/fi\\\/toode\\\/kumblustunni-ahi\\\/\",\"url\":\"https:\\\/\\\/tene.ee\\\/fi\\\/toode\\\/kumblustunni-ahi\\\/\",\"name\":\"Tene.ee - Kylpytynnyrin kamiina\",\"isPartOf\":{\"@id\":\"https:\\\/\\\/tene.ee\\\/fi\\\/#website\"},\"primaryImageOfPage\":{\"@id\":\"https:\\\/\\\/tene.ee\\\/fi\\\/toode\\\/kumblustunni-ahi\\\/#primaryimage\"},\"image\":{\"@id\":\"https:\\\/\\\/tene.ee\\\/fi\\\/toode\\\/kumblustunni-ahi\\\/#primaryimage\"},\"thumbnailUrl\":\"https:\\\/\\\/tene.ee\\\/wp-content\\\/uploads\\\/2024\\\/07\\\/ahi_1.jpg\",\"datePublished\":\"2024-07-12T13:32:38+00:00\",\"dateModified\":\"2024-11-28T09:19:05+00:00\",\"description\":\"Tene.ee Kylpytynnyrin kamiina\",\"breadcrumb\":{\"@id\":\"https:\\\/\\\/tene.ee\\\/fi\\\/toode\\\/kumblustunni-ahi\\\/#breadcrumb\"},\"inLanguage\":\"fi\",\"potentialAction\":[{\"@type\":\"ReadAction\",\"target\":[\"https:\\\/\\\/tene.ee\\\/fi\\\/toode\\\/kumblustunni-ahi\\\/\"]}]},{\"@type\":\"ImageObject\",\"inLanguage\":\"fi\",\"@id\":\"https:\\\/\\\/tene.ee\\\/fi\\\/toode\\\/kumblustunni-ahi\\\/#primaryimage\",\"url\":\"https:\\\/\\\/tene.ee\\\/wp-content\\\/uploads\\\/2024\\\/07\\\/ahi_1.jpg\",\"contentUrl\":\"https:\\\/\\\/tene.ee\\\/wp-content\\\/uploads\\\/2024\\\/07\\\/ahi_1.jpg\",\"width\":418,\"height\":316},{\"@type\":\"BreadcrumbList\",\"@id\":\"https:\\\/\\\/tene.ee\\\/fi\\\/toode\\\/kumblustunni-ahi\\\/#breadcrumb\",\"itemListElement\":[{\"@type\":\"ListItem\",\"position\":1,\"name\":\"Avaleht\",\"item\":\"http:\\\/\\\/tene.ee\\\/fi\\\/\"},{\"@type\":\"ListItem\",\"position\":2,\"name\":\"Kaikki tuotteet\",\"item\":\"http:\\\/\\\/tene.ee\\\/fi\\\/shop\\\/\"},{\"@type\":\"ListItem\",\"position\":3,\"name\":\"Kylpytynnyrin kamiina\"}]},{\"@type\":\"WebSite\",\"@id\":\"https:\\\/\\\/tene.ee\\\/fi\\\/#website\",\"url\":\"https:\\\/\\\/tene.ee\\\/fi\\\/\",\"name\":\"Tene.ee - Kaunite hetkede jaoks sinu aias\",\"description\":\"Tene.ee - parimad puit- ja aiamajad otse tootjalt\",\"publisher\":{\"@id\":\"https:\\\/\\\/tene.ee\\\/fi\\\/#organization\"},\"alternateName\":\"Tene.ee\",\"potentialAction\":[{\"@type\":\"SearchAction\",\"target\":{\"@type\":\"EntryPoint\",\"urlTemplate\":\"https:\\\/\\\/tene.ee\\\/fi\\\/?s={search_term_string}\"},\"query-input\":{\"@type\":\"PropertyValueSpecification\",\"valueRequired\":true,\"valueName\":\"search_term_string\"}}],\"inLanguage\":\"fi\"},{\"@type\":\"Organization\",\"@id\":\"https:\\\/\\\/tene.ee\\\/fi\\\/#organization\",\"name\":\"Tene.ee\",\"url\":\"https:\\\/\\\/tene.ee\\\/fi\\\/\",\"logo\":{\"@type\":\"ImageObject\",\"inLanguage\":\"fi\",\"@id\":\"https:\\\/\\\/tene.ee\\\/fi\\\/#\\\/schema\\\/logo\\\/image\\\/\",\"url\":\"https:\\\/\\\/tene.ee\\\/wp-content\\\/uploads\\\/2024\\\/12\\\/TENE-logo-2018-2.png\",\"contentUrl\":\"https:\\\/\\\/tene.ee\\\/wp-content\\\/uploads\\\/2024\\\/12\\\/TENE-logo-2018-2.png\",\"width\":2339,\"height\":1654,\"caption\":\"Tene.ee\"},\"image\":{\"@id\":\"https:\\\/\\\/tene.ee\\\/fi\\\/#\\\/schema\\\/logo\\\/image\\\/\"},\"sameAs\":[\"https:\\\/\\\/www.facebook.com\\\/teneaiamajad\"]}]}<\/script>\n<!-- \/ Yoast SEO plugin. -->","yoast_head_json":{"title":"Tene.ee - Kylpytynnyrin kamiina","description":"Tene.ee Kylpytynnyrin kamiina","robots":{"index":"index","follow":"follow","max-snippet":"max-snippet:-1","max-image-preview":"max-image-preview:large","max-video-preview":"max-video-preview:-1"},"canonical":"https:\/\/tene.ee\/fi\/toode\/kumblustunni-ahi\/","og_locale":"fi_FI","og_type":"article","og_title":"Tene.ee - Kylpytynnyrin kamiina","og_description":"Tene.ee Kylpytynnyrin kamiina","og_url":"https:\/\/tene.ee\/fi\/toode\/kumblustunni-ahi\/","og_site_name":"Tene.ee","article_publisher":"https:\/\/www.facebook.com\/teneaiamajad","article_modified_time":"2024-11-28T09:19:05+00:00","og_image":[{"width":418,"height":316,"url":"https:\/\/tene.ee\/wp-content\/uploads\/2024\/07\/ahi_1.jpg","type":"image\/jpeg"}],"twitter_card":"summary_large_image","schema":{"@context":"https:\/\/schema.org","@graph":[{"@type":"WebPage","@id":"https:\/\/tene.ee\/fi\/toode\/kumblustunni-ahi\/","url":"https:\/\/tene.ee\/fi\/toode\/kumblustunni-ahi\/","name":"Tene.ee - Kylpytynnyrin kamiina","isPartOf":{"@id":"https:\/\/tene.ee\/fi\/#website"},"primaryImageOfPage":{"@id":"https:\/\/tene.ee\/fi\/toode\/kumblustunni-ahi\/#primaryimage"},"image":{"@id":"https:\/\/tene.ee\/fi\/toode\/kumblustunni-ahi\/#primaryimage"},"thumbnailUrl":"https:\/\/tene.ee\/wp-content\/uploads\/2024\/07\/ahi_1.jpg","datePublished":"2024-07-12T13:32:38+00:00","dateModified":"2024-11-28T09:19:05+00:00","description":"Tene.ee Kylpytynnyrin kamiina","breadcrumb":{"@id":"https:\/\/tene.ee\/fi\/toode\/kumblustunni-ahi\/#breadcrumb"},"inLanguage":"fi","potentialAction":[{"@type":"ReadAction","target":["https:\/\/tene.ee\/fi\/toode\/kumblustunni-ahi\/"]}]},{"@type":"ImageObject","inLanguage":"fi","@id":"https:\/\/tene.ee\/fi\/toode\/kumblustunni-ahi\/#primaryimage","url":"https:\/\/tene.ee\/wp-content\/uploads\/2024\/07\/ahi_1.jpg","contentUrl":"https:\/\/tene.ee\/wp-content\/uploads\/2024\/07\/ahi_1.jpg","width":418,"height":316},{"@type":"BreadcrumbList","@id":"https:\/\/tene.ee\/fi\/toode\/kumblustunni-ahi\/#breadcrumb","itemListElement":[{"@type":"ListItem","position":1,"name":"Avaleht","item":"http:\/\/tene.ee\/fi\/"},{"@type":"ListItem","position":2,"name":"Kaikki tuotteet","item":"http:\/\/tene.ee\/fi\/shop\/"},{"@type":"ListItem","position":3,"name":"Kylpytynnyrin kamiina"}]},{"@type":"WebSite","@id":"https:\/\/tene.ee\/fi\/#website","url":"https:\/\/tene.ee\/fi\/","name":"Tene.ee - Kaunite hetkede jaoks sinu aias","description":"Tene.ee - parimad puit- ja aiamajad otse tootjalt","publisher":{"@id":"https:\/\/tene.ee\/fi\/#organization"},"alternateName":"Tene.ee","potentialAction":[{"@type":"SearchAction","target":{"@type":"EntryPoint","urlTemplate":"https:\/\/tene.ee\/fi\/?s={search_term_string}"},"query-input":{"@type":"PropertyValueSpecification","valueRequired":true,"valueName":"search_term_string"}}],"inLanguage":"fi"},{"@type":"Organization","@id":"https:\/\/tene.ee\/fi\/#organization","name":"Tene.ee","url":"https:\/\/tene.ee\/fi\/","logo":{"@type":"ImageObject","inLanguage":"fi","@id":"https:\/\/tene.ee\/fi\/#\/schema\/logo\/image\/","url":"https:\/\/tene.ee\/wp-content\/uploads\/2024\/12\/TENE-logo-2018-2.png","contentUrl":"https:\/\/tene.ee\/wp-content\/uploads\/2024\/12\/TENE-logo-2018-2.png","width":2339,"height":1654,"caption":"Tene.ee"},"image":{"@id":"https:\/\/tene.ee\/fi\/#\/schema\/logo\/image\/"},"sameAs":["https:\/\/www.facebook.com\/teneaiamajad"]}]}},"_links":{"self":[{"href":"https:\/\/tene.ee\/fi\/wp-json\/wp\/v2\/product\/15764","targetHints":{"allow":["GET"]}}],"collection":[{"href":"https:\/\/tene.ee\/fi\/wp-json\/wp\/v2\/product"}],"about":[{"href":"https:\/\/tene.ee\/fi\/wp-json\/wp\/v2\/types\/product"}],"wp:featuredmedia":[{"embeddable":true,"href":"https:\/\/tene.ee\/fi\/wp-json\/wp\/v2\/media\/7593"}],"wp:attachment":[{"href":"https:\/\/tene.ee\/fi\/wp-json\/wp\/v2\/media?parent=15764"}],"wp:term":[{"taxonomy":"product_brand","embeddable":true,"href":"https:\/\/tene.ee\/fi\/wp-json\/wp\/v2\/product_brand?post=15764"},{"taxonomy":"product_cat","embeddable":true,"href":"https:\/\/tene.ee\/fi\/wp-json\/wp\/v2\/product_cat?post=15764"},{"taxonomy":"product_tag","embeddable":true,"href":"https:\/\/tene.ee\/fi\/wp-json\/wp\/v2\/product_tag?post=15764"}],"curies":[{"name":"wp","href":"https:\/\/api.w.org\/{rel}","templated":true}]}}