{"id":15763,"date":"2024-07-12T16:32:38","date_gmt":"2024-07-12T13:32:38","guid":{"rendered":"https:\/\/tene.ee\/toode\/saunaiglu-kris-2-ruumiga-238-x-387-cm\/"},"modified":"2025-12-03T09:10:17","modified_gmt":"2025-12-03T07:10:17","slug":"saunaiglu-kris-2-ruumiga-238-x-387-cm","status":"publish","type":"product","link":"https:\/\/tene.ee\/fi\/toode\/saunaiglu-kris-2-ruumiga-238-x-387-cm\/","title":{"rendered":"Saunaiglu Kris, 2 huonetta 238 x 387 cm"},"content":{"rendered":"<p>Tene Kaubandus\u2019n piharakennustehtaalla rakennettu saunaiglu Kris on k\u00e4ytt\u00f6valmis. Kuljetamme tuotteen kaikkialle, minne p\u00e4\u00e4see nosturiautolla.<\/p>\n<p><strong>T\u00e4ydellinen saunaiglupaketti sis\u00e4lt\u00e4\u00e4:<\/strong><\/p>\n<p>Puumateriaalina on k\u00e4ytetty 100 % pohjoismaista laatukuusta<br \/>\n2 huonetta: pukuhuone ja sauna<br \/>\nLauteet<br \/>\nPenkit pukuhuoneessa ja terassilla<br \/>\nPuul\u00e4mmitteinen metalliverkkopintainen kiuas<br \/>\nLaadukas 22 L vesis\u00e4ili\u00f6llinen ja sulkupellillinen savupiippu<br \/>\nKiuaskivet 100 kg<br \/>\nL\u00e4mm\u00f6nkest\u00e4v\u00e4 kiukaan alusta, ymp\u00e4ryst\u00e4 ja takasein\u00e4<br \/>\nMaalattu ulkopuolelta Teknoksen AQUAPRIMER-tartuntapohjamaalilla, s\u00e4vy TM 1824<br \/>\nMusta palahuopakatto<br \/>\nKaton reuna- ja r\u00e4yst\u00e4spaneelit, musta v\u00e4ri<br \/>\nLukittava v\u00e4liovi<br \/>\nL\u00f6yly- ja pukuhuoneen ovet ovat karkaistua lasia<br \/>\nL\u00f6ylyhuoneen ikkuna on karkaistua lasia<br \/>\nSein\u00e4n paksuus: 40 mm<br \/>\nUlkomitat: 238 x 387 cm<br \/>\nPaino: n. 1 200 kg<\/p>\n","protected":false},"excerpt":{"rendered":"<p>Valmis saunaiglu Kris, musta palahuopakatto, puukiuas ja kiuaskivet (100 kg), laadukas vesis\u00e4ili\u00f6llinen ja sulkupellillinen savupiippu. Maalattu ulkopuolelta Teknoksen AQUAPRIMER-tartuntapohjamaalilla, s\u00e4vy TM 1824.<\/p>\n<p>Saunan kiuas on saatavana my\u00f6s s\u00e4hk\u00f6kiukaallisena.<\/p>\n<p><strong>Hinta ei sis\u00e4ll\u00e4 tuotteen kuljetusta.<\/strong><\/p>\n","protected":false},"featured_media":8257,"template":"","meta":{"_acf_changed":false},"product_brand":[],"product_cat":[293,242,294],"product_tag":[],"class_list":{"0":"post-15763","1":"product","2":"type-product","3":"status-publish","4":"has-post-thumbnail","6":"product_cat-iglusaunat","7":"product_cat-saunat","8":"product_cat-valmissaunat","9":"product_shipping_class-390e-fi","10":"pa_seina-paksus-40-mm-fi","11":"pa_vali-keris-huum-elektrikeris-fi","12":"pa_vali-keris-puukuttega-skamet-keris-fi","14":"first","15":"onbackorder","16":"sale","17":"purchasable","18":"product-type-simple"},"acf":[],"yoast_head":"<!-- This site is optimized with the Yoast SEO plugin v27.3 - https:\/\/yoast.com\/product\/yoast-seo-wordpress\/ -->\n<title>Tene.ee - Saunaiglu Kris, 2 huonetta 238 x 387 cm<\/title>\n<meta name=\"description\" content=\"Tene.ee Saunaiglu Kris, 2 huonetta 238 x 387 cm\" \/>\n<meta name=\"robots\" content=\"index, follow, max-snippet:-1, max-image-preview:large, max-video-preview:-1\" \/>\n<link rel=\"canonical\" href=\"https:\/\/tene.ee\/fi\/toode\/saunaiglu-kris-2-ruumiga-238-x-387-cm\/\" \/>\n<meta property=\"og:locale\" content=\"fi_FI\" \/>\n<meta property=\"og:type\" content=\"article\" \/>\n<meta property=\"og:title\" content=\"Tene.ee - Saunaiglu Kris, 2 huonetta 238 x 387 cm\" \/>\n<meta property=\"og:description\" content=\"Tene.ee Saunaiglu Kris, 2 huonetta 238 x 387 cm\" \/>\n<meta property=\"og:url\" content=\"https:\/\/tene.ee\/fi\/toode\/saunaiglu-kris-2-ruumiga-238-x-387-cm\/\" \/>\n<meta property=\"og:site_name\" content=\"Tene.ee\" \/>\n<meta property=\"article:publisher\" content=\"https:\/\/www.facebook.com\/teneaiamajad\" \/>\n<meta property=\"article:modified_time\" content=\"2025-12-03T07:10:17+00:00\" \/>\n<meta property=\"og:image\" content=\"https:\/\/tene.ee\/wp-content\/uploads\/2024\/07\/Kris_ok-1024x683.jpg\" \/>\n\t<meta property=\"og:image:width\" content=\"1024\" \/>\n\t<meta property=\"og:image:height\" content=\"683\" \/>\n\t<meta property=\"og:image:type\" content=\"image\/jpeg\" \/>\n<meta name=\"twitter:card\" content=\"summary_large_image\" \/>\n<meta name=\"twitter:label1\" content=\"Arvioitu lukuaika\" \/>\n\t<meta name=\"twitter:data1\" content=\"1 minuutti\" \/>\n<script type=\"application\/ld+json\" class=\"yoast-schema-graph\">{\"@context\":\"https:\\\/\\\/schema.org\",\"@graph\":[{\"@type\":\"WebPage\",\"@id\":\"https:\\\/\\\/tene.ee\\\/fi\\\/toode\\\/saunaiglu-kris-2-ruumiga-238-x-387-cm\\\/\",\"url\":\"https:\\\/\\\/tene.ee\\\/fi\\\/toode\\\/saunaiglu-kris-2-ruumiga-238-x-387-cm\\\/\",\"name\":\"Tene.ee - Saunaiglu Kris, 2 huonetta 238 x 387 cm\",\"isPartOf\":{\"@id\":\"https:\\\/\\\/tene.ee\\\/fi\\\/#website\"},\"primaryImageOfPage\":{\"@id\":\"https:\\\/\\\/tene.ee\\\/fi\\\/toode\\\/saunaiglu-kris-2-ruumiga-238-x-387-cm\\\/#primaryimage\"},\"image\":{\"@id\":\"https:\\\/\\\/tene.ee\\\/fi\\\/toode\\\/saunaiglu-kris-2-ruumiga-238-x-387-cm\\\/#primaryimage\"},\"thumbnailUrl\":\"https:\\\/\\\/tene.ee\\\/wp-content\\\/uploads\\\/2024\\\/07\\\/Kris_ok.jpg\",\"datePublished\":\"2024-07-12T13:32:38+00:00\",\"dateModified\":\"2025-12-03T07:10:17+00:00\",\"description\":\"Tene.ee Saunaiglu Kris, 2 huonetta 238 x 387 cm\",\"breadcrumb\":{\"@id\":\"https:\\\/\\\/tene.ee\\\/fi\\\/toode\\\/saunaiglu-kris-2-ruumiga-238-x-387-cm\\\/#breadcrumb\"},\"inLanguage\":\"fi\",\"potentialAction\":[{\"@type\":\"ReadAction\",\"target\":[\"https:\\\/\\\/tene.ee\\\/fi\\\/toode\\\/saunaiglu-kris-2-ruumiga-238-x-387-cm\\\/\"]}]},{\"@type\":\"ImageObject\",\"inLanguage\":\"fi\",\"@id\":\"https:\\\/\\\/tene.ee\\\/fi\\\/toode\\\/saunaiglu-kris-2-ruumiga-238-x-387-cm\\\/#primaryimage\",\"url\":\"https:\\\/\\\/tene.ee\\\/wp-content\\\/uploads\\\/2024\\\/07\\\/Kris_ok.jpg\",\"contentUrl\":\"https:\\\/\\\/tene.ee\\\/wp-content\\\/uploads\\\/2024\\\/07\\\/Kris_ok.jpg\",\"width\":2500,\"height\":1667},{\"@type\":\"BreadcrumbList\",\"@id\":\"https:\\\/\\\/tene.ee\\\/fi\\\/toode\\\/saunaiglu-kris-2-ruumiga-238-x-387-cm\\\/#breadcrumb\",\"itemListElement\":[{\"@type\":\"ListItem\",\"position\":1,\"name\":\"Avaleht\",\"item\":\"http:\\\/\\\/tene.ee\\\/fi\\\/\"},{\"@type\":\"ListItem\",\"position\":2,\"name\":\"Kaikki tuotteet\",\"item\":\"http:\\\/\\\/tene.ee\\\/fi\\\/shop\\\/\"},{\"@type\":\"ListItem\",\"position\":3,\"name\":\"Saunaiglu Kris, 2 huonetta 238 x 387 cm\"}]},{\"@type\":\"WebSite\",\"@id\":\"https:\\\/\\\/tene.ee\\\/fi\\\/#website\",\"url\":\"https:\\\/\\\/tene.ee\\\/fi\\\/\",\"name\":\"Tene.ee - Kaunite hetkede jaoks sinu aias\",\"description\":\"Tene.ee - parimad puit- ja aiamajad otse tootjalt\",\"publisher\":{\"@id\":\"https:\\\/\\\/tene.ee\\\/fi\\\/#organization\"},\"alternateName\":\"Tene.ee\",\"potentialAction\":[{\"@type\":\"SearchAction\",\"target\":{\"@type\":\"EntryPoint\",\"urlTemplate\":\"https:\\\/\\\/tene.ee\\\/fi\\\/?s={search_term_string}\"},\"query-input\":{\"@type\":\"PropertyValueSpecification\",\"valueRequired\":true,\"valueName\":\"search_term_string\"}}],\"inLanguage\":\"fi\"},{\"@type\":\"Organization\",\"@id\":\"https:\\\/\\\/tene.ee\\\/fi\\\/#organization\",\"name\":\"Tene.ee\",\"url\":\"https:\\\/\\\/tene.ee\\\/fi\\\/\",\"logo\":{\"@type\":\"ImageObject\",\"inLanguage\":\"fi\",\"@id\":\"https:\\\/\\\/tene.ee\\\/fi\\\/#\\\/schema\\\/logo\\\/image\\\/\",\"url\":\"https:\\\/\\\/tene.ee\\\/wp-content\\\/uploads\\\/2024\\\/12\\\/TENE-logo-2018-2.png\",\"contentUrl\":\"https:\\\/\\\/tene.ee\\\/wp-content\\\/uploads\\\/2024\\\/12\\\/TENE-logo-2018-2.png\",\"width\":2339,\"height\":1654,\"caption\":\"Tene.ee\"},\"image\":{\"@id\":\"https:\\\/\\\/tene.ee\\\/fi\\\/#\\\/schema\\\/logo\\\/image\\\/\"},\"sameAs\":[\"https:\\\/\\\/www.facebook.com\\\/teneaiamajad\"]}]}<\/script>\n<!-- \/ Yoast SEO plugin. -->","yoast_head_json":{"title":"Tene.ee - Saunaiglu Kris, 2 huonetta 238 x 387 cm","description":"Tene.ee Saunaiglu Kris, 2 huonetta 238 x 387 cm","robots":{"index":"index","follow":"follow","max-snippet":"max-snippet:-1","max-image-preview":"max-image-preview:large","max-video-preview":"max-video-preview:-1"},"canonical":"https:\/\/tene.ee\/fi\/toode\/saunaiglu-kris-2-ruumiga-238-x-387-cm\/","og_locale":"fi_FI","og_type":"article","og_title":"Tene.ee - Saunaiglu Kris, 2 huonetta 238 x 387 cm","og_description":"Tene.ee Saunaiglu Kris, 2 huonetta 238 x 387 cm","og_url":"https:\/\/tene.ee\/fi\/toode\/saunaiglu-kris-2-ruumiga-238-x-387-cm\/","og_site_name":"Tene.ee","article_publisher":"https:\/\/www.facebook.com\/teneaiamajad","article_modified_time":"2025-12-03T07:10:17+00:00","og_image":[{"width":1024,"height":683,"url":"https:\/\/tene.ee\/wp-content\/uploads\/2024\/07\/Kris_ok-1024x683.jpg","type":"image\/jpeg"}],"twitter_card":"summary_large_image","twitter_misc":{"Arvioitu lukuaika":"1 minuutti"},"schema":{"@context":"https:\/\/schema.org","@graph":[{"@type":"WebPage","@id":"https:\/\/tene.ee\/fi\/toode\/saunaiglu-kris-2-ruumiga-238-x-387-cm\/","url":"https:\/\/tene.ee\/fi\/toode\/saunaiglu-kris-2-ruumiga-238-x-387-cm\/","name":"Tene.ee - Saunaiglu Kris, 2 huonetta 238 x 387 cm","isPartOf":{"@id":"https:\/\/tene.ee\/fi\/#website"},"primaryImageOfPage":{"@id":"https:\/\/tene.ee\/fi\/toode\/saunaiglu-kris-2-ruumiga-238-x-387-cm\/#primaryimage"},"image":{"@id":"https:\/\/tene.ee\/fi\/toode\/saunaiglu-kris-2-ruumiga-238-x-387-cm\/#primaryimage"},"thumbnailUrl":"https:\/\/tene.ee\/wp-content\/uploads\/2024\/07\/Kris_ok.jpg","datePublished":"2024-07-12T13:32:38+00:00","dateModified":"2025-12-03T07:10:17+00:00","description":"Tene.ee Saunaiglu Kris, 2 huonetta 238 x 387 cm","breadcrumb":{"@id":"https:\/\/tene.ee\/fi\/toode\/saunaiglu-kris-2-ruumiga-238-x-387-cm\/#breadcrumb"},"inLanguage":"fi","potentialAction":[{"@type":"ReadAction","target":["https:\/\/tene.ee\/fi\/toode\/saunaiglu-kris-2-ruumiga-238-x-387-cm\/"]}]},{"@type":"ImageObject","inLanguage":"fi","@id":"https:\/\/tene.ee\/fi\/toode\/saunaiglu-kris-2-ruumiga-238-x-387-cm\/#primaryimage","url":"https:\/\/tene.ee\/wp-content\/uploads\/2024\/07\/Kris_ok.jpg","contentUrl":"https:\/\/tene.ee\/wp-content\/uploads\/2024\/07\/Kris_ok.jpg","width":2500,"height":1667},{"@type":"BreadcrumbList","@id":"https:\/\/tene.ee\/fi\/toode\/saunaiglu-kris-2-ruumiga-238-x-387-cm\/#breadcrumb","itemListElement":[{"@type":"ListItem","position":1,"name":"Avaleht","item":"http:\/\/tene.ee\/fi\/"},{"@type":"ListItem","position":2,"name":"Kaikki tuotteet","item":"http:\/\/tene.ee\/fi\/shop\/"},{"@type":"ListItem","position":3,"name":"Saunaiglu Kris, 2 huonetta 238 x 387 cm"}]},{"@type":"WebSite","@id":"https:\/\/tene.ee\/fi\/#website","url":"https:\/\/tene.ee\/fi\/","name":"Tene.ee - Kaunite hetkede jaoks sinu aias","description":"Tene.ee - parimad puit- ja aiamajad otse tootjalt","publisher":{"@id":"https:\/\/tene.ee\/fi\/#organization"},"alternateName":"Tene.ee","potentialAction":[{"@type":"SearchAction","target":{"@type":"EntryPoint","urlTemplate":"https:\/\/tene.ee\/fi\/?s={search_term_string}"},"query-input":{"@type":"PropertyValueSpecification","valueRequired":true,"valueName":"search_term_string"}}],"inLanguage":"fi"},{"@type":"Organization","@id":"https:\/\/tene.ee\/fi\/#organization","name":"Tene.ee","url":"https:\/\/tene.ee\/fi\/","logo":{"@type":"ImageObject","inLanguage":"fi","@id":"https:\/\/tene.ee\/fi\/#\/schema\/logo\/image\/","url":"https:\/\/tene.ee\/wp-content\/uploads\/2024\/12\/TENE-logo-2018-2.png","contentUrl":"https:\/\/tene.ee\/wp-content\/uploads\/2024\/12\/TENE-logo-2018-2.png","width":2339,"height":1654,"caption":"Tene.ee"},"image":{"@id":"https:\/\/tene.ee\/fi\/#\/schema\/logo\/image\/"},"sameAs":["https:\/\/www.facebook.com\/teneaiamajad"]}]}},"_links":{"self":[{"href":"https:\/\/tene.ee\/fi\/wp-json\/wp\/v2\/product\/15763","targetHints":{"allow":["GET"]}}],"collection":[{"href":"https:\/\/tene.ee\/fi\/wp-json\/wp\/v2\/product"}],"about":[{"href":"https:\/\/tene.ee\/fi\/wp-json\/wp\/v2\/types\/product"}],"wp:featuredmedia":[{"embeddable":true,"href":"https:\/\/tene.ee\/fi\/wp-json\/wp\/v2\/media\/8257"}],"wp:attachment":[{"href":"https:\/\/tene.ee\/fi\/wp-json\/wp\/v2\/media?parent=15763"}],"wp:term":[{"taxonomy":"product_brand","embeddable":true,"href":"https:\/\/tene.ee\/fi\/wp-json\/wp\/v2\/product_brand?post=15763"},{"taxonomy":"product_cat","embeddable":true,"href":"https:\/\/tene.ee\/fi\/wp-json\/wp\/v2\/product_cat?post=15763"},{"taxonomy":"product_tag","embeddable":true,"href":"https:\/\/tene.ee\/fi\/wp-json\/wp\/v2\/product_tag?post=15763"}],"curies":[{"name":"wp","href":"https:\/\/api.w.org\/{rel}","templated":true}]}}