{"id":15731,"date":"2024-07-12T16:45:08","date_gmt":"2024-07-12T13:45:08","guid":{"rendered":"https:\/\/tene.ee\/toode\/valmis-ehitatud-aiamaja-gloria-h\/"},"modified":"2024-11-28T11:19:08","modified_gmt":"2024-11-28T09:19:08","slug":"valmis-ehitatud-aiamaja-gloria-h","status":"publish","type":"product","link":"https:\/\/tene.ee\/fi\/toode\/valmis-ehitatud-aiamaja-gloria-h\/","title":{"rendered":"Valmiiksi rakennettu puutarhatalo Gloria H"},"content":{"rendered":"<p>TENE-valmiit puutarhatalot ja -vajat rakennetaan sis\u00e4tiloihin, mik\u00e4 varmistaa valmiiden talojen paremman laadun ja auttaa eliminoimaan mahdolliset haitalliset viiv\u00e4stykset rakennusty\u00f6maalla (esim. huonot s\u00e4\u00e4olosuhteet).Puumateriaalina, josta saunatalot valmistetaan, on pohjoismainen 28 mm paksu korkealaatuinen kuusi Ovet on valmistettu erikoiskuivasta (8-12%) liimapuustaOven kynnys on ruostumatonta metalliaKaton pinnoite musta hunajakenno ruberoidiR\u00e4yst\u00e4\u00e4t ja reunalevytKatto profiloitua levy\u00e4\u00a0Hinta ei sis\u00e4ll\u00e4: Perustusty\u00f6t UlkoviimeistelyHinnat ovat voimassa Tenen tehdasvarastossa ja sis\u00e4lt\u00e4v\u00e4t alv:n.Hinta ei sis\u00e4ll\u00e4 valmiin saunan kuljetusta.Toimituksen hinta riippuu tarkasta toimitusosoitteesta.<\/p>\n","protected":false},"excerpt":{"rendered":"<p>Tehdasrakennettu puutarhatalo Gloria H toimitetaan asiakkaalle valmiina, eli &#8221;avaimet k\u00e4teen&#8221; -kokonaisratkaisuna. Puutarham\u00f6kki on mahdollista kuljettaa valmiissa muodossa minne tahansa, jonne p\u00e4\u00e4see nosturilla.<\/p>\n","protected":false},"featured_media":9241,"template":"","meta":{"_acf_changed":false},"product_brand":[],"product_cat":[162,261,245],"product_tag":[],"class_list":{"0":"post-15731","1":"product","2":"type-product","3":"status-publish","4":"has-post-thumbnail","6":"product_cat-piharakennukset","7":"product_cat-piharakennukset-28-mm","8":"product_cat-valmis-pihavarastot","9":"product_shipping_class-390e-fi","10":"pa_pindala-10-20-m2-fi","12":"first","13":"onbackorder","14":"sale","15":"purchasable","16":"product-type-simple"},"acf":[],"yoast_head":"<!-- This site is optimized with the Yoast SEO plugin v27.3 - https:\/\/yoast.com\/product\/yoast-seo-wordpress\/ -->\n<title>Tene.ee - Valmiiksi rakennettu puutarhatalo Gloria H<\/title>\n<meta name=\"description\" content=\"Tene.ee Valmiiksi rakennettu puutarhatalo Gloria H\" \/>\n<meta name=\"robots\" content=\"index, follow, max-snippet:-1, max-image-preview:large, max-video-preview:-1\" \/>\n<link rel=\"canonical\" href=\"https:\/\/tene.ee\/fi\/toode\/valmis-ehitatud-aiamaja-gloria-h\/\" \/>\n<meta property=\"og:locale\" content=\"fi_FI\" \/>\n<meta property=\"og:type\" content=\"article\" \/>\n<meta property=\"og:title\" content=\"Tene.ee - Valmiiksi rakennettu puutarhatalo Gloria H\" \/>\n<meta property=\"og:description\" content=\"Tene.ee Valmiiksi rakennettu puutarhatalo Gloria H\" \/>\n<meta property=\"og:url\" content=\"https:\/\/tene.ee\/fi\/toode\/valmis-ehitatud-aiamaja-gloria-h\/\" \/>\n<meta property=\"og:site_name\" content=\"Tene.ee\" \/>\n<meta property=\"article:publisher\" content=\"https:\/\/www.facebook.com\/teneaiamajad\" \/>\n<meta property=\"article:modified_time\" content=\"2024-11-28T09:19:08+00:00\" \/>\n<meta property=\"og:image\" content=\"https:\/\/tene.ee\/wp-content\/uploads\/2024\/07\/Gloria-H-3.jpg\" \/>\n\t<meta property=\"og:image:width\" content=\"1600\" \/>\n\t<meta property=\"og:image:height\" content=\"1067\" \/>\n\t<meta property=\"og:image:type\" content=\"image\/jpeg\" \/>\n<meta name=\"twitter:card\" content=\"summary_large_image\" \/>\n<script type=\"application\/ld+json\" class=\"yoast-schema-graph\">{\"@context\":\"https:\\\/\\\/schema.org\",\"@graph\":[{\"@type\":\"WebPage\",\"@id\":\"https:\\\/\\\/tene.ee\\\/fi\\\/toode\\\/valmis-ehitatud-aiamaja-gloria-h\\\/\",\"url\":\"https:\\\/\\\/tene.ee\\\/fi\\\/toode\\\/valmis-ehitatud-aiamaja-gloria-h\\\/\",\"name\":\"Tene.ee - Valmiiksi rakennettu puutarhatalo Gloria H\",\"isPartOf\":{\"@id\":\"https:\\\/\\\/tene.ee\\\/fi\\\/#website\"},\"primaryImageOfPage\":{\"@id\":\"https:\\\/\\\/tene.ee\\\/fi\\\/toode\\\/valmis-ehitatud-aiamaja-gloria-h\\\/#primaryimage\"},\"image\":{\"@id\":\"https:\\\/\\\/tene.ee\\\/fi\\\/toode\\\/valmis-ehitatud-aiamaja-gloria-h\\\/#primaryimage\"},\"thumbnailUrl\":\"https:\\\/\\\/tene.ee\\\/wp-content\\\/uploads\\\/2024\\\/07\\\/Gloria-H-3.jpg\",\"datePublished\":\"2024-07-12T13:45:08+00:00\",\"dateModified\":\"2024-11-28T09:19:08+00:00\",\"description\":\"Tene.ee Valmiiksi rakennettu puutarhatalo Gloria H\",\"breadcrumb\":{\"@id\":\"https:\\\/\\\/tene.ee\\\/fi\\\/toode\\\/valmis-ehitatud-aiamaja-gloria-h\\\/#breadcrumb\"},\"inLanguage\":\"fi\",\"potentialAction\":[{\"@type\":\"ReadAction\",\"target\":[\"https:\\\/\\\/tene.ee\\\/fi\\\/toode\\\/valmis-ehitatud-aiamaja-gloria-h\\\/\"]}]},{\"@type\":\"ImageObject\",\"inLanguage\":\"fi\",\"@id\":\"https:\\\/\\\/tene.ee\\\/fi\\\/toode\\\/valmis-ehitatud-aiamaja-gloria-h\\\/#primaryimage\",\"url\":\"https:\\\/\\\/tene.ee\\\/wp-content\\\/uploads\\\/2024\\\/07\\\/Gloria-H-3.jpg\",\"contentUrl\":\"https:\\\/\\\/tene.ee\\\/wp-content\\\/uploads\\\/2024\\\/07\\\/Gloria-H-3.jpg\",\"width\":1600,\"height\":1067},{\"@type\":\"BreadcrumbList\",\"@id\":\"https:\\\/\\\/tene.ee\\\/fi\\\/toode\\\/valmis-ehitatud-aiamaja-gloria-h\\\/#breadcrumb\",\"itemListElement\":[{\"@type\":\"ListItem\",\"position\":1,\"name\":\"Avaleht\",\"item\":\"http:\\\/\\\/tene.ee\\\/fi\\\/\"},{\"@type\":\"ListItem\",\"position\":2,\"name\":\"Kaikki tuotteet\",\"item\":\"http:\\\/\\\/tene.ee\\\/fi\\\/shop\\\/\"},{\"@type\":\"ListItem\",\"position\":3,\"name\":\"Valmiiksi rakennettu puutarhatalo Gloria H\"}]},{\"@type\":\"WebSite\",\"@id\":\"https:\\\/\\\/tene.ee\\\/fi\\\/#website\",\"url\":\"https:\\\/\\\/tene.ee\\\/fi\\\/\",\"name\":\"Tene.ee - Kaunite hetkede jaoks sinu aias\",\"description\":\"Tene.ee - parimad puit- ja aiamajad otse tootjalt\",\"publisher\":{\"@id\":\"https:\\\/\\\/tene.ee\\\/fi\\\/#organization\"},\"alternateName\":\"Tene.ee\",\"potentialAction\":[{\"@type\":\"SearchAction\",\"target\":{\"@type\":\"EntryPoint\",\"urlTemplate\":\"https:\\\/\\\/tene.ee\\\/fi\\\/?s={search_term_string}\"},\"query-input\":{\"@type\":\"PropertyValueSpecification\",\"valueRequired\":true,\"valueName\":\"search_term_string\"}}],\"inLanguage\":\"fi\"},{\"@type\":\"Organization\",\"@id\":\"https:\\\/\\\/tene.ee\\\/fi\\\/#organization\",\"name\":\"Tene.ee\",\"url\":\"https:\\\/\\\/tene.ee\\\/fi\\\/\",\"logo\":{\"@type\":\"ImageObject\",\"inLanguage\":\"fi\",\"@id\":\"https:\\\/\\\/tene.ee\\\/fi\\\/#\\\/schema\\\/logo\\\/image\\\/\",\"url\":\"https:\\\/\\\/tene.ee\\\/wp-content\\\/uploads\\\/2024\\\/12\\\/TENE-logo-2018-2.png\",\"contentUrl\":\"https:\\\/\\\/tene.ee\\\/wp-content\\\/uploads\\\/2024\\\/12\\\/TENE-logo-2018-2.png\",\"width\":2339,\"height\":1654,\"caption\":\"Tene.ee\"},\"image\":{\"@id\":\"https:\\\/\\\/tene.ee\\\/fi\\\/#\\\/schema\\\/logo\\\/image\\\/\"},\"sameAs\":[\"https:\\\/\\\/www.facebook.com\\\/teneaiamajad\"]}]}<\/script>\n<!-- \/ Yoast SEO plugin. -->","yoast_head_json":{"title":"Tene.ee - Valmiiksi rakennettu puutarhatalo Gloria H","description":"Tene.ee Valmiiksi rakennettu puutarhatalo Gloria H","robots":{"index":"index","follow":"follow","max-snippet":"max-snippet:-1","max-image-preview":"max-image-preview:large","max-video-preview":"max-video-preview:-1"},"canonical":"https:\/\/tene.ee\/fi\/toode\/valmis-ehitatud-aiamaja-gloria-h\/","og_locale":"fi_FI","og_type":"article","og_title":"Tene.ee - Valmiiksi rakennettu puutarhatalo Gloria H","og_description":"Tene.ee Valmiiksi rakennettu puutarhatalo Gloria H","og_url":"https:\/\/tene.ee\/fi\/toode\/valmis-ehitatud-aiamaja-gloria-h\/","og_site_name":"Tene.ee","article_publisher":"https:\/\/www.facebook.com\/teneaiamajad","article_modified_time":"2024-11-28T09:19:08+00:00","og_image":[{"width":1600,"height":1067,"url":"https:\/\/tene.ee\/wp-content\/uploads\/2024\/07\/Gloria-H-3.jpg","type":"image\/jpeg"}],"twitter_card":"summary_large_image","schema":{"@context":"https:\/\/schema.org","@graph":[{"@type":"WebPage","@id":"https:\/\/tene.ee\/fi\/toode\/valmis-ehitatud-aiamaja-gloria-h\/","url":"https:\/\/tene.ee\/fi\/toode\/valmis-ehitatud-aiamaja-gloria-h\/","name":"Tene.ee - Valmiiksi rakennettu puutarhatalo Gloria H","isPartOf":{"@id":"https:\/\/tene.ee\/fi\/#website"},"primaryImageOfPage":{"@id":"https:\/\/tene.ee\/fi\/toode\/valmis-ehitatud-aiamaja-gloria-h\/#primaryimage"},"image":{"@id":"https:\/\/tene.ee\/fi\/toode\/valmis-ehitatud-aiamaja-gloria-h\/#primaryimage"},"thumbnailUrl":"https:\/\/tene.ee\/wp-content\/uploads\/2024\/07\/Gloria-H-3.jpg","datePublished":"2024-07-12T13:45:08+00:00","dateModified":"2024-11-28T09:19:08+00:00","description":"Tene.ee Valmiiksi rakennettu puutarhatalo Gloria H","breadcrumb":{"@id":"https:\/\/tene.ee\/fi\/toode\/valmis-ehitatud-aiamaja-gloria-h\/#breadcrumb"},"inLanguage":"fi","potentialAction":[{"@type":"ReadAction","target":["https:\/\/tene.ee\/fi\/toode\/valmis-ehitatud-aiamaja-gloria-h\/"]}]},{"@type":"ImageObject","inLanguage":"fi","@id":"https:\/\/tene.ee\/fi\/toode\/valmis-ehitatud-aiamaja-gloria-h\/#primaryimage","url":"https:\/\/tene.ee\/wp-content\/uploads\/2024\/07\/Gloria-H-3.jpg","contentUrl":"https:\/\/tene.ee\/wp-content\/uploads\/2024\/07\/Gloria-H-3.jpg","width":1600,"height":1067},{"@type":"BreadcrumbList","@id":"https:\/\/tene.ee\/fi\/toode\/valmis-ehitatud-aiamaja-gloria-h\/#breadcrumb","itemListElement":[{"@type":"ListItem","position":1,"name":"Avaleht","item":"http:\/\/tene.ee\/fi\/"},{"@type":"ListItem","position":2,"name":"Kaikki tuotteet","item":"http:\/\/tene.ee\/fi\/shop\/"},{"@type":"ListItem","position":3,"name":"Valmiiksi rakennettu puutarhatalo Gloria H"}]},{"@type":"WebSite","@id":"https:\/\/tene.ee\/fi\/#website","url":"https:\/\/tene.ee\/fi\/","name":"Tene.ee - Kaunite hetkede jaoks sinu aias","description":"Tene.ee - parimad puit- ja aiamajad otse tootjalt","publisher":{"@id":"https:\/\/tene.ee\/fi\/#organization"},"alternateName":"Tene.ee","potentialAction":[{"@type":"SearchAction","target":{"@type":"EntryPoint","urlTemplate":"https:\/\/tene.ee\/fi\/?s={search_term_string}"},"query-input":{"@type":"PropertyValueSpecification","valueRequired":true,"valueName":"search_term_string"}}],"inLanguage":"fi"},{"@type":"Organization","@id":"https:\/\/tene.ee\/fi\/#organization","name":"Tene.ee","url":"https:\/\/tene.ee\/fi\/","logo":{"@type":"ImageObject","inLanguage":"fi","@id":"https:\/\/tene.ee\/fi\/#\/schema\/logo\/image\/","url":"https:\/\/tene.ee\/wp-content\/uploads\/2024\/12\/TENE-logo-2018-2.png","contentUrl":"https:\/\/tene.ee\/wp-content\/uploads\/2024\/12\/TENE-logo-2018-2.png","width":2339,"height":1654,"caption":"Tene.ee"},"image":{"@id":"https:\/\/tene.ee\/fi\/#\/schema\/logo\/image\/"},"sameAs":["https:\/\/www.facebook.com\/teneaiamajad"]}]}},"_links":{"self":[{"href":"https:\/\/tene.ee\/fi\/wp-json\/wp\/v2\/product\/15731","targetHints":{"allow":["GET"]}}],"collection":[{"href":"https:\/\/tene.ee\/fi\/wp-json\/wp\/v2\/product"}],"about":[{"href":"https:\/\/tene.ee\/fi\/wp-json\/wp\/v2\/types\/product"}],"wp:featuredmedia":[{"embeddable":true,"href":"https:\/\/tene.ee\/fi\/wp-json\/wp\/v2\/media\/9241"}],"wp:attachment":[{"href":"https:\/\/tene.ee\/fi\/wp-json\/wp\/v2\/media?parent=15731"}],"wp:term":[{"taxonomy":"product_brand","embeddable":true,"href":"https:\/\/tene.ee\/fi\/wp-json\/wp\/v2\/product_brand?post=15731"},{"taxonomy":"product_cat","embeddable":true,"href":"https:\/\/tene.ee\/fi\/wp-json\/wp\/v2\/product_cat?post=15731"},{"taxonomy":"product_tag","embeddable":true,"href":"https:\/\/tene.ee\/fi\/wp-json\/wp\/v2\/product_tag?post=15731"}],"curies":[{"name":"wp","href":"https:\/\/api.w.org\/{rel}","templated":true}]}}