{"id":15730,"date":"2024-07-12T16:45:08","date_gmt":"2024-07-12T13:45:08","guid":{"rendered":"https:\/\/tene.ee\/toode\/puidust-garaaz-menorca\/"},"modified":"2024-11-28T11:18:15","modified_gmt":"2024-11-28T09:18:15","slug":"puidust-garaaz-menorca","status":"publish","type":"product","link":"https:\/\/tene.ee\/fi\/toode\/puidust-garaaz-menorca\/","title":{"rendered":"Puinen autokatos Menorca"},"content":{"rendered":"<p>Tenen piha- ja puurakennustehtaan valmistamat autokatokset ovat s\u00e4\u00e4nkest\u00e4vi\u00e4 ja k\u00e4yt\u00e4nn\u00f6llisi\u00e4, ja ne pit\u00e4v\u00e4t autosi turvassa tai tarjoavat suojaa lumelta ja pakkaselta talvella.<br \/>\nTehtaan pakettiin kuuluu:<br \/>\nKest\u00e4v\u00e4st\u00e4 liimapuusta valmistetut kantavat pylv\u00e4\u00e4t<br \/>\n18 mm kattolaudat<br \/>\nKiinnitystarvikkeet<br \/>\nAsennusohjeet<br \/>\n<strong>Hinnat ovat voimassa Tenen tehtaan varastossa ja sis\u00e4lt\u00e4v\u00e4t arvonlis\u00e4veron.<\/strong><br \/>\n<strong>Hinnat eiv\u00e4t sis\u00e4ll\u00e4 kuljetusta.<\/strong><\/p>\n","protected":false},"excerpt":{"rendered":"<p>Sis\u00e4lt\u00e4\u00e4 liimapuutolpat, kiinnitystarvikkeet ja asennusohjeet. Hinta ei sis\u00e4ll\u00e4 kuljetusta ja kattomateriaaleja.<\/p>\n","protected":false},"featured_media":8929,"template":"","meta":{"_acf_changed":false},"product_brand":[],"product_cat":[162,255,282,274],"product_tag":[],"class_list":{"0":"post-15730","1":"product","2":"type-product","3":"status-publish","4":"has-post-thumbnail","6":"product_cat-piharakennukset","7":"product_cat-puiset-autotallit","8":"product_cat-puiset-autotallit-40mm","9":"product_cat-varastot-ja-vajat","10":"product_shipping_class-390e-fi","11":"pa_seina-paksus-40-mm-fi","13":"first","14":"instock","15":"sale","16":"purchasable","17":"product-type-simple"},"acf":[],"yoast_head":"<!-- This site is optimized with the Yoast SEO plugin v27.5 - https:\/\/yoast.com\/product\/yoast-seo-wordpress\/ -->\n<title>Tene.ee - Puinen autokatos Menorca<\/title>\n<meta name=\"description\" content=\"Tene.ee Puinen autokatos Menorca\" \/>\n<meta name=\"robots\" content=\"index, follow, max-snippet:-1, max-image-preview:large, max-video-preview:-1\" \/>\n<link rel=\"canonical\" href=\"https:\/\/tene.ee\/fi\/toode\/puidust-garaaz-menorca\/\" \/>\n<meta property=\"og:locale\" content=\"fi_FI\" \/>\n<meta property=\"og:type\" content=\"article\" \/>\n<meta property=\"og:title\" content=\"Tene.ee - Puinen autokatos Menorca\" \/>\n<meta property=\"og:description\" content=\"Tene.ee Puinen autokatos Menorca\" \/>\n<meta property=\"og:url\" content=\"https:\/\/tene.ee\/fi\/toode\/puidust-garaaz-menorca\/\" \/>\n<meta property=\"og:site_name\" content=\"Tene.ee\" \/>\n<meta property=\"article:publisher\" content=\"https:\/\/www.facebook.com\/teneaiamajad\" \/>\n<meta property=\"article:modified_time\" content=\"2024-11-28T09:18:15+00:00\" \/>\n<meta property=\"og:image\" content=\"https:\/\/tene.ee\/wp-content\/uploads\/2024\/07\/Menorca.jpg\" \/>\n\t<meta property=\"og:image:width\" content=\"1600\" \/>\n\t<meta property=\"og:image:height\" content=\"1200\" \/>\n\t<meta property=\"og:image:type\" content=\"image\/jpeg\" \/>\n<meta name=\"twitter:card\" content=\"summary_large_image\" \/>\n<script type=\"application\/ld+json\" class=\"yoast-schema-graph\">{\"@context\":\"https:\\\/\\\/schema.org\",\"@graph\":[{\"@type\":\"WebPage\",\"@id\":\"https:\\\/\\\/tene.ee\\\/fi\\\/toode\\\/puidust-garaaz-menorca\\\/\",\"url\":\"https:\\\/\\\/tene.ee\\\/fi\\\/toode\\\/puidust-garaaz-menorca\\\/\",\"name\":\"Tene.ee - Puinen autokatos Menorca\",\"isPartOf\":{\"@id\":\"https:\\\/\\\/tene.ee\\\/fi\\\/#website\"},\"primaryImageOfPage\":{\"@id\":\"https:\\\/\\\/tene.ee\\\/fi\\\/toode\\\/puidust-garaaz-menorca\\\/#primaryimage\"},\"image\":{\"@id\":\"https:\\\/\\\/tene.ee\\\/fi\\\/toode\\\/puidust-garaaz-menorca\\\/#primaryimage\"},\"thumbnailUrl\":\"https:\\\/\\\/tene.ee\\\/wp-content\\\/uploads\\\/2024\\\/07\\\/Menorca.jpg\",\"datePublished\":\"2024-07-12T13:45:08+00:00\",\"dateModified\":\"2024-11-28T09:18:15+00:00\",\"description\":\"Tene.ee Puinen autokatos Menorca\",\"breadcrumb\":{\"@id\":\"https:\\\/\\\/tene.ee\\\/fi\\\/toode\\\/puidust-garaaz-menorca\\\/#breadcrumb\"},\"inLanguage\":\"fi\",\"potentialAction\":[{\"@type\":\"ReadAction\",\"target\":[\"https:\\\/\\\/tene.ee\\\/fi\\\/toode\\\/puidust-garaaz-menorca\\\/\"]}]},{\"@type\":\"ImageObject\",\"inLanguage\":\"fi\",\"@id\":\"https:\\\/\\\/tene.ee\\\/fi\\\/toode\\\/puidust-garaaz-menorca\\\/#primaryimage\",\"url\":\"https:\\\/\\\/tene.ee\\\/wp-content\\\/uploads\\\/2024\\\/07\\\/Menorca.jpg\",\"contentUrl\":\"https:\\\/\\\/tene.ee\\\/wp-content\\\/uploads\\\/2024\\\/07\\\/Menorca.jpg\",\"width\":1600,\"height\":1200},{\"@type\":\"BreadcrumbList\",\"@id\":\"https:\\\/\\\/tene.ee\\\/fi\\\/toode\\\/puidust-garaaz-menorca\\\/#breadcrumb\",\"itemListElement\":[{\"@type\":\"ListItem\",\"position\":1,\"name\":\"Avaleht\",\"item\":\"http:\\\/\\\/tene.ee\\\/fi\\\/\"},{\"@type\":\"ListItem\",\"position\":2,\"name\":\"Kaikki tuotteet\",\"item\":\"http:\\\/\\\/tene.ee\\\/fi\\\/shop\\\/\"},{\"@type\":\"ListItem\",\"position\":3,\"name\":\"Puinen autokatos Menorca\"}]},{\"@type\":\"WebSite\",\"@id\":\"https:\\\/\\\/tene.ee\\\/fi\\\/#website\",\"url\":\"https:\\\/\\\/tene.ee\\\/fi\\\/\",\"name\":\"Tene.ee - Kaunite hetkede jaoks sinu aias\",\"description\":\"Tene.ee - parimad puit- ja aiamajad otse tootjalt\",\"publisher\":{\"@id\":\"https:\\\/\\\/tene.ee\\\/fi\\\/#organization\"},\"alternateName\":\"Tene.ee\",\"potentialAction\":[{\"@type\":\"SearchAction\",\"target\":{\"@type\":\"EntryPoint\",\"urlTemplate\":\"https:\\\/\\\/tene.ee\\\/fi\\\/?s={search_term_string}\"},\"query-input\":{\"@type\":\"PropertyValueSpecification\",\"valueRequired\":true,\"valueName\":\"search_term_string\"}}],\"inLanguage\":\"fi\"},{\"@type\":\"Organization\",\"@id\":\"https:\\\/\\\/tene.ee\\\/fi\\\/#organization\",\"name\":\"Tene.ee\",\"url\":\"https:\\\/\\\/tene.ee\\\/fi\\\/\",\"logo\":{\"@type\":\"ImageObject\",\"inLanguage\":\"fi\",\"@id\":\"https:\\\/\\\/tene.ee\\\/fi\\\/#\\\/schema\\\/logo\\\/image\\\/\",\"url\":\"https:\\\/\\\/tene.ee\\\/wp-content\\\/uploads\\\/2024\\\/12\\\/TENE-logo-2018-2.png\",\"contentUrl\":\"https:\\\/\\\/tene.ee\\\/wp-content\\\/uploads\\\/2024\\\/12\\\/TENE-logo-2018-2.png\",\"width\":2339,\"height\":1654,\"caption\":\"Tene.ee\"},\"image\":{\"@id\":\"https:\\\/\\\/tene.ee\\\/fi\\\/#\\\/schema\\\/logo\\\/image\\\/\"},\"sameAs\":[\"https:\\\/\\\/www.facebook.com\\\/teneaiamajad\"]}]}<\/script>\n<!-- \/ Yoast SEO plugin. -->","yoast_head_json":{"title":"Tene.ee - Puinen autokatos Menorca","description":"Tene.ee Puinen autokatos Menorca","robots":{"index":"index","follow":"follow","max-snippet":"max-snippet:-1","max-image-preview":"max-image-preview:large","max-video-preview":"max-video-preview:-1"},"canonical":"https:\/\/tene.ee\/fi\/toode\/puidust-garaaz-menorca\/","og_locale":"fi_FI","og_type":"article","og_title":"Tene.ee - Puinen autokatos Menorca","og_description":"Tene.ee Puinen autokatos Menorca","og_url":"https:\/\/tene.ee\/fi\/toode\/puidust-garaaz-menorca\/","og_site_name":"Tene.ee","article_publisher":"https:\/\/www.facebook.com\/teneaiamajad","article_modified_time":"2024-11-28T09:18:15+00:00","og_image":[{"width":1600,"height":1200,"url":"https:\/\/tene.ee\/wp-content\/uploads\/2024\/07\/Menorca.jpg","type":"image\/jpeg"}],"twitter_card":"summary_large_image","schema":{"@context":"https:\/\/schema.org","@graph":[{"@type":"WebPage","@id":"https:\/\/tene.ee\/fi\/toode\/puidust-garaaz-menorca\/","url":"https:\/\/tene.ee\/fi\/toode\/puidust-garaaz-menorca\/","name":"Tene.ee - Puinen autokatos Menorca","isPartOf":{"@id":"https:\/\/tene.ee\/fi\/#website"},"primaryImageOfPage":{"@id":"https:\/\/tene.ee\/fi\/toode\/puidust-garaaz-menorca\/#primaryimage"},"image":{"@id":"https:\/\/tene.ee\/fi\/toode\/puidust-garaaz-menorca\/#primaryimage"},"thumbnailUrl":"https:\/\/tene.ee\/wp-content\/uploads\/2024\/07\/Menorca.jpg","datePublished":"2024-07-12T13:45:08+00:00","dateModified":"2024-11-28T09:18:15+00:00","description":"Tene.ee Puinen autokatos Menorca","breadcrumb":{"@id":"https:\/\/tene.ee\/fi\/toode\/puidust-garaaz-menorca\/#breadcrumb"},"inLanguage":"fi","potentialAction":[{"@type":"ReadAction","target":["https:\/\/tene.ee\/fi\/toode\/puidust-garaaz-menorca\/"]}]},{"@type":"ImageObject","inLanguage":"fi","@id":"https:\/\/tene.ee\/fi\/toode\/puidust-garaaz-menorca\/#primaryimage","url":"https:\/\/tene.ee\/wp-content\/uploads\/2024\/07\/Menorca.jpg","contentUrl":"https:\/\/tene.ee\/wp-content\/uploads\/2024\/07\/Menorca.jpg","width":1600,"height":1200},{"@type":"BreadcrumbList","@id":"https:\/\/tene.ee\/fi\/toode\/puidust-garaaz-menorca\/#breadcrumb","itemListElement":[{"@type":"ListItem","position":1,"name":"Avaleht","item":"http:\/\/tene.ee\/fi\/"},{"@type":"ListItem","position":2,"name":"Kaikki tuotteet","item":"http:\/\/tene.ee\/fi\/shop\/"},{"@type":"ListItem","position":3,"name":"Puinen autokatos Menorca"}]},{"@type":"WebSite","@id":"https:\/\/tene.ee\/fi\/#website","url":"https:\/\/tene.ee\/fi\/","name":"Tene.ee - Kaunite hetkede jaoks sinu aias","description":"Tene.ee - parimad puit- ja aiamajad otse tootjalt","publisher":{"@id":"https:\/\/tene.ee\/fi\/#organization"},"alternateName":"Tene.ee","potentialAction":[{"@type":"SearchAction","target":{"@type":"EntryPoint","urlTemplate":"https:\/\/tene.ee\/fi\/?s={search_term_string}"},"query-input":{"@type":"PropertyValueSpecification","valueRequired":true,"valueName":"search_term_string"}}],"inLanguage":"fi"},{"@type":"Organization","@id":"https:\/\/tene.ee\/fi\/#organization","name":"Tene.ee","url":"https:\/\/tene.ee\/fi\/","logo":{"@type":"ImageObject","inLanguage":"fi","@id":"https:\/\/tene.ee\/fi\/#\/schema\/logo\/image\/","url":"https:\/\/tene.ee\/wp-content\/uploads\/2024\/12\/TENE-logo-2018-2.png","contentUrl":"https:\/\/tene.ee\/wp-content\/uploads\/2024\/12\/TENE-logo-2018-2.png","width":2339,"height":1654,"caption":"Tene.ee"},"image":{"@id":"https:\/\/tene.ee\/fi\/#\/schema\/logo\/image\/"},"sameAs":["https:\/\/www.facebook.com\/teneaiamajad"]}]}},"_links":{"self":[{"href":"https:\/\/tene.ee\/fi\/wp-json\/wp\/v2\/product\/15730","targetHints":{"allow":["GET"]}}],"collection":[{"href":"https:\/\/tene.ee\/fi\/wp-json\/wp\/v2\/product"}],"about":[{"href":"https:\/\/tene.ee\/fi\/wp-json\/wp\/v2\/types\/product"}],"wp:featuredmedia":[{"embeddable":true,"href":"https:\/\/tene.ee\/fi\/wp-json\/wp\/v2\/media\/8929"}],"wp:attachment":[{"href":"https:\/\/tene.ee\/fi\/wp-json\/wp\/v2\/media?parent=15730"}],"wp:term":[{"taxonomy":"product_brand","embeddable":true,"href":"https:\/\/tene.ee\/fi\/wp-json\/wp\/v2\/product_brand?post=15730"},{"taxonomy":"product_cat","embeddable":true,"href":"https:\/\/tene.ee\/fi\/wp-json\/wp\/v2\/product_cat?post=15730"},{"taxonomy":"product_tag","embeddable":true,"href":"https:\/\/tene.ee\/fi\/wp-json\/wp\/v2\/product_tag?post=15730"}],"curies":[{"name":"wp","href":"https:\/\/api.w.org\/{rel}","templated":true}]}}