{"id":15721,"date":"2024-07-12T16:45:08","date_gmt":"2024-07-12T13:45:08","guid":{"rendered":"https:\/\/tene.ee\/toode\/aiamaja-ramsi-vannitoaga\/"},"modified":"2024-11-28T11:19:40","modified_gmt":"2024-11-28T09:19:40","slug":"aiamaja-ramsi-vannitoaga","status":"publish","type":"product","link":"https:\/\/tene.ee\/fi\/toode\/aiamaja-ramsi-vannitoaga\/","title":{"rendered":"Piham\u00f6kki Ramsi"},"content":{"rendered":"<p>Tenen puutarha- ja puutalotehtaan tuottama 28 mm puutarhatalo, hirsitalo, katos, paviljonki, sauna, kes\u00e4m\u00f6kki, grillivaja ja puinen autotallisarja sis\u00e4lt\u00e4\u00e4 ovet, ikkunat (mallista riippuen tuotesarja ei saa sis\u00e4lt\u00e4\u00e4 yht\u00e4\u00e4n , yksi tai useampi ikkuna), lattia, kiinnikkeet ja asennusopas, joka tekee puutarham\u00f6kin rakentamisesta helppoa ja v\u00e4h\u00e4n aikaa viev\u00e4\u00e4.Mallin mukaan 28 mm sein\u00e4paksuudella oleva Tene puutarham\u00f6kkisarja sis\u00e4lt\u00e4\u00e4:100 % pohjoismaista korkealaatuista puumateriaalina k\u00e4ytetty\u00e4 kuustaPario-ovi ja ikkuna erikoiskuivasta liimapuusta (8%-12%) K\u00e4\u00e4nnett\u00e4v\u00e4 ikkuna lasilla , sis\u00e4lt\u00e4\u00e4 helatLasinen pariovi, sis\u00e4lt\u00e4\u00e4 helatLattia ja katto 18 mm paksusta profiililevyst\u00e4Autoklavoidut puiset perustuspalkitStorm listsKiinnikkeet (naulat ja ruuvit)AsennusohjeetHinnat ovat voimassa Tenen tehtaan varastossa ja sis\u00e4lt\u00e4v\u00e4t ALV:n. Hinnat eiv\u00e4t sis\u00e4ll\u00e4 tuotteiden kuljetusta.<\/p>\n","protected":false},"excerpt":{"rendered":"<p>Hinta sis\u00e4lt\u00e4\u00e4 parioven ja -ikkunan liimapuusta lasilla, ruostumattomasta ter\u00e4ksest\u00e4 valmistetun kynnyksen, lattian, kyll\u00e4stetyt peruslohkot, kiinnikkeet ja asennusohjeet. Hinta ei sis\u00e4ll\u00e4 kattomateriaalia ja kuljetusta.<\/p>\n","protected":false},"featured_media":9193,"template":"","meta":{"_acf_changed":false},"product_brand":[],"product_cat":[891,162,261,249],"product_tag":[],"class_list":{"0":"post-15721","1":"product","2":"type-product","3":"status-publish","4":"has-post-thumbnail","6":"product_cat-28-40-mm-monihuoneiset-puutarhatalot","7":"product_cat-piharakennukset","8":"product_cat-piharakennukset-28-mm","9":"product_cat-uudet-tuotteet","10":"product_shipping_class-390e-fi","11":"pa_seina-paksus-28-mm-fi","13":"first","14":"instock","15":"sale","16":"purchasable","17":"product-type-simple"},"acf":[],"yoast_head":"<!-- This site is optimized with the Yoast SEO plugin v27.4 - https:\/\/yoast.com\/product\/yoast-seo-wordpress\/ -->\n<title>Tene.ee - Piham\u00f6kki Ramsi<\/title>\n<meta name=\"description\" content=\"Tene.ee Piham\u00f6kki Ramsi\" \/>\n<meta name=\"robots\" content=\"index, follow, max-snippet:-1, max-image-preview:large, max-video-preview:-1\" \/>\n<link rel=\"canonical\" href=\"https:\/\/tene.ee\/fi\/toode\/aiamaja-ramsi-vannitoaga\/\" \/>\n<meta property=\"og:locale\" content=\"fi_FI\" \/>\n<meta property=\"og:type\" content=\"article\" \/>\n<meta property=\"og:title\" content=\"Tene.ee - Piham\u00f6kki Ramsi\" \/>\n<meta property=\"og:description\" content=\"Tene.ee Piham\u00f6kki Ramsi\" \/>\n<meta property=\"og:url\" content=\"https:\/\/tene.ee\/fi\/toode\/aiamaja-ramsi-vannitoaga\/\" \/>\n<meta property=\"og:site_name\" content=\"Tene.ee\" \/>\n<meta property=\"article:publisher\" content=\"https:\/\/www.facebook.com\/teneaiamajad\" \/>\n<meta property=\"article:modified_time\" content=\"2024-11-28T09:19:40+00:00\" \/>\n<meta property=\"og:image\" content=\"https:\/\/tene.ee\/wp-content\/uploads\/2024\/07\/Ramsi-1024x683.jpg\" \/>\n\t<meta property=\"og:image:width\" content=\"1024\" \/>\n\t<meta property=\"og:image:height\" content=\"683\" \/>\n\t<meta property=\"og:image:type\" content=\"image\/jpeg\" \/>\n<meta name=\"twitter:card\" content=\"summary_large_image\" \/>\n<meta name=\"twitter:label1\" content=\"Arvioitu lukuaika\" \/>\n\t<meta name=\"twitter:data1\" content=\"1 minuutti\" \/>\n<script type=\"application\/ld+json\" class=\"yoast-schema-graph\">{\"@context\":\"https:\\\/\\\/schema.org\",\"@graph\":[{\"@type\":\"WebPage\",\"@id\":\"https:\\\/\\\/tene.ee\\\/fi\\\/toode\\\/aiamaja-ramsi-vannitoaga\\\/\",\"url\":\"https:\\\/\\\/tene.ee\\\/fi\\\/toode\\\/aiamaja-ramsi-vannitoaga\\\/\",\"name\":\"Tene.ee - Piham\u00f6kki Ramsi\",\"isPartOf\":{\"@id\":\"https:\\\/\\\/tene.ee\\\/fi\\\/#website\"},\"primaryImageOfPage\":{\"@id\":\"https:\\\/\\\/tene.ee\\\/fi\\\/toode\\\/aiamaja-ramsi-vannitoaga\\\/#primaryimage\"},\"image\":{\"@id\":\"https:\\\/\\\/tene.ee\\\/fi\\\/toode\\\/aiamaja-ramsi-vannitoaga\\\/#primaryimage\"},\"thumbnailUrl\":\"https:\\\/\\\/tene.ee\\\/wp-content\\\/uploads\\\/2024\\\/07\\\/Ramsi.jpg\",\"datePublished\":\"2024-07-12T13:45:08+00:00\",\"dateModified\":\"2024-11-28T09:19:40+00:00\",\"description\":\"Tene.ee Piham\u00f6kki Ramsi\",\"breadcrumb\":{\"@id\":\"https:\\\/\\\/tene.ee\\\/fi\\\/toode\\\/aiamaja-ramsi-vannitoaga\\\/#breadcrumb\"},\"inLanguage\":\"fi\",\"potentialAction\":[{\"@type\":\"ReadAction\",\"target\":[\"https:\\\/\\\/tene.ee\\\/fi\\\/toode\\\/aiamaja-ramsi-vannitoaga\\\/\"]}]},{\"@type\":\"ImageObject\",\"inLanguage\":\"fi\",\"@id\":\"https:\\\/\\\/tene.ee\\\/fi\\\/toode\\\/aiamaja-ramsi-vannitoaga\\\/#primaryimage\",\"url\":\"https:\\\/\\\/tene.ee\\\/wp-content\\\/uploads\\\/2024\\\/07\\\/Ramsi.jpg\",\"contentUrl\":\"https:\\\/\\\/tene.ee\\\/wp-content\\\/uploads\\\/2024\\\/07\\\/Ramsi.jpg\",\"width\":2500,\"height\":1667},{\"@type\":\"BreadcrumbList\",\"@id\":\"https:\\\/\\\/tene.ee\\\/fi\\\/toode\\\/aiamaja-ramsi-vannitoaga\\\/#breadcrumb\",\"itemListElement\":[{\"@type\":\"ListItem\",\"position\":1,\"name\":\"Avaleht\",\"item\":\"http:\\\/\\\/tene.ee\\\/fi\\\/\"},{\"@type\":\"ListItem\",\"position\":2,\"name\":\"Kaikki tuotteet\",\"item\":\"http:\\\/\\\/tene.ee\\\/fi\\\/shop\\\/\"},{\"@type\":\"ListItem\",\"position\":3,\"name\":\"Piham\u00f6kki Ramsi\"}]},{\"@type\":\"WebSite\",\"@id\":\"https:\\\/\\\/tene.ee\\\/fi\\\/#website\",\"url\":\"https:\\\/\\\/tene.ee\\\/fi\\\/\",\"name\":\"Tene.ee - Kaunite hetkede jaoks sinu aias\",\"description\":\"Tene.ee - parimad puit- ja aiamajad otse tootjalt\",\"publisher\":{\"@id\":\"https:\\\/\\\/tene.ee\\\/fi\\\/#organization\"},\"alternateName\":\"Tene.ee\",\"potentialAction\":[{\"@type\":\"SearchAction\",\"target\":{\"@type\":\"EntryPoint\",\"urlTemplate\":\"https:\\\/\\\/tene.ee\\\/fi\\\/?s={search_term_string}\"},\"query-input\":{\"@type\":\"PropertyValueSpecification\",\"valueRequired\":true,\"valueName\":\"search_term_string\"}}],\"inLanguage\":\"fi\"},{\"@type\":\"Organization\",\"@id\":\"https:\\\/\\\/tene.ee\\\/fi\\\/#organization\",\"name\":\"Tene.ee\",\"url\":\"https:\\\/\\\/tene.ee\\\/fi\\\/\",\"logo\":{\"@type\":\"ImageObject\",\"inLanguage\":\"fi\",\"@id\":\"https:\\\/\\\/tene.ee\\\/fi\\\/#\\\/schema\\\/logo\\\/image\\\/\",\"url\":\"https:\\\/\\\/tene.ee\\\/wp-content\\\/uploads\\\/2024\\\/12\\\/TENE-logo-2018-2.png\",\"contentUrl\":\"https:\\\/\\\/tene.ee\\\/wp-content\\\/uploads\\\/2024\\\/12\\\/TENE-logo-2018-2.png\",\"width\":2339,\"height\":1654,\"caption\":\"Tene.ee\"},\"image\":{\"@id\":\"https:\\\/\\\/tene.ee\\\/fi\\\/#\\\/schema\\\/logo\\\/image\\\/\"},\"sameAs\":[\"https:\\\/\\\/www.facebook.com\\\/teneaiamajad\"]}]}<\/script>\n<!-- \/ Yoast SEO plugin. -->","yoast_head_json":{"title":"Tene.ee - Piham\u00f6kki Ramsi","description":"Tene.ee Piham\u00f6kki Ramsi","robots":{"index":"index","follow":"follow","max-snippet":"max-snippet:-1","max-image-preview":"max-image-preview:large","max-video-preview":"max-video-preview:-1"},"canonical":"https:\/\/tene.ee\/fi\/toode\/aiamaja-ramsi-vannitoaga\/","og_locale":"fi_FI","og_type":"article","og_title":"Tene.ee - Piham\u00f6kki Ramsi","og_description":"Tene.ee Piham\u00f6kki Ramsi","og_url":"https:\/\/tene.ee\/fi\/toode\/aiamaja-ramsi-vannitoaga\/","og_site_name":"Tene.ee","article_publisher":"https:\/\/www.facebook.com\/teneaiamajad","article_modified_time":"2024-11-28T09:19:40+00:00","og_image":[{"width":1024,"height":683,"url":"https:\/\/tene.ee\/wp-content\/uploads\/2024\/07\/Ramsi-1024x683.jpg","type":"image\/jpeg"}],"twitter_card":"summary_large_image","twitter_misc":{"Arvioitu lukuaika":"1 minuutti"},"schema":{"@context":"https:\/\/schema.org","@graph":[{"@type":"WebPage","@id":"https:\/\/tene.ee\/fi\/toode\/aiamaja-ramsi-vannitoaga\/","url":"https:\/\/tene.ee\/fi\/toode\/aiamaja-ramsi-vannitoaga\/","name":"Tene.ee - Piham\u00f6kki Ramsi","isPartOf":{"@id":"https:\/\/tene.ee\/fi\/#website"},"primaryImageOfPage":{"@id":"https:\/\/tene.ee\/fi\/toode\/aiamaja-ramsi-vannitoaga\/#primaryimage"},"image":{"@id":"https:\/\/tene.ee\/fi\/toode\/aiamaja-ramsi-vannitoaga\/#primaryimage"},"thumbnailUrl":"https:\/\/tene.ee\/wp-content\/uploads\/2024\/07\/Ramsi.jpg","datePublished":"2024-07-12T13:45:08+00:00","dateModified":"2024-11-28T09:19:40+00:00","description":"Tene.ee Piham\u00f6kki Ramsi","breadcrumb":{"@id":"https:\/\/tene.ee\/fi\/toode\/aiamaja-ramsi-vannitoaga\/#breadcrumb"},"inLanguage":"fi","potentialAction":[{"@type":"ReadAction","target":["https:\/\/tene.ee\/fi\/toode\/aiamaja-ramsi-vannitoaga\/"]}]},{"@type":"ImageObject","inLanguage":"fi","@id":"https:\/\/tene.ee\/fi\/toode\/aiamaja-ramsi-vannitoaga\/#primaryimage","url":"https:\/\/tene.ee\/wp-content\/uploads\/2024\/07\/Ramsi.jpg","contentUrl":"https:\/\/tene.ee\/wp-content\/uploads\/2024\/07\/Ramsi.jpg","width":2500,"height":1667},{"@type":"BreadcrumbList","@id":"https:\/\/tene.ee\/fi\/toode\/aiamaja-ramsi-vannitoaga\/#breadcrumb","itemListElement":[{"@type":"ListItem","position":1,"name":"Avaleht","item":"http:\/\/tene.ee\/fi\/"},{"@type":"ListItem","position":2,"name":"Kaikki tuotteet","item":"http:\/\/tene.ee\/fi\/shop\/"},{"@type":"ListItem","position":3,"name":"Piham\u00f6kki Ramsi"}]},{"@type":"WebSite","@id":"https:\/\/tene.ee\/fi\/#website","url":"https:\/\/tene.ee\/fi\/","name":"Tene.ee - Kaunite hetkede jaoks sinu aias","description":"Tene.ee - parimad puit- ja aiamajad otse tootjalt","publisher":{"@id":"https:\/\/tene.ee\/fi\/#organization"},"alternateName":"Tene.ee","potentialAction":[{"@type":"SearchAction","target":{"@type":"EntryPoint","urlTemplate":"https:\/\/tene.ee\/fi\/?s={search_term_string}"},"query-input":{"@type":"PropertyValueSpecification","valueRequired":true,"valueName":"search_term_string"}}],"inLanguage":"fi"},{"@type":"Organization","@id":"https:\/\/tene.ee\/fi\/#organization","name":"Tene.ee","url":"https:\/\/tene.ee\/fi\/","logo":{"@type":"ImageObject","inLanguage":"fi","@id":"https:\/\/tene.ee\/fi\/#\/schema\/logo\/image\/","url":"https:\/\/tene.ee\/wp-content\/uploads\/2024\/12\/TENE-logo-2018-2.png","contentUrl":"https:\/\/tene.ee\/wp-content\/uploads\/2024\/12\/TENE-logo-2018-2.png","width":2339,"height":1654,"caption":"Tene.ee"},"image":{"@id":"https:\/\/tene.ee\/fi\/#\/schema\/logo\/image\/"},"sameAs":["https:\/\/www.facebook.com\/teneaiamajad"]}]}},"_links":{"self":[{"href":"https:\/\/tene.ee\/fi\/wp-json\/wp\/v2\/product\/15721","targetHints":{"allow":["GET"]}}],"collection":[{"href":"https:\/\/tene.ee\/fi\/wp-json\/wp\/v2\/product"}],"about":[{"href":"https:\/\/tene.ee\/fi\/wp-json\/wp\/v2\/types\/product"}],"wp:featuredmedia":[{"embeddable":true,"href":"https:\/\/tene.ee\/fi\/wp-json\/wp\/v2\/media\/9193"}],"wp:attachment":[{"href":"https:\/\/tene.ee\/fi\/wp-json\/wp\/v2\/media?parent=15721"}],"wp:term":[{"taxonomy":"product_brand","embeddable":true,"href":"https:\/\/tene.ee\/fi\/wp-json\/wp\/v2\/product_brand?post=15721"},{"taxonomy":"product_cat","embeddable":true,"href":"https:\/\/tene.ee\/fi\/wp-json\/wp\/v2\/product_cat?post=15721"},{"taxonomy":"product_tag","embeddable":true,"href":"https:\/\/tene.ee\/fi\/wp-json\/wp\/v2\/product_tag?post=15721"}],"curies":[{"name":"wp","href":"https:\/\/api.w.org\/{rel}","templated":true}]}}