{"id":15712,"date":"2024-07-12T16:48:57","date_gmt":"2024-07-12T13:48:57","guid":{"rendered":"https:\/\/tene.ee\/toode\/valmis-ehitatud-aiamaja-carol\/"},"modified":"2024-11-28T11:19:13","modified_gmt":"2024-11-28T09:19:13","slug":"valmis-ehitatud-aiamaja-carol","status":"publish","type":"product","link":"https:\/\/tene.ee\/fi\/toode\/valmis-ehitatud-aiamaja-carol\/","title":{"rendered":"Valmis piham\u00f6kki Carol"},"content":{"rendered":"<p>Kaikki tehtaalla valmistettavien 28mm ja 40mm m\u00f6kkien, hirsitalojen, lasten leikkim\u00f6kkien, katosten, huviloiden ja autotallien toimitus sis\u00e4lt\u00e4\u00e4 kaikki tarvittavat osat, ovet ja ikkunat, lattian, kiinnitystarvikkeet jne., joten rakennuksen pystytt\u00e4minen on helppoa ja nopeaa.meilt\u00e4 saat my\u00f6s muut puutarhaan liittyv\u00e4t tuotteet<\/p>\n<p>Grupotene\u00a0seinien paksuudelta 28mm ja 40mm kes\u00e4m\u00f6kkien toimitukseen kuuluvat:<\/p>\n<p>Talojen valmistukseen k\u00e4ytetty puuaines, 100% pohjoismainen laadukas kuusipuu<br \/>\nOvet ja ikkunat on valmistettu hyvin kuivasta (8-12%) liimapuusta<br \/>\nIkkunat on lasitettu ja avautuvat kahteen suuntaan, ikkunoissa on kaikki tarvikkeet<br \/>\nOvet on lasitettu ja avautuvat kahteen suuntaan, ovissa on kaikki tarvikkeet<br \/>\nV\u00e4likatto ja lattia on \u00a0profiililaudasta<br \/>\nPerustuspalkit ovat painekyll\u00e4stetty\u00e4 puuta<br \/>\nToimitukseen kuuluvat aina myrskylistat<br \/>\n100% kiinnitystarvikkeet (naulat, ruuvit)<\/p>\n<p>Asennuskuvat ja -kaavat Hinnat ovat voimassa tehtaan varastossa ja sis\u00e4lt\u00e4v\u00e4t arvonlis\u00e4veron.<\/p>\n","protected":false},"excerpt":{"rendered":"<p>Toimitus nosturiautolla koko Manner-Suomeen 390\u20ac!<br \/>\nLattiat, ovi ja kaikki tarvikkeet mukana!<\/p>\n","protected":false},"featured_media":2993,"template":"","meta":{"_acf_changed":false},"product_brand":[],"product_cat":[162,261,245,274],"product_tag":[],"class_list":{"0":"post-15712","1":"product","2":"type-product","3":"status-publish","4":"has-post-thumbnail","6":"product_cat-piharakennukset","7":"product_cat-piharakennukset-28-mm","8":"product_cat-valmis-pihavarastot","9":"product_cat-varastot-ja-vajat","10":"product_shipping_class-390e-fi","11":"pa_iseloomustus-1-huone","12":"pa_iseloomustus-nelikulmainen-mokki","13":"pa_katuse-tuup-vinokatto","14":"pa_pindala-0-10-m2-fi","15":"pa_seina-paksus-28-mm-fi","17":"first","18":"onbackorder","19":"sale","20":"purchasable","21":"product-type-simple"},"acf":[],"yoast_head":"<!-- This site is optimized with the Yoast SEO plugin v27.4 - https:\/\/yoast.com\/product\/yoast-seo-wordpress\/ -->\n<title>Tene.ee - Valmis piham\u00f6kki Carol<\/title>\n<meta name=\"description\" content=\"Tene.ee Valmis piham\u00f6kki Carol\" \/>\n<meta name=\"robots\" content=\"index, follow, max-snippet:-1, max-image-preview:large, max-video-preview:-1\" \/>\n<link rel=\"canonical\" href=\"https:\/\/tene.ee\/fi\/toode\/valmis-ehitatud-aiamaja-carol\/\" \/>\n<meta property=\"og:locale\" content=\"fi_FI\" \/>\n<meta property=\"og:type\" content=\"article\" \/>\n<meta property=\"og:title\" content=\"Tene.ee - Valmis piham\u00f6kki Carol\" \/>\n<meta property=\"og:description\" content=\"Tene.ee Valmis piham\u00f6kki Carol\" \/>\n<meta property=\"og:url\" content=\"https:\/\/tene.ee\/fi\/toode\/valmis-ehitatud-aiamaja-carol\/\" \/>\n<meta property=\"og:site_name\" content=\"Tene.ee\" \/>\n<meta property=\"article:publisher\" content=\"https:\/\/www.facebook.com\/teneaiamajad\" \/>\n<meta property=\"article:modified_time\" content=\"2024-11-28T09:19:13+00:00\" \/>\n<meta property=\"og:image\" content=\"https:\/\/tene.ee\/wp-content\/uploads\/2024\/07\/Carol.jpg\" \/>\n\t<meta property=\"og:image:width\" content=\"2500\" \/>\n\t<meta property=\"og:image:height\" content=\"1812\" \/>\n\t<meta property=\"og:image:type\" content=\"image\/jpeg\" \/>\n<meta name=\"twitter:card\" content=\"summary_large_image\" \/>\n<meta name=\"twitter:label1\" content=\"Arvioitu lukuaika\" \/>\n\t<meta name=\"twitter:data1\" content=\"1 minuutti\" \/>\n<script type=\"application\/ld+json\" class=\"yoast-schema-graph\">{\"@context\":\"https:\\\/\\\/schema.org\",\"@graph\":[{\"@type\":\"WebPage\",\"@id\":\"https:\\\/\\\/tene.ee\\\/fi\\\/toode\\\/valmis-ehitatud-aiamaja-carol\\\/\",\"url\":\"https:\\\/\\\/tene.ee\\\/fi\\\/toode\\\/valmis-ehitatud-aiamaja-carol\\\/\",\"name\":\"Tene.ee - Valmis piham\u00f6kki Carol\",\"isPartOf\":{\"@id\":\"https:\\\/\\\/tene.ee\\\/fi\\\/#website\"},\"primaryImageOfPage\":{\"@id\":\"https:\\\/\\\/tene.ee\\\/fi\\\/toode\\\/valmis-ehitatud-aiamaja-carol\\\/#primaryimage\"},\"image\":{\"@id\":\"https:\\\/\\\/tene.ee\\\/fi\\\/toode\\\/valmis-ehitatud-aiamaja-carol\\\/#primaryimage\"},\"thumbnailUrl\":\"https:\\\/\\\/tene.ee\\\/wp-content\\\/uploads\\\/2024\\\/07\\\/Carol.jpg\",\"datePublished\":\"2024-07-12T13:48:57+00:00\",\"dateModified\":\"2024-11-28T09:19:13+00:00\",\"description\":\"Tene.ee Valmis piham\u00f6kki Carol\",\"breadcrumb\":{\"@id\":\"https:\\\/\\\/tene.ee\\\/fi\\\/toode\\\/valmis-ehitatud-aiamaja-carol\\\/#breadcrumb\"},\"inLanguage\":\"fi\",\"potentialAction\":[{\"@type\":\"ReadAction\",\"target\":[\"https:\\\/\\\/tene.ee\\\/fi\\\/toode\\\/valmis-ehitatud-aiamaja-carol\\\/\"]}]},{\"@type\":\"ImageObject\",\"inLanguage\":\"fi\",\"@id\":\"https:\\\/\\\/tene.ee\\\/fi\\\/toode\\\/valmis-ehitatud-aiamaja-carol\\\/#primaryimage\",\"url\":\"https:\\\/\\\/tene.ee\\\/wp-content\\\/uploads\\\/2024\\\/07\\\/Carol.jpg\",\"contentUrl\":\"https:\\\/\\\/tene.ee\\\/wp-content\\\/uploads\\\/2024\\\/07\\\/Carol.jpg\",\"width\":2500,\"height\":1812},{\"@type\":\"BreadcrumbList\",\"@id\":\"https:\\\/\\\/tene.ee\\\/fi\\\/toode\\\/valmis-ehitatud-aiamaja-carol\\\/#breadcrumb\",\"itemListElement\":[{\"@type\":\"ListItem\",\"position\":1,\"name\":\"Avaleht\",\"item\":\"http:\\\/\\\/tene.ee\\\/fi\\\/\"},{\"@type\":\"ListItem\",\"position\":2,\"name\":\"Kaikki tuotteet\",\"item\":\"http:\\\/\\\/tene.ee\\\/fi\\\/shop\\\/\"},{\"@type\":\"ListItem\",\"position\":3,\"name\":\"Valmis piham\u00f6kki Carol\"}]},{\"@type\":\"WebSite\",\"@id\":\"https:\\\/\\\/tene.ee\\\/fi\\\/#website\",\"url\":\"https:\\\/\\\/tene.ee\\\/fi\\\/\",\"name\":\"Tene.ee - Kaunite hetkede jaoks sinu aias\",\"description\":\"Tene.ee - parimad puit- ja aiamajad otse tootjalt\",\"publisher\":{\"@id\":\"https:\\\/\\\/tene.ee\\\/fi\\\/#organization\"},\"alternateName\":\"Tene.ee\",\"potentialAction\":[{\"@type\":\"SearchAction\",\"target\":{\"@type\":\"EntryPoint\",\"urlTemplate\":\"https:\\\/\\\/tene.ee\\\/fi\\\/?s={search_term_string}\"},\"query-input\":{\"@type\":\"PropertyValueSpecification\",\"valueRequired\":true,\"valueName\":\"search_term_string\"}}],\"inLanguage\":\"fi\"},{\"@type\":\"Organization\",\"@id\":\"https:\\\/\\\/tene.ee\\\/fi\\\/#organization\",\"name\":\"Tene.ee\",\"url\":\"https:\\\/\\\/tene.ee\\\/fi\\\/\",\"logo\":{\"@type\":\"ImageObject\",\"inLanguage\":\"fi\",\"@id\":\"https:\\\/\\\/tene.ee\\\/fi\\\/#\\\/schema\\\/logo\\\/image\\\/\",\"url\":\"https:\\\/\\\/tene.ee\\\/wp-content\\\/uploads\\\/2024\\\/12\\\/TENE-logo-2018-2.png\",\"contentUrl\":\"https:\\\/\\\/tene.ee\\\/wp-content\\\/uploads\\\/2024\\\/12\\\/TENE-logo-2018-2.png\",\"width\":2339,\"height\":1654,\"caption\":\"Tene.ee\"},\"image\":{\"@id\":\"https:\\\/\\\/tene.ee\\\/fi\\\/#\\\/schema\\\/logo\\\/image\\\/\"},\"sameAs\":[\"https:\\\/\\\/www.facebook.com\\\/teneaiamajad\"]}]}<\/script>\n<!-- \/ Yoast SEO plugin. -->","yoast_head_json":{"title":"Tene.ee - Valmis piham\u00f6kki Carol","description":"Tene.ee Valmis piham\u00f6kki Carol","robots":{"index":"index","follow":"follow","max-snippet":"max-snippet:-1","max-image-preview":"max-image-preview:large","max-video-preview":"max-video-preview:-1"},"canonical":"https:\/\/tene.ee\/fi\/toode\/valmis-ehitatud-aiamaja-carol\/","og_locale":"fi_FI","og_type":"article","og_title":"Tene.ee - Valmis piham\u00f6kki Carol","og_description":"Tene.ee Valmis piham\u00f6kki Carol","og_url":"https:\/\/tene.ee\/fi\/toode\/valmis-ehitatud-aiamaja-carol\/","og_site_name":"Tene.ee","article_publisher":"https:\/\/www.facebook.com\/teneaiamajad","article_modified_time":"2024-11-28T09:19:13+00:00","og_image":[{"width":2500,"height":1812,"url":"https:\/\/tene.ee\/wp-content\/uploads\/2024\/07\/Carol.jpg","type":"image\/jpeg"}],"twitter_card":"summary_large_image","twitter_misc":{"Arvioitu lukuaika":"1 minuutti"},"schema":{"@context":"https:\/\/schema.org","@graph":[{"@type":"WebPage","@id":"https:\/\/tene.ee\/fi\/toode\/valmis-ehitatud-aiamaja-carol\/","url":"https:\/\/tene.ee\/fi\/toode\/valmis-ehitatud-aiamaja-carol\/","name":"Tene.ee - Valmis piham\u00f6kki Carol","isPartOf":{"@id":"https:\/\/tene.ee\/fi\/#website"},"primaryImageOfPage":{"@id":"https:\/\/tene.ee\/fi\/toode\/valmis-ehitatud-aiamaja-carol\/#primaryimage"},"image":{"@id":"https:\/\/tene.ee\/fi\/toode\/valmis-ehitatud-aiamaja-carol\/#primaryimage"},"thumbnailUrl":"https:\/\/tene.ee\/wp-content\/uploads\/2024\/07\/Carol.jpg","datePublished":"2024-07-12T13:48:57+00:00","dateModified":"2024-11-28T09:19:13+00:00","description":"Tene.ee Valmis piham\u00f6kki Carol","breadcrumb":{"@id":"https:\/\/tene.ee\/fi\/toode\/valmis-ehitatud-aiamaja-carol\/#breadcrumb"},"inLanguage":"fi","potentialAction":[{"@type":"ReadAction","target":["https:\/\/tene.ee\/fi\/toode\/valmis-ehitatud-aiamaja-carol\/"]}]},{"@type":"ImageObject","inLanguage":"fi","@id":"https:\/\/tene.ee\/fi\/toode\/valmis-ehitatud-aiamaja-carol\/#primaryimage","url":"https:\/\/tene.ee\/wp-content\/uploads\/2024\/07\/Carol.jpg","contentUrl":"https:\/\/tene.ee\/wp-content\/uploads\/2024\/07\/Carol.jpg","width":2500,"height":1812},{"@type":"BreadcrumbList","@id":"https:\/\/tene.ee\/fi\/toode\/valmis-ehitatud-aiamaja-carol\/#breadcrumb","itemListElement":[{"@type":"ListItem","position":1,"name":"Avaleht","item":"http:\/\/tene.ee\/fi\/"},{"@type":"ListItem","position":2,"name":"Kaikki tuotteet","item":"http:\/\/tene.ee\/fi\/shop\/"},{"@type":"ListItem","position":3,"name":"Valmis piham\u00f6kki Carol"}]},{"@type":"WebSite","@id":"https:\/\/tene.ee\/fi\/#website","url":"https:\/\/tene.ee\/fi\/","name":"Tene.ee - Kaunite hetkede jaoks sinu aias","description":"Tene.ee - parimad puit- ja aiamajad otse tootjalt","publisher":{"@id":"https:\/\/tene.ee\/fi\/#organization"},"alternateName":"Tene.ee","potentialAction":[{"@type":"SearchAction","target":{"@type":"EntryPoint","urlTemplate":"https:\/\/tene.ee\/fi\/?s={search_term_string}"},"query-input":{"@type":"PropertyValueSpecification","valueRequired":true,"valueName":"search_term_string"}}],"inLanguage":"fi"},{"@type":"Organization","@id":"https:\/\/tene.ee\/fi\/#organization","name":"Tene.ee","url":"https:\/\/tene.ee\/fi\/","logo":{"@type":"ImageObject","inLanguage":"fi","@id":"https:\/\/tene.ee\/fi\/#\/schema\/logo\/image\/","url":"https:\/\/tene.ee\/wp-content\/uploads\/2024\/12\/TENE-logo-2018-2.png","contentUrl":"https:\/\/tene.ee\/wp-content\/uploads\/2024\/12\/TENE-logo-2018-2.png","width":2339,"height":1654,"caption":"Tene.ee"},"image":{"@id":"https:\/\/tene.ee\/fi\/#\/schema\/logo\/image\/"},"sameAs":["https:\/\/www.facebook.com\/teneaiamajad"]}]}},"_links":{"self":[{"href":"https:\/\/tene.ee\/fi\/wp-json\/wp\/v2\/product\/15712","targetHints":{"allow":["GET"]}}],"collection":[{"href":"https:\/\/tene.ee\/fi\/wp-json\/wp\/v2\/product"}],"about":[{"href":"https:\/\/tene.ee\/fi\/wp-json\/wp\/v2\/types\/product"}],"wp:featuredmedia":[{"embeddable":true,"href":"https:\/\/tene.ee\/fi\/wp-json\/wp\/v2\/media\/2993"}],"wp:attachment":[{"href":"https:\/\/tene.ee\/fi\/wp-json\/wp\/v2\/media?parent=15712"}],"wp:term":[{"taxonomy":"product_brand","embeddable":true,"href":"https:\/\/tene.ee\/fi\/wp-json\/wp\/v2\/product_brand?post=15712"},{"taxonomy":"product_cat","embeddable":true,"href":"https:\/\/tene.ee\/fi\/wp-json\/wp\/v2\/product_cat?post=15712"},{"taxonomy":"product_tag","embeddable":true,"href":"https:\/\/tene.ee\/fi\/wp-json\/wp\/v2\/product_tag?post=15712"}],"curies":[{"name":"wp","href":"https:\/\/api.w.org\/{rel}","templated":true}]}}