{"id":15709,"date":"2024-07-12T16:48:57","date_gmt":"2024-07-12T13:48:57","guid":{"rendered":"https:\/\/tene.ee\/toode\/aiamaja-bunkie-hudson-magamislavatsiga-uks-ja-aknad-klaaspaketiga\/"},"modified":"2024-11-28T11:19:15","modified_gmt":"2024-11-28T09:19:15","slug":"aiamaja-bunkie-hudson-magamislavatsiga-uks-ja-aknad-klaaspaketiga","status":"publish","type":"product","link":"https:\/\/tene.ee\/fi\/toode\/aiamaja-bunkie-hudson-magamislavatsiga-uks-ja-aknad-klaaspaketiga\/","title":{"rendered":"Hirsim\u00f6kki Bunkie Hudson, jossa makuupatja, ovi ja ikkunat kaksinkertaisilla laseilla"},"content":{"rendered":"<p>Kaikki Tene tehtaalla valmistettavien 40mm m\u00f6kkien, hirsitalojen, lasten leikkim\u00f6kkien, katosten, huviloiden ja autotallien toimitus sis\u00e4lt\u00e4\u00e4 kaikki tarvittavat osat, ovet ja ikkunat, lattian, kiinnitystarvikkeet jne., joten rakennuksen pystytt\u00e4minen on helppoa ja nopeaa.meilt\u00e4 saat my\u00f6s muut puutarhaan liittyv\u00e4t tuotteetTENE seinien paksuudelta 40mm kes\u00e4m\u00f6kkien toimitukseen kuuluvat:Talojen valmistukseen k\u00e4ytetty puuaines, 100% pohjoismainen laadukas kuusipuuOvet ja ikkunat on valmistettu hyvin kuivasta (8-12%) liimapuustaIkkunat on tuplalasiella ja avautuvat kahteen suuntaan, ikkunoissa on kaikki tarvikkeetOvet on tuplalasiella, ovissa on kaikki tarvikkeetV\u00e4likatto ja lattia on \u00a0profiililaudastaPerustuspalkit ovat painekyll\u00e4stetty\u00e4 puutaToimitukseen kuuluvat aina myrskylistat100% kiinnitystarvikkeet (naulat, ruuvit)Asennuskuvat ja -kaavat Hinnat ovat voimassa tehtaan varastossa ja sis\u00e4lt\u00e4v\u00e4t arvonlis\u00e4veron.<\/p>\n","protected":false},"excerpt":{"rendered":"<p>Toimitus nosturiautolla koko Manner-Suomeen 390\u20ac!<br \/>\nOvet ja ikkunat tuplalaseilla, kaikki tarvikkeet mukana!<\/p>\n","protected":false},"featured_media":9329,"template":"","meta":{"_acf_changed":false},"product_brand":[],"product_cat":[162,163],"product_tag":[],"class_list":{"0":"post-15709","1":"product","2":"type-product","3":"status-publish","4":"has-post-thumbnail","6":"product_cat-piharakennukset","7":"product_cat-piharakennukset-40-mm","8":"product_shipping_class-390e-fi","10":"first","11":"instock","12":"sale","13":"purchasable","14":"product-type-simple"},"acf":[],"yoast_head":"<!-- This site is optimized with the Yoast SEO plugin v27.4 - https:\/\/yoast.com\/product\/yoast-seo-wordpress\/ -->\n<title>Tene.ee - Hirsim\u00f6kki Bunkie Hudson, jossa makuupatja, ovi ja ikkunat kaksinkertaisilla laseilla<\/title>\n<meta name=\"description\" content=\"Tene.ee Hirsim\u00f6kki Bunkie Hudson, jossa makuupatja, ovi ja ikkunat kaksinkertaisilla laseilla\" \/>\n<meta name=\"robots\" content=\"index, follow, max-snippet:-1, max-image-preview:large, max-video-preview:-1\" \/>\n<link rel=\"canonical\" href=\"https:\/\/tene.ee\/fi\/toode\/aiamaja-bunkie-hudson-magamislavatsiga-uks-ja-aknad-klaaspaketiga\/\" \/>\n<meta property=\"og:locale\" content=\"fi_FI\" \/>\n<meta property=\"og:type\" content=\"article\" \/>\n<meta property=\"og:title\" content=\"Tene.ee - Hirsim\u00f6kki Bunkie Hudson, jossa makuupatja, ovi ja ikkunat kaksinkertaisilla laseilla\" \/>\n<meta property=\"og:description\" content=\"Tene.ee Hirsim\u00f6kki Bunkie Hudson, jossa makuupatja, ovi ja ikkunat kaksinkertaisilla laseilla\" \/>\n<meta property=\"og:url\" content=\"https:\/\/tene.ee\/fi\/toode\/aiamaja-bunkie-hudson-magamislavatsiga-uks-ja-aknad-klaaspaketiga\/\" \/>\n<meta property=\"og:site_name\" content=\"Tene.ee\" \/>\n<meta property=\"article:publisher\" content=\"https:\/\/www.facebook.com\/teneaiamajad\" \/>\n<meta property=\"article:modified_time\" content=\"2024-11-28T09:19:15+00:00\" \/>\n<meta property=\"og:image\" content=\"https:\/\/tene.ee\/wp-content\/uploads\/2024\/07\/Bunkie_Hudson-1024x683.jpg\" \/>\n\t<meta property=\"og:image:width\" content=\"1024\" \/>\n\t<meta property=\"og:image:height\" content=\"683\" \/>\n\t<meta property=\"og:image:type\" content=\"image\/jpeg\" \/>\n<meta name=\"twitter:card\" content=\"summary_large_image\" \/>\n<meta name=\"twitter:label1\" content=\"Arvioitu lukuaika\" \/>\n\t<meta name=\"twitter:data1\" content=\"1 minuutti\" \/>\n<script type=\"application\/ld+json\" class=\"yoast-schema-graph\">{\"@context\":\"https:\\\/\\\/schema.org\",\"@graph\":[{\"@type\":\"WebPage\",\"@id\":\"https:\\\/\\\/tene.ee\\\/fi\\\/toode\\\/aiamaja-bunkie-hudson-magamislavatsiga-uks-ja-aknad-klaaspaketiga\\\/\",\"url\":\"https:\\\/\\\/tene.ee\\\/fi\\\/toode\\\/aiamaja-bunkie-hudson-magamislavatsiga-uks-ja-aknad-klaaspaketiga\\\/\",\"name\":\"Tene.ee - Hirsim\u00f6kki Bunkie Hudson, jossa makuupatja, ovi ja ikkunat kaksinkertaisilla laseilla\",\"isPartOf\":{\"@id\":\"https:\\\/\\\/tene.ee\\\/fi\\\/#website\"},\"primaryImageOfPage\":{\"@id\":\"https:\\\/\\\/tene.ee\\\/fi\\\/toode\\\/aiamaja-bunkie-hudson-magamislavatsiga-uks-ja-aknad-klaaspaketiga\\\/#primaryimage\"},\"image\":{\"@id\":\"https:\\\/\\\/tene.ee\\\/fi\\\/toode\\\/aiamaja-bunkie-hudson-magamislavatsiga-uks-ja-aknad-klaaspaketiga\\\/#primaryimage\"},\"thumbnailUrl\":\"https:\\\/\\\/tene.ee\\\/wp-content\\\/uploads\\\/2024\\\/07\\\/Bunkie_Hudson.jpg\",\"datePublished\":\"2024-07-12T13:48:57+00:00\",\"dateModified\":\"2024-11-28T09:19:15+00:00\",\"description\":\"Tene.ee Hirsim\u00f6kki Bunkie Hudson, jossa makuupatja, ovi ja ikkunat kaksinkertaisilla laseilla\",\"breadcrumb\":{\"@id\":\"https:\\\/\\\/tene.ee\\\/fi\\\/toode\\\/aiamaja-bunkie-hudson-magamislavatsiga-uks-ja-aknad-klaaspaketiga\\\/#breadcrumb\"},\"inLanguage\":\"fi\",\"potentialAction\":[{\"@type\":\"ReadAction\",\"target\":[\"https:\\\/\\\/tene.ee\\\/fi\\\/toode\\\/aiamaja-bunkie-hudson-magamislavatsiga-uks-ja-aknad-klaaspaketiga\\\/\"]}]},{\"@type\":\"ImageObject\",\"inLanguage\":\"fi\",\"@id\":\"https:\\\/\\\/tene.ee\\\/fi\\\/toode\\\/aiamaja-bunkie-hudson-magamislavatsiga-uks-ja-aknad-klaaspaketiga\\\/#primaryimage\",\"url\":\"https:\\\/\\\/tene.ee\\\/wp-content\\\/uploads\\\/2024\\\/07\\\/Bunkie_Hudson.jpg\",\"contentUrl\":\"https:\\\/\\\/tene.ee\\\/wp-content\\\/uploads\\\/2024\\\/07\\\/Bunkie_Hudson.jpg\",\"width\":2500,\"height\":1667},{\"@type\":\"BreadcrumbList\",\"@id\":\"https:\\\/\\\/tene.ee\\\/fi\\\/toode\\\/aiamaja-bunkie-hudson-magamislavatsiga-uks-ja-aknad-klaaspaketiga\\\/#breadcrumb\",\"itemListElement\":[{\"@type\":\"ListItem\",\"position\":1,\"name\":\"Avaleht\",\"item\":\"http:\\\/\\\/tene.ee\\\/fi\\\/\"},{\"@type\":\"ListItem\",\"position\":2,\"name\":\"Kaikki tuotteet\",\"item\":\"http:\\\/\\\/tene.ee\\\/fi\\\/shop\\\/\"},{\"@type\":\"ListItem\",\"position\":3,\"name\":\"Hirsim\u00f6kki Bunkie Hudson, jossa makuupatja, ovi ja ikkunat kaksinkertaisilla laseilla\"}]},{\"@type\":\"WebSite\",\"@id\":\"https:\\\/\\\/tene.ee\\\/fi\\\/#website\",\"url\":\"https:\\\/\\\/tene.ee\\\/fi\\\/\",\"name\":\"Tene.ee - Kaunite hetkede jaoks sinu aias\",\"description\":\"Tene.ee - parimad puit- ja aiamajad otse tootjalt\",\"publisher\":{\"@id\":\"https:\\\/\\\/tene.ee\\\/fi\\\/#organization\"},\"alternateName\":\"Tene.ee\",\"potentialAction\":[{\"@type\":\"SearchAction\",\"target\":{\"@type\":\"EntryPoint\",\"urlTemplate\":\"https:\\\/\\\/tene.ee\\\/fi\\\/?s={search_term_string}\"},\"query-input\":{\"@type\":\"PropertyValueSpecification\",\"valueRequired\":true,\"valueName\":\"search_term_string\"}}],\"inLanguage\":\"fi\"},{\"@type\":\"Organization\",\"@id\":\"https:\\\/\\\/tene.ee\\\/fi\\\/#organization\",\"name\":\"Tene.ee\",\"url\":\"https:\\\/\\\/tene.ee\\\/fi\\\/\",\"logo\":{\"@type\":\"ImageObject\",\"inLanguage\":\"fi\",\"@id\":\"https:\\\/\\\/tene.ee\\\/fi\\\/#\\\/schema\\\/logo\\\/image\\\/\",\"url\":\"https:\\\/\\\/tene.ee\\\/wp-content\\\/uploads\\\/2024\\\/12\\\/TENE-logo-2018-2.png\",\"contentUrl\":\"https:\\\/\\\/tene.ee\\\/wp-content\\\/uploads\\\/2024\\\/12\\\/TENE-logo-2018-2.png\",\"width\":2339,\"height\":1654,\"caption\":\"Tene.ee\"},\"image\":{\"@id\":\"https:\\\/\\\/tene.ee\\\/fi\\\/#\\\/schema\\\/logo\\\/image\\\/\"},\"sameAs\":[\"https:\\\/\\\/www.facebook.com\\\/teneaiamajad\"]}]}<\/script>\n<!-- \/ Yoast SEO plugin. -->","yoast_head_json":{"title":"Tene.ee - Hirsim\u00f6kki Bunkie Hudson, jossa makuupatja, ovi ja ikkunat kaksinkertaisilla laseilla","description":"Tene.ee Hirsim\u00f6kki Bunkie Hudson, jossa makuupatja, ovi ja ikkunat kaksinkertaisilla laseilla","robots":{"index":"index","follow":"follow","max-snippet":"max-snippet:-1","max-image-preview":"max-image-preview:large","max-video-preview":"max-video-preview:-1"},"canonical":"https:\/\/tene.ee\/fi\/toode\/aiamaja-bunkie-hudson-magamislavatsiga-uks-ja-aknad-klaaspaketiga\/","og_locale":"fi_FI","og_type":"article","og_title":"Tene.ee - Hirsim\u00f6kki Bunkie Hudson, jossa makuupatja, ovi ja ikkunat kaksinkertaisilla laseilla","og_description":"Tene.ee Hirsim\u00f6kki Bunkie Hudson, jossa makuupatja, ovi ja ikkunat kaksinkertaisilla laseilla","og_url":"https:\/\/tene.ee\/fi\/toode\/aiamaja-bunkie-hudson-magamislavatsiga-uks-ja-aknad-klaaspaketiga\/","og_site_name":"Tene.ee","article_publisher":"https:\/\/www.facebook.com\/teneaiamajad","article_modified_time":"2024-11-28T09:19:15+00:00","og_image":[{"width":1024,"height":683,"url":"https:\/\/tene.ee\/wp-content\/uploads\/2024\/07\/Bunkie_Hudson-1024x683.jpg","type":"image\/jpeg"}],"twitter_card":"summary_large_image","twitter_misc":{"Arvioitu lukuaika":"1 minuutti"},"schema":{"@context":"https:\/\/schema.org","@graph":[{"@type":"WebPage","@id":"https:\/\/tene.ee\/fi\/toode\/aiamaja-bunkie-hudson-magamislavatsiga-uks-ja-aknad-klaaspaketiga\/","url":"https:\/\/tene.ee\/fi\/toode\/aiamaja-bunkie-hudson-magamislavatsiga-uks-ja-aknad-klaaspaketiga\/","name":"Tene.ee - Hirsim\u00f6kki Bunkie Hudson, jossa makuupatja, ovi ja ikkunat kaksinkertaisilla laseilla","isPartOf":{"@id":"https:\/\/tene.ee\/fi\/#website"},"primaryImageOfPage":{"@id":"https:\/\/tene.ee\/fi\/toode\/aiamaja-bunkie-hudson-magamislavatsiga-uks-ja-aknad-klaaspaketiga\/#primaryimage"},"image":{"@id":"https:\/\/tene.ee\/fi\/toode\/aiamaja-bunkie-hudson-magamislavatsiga-uks-ja-aknad-klaaspaketiga\/#primaryimage"},"thumbnailUrl":"https:\/\/tene.ee\/wp-content\/uploads\/2024\/07\/Bunkie_Hudson.jpg","datePublished":"2024-07-12T13:48:57+00:00","dateModified":"2024-11-28T09:19:15+00:00","description":"Tene.ee Hirsim\u00f6kki Bunkie Hudson, jossa makuupatja, ovi ja ikkunat kaksinkertaisilla laseilla","breadcrumb":{"@id":"https:\/\/tene.ee\/fi\/toode\/aiamaja-bunkie-hudson-magamislavatsiga-uks-ja-aknad-klaaspaketiga\/#breadcrumb"},"inLanguage":"fi","potentialAction":[{"@type":"ReadAction","target":["https:\/\/tene.ee\/fi\/toode\/aiamaja-bunkie-hudson-magamislavatsiga-uks-ja-aknad-klaaspaketiga\/"]}]},{"@type":"ImageObject","inLanguage":"fi","@id":"https:\/\/tene.ee\/fi\/toode\/aiamaja-bunkie-hudson-magamislavatsiga-uks-ja-aknad-klaaspaketiga\/#primaryimage","url":"https:\/\/tene.ee\/wp-content\/uploads\/2024\/07\/Bunkie_Hudson.jpg","contentUrl":"https:\/\/tene.ee\/wp-content\/uploads\/2024\/07\/Bunkie_Hudson.jpg","width":2500,"height":1667},{"@type":"BreadcrumbList","@id":"https:\/\/tene.ee\/fi\/toode\/aiamaja-bunkie-hudson-magamislavatsiga-uks-ja-aknad-klaaspaketiga\/#breadcrumb","itemListElement":[{"@type":"ListItem","position":1,"name":"Avaleht","item":"http:\/\/tene.ee\/fi\/"},{"@type":"ListItem","position":2,"name":"Kaikki tuotteet","item":"http:\/\/tene.ee\/fi\/shop\/"},{"@type":"ListItem","position":3,"name":"Hirsim\u00f6kki Bunkie Hudson, jossa makuupatja, ovi ja ikkunat kaksinkertaisilla laseilla"}]},{"@type":"WebSite","@id":"https:\/\/tene.ee\/fi\/#website","url":"https:\/\/tene.ee\/fi\/","name":"Tene.ee - Kaunite hetkede jaoks sinu aias","description":"Tene.ee - parimad puit- ja aiamajad otse tootjalt","publisher":{"@id":"https:\/\/tene.ee\/fi\/#organization"},"alternateName":"Tene.ee","potentialAction":[{"@type":"SearchAction","target":{"@type":"EntryPoint","urlTemplate":"https:\/\/tene.ee\/fi\/?s={search_term_string}"},"query-input":{"@type":"PropertyValueSpecification","valueRequired":true,"valueName":"search_term_string"}}],"inLanguage":"fi"},{"@type":"Organization","@id":"https:\/\/tene.ee\/fi\/#organization","name":"Tene.ee","url":"https:\/\/tene.ee\/fi\/","logo":{"@type":"ImageObject","inLanguage":"fi","@id":"https:\/\/tene.ee\/fi\/#\/schema\/logo\/image\/","url":"https:\/\/tene.ee\/wp-content\/uploads\/2024\/12\/TENE-logo-2018-2.png","contentUrl":"https:\/\/tene.ee\/wp-content\/uploads\/2024\/12\/TENE-logo-2018-2.png","width":2339,"height":1654,"caption":"Tene.ee"},"image":{"@id":"https:\/\/tene.ee\/fi\/#\/schema\/logo\/image\/"},"sameAs":["https:\/\/www.facebook.com\/teneaiamajad"]}]}},"_links":{"self":[{"href":"https:\/\/tene.ee\/fi\/wp-json\/wp\/v2\/product\/15709","targetHints":{"allow":["GET"]}}],"collection":[{"href":"https:\/\/tene.ee\/fi\/wp-json\/wp\/v2\/product"}],"about":[{"href":"https:\/\/tene.ee\/fi\/wp-json\/wp\/v2\/types\/product"}],"wp:featuredmedia":[{"embeddable":true,"href":"https:\/\/tene.ee\/fi\/wp-json\/wp\/v2\/media\/9329"}],"wp:attachment":[{"href":"https:\/\/tene.ee\/fi\/wp-json\/wp\/v2\/media?parent=15709"}],"wp:term":[{"taxonomy":"product_brand","embeddable":true,"href":"https:\/\/tene.ee\/fi\/wp-json\/wp\/v2\/product_brand?post=15709"},{"taxonomy":"product_cat","embeddable":true,"href":"https:\/\/tene.ee\/fi\/wp-json\/wp\/v2\/product_cat?post=15709"},{"taxonomy":"product_tag","embeddable":true,"href":"https:\/\/tene.ee\/fi\/wp-json\/wp\/v2\/product_tag?post=15709"}],"curies":[{"name":"wp","href":"https:\/\/api.w.org\/{rel}","templated":true}]}}