{"id":15703,"date":"2024-07-12T16:48:57","date_gmt":"2024-07-12T13:48:57","guid":{"rendered":"https:\/\/tene.ee\/toode\/valmis-ehitatud-aiamaja-andrea\/"},"modified":"2024-11-28T11:19:07","modified_gmt":"2024-11-28T09:19:07","slug":"valmis-ehitatud-aiamaja-andrea","status":"publish","type":"product","link":"https:\/\/tene.ee\/fi\/toode\/valmis-ehitatud-aiamaja-andrea\/","title":{"rendered":"Valmiiksi rakennettu puutarham\u00f6kki Andrea"},"content":{"rendered":"<p>TENE-valmiit puutarhatalot ja -vajat rakennetaan sis\u00e4tiloihin, mik\u00e4 varmistaa valmiiden talojen paremman laadun ja auttaa eliminoimaan mahdolliset haitalliset viiv\u00e4stykset rakennusty\u00f6maalla (esim. huonot s\u00e4\u00e4olosuhteet).Puumateriaali, josta puutarham\u00f6kki valmistetaan, on pohjoismaista 40 mm paksua korkealaatuista kuusipuuta<br \/>\nOvet ja ikkunat on valmistettu erikoiskuivasta (8-12%) liimapuusta<br \/>\nOven kynnys on ruostumatonta metallia<br \/>\nIkkunat, jotka avautuvat lasipaketilla ja sis\u00e4lt\u00e4v\u00e4t kalusteet<br \/>\nOvet ovat lasitettuja ja niiss\u00e4 on helat<br \/>\nPerustuspalkit ovat autoklavoitua puuta<br \/>\nLattia on valmistettu 28 mm paksusta profiililevyst\u00e4<br \/>\nKaton p\u00e4\u00e4llyste on musta hunajakenno ruberoidi<br \/>\nR\u00e4yst\u00e4siss\u00e4 ja reunoissa tahroja<br \/>\nKatto on valmistettu profiloidusta levyst\u00e4Hinta ei sis\u00e4ll\u00e4:<br \/>\nPohjaperustuksen valmistelu<br \/>\nUlkoinen viimeistelyHinnat ovat voimassa Tenen tehtaan varastossa ja sis\u00e4lt\u00e4v\u00e4t arvonlis\u00e4veron.<br \/>\nHinta ei sis\u00e4ll\u00e4 valmiin saunan kuljetusta. Toimituksen hinta riippuu tarkasta toimitusosoitteesta.<\/p>\n","protected":false},"excerpt":{"rendered":"<p>Hintaan sis\u00e4ltyy liimapuuovet kaksoisikkunalla, laudoitusovi, ikkuna kaksoisikkunalla, ruostumattomasta ter\u00e4ksest\u00e4 valmistettu kynnys, lattia, kyll\u00e4stetyt peruslohkot, kiinnikkeet ja asennusohjeet. Hinta ei sis\u00e4ll\u00e4 kuljetusta ja kattomateriaalia.Seinalaua pikkus:470 x 295 cmSeinalaua paksus:40mm<\/p>\n","protected":false},"featured_media":9425,"template":"","meta":{"_acf_changed":false},"product_brand":[],"product_cat":[162,163,245],"product_tag":[],"class_list":{"0":"post-15703","1":"product","2":"type-product","3":"status-publish","4":"has-post-thumbnail","6":"product_cat-piharakennukset","7":"product_cat-piharakennukset-40-mm","8":"product_cat-valmis-pihavarastot","9":"product_shipping_class-390e-fi","10":"pa_iseloomustus-2-huonetta","11":"pa_iseloomustus-nelikulmainen-mokki","12":"pa_katuse-tuup-vinokatto","13":"pa_pindala-10-20-m2-fi","14":"pa_seina-paksus-40-mm-fi","16":"first","17":"onbackorder","18":"sale","19":"purchasable","20":"product-type-simple"},"acf":[],"yoast_head":"<!-- This site is optimized with the Yoast SEO plugin v27.3 - https:\/\/yoast.com\/product\/yoast-seo-wordpress\/ -->\n<title>Tene.ee - Valmiiksi rakennettu puutarham\u00f6kki Andrea<\/title>\n<meta name=\"description\" content=\"Tene.ee Valmiiksi rakennettu puutarham\u00f6kki Andrea\" \/>\n<meta name=\"robots\" content=\"index, follow, max-snippet:-1, max-image-preview:large, max-video-preview:-1\" \/>\n<link rel=\"canonical\" href=\"https:\/\/tene.ee\/fi\/toode\/valmis-ehitatud-aiamaja-andrea\/\" \/>\n<meta property=\"og:locale\" content=\"fi_FI\" \/>\n<meta property=\"og:type\" content=\"article\" \/>\n<meta property=\"og:title\" content=\"Tene.ee - Valmiiksi rakennettu puutarham\u00f6kki Andrea\" \/>\n<meta property=\"og:description\" content=\"Tene.ee Valmiiksi rakennettu puutarham\u00f6kki Andrea\" \/>\n<meta property=\"og:url\" content=\"https:\/\/tene.ee\/fi\/toode\/valmis-ehitatud-aiamaja-andrea\/\" \/>\n<meta property=\"og:site_name\" content=\"Tene.ee\" \/>\n<meta property=\"article:publisher\" content=\"https:\/\/www.facebook.com\/teneaiamajad\" \/>\n<meta property=\"article:modified_time\" content=\"2024-11-28T09:19:07+00:00\" \/>\n<meta property=\"og:image\" content=\"https:\/\/tene.ee\/wp-content\/uploads\/2024\/07\/Andrea-1-1024x683.jpg\" \/>\n\t<meta property=\"og:image:width\" content=\"1024\" \/>\n\t<meta property=\"og:image:height\" content=\"683\" \/>\n\t<meta property=\"og:image:type\" content=\"image\/jpeg\" \/>\n<meta name=\"twitter:card\" content=\"summary_large_image\" \/>\n<meta name=\"twitter:label1\" content=\"Arvioitu lukuaika\" \/>\n\t<meta name=\"twitter:data1\" content=\"1 minuutti\" \/>\n<script type=\"application\/ld+json\" class=\"yoast-schema-graph\">{\"@context\":\"https:\\\/\\\/schema.org\",\"@graph\":[{\"@type\":\"WebPage\",\"@id\":\"https:\\\/\\\/tene.ee\\\/fi\\\/toode\\\/valmis-ehitatud-aiamaja-andrea\\\/\",\"url\":\"https:\\\/\\\/tene.ee\\\/fi\\\/toode\\\/valmis-ehitatud-aiamaja-andrea\\\/\",\"name\":\"Tene.ee - Valmiiksi rakennettu puutarham\u00f6kki Andrea\",\"isPartOf\":{\"@id\":\"https:\\\/\\\/tene.ee\\\/fi\\\/#website\"},\"primaryImageOfPage\":{\"@id\":\"https:\\\/\\\/tene.ee\\\/fi\\\/toode\\\/valmis-ehitatud-aiamaja-andrea\\\/#primaryimage\"},\"image\":{\"@id\":\"https:\\\/\\\/tene.ee\\\/fi\\\/toode\\\/valmis-ehitatud-aiamaja-andrea\\\/#primaryimage\"},\"thumbnailUrl\":\"https:\\\/\\\/tene.ee\\\/wp-content\\\/uploads\\\/2024\\\/07\\\/Andrea-1.jpg\",\"datePublished\":\"2024-07-12T13:48:57+00:00\",\"dateModified\":\"2024-11-28T09:19:07+00:00\",\"description\":\"Tene.ee Valmiiksi rakennettu puutarham\u00f6kki Andrea\",\"breadcrumb\":{\"@id\":\"https:\\\/\\\/tene.ee\\\/fi\\\/toode\\\/valmis-ehitatud-aiamaja-andrea\\\/#breadcrumb\"},\"inLanguage\":\"fi\",\"potentialAction\":[{\"@type\":\"ReadAction\",\"target\":[\"https:\\\/\\\/tene.ee\\\/fi\\\/toode\\\/valmis-ehitatud-aiamaja-andrea\\\/\"]}]},{\"@type\":\"ImageObject\",\"inLanguage\":\"fi\",\"@id\":\"https:\\\/\\\/tene.ee\\\/fi\\\/toode\\\/valmis-ehitatud-aiamaja-andrea\\\/#primaryimage\",\"url\":\"https:\\\/\\\/tene.ee\\\/wp-content\\\/uploads\\\/2024\\\/07\\\/Andrea-1.jpg\",\"contentUrl\":\"https:\\\/\\\/tene.ee\\\/wp-content\\\/uploads\\\/2024\\\/07\\\/Andrea-1.jpg\",\"width\":2500,\"height\":1667},{\"@type\":\"BreadcrumbList\",\"@id\":\"https:\\\/\\\/tene.ee\\\/fi\\\/toode\\\/valmis-ehitatud-aiamaja-andrea\\\/#breadcrumb\",\"itemListElement\":[{\"@type\":\"ListItem\",\"position\":1,\"name\":\"Avaleht\",\"item\":\"http:\\\/\\\/tene.ee\\\/fi\\\/\"},{\"@type\":\"ListItem\",\"position\":2,\"name\":\"Kaikki tuotteet\",\"item\":\"http:\\\/\\\/tene.ee\\\/fi\\\/shop\\\/\"},{\"@type\":\"ListItem\",\"position\":3,\"name\":\"Valmiiksi rakennettu puutarham\u00f6kki Andrea\"}]},{\"@type\":\"WebSite\",\"@id\":\"https:\\\/\\\/tene.ee\\\/fi\\\/#website\",\"url\":\"https:\\\/\\\/tene.ee\\\/fi\\\/\",\"name\":\"Tene.ee - Kaunite hetkede jaoks sinu aias\",\"description\":\"Tene.ee - parimad puit- ja aiamajad otse tootjalt\",\"publisher\":{\"@id\":\"https:\\\/\\\/tene.ee\\\/fi\\\/#organization\"},\"alternateName\":\"Tene.ee\",\"potentialAction\":[{\"@type\":\"SearchAction\",\"target\":{\"@type\":\"EntryPoint\",\"urlTemplate\":\"https:\\\/\\\/tene.ee\\\/fi\\\/?s={search_term_string}\"},\"query-input\":{\"@type\":\"PropertyValueSpecification\",\"valueRequired\":true,\"valueName\":\"search_term_string\"}}],\"inLanguage\":\"fi\"},{\"@type\":\"Organization\",\"@id\":\"https:\\\/\\\/tene.ee\\\/fi\\\/#organization\",\"name\":\"Tene.ee\",\"url\":\"https:\\\/\\\/tene.ee\\\/fi\\\/\",\"logo\":{\"@type\":\"ImageObject\",\"inLanguage\":\"fi\",\"@id\":\"https:\\\/\\\/tene.ee\\\/fi\\\/#\\\/schema\\\/logo\\\/image\\\/\",\"url\":\"https:\\\/\\\/tene.ee\\\/wp-content\\\/uploads\\\/2024\\\/12\\\/TENE-logo-2018-2.png\",\"contentUrl\":\"https:\\\/\\\/tene.ee\\\/wp-content\\\/uploads\\\/2024\\\/12\\\/TENE-logo-2018-2.png\",\"width\":2339,\"height\":1654,\"caption\":\"Tene.ee\"},\"image\":{\"@id\":\"https:\\\/\\\/tene.ee\\\/fi\\\/#\\\/schema\\\/logo\\\/image\\\/\"},\"sameAs\":[\"https:\\\/\\\/www.facebook.com\\\/teneaiamajad\"]}]}<\/script>\n<!-- \/ Yoast SEO plugin. -->","yoast_head_json":{"title":"Tene.ee - Valmiiksi rakennettu puutarham\u00f6kki Andrea","description":"Tene.ee Valmiiksi rakennettu puutarham\u00f6kki Andrea","robots":{"index":"index","follow":"follow","max-snippet":"max-snippet:-1","max-image-preview":"max-image-preview:large","max-video-preview":"max-video-preview:-1"},"canonical":"https:\/\/tene.ee\/fi\/toode\/valmis-ehitatud-aiamaja-andrea\/","og_locale":"fi_FI","og_type":"article","og_title":"Tene.ee - Valmiiksi rakennettu puutarham\u00f6kki Andrea","og_description":"Tene.ee Valmiiksi rakennettu puutarham\u00f6kki Andrea","og_url":"https:\/\/tene.ee\/fi\/toode\/valmis-ehitatud-aiamaja-andrea\/","og_site_name":"Tene.ee","article_publisher":"https:\/\/www.facebook.com\/teneaiamajad","article_modified_time":"2024-11-28T09:19:07+00:00","og_image":[{"width":1024,"height":683,"url":"https:\/\/tene.ee\/wp-content\/uploads\/2024\/07\/Andrea-1-1024x683.jpg","type":"image\/jpeg"}],"twitter_card":"summary_large_image","twitter_misc":{"Arvioitu lukuaika":"1 minuutti"},"schema":{"@context":"https:\/\/schema.org","@graph":[{"@type":"WebPage","@id":"https:\/\/tene.ee\/fi\/toode\/valmis-ehitatud-aiamaja-andrea\/","url":"https:\/\/tene.ee\/fi\/toode\/valmis-ehitatud-aiamaja-andrea\/","name":"Tene.ee - Valmiiksi rakennettu puutarham\u00f6kki Andrea","isPartOf":{"@id":"https:\/\/tene.ee\/fi\/#website"},"primaryImageOfPage":{"@id":"https:\/\/tene.ee\/fi\/toode\/valmis-ehitatud-aiamaja-andrea\/#primaryimage"},"image":{"@id":"https:\/\/tene.ee\/fi\/toode\/valmis-ehitatud-aiamaja-andrea\/#primaryimage"},"thumbnailUrl":"https:\/\/tene.ee\/wp-content\/uploads\/2024\/07\/Andrea-1.jpg","datePublished":"2024-07-12T13:48:57+00:00","dateModified":"2024-11-28T09:19:07+00:00","description":"Tene.ee Valmiiksi rakennettu puutarham\u00f6kki Andrea","breadcrumb":{"@id":"https:\/\/tene.ee\/fi\/toode\/valmis-ehitatud-aiamaja-andrea\/#breadcrumb"},"inLanguage":"fi","potentialAction":[{"@type":"ReadAction","target":["https:\/\/tene.ee\/fi\/toode\/valmis-ehitatud-aiamaja-andrea\/"]}]},{"@type":"ImageObject","inLanguage":"fi","@id":"https:\/\/tene.ee\/fi\/toode\/valmis-ehitatud-aiamaja-andrea\/#primaryimage","url":"https:\/\/tene.ee\/wp-content\/uploads\/2024\/07\/Andrea-1.jpg","contentUrl":"https:\/\/tene.ee\/wp-content\/uploads\/2024\/07\/Andrea-1.jpg","width":2500,"height":1667},{"@type":"BreadcrumbList","@id":"https:\/\/tene.ee\/fi\/toode\/valmis-ehitatud-aiamaja-andrea\/#breadcrumb","itemListElement":[{"@type":"ListItem","position":1,"name":"Avaleht","item":"http:\/\/tene.ee\/fi\/"},{"@type":"ListItem","position":2,"name":"Kaikki tuotteet","item":"http:\/\/tene.ee\/fi\/shop\/"},{"@type":"ListItem","position":3,"name":"Valmiiksi rakennettu puutarham\u00f6kki Andrea"}]},{"@type":"WebSite","@id":"https:\/\/tene.ee\/fi\/#website","url":"https:\/\/tene.ee\/fi\/","name":"Tene.ee - Kaunite hetkede jaoks sinu aias","description":"Tene.ee - parimad puit- ja aiamajad otse tootjalt","publisher":{"@id":"https:\/\/tene.ee\/fi\/#organization"},"alternateName":"Tene.ee","potentialAction":[{"@type":"SearchAction","target":{"@type":"EntryPoint","urlTemplate":"https:\/\/tene.ee\/fi\/?s={search_term_string}"},"query-input":{"@type":"PropertyValueSpecification","valueRequired":true,"valueName":"search_term_string"}}],"inLanguage":"fi"},{"@type":"Organization","@id":"https:\/\/tene.ee\/fi\/#organization","name":"Tene.ee","url":"https:\/\/tene.ee\/fi\/","logo":{"@type":"ImageObject","inLanguage":"fi","@id":"https:\/\/tene.ee\/fi\/#\/schema\/logo\/image\/","url":"https:\/\/tene.ee\/wp-content\/uploads\/2024\/12\/TENE-logo-2018-2.png","contentUrl":"https:\/\/tene.ee\/wp-content\/uploads\/2024\/12\/TENE-logo-2018-2.png","width":2339,"height":1654,"caption":"Tene.ee"},"image":{"@id":"https:\/\/tene.ee\/fi\/#\/schema\/logo\/image\/"},"sameAs":["https:\/\/www.facebook.com\/teneaiamajad"]}]}},"_links":{"self":[{"href":"https:\/\/tene.ee\/fi\/wp-json\/wp\/v2\/product\/15703","targetHints":{"allow":["GET"]}}],"collection":[{"href":"https:\/\/tene.ee\/fi\/wp-json\/wp\/v2\/product"}],"about":[{"href":"https:\/\/tene.ee\/fi\/wp-json\/wp\/v2\/types\/product"}],"wp:featuredmedia":[{"embeddable":true,"href":"https:\/\/tene.ee\/fi\/wp-json\/wp\/v2\/media\/9425"}],"wp:attachment":[{"href":"https:\/\/tene.ee\/fi\/wp-json\/wp\/v2\/media?parent=15703"}],"wp:term":[{"taxonomy":"product_brand","embeddable":true,"href":"https:\/\/tene.ee\/fi\/wp-json\/wp\/v2\/product_brand?post=15703"},{"taxonomy":"product_cat","embeddable":true,"href":"https:\/\/tene.ee\/fi\/wp-json\/wp\/v2\/product_cat?post=15703"},{"taxonomy":"product_tag","embeddable":true,"href":"https:\/\/tene.ee\/fi\/wp-json\/wp\/v2\/product_tag?post=15703"}],"curies":[{"name":"wp","href":"https:\/\/api.w.org\/{rel}","templated":true}]}}