{"id":15688,"date":"2024-07-12T17:13:18","date_gmt":"2024-07-12T14:13:18","guid":{"rendered":"https:\/\/tene.ee\/toode\/kumblustunn-haagisel-hall-207-premium\/"},"modified":"2024-11-28T11:19:38","modified_gmt":"2024-11-28T09:19:38","slug":"kumblustunn-haagisel-hall-207-premium","status":"publish","type":"product","link":"https:\/\/tene.ee\/fi\/toode\/kumblustunn-haagisel-hall-207-premium\/","title":{"rendered":"Hot tub per\u00e4vaunussa Harmaa (207), Premium"},"content":{"rendered":"<p>Kylpytynnyri kannella jopa 8 hengelle Kylpytynnyrin ulkohalkaisija kannella 215 cm 0 cm Puuvahalla viimeistelty kotelo Sis\u00e4ll\u00f6n ja kannen v\u00e4ri on harmaa graniitti Vedenpoisto hanalla. 5-38\u00b0 vesi 50 cm pitkill\u00e4 puilla n. 4-4,5 tuntia (puubriketeill\u00e4 l\u00e4mmitys n. 3-3,5 tuntia) Kylpytynnyrin paino n. 300 kg kg HUOM! Tuotteen hinta ei sis\u00e4ll\u00e4 per\u00e4vaunun kylpytynnyrin laskutusta ARK:ssa Per\u00e4vaunun kylpytynnyrin laskutus PER\u00c4K\u00c4YRIIN sis\u00e4lt\u00e4\u00e4 seuraavat lis\u00e4kulut asiakkaalle:<br \/>\n\u2022per\u00e4vaunun rekisteritunnus 30 \u20ac<br \/>\n\u2022trailerin rekister\u00f6inti 63 \u20ac<br \/>\nYhteens\u00e4 93\u20ac Per\u00e4vaunussa olevan kylpytynnyrin laskutus ERIKOISPER\u00c4VAUNANA sis\u00e4lt\u00e4\u00e4 seuraavat lis\u00e4kulut asiakkaalle:<br \/>\n\u2022Yksitt\u00e4isen ajoneuvon hyv\u00e4ksynt\u00e4 205 \u20ac<br \/>\n\u2022 Trailerin rekister\u00f6inti 63 \u20ac<br \/>\n\u2022Per\u00e4vaunun rekisterikilpi 30 \u20ac<br \/>\nYhteens\u00e4 298 \u20ac Tuotteen voi noutaa seuraavasta toimituspisteest\u00e4:<br \/>\n\u2022 L\u00e4\u00e4nemaa, Haapsalu, Lihula mnt 22b<\/p>\n","protected":false},"excerpt":{"rendered":"<p>Py\u00f6rill\u00e4 varustettu kylpytynnyri 8 hengelle, halkaisija 207 cm. Nauti tynnyrinautinnoista minne tahansa tie vie!<\/p>\n","protected":false},"featured_media":14729,"template":"","meta":{"_acf_changed":false},"product_brand":[],"product_cat":[248,247,241,242],"product_tag":[],"class_list":{"0":"post-15688","1":"product","2":"type-product","3":"status-publish","4":"has-post-thumbnail","6":"product_cat-karrysaunat","7":"product_cat-kohe-saadaval-fi","8":"product_cat-kylpytynnyrit","9":"product_cat-saunat","10":"pa_kumblustunni-diameeter-207-cm-fi","12":"first","13":"instock","14":"sale","15":"purchasable","16":"product-type-simple"},"acf":[],"yoast_head":"<!-- This site is optimized with the Yoast SEO plugin v27.5 - https:\/\/yoast.com\/product\/yoast-seo-wordpress\/ -->\n<title>Tene.ee - Hot tub per\u00e4vaunussa Harmaa (207), Premium<\/title>\n<meta name=\"description\" content=\"Tene.ee Hot tub per\u00e4vaunussa Harmaa (207), Premium\" \/>\n<meta name=\"robots\" content=\"index, follow, max-snippet:-1, max-image-preview:large, max-video-preview:-1\" \/>\n<link rel=\"canonical\" href=\"https:\/\/tene.ee\/fi\/toode\/kumblustunn-haagisel-hall-207-premium\/\" \/>\n<meta property=\"og:locale\" content=\"fi_FI\" \/>\n<meta property=\"og:type\" content=\"article\" \/>\n<meta property=\"og:title\" content=\"Tene.ee - Hot tub per\u00e4vaunussa Harmaa (207), Premium\" \/>\n<meta property=\"og:description\" content=\"Tene.ee Hot tub per\u00e4vaunussa Harmaa (207), Premium\" \/>\n<meta property=\"og:url\" content=\"https:\/\/tene.ee\/fi\/toode\/kumblustunn-haagisel-hall-207-premium\/\" \/>\n<meta property=\"og:site_name\" content=\"Tene.ee\" \/>\n<meta property=\"article:publisher\" content=\"https:\/\/www.facebook.com\/teneaiamajad\" \/>\n<meta property=\"article:modified_time\" content=\"2024-11-28T09:19:38+00:00\" \/>\n<meta property=\"og:image\" content=\"https:\/\/tene.ee\/wp-content\/uploads\/2024\/07\/IMG_3713-scaled-1.jpg\" \/>\n\t<meta property=\"og:image:width\" content=\"2560\" \/>\n\t<meta property=\"og:image:height\" content=\"1707\" \/>\n\t<meta property=\"og:image:type\" content=\"image\/jpeg\" \/>\n<meta name=\"twitter:card\" content=\"summary_large_image\" \/>\n<meta name=\"twitter:label1\" content=\"Arvioitu lukuaika\" \/>\n\t<meta name=\"twitter:data1\" content=\"1 minuutti\" \/>\n<script type=\"application\/ld+json\" class=\"yoast-schema-graph\">{\"@context\":\"https:\\\/\\\/schema.org\",\"@graph\":[{\"@type\":\"WebPage\",\"@id\":\"https:\\\/\\\/tene.ee\\\/fi\\\/toode\\\/kumblustunn-haagisel-hall-207-premium\\\/\",\"url\":\"https:\\\/\\\/tene.ee\\\/fi\\\/toode\\\/kumblustunn-haagisel-hall-207-premium\\\/\",\"name\":\"Tene.ee - Hot tub per\u00e4vaunussa Harmaa (207), Premium\",\"isPartOf\":{\"@id\":\"https:\\\/\\\/tene.ee\\\/fi\\\/#website\"},\"primaryImageOfPage\":{\"@id\":\"https:\\\/\\\/tene.ee\\\/fi\\\/toode\\\/kumblustunn-haagisel-hall-207-premium\\\/#primaryimage\"},\"image\":{\"@id\":\"https:\\\/\\\/tene.ee\\\/fi\\\/toode\\\/kumblustunn-haagisel-hall-207-premium\\\/#primaryimage\"},\"thumbnailUrl\":\"https:\\\/\\\/tene.ee\\\/wp-content\\\/uploads\\\/2024\\\/07\\\/IMG_3713-scaled-1.jpg\",\"datePublished\":\"2024-07-12T14:13:18+00:00\",\"dateModified\":\"2024-11-28T09:19:38+00:00\",\"description\":\"Tene.ee Hot tub per\u00e4vaunussa Harmaa (207), Premium\",\"breadcrumb\":{\"@id\":\"https:\\\/\\\/tene.ee\\\/fi\\\/toode\\\/kumblustunn-haagisel-hall-207-premium\\\/#breadcrumb\"},\"inLanguage\":\"fi\",\"potentialAction\":[{\"@type\":\"ReadAction\",\"target\":[\"https:\\\/\\\/tene.ee\\\/fi\\\/toode\\\/kumblustunn-haagisel-hall-207-premium\\\/\"]}]},{\"@type\":\"ImageObject\",\"inLanguage\":\"fi\",\"@id\":\"https:\\\/\\\/tene.ee\\\/fi\\\/toode\\\/kumblustunn-haagisel-hall-207-premium\\\/#primaryimage\",\"url\":\"https:\\\/\\\/tene.ee\\\/wp-content\\\/uploads\\\/2024\\\/07\\\/IMG_3713-scaled-1.jpg\",\"contentUrl\":\"https:\\\/\\\/tene.ee\\\/wp-content\\\/uploads\\\/2024\\\/07\\\/IMG_3713-scaled-1.jpg\",\"width\":2560,\"height\":1707},{\"@type\":\"BreadcrumbList\",\"@id\":\"https:\\\/\\\/tene.ee\\\/fi\\\/toode\\\/kumblustunn-haagisel-hall-207-premium\\\/#breadcrumb\",\"itemListElement\":[{\"@type\":\"ListItem\",\"position\":1,\"name\":\"Avaleht\",\"item\":\"http:\\\/\\\/tene.ee\\\/fi\\\/\"},{\"@type\":\"ListItem\",\"position\":2,\"name\":\"Kaikki tuotteet\",\"item\":\"http:\\\/\\\/tene.ee\\\/fi\\\/shop\\\/\"},{\"@type\":\"ListItem\",\"position\":3,\"name\":\"Hot tub per\u00e4vaunussa Harmaa (207), Premium\"}]},{\"@type\":\"WebSite\",\"@id\":\"https:\\\/\\\/tene.ee\\\/fi\\\/#website\",\"url\":\"https:\\\/\\\/tene.ee\\\/fi\\\/\",\"name\":\"Tene.ee - Kaunite hetkede jaoks sinu aias\",\"description\":\"Tene.ee - parimad puit- ja aiamajad otse tootjalt\",\"publisher\":{\"@id\":\"https:\\\/\\\/tene.ee\\\/fi\\\/#organization\"},\"alternateName\":\"Tene.ee\",\"potentialAction\":[{\"@type\":\"SearchAction\",\"target\":{\"@type\":\"EntryPoint\",\"urlTemplate\":\"https:\\\/\\\/tene.ee\\\/fi\\\/?s={search_term_string}\"},\"query-input\":{\"@type\":\"PropertyValueSpecification\",\"valueRequired\":true,\"valueName\":\"search_term_string\"}}],\"inLanguage\":\"fi\"},{\"@type\":\"Organization\",\"@id\":\"https:\\\/\\\/tene.ee\\\/fi\\\/#organization\",\"name\":\"Tene.ee\",\"url\":\"https:\\\/\\\/tene.ee\\\/fi\\\/\",\"logo\":{\"@type\":\"ImageObject\",\"inLanguage\":\"fi\",\"@id\":\"https:\\\/\\\/tene.ee\\\/fi\\\/#\\\/schema\\\/logo\\\/image\\\/\",\"url\":\"https:\\\/\\\/tene.ee\\\/wp-content\\\/uploads\\\/2024\\\/12\\\/TENE-logo-2018-2.png\",\"contentUrl\":\"https:\\\/\\\/tene.ee\\\/wp-content\\\/uploads\\\/2024\\\/12\\\/TENE-logo-2018-2.png\",\"width\":2339,\"height\":1654,\"caption\":\"Tene.ee\"},\"image\":{\"@id\":\"https:\\\/\\\/tene.ee\\\/fi\\\/#\\\/schema\\\/logo\\\/image\\\/\"},\"sameAs\":[\"https:\\\/\\\/www.facebook.com\\\/teneaiamajad\"]}]}<\/script>\n<!-- \/ Yoast SEO plugin. -->","yoast_head_json":{"title":"Tene.ee - Hot tub per\u00e4vaunussa Harmaa (207), Premium","description":"Tene.ee Hot tub per\u00e4vaunussa Harmaa (207), Premium","robots":{"index":"index","follow":"follow","max-snippet":"max-snippet:-1","max-image-preview":"max-image-preview:large","max-video-preview":"max-video-preview:-1"},"canonical":"https:\/\/tene.ee\/fi\/toode\/kumblustunn-haagisel-hall-207-premium\/","og_locale":"fi_FI","og_type":"article","og_title":"Tene.ee - Hot tub per\u00e4vaunussa Harmaa (207), Premium","og_description":"Tene.ee Hot tub per\u00e4vaunussa Harmaa (207), Premium","og_url":"https:\/\/tene.ee\/fi\/toode\/kumblustunn-haagisel-hall-207-premium\/","og_site_name":"Tene.ee","article_publisher":"https:\/\/www.facebook.com\/teneaiamajad","article_modified_time":"2024-11-28T09:19:38+00:00","og_image":[{"width":2560,"height":1707,"url":"https:\/\/tene.ee\/wp-content\/uploads\/2024\/07\/IMG_3713-scaled-1.jpg","type":"image\/jpeg"}],"twitter_card":"summary_large_image","twitter_misc":{"Arvioitu lukuaika":"1 minuutti"},"schema":{"@context":"https:\/\/schema.org","@graph":[{"@type":"WebPage","@id":"https:\/\/tene.ee\/fi\/toode\/kumblustunn-haagisel-hall-207-premium\/","url":"https:\/\/tene.ee\/fi\/toode\/kumblustunn-haagisel-hall-207-premium\/","name":"Tene.ee - Hot tub per\u00e4vaunussa Harmaa (207), Premium","isPartOf":{"@id":"https:\/\/tene.ee\/fi\/#website"},"primaryImageOfPage":{"@id":"https:\/\/tene.ee\/fi\/toode\/kumblustunn-haagisel-hall-207-premium\/#primaryimage"},"image":{"@id":"https:\/\/tene.ee\/fi\/toode\/kumblustunn-haagisel-hall-207-premium\/#primaryimage"},"thumbnailUrl":"https:\/\/tene.ee\/wp-content\/uploads\/2024\/07\/IMG_3713-scaled-1.jpg","datePublished":"2024-07-12T14:13:18+00:00","dateModified":"2024-11-28T09:19:38+00:00","description":"Tene.ee Hot tub per\u00e4vaunussa Harmaa (207), Premium","breadcrumb":{"@id":"https:\/\/tene.ee\/fi\/toode\/kumblustunn-haagisel-hall-207-premium\/#breadcrumb"},"inLanguage":"fi","potentialAction":[{"@type":"ReadAction","target":["https:\/\/tene.ee\/fi\/toode\/kumblustunn-haagisel-hall-207-premium\/"]}]},{"@type":"ImageObject","inLanguage":"fi","@id":"https:\/\/tene.ee\/fi\/toode\/kumblustunn-haagisel-hall-207-premium\/#primaryimage","url":"https:\/\/tene.ee\/wp-content\/uploads\/2024\/07\/IMG_3713-scaled-1.jpg","contentUrl":"https:\/\/tene.ee\/wp-content\/uploads\/2024\/07\/IMG_3713-scaled-1.jpg","width":2560,"height":1707},{"@type":"BreadcrumbList","@id":"https:\/\/tene.ee\/fi\/toode\/kumblustunn-haagisel-hall-207-premium\/#breadcrumb","itemListElement":[{"@type":"ListItem","position":1,"name":"Avaleht","item":"http:\/\/tene.ee\/fi\/"},{"@type":"ListItem","position":2,"name":"Kaikki tuotteet","item":"http:\/\/tene.ee\/fi\/shop\/"},{"@type":"ListItem","position":3,"name":"Hot tub per\u00e4vaunussa Harmaa (207), Premium"}]},{"@type":"WebSite","@id":"https:\/\/tene.ee\/fi\/#website","url":"https:\/\/tene.ee\/fi\/","name":"Tene.ee - Kaunite hetkede jaoks sinu aias","description":"Tene.ee - parimad puit- ja aiamajad otse tootjalt","publisher":{"@id":"https:\/\/tene.ee\/fi\/#organization"},"alternateName":"Tene.ee","potentialAction":[{"@type":"SearchAction","target":{"@type":"EntryPoint","urlTemplate":"https:\/\/tene.ee\/fi\/?s={search_term_string}"},"query-input":{"@type":"PropertyValueSpecification","valueRequired":true,"valueName":"search_term_string"}}],"inLanguage":"fi"},{"@type":"Organization","@id":"https:\/\/tene.ee\/fi\/#organization","name":"Tene.ee","url":"https:\/\/tene.ee\/fi\/","logo":{"@type":"ImageObject","inLanguage":"fi","@id":"https:\/\/tene.ee\/fi\/#\/schema\/logo\/image\/","url":"https:\/\/tene.ee\/wp-content\/uploads\/2024\/12\/TENE-logo-2018-2.png","contentUrl":"https:\/\/tene.ee\/wp-content\/uploads\/2024\/12\/TENE-logo-2018-2.png","width":2339,"height":1654,"caption":"Tene.ee"},"image":{"@id":"https:\/\/tene.ee\/fi\/#\/schema\/logo\/image\/"},"sameAs":["https:\/\/www.facebook.com\/teneaiamajad"]}]}},"_links":{"self":[{"href":"https:\/\/tene.ee\/fi\/wp-json\/wp\/v2\/product\/15688","targetHints":{"allow":["GET"]}}],"collection":[{"href":"https:\/\/tene.ee\/fi\/wp-json\/wp\/v2\/product"}],"about":[{"href":"https:\/\/tene.ee\/fi\/wp-json\/wp\/v2\/types\/product"}],"wp:featuredmedia":[{"embeddable":true,"href":"https:\/\/tene.ee\/fi\/wp-json\/wp\/v2\/media\/14729"}],"wp:attachment":[{"href":"https:\/\/tene.ee\/fi\/wp-json\/wp\/v2\/media?parent=15688"}],"wp:term":[{"taxonomy":"product_brand","embeddable":true,"href":"https:\/\/tene.ee\/fi\/wp-json\/wp\/v2\/product_brand?post=15688"},{"taxonomy":"product_cat","embeddable":true,"href":"https:\/\/tene.ee\/fi\/wp-json\/wp\/v2\/product_cat?post=15688"},{"taxonomy":"product_tag","embeddable":true,"href":"https:\/\/tene.ee\/fi\/wp-json\/wp\/v2\/product_tag?post=15688"}],"curies":[{"name":"wp","href":"https:\/\/api.w.org\/{rel}","templated":true}]}}