{"id":15219,"date":"2024-07-12T16:20:40","date_gmt":"2024-07-12T13:20:40","guid":{"rendered":"https:\/\/tene.ee\/toode\/ka%c2%bcmblusta%c2%bcnn-standard-a%cb%9c-180-hall-kaanega\/"},"modified":"2024-07-25T10:49:07","modified_gmt":"2024-07-25T07:49:07","slug":"ka%c2%bcmblusta%c2%bcnn-standard-a%cb%9c-180-hall-kaanega","status":"publish","type":"product","link":"https:\/\/tene.ee\/en\/toode\/ka%c2%bcmblusta%c2%bcnn-standard-a%cb%9c-180-hall-kaanega\/","title":{"rendered":"Hot tub Standard, \u00c3\u0192\u00cb\u0153 180 grey, with a lid"},"content":{"rendered":"<p>The interior and lid of the hot tub are made from rotationally cast PE plastic (polyethylene plastic). The seating cast inside is insulated with 40 cm foam polystyrene.<br \/>\nPE plastic is very easy to keep clean. Hot tub is provided with a drainage hole and drainage pipe with a tap. The hot tub and the lid are very weather resistant, not being effected by heat or cold. Thanks to the lid of the hot tub, the water of the hot tub heats up more quickly and no debris or dirt gets into the water of the hot tub when the lid is closed.<br \/>\nThe external heater of the hot tub made from marine aluminium can be heated with max. 50 cm long wood. In this case the heating time is approx. 3-3.5 hours. When heating with wood briquettes the heating time is approx. one hour less (2.5-3.5 hours). Briquette consumption is approx. 25kg. The time needed to heat the hot tub also depends on the time of year, so in winter the heating time can be significantly longer than in summer, when the hot tub heats up faster.<\/p>\n","protected":false},"excerpt":{"rendered":"<p>Hot tub with a lid for 6 persons.<br \/>\nExternal dimensions of the hot tub \u00c3\u0192\u00cb\u0153 183 cm<br \/>\nExternal dimensions of the hot tub with a lid 187 cm<br \/>\nWater capacity of the tub 1450 L<br \/>\nHeight of the hot tub from the ground 119 cm<br \/>\nHeight of the hot tub with a lid from the ground 145 cm<br \/>\nExternal heater made from marine aluminium (dimensions 65 x 42 x 62 cm)<br \/>\nLength of the chimney 200 cm<br \/>\nTimber casing finished with wood wax<br \/>\nColour of the interior and lid is grey granite<br \/>\nWater discharge with a tap<br \/>\nTime needed to heat the water temperature from 5 to 38 \u00c3\u201a\u00c2\u00b0C with 50 cm long wood is approx. 3-3.5 hours (with wood briquettes approx. 2-2.5 hours)<br \/>\nWeight of the hot tub with a heater approx. 250 kg<br \/>\nBase frame of the hot tub is made from 45 x 70 cm impregnated timber<\/p>\n","protected":false},"featured_media":6824,"template":"","meta":{"_acf_changed":false},"product_brand":[],"product_cat":[168],"product_tag":[],"class_list":{"0":"post-15219","1":"product","2":"type-product","3":"status-publish","4":"has-post-thumbnail","6":"product_cat-hot-tubs","7":"pa_kumblustunni-diameeter-183-cm-en","9":"first","10":"instock","11":"sale","12":"purchasable","13":"product-type-simple"},"acf":[],"yoast_head":"<!-- This site is optimized with the Yoast SEO plugin v27.3 - https:\/\/yoast.com\/product\/yoast-seo-wordpress\/ -->\n<title>Tene.ee - Hot tub Standard, \u00c3\u0192\u00cb\u0153 180 grey, with a lid<\/title>\n<meta name=\"description\" content=\"Tene.ee Hot tub Standard, \u00c3\u0192\u00cb\u0153 180 grey, with a lid\" \/>\n<meta name=\"robots\" content=\"index, follow, max-snippet:-1, max-image-preview:large, max-video-preview:-1\" \/>\n<link rel=\"canonical\" href=\"https:\/\/tene.ee\/en\/toode\/ka%c2%bcmblusta%c2%bcnn-standard-a%cb%9c-180-hall-kaanega\/\" \/>\n<meta property=\"og:locale\" content=\"en_US\" \/>\n<meta property=\"og:type\" content=\"article\" \/>\n<meta property=\"og:title\" content=\"Tene.ee - Hot tub Standard, \u00c3\u0192\u00cb\u0153 180 grey, with a lid\" \/>\n<meta property=\"og:description\" content=\"Tene.ee Hot tub Standard, \u00c3\u0192\u00cb\u0153 180 grey, with a lid\" \/>\n<meta property=\"og:url\" content=\"https:\/\/tene.ee\/en\/toode\/ka%c2%bcmblusta%c2%bcnn-standard-a%cb%9c-180-hall-kaanega\/\" \/>\n<meta property=\"og:site_name\" content=\"Tene.ee\" \/>\n<meta property=\"article:publisher\" content=\"https:\/\/www.facebook.com\/teneaiamajad\" \/>\n<meta property=\"article:modified_time\" content=\"2024-07-25T07:49:07+00:00\" \/>\n<meta property=\"og:image\" content=\"https:\/\/tene.ee\/wp-content\/uploads\/2024\/07\/Kymblustynn_Premium207_hall-1024x683.jpg\" \/>\n\t<meta property=\"og:image:width\" content=\"1024\" \/>\n\t<meta property=\"og:image:height\" content=\"683\" \/>\n\t<meta property=\"og:image:type\" content=\"image\/jpeg\" \/>\n<meta name=\"twitter:card\" content=\"summary_large_image\" \/>\n<meta name=\"twitter:label1\" content=\"Est. reading time\" \/>\n\t<meta name=\"twitter:data1\" content=\"1 minute\" \/>\n<script type=\"application\/ld+json\" class=\"yoast-schema-graph\">{\"@context\":\"https:\\\/\\\/schema.org\",\"@graph\":[{\"@type\":\"WebPage\",\"@id\":\"https:\\\/\\\/tene.ee\\\/en\\\/toode\\\/ka%c2%bcmblusta%c2%bcnn-standard-a%cb%9c-180-hall-kaanega\\\/\",\"url\":\"https:\\\/\\\/tene.ee\\\/en\\\/toode\\\/ka%c2%bcmblusta%c2%bcnn-standard-a%cb%9c-180-hall-kaanega\\\/\",\"name\":\"Tene.ee - Hot tub Standard, \u00c3\u0192\u00cb\u0153 180 grey, with a lid\",\"isPartOf\":{\"@id\":\"https:\\\/\\\/tene.ee\\\/en\\\/#website\"},\"primaryImageOfPage\":{\"@id\":\"https:\\\/\\\/tene.ee\\\/en\\\/toode\\\/ka%c2%bcmblusta%c2%bcnn-standard-a%cb%9c-180-hall-kaanega\\\/#primaryimage\"},\"image\":{\"@id\":\"https:\\\/\\\/tene.ee\\\/en\\\/toode\\\/ka%c2%bcmblusta%c2%bcnn-standard-a%cb%9c-180-hall-kaanega\\\/#primaryimage\"},\"thumbnailUrl\":\"https:\\\/\\\/tene.ee\\\/wp-content\\\/uploads\\\/2024\\\/07\\\/Kymblustynn_Premium207_hall.jpg\",\"datePublished\":\"2024-07-12T13:20:40+00:00\",\"dateModified\":\"2024-07-25T07:49:07+00:00\",\"description\":\"Tene.ee Hot tub Standard, \u00c3\u0192\u00cb\u0153 180 grey, with a lid\",\"breadcrumb\":{\"@id\":\"https:\\\/\\\/tene.ee\\\/en\\\/toode\\\/ka%c2%bcmblusta%c2%bcnn-standard-a%cb%9c-180-hall-kaanega\\\/#breadcrumb\"},\"inLanguage\":\"en-US\",\"potentialAction\":[{\"@type\":\"ReadAction\",\"target\":[\"https:\\\/\\\/tene.ee\\\/en\\\/toode\\\/ka%c2%bcmblusta%c2%bcnn-standard-a%cb%9c-180-hall-kaanega\\\/\"]}]},{\"@type\":\"ImageObject\",\"inLanguage\":\"en-US\",\"@id\":\"https:\\\/\\\/tene.ee\\\/en\\\/toode\\\/ka%c2%bcmblusta%c2%bcnn-standard-a%cb%9c-180-hall-kaanega\\\/#primaryimage\",\"url\":\"https:\\\/\\\/tene.ee\\\/wp-content\\\/uploads\\\/2024\\\/07\\\/Kymblustynn_Premium207_hall.jpg\",\"contentUrl\":\"https:\\\/\\\/tene.ee\\\/wp-content\\\/uploads\\\/2024\\\/07\\\/Kymblustynn_Premium207_hall.jpg\",\"width\":2500,\"height\":1667},{\"@type\":\"BreadcrumbList\",\"@id\":\"https:\\\/\\\/tene.ee\\\/en\\\/toode\\\/ka%c2%bcmblusta%c2%bcnn-standard-a%cb%9c-180-hall-kaanega\\\/#breadcrumb\",\"itemListElement\":[{\"@type\":\"ListItem\",\"position\":1,\"name\":\"Avaleht\",\"item\":\"https:\\\/\\\/tene.ee\\\/en\\\/\"},{\"@type\":\"ListItem\",\"position\":2,\"name\":\"Products\",\"item\":\"http:\\\/\\\/tene.ee\\\/en\\\/products\\\/\"},{\"@type\":\"ListItem\",\"position\":3,\"name\":\"Hot tub Standard, \u00c3\u0192\u00cb\u0153 180 grey, with a lid\"}]},{\"@type\":\"WebSite\",\"@id\":\"https:\\\/\\\/tene.ee\\\/en\\\/#website\",\"url\":\"https:\\\/\\\/tene.ee\\\/en\\\/\",\"name\":\"Tene.ee - Kaunite hetkede jaoks sinu aias\",\"description\":\"Tene.ee - parimad puit- ja aiamajad otse tootjalt\",\"publisher\":{\"@id\":\"https:\\\/\\\/tene.ee\\\/en\\\/#organization\"},\"alternateName\":\"Tene.ee\",\"potentialAction\":[{\"@type\":\"SearchAction\",\"target\":{\"@type\":\"EntryPoint\",\"urlTemplate\":\"https:\\\/\\\/tene.ee\\\/en\\\/?s={search_term_string}\"},\"query-input\":{\"@type\":\"PropertyValueSpecification\",\"valueRequired\":true,\"valueName\":\"search_term_string\"}}],\"inLanguage\":\"en-US\"},{\"@type\":\"Organization\",\"@id\":\"https:\\\/\\\/tene.ee\\\/en\\\/#organization\",\"name\":\"Tene.ee\",\"url\":\"https:\\\/\\\/tene.ee\\\/en\\\/\",\"logo\":{\"@type\":\"ImageObject\",\"inLanguage\":\"en-US\",\"@id\":\"https:\\\/\\\/tene.ee\\\/en\\\/#\\\/schema\\\/logo\\\/image\\\/\",\"url\":\"https:\\\/\\\/tene.ee\\\/wp-content\\\/uploads\\\/2024\\\/12\\\/TENE-logo-2018-2.png\",\"contentUrl\":\"https:\\\/\\\/tene.ee\\\/wp-content\\\/uploads\\\/2024\\\/12\\\/TENE-logo-2018-2.png\",\"width\":2339,\"height\":1654,\"caption\":\"Tene.ee\"},\"image\":{\"@id\":\"https:\\\/\\\/tene.ee\\\/en\\\/#\\\/schema\\\/logo\\\/image\\\/\"},\"sameAs\":[\"https:\\\/\\\/www.facebook.com\\\/teneaiamajad\"]}]}<\/script>\n<!-- \/ Yoast SEO plugin. -->","yoast_head_json":{"title":"Tene.ee - Hot tub Standard, \u00c3\u0192\u00cb\u0153 180 grey, with a lid","description":"Tene.ee Hot tub Standard, \u00c3\u0192\u00cb\u0153 180 grey, with a lid","robots":{"index":"index","follow":"follow","max-snippet":"max-snippet:-1","max-image-preview":"max-image-preview:large","max-video-preview":"max-video-preview:-1"},"canonical":"https:\/\/tene.ee\/en\/toode\/ka%c2%bcmblusta%c2%bcnn-standard-a%cb%9c-180-hall-kaanega\/","og_locale":"en_US","og_type":"article","og_title":"Tene.ee - Hot tub Standard, \u00c3\u0192\u00cb\u0153 180 grey, with a lid","og_description":"Tene.ee Hot tub Standard, \u00c3\u0192\u00cb\u0153 180 grey, with a lid","og_url":"https:\/\/tene.ee\/en\/toode\/ka%c2%bcmblusta%c2%bcnn-standard-a%cb%9c-180-hall-kaanega\/","og_site_name":"Tene.ee","article_publisher":"https:\/\/www.facebook.com\/teneaiamajad","article_modified_time":"2024-07-25T07:49:07+00:00","og_image":[{"width":1024,"height":683,"url":"https:\/\/tene.ee\/wp-content\/uploads\/2024\/07\/Kymblustynn_Premium207_hall-1024x683.jpg","type":"image\/jpeg"}],"twitter_card":"summary_large_image","twitter_misc":{"Est. reading time":"1 minute"},"schema":{"@context":"https:\/\/schema.org","@graph":[{"@type":"WebPage","@id":"https:\/\/tene.ee\/en\/toode\/ka%c2%bcmblusta%c2%bcnn-standard-a%cb%9c-180-hall-kaanega\/","url":"https:\/\/tene.ee\/en\/toode\/ka%c2%bcmblusta%c2%bcnn-standard-a%cb%9c-180-hall-kaanega\/","name":"Tene.ee - Hot tub Standard, \u00c3\u0192\u00cb\u0153 180 grey, with a lid","isPartOf":{"@id":"https:\/\/tene.ee\/en\/#website"},"primaryImageOfPage":{"@id":"https:\/\/tene.ee\/en\/toode\/ka%c2%bcmblusta%c2%bcnn-standard-a%cb%9c-180-hall-kaanega\/#primaryimage"},"image":{"@id":"https:\/\/tene.ee\/en\/toode\/ka%c2%bcmblusta%c2%bcnn-standard-a%cb%9c-180-hall-kaanega\/#primaryimage"},"thumbnailUrl":"https:\/\/tene.ee\/wp-content\/uploads\/2024\/07\/Kymblustynn_Premium207_hall.jpg","datePublished":"2024-07-12T13:20:40+00:00","dateModified":"2024-07-25T07:49:07+00:00","description":"Tene.ee Hot tub Standard, \u00c3\u0192\u00cb\u0153 180 grey, with a lid","breadcrumb":{"@id":"https:\/\/tene.ee\/en\/toode\/ka%c2%bcmblusta%c2%bcnn-standard-a%cb%9c-180-hall-kaanega\/#breadcrumb"},"inLanguage":"en-US","potentialAction":[{"@type":"ReadAction","target":["https:\/\/tene.ee\/en\/toode\/ka%c2%bcmblusta%c2%bcnn-standard-a%cb%9c-180-hall-kaanega\/"]}]},{"@type":"ImageObject","inLanguage":"en-US","@id":"https:\/\/tene.ee\/en\/toode\/ka%c2%bcmblusta%c2%bcnn-standard-a%cb%9c-180-hall-kaanega\/#primaryimage","url":"https:\/\/tene.ee\/wp-content\/uploads\/2024\/07\/Kymblustynn_Premium207_hall.jpg","contentUrl":"https:\/\/tene.ee\/wp-content\/uploads\/2024\/07\/Kymblustynn_Premium207_hall.jpg","width":2500,"height":1667},{"@type":"BreadcrumbList","@id":"https:\/\/tene.ee\/en\/toode\/ka%c2%bcmblusta%c2%bcnn-standard-a%cb%9c-180-hall-kaanega\/#breadcrumb","itemListElement":[{"@type":"ListItem","position":1,"name":"Avaleht","item":"https:\/\/tene.ee\/en\/"},{"@type":"ListItem","position":2,"name":"Products","item":"http:\/\/tene.ee\/en\/products\/"},{"@type":"ListItem","position":3,"name":"Hot tub Standard, \u00c3\u0192\u00cb\u0153 180 grey, with a lid"}]},{"@type":"WebSite","@id":"https:\/\/tene.ee\/en\/#website","url":"https:\/\/tene.ee\/en\/","name":"Tene.ee - Kaunite hetkede jaoks sinu aias","description":"Tene.ee - parimad puit- ja aiamajad otse tootjalt","publisher":{"@id":"https:\/\/tene.ee\/en\/#organization"},"alternateName":"Tene.ee","potentialAction":[{"@type":"SearchAction","target":{"@type":"EntryPoint","urlTemplate":"https:\/\/tene.ee\/en\/?s={search_term_string}"},"query-input":{"@type":"PropertyValueSpecification","valueRequired":true,"valueName":"search_term_string"}}],"inLanguage":"en-US"},{"@type":"Organization","@id":"https:\/\/tene.ee\/en\/#organization","name":"Tene.ee","url":"https:\/\/tene.ee\/en\/","logo":{"@type":"ImageObject","inLanguage":"en-US","@id":"https:\/\/tene.ee\/en\/#\/schema\/logo\/image\/","url":"https:\/\/tene.ee\/wp-content\/uploads\/2024\/12\/TENE-logo-2018-2.png","contentUrl":"https:\/\/tene.ee\/wp-content\/uploads\/2024\/12\/TENE-logo-2018-2.png","width":2339,"height":1654,"caption":"Tene.ee"},"image":{"@id":"https:\/\/tene.ee\/en\/#\/schema\/logo\/image\/"},"sameAs":["https:\/\/www.facebook.com\/teneaiamajad"]}]}},"_links":{"self":[{"href":"https:\/\/tene.ee\/en\/wp-json\/wp\/v2\/product\/15219","targetHints":{"allow":["GET"]}}],"collection":[{"href":"https:\/\/tene.ee\/en\/wp-json\/wp\/v2\/product"}],"about":[{"href":"https:\/\/tene.ee\/en\/wp-json\/wp\/v2\/types\/product"}],"wp:featuredmedia":[{"embeddable":true,"href":"https:\/\/tene.ee\/en\/wp-json\/wp\/v2\/media\/6824"}],"wp:attachment":[{"href":"https:\/\/tene.ee\/en\/wp-json\/wp\/v2\/media?parent=15219"}],"wp:term":[{"taxonomy":"product_brand","embeddable":true,"href":"https:\/\/tene.ee\/en\/wp-json\/wp\/v2\/product_brand?post=15219"},{"taxonomy":"product_cat","embeddable":true,"href":"https:\/\/tene.ee\/en\/wp-json\/wp\/v2\/product_cat?post=15219"},{"taxonomy":"product_tag","embeddable":true,"href":"https:\/\/tene.ee\/en\/wp-json\/wp\/v2\/product_tag?post=15219"}],"curies":[{"name":"wp","href":"https:\/\/api.w.org\/{rel}","templated":true}]}}