{"id":65872,"date":"2024-11-13T15:18:12","date_gmt":"2024-11-13T13:18:12","guid":{"rendered":"https:\/\/tene.ee\/toode\/holzgarage-fuer-wohnwagen-70-mm\/"},"modified":"2026-04-22T15:09:51","modified_gmt":"2026-04-22T12:09:51","slug":"holzgarage-fuer-wohnwagen-70-mm","status":"publish","type":"product","link":"https:\/\/tene.ee\/de\/toode\/holzgarage-fuer-wohnwagen-70-mm\/","title":{"rendered":"Holzgarage f\u00fcr Wohnwagen 70 mm"},"content":{"rendered":"<p>Das von der Fabrik\u00fcr Garten- und Holzh\u00e4user Tene hergestellte Set aus Gartenh\u00e4usern, Blockh\u00e4usern, Unterst\u00e4nden, Pavillons, Saunen, Sommerh\u00e4usern, Grillschuppen und Holzgaragen umfasst T\u00fcren, Fenster, Befestigungselemente und Installationsanweisungen, was den Bau eines Gartenhauses einfach und unkompliziert macht nimmt wenig Zeit in Anspruch.<\/p>\n<p>Das Tene-Garagenset aus Holz mit einer Wandst\u00e4rke von 70 mm umfasst je nach Modell:<\/p>\n<p>Das verwendete Holz ist 100 % hochwertige nordische Fichte<br \/>\nT\u00fcren und Fenster aus speziell trocken verleimtem Holz (8%-12%).<br \/>\nDoppelfenster mit Glaspaket, inklusive Beschl\u00e4gen<br \/>\nT\u00fcr mit Glaspaket, inklusive Beschl\u00e4ge<br \/>\nDecke aus 18 mm starker Profilplatte<br \/>\nAutoklavierte h\u00f6lzerne Fundamentbl\u00f6cke<br \/>\nSturmlamellen<br \/>\nBefestigungsmittel (N\u00e4gel und Schrauben)<br \/>\nInstallationsanleitung<br \/>\nDie Preise gelten im Werkslager Tene und enthalten die gesetzliche Mehrwertsteuer. Der Produkttransport ist in den Preisen nicht enthalten.<\/p>\n","protected":false},"excerpt":{"rendered":"<p>Im Preis inbegriffen sind eine T\u00fcr aus Schichtholz und ein Fenster mit Doppelverglasung, impr\u00e4gnierte Fundamentkl\u00e4tze, Befestigungswerkzeuge und eine Montageanleitung. Der Preis beinhaltet nicht den Transport und das Dachmaterial.<\/p>\n","protected":false},"featured_media":65833,"template":"","meta":{"_acf_changed":false},"product_brand":[],"product_cat":[329,330,323],"product_tag":[],"class_list":{"0":"post-65872","1":"product","2":"type-product","3":"status-publish","4":"has-post-thumbnail","6":"product_cat-holzgaragen","7":"product_cat-holzgaragen-70mm","8":"product_cat-neue-produkte","9":"pa_seina-paksus-70-mm-de","11":"first","12":"onbackorder","13":"sale","14":"taxable","15":"shipping-taxable","16":"purchasable","17":"product-type-simple"},"acf":[],"yoast_head":"<!-- This site is optimized with the Yoast SEO plugin v27.5 - https:\/\/yoast.com\/product\/yoast-seo-wordpress\/ -->\n<title>Tene.ee - Holzgarage f\u00fcr Wohnwagen 70 mm<\/title>\n<meta name=\"description\" content=\"Tene.ee Holzgarage f\u00fcr Wohnwagen 70 mm\" \/>\n<meta name=\"robots\" content=\"index, follow, max-snippet:-1, max-image-preview:large, max-video-preview:-1\" \/>\n<link rel=\"canonical\" href=\"https:\/\/tene.ee\/de\/toode\/holzgarage-fuer-wohnwagen-70-mm\/\" \/>\n<meta property=\"og:locale\" content=\"de_DE\" \/>\n<meta property=\"og:type\" content=\"article\" \/>\n<meta property=\"og:title\" content=\"Tene.ee - Holzgarage f\u00fcr Wohnwagen 70 mm\" \/>\n<meta property=\"og:description\" content=\"Tene.ee Holzgarage f\u00fcr Wohnwagen 70 mm\" \/>\n<meta property=\"og:url\" content=\"https:\/\/tene.ee\/de\/toode\/holzgarage-fuer-wohnwagen-70-mm\/\" \/>\n<meta property=\"og:site_name\" content=\"Tene.ee\" \/>\n<meta property=\"article:publisher\" content=\"https:\/\/www.facebook.com\/teneaiamajad\" \/>\n<meta property=\"article:modified_time\" content=\"2026-04-22T12:09:51+00:00\" \/>\n<meta property=\"og:image\" content=\"https:\/\/tene.ee\/wp-content\/uploads\/2024\/11\/Caravan_Garage_70-1024x682.jpg\" \/>\n\t<meta property=\"og:image:width\" content=\"1024\" \/>\n\t<meta property=\"og:image:height\" content=\"682\" \/>\n\t<meta property=\"og:image:type\" content=\"image\/jpeg\" \/>\n<meta name=\"twitter:card\" content=\"summary_large_image\" \/>\n<meta name=\"twitter:label1\" content=\"Gesch\u00e4tzte Lesezeit\" \/>\n\t<meta name=\"twitter:data1\" content=\"1\u00a0Minute\" \/>\n<script type=\"application\/ld+json\" class=\"yoast-schema-graph\">{\"@context\":\"https:\\\/\\\/schema.org\",\"@graph\":[{\"@type\":\"WebPage\",\"@id\":\"https:\\\/\\\/tene.ee\\\/de\\\/toode\\\/holzgarage-fuer-wohnwagen-70-mm\\\/\",\"url\":\"https:\\\/\\\/tene.ee\\\/de\\\/toode\\\/holzgarage-fuer-wohnwagen-70-mm\\\/\",\"name\":\"Tene.ee - Holzgarage f\u00fcr Wohnwagen 70 mm\",\"isPartOf\":{\"@id\":\"https:\\\/\\\/tene.ee\\\/de\\\/#website\"},\"primaryImageOfPage\":{\"@id\":\"https:\\\/\\\/tene.ee\\\/de\\\/toode\\\/holzgarage-fuer-wohnwagen-70-mm\\\/#primaryimage\"},\"image\":{\"@id\":\"https:\\\/\\\/tene.ee\\\/de\\\/toode\\\/holzgarage-fuer-wohnwagen-70-mm\\\/#primaryimage\"},\"thumbnailUrl\":\"https:\\\/\\\/tene.ee\\\/wp-content\\\/uploads\\\/2024\\\/11\\\/Caravan_Garage_70.jpg\",\"datePublished\":\"2024-11-13T13:18:12+00:00\",\"dateModified\":\"2026-04-22T12:09:51+00:00\",\"description\":\"Tene.ee Holzgarage f\u00fcr Wohnwagen 70 mm\",\"breadcrumb\":{\"@id\":\"https:\\\/\\\/tene.ee\\\/de\\\/toode\\\/holzgarage-fuer-wohnwagen-70-mm\\\/#breadcrumb\"},\"inLanguage\":\"de\",\"potentialAction\":[{\"@type\":\"ReadAction\",\"target\":[\"https:\\\/\\\/tene.ee\\\/de\\\/toode\\\/holzgarage-fuer-wohnwagen-70-mm\\\/\"]}]},{\"@type\":\"ImageObject\",\"inLanguage\":\"de\",\"@id\":\"https:\\\/\\\/tene.ee\\\/de\\\/toode\\\/holzgarage-fuer-wohnwagen-70-mm\\\/#primaryimage\",\"url\":\"https:\\\/\\\/tene.ee\\\/wp-content\\\/uploads\\\/2024\\\/11\\\/Caravan_Garage_70.jpg\",\"contentUrl\":\"https:\\\/\\\/tene.ee\\\/wp-content\\\/uploads\\\/2024\\\/11\\\/Caravan_Garage_70.jpg\",\"width\":2500,\"height\":1666},{\"@type\":\"BreadcrumbList\",\"@id\":\"https:\\\/\\\/tene.ee\\\/de\\\/toode\\\/holzgarage-fuer-wohnwagen-70-mm\\\/#breadcrumb\",\"itemListElement\":[{\"@type\":\"ListItem\",\"position\":1,\"name\":\"Avaleht\",\"item\":\"https:\\\/\\\/tene.ee\\\/de\\\/\"},{\"@type\":\"ListItem\",\"position\":2,\"name\":\"Produkte\",\"item\":\"https:\\\/\\\/tene.ee\\\/de\\\/shop\\\/\"},{\"@type\":\"ListItem\",\"position\":3,\"name\":\"Holzgarage f\u00fcr Wohnwagen 70 mm\"}]},{\"@type\":\"WebSite\",\"@id\":\"https:\\\/\\\/tene.ee\\\/de\\\/#website\",\"url\":\"https:\\\/\\\/tene.ee\\\/de\\\/\",\"name\":\"Tene.ee - Kaunite hetkede jaoks sinu aias\",\"description\":\"Tene.ee - parimad puit- ja aiamajad otse tootjalt\",\"publisher\":{\"@id\":\"https:\\\/\\\/tene.ee\\\/de\\\/#organization\"},\"alternateName\":\"Tene.ee\",\"potentialAction\":[{\"@type\":\"SearchAction\",\"target\":{\"@type\":\"EntryPoint\",\"urlTemplate\":\"https:\\\/\\\/tene.ee\\\/de\\\/?s={search_term_string}\"},\"query-input\":{\"@type\":\"PropertyValueSpecification\",\"valueRequired\":true,\"valueName\":\"search_term_string\"}}],\"inLanguage\":\"de\"},{\"@type\":\"Organization\",\"@id\":\"https:\\\/\\\/tene.ee\\\/de\\\/#organization\",\"name\":\"Tene.ee\",\"url\":\"https:\\\/\\\/tene.ee\\\/de\\\/\",\"logo\":{\"@type\":\"ImageObject\",\"inLanguage\":\"de\",\"@id\":\"https:\\\/\\\/tene.ee\\\/de\\\/#\\\/schema\\\/logo\\\/image\\\/\",\"url\":\"https:\\\/\\\/tene.ee\\\/wp-content\\\/uploads\\\/2024\\\/12\\\/TENE-logo-2018-2.png\",\"contentUrl\":\"https:\\\/\\\/tene.ee\\\/wp-content\\\/uploads\\\/2024\\\/12\\\/TENE-logo-2018-2.png\",\"width\":2339,\"height\":1654,\"caption\":\"Tene.ee\"},\"image\":{\"@id\":\"https:\\\/\\\/tene.ee\\\/de\\\/#\\\/schema\\\/logo\\\/image\\\/\"},\"sameAs\":[\"https:\\\/\\\/www.facebook.com\\\/teneaiamajad\"]}]}<\/script>\n<!-- \/ Yoast SEO plugin. -->","yoast_head_json":{"title":"Tene.ee - Holzgarage f\u00fcr Wohnwagen 70 mm","description":"Tene.ee Holzgarage f\u00fcr Wohnwagen 70 mm","robots":{"index":"index","follow":"follow","max-snippet":"max-snippet:-1","max-image-preview":"max-image-preview:large","max-video-preview":"max-video-preview:-1"},"canonical":"https:\/\/tene.ee\/de\/toode\/holzgarage-fuer-wohnwagen-70-mm\/","og_locale":"de_DE","og_type":"article","og_title":"Tene.ee - Holzgarage f\u00fcr Wohnwagen 70 mm","og_description":"Tene.ee Holzgarage f\u00fcr Wohnwagen 70 mm","og_url":"https:\/\/tene.ee\/de\/toode\/holzgarage-fuer-wohnwagen-70-mm\/","og_site_name":"Tene.ee","article_publisher":"https:\/\/www.facebook.com\/teneaiamajad","article_modified_time":"2026-04-22T12:09:51+00:00","og_image":[{"width":1024,"height":682,"url":"https:\/\/tene.ee\/wp-content\/uploads\/2024\/11\/Caravan_Garage_70-1024x682.jpg","type":"image\/jpeg"}],"twitter_card":"summary_large_image","twitter_misc":{"Gesch\u00e4tzte Lesezeit":"1\u00a0Minute"},"schema":{"@context":"https:\/\/schema.org","@graph":[{"@type":"WebPage","@id":"https:\/\/tene.ee\/de\/toode\/holzgarage-fuer-wohnwagen-70-mm\/","url":"https:\/\/tene.ee\/de\/toode\/holzgarage-fuer-wohnwagen-70-mm\/","name":"Tene.ee - Holzgarage f\u00fcr Wohnwagen 70 mm","isPartOf":{"@id":"https:\/\/tene.ee\/de\/#website"},"primaryImageOfPage":{"@id":"https:\/\/tene.ee\/de\/toode\/holzgarage-fuer-wohnwagen-70-mm\/#primaryimage"},"image":{"@id":"https:\/\/tene.ee\/de\/toode\/holzgarage-fuer-wohnwagen-70-mm\/#primaryimage"},"thumbnailUrl":"https:\/\/tene.ee\/wp-content\/uploads\/2024\/11\/Caravan_Garage_70.jpg","datePublished":"2024-11-13T13:18:12+00:00","dateModified":"2026-04-22T12:09:51+00:00","description":"Tene.ee Holzgarage f\u00fcr Wohnwagen 70 mm","breadcrumb":{"@id":"https:\/\/tene.ee\/de\/toode\/holzgarage-fuer-wohnwagen-70-mm\/#breadcrumb"},"inLanguage":"de","potentialAction":[{"@type":"ReadAction","target":["https:\/\/tene.ee\/de\/toode\/holzgarage-fuer-wohnwagen-70-mm\/"]}]},{"@type":"ImageObject","inLanguage":"de","@id":"https:\/\/tene.ee\/de\/toode\/holzgarage-fuer-wohnwagen-70-mm\/#primaryimage","url":"https:\/\/tene.ee\/wp-content\/uploads\/2024\/11\/Caravan_Garage_70.jpg","contentUrl":"https:\/\/tene.ee\/wp-content\/uploads\/2024\/11\/Caravan_Garage_70.jpg","width":2500,"height":1666},{"@type":"BreadcrumbList","@id":"https:\/\/tene.ee\/de\/toode\/holzgarage-fuer-wohnwagen-70-mm\/#breadcrumb","itemListElement":[{"@type":"ListItem","position":1,"name":"Avaleht","item":"https:\/\/tene.ee\/de\/"},{"@type":"ListItem","position":2,"name":"Produkte","item":"https:\/\/tene.ee\/de\/shop\/"},{"@type":"ListItem","position":3,"name":"Holzgarage f\u00fcr Wohnwagen 70 mm"}]},{"@type":"WebSite","@id":"https:\/\/tene.ee\/de\/#website","url":"https:\/\/tene.ee\/de\/","name":"Tene.ee - Kaunite hetkede jaoks sinu aias","description":"Tene.ee - parimad puit- ja aiamajad otse tootjalt","publisher":{"@id":"https:\/\/tene.ee\/de\/#organization"},"alternateName":"Tene.ee","potentialAction":[{"@type":"SearchAction","target":{"@type":"EntryPoint","urlTemplate":"https:\/\/tene.ee\/de\/?s={search_term_string}"},"query-input":{"@type":"PropertyValueSpecification","valueRequired":true,"valueName":"search_term_string"}}],"inLanguage":"de"},{"@type":"Organization","@id":"https:\/\/tene.ee\/de\/#organization","name":"Tene.ee","url":"https:\/\/tene.ee\/de\/","logo":{"@type":"ImageObject","inLanguage":"de","@id":"https:\/\/tene.ee\/de\/#\/schema\/logo\/image\/","url":"https:\/\/tene.ee\/wp-content\/uploads\/2024\/12\/TENE-logo-2018-2.png","contentUrl":"https:\/\/tene.ee\/wp-content\/uploads\/2024\/12\/TENE-logo-2018-2.png","width":2339,"height":1654,"caption":"Tene.ee"},"image":{"@id":"https:\/\/tene.ee\/de\/#\/schema\/logo\/image\/"},"sameAs":["https:\/\/www.facebook.com\/teneaiamajad"]}]}},"_links":{"self":[{"href":"https:\/\/tene.ee\/de\/wp-json\/wp\/v2\/product\/65872","targetHints":{"allow":["GET"]}}],"collection":[{"href":"https:\/\/tene.ee\/de\/wp-json\/wp\/v2\/product"}],"about":[{"href":"https:\/\/tene.ee\/de\/wp-json\/wp\/v2\/types\/product"}],"wp:featuredmedia":[{"embeddable":true,"href":"https:\/\/tene.ee\/de\/wp-json\/wp\/v2\/media\/65833"}],"wp:attachment":[{"href":"https:\/\/tene.ee\/de\/wp-json\/wp\/v2\/media?parent=65872"}],"wp:term":[{"taxonomy":"product_brand","embeddable":true,"href":"https:\/\/tene.ee\/de\/wp-json\/wp\/v2\/product_brand?post=65872"},{"taxonomy":"product_cat","embeddable":true,"href":"https:\/\/tene.ee\/de\/wp-json\/wp\/v2\/product_cat?post=65872"},{"taxonomy":"product_tag","embeddable":true,"href":"https:\/\/tene.ee\/de\/wp-json\/wp\/v2\/product_tag?post=65872"}],"curies":[{"name":"wp","href":"https:\/\/api.w.org\/{rel}","templated":true}]}}