{"id":65632,"date":"2024-11-12T14:05:50","date_gmt":"2024-11-12T12:05:50","guid":{"rendered":"https:\/\/tene.ee\/toode\/holzschuppen-tobias-6m2\/"},"modified":"2024-11-28T11:46:50","modified_gmt":"2024-11-28T09:46:50","slug":"holzschuppen-tobias-6m2","status":"publish","type":"product","link":"https:\/\/tene.ee\/de\/toode\/holzschuppen-tobias-6m2\/","title":{"rendered":"Holzschuppen Tobias 25m2 mit geraden W\u00e4nden"},"content":{"rendered":"<p>Tene Holzschuppen-Set Tobias 25m2 beinhaltet:<\/p>\n<p>Wand 40 x 143 mm<br \/>\nSparren 40 x 143 mm<br \/>\nTrauf- und Stirnbretter 40 x 143 mm<br \/>\nL\u00fcftungsl\u00fccken zwischen Wandbrettern<br \/>\nStirnwandbreite 5080 mm (Wandbrettl\u00e4nge 5260 mm)<br \/>\nSeitenwandl\u00e4nge 4900 mm (Bordwandl\u00e4nge 5080 mm)<br \/>\nSeitenwandh\u00f6he 1720 mm<br \/>\nFirsth\u00f6he 3260 mm<br \/>\nFirstl\u00e4nge 5760 mm<br \/>\n2 x zweiseitige T\u00fcr 1518 x 1650 mm<br \/>\nBefestigungselemente<\/p>\n<p>Tene Holzschuppen-Set Tobias 25m2 beinhaltet nicht:<\/p>\n<p>Dachmaterial<\/p>\n<p>Holzboden, der gegen Aufpreis erworben werden kann:<\/p>\n<p>impr\u00e4gnierte Stifte 45 x 70 mm<br \/>\nungehobelte Bohlen 32 x 125 mm<\/p>\n","protected":false},"excerpt":{"rendered":"<p>Tobias, ein einfach zu montierender Holzschuppen mit geraden W\u00e4nden, ist der ideale Aufbewahrungsort f\u00fcr Brennholz und Gartenger\u00e4te, die nicht in Wohnr\u00e4ume passen oder passen. Der Holzschuppen Tobias ist in verschiedenen Gr\u00f6\u00dfen erh\u00e4ltlich \u2013 w\u00e4hlen Sie einfach diejenige, die am besten zu Ihnen passt! Der Preis beinhaltet die Holzschuppent\u00fcren, Befestigungselemente und technische Zeichnung.<\/p>\n","protected":false},"featured_media":64296,"template":"","meta":{"_acf_changed":false},"product_brand":[],"product_cat":[338],"product_tag":[],"class_list":{"0":"post-65632","1":"product","2":"type-product","3":"status-publish","4":"has-post-thumbnail","6":"product_cat-holzschuppen","7":"product_shipping_class-390e-de","9":"first","10":"onbackorder","11":"sale","12":"purchasable","13":"product-type-variable","14":"has-default-attributes"},"acf":[],"yoast_head":"<!-- This site is optimized with the Yoast SEO plugin v27.3 - https:\/\/yoast.com\/product\/yoast-seo-wordpress\/ -->\n<title>Tene.ee - Holzschuppen Tobias 25m2 mit geraden W\u00e4nden<\/title>\n<meta name=\"description\" content=\"Tene.ee Holzschuppen Tobias 25m2 mit geraden W\u00e4nden\" \/>\n<meta name=\"robots\" content=\"index, follow, max-snippet:-1, max-image-preview:large, max-video-preview:-1\" \/>\n<link rel=\"canonical\" href=\"https:\/\/tene.ee\/de\/toode\/holzschuppen-tobias-6m2\/\" \/>\n<meta property=\"og:locale\" content=\"de_DE\" \/>\n<meta property=\"og:type\" content=\"article\" \/>\n<meta property=\"og:title\" content=\"Tene.ee - Holzschuppen Tobias 25m2 mit geraden W\u00e4nden\" \/>\n<meta property=\"og:description\" content=\"Tene.ee Holzschuppen Tobias 25m2 mit geraden W\u00e4nden\" \/>\n<meta property=\"og:url\" content=\"https:\/\/tene.ee\/de\/toode\/holzschuppen-tobias-6m2\/\" \/>\n<meta property=\"og:site_name\" content=\"Tene.ee\" \/>\n<meta property=\"article:publisher\" content=\"https:\/\/www.facebook.com\/teneaiamajad\" \/>\n<meta property=\"article:modified_time\" content=\"2024-11-28T09:46:50+00:00\" \/>\n<meta property=\"og:image\" content=\"http:\/\/tene.ee\/wp-content\/uploads\/2024\/11\/Tobias_10A-1024x683.jpg\" \/>\n\t<meta property=\"og:image:width\" content=\"1024\" \/>\n\t<meta property=\"og:image:height\" content=\"683\" \/>\n\t<meta property=\"og:image:type\" content=\"image\/jpeg\" \/>\n<meta name=\"twitter:card\" content=\"summary_large_image\" \/>\n<script type=\"application\/ld+json\" class=\"yoast-schema-graph\">{\"@context\":\"https:\\\/\\\/schema.org\",\"@graph\":[{\"@type\":\"WebPage\",\"@id\":\"https:\\\/\\\/tene.ee\\\/de\\\/toode\\\/holzschuppen-tobias-6m2\\\/\",\"url\":\"https:\\\/\\\/tene.ee\\\/de\\\/toode\\\/holzschuppen-tobias-6m2\\\/\",\"name\":\"Tene.ee - Holzschuppen Tobias 25m2 mit geraden W\u00e4nden\",\"isPartOf\":{\"@id\":\"https:\\\/\\\/tene.ee\\\/de\\\/#website\"},\"primaryImageOfPage\":{\"@id\":\"https:\\\/\\\/tene.ee\\\/de\\\/toode\\\/holzschuppen-tobias-6m2\\\/#primaryimage\"},\"image\":{\"@id\":\"https:\\\/\\\/tene.ee\\\/de\\\/toode\\\/holzschuppen-tobias-6m2\\\/#primaryimage\"},\"thumbnailUrl\":\"https:\\\/\\\/tene.ee\\\/wp-content\\\/uploads\\\/2024\\\/11\\\/Tobias_10A.jpg\",\"datePublished\":\"2024-11-12T12:05:50+00:00\",\"dateModified\":\"2024-11-28T09:46:50+00:00\",\"description\":\"Tene.ee Holzschuppen Tobias 25m2 mit geraden W\u00e4nden\",\"breadcrumb\":{\"@id\":\"https:\\\/\\\/tene.ee\\\/de\\\/toode\\\/holzschuppen-tobias-6m2\\\/#breadcrumb\"},\"inLanguage\":\"de\",\"potentialAction\":[{\"@type\":\"ReadAction\",\"target\":[\"https:\\\/\\\/tene.ee\\\/de\\\/toode\\\/holzschuppen-tobias-6m2\\\/\"]}]},{\"@type\":\"ImageObject\",\"inLanguage\":\"de\",\"@id\":\"https:\\\/\\\/tene.ee\\\/de\\\/toode\\\/holzschuppen-tobias-6m2\\\/#primaryimage\",\"url\":\"https:\\\/\\\/tene.ee\\\/wp-content\\\/uploads\\\/2024\\\/11\\\/Tobias_10A.jpg\",\"contentUrl\":\"https:\\\/\\\/tene.ee\\\/wp-content\\\/uploads\\\/2024\\\/11\\\/Tobias_10A.jpg\",\"width\":2500,\"height\":1667},{\"@type\":\"BreadcrumbList\",\"@id\":\"https:\\\/\\\/tene.ee\\\/de\\\/toode\\\/holzschuppen-tobias-6m2\\\/#breadcrumb\",\"itemListElement\":[{\"@type\":\"ListItem\",\"position\":1,\"name\":\"Avaleht\",\"item\":\"https:\\\/\\\/tene.ee\\\/de\\\/\"},{\"@type\":\"ListItem\",\"position\":2,\"name\":\"Produkte\",\"item\":\"https:\\\/\\\/tene.ee\\\/de\\\/shop\\\/\"},{\"@type\":\"ListItem\",\"position\":3,\"name\":\"Holzschuppen Tobias 25m2 mit geraden W\u00e4nden\"}]},{\"@type\":\"WebSite\",\"@id\":\"https:\\\/\\\/tene.ee\\\/de\\\/#website\",\"url\":\"https:\\\/\\\/tene.ee\\\/de\\\/\",\"name\":\"Tene.ee - Kaunite hetkede jaoks sinu aias\",\"description\":\"Tene.ee - parimad puit- ja aiamajad otse tootjalt\",\"publisher\":{\"@id\":\"https:\\\/\\\/tene.ee\\\/de\\\/#organization\"},\"alternateName\":\"Tene.ee\",\"potentialAction\":[{\"@type\":\"SearchAction\",\"target\":{\"@type\":\"EntryPoint\",\"urlTemplate\":\"https:\\\/\\\/tene.ee\\\/de\\\/?s={search_term_string}\"},\"query-input\":{\"@type\":\"PropertyValueSpecification\",\"valueRequired\":true,\"valueName\":\"search_term_string\"}}],\"inLanguage\":\"de\"},{\"@type\":\"Organization\",\"@id\":\"https:\\\/\\\/tene.ee\\\/de\\\/#organization\",\"name\":\"Tene.ee\",\"url\":\"https:\\\/\\\/tene.ee\\\/de\\\/\",\"logo\":{\"@type\":\"ImageObject\",\"inLanguage\":\"de\",\"@id\":\"https:\\\/\\\/tene.ee\\\/de\\\/#\\\/schema\\\/logo\\\/image\\\/\",\"url\":\"https:\\\/\\\/tene.ee\\\/wp-content\\\/uploads\\\/2024\\\/12\\\/TENE-logo-2018-2.png\",\"contentUrl\":\"https:\\\/\\\/tene.ee\\\/wp-content\\\/uploads\\\/2024\\\/12\\\/TENE-logo-2018-2.png\",\"width\":2339,\"height\":1654,\"caption\":\"Tene.ee\"},\"image\":{\"@id\":\"https:\\\/\\\/tene.ee\\\/de\\\/#\\\/schema\\\/logo\\\/image\\\/\"},\"sameAs\":[\"https:\\\/\\\/www.facebook.com\\\/teneaiamajad\"]}]}<\/script>\n<!-- \/ Yoast SEO plugin. -->","yoast_head_json":{"title":"Tene.ee - Holzschuppen Tobias 25m2 mit geraden W\u00e4nden","description":"Tene.ee Holzschuppen Tobias 25m2 mit geraden W\u00e4nden","robots":{"index":"index","follow":"follow","max-snippet":"max-snippet:-1","max-image-preview":"max-image-preview:large","max-video-preview":"max-video-preview:-1"},"canonical":"https:\/\/tene.ee\/de\/toode\/holzschuppen-tobias-6m2\/","og_locale":"de_DE","og_type":"article","og_title":"Tene.ee - Holzschuppen Tobias 25m2 mit geraden W\u00e4nden","og_description":"Tene.ee Holzschuppen Tobias 25m2 mit geraden W\u00e4nden","og_url":"https:\/\/tene.ee\/de\/toode\/holzschuppen-tobias-6m2\/","og_site_name":"Tene.ee","article_publisher":"https:\/\/www.facebook.com\/teneaiamajad","article_modified_time":"2024-11-28T09:46:50+00:00","og_image":[{"width":1024,"height":683,"url":"http:\/\/tene.ee\/wp-content\/uploads\/2024\/11\/Tobias_10A-1024x683.jpg","type":"image\/jpeg"}],"twitter_card":"summary_large_image","schema":{"@context":"https:\/\/schema.org","@graph":[{"@type":"WebPage","@id":"https:\/\/tene.ee\/de\/toode\/holzschuppen-tobias-6m2\/","url":"https:\/\/tene.ee\/de\/toode\/holzschuppen-tobias-6m2\/","name":"Tene.ee - Holzschuppen Tobias 25m2 mit geraden W\u00e4nden","isPartOf":{"@id":"https:\/\/tene.ee\/de\/#website"},"primaryImageOfPage":{"@id":"https:\/\/tene.ee\/de\/toode\/holzschuppen-tobias-6m2\/#primaryimage"},"image":{"@id":"https:\/\/tene.ee\/de\/toode\/holzschuppen-tobias-6m2\/#primaryimage"},"thumbnailUrl":"https:\/\/tene.ee\/wp-content\/uploads\/2024\/11\/Tobias_10A.jpg","datePublished":"2024-11-12T12:05:50+00:00","dateModified":"2024-11-28T09:46:50+00:00","description":"Tene.ee Holzschuppen Tobias 25m2 mit geraden W\u00e4nden","breadcrumb":{"@id":"https:\/\/tene.ee\/de\/toode\/holzschuppen-tobias-6m2\/#breadcrumb"},"inLanguage":"de","potentialAction":[{"@type":"ReadAction","target":["https:\/\/tene.ee\/de\/toode\/holzschuppen-tobias-6m2\/"]}]},{"@type":"ImageObject","inLanguage":"de","@id":"https:\/\/tene.ee\/de\/toode\/holzschuppen-tobias-6m2\/#primaryimage","url":"https:\/\/tene.ee\/wp-content\/uploads\/2024\/11\/Tobias_10A.jpg","contentUrl":"https:\/\/tene.ee\/wp-content\/uploads\/2024\/11\/Tobias_10A.jpg","width":2500,"height":1667},{"@type":"BreadcrumbList","@id":"https:\/\/tene.ee\/de\/toode\/holzschuppen-tobias-6m2\/#breadcrumb","itemListElement":[{"@type":"ListItem","position":1,"name":"Avaleht","item":"https:\/\/tene.ee\/de\/"},{"@type":"ListItem","position":2,"name":"Produkte","item":"https:\/\/tene.ee\/de\/shop\/"},{"@type":"ListItem","position":3,"name":"Holzschuppen Tobias 25m2 mit geraden W\u00e4nden"}]},{"@type":"WebSite","@id":"https:\/\/tene.ee\/de\/#website","url":"https:\/\/tene.ee\/de\/","name":"Tene.ee - Kaunite hetkede jaoks sinu aias","description":"Tene.ee - parimad puit- ja aiamajad otse tootjalt","publisher":{"@id":"https:\/\/tene.ee\/de\/#organization"},"alternateName":"Tene.ee","potentialAction":[{"@type":"SearchAction","target":{"@type":"EntryPoint","urlTemplate":"https:\/\/tene.ee\/de\/?s={search_term_string}"},"query-input":{"@type":"PropertyValueSpecification","valueRequired":true,"valueName":"search_term_string"}}],"inLanguage":"de"},{"@type":"Organization","@id":"https:\/\/tene.ee\/de\/#organization","name":"Tene.ee","url":"https:\/\/tene.ee\/de\/","logo":{"@type":"ImageObject","inLanguage":"de","@id":"https:\/\/tene.ee\/de\/#\/schema\/logo\/image\/","url":"https:\/\/tene.ee\/wp-content\/uploads\/2024\/12\/TENE-logo-2018-2.png","contentUrl":"https:\/\/tene.ee\/wp-content\/uploads\/2024\/12\/TENE-logo-2018-2.png","width":2339,"height":1654,"caption":"Tene.ee"},"image":{"@id":"https:\/\/tene.ee\/de\/#\/schema\/logo\/image\/"},"sameAs":["https:\/\/www.facebook.com\/teneaiamajad"]}]}},"_links":{"self":[{"href":"https:\/\/tene.ee\/de\/wp-json\/wp\/v2\/product\/65632","targetHints":{"allow":["GET"]}}],"collection":[{"href":"https:\/\/tene.ee\/de\/wp-json\/wp\/v2\/product"}],"about":[{"href":"https:\/\/tene.ee\/de\/wp-json\/wp\/v2\/types\/product"}],"wp:featuredmedia":[{"embeddable":true,"href":"https:\/\/tene.ee\/de\/wp-json\/wp\/v2\/media\/64296"}],"wp:attachment":[{"href":"https:\/\/tene.ee\/de\/wp-json\/wp\/v2\/media?parent=65632"}],"wp:term":[{"taxonomy":"product_brand","embeddable":true,"href":"https:\/\/tene.ee\/de\/wp-json\/wp\/v2\/product_brand?post=65632"},{"taxonomy":"product_cat","embeddable":true,"href":"https:\/\/tene.ee\/de\/wp-json\/wp\/v2\/product_cat?post=65632"},{"taxonomy":"product_tag","embeddable":true,"href":"https:\/\/tene.ee\/de\/wp-json\/wp\/v2\/product_tag?post=65632"}],"curies":[{"name":"wp","href":"https:\/\/api.w.org\/{rel}","templated":true}]}}