{"id":16762,"date":"2024-07-12T16:32:38","date_gmt":"2024-07-12T13:32:38","guid":{"rendered":"https:\/\/tene.ee\/toode\/torusaun-kemi-o-210-x-400-cm\/"},"modified":"2024-11-28T11:45:36","modified_gmt":"2024-11-28T09:45:36","slug":"torusaun-kemi-o-210-x-400-cm","status":"publish","type":"product","link":"https:\/\/tene.ee\/de\/toode\/torusaun-kemi-o-210-x-400-cm\/","title":{"rendered":"Fasssauna Kemi \u00d8 210 x 400 cm"},"content":{"rendered":"<p>Die Fasssauna Kemi aus der Gartenhausfabrik Tene Kaubandus ist sofort einsatzbereit f\u00fcr Ihr Saunaerlebnis. Das Produkt kann an jeden mit einem Kranwagen erreichbaren Ort transportiert werden.<\/p>\n<p><strong>Das Set einer vorgefertigten Fasssauna umfasst Folgendes:<\/strong><\/p>\n<p>100\u00a0% Fichtenholz nordischer Qualit\u00e4t<br \/>\nSaunabank im Schwitzraum<br \/>\nSitzb\u00e4nke<br \/>\nHolzofen mit Gittergeh\u00e4use<br \/>\nHochwertiger Schornstein mit Klappe und Wassertank 22\u00a0L<br \/>\nSaunasteine 100\u00a0kg<br \/>\nOfenboden, -geh\u00e4use und -r\u00fcckwand sind hitzebest\u00e4ndig<br \/>\nDie Au\u00dfenfl\u00e4che ist mit Teknos AQUAPRIMER Beize TM\u00a01824 behandelt.<br \/>\nBedachung aus schwarzen Wabenschindeln<br \/>\nFenster im Schwitzraum mit Hartglas<br \/>\nWandst\u00e4rke: 40 mm<br \/>\n\u00c4u\u00dfere Abmessungen: 210 x 217 cm<\/p>\n","protected":false},"excerpt":{"rendered":"<p>Vorgefertigte Fasssauna Kemi, Dach mit schwarzen Wabenschindeln, Holzofen mit Steinen (100\u00a0kg), hochwertiger Schornstein mit Klappe und Wassertank. Die Au\u00dfenfl\u00e4che ist mit Teknos AQUAPRIMER Beize TM\u00a01824 behandelt.<\/p>\n<p>Die Fasssauna Kemi ist auch mit einem elektrischen Ofen erh\u00e4ltlich.<\/p>\n","protected":false},"featured_media":7819,"template":"","meta":{"_acf_changed":false},"product_brand":[],"product_cat":[371,314,370],"product_tag":[],"class_list":{"0":"post-16762","1":"product","2":"type-product","3":"status-publish","4":"has-post-thumbnail","6":"product_cat-fasssaunen","7":"product_cat-saunen","8":"product_cat-vorgefertigte-saunen","9":"product_shipping_class-390e-de","10":"pa_seina-paksus-40-mm-de","11":"pa_vali-keris-huum-elektrikeris-de","12":"pa_vali-keris-puukuttega-skamet-keris-de","14":"first","15":"onbackorder","16":"sale","17":"purchasable","18":"product-type-simple"},"acf":[],"yoast_head":"<!-- This site is optimized with the Yoast SEO plugin v27.3 - https:\/\/yoast.com\/product\/yoast-seo-wordpress\/ -->\n<title>Tene.ee - Fasssauna Kemi \u00d8 210 x 400 cm<\/title>\n<meta name=\"description\" content=\"Tene.ee Fasssauna Kemi \u00d8 210 x 400 cm\" \/>\n<meta name=\"robots\" content=\"index, follow, max-snippet:-1, max-image-preview:large, max-video-preview:-1\" \/>\n<link rel=\"canonical\" href=\"https:\/\/tene.ee\/de\/toode\/torusaun-kemi-o-210-x-400-cm\/\" \/>\n<meta property=\"og:locale\" content=\"de_DE\" \/>\n<meta property=\"og:type\" content=\"article\" \/>\n<meta property=\"og:title\" content=\"Tene.ee - Fasssauna Kemi \u00d8 210 x 400 cm\" \/>\n<meta property=\"og:description\" content=\"Tene.ee Fasssauna Kemi \u00d8 210 x 400 cm\" \/>\n<meta property=\"og:url\" content=\"https:\/\/tene.ee\/de\/toode\/torusaun-kemi-o-210-x-400-cm\/\" \/>\n<meta property=\"og:site_name\" content=\"Tene.ee\" \/>\n<meta property=\"article:publisher\" content=\"https:\/\/www.facebook.com\/teneaiamajad\" \/>\n<meta property=\"article:modified_time\" content=\"2024-11-28T09:45:36+00:00\" \/>\n<meta property=\"og:image\" content=\"https:\/\/tene.ee\/wp-content\/uploads\/2024\/07\/Kemi-1024x683.jpg\" \/>\n\t<meta property=\"og:image:width\" content=\"1024\" \/>\n\t<meta property=\"og:image:height\" content=\"683\" \/>\n\t<meta property=\"og:image:type\" content=\"image\/jpeg\" \/>\n<meta name=\"twitter:card\" content=\"summary_large_image\" \/>\n<script type=\"application\/ld+json\" class=\"yoast-schema-graph\">{\"@context\":\"https:\\\/\\\/schema.org\",\"@graph\":[{\"@type\":\"WebPage\",\"@id\":\"https:\\\/\\\/tene.ee\\\/de\\\/toode\\\/torusaun-kemi-o-210-x-400-cm\\\/\",\"url\":\"https:\\\/\\\/tene.ee\\\/de\\\/toode\\\/torusaun-kemi-o-210-x-400-cm\\\/\",\"name\":\"Tene.ee - Fasssauna Kemi \u00d8 210 x 400 cm\",\"isPartOf\":{\"@id\":\"https:\\\/\\\/tene.ee\\\/de\\\/#website\"},\"primaryImageOfPage\":{\"@id\":\"https:\\\/\\\/tene.ee\\\/de\\\/toode\\\/torusaun-kemi-o-210-x-400-cm\\\/#primaryimage\"},\"image\":{\"@id\":\"https:\\\/\\\/tene.ee\\\/de\\\/toode\\\/torusaun-kemi-o-210-x-400-cm\\\/#primaryimage\"},\"thumbnailUrl\":\"https:\\\/\\\/tene.ee\\\/wp-content\\\/uploads\\\/2024\\\/07\\\/Kemi.jpg\",\"datePublished\":\"2024-07-12T13:32:38+00:00\",\"dateModified\":\"2024-11-28T09:45:36+00:00\",\"description\":\"Tene.ee Fasssauna Kemi \u00d8 210 x 400 cm\",\"breadcrumb\":{\"@id\":\"https:\\\/\\\/tene.ee\\\/de\\\/toode\\\/torusaun-kemi-o-210-x-400-cm\\\/#breadcrumb\"},\"inLanguage\":\"de\",\"potentialAction\":[{\"@type\":\"ReadAction\",\"target\":[\"https:\\\/\\\/tene.ee\\\/de\\\/toode\\\/torusaun-kemi-o-210-x-400-cm\\\/\"]}]},{\"@type\":\"ImageObject\",\"inLanguage\":\"de\",\"@id\":\"https:\\\/\\\/tene.ee\\\/de\\\/toode\\\/torusaun-kemi-o-210-x-400-cm\\\/#primaryimage\",\"url\":\"https:\\\/\\\/tene.ee\\\/wp-content\\\/uploads\\\/2024\\\/07\\\/Kemi.jpg\",\"contentUrl\":\"https:\\\/\\\/tene.ee\\\/wp-content\\\/uploads\\\/2024\\\/07\\\/Kemi.jpg\",\"width\":2500,\"height\":1667},{\"@type\":\"BreadcrumbList\",\"@id\":\"https:\\\/\\\/tene.ee\\\/de\\\/toode\\\/torusaun-kemi-o-210-x-400-cm\\\/#breadcrumb\",\"itemListElement\":[{\"@type\":\"ListItem\",\"position\":1,\"name\":\"Avaleht\",\"item\":\"https:\\\/\\\/tene.ee\\\/de\\\/\"},{\"@type\":\"ListItem\",\"position\":2,\"name\":\"Produkte\",\"item\":\"https:\\\/\\\/tene.ee\\\/de\\\/shop\\\/\"},{\"@type\":\"ListItem\",\"position\":3,\"name\":\"Fasssauna Kemi \u00d8 210 x 400 cm\"}]},{\"@type\":\"WebSite\",\"@id\":\"https:\\\/\\\/tene.ee\\\/de\\\/#website\",\"url\":\"https:\\\/\\\/tene.ee\\\/de\\\/\",\"name\":\"Tene.ee - Kaunite hetkede jaoks sinu aias\",\"description\":\"Tene.ee - parimad puit- ja aiamajad otse tootjalt\",\"publisher\":{\"@id\":\"https:\\\/\\\/tene.ee\\\/de\\\/#organization\"},\"alternateName\":\"Tene.ee\",\"potentialAction\":[{\"@type\":\"SearchAction\",\"target\":{\"@type\":\"EntryPoint\",\"urlTemplate\":\"https:\\\/\\\/tene.ee\\\/de\\\/?s={search_term_string}\"},\"query-input\":{\"@type\":\"PropertyValueSpecification\",\"valueRequired\":true,\"valueName\":\"search_term_string\"}}],\"inLanguage\":\"de\"},{\"@type\":\"Organization\",\"@id\":\"https:\\\/\\\/tene.ee\\\/de\\\/#organization\",\"name\":\"Tene.ee\",\"url\":\"https:\\\/\\\/tene.ee\\\/de\\\/\",\"logo\":{\"@type\":\"ImageObject\",\"inLanguage\":\"de\",\"@id\":\"https:\\\/\\\/tene.ee\\\/de\\\/#\\\/schema\\\/logo\\\/image\\\/\",\"url\":\"https:\\\/\\\/tene.ee\\\/wp-content\\\/uploads\\\/2024\\\/12\\\/TENE-logo-2018-2.png\",\"contentUrl\":\"https:\\\/\\\/tene.ee\\\/wp-content\\\/uploads\\\/2024\\\/12\\\/TENE-logo-2018-2.png\",\"width\":2339,\"height\":1654,\"caption\":\"Tene.ee\"},\"image\":{\"@id\":\"https:\\\/\\\/tene.ee\\\/de\\\/#\\\/schema\\\/logo\\\/image\\\/\"},\"sameAs\":[\"https:\\\/\\\/www.facebook.com\\\/teneaiamajad\"]}]}<\/script>\n<!-- \/ Yoast SEO plugin. -->","yoast_head_json":{"title":"Tene.ee - Fasssauna Kemi \u00d8 210 x 400 cm","description":"Tene.ee Fasssauna Kemi \u00d8 210 x 400 cm","robots":{"index":"index","follow":"follow","max-snippet":"max-snippet:-1","max-image-preview":"max-image-preview:large","max-video-preview":"max-video-preview:-1"},"canonical":"https:\/\/tene.ee\/de\/toode\/torusaun-kemi-o-210-x-400-cm\/","og_locale":"de_DE","og_type":"article","og_title":"Tene.ee - Fasssauna Kemi \u00d8 210 x 400 cm","og_description":"Tene.ee Fasssauna Kemi \u00d8 210 x 400 cm","og_url":"https:\/\/tene.ee\/de\/toode\/torusaun-kemi-o-210-x-400-cm\/","og_site_name":"Tene.ee","article_publisher":"https:\/\/www.facebook.com\/teneaiamajad","article_modified_time":"2024-11-28T09:45:36+00:00","og_image":[{"width":1024,"height":683,"url":"https:\/\/tene.ee\/wp-content\/uploads\/2024\/07\/Kemi-1024x683.jpg","type":"image\/jpeg"}],"twitter_card":"summary_large_image","schema":{"@context":"https:\/\/schema.org","@graph":[{"@type":"WebPage","@id":"https:\/\/tene.ee\/de\/toode\/torusaun-kemi-o-210-x-400-cm\/","url":"https:\/\/tene.ee\/de\/toode\/torusaun-kemi-o-210-x-400-cm\/","name":"Tene.ee - Fasssauna Kemi \u00d8 210 x 400 cm","isPartOf":{"@id":"https:\/\/tene.ee\/de\/#website"},"primaryImageOfPage":{"@id":"https:\/\/tene.ee\/de\/toode\/torusaun-kemi-o-210-x-400-cm\/#primaryimage"},"image":{"@id":"https:\/\/tene.ee\/de\/toode\/torusaun-kemi-o-210-x-400-cm\/#primaryimage"},"thumbnailUrl":"https:\/\/tene.ee\/wp-content\/uploads\/2024\/07\/Kemi.jpg","datePublished":"2024-07-12T13:32:38+00:00","dateModified":"2024-11-28T09:45:36+00:00","description":"Tene.ee Fasssauna Kemi \u00d8 210 x 400 cm","breadcrumb":{"@id":"https:\/\/tene.ee\/de\/toode\/torusaun-kemi-o-210-x-400-cm\/#breadcrumb"},"inLanguage":"de","potentialAction":[{"@type":"ReadAction","target":["https:\/\/tene.ee\/de\/toode\/torusaun-kemi-o-210-x-400-cm\/"]}]},{"@type":"ImageObject","inLanguage":"de","@id":"https:\/\/tene.ee\/de\/toode\/torusaun-kemi-o-210-x-400-cm\/#primaryimage","url":"https:\/\/tene.ee\/wp-content\/uploads\/2024\/07\/Kemi.jpg","contentUrl":"https:\/\/tene.ee\/wp-content\/uploads\/2024\/07\/Kemi.jpg","width":2500,"height":1667},{"@type":"BreadcrumbList","@id":"https:\/\/tene.ee\/de\/toode\/torusaun-kemi-o-210-x-400-cm\/#breadcrumb","itemListElement":[{"@type":"ListItem","position":1,"name":"Avaleht","item":"https:\/\/tene.ee\/de\/"},{"@type":"ListItem","position":2,"name":"Produkte","item":"https:\/\/tene.ee\/de\/shop\/"},{"@type":"ListItem","position":3,"name":"Fasssauna Kemi \u00d8 210 x 400 cm"}]},{"@type":"WebSite","@id":"https:\/\/tene.ee\/de\/#website","url":"https:\/\/tene.ee\/de\/","name":"Tene.ee - Kaunite hetkede jaoks sinu aias","description":"Tene.ee - parimad puit- ja aiamajad otse tootjalt","publisher":{"@id":"https:\/\/tene.ee\/de\/#organization"},"alternateName":"Tene.ee","potentialAction":[{"@type":"SearchAction","target":{"@type":"EntryPoint","urlTemplate":"https:\/\/tene.ee\/de\/?s={search_term_string}"},"query-input":{"@type":"PropertyValueSpecification","valueRequired":true,"valueName":"search_term_string"}}],"inLanguage":"de"},{"@type":"Organization","@id":"https:\/\/tene.ee\/de\/#organization","name":"Tene.ee","url":"https:\/\/tene.ee\/de\/","logo":{"@type":"ImageObject","inLanguage":"de","@id":"https:\/\/tene.ee\/de\/#\/schema\/logo\/image\/","url":"https:\/\/tene.ee\/wp-content\/uploads\/2024\/12\/TENE-logo-2018-2.png","contentUrl":"https:\/\/tene.ee\/wp-content\/uploads\/2024\/12\/TENE-logo-2018-2.png","width":2339,"height":1654,"caption":"Tene.ee"},"image":{"@id":"https:\/\/tene.ee\/de\/#\/schema\/logo\/image\/"},"sameAs":["https:\/\/www.facebook.com\/teneaiamajad"]}]}},"_links":{"self":[{"href":"https:\/\/tene.ee\/de\/wp-json\/wp\/v2\/product\/16762","targetHints":{"allow":["GET"]}}],"collection":[{"href":"https:\/\/tene.ee\/de\/wp-json\/wp\/v2\/product"}],"about":[{"href":"https:\/\/tene.ee\/de\/wp-json\/wp\/v2\/types\/product"}],"wp:featuredmedia":[{"embeddable":true,"href":"https:\/\/tene.ee\/de\/wp-json\/wp\/v2\/media\/7819"}],"wp:attachment":[{"href":"https:\/\/tene.ee\/de\/wp-json\/wp\/v2\/media?parent=16762"}],"wp:term":[{"taxonomy":"product_brand","embeddable":true,"href":"https:\/\/tene.ee\/de\/wp-json\/wp\/v2\/product_brand?post=16762"},{"taxonomy":"product_cat","embeddable":true,"href":"https:\/\/tene.ee\/de\/wp-json\/wp\/v2\/product_cat?post=16762"},{"taxonomy":"product_tag","embeddable":true,"href":"https:\/\/tene.ee\/de\/wp-json\/wp\/v2\/product_tag?post=16762"}],"curies":[{"name":"wp","href":"https:\/\/api.w.org\/{rel}","templated":true}]}}