{"id":16576,"date":"2024-07-12T14:27:21","date_gmt":"2024-07-12T11:27:21","guid":{"rendered":"https:\/\/tene.ee\/toode\/aiamaja-burgos-70-mm\/"},"modified":"2024-11-28T11:43:44","modified_gmt":"2024-11-28T09:43:44","slug":"aiamaja-burgos-70-mm","status":"publish","type":"product","link":"https:\/\/tene.ee\/de\/toode\/aiamaja-burgos-70-mm\/","title":{"rendered":"Gartenhaus Burgos 70\u00a0mm"},"content":{"rendered":"<p>Die im Werk f\u00fcr Garten- und Holzh\u00e4user von Tene hergestellten 70 mm starken Gartenh\u00e4user, Blockh\u00e4user, Unterst\u00e4nde, Pavillons, Saunen, Gartenlauben, Grillh\u00e4user und Holzgaragen werden komplett mit T\u00fcren, Fenstern, Boden, Befestigungselementen und Montageanleitung geliefert, was den Aufbau des Gartenhauses einfach und zeitsparend macht.<\/p>\n<p><strong>Das Set der Gartenh\u00e4user mit einer Wandst\u00e4rke von 70 mm von TENE umfasst gem\u00e4\u00df Produktzeichnung folgende Artikel:<\/strong><\/p>\n<p>100\u00a0% Fichtenholz nordischer Qualit\u00e4t<br \/>\nT\u00fcren und Fenster aus extratrockenem (8\u201312\u00a0%) Brettschichtholz<br \/>\nFenster deutscher Bauart mit verglaster Einheit (eine Seite des Fensters ist ein Drehfenster, die andere Seite ist ein Dreh-Kipp-Fenster, zwei nicht zu \u00f6ffnende Fenster), inkl. Beschl\u00e4ge<br \/>\nDoppelt\u00fcr deutscher Bauart mit verglaster Einheit, inkl. Beschl\u00e4ge<br \/>\nDecke aus 18\u00a0mm starken Profilbrettern<br \/>\nEdelstahlschwelle<br \/>\nGewindestangen<br \/>\nim Autoklaven impr\u00e4gnierte Fundamentbalken<br \/>\nBefestigungselemente (N\u00e4gel und Schrauben)<br \/>\nMontageanleitung<\/p>\n","protected":false},"excerpt":{"rendered":"<p>Enthalten sind eine Doppelt\u00fcr und Fenster aus Brettschichtholz mit verglaster Einheit, eine Edelstahlschwelle, impr\u00e4gnierte Fundamentbalken, Befestigungselemente und eine Montageanleitung.<\/p>\n","protected":false},"featured_media":4227,"template":"","meta":{"_acf_changed":false},"product_brand":[],"product_cat":[318,363],"product_tag":[],"class_list":{"0":"post-16576","1":"product","2":"type-product","3":"status-publish","4":"has-post-thumbnail","6":"product_cat-gartenhauser","7":"product_cat-gartenhauser-70-mm","8":"pa_iseloomustus-1-raum","9":"pa_iseloomustus-rechteck-haeuser","10":"pa_katuse-tuup-satteldach","11":"pa_pindala-40-m2-de","12":"pa_seina-paksus-70-mm-de","14":"first","15":"onbackorder","16":"sale","17":"purchasable","18":"product-type-variable","19":"has-default-attributes"},"acf":[],"yoast_head":"<!-- This site is optimized with the Yoast SEO plugin v27.3 - https:\/\/yoast.com\/product\/yoast-seo-wordpress\/ -->\n<title>Tene.ee - Gartenhaus Burgos 70\u00a0mm<\/title>\n<meta name=\"description\" content=\"Tene.ee Gartenhaus Burgos 70\u00a0mm\" \/>\n<meta name=\"robots\" content=\"index, follow, max-snippet:-1, max-image-preview:large, max-video-preview:-1\" \/>\n<link rel=\"canonical\" href=\"https:\/\/tene.ee\/de\/toode\/aiamaja-burgos-70-mm\/\" \/>\n<meta property=\"og:locale\" content=\"de_DE\" \/>\n<meta property=\"og:type\" content=\"article\" \/>\n<meta property=\"og:title\" content=\"Tene.ee - Gartenhaus Burgos 70\u00a0mm\" \/>\n<meta property=\"og:description\" content=\"Tene.ee Gartenhaus Burgos 70\u00a0mm\" \/>\n<meta property=\"og:url\" content=\"https:\/\/tene.ee\/de\/toode\/aiamaja-burgos-70-mm\/\" \/>\n<meta property=\"og:site_name\" content=\"Tene.ee\" \/>\n<meta property=\"article:publisher\" content=\"https:\/\/www.facebook.com\/teneaiamajad\" \/>\n<meta property=\"article:modified_time\" content=\"2024-11-28T09:43:44+00:00\" \/>\n<meta property=\"og:image\" content=\"https:\/\/tene.ee\/wp-content\/uploads\/2024\/07\/Burgos_70mm-1.jpg\" \/>\n\t<meta property=\"og:image:width\" content=\"1600\" \/>\n\t<meta property=\"og:image:height\" content=\"1067\" \/>\n\t<meta property=\"og:image:type\" content=\"image\/jpeg\" \/>\n<meta name=\"twitter:card\" content=\"summary_large_image\" \/>\n<meta name=\"twitter:label1\" content=\"Gesch\u00e4tzte Lesezeit\" \/>\n\t<meta name=\"twitter:data1\" content=\"1\u00a0Minute\" \/>\n<script type=\"application\/ld+json\" class=\"yoast-schema-graph\">{\"@context\":\"https:\\\/\\\/schema.org\",\"@graph\":[{\"@type\":\"WebPage\",\"@id\":\"https:\\\/\\\/tene.ee\\\/de\\\/toode\\\/aiamaja-burgos-70-mm\\\/\",\"url\":\"https:\\\/\\\/tene.ee\\\/de\\\/toode\\\/aiamaja-burgos-70-mm\\\/\",\"name\":\"Tene.ee - Gartenhaus Burgos 70\u00a0mm\",\"isPartOf\":{\"@id\":\"https:\\\/\\\/tene.ee\\\/de\\\/#website\"},\"primaryImageOfPage\":{\"@id\":\"https:\\\/\\\/tene.ee\\\/de\\\/toode\\\/aiamaja-burgos-70-mm\\\/#primaryimage\"},\"image\":{\"@id\":\"https:\\\/\\\/tene.ee\\\/de\\\/toode\\\/aiamaja-burgos-70-mm\\\/#primaryimage\"},\"thumbnailUrl\":\"https:\\\/\\\/tene.ee\\\/wp-content\\\/uploads\\\/2024\\\/07\\\/Burgos_70mm-1.jpg\",\"datePublished\":\"2024-07-12T11:27:21+00:00\",\"dateModified\":\"2024-11-28T09:43:44+00:00\",\"description\":\"Tene.ee Gartenhaus Burgos 70\u00a0mm\",\"breadcrumb\":{\"@id\":\"https:\\\/\\\/tene.ee\\\/de\\\/toode\\\/aiamaja-burgos-70-mm\\\/#breadcrumb\"},\"inLanguage\":\"de\",\"potentialAction\":[{\"@type\":\"ReadAction\",\"target\":[\"https:\\\/\\\/tene.ee\\\/de\\\/toode\\\/aiamaja-burgos-70-mm\\\/\"]}]},{\"@type\":\"ImageObject\",\"inLanguage\":\"de\",\"@id\":\"https:\\\/\\\/tene.ee\\\/de\\\/toode\\\/aiamaja-burgos-70-mm\\\/#primaryimage\",\"url\":\"https:\\\/\\\/tene.ee\\\/wp-content\\\/uploads\\\/2024\\\/07\\\/Burgos_70mm-1.jpg\",\"contentUrl\":\"https:\\\/\\\/tene.ee\\\/wp-content\\\/uploads\\\/2024\\\/07\\\/Burgos_70mm-1.jpg\",\"width\":1600,\"height\":1067},{\"@type\":\"BreadcrumbList\",\"@id\":\"https:\\\/\\\/tene.ee\\\/de\\\/toode\\\/aiamaja-burgos-70-mm\\\/#breadcrumb\",\"itemListElement\":[{\"@type\":\"ListItem\",\"position\":1,\"name\":\"Avaleht\",\"item\":\"https:\\\/\\\/tene.ee\\\/de\\\/\"},{\"@type\":\"ListItem\",\"position\":2,\"name\":\"Produkte\",\"item\":\"https:\\\/\\\/tene.ee\\\/de\\\/shop\\\/\"},{\"@type\":\"ListItem\",\"position\":3,\"name\":\"Gartenhaus Burgos 70\u00a0mm\"}]},{\"@type\":\"WebSite\",\"@id\":\"https:\\\/\\\/tene.ee\\\/de\\\/#website\",\"url\":\"https:\\\/\\\/tene.ee\\\/de\\\/\",\"name\":\"Tene.ee - Kaunite hetkede jaoks sinu aias\",\"description\":\"Tene.ee - parimad puit- ja aiamajad otse tootjalt\",\"publisher\":{\"@id\":\"https:\\\/\\\/tene.ee\\\/de\\\/#organization\"},\"alternateName\":\"Tene.ee\",\"potentialAction\":[{\"@type\":\"SearchAction\",\"target\":{\"@type\":\"EntryPoint\",\"urlTemplate\":\"https:\\\/\\\/tene.ee\\\/de\\\/?s={search_term_string}\"},\"query-input\":{\"@type\":\"PropertyValueSpecification\",\"valueRequired\":true,\"valueName\":\"search_term_string\"}}],\"inLanguage\":\"de\"},{\"@type\":\"Organization\",\"@id\":\"https:\\\/\\\/tene.ee\\\/de\\\/#organization\",\"name\":\"Tene.ee\",\"url\":\"https:\\\/\\\/tene.ee\\\/de\\\/\",\"logo\":{\"@type\":\"ImageObject\",\"inLanguage\":\"de\",\"@id\":\"https:\\\/\\\/tene.ee\\\/de\\\/#\\\/schema\\\/logo\\\/image\\\/\",\"url\":\"https:\\\/\\\/tene.ee\\\/wp-content\\\/uploads\\\/2024\\\/12\\\/TENE-logo-2018-2.png\",\"contentUrl\":\"https:\\\/\\\/tene.ee\\\/wp-content\\\/uploads\\\/2024\\\/12\\\/TENE-logo-2018-2.png\",\"width\":2339,\"height\":1654,\"caption\":\"Tene.ee\"},\"image\":{\"@id\":\"https:\\\/\\\/tene.ee\\\/de\\\/#\\\/schema\\\/logo\\\/image\\\/\"},\"sameAs\":[\"https:\\\/\\\/www.facebook.com\\\/teneaiamajad\"]}]}<\/script>\n<!-- \/ Yoast SEO plugin. -->","yoast_head_json":{"title":"Tene.ee - Gartenhaus Burgos 70\u00a0mm","description":"Tene.ee Gartenhaus Burgos 70\u00a0mm","robots":{"index":"index","follow":"follow","max-snippet":"max-snippet:-1","max-image-preview":"max-image-preview:large","max-video-preview":"max-video-preview:-1"},"canonical":"https:\/\/tene.ee\/de\/toode\/aiamaja-burgos-70-mm\/","og_locale":"de_DE","og_type":"article","og_title":"Tene.ee - Gartenhaus Burgos 70\u00a0mm","og_description":"Tene.ee Gartenhaus Burgos 70\u00a0mm","og_url":"https:\/\/tene.ee\/de\/toode\/aiamaja-burgos-70-mm\/","og_site_name":"Tene.ee","article_publisher":"https:\/\/www.facebook.com\/teneaiamajad","article_modified_time":"2024-11-28T09:43:44+00:00","og_image":[{"width":1600,"height":1067,"url":"https:\/\/tene.ee\/wp-content\/uploads\/2024\/07\/Burgos_70mm-1.jpg","type":"image\/jpeg"}],"twitter_card":"summary_large_image","twitter_misc":{"Gesch\u00e4tzte Lesezeit":"1\u00a0Minute"},"schema":{"@context":"https:\/\/schema.org","@graph":[{"@type":"WebPage","@id":"https:\/\/tene.ee\/de\/toode\/aiamaja-burgos-70-mm\/","url":"https:\/\/tene.ee\/de\/toode\/aiamaja-burgos-70-mm\/","name":"Tene.ee - Gartenhaus Burgos 70\u00a0mm","isPartOf":{"@id":"https:\/\/tene.ee\/de\/#website"},"primaryImageOfPage":{"@id":"https:\/\/tene.ee\/de\/toode\/aiamaja-burgos-70-mm\/#primaryimage"},"image":{"@id":"https:\/\/tene.ee\/de\/toode\/aiamaja-burgos-70-mm\/#primaryimage"},"thumbnailUrl":"https:\/\/tene.ee\/wp-content\/uploads\/2024\/07\/Burgos_70mm-1.jpg","datePublished":"2024-07-12T11:27:21+00:00","dateModified":"2024-11-28T09:43:44+00:00","description":"Tene.ee Gartenhaus Burgos 70\u00a0mm","breadcrumb":{"@id":"https:\/\/tene.ee\/de\/toode\/aiamaja-burgos-70-mm\/#breadcrumb"},"inLanguage":"de","potentialAction":[{"@type":"ReadAction","target":["https:\/\/tene.ee\/de\/toode\/aiamaja-burgos-70-mm\/"]}]},{"@type":"ImageObject","inLanguage":"de","@id":"https:\/\/tene.ee\/de\/toode\/aiamaja-burgos-70-mm\/#primaryimage","url":"https:\/\/tene.ee\/wp-content\/uploads\/2024\/07\/Burgos_70mm-1.jpg","contentUrl":"https:\/\/tene.ee\/wp-content\/uploads\/2024\/07\/Burgos_70mm-1.jpg","width":1600,"height":1067},{"@type":"BreadcrumbList","@id":"https:\/\/tene.ee\/de\/toode\/aiamaja-burgos-70-mm\/#breadcrumb","itemListElement":[{"@type":"ListItem","position":1,"name":"Avaleht","item":"https:\/\/tene.ee\/de\/"},{"@type":"ListItem","position":2,"name":"Produkte","item":"https:\/\/tene.ee\/de\/shop\/"},{"@type":"ListItem","position":3,"name":"Gartenhaus Burgos 70\u00a0mm"}]},{"@type":"WebSite","@id":"https:\/\/tene.ee\/de\/#website","url":"https:\/\/tene.ee\/de\/","name":"Tene.ee - Kaunite hetkede jaoks sinu aias","description":"Tene.ee - parimad puit- ja aiamajad otse tootjalt","publisher":{"@id":"https:\/\/tene.ee\/de\/#organization"},"alternateName":"Tene.ee","potentialAction":[{"@type":"SearchAction","target":{"@type":"EntryPoint","urlTemplate":"https:\/\/tene.ee\/de\/?s={search_term_string}"},"query-input":{"@type":"PropertyValueSpecification","valueRequired":true,"valueName":"search_term_string"}}],"inLanguage":"de"},{"@type":"Organization","@id":"https:\/\/tene.ee\/de\/#organization","name":"Tene.ee","url":"https:\/\/tene.ee\/de\/","logo":{"@type":"ImageObject","inLanguage":"de","@id":"https:\/\/tene.ee\/de\/#\/schema\/logo\/image\/","url":"https:\/\/tene.ee\/wp-content\/uploads\/2024\/12\/TENE-logo-2018-2.png","contentUrl":"https:\/\/tene.ee\/wp-content\/uploads\/2024\/12\/TENE-logo-2018-2.png","width":2339,"height":1654,"caption":"Tene.ee"},"image":{"@id":"https:\/\/tene.ee\/de\/#\/schema\/logo\/image\/"},"sameAs":["https:\/\/www.facebook.com\/teneaiamajad"]}]}},"_links":{"self":[{"href":"https:\/\/tene.ee\/de\/wp-json\/wp\/v2\/product\/16576","targetHints":{"allow":["GET"]}}],"collection":[{"href":"https:\/\/tene.ee\/de\/wp-json\/wp\/v2\/product"}],"about":[{"href":"https:\/\/tene.ee\/de\/wp-json\/wp\/v2\/types\/product"}],"wp:featuredmedia":[{"embeddable":true,"href":"https:\/\/tene.ee\/de\/wp-json\/wp\/v2\/media\/4227"}],"wp:attachment":[{"href":"https:\/\/tene.ee\/de\/wp-json\/wp\/v2\/media?parent=16576"}],"wp:term":[{"taxonomy":"product_brand","embeddable":true,"href":"https:\/\/tene.ee\/de\/wp-json\/wp\/v2\/product_brand?post=16576"},{"taxonomy":"product_cat","embeddable":true,"href":"https:\/\/tene.ee\/de\/wp-json\/wp\/v2\/product_cat?post=16576"},{"taxonomy":"product_tag","embeddable":true,"href":"https:\/\/tene.ee\/de\/wp-json\/wp\/v2\/product_tag?post=16576"}],"curies":[{"name":"wp","href":"https:\/\/api.w.org\/{rel}","templated":true}]}}