{"id":16354,"date":"2024-07-12T16:19:39","date_gmt":"2024-07-12T13:19:39","guid":{"rendered":"https:\/\/tene.ee\/toode\/kaerusaun-maxi-sauna-ja-puhkeruumiga\/"},"modified":"2024-11-28T11:45:52","modified_gmt":"2024-11-28T09:45:52","slug":"kaerusaun-maxi-sauna-ja-puhkeruumiga","status":"publish","type":"product","link":"https:\/\/tene.ee\/de\/toode\/kaerusaun-maxi-sauna-ja-puhkeruumiga\/","title":{"rendered":"Sauna auf R\u00e4dern Maxi mit Sauna und Ruheraum"},"content":{"rendered":"<p>Die Saunen auf R\u00e4dern aus der Gartenhausfabrik Tene bieten die ausgezeichnete M\u00f6glichkeit, dort zu saunieren, wo es Beschr\u00e4nkungen gibt oder wo es nicht erlaubt ist, eine Sauna zu bauen. Saunen auf R\u00e4dern sind mobil, ganzj\u00e4hrig nutzbar und ben\u00f6tigen keine Baugenehmigung \u2013 einfach an das Auto anh\u00e4ngen, an ein Gew\u00e4sser fahren und genie\u00dfen. Wenn der Winter kommt, k\u00f6nnen Sie Ihre Sauna auf R\u00e4dern zum \u00dcberwintern auf Ihr Grundst\u00fcck bringen.<br \/>\nDie Saunen auf R\u00e4dern werden aus hochwertigem Fichtenholz gefertigt. Das Set umfasst eine Saunabank aus Espe, einen Holzofen sowie einen hochwertigen, in Finnland hergestellten Schornstein mit Wassertank und Filter.<\/p>\n<p><strong>Grundrahmen:<\/strong><br \/>\nAu\u00dfenma\u00dfe des Anh\u00e4ngers 200 x 480 cm<br \/>\nstabiler verzinkter Metallrahmen<br \/>\nzweiachsiger Anh\u00e4nger mit Bremsen<br \/>\nEckst\u00fctzen in vier Ecken<br \/>\nBeleuchtung<br \/>\nR\u00e4der 13\u2033<br \/>\nZul\u00e4ssige H\u00f6chstmasse des Anh\u00e4ngers 464\u00a0kg<br \/>\nLeergewicht (Grundgestell mit Sauna und Einrichtung) ca. 1.900\u00a0kg<br \/>\n<strong>Sauna:<\/strong><br \/>\n40\u00a0mm starke Blockw\u00e4nde<br \/>\nSauna aus naturbelassener Fichte, unlackiert, mit Schimmelschutzmittel behandelt<br \/>\nMetallgewindestangen in den Ecken<br \/>\nBedachung aus schwarzen Wabenschindeln<br \/>\nDoppelbretter auf dem Dach und 50\u00a0mm Wolle zur Isolierung<br \/>\nHolzofen mit verglaster T\u00fcr, Saunasteine, in den Schornstein integrierter Wassertank, hochwertiger Schornstein mit Klappe, Ofengeh\u00e4use und Boden<br \/>\nSaunabank aus Espe mit Stufenbank, R\u00fcckenlehne, Ofenbegrenzung<br \/>\nzu \u00f6ffnende Fenster mit Hartglas<br \/>\nabschlie\u00dfbare T\u00fcr mit Hartglas<br \/>\nWasserrinne im Boden des Schwitzraumes, durch die Wasch- und Badewasser abgeleitet werden kann<br \/>\nBox f\u00fcr Zubeh\u00f6r<br \/>\nDer Vorraum der Sauna ist nicht m\u00f6bliert; die Fotos dienen der Veranschaulichung.<br \/>\nF\u00fcr das Abstellen Ihrer Sauna ist keine Baugenehmigung erforderlich.<br \/>\nF\u00fcr den Anh\u00e4nger ist ein F\u00fchrerschein der Klasse\u00a0BE erforderlich.\u2028\u2028<\/p>\n","protected":false},"excerpt":{"rendered":"<p>Zweiachsige Sauna auf R\u00e4dern bereit f\u00fcr Ihr Saunaerlebnis.<br \/>\nHolzofen, Saunabank aus Espe und hochwertiger Schornstein mit integriertem Wassertank.<\/p>\n","protected":false},"featured_media":6459,"template":"","meta":{"_acf_changed":false},"product_brand":[],"product_cat":[314,322],"product_tag":[],"class_list":{"0":"post-16354","1":"product","2":"type-product","3":"status-publish","4":"has-post-thumbnail","6":"product_cat-saunen","7":"product_cat-saunen-auf-radern","8":"pa_iseloomustus-2-raum","9":"pa_iseloomustus-rechteck-haeuser","10":"pa_katuse-tuup-satteldach","11":"pa_pindala-0-10-m2-de","12":"pa_seina-paksus-40-mm-de","14":"first","15":"onbackorder","16":"sale","17":"purchasable","18":"product-type-simple"},"acf":[],"yoast_head":"<!-- This site is optimized with the Yoast SEO plugin v27.3 - https:\/\/yoast.com\/product\/yoast-seo-wordpress\/ -->\n<title>Tene.ee - Sauna auf R\u00e4dern Maxi mit Sauna und Ruheraum<\/title>\n<meta name=\"description\" content=\"Tene.ee Sauna auf R\u00e4dern Maxi mit Sauna und Ruheraum\" \/>\n<meta name=\"robots\" content=\"index, follow, max-snippet:-1, max-image-preview:large, max-video-preview:-1\" \/>\n<link rel=\"canonical\" href=\"https:\/\/tene.ee\/de\/toode\/kaerusaun-maxi-sauna-ja-puhkeruumiga\/\" \/>\n<meta property=\"og:locale\" content=\"de_DE\" \/>\n<meta property=\"og:type\" content=\"article\" \/>\n<meta property=\"og:title\" content=\"Tene.ee - Sauna auf R\u00e4dern Maxi mit Sauna und Ruheraum\" \/>\n<meta property=\"og:description\" content=\"Tene.ee Sauna auf R\u00e4dern Maxi mit Sauna und Ruheraum\" \/>\n<meta property=\"og:url\" content=\"https:\/\/tene.ee\/de\/toode\/kaerusaun-maxi-sauna-ja-puhkeruumiga\/\" \/>\n<meta property=\"og:site_name\" content=\"Tene.ee\" \/>\n<meta property=\"article:publisher\" content=\"https:\/\/www.facebook.com\/teneaiamajad\" \/>\n<meta property=\"article:modified_time\" content=\"2024-11-28T09:45:52+00:00\" \/>\n<meta property=\"og:image\" content=\"https:\/\/tene.ee\/wp-content\/uploads\/2024\/07\/Karrysauna-Maxi.jpg\" \/>\n\t<meta property=\"og:image:width\" content=\"2500\" \/>\n\t<meta property=\"og:image:height\" content=\"1667\" \/>\n\t<meta property=\"og:image:type\" content=\"image\/jpeg\" \/>\n<meta name=\"twitter:card\" content=\"summary_large_image\" \/>\n<meta name=\"twitter:label1\" content=\"Gesch\u00e4tzte Lesezeit\" \/>\n\t<meta name=\"twitter:data1\" content=\"1\u00a0Minute\" \/>\n<script type=\"application\/ld+json\" class=\"yoast-schema-graph\">{\"@context\":\"https:\\\/\\\/schema.org\",\"@graph\":[{\"@type\":\"WebPage\",\"@id\":\"https:\\\/\\\/tene.ee\\\/de\\\/toode\\\/kaerusaun-maxi-sauna-ja-puhkeruumiga\\\/\",\"url\":\"https:\\\/\\\/tene.ee\\\/de\\\/toode\\\/kaerusaun-maxi-sauna-ja-puhkeruumiga\\\/\",\"name\":\"Tene.ee - Sauna auf R\u00e4dern Maxi mit Sauna und Ruheraum\",\"isPartOf\":{\"@id\":\"https:\\\/\\\/tene.ee\\\/de\\\/#website\"},\"primaryImageOfPage\":{\"@id\":\"https:\\\/\\\/tene.ee\\\/de\\\/toode\\\/kaerusaun-maxi-sauna-ja-puhkeruumiga\\\/#primaryimage\"},\"image\":{\"@id\":\"https:\\\/\\\/tene.ee\\\/de\\\/toode\\\/kaerusaun-maxi-sauna-ja-puhkeruumiga\\\/#primaryimage\"},\"thumbnailUrl\":\"https:\\\/\\\/tene.ee\\\/wp-content\\\/uploads\\\/2024\\\/07\\\/Karrysauna-Maxi.jpg\",\"datePublished\":\"2024-07-12T13:19:39+00:00\",\"dateModified\":\"2024-11-28T09:45:52+00:00\",\"description\":\"Tene.ee Sauna auf R\u00e4dern Maxi mit Sauna und Ruheraum\",\"breadcrumb\":{\"@id\":\"https:\\\/\\\/tene.ee\\\/de\\\/toode\\\/kaerusaun-maxi-sauna-ja-puhkeruumiga\\\/#breadcrumb\"},\"inLanguage\":\"de\",\"potentialAction\":[{\"@type\":\"ReadAction\",\"target\":[\"https:\\\/\\\/tene.ee\\\/de\\\/toode\\\/kaerusaun-maxi-sauna-ja-puhkeruumiga\\\/\"]}]},{\"@type\":\"ImageObject\",\"inLanguage\":\"de\",\"@id\":\"https:\\\/\\\/tene.ee\\\/de\\\/toode\\\/kaerusaun-maxi-sauna-ja-puhkeruumiga\\\/#primaryimage\",\"url\":\"https:\\\/\\\/tene.ee\\\/wp-content\\\/uploads\\\/2024\\\/07\\\/Karrysauna-Maxi.jpg\",\"contentUrl\":\"https:\\\/\\\/tene.ee\\\/wp-content\\\/uploads\\\/2024\\\/07\\\/Karrysauna-Maxi.jpg\",\"width\":2500,\"height\":1667},{\"@type\":\"BreadcrumbList\",\"@id\":\"https:\\\/\\\/tene.ee\\\/de\\\/toode\\\/kaerusaun-maxi-sauna-ja-puhkeruumiga\\\/#breadcrumb\",\"itemListElement\":[{\"@type\":\"ListItem\",\"position\":1,\"name\":\"Avaleht\",\"item\":\"https:\\\/\\\/tene.ee\\\/de\\\/\"},{\"@type\":\"ListItem\",\"position\":2,\"name\":\"Produkte\",\"item\":\"https:\\\/\\\/tene.ee\\\/de\\\/shop\\\/\"},{\"@type\":\"ListItem\",\"position\":3,\"name\":\"Sauna auf R\u00e4dern Maxi mit Sauna und Ruheraum\"}]},{\"@type\":\"WebSite\",\"@id\":\"https:\\\/\\\/tene.ee\\\/de\\\/#website\",\"url\":\"https:\\\/\\\/tene.ee\\\/de\\\/\",\"name\":\"Tene.ee - Kaunite hetkede jaoks sinu aias\",\"description\":\"Tene.ee - parimad puit- ja aiamajad otse tootjalt\",\"publisher\":{\"@id\":\"https:\\\/\\\/tene.ee\\\/de\\\/#organization\"},\"alternateName\":\"Tene.ee\",\"potentialAction\":[{\"@type\":\"SearchAction\",\"target\":{\"@type\":\"EntryPoint\",\"urlTemplate\":\"https:\\\/\\\/tene.ee\\\/de\\\/?s={search_term_string}\"},\"query-input\":{\"@type\":\"PropertyValueSpecification\",\"valueRequired\":true,\"valueName\":\"search_term_string\"}}],\"inLanguage\":\"de\"},{\"@type\":\"Organization\",\"@id\":\"https:\\\/\\\/tene.ee\\\/de\\\/#organization\",\"name\":\"Tene.ee\",\"url\":\"https:\\\/\\\/tene.ee\\\/de\\\/\",\"logo\":{\"@type\":\"ImageObject\",\"inLanguage\":\"de\",\"@id\":\"https:\\\/\\\/tene.ee\\\/de\\\/#\\\/schema\\\/logo\\\/image\\\/\",\"url\":\"https:\\\/\\\/tene.ee\\\/wp-content\\\/uploads\\\/2024\\\/12\\\/TENE-logo-2018-2.png\",\"contentUrl\":\"https:\\\/\\\/tene.ee\\\/wp-content\\\/uploads\\\/2024\\\/12\\\/TENE-logo-2018-2.png\",\"width\":2339,\"height\":1654,\"caption\":\"Tene.ee\"},\"image\":{\"@id\":\"https:\\\/\\\/tene.ee\\\/de\\\/#\\\/schema\\\/logo\\\/image\\\/\"},\"sameAs\":[\"https:\\\/\\\/www.facebook.com\\\/teneaiamajad\"]}]}<\/script>\n<!-- \/ Yoast SEO plugin. -->","yoast_head_json":{"title":"Tene.ee - Sauna auf R\u00e4dern Maxi mit Sauna und Ruheraum","description":"Tene.ee Sauna auf R\u00e4dern Maxi mit Sauna und Ruheraum","robots":{"index":"index","follow":"follow","max-snippet":"max-snippet:-1","max-image-preview":"max-image-preview:large","max-video-preview":"max-video-preview:-1"},"canonical":"https:\/\/tene.ee\/de\/toode\/kaerusaun-maxi-sauna-ja-puhkeruumiga\/","og_locale":"de_DE","og_type":"article","og_title":"Tene.ee - Sauna auf R\u00e4dern Maxi mit Sauna und Ruheraum","og_description":"Tene.ee Sauna auf R\u00e4dern Maxi mit Sauna und Ruheraum","og_url":"https:\/\/tene.ee\/de\/toode\/kaerusaun-maxi-sauna-ja-puhkeruumiga\/","og_site_name":"Tene.ee","article_publisher":"https:\/\/www.facebook.com\/teneaiamajad","article_modified_time":"2024-11-28T09:45:52+00:00","og_image":[{"width":2500,"height":1667,"url":"https:\/\/tene.ee\/wp-content\/uploads\/2024\/07\/Karrysauna-Maxi.jpg","type":"image\/jpeg"}],"twitter_card":"summary_large_image","twitter_misc":{"Gesch\u00e4tzte Lesezeit":"1\u00a0Minute"},"schema":{"@context":"https:\/\/schema.org","@graph":[{"@type":"WebPage","@id":"https:\/\/tene.ee\/de\/toode\/kaerusaun-maxi-sauna-ja-puhkeruumiga\/","url":"https:\/\/tene.ee\/de\/toode\/kaerusaun-maxi-sauna-ja-puhkeruumiga\/","name":"Tene.ee - Sauna auf R\u00e4dern Maxi mit Sauna und Ruheraum","isPartOf":{"@id":"https:\/\/tene.ee\/de\/#website"},"primaryImageOfPage":{"@id":"https:\/\/tene.ee\/de\/toode\/kaerusaun-maxi-sauna-ja-puhkeruumiga\/#primaryimage"},"image":{"@id":"https:\/\/tene.ee\/de\/toode\/kaerusaun-maxi-sauna-ja-puhkeruumiga\/#primaryimage"},"thumbnailUrl":"https:\/\/tene.ee\/wp-content\/uploads\/2024\/07\/Karrysauna-Maxi.jpg","datePublished":"2024-07-12T13:19:39+00:00","dateModified":"2024-11-28T09:45:52+00:00","description":"Tene.ee Sauna auf R\u00e4dern Maxi mit Sauna und Ruheraum","breadcrumb":{"@id":"https:\/\/tene.ee\/de\/toode\/kaerusaun-maxi-sauna-ja-puhkeruumiga\/#breadcrumb"},"inLanguage":"de","potentialAction":[{"@type":"ReadAction","target":["https:\/\/tene.ee\/de\/toode\/kaerusaun-maxi-sauna-ja-puhkeruumiga\/"]}]},{"@type":"ImageObject","inLanguage":"de","@id":"https:\/\/tene.ee\/de\/toode\/kaerusaun-maxi-sauna-ja-puhkeruumiga\/#primaryimage","url":"https:\/\/tene.ee\/wp-content\/uploads\/2024\/07\/Karrysauna-Maxi.jpg","contentUrl":"https:\/\/tene.ee\/wp-content\/uploads\/2024\/07\/Karrysauna-Maxi.jpg","width":2500,"height":1667},{"@type":"BreadcrumbList","@id":"https:\/\/tene.ee\/de\/toode\/kaerusaun-maxi-sauna-ja-puhkeruumiga\/#breadcrumb","itemListElement":[{"@type":"ListItem","position":1,"name":"Avaleht","item":"https:\/\/tene.ee\/de\/"},{"@type":"ListItem","position":2,"name":"Produkte","item":"https:\/\/tene.ee\/de\/shop\/"},{"@type":"ListItem","position":3,"name":"Sauna auf R\u00e4dern Maxi mit Sauna und Ruheraum"}]},{"@type":"WebSite","@id":"https:\/\/tene.ee\/de\/#website","url":"https:\/\/tene.ee\/de\/","name":"Tene.ee - Kaunite hetkede jaoks sinu aias","description":"Tene.ee - parimad puit- ja aiamajad otse tootjalt","publisher":{"@id":"https:\/\/tene.ee\/de\/#organization"},"alternateName":"Tene.ee","potentialAction":[{"@type":"SearchAction","target":{"@type":"EntryPoint","urlTemplate":"https:\/\/tene.ee\/de\/?s={search_term_string}"},"query-input":{"@type":"PropertyValueSpecification","valueRequired":true,"valueName":"search_term_string"}}],"inLanguage":"de"},{"@type":"Organization","@id":"https:\/\/tene.ee\/de\/#organization","name":"Tene.ee","url":"https:\/\/tene.ee\/de\/","logo":{"@type":"ImageObject","inLanguage":"de","@id":"https:\/\/tene.ee\/de\/#\/schema\/logo\/image\/","url":"https:\/\/tene.ee\/wp-content\/uploads\/2024\/12\/TENE-logo-2018-2.png","contentUrl":"https:\/\/tene.ee\/wp-content\/uploads\/2024\/12\/TENE-logo-2018-2.png","width":2339,"height":1654,"caption":"Tene.ee"},"image":{"@id":"https:\/\/tene.ee\/de\/#\/schema\/logo\/image\/"},"sameAs":["https:\/\/www.facebook.com\/teneaiamajad"]}]}},"_links":{"self":[{"href":"https:\/\/tene.ee\/de\/wp-json\/wp\/v2\/product\/16354","targetHints":{"allow":["GET"]}}],"collection":[{"href":"https:\/\/tene.ee\/de\/wp-json\/wp\/v2\/product"}],"about":[{"href":"https:\/\/tene.ee\/de\/wp-json\/wp\/v2\/types\/product"}],"wp:featuredmedia":[{"embeddable":true,"href":"https:\/\/tene.ee\/de\/wp-json\/wp\/v2\/media\/6459"}],"wp:attachment":[{"href":"https:\/\/tene.ee\/de\/wp-json\/wp\/v2\/media?parent=16354"}],"wp:term":[{"taxonomy":"product_brand","embeddable":true,"href":"https:\/\/tene.ee\/de\/wp-json\/wp\/v2\/product_brand?post=16354"},{"taxonomy":"product_cat","embeddable":true,"href":"https:\/\/tene.ee\/de\/wp-json\/wp\/v2\/product_cat?post=16354"},{"taxonomy":"product_tag","embeddable":true,"href":"https:\/\/tene.ee\/de\/wp-json\/wp\/v2\/product_tag?post=16354"}],"curies":[{"name":"wp","href":"https:\/\/api.w.org\/{rel}","templated":true}]}}