{"id":16348,"date":"2024-07-12T16:19:39","date_gmt":"2024-07-12T13:19:39","guid":{"rendered":"https:\/\/tene.ee\/toode\/puidust-garaaz-mikkeli-70-mm\/"},"modified":"2024-11-28T11:45:09","modified_gmt":"2024-11-28T09:45:09","slug":"puidust-garaaz-mikkeli-70-mm","status":"publish","type":"product","link":"https:\/\/tene.ee\/de\/toode\/puidust-garaaz-mikkeli-70-mm\/","title":{"rendered":"Holzgarage Mikkeli 70 mm"},"content":{"rendered":"<p>Die im Werk f\u00fcr Garten- und Holzh\u00e4user von Tene hergestellten Gartenh\u00e4user, Blockh\u00e4user, Unterst\u00e4nde, Pavillons, Saunen, Gartenlauben, Grillh\u00e4user und Holzgaragen werden komplett mit T\u00fcren, Fenstern, Boden, Befestigungselementen und Montageanleitung geliefert, was den Aufbau des Gartenhauses einfach und zeitsparend macht.<\/p>\n<p><strong>Je nach Modell umfasst das Set einer Tene Holzgarage mit 70 mm Wandst\u00e4rke Folgendes:<\/strong><\/p>\n<p>100\u00a0% Fichtenholz nordischer Qualit\u00e4t<br \/>\nT\u00fcren und Fenster aus extratrockenem (8\u201312\u00a0%) Brettschichtholz<br \/>\nFenster mit verglaster Einheit (1\u00a0x Doppelfenster mit einer Dreh-Kipp-Seite und einer Kipp-Seite, 3\u00a0x nicht zu \u00f6ffnende Fenster, 1\u00a0x Dreh-Kipp-Fenster)<br \/>\nT\u00fcr mit verglaster Einheit, inkl. Beschl\u00e4ge<br \/>\nGaragentor aus Brettern, inkl. Beschl\u00e4ge<br \/>\nDecke aus 18\u00a0mm starken Profilbrettern<br \/>\nim Autoklaven impr\u00e4gnierte Fundamentbalken<br \/>\nSturmleisten<br \/>\nBefestigungselemente (N\u00e4gel und Schrauben)<br \/>\nMontageanleitung<\/p>\n","protected":false},"excerpt":{"rendered":"<p>Enthalten sind eine T\u00fcr und Fenster aus Brettschichtholz mit verglaster Einheit, ein Garagentor, impr\u00e4gnierte Fundamentbalken, Befestigungselemente und eine Montageanleitung.<\/p>\n","protected":false},"featured_media":6315,"template":"","meta":{"_acf_changed":false},"product_brand":[],"product_cat":[329,330],"product_tag":[],"class_list":{"0":"post-16348","1":"product","2":"type-product","3":"status-publish","4":"has-post-thumbnail","6":"product_cat-holzgaragen","7":"product_cat-holzgaragen-70mm","8":"pa_iseloomustus-1-raum","9":"pa_iseloomustus-rechteck-haeuser","10":"pa_katuse-tuup-satteldach","11":"pa_pindala-20-40-m2-de","12":"pa_seina-paksus-70-mm-de","14":"first","15":"onbackorder","16":"sale","17":"purchasable","18":"product-type-simple"},"acf":[],"yoast_head":"<!-- This site is optimized with the Yoast SEO plugin v27.3 - https:\/\/yoast.com\/product\/yoast-seo-wordpress\/ -->\n<title>Tene.ee - Holzgarage Mikkeli 70 mm<\/title>\n<meta name=\"description\" content=\"Tene.ee Holzgarage Mikkeli 70 mm\" \/>\n<meta name=\"robots\" content=\"index, follow, max-snippet:-1, max-image-preview:large, max-video-preview:-1\" \/>\n<link rel=\"canonical\" href=\"https:\/\/tene.ee\/de\/toode\/puidust-garaaz-mikkeli-70-mm\/\" \/>\n<meta property=\"og:locale\" content=\"de_DE\" \/>\n<meta property=\"og:type\" content=\"article\" \/>\n<meta property=\"og:title\" content=\"Tene.ee - Holzgarage Mikkeli 70 mm\" \/>\n<meta property=\"og:description\" content=\"Tene.ee Holzgarage Mikkeli 70 mm\" \/>\n<meta property=\"og:url\" content=\"https:\/\/tene.ee\/de\/toode\/puidust-garaaz-mikkeli-70-mm\/\" \/>\n<meta property=\"og:site_name\" content=\"Tene.ee\" \/>\n<meta property=\"article:publisher\" content=\"https:\/\/www.facebook.com\/teneaiamajad\" \/>\n<meta property=\"article:modified_time\" content=\"2024-11-28T09:45:09+00:00\" \/>\n<meta property=\"og:image\" content=\"http:\/\/tene.ee\/wp-content\/uploads\/2024\/07\/Garage_Mikkeli-3.jpg\" \/>\n\t<meta property=\"og:image:width\" content=\"1600\" \/>\n\t<meta property=\"og:image:height\" content=\"1067\" \/>\n\t<meta property=\"og:image:type\" content=\"image\/jpeg\" \/>\n<meta name=\"twitter:card\" content=\"summary_large_image\" \/>\n<meta name=\"twitter:label1\" content=\"Gesch\u00e4tzte Lesezeit\" \/>\n\t<meta name=\"twitter:data1\" content=\"1\u00a0Minute\" \/>\n<script type=\"application\/ld+json\" class=\"yoast-schema-graph\">{\"@context\":\"https:\\\/\\\/schema.org\",\"@graph\":[{\"@type\":\"WebPage\",\"@id\":\"https:\\\/\\\/tene.ee\\\/de\\\/toode\\\/puidust-garaaz-mikkeli-70-mm\\\/\",\"url\":\"https:\\\/\\\/tene.ee\\\/de\\\/toode\\\/puidust-garaaz-mikkeli-70-mm\\\/\",\"name\":\"Tene.ee - Holzgarage Mikkeli 70 mm\",\"isPartOf\":{\"@id\":\"https:\\\/\\\/tene.ee\\\/de\\\/#website\"},\"primaryImageOfPage\":{\"@id\":\"https:\\\/\\\/tene.ee\\\/de\\\/toode\\\/puidust-garaaz-mikkeli-70-mm\\\/#primaryimage\"},\"image\":{\"@id\":\"https:\\\/\\\/tene.ee\\\/de\\\/toode\\\/puidust-garaaz-mikkeli-70-mm\\\/#primaryimage\"},\"thumbnailUrl\":\"https:\\\/\\\/tene.ee\\\/wp-content\\\/uploads\\\/2024\\\/07\\\/Garage_Mikkeli-3.jpg\",\"datePublished\":\"2024-07-12T13:19:39+00:00\",\"dateModified\":\"2024-11-28T09:45:09+00:00\",\"description\":\"Tene.ee Holzgarage Mikkeli 70 mm\",\"breadcrumb\":{\"@id\":\"https:\\\/\\\/tene.ee\\\/de\\\/toode\\\/puidust-garaaz-mikkeli-70-mm\\\/#breadcrumb\"},\"inLanguage\":\"de\",\"potentialAction\":[{\"@type\":\"ReadAction\",\"target\":[\"https:\\\/\\\/tene.ee\\\/de\\\/toode\\\/puidust-garaaz-mikkeli-70-mm\\\/\"]}]},{\"@type\":\"ImageObject\",\"inLanguage\":\"de\",\"@id\":\"https:\\\/\\\/tene.ee\\\/de\\\/toode\\\/puidust-garaaz-mikkeli-70-mm\\\/#primaryimage\",\"url\":\"https:\\\/\\\/tene.ee\\\/wp-content\\\/uploads\\\/2024\\\/07\\\/Garage_Mikkeli-3.jpg\",\"contentUrl\":\"https:\\\/\\\/tene.ee\\\/wp-content\\\/uploads\\\/2024\\\/07\\\/Garage_Mikkeli-3.jpg\",\"width\":1600,\"height\":1067},{\"@type\":\"BreadcrumbList\",\"@id\":\"https:\\\/\\\/tene.ee\\\/de\\\/toode\\\/puidust-garaaz-mikkeli-70-mm\\\/#breadcrumb\",\"itemListElement\":[{\"@type\":\"ListItem\",\"position\":1,\"name\":\"Avaleht\",\"item\":\"https:\\\/\\\/tene.ee\\\/de\\\/\"},{\"@type\":\"ListItem\",\"position\":2,\"name\":\"Produkte\",\"item\":\"https:\\\/\\\/tene.ee\\\/de\\\/shop\\\/\"},{\"@type\":\"ListItem\",\"position\":3,\"name\":\"Holzgarage Mikkeli 70 mm\"}]},{\"@type\":\"WebSite\",\"@id\":\"https:\\\/\\\/tene.ee\\\/de\\\/#website\",\"url\":\"https:\\\/\\\/tene.ee\\\/de\\\/\",\"name\":\"Tene.ee - Kaunite hetkede jaoks sinu aias\",\"description\":\"Tene.ee - parimad puit- ja aiamajad otse tootjalt\",\"publisher\":{\"@id\":\"https:\\\/\\\/tene.ee\\\/de\\\/#organization\"},\"alternateName\":\"Tene.ee\",\"potentialAction\":[{\"@type\":\"SearchAction\",\"target\":{\"@type\":\"EntryPoint\",\"urlTemplate\":\"https:\\\/\\\/tene.ee\\\/de\\\/?s={search_term_string}\"},\"query-input\":{\"@type\":\"PropertyValueSpecification\",\"valueRequired\":true,\"valueName\":\"search_term_string\"}}],\"inLanguage\":\"de\"},{\"@type\":\"Organization\",\"@id\":\"https:\\\/\\\/tene.ee\\\/de\\\/#organization\",\"name\":\"Tene.ee\",\"url\":\"https:\\\/\\\/tene.ee\\\/de\\\/\",\"logo\":{\"@type\":\"ImageObject\",\"inLanguage\":\"de\",\"@id\":\"https:\\\/\\\/tene.ee\\\/de\\\/#\\\/schema\\\/logo\\\/image\\\/\",\"url\":\"https:\\\/\\\/tene.ee\\\/wp-content\\\/uploads\\\/2024\\\/12\\\/TENE-logo-2018-2.png\",\"contentUrl\":\"https:\\\/\\\/tene.ee\\\/wp-content\\\/uploads\\\/2024\\\/12\\\/TENE-logo-2018-2.png\",\"width\":2339,\"height\":1654,\"caption\":\"Tene.ee\"},\"image\":{\"@id\":\"https:\\\/\\\/tene.ee\\\/de\\\/#\\\/schema\\\/logo\\\/image\\\/\"},\"sameAs\":[\"https:\\\/\\\/www.facebook.com\\\/teneaiamajad\"]}]}<\/script>\n<!-- \/ Yoast SEO plugin. -->","yoast_head_json":{"title":"Tene.ee - Holzgarage Mikkeli 70 mm","description":"Tene.ee Holzgarage Mikkeli 70 mm","robots":{"index":"index","follow":"follow","max-snippet":"max-snippet:-1","max-image-preview":"max-image-preview:large","max-video-preview":"max-video-preview:-1"},"canonical":"https:\/\/tene.ee\/de\/toode\/puidust-garaaz-mikkeli-70-mm\/","og_locale":"de_DE","og_type":"article","og_title":"Tene.ee - Holzgarage Mikkeli 70 mm","og_description":"Tene.ee Holzgarage Mikkeli 70 mm","og_url":"https:\/\/tene.ee\/de\/toode\/puidust-garaaz-mikkeli-70-mm\/","og_site_name":"Tene.ee","article_publisher":"https:\/\/www.facebook.com\/teneaiamajad","article_modified_time":"2024-11-28T09:45:09+00:00","og_image":[{"width":1600,"height":1067,"url":"http:\/\/tene.ee\/wp-content\/uploads\/2024\/07\/Garage_Mikkeli-3.jpg","type":"image\/jpeg"}],"twitter_card":"summary_large_image","twitter_misc":{"Gesch\u00e4tzte Lesezeit":"1\u00a0Minute"},"schema":{"@context":"https:\/\/schema.org","@graph":[{"@type":"WebPage","@id":"https:\/\/tene.ee\/de\/toode\/puidust-garaaz-mikkeli-70-mm\/","url":"https:\/\/tene.ee\/de\/toode\/puidust-garaaz-mikkeli-70-mm\/","name":"Tene.ee - Holzgarage Mikkeli 70 mm","isPartOf":{"@id":"https:\/\/tene.ee\/de\/#website"},"primaryImageOfPage":{"@id":"https:\/\/tene.ee\/de\/toode\/puidust-garaaz-mikkeli-70-mm\/#primaryimage"},"image":{"@id":"https:\/\/tene.ee\/de\/toode\/puidust-garaaz-mikkeli-70-mm\/#primaryimage"},"thumbnailUrl":"https:\/\/tene.ee\/wp-content\/uploads\/2024\/07\/Garage_Mikkeli-3.jpg","datePublished":"2024-07-12T13:19:39+00:00","dateModified":"2024-11-28T09:45:09+00:00","description":"Tene.ee Holzgarage Mikkeli 70 mm","breadcrumb":{"@id":"https:\/\/tene.ee\/de\/toode\/puidust-garaaz-mikkeli-70-mm\/#breadcrumb"},"inLanguage":"de","potentialAction":[{"@type":"ReadAction","target":["https:\/\/tene.ee\/de\/toode\/puidust-garaaz-mikkeli-70-mm\/"]}]},{"@type":"ImageObject","inLanguage":"de","@id":"https:\/\/tene.ee\/de\/toode\/puidust-garaaz-mikkeli-70-mm\/#primaryimage","url":"https:\/\/tene.ee\/wp-content\/uploads\/2024\/07\/Garage_Mikkeli-3.jpg","contentUrl":"https:\/\/tene.ee\/wp-content\/uploads\/2024\/07\/Garage_Mikkeli-3.jpg","width":1600,"height":1067},{"@type":"BreadcrumbList","@id":"https:\/\/tene.ee\/de\/toode\/puidust-garaaz-mikkeli-70-mm\/#breadcrumb","itemListElement":[{"@type":"ListItem","position":1,"name":"Avaleht","item":"https:\/\/tene.ee\/de\/"},{"@type":"ListItem","position":2,"name":"Produkte","item":"https:\/\/tene.ee\/de\/shop\/"},{"@type":"ListItem","position":3,"name":"Holzgarage Mikkeli 70 mm"}]},{"@type":"WebSite","@id":"https:\/\/tene.ee\/de\/#website","url":"https:\/\/tene.ee\/de\/","name":"Tene.ee - Kaunite hetkede jaoks sinu aias","description":"Tene.ee - parimad puit- ja aiamajad otse tootjalt","publisher":{"@id":"https:\/\/tene.ee\/de\/#organization"},"alternateName":"Tene.ee","potentialAction":[{"@type":"SearchAction","target":{"@type":"EntryPoint","urlTemplate":"https:\/\/tene.ee\/de\/?s={search_term_string}"},"query-input":{"@type":"PropertyValueSpecification","valueRequired":true,"valueName":"search_term_string"}}],"inLanguage":"de"},{"@type":"Organization","@id":"https:\/\/tene.ee\/de\/#organization","name":"Tene.ee","url":"https:\/\/tene.ee\/de\/","logo":{"@type":"ImageObject","inLanguage":"de","@id":"https:\/\/tene.ee\/de\/#\/schema\/logo\/image\/","url":"https:\/\/tene.ee\/wp-content\/uploads\/2024\/12\/TENE-logo-2018-2.png","contentUrl":"https:\/\/tene.ee\/wp-content\/uploads\/2024\/12\/TENE-logo-2018-2.png","width":2339,"height":1654,"caption":"Tene.ee"},"image":{"@id":"https:\/\/tene.ee\/de\/#\/schema\/logo\/image\/"},"sameAs":["https:\/\/www.facebook.com\/teneaiamajad"]}]}},"_links":{"self":[{"href":"https:\/\/tene.ee\/de\/wp-json\/wp\/v2\/product\/16348","targetHints":{"allow":["GET"]}}],"collection":[{"href":"https:\/\/tene.ee\/de\/wp-json\/wp\/v2\/product"}],"about":[{"href":"https:\/\/tene.ee\/de\/wp-json\/wp\/v2\/types\/product"}],"wp:featuredmedia":[{"embeddable":true,"href":"https:\/\/tene.ee\/de\/wp-json\/wp\/v2\/media\/6315"}],"wp:attachment":[{"href":"https:\/\/tene.ee\/de\/wp-json\/wp\/v2\/media?parent=16348"}],"wp:term":[{"taxonomy":"product_brand","embeddable":true,"href":"https:\/\/tene.ee\/de\/wp-json\/wp\/v2\/product_brand?post=16348"},{"taxonomy":"product_cat","embeddable":true,"href":"https:\/\/tene.ee\/de\/wp-json\/wp\/v2\/product_cat?post=16348"},{"taxonomy":"product_tag","embeddable":true,"href":"https:\/\/tene.ee\/de\/wp-json\/wp\/v2\/product_tag?post=16348"}],"curies":[{"name":"wp","href":"https:\/\/api.w.org\/{rel}","templated":true}]}}