{"id":16337,"date":"2024-07-12T16:20:40","date_gmt":"2024-07-12T13:20:40","guid":{"rendered":"https:\/\/tene.ee\/toode\/kuemblustuenn-premium-o-207-beez-graniit-kaanega\/"},"modified":"2024-11-28T11:45:54","modified_gmt":"2024-11-28T09:45:54","slug":"kuemblustuenn-premium-o-207-beez-graniit-kaanega","status":"publish","type":"product","link":"https:\/\/tene.ee\/de\/toode\/kuemblustuenn-premium-o-207-beez-graniit-kaanega\/","title":{"rendered":"Badezuber Premium, \u00d8 207 mit beigefarbenem Granitdeckel"},"content":{"rendered":"<p>Der Innenraum und der Deckel des Badezubers sind aus Rotationsguss-PE-Kunststoff (Polyethylen-Kunststoff) gefertigt. Die Sitzfl\u00e4che innen ist mit 40\u00a0cm Styropor isoliert.<\/p>\n<p>PE-Kunststoff ist sehr leicht sauber zu halten. Der Badezuber ist mit einem Abflussloch und einem Abflussrohr mit Hahn ausgestattet. Der Badezuber und der Deckel sind sehr witterungsbest\u00e4ndig und werden weder durch Hitze noch durch K\u00e4lte beeintr\u00e4chtigt. Dank des Badezuber-Deckels heizt sich das Wasser im Badezuber schneller auf. Bei geschlossenem Deckel gelangen weder Ablagerungen noch Schmutz in das Wasser des Badezubers.<\/p>\n<p>Der externe Ofen des Badezubers aus Marine-Aluminium kann mit max. 50\u00a0cm langem Holz beheizt werden. In diesem Fall betr\u00e4gt die Aufheizzeit ca. 3\u20133,5 Stunden. Beim Heizen mit Holzbriketts ist die Aufheizzeit ca. eine Stunde k\u00fcrzer (2,5\u20133,5\u00a0Stunden). Der Brikettverbrauch betr\u00e4gt ca. 25\u00a0kg. Die Zeit, die zum Aufheizen des Badezubers ben\u00f6tigt wird, h\u00e4ngt auch von der Jahreszeit ab. So kann die Aufheizzeit im Winter deutlich l\u00e4nger sein als im Sommer, wenn sich der Badezuber schneller aufheizen l\u00e4sst.<\/p>\n","protected":false},"excerpt":{"rendered":"<p>Badezuber mit Deckel f\u00fcr 8\u00a0Personen.<br \/>\nAu\u00dfenma\u00dfe des Badezubers \u00d8 207 cm<br \/>\nAu\u00dfenma\u00dfe des Badezubers mit Deckel 215 cm<br \/>\nFassungsverm\u00f6gen des Zubers 1650\u00a0L<br \/>\nH\u00f6he des Badezubers vom Boden 119 cm<br \/>\nH\u00f6he des Badezubers mit Deckel vom Boden 145 cm<br \/>\nExterner Ofen aus Marine-Aluminium (Ma\u00dfe 65 x 42 x 62 cm)<br \/>\nL\u00e4nge des Schornsteins 200 cm<br \/>\nMit Holzwachs veredelte Holzverschalung<br \/>\nInnenraum und Deckel in beigefarbenem Granit<br \/>\nWasserablass mit Wasserhahn<br \/>\nDie Zeit zum Erhitzen der Wassertemperatur von 5\u00a0\u00b0C auf 38\u00a0\u00b0C betr\u00e4gt mit 50 cm langem Holz ca. 4\u20134,5\u00a0Stunden (mit Holzbriketts ca. 3\u20133,5\u00a0Stunden)<br \/>\nGewicht des Badezubers mit Ofen ca. 300 kg<br \/>\nDer Grundrahmen des Badezubers besteht aus 45 x 70\u00a0cm impr\u00e4gniertem Holz<\/p>\n","protected":false},"featured_media":6819,"template":"","meta":{"_acf_changed":false},"product_brand":[],"product_cat":[317,321],"product_tag":[],"class_list":{"0":"post-16337","1":"product","2":"type-product","3":"status-publish","4":"has-post-thumbnail","6":"product_cat-badezuber","7":"product_cat-sofort-verfugbar","8":"pa_kumblustunni-diameeter-207-cm-de","10":"first","11":"onbackorder","12":"sale","13":"purchasable","14":"product-type-simple"},"acf":[],"yoast_head":"<!-- This site is optimized with the Yoast SEO plugin v27.3 - https:\/\/yoast.com\/product\/yoast-seo-wordpress\/ -->\n<title>Tene.ee - Badezuber Premium, \u00d8 207 mit beigefarbenem Granitdeckel<\/title>\n<meta name=\"description\" content=\"Tene.ee Badezuber Premium, \u00d8 207 mit beigefarbenem Granitdeckel\" \/>\n<meta name=\"robots\" content=\"index, follow, max-snippet:-1, max-image-preview:large, max-video-preview:-1\" \/>\n<link rel=\"canonical\" href=\"https:\/\/tene.ee\/de\/toode\/kuemblustuenn-premium-o-207-beez-graniit-kaanega\/\" \/>\n<meta property=\"og:locale\" content=\"de_DE\" \/>\n<meta property=\"og:type\" content=\"article\" \/>\n<meta property=\"og:title\" content=\"Tene.ee - Badezuber Premium, \u00d8 207 mit beigefarbenem Granitdeckel\" \/>\n<meta property=\"og:description\" content=\"Tene.ee Badezuber Premium, \u00d8 207 mit beigefarbenem Granitdeckel\" \/>\n<meta property=\"og:url\" content=\"https:\/\/tene.ee\/de\/toode\/kuemblustuenn-premium-o-207-beez-graniit-kaanega\/\" \/>\n<meta property=\"og:site_name\" content=\"Tene.ee\" \/>\n<meta property=\"article:publisher\" content=\"https:\/\/www.facebook.com\/teneaiamajad\" \/>\n<meta property=\"article:modified_time\" content=\"2024-11-28T09:45:54+00:00\" \/>\n<meta property=\"og:image\" content=\"https:\/\/tene.ee\/wp-content\/uploads\/2024\/07\/Kymblustynn_Premium207_beez.jpg\" \/>\n\t<meta property=\"og:image:width\" content=\"2500\" \/>\n\t<meta property=\"og:image:height\" content=\"1667\" \/>\n\t<meta property=\"og:image:type\" content=\"image\/jpeg\" \/>\n<meta name=\"twitter:card\" content=\"summary_large_image\" \/>\n<meta name=\"twitter:label1\" content=\"Gesch\u00e4tzte Lesezeit\" \/>\n\t<meta name=\"twitter:data1\" content=\"1\u00a0Minute\" \/>\n<script type=\"application\/ld+json\" class=\"yoast-schema-graph\">{\"@context\":\"https:\\\/\\\/schema.org\",\"@graph\":[{\"@type\":\"WebPage\",\"@id\":\"https:\\\/\\\/tene.ee\\\/de\\\/toode\\\/kuemblustuenn-premium-o-207-beez-graniit-kaanega\\\/\",\"url\":\"https:\\\/\\\/tene.ee\\\/de\\\/toode\\\/kuemblustuenn-premium-o-207-beez-graniit-kaanega\\\/\",\"name\":\"Tene.ee - Badezuber Premium, \u00d8 207 mit beigefarbenem Granitdeckel\",\"isPartOf\":{\"@id\":\"https:\\\/\\\/tene.ee\\\/de\\\/#website\"},\"primaryImageOfPage\":{\"@id\":\"https:\\\/\\\/tene.ee\\\/de\\\/toode\\\/kuemblustuenn-premium-o-207-beez-graniit-kaanega\\\/#primaryimage\"},\"image\":{\"@id\":\"https:\\\/\\\/tene.ee\\\/de\\\/toode\\\/kuemblustuenn-premium-o-207-beez-graniit-kaanega\\\/#primaryimage\"},\"thumbnailUrl\":\"https:\\\/\\\/tene.ee\\\/wp-content\\\/uploads\\\/2024\\\/07\\\/Kymblustynn_Premium207_beez.jpg\",\"datePublished\":\"2024-07-12T13:20:40+00:00\",\"dateModified\":\"2024-11-28T09:45:54+00:00\",\"description\":\"Tene.ee Badezuber Premium, \u00d8 207 mit beigefarbenem Granitdeckel\",\"breadcrumb\":{\"@id\":\"https:\\\/\\\/tene.ee\\\/de\\\/toode\\\/kuemblustuenn-premium-o-207-beez-graniit-kaanega\\\/#breadcrumb\"},\"inLanguage\":\"de\",\"potentialAction\":[{\"@type\":\"ReadAction\",\"target\":[\"https:\\\/\\\/tene.ee\\\/de\\\/toode\\\/kuemblustuenn-premium-o-207-beez-graniit-kaanega\\\/\"]}]},{\"@type\":\"ImageObject\",\"inLanguage\":\"de\",\"@id\":\"https:\\\/\\\/tene.ee\\\/de\\\/toode\\\/kuemblustuenn-premium-o-207-beez-graniit-kaanega\\\/#primaryimage\",\"url\":\"https:\\\/\\\/tene.ee\\\/wp-content\\\/uploads\\\/2024\\\/07\\\/Kymblustynn_Premium207_beez.jpg\",\"contentUrl\":\"https:\\\/\\\/tene.ee\\\/wp-content\\\/uploads\\\/2024\\\/07\\\/Kymblustynn_Premium207_beez.jpg\",\"width\":2500,\"height\":1667},{\"@type\":\"BreadcrumbList\",\"@id\":\"https:\\\/\\\/tene.ee\\\/de\\\/toode\\\/kuemblustuenn-premium-o-207-beez-graniit-kaanega\\\/#breadcrumb\",\"itemListElement\":[{\"@type\":\"ListItem\",\"position\":1,\"name\":\"Avaleht\",\"item\":\"https:\\\/\\\/tene.ee\\\/de\\\/\"},{\"@type\":\"ListItem\",\"position\":2,\"name\":\"Produkte\",\"item\":\"https:\\\/\\\/tene.ee\\\/de\\\/shop\\\/\"},{\"@type\":\"ListItem\",\"position\":3,\"name\":\"Badezuber Premium, \u00d8 207 mit beigefarbenem Granitdeckel\"}]},{\"@type\":\"WebSite\",\"@id\":\"https:\\\/\\\/tene.ee\\\/de\\\/#website\",\"url\":\"https:\\\/\\\/tene.ee\\\/de\\\/\",\"name\":\"Tene.ee - Kaunite hetkede jaoks sinu aias\",\"description\":\"Tene.ee - parimad puit- ja aiamajad otse tootjalt\",\"publisher\":{\"@id\":\"https:\\\/\\\/tene.ee\\\/de\\\/#organization\"},\"alternateName\":\"Tene.ee\",\"potentialAction\":[{\"@type\":\"SearchAction\",\"target\":{\"@type\":\"EntryPoint\",\"urlTemplate\":\"https:\\\/\\\/tene.ee\\\/de\\\/?s={search_term_string}\"},\"query-input\":{\"@type\":\"PropertyValueSpecification\",\"valueRequired\":true,\"valueName\":\"search_term_string\"}}],\"inLanguage\":\"de\"},{\"@type\":\"Organization\",\"@id\":\"https:\\\/\\\/tene.ee\\\/de\\\/#organization\",\"name\":\"Tene.ee\",\"url\":\"https:\\\/\\\/tene.ee\\\/de\\\/\",\"logo\":{\"@type\":\"ImageObject\",\"inLanguage\":\"de\",\"@id\":\"https:\\\/\\\/tene.ee\\\/de\\\/#\\\/schema\\\/logo\\\/image\\\/\",\"url\":\"https:\\\/\\\/tene.ee\\\/wp-content\\\/uploads\\\/2024\\\/12\\\/TENE-logo-2018-2.png\",\"contentUrl\":\"https:\\\/\\\/tene.ee\\\/wp-content\\\/uploads\\\/2024\\\/12\\\/TENE-logo-2018-2.png\",\"width\":2339,\"height\":1654,\"caption\":\"Tene.ee\"},\"image\":{\"@id\":\"https:\\\/\\\/tene.ee\\\/de\\\/#\\\/schema\\\/logo\\\/image\\\/\"},\"sameAs\":[\"https:\\\/\\\/www.facebook.com\\\/teneaiamajad\"]}]}<\/script>\n<!-- \/ Yoast SEO plugin. -->","yoast_head_json":{"title":"Tene.ee - Badezuber Premium, \u00d8 207 mit beigefarbenem Granitdeckel","description":"Tene.ee Badezuber Premium, \u00d8 207 mit beigefarbenem Granitdeckel","robots":{"index":"index","follow":"follow","max-snippet":"max-snippet:-1","max-image-preview":"max-image-preview:large","max-video-preview":"max-video-preview:-1"},"canonical":"https:\/\/tene.ee\/de\/toode\/kuemblustuenn-premium-o-207-beez-graniit-kaanega\/","og_locale":"de_DE","og_type":"article","og_title":"Tene.ee - Badezuber Premium, \u00d8 207 mit beigefarbenem Granitdeckel","og_description":"Tene.ee Badezuber Premium, \u00d8 207 mit beigefarbenem Granitdeckel","og_url":"https:\/\/tene.ee\/de\/toode\/kuemblustuenn-premium-o-207-beez-graniit-kaanega\/","og_site_name":"Tene.ee","article_publisher":"https:\/\/www.facebook.com\/teneaiamajad","article_modified_time":"2024-11-28T09:45:54+00:00","og_image":[{"width":2500,"height":1667,"url":"https:\/\/tene.ee\/wp-content\/uploads\/2024\/07\/Kymblustynn_Premium207_beez.jpg","type":"image\/jpeg"}],"twitter_card":"summary_large_image","twitter_misc":{"Gesch\u00e4tzte Lesezeit":"1\u00a0Minute"},"schema":{"@context":"https:\/\/schema.org","@graph":[{"@type":"WebPage","@id":"https:\/\/tene.ee\/de\/toode\/kuemblustuenn-premium-o-207-beez-graniit-kaanega\/","url":"https:\/\/tene.ee\/de\/toode\/kuemblustuenn-premium-o-207-beez-graniit-kaanega\/","name":"Tene.ee - Badezuber Premium, \u00d8 207 mit beigefarbenem Granitdeckel","isPartOf":{"@id":"https:\/\/tene.ee\/de\/#website"},"primaryImageOfPage":{"@id":"https:\/\/tene.ee\/de\/toode\/kuemblustuenn-premium-o-207-beez-graniit-kaanega\/#primaryimage"},"image":{"@id":"https:\/\/tene.ee\/de\/toode\/kuemblustuenn-premium-o-207-beez-graniit-kaanega\/#primaryimage"},"thumbnailUrl":"https:\/\/tene.ee\/wp-content\/uploads\/2024\/07\/Kymblustynn_Premium207_beez.jpg","datePublished":"2024-07-12T13:20:40+00:00","dateModified":"2024-11-28T09:45:54+00:00","description":"Tene.ee Badezuber Premium, \u00d8 207 mit beigefarbenem Granitdeckel","breadcrumb":{"@id":"https:\/\/tene.ee\/de\/toode\/kuemblustuenn-premium-o-207-beez-graniit-kaanega\/#breadcrumb"},"inLanguage":"de","potentialAction":[{"@type":"ReadAction","target":["https:\/\/tene.ee\/de\/toode\/kuemblustuenn-premium-o-207-beez-graniit-kaanega\/"]}]},{"@type":"ImageObject","inLanguage":"de","@id":"https:\/\/tene.ee\/de\/toode\/kuemblustuenn-premium-o-207-beez-graniit-kaanega\/#primaryimage","url":"https:\/\/tene.ee\/wp-content\/uploads\/2024\/07\/Kymblustynn_Premium207_beez.jpg","contentUrl":"https:\/\/tene.ee\/wp-content\/uploads\/2024\/07\/Kymblustynn_Premium207_beez.jpg","width":2500,"height":1667},{"@type":"BreadcrumbList","@id":"https:\/\/tene.ee\/de\/toode\/kuemblustuenn-premium-o-207-beez-graniit-kaanega\/#breadcrumb","itemListElement":[{"@type":"ListItem","position":1,"name":"Avaleht","item":"https:\/\/tene.ee\/de\/"},{"@type":"ListItem","position":2,"name":"Produkte","item":"https:\/\/tene.ee\/de\/shop\/"},{"@type":"ListItem","position":3,"name":"Badezuber Premium, \u00d8 207 mit beigefarbenem Granitdeckel"}]},{"@type":"WebSite","@id":"https:\/\/tene.ee\/de\/#website","url":"https:\/\/tene.ee\/de\/","name":"Tene.ee - Kaunite hetkede jaoks sinu aias","description":"Tene.ee - parimad puit- ja aiamajad otse tootjalt","publisher":{"@id":"https:\/\/tene.ee\/de\/#organization"},"alternateName":"Tene.ee","potentialAction":[{"@type":"SearchAction","target":{"@type":"EntryPoint","urlTemplate":"https:\/\/tene.ee\/de\/?s={search_term_string}"},"query-input":{"@type":"PropertyValueSpecification","valueRequired":true,"valueName":"search_term_string"}}],"inLanguage":"de"},{"@type":"Organization","@id":"https:\/\/tene.ee\/de\/#organization","name":"Tene.ee","url":"https:\/\/tene.ee\/de\/","logo":{"@type":"ImageObject","inLanguage":"de","@id":"https:\/\/tene.ee\/de\/#\/schema\/logo\/image\/","url":"https:\/\/tene.ee\/wp-content\/uploads\/2024\/12\/TENE-logo-2018-2.png","contentUrl":"https:\/\/tene.ee\/wp-content\/uploads\/2024\/12\/TENE-logo-2018-2.png","width":2339,"height":1654,"caption":"Tene.ee"},"image":{"@id":"https:\/\/tene.ee\/de\/#\/schema\/logo\/image\/"},"sameAs":["https:\/\/www.facebook.com\/teneaiamajad"]}]}},"_links":{"self":[{"href":"https:\/\/tene.ee\/de\/wp-json\/wp\/v2\/product\/16337","targetHints":{"allow":["GET"]}}],"collection":[{"href":"https:\/\/tene.ee\/de\/wp-json\/wp\/v2\/product"}],"about":[{"href":"https:\/\/tene.ee\/de\/wp-json\/wp\/v2\/types\/product"}],"wp:featuredmedia":[{"embeddable":true,"href":"https:\/\/tene.ee\/de\/wp-json\/wp\/v2\/media\/6819"}],"wp:attachment":[{"href":"https:\/\/tene.ee\/de\/wp-json\/wp\/v2\/media?parent=16337"}],"wp:term":[{"taxonomy":"product_brand","embeddable":true,"href":"https:\/\/tene.ee\/de\/wp-json\/wp\/v2\/product_brand?post=16337"},{"taxonomy":"product_cat","embeddable":true,"href":"https:\/\/tene.ee\/de\/wp-json\/wp\/v2\/product_cat?post=16337"},{"taxonomy":"product_tag","embeddable":true,"href":"https:\/\/tene.ee\/de\/wp-json\/wp\/v2\/product_tag?post=16337"}],"curies":[{"name":"wp","href":"https:\/\/api.w.org\/{rel}","templated":true}]}}