{"id":16332,"date":"2024-07-12T16:20:40","date_gmt":"2024-07-12T13:20:40","guid":{"rendered":"https:\/\/tene.ee\/toode\/kuemblustuenn-standard-kaanega-haagisel\/"},"modified":"2024-11-28T11:45:55","modified_gmt":"2024-11-28T09:45:55","slug":"kuemblustuenn-standard-kaanega-haagisel","status":"publish","type":"product","link":"https:\/\/tene.ee\/de\/toode\/kuemblustuenn-standard-kaanega-haagisel\/","title":{"rendered":"Badezuber Standard mit Deckel auf dem Anh\u00e4nger"},"content":{"rendered":"<p>Badezuber mit Deckel auf dem Anh\u00e4nger f\u00fcr 6 Personen.<\/p>\n<p>Abmessungen des Podests: 300 x 208 cm<br \/>\nGesamtl\u00e4nge 431 cm<br \/>\nDer Anh\u00e4nger hat 4 Standbeine.<br \/>\nDer Boden des Anh\u00e4ngers besteht aus wasserfestem Furnier.<br \/>\nGesamtgewicht 750 kg<br \/>\nTragf\u00e4higkeit: 750 kg<br \/>\nAu\u00dfenma\u00dfe des Badezubers \u00d8 183\u00a0cm<br \/>\nAu\u00dfenma\u00dfe des Badezubers mit Deckel 187 cm<br \/>\nEmpfohlene Wassermenge im Zuber 1450\u00a0L<br \/>\nStufentreppe aus Holz<br \/>\nExterner Ofen aus Marine-Aluminium (Ma\u00dfe 65 x 42 x 62 cm)<br \/>\nL\u00e4nge des Schornsteins 200 cm<br \/>\nMit Holzwachs veredelte Holzverschalung<br \/>\nInnenraum und Deckel in grauem Granit<br \/>\nWasserablass mit Wasserhahn<br \/>\nDie Zeit zum Erhitzen der Wassertemperatur von 5\u00a0\u00b0C auf 38\u00a0\u00b0C betr\u00e4gt mit 50\u00a0cm langem Holz ca. 3\u20133,5\u00a0Stunden (mit Holzbriketts ca. 2\u20132,5\u00a0Stunden) Die Zeit, die zum Aufheizen des Badezubers ben\u00f6tigt wird, h\u00e4ngt auch von der Jahreszeit ab. So kann die Aufheizzeit im Winter deutlich l\u00e4nger sein als im Sommer, wenn sich der Badezuber schneller aufheizen l\u00e4sst.<br \/>\nGewicht des Badezubers mit Ofen ca. 250 kg<br \/>\nDer Anh\u00e4nger wiegt zusammen mit dem Badezuber ca. 480 kg.<\/p>\n","protected":false},"excerpt":{"rendered":"<p>Badezuber auf R\u00e4dern f\u00fcr 6 Personen. Durchmesser 180 cm. Genie\u00dfen Sie Ihr Badezuber-Erlebnis, wo immer das Leben Sie hinf\u00fchrt!<\/p>\n","protected":false},"featured_media":6747,"template":"","meta":{"_acf_changed":false},"product_brand":[],"product_cat":[317,314,322,321],"product_tag":[],"class_list":{"0":"post-16332","1":"product","2":"type-product","3":"status-publish","4":"has-post-thumbnail","6":"product_cat-badezuber","7":"product_cat-saunen","8":"product_cat-saunen-auf-radern","9":"product_cat-sofort-verfugbar","10":"pa_kumblustunni-diameeter-183-cm-de","12":"first","13":"onbackorder","14":"sale","15":"purchasable","16":"product-type-simple"},"acf":[],"yoast_head":"<!-- This site is optimized with the Yoast SEO plugin v27.3 - https:\/\/yoast.com\/product\/yoast-seo-wordpress\/ -->\n<title>Tene.ee - Badezuber Standard mit Deckel auf dem Anh\u00e4nger<\/title>\n<meta name=\"description\" content=\"Tene.ee Badezuber Standard mit Deckel auf dem Anh\u00e4nger\" \/>\n<meta name=\"robots\" content=\"index, follow, max-snippet:-1, max-image-preview:large, max-video-preview:-1\" \/>\n<link rel=\"canonical\" href=\"https:\/\/tene.ee\/de\/toode\/kuemblustuenn-standard-kaanega-haagisel\/\" \/>\n<meta property=\"og:locale\" content=\"de_DE\" \/>\n<meta property=\"og:type\" content=\"article\" \/>\n<meta property=\"og:title\" content=\"Tene.ee - Badezuber Standard mit Deckel auf dem Anh\u00e4nger\" \/>\n<meta property=\"og:description\" content=\"Tene.ee Badezuber Standard mit Deckel auf dem Anh\u00e4nger\" \/>\n<meta property=\"og:url\" content=\"https:\/\/tene.ee\/de\/toode\/kuemblustuenn-standard-kaanega-haagisel\/\" \/>\n<meta property=\"og:site_name\" content=\"Tene.ee\" \/>\n<meta property=\"article:publisher\" content=\"https:\/\/www.facebook.com\/teneaiamajad\" \/>\n<meta property=\"article:modified_time\" content=\"2024-11-28T09:45:55+00:00\" \/>\n<meta property=\"og:image\" content=\"https:\/\/tene.ee\/wp-content\/uploads\/2024\/07\/Paljukarry-8.jpg\" \/>\n\t<meta property=\"og:image:width\" content=\"2016\" \/>\n\t<meta property=\"og:image:height\" content=\"1512\" \/>\n\t<meta property=\"og:image:type\" content=\"image\/jpeg\" \/>\n<meta name=\"twitter:card\" content=\"summary_large_image\" \/>\n<meta name=\"twitter:label1\" content=\"Gesch\u00e4tzte Lesezeit\" \/>\n\t<meta name=\"twitter:data1\" content=\"1\u00a0Minute\" \/>\n<script type=\"application\/ld+json\" class=\"yoast-schema-graph\">{\"@context\":\"https:\\\/\\\/schema.org\",\"@graph\":[{\"@type\":\"WebPage\",\"@id\":\"https:\\\/\\\/tene.ee\\\/de\\\/toode\\\/kuemblustuenn-standard-kaanega-haagisel\\\/\",\"url\":\"https:\\\/\\\/tene.ee\\\/de\\\/toode\\\/kuemblustuenn-standard-kaanega-haagisel\\\/\",\"name\":\"Tene.ee - Badezuber Standard mit Deckel auf dem Anh\u00e4nger\",\"isPartOf\":{\"@id\":\"https:\\\/\\\/tene.ee\\\/de\\\/#website\"},\"primaryImageOfPage\":{\"@id\":\"https:\\\/\\\/tene.ee\\\/de\\\/toode\\\/kuemblustuenn-standard-kaanega-haagisel\\\/#primaryimage\"},\"image\":{\"@id\":\"https:\\\/\\\/tene.ee\\\/de\\\/toode\\\/kuemblustuenn-standard-kaanega-haagisel\\\/#primaryimage\"},\"thumbnailUrl\":\"https:\\\/\\\/tene.ee\\\/wp-content\\\/uploads\\\/2024\\\/07\\\/Paljukarry-8.jpg\",\"datePublished\":\"2024-07-12T13:20:40+00:00\",\"dateModified\":\"2024-11-28T09:45:55+00:00\",\"description\":\"Tene.ee Badezuber Standard mit Deckel auf dem Anh\u00e4nger\",\"breadcrumb\":{\"@id\":\"https:\\\/\\\/tene.ee\\\/de\\\/toode\\\/kuemblustuenn-standard-kaanega-haagisel\\\/#breadcrumb\"},\"inLanguage\":\"de\",\"potentialAction\":[{\"@type\":\"ReadAction\",\"target\":[\"https:\\\/\\\/tene.ee\\\/de\\\/toode\\\/kuemblustuenn-standard-kaanega-haagisel\\\/\"]}]},{\"@type\":\"ImageObject\",\"inLanguage\":\"de\",\"@id\":\"https:\\\/\\\/tene.ee\\\/de\\\/toode\\\/kuemblustuenn-standard-kaanega-haagisel\\\/#primaryimage\",\"url\":\"https:\\\/\\\/tene.ee\\\/wp-content\\\/uploads\\\/2024\\\/07\\\/Paljukarry-8.jpg\",\"contentUrl\":\"https:\\\/\\\/tene.ee\\\/wp-content\\\/uploads\\\/2024\\\/07\\\/Paljukarry-8.jpg\",\"width\":2016,\"height\":1512},{\"@type\":\"BreadcrumbList\",\"@id\":\"https:\\\/\\\/tene.ee\\\/de\\\/toode\\\/kuemblustuenn-standard-kaanega-haagisel\\\/#breadcrumb\",\"itemListElement\":[{\"@type\":\"ListItem\",\"position\":1,\"name\":\"Avaleht\",\"item\":\"https:\\\/\\\/tene.ee\\\/de\\\/\"},{\"@type\":\"ListItem\",\"position\":2,\"name\":\"Produkte\",\"item\":\"https:\\\/\\\/tene.ee\\\/de\\\/shop\\\/\"},{\"@type\":\"ListItem\",\"position\":3,\"name\":\"Badezuber Standard mit Deckel auf dem Anh\u00e4nger\"}]},{\"@type\":\"WebSite\",\"@id\":\"https:\\\/\\\/tene.ee\\\/de\\\/#website\",\"url\":\"https:\\\/\\\/tene.ee\\\/de\\\/\",\"name\":\"Tene.ee - Kaunite hetkede jaoks sinu aias\",\"description\":\"Tene.ee - parimad puit- ja aiamajad otse tootjalt\",\"publisher\":{\"@id\":\"https:\\\/\\\/tene.ee\\\/de\\\/#organization\"},\"alternateName\":\"Tene.ee\",\"potentialAction\":[{\"@type\":\"SearchAction\",\"target\":{\"@type\":\"EntryPoint\",\"urlTemplate\":\"https:\\\/\\\/tene.ee\\\/de\\\/?s={search_term_string}\"},\"query-input\":{\"@type\":\"PropertyValueSpecification\",\"valueRequired\":true,\"valueName\":\"search_term_string\"}}],\"inLanguage\":\"de\"},{\"@type\":\"Organization\",\"@id\":\"https:\\\/\\\/tene.ee\\\/de\\\/#organization\",\"name\":\"Tene.ee\",\"url\":\"https:\\\/\\\/tene.ee\\\/de\\\/\",\"logo\":{\"@type\":\"ImageObject\",\"inLanguage\":\"de\",\"@id\":\"https:\\\/\\\/tene.ee\\\/de\\\/#\\\/schema\\\/logo\\\/image\\\/\",\"url\":\"https:\\\/\\\/tene.ee\\\/wp-content\\\/uploads\\\/2024\\\/12\\\/TENE-logo-2018-2.png\",\"contentUrl\":\"https:\\\/\\\/tene.ee\\\/wp-content\\\/uploads\\\/2024\\\/12\\\/TENE-logo-2018-2.png\",\"width\":2339,\"height\":1654,\"caption\":\"Tene.ee\"},\"image\":{\"@id\":\"https:\\\/\\\/tene.ee\\\/de\\\/#\\\/schema\\\/logo\\\/image\\\/\"},\"sameAs\":[\"https:\\\/\\\/www.facebook.com\\\/teneaiamajad\"]}]}<\/script>\n<!-- \/ Yoast SEO plugin. -->","yoast_head_json":{"title":"Tene.ee - Badezuber Standard mit Deckel auf dem Anh\u00e4nger","description":"Tene.ee Badezuber Standard mit Deckel auf dem Anh\u00e4nger","robots":{"index":"index","follow":"follow","max-snippet":"max-snippet:-1","max-image-preview":"max-image-preview:large","max-video-preview":"max-video-preview:-1"},"canonical":"https:\/\/tene.ee\/de\/toode\/kuemblustuenn-standard-kaanega-haagisel\/","og_locale":"de_DE","og_type":"article","og_title":"Tene.ee - Badezuber Standard mit Deckel auf dem Anh\u00e4nger","og_description":"Tene.ee Badezuber Standard mit Deckel auf dem Anh\u00e4nger","og_url":"https:\/\/tene.ee\/de\/toode\/kuemblustuenn-standard-kaanega-haagisel\/","og_site_name":"Tene.ee","article_publisher":"https:\/\/www.facebook.com\/teneaiamajad","article_modified_time":"2024-11-28T09:45:55+00:00","og_image":[{"width":2016,"height":1512,"url":"https:\/\/tene.ee\/wp-content\/uploads\/2024\/07\/Paljukarry-8.jpg","type":"image\/jpeg"}],"twitter_card":"summary_large_image","twitter_misc":{"Gesch\u00e4tzte Lesezeit":"1\u00a0Minute"},"schema":{"@context":"https:\/\/schema.org","@graph":[{"@type":"WebPage","@id":"https:\/\/tene.ee\/de\/toode\/kuemblustuenn-standard-kaanega-haagisel\/","url":"https:\/\/tene.ee\/de\/toode\/kuemblustuenn-standard-kaanega-haagisel\/","name":"Tene.ee - Badezuber Standard mit Deckel auf dem Anh\u00e4nger","isPartOf":{"@id":"https:\/\/tene.ee\/de\/#website"},"primaryImageOfPage":{"@id":"https:\/\/tene.ee\/de\/toode\/kuemblustuenn-standard-kaanega-haagisel\/#primaryimage"},"image":{"@id":"https:\/\/tene.ee\/de\/toode\/kuemblustuenn-standard-kaanega-haagisel\/#primaryimage"},"thumbnailUrl":"https:\/\/tene.ee\/wp-content\/uploads\/2024\/07\/Paljukarry-8.jpg","datePublished":"2024-07-12T13:20:40+00:00","dateModified":"2024-11-28T09:45:55+00:00","description":"Tene.ee Badezuber Standard mit Deckel auf dem Anh\u00e4nger","breadcrumb":{"@id":"https:\/\/tene.ee\/de\/toode\/kuemblustuenn-standard-kaanega-haagisel\/#breadcrumb"},"inLanguage":"de","potentialAction":[{"@type":"ReadAction","target":["https:\/\/tene.ee\/de\/toode\/kuemblustuenn-standard-kaanega-haagisel\/"]}]},{"@type":"ImageObject","inLanguage":"de","@id":"https:\/\/tene.ee\/de\/toode\/kuemblustuenn-standard-kaanega-haagisel\/#primaryimage","url":"https:\/\/tene.ee\/wp-content\/uploads\/2024\/07\/Paljukarry-8.jpg","contentUrl":"https:\/\/tene.ee\/wp-content\/uploads\/2024\/07\/Paljukarry-8.jpg","width":2016,"height":1512},{"@type":"BreadcrumbList","@id":"https:\/\/tene.ee\/de\/toode\/kuemblustuenn-standard-kaanega-haagisel\/#breadcrumb","itemListElement":[{"@type":"ListItem","position":1,"name":"Avaleht","item":"https:\/\/tene.ee\/de\/"},{"@type":"ListItem","position":2,"name":"Produkte","item":"https:\/\/tene.ee\/de\/shop\/"},{"@type":"ListItem","position":3,"name":"Badezuber Standard mit Deckel auf dem Anh\u00e4nger"}]},{"@type":"WebSite","@id":"https:\/\/tene.ee\/de\/#website","url":"https:\/\/tene.ee\/de\/","name":"Tene.ee - Kaunite hetkede jaoks sinu aias","description":"Tene.ee - parimad puit- ja aiamajad otse tootjalt","publisher":{"@id":"https:\/\/tene.ee\/de\/#organization"},"alternateName":"Tene.ee","potentialAction":[{"@type":"SearchAction","target":{"@type":"EntryPoint","urlTemplate":"https:\/\/tene.ee\/de\/?s={search_term_string}"},"query-input":{"@type":"PropertyValueSpecification","valueRequired":true,"valueName":"search_term_string"}}],"inLanguage":"de"},{"@type":"Organization","@id":"https:\/\/tene.ee\/de\/#organization","name":"Tene.ee","url":"https:\/\/tene.ee\/de\/","logo":{"@type":"ImageObject","inLanguage":"de","@id":"https:\/\/tene.ee\/de\/#\/schema\/logo\/image\/","url":"https:\/\/tene.ee\/wp-content\/uploads\/2024\/12\/TENE-logo-2018-2.png","contentUrl":"https:\/\/tene.ee\/wp-content\/uploads\/2024\/12\/TENE-logo-2018-2.png","width":2339,"height":1654,"caption":"Tene.ee"},"image":{"@id":"https:\/\/tene.ee\/de\/#\/schema\/logo\/image\/"},"sameAs":["https:\/\/www.facebook.com\/teneaiamajad"]}]}},"_links":{"self":[{"href":"https:\/\/tene.ee\/de\/wp-json\/wp\/v2\/product\/16332","targetHints":{"allow":["GET"]}}],"collection":[{"href":"https:\/\/tene.ee\/de\/wp-json\/wp\/v2\/product"}],"about":[{"href":"https:\/\/tene.ee\/de\/wp-json\/wp\/v2\/types\/product"}],"wp:featuredmedia":[{"embeddable":true,"href":"https:\/\/tene.ee\/de\/wp-json\/wp\/v2\/media\/6747"}],"wp:attachment":[{"href":"https:\/\/tene.ee\/de\/wp-json\/wp\/v2\/media?parent=16332"}],"wp:term":[{"taxonomy":"product_brand","embeddable":true,"href":"https:\/\/tene.ee\/de\/wp-json\/wp\/v2\/product_brand?post=16332"},{"taxonomy":"product_cat","embeddable":true,"href":"https:\/\/tene.ee\/de\/wp-json\/wp\/v2\/product_cat?post=16332"},{"taxonomy":"product_tag","embeddable":true,"href":"https:\/\/tene.ee\/de\/wp-json\/wp\/v2\/product_tag?post=16332"}],"curies":[{"name":"wp","href":"https:\/\/api.w.org\/{rel}","templated":true}]}}