{"id":16322,"date":"2024-07-12T16:22:40","date_gmt":"2024-07-12T13:22:40","guid":{"rendered":"https:\/\/tene.ee\/toode\/valmis-aiakuur-karina-aknad-klaaspaketiga\/"},"modified":"2024-11-28T11:43:29","modified_gmt":"2024-11-28T09:43:29","slug":"valmis-aiakuur-karina-aknad-klaaspaketiga","status":"publish","type":"product","link":"https:\/\/tene.ee\/de\/toode\/valmis-aiakuur-karina-aknad-klaaspaketiga\/","title":{"rendered":"Fertig-Gartenschuppen Karina, Fenster mit verglaster Einheit"},"content":{"rendered":"<p>Die in der Garten- und Holzhausfabrik Tene hergestellten vorgefertigten Gartenh\u00e4user und Schuppen werden in der Halle gebaut, was eine bessere Qualit\u00e4t der Fertigh\u00e4user gew\u00e4hrleistet und dazu beitr\u00e4gt, m\u00f6gliche ung\u00fcnstige Verz\u00f6gerungen auf der Baustelle (z.\u00a0B. schlechte Wetterbedingungen) zu vermeiden.<\/p>\n<p><strong>Je nach Modell umfasst das Set eines Tene Gartenhauses mit 40 mm starken W\u00e4nden Folgendes:<\/strong><\/p>\n<p>100\u00a0% Fichtenholz nordischer Qualit\u00e4t<br \/>\nT\u00fcren und Fenster aus extratrockenem (8\u201312\u00a0%) Brettschichtholz<br \/>\nDreh-Kipp-Fenster mit verglaster Einheit, inkl. Beschl\u00e4ge<br \/>\nT\u00fcr aus Brettern, inkl. Beschl\u00e4ge<br \/>\nDoppelt\u00fcr mit verglaster Einheit, inkl. Beschl\u00e4ge<br \/>\nDecke aus 18\u00a0mm starken Profilbrettern<br \/>\nBoden aus 28\u00a0mm starken Brettern<br \/>\nim Autoklaven impr\u00e4gnierte Fundamentbalken<br \/>\nSturmleisten<br \/>\nBefestigungselemente (N\u00e4gel und Schrauben)<br \/>\nMontageanleitung<\/p>\n","protected":false},"excerpt":{"rendered":"<p>Das vorgefertigte Gartenhaus Karina wird als schl\u00fcsselfertige Komplettl\u00f6sung an den Kunden geliefert. Das vorgefertigte Gartenhaus kann an jeden mit einem Kranwagen erreichbaren Ort transportiert werden.<\/p>\n","protected":false},"featured_media":7475,"template":"","meta":{"_acf_changed":false},"product_brand":[],"product_cat":[318,335,319],"product_tag":[],"class_list":{"0":"post-16322","1":"product","2":"type-product","3":"status-publish","4":"has-post-thumbnail","6":"product_cat-gartenhauser","7":"product_cat-gartenhauser-40-mm","8":"product_cat-vorgefertigte-fertige-bausatze","9":"product_shipping_class-390e-de","10":"pa_pindala-0-10-m2-de","11":"pa_seina-paksus-40-mm-de","13":"first","14":"onbackorder","15":"sale","16":"purchasable","17":"product-type-simple"},"acf":[],"yoast_head":"<!-- This site is optimized with the Yoast SEO plugin v27.3 - https:\/\/yoast.com\/product\/yoast-seo-wordpress\/ -->\n<title>Tene.ee - Fertig-Gartenschuppen Karina, Fenster mit verglaster Einheit<\/title>\n<meta name=\"description\" content=\"Tene.ee Fertig-Gartenschuppen Karina, Fenster mit verglaster Einheit\" \/>\n<meta name=\"robots\" content=\"index, follow, max-snippet:-1, max-image-preview:large, max-video-preview:-1\" \/>\n<link rel=\"canonical\" href=\"https:\/\/tene.ee\/de\/toode\/valmis-aiakuur-karina-aknad-klaaspaketiga\/\" \/>\n<meta property=\"og:locale\" content=\"de_DE\" \/>\n<meta property=\"og:type\" content=\"article\" \/>\n<meta property=\"og:title\" content=\"Tene.ee - Fertig-Gartenschuppen Karina, Fenster mit verglaster Einheit\" \/>\n<meta property=\"og:description\" content=\"Tene.ee Fertig-Gartenschuppen Karina, Fenster mit verglaster Einheit\" \/>\n<meta property=\"og:url\" content=\"https:\/\/tene.ee\/de\/toode\/valmis-aiakuur-karina-aknad-klaaspaketiga\/\" \/>\n<meta property=\"og:site_name\" content=\"Tene.ee\" \/>\n<meta property=\"article:publisher\" content=\"https:\/\/www.facebook.com\/teneaiamajad\" \/>\n<meta property=\"article:modified_time\" content=\"2024-11-28T09:43:29+00:00\" \/>\n<meta property=\"og:image\" content=\"https:\/\/tene.ee\/wp-content\/uploads\/2024\/07\/Karina-1-1024x683.jpg\" \/>\n\t<meta property=\"og:image:width\" content=\"1024\" \/>\n\t<meta property=\"og:image:height\" content=\"683\" \/>\n\t<meta property=\"og:image:type\" content=\"image\/jpeg\" \/>\n<meta name=\"twitter:card\" content=\"summary_large_image\" \/>\n<meta name=\"twitter:label1\" content=\"Gesch\u00e4tzte Lesezeit\" \/>\n\t<meta name=\"twitter:data1\" content=\"1\u00a0Minute\" \/>\n<script type=\"application\/ld+json\" class=\"yoast-schema-graph\">{\"@context\":\"https:\\\/\\\/schema.org\",\"@graph\":[{\"@type\":\"WebPage\",\"@id\":\"https:\\\/\\\/tene.ee\\\/de\\\/toode\\\/valmis-aiakuur-karina-aknad-klaaspaketiga\\\/\",\"url\":\"https:\\\/\\\/tene.ee\\\/de\\\/toode\\\/valmis-aiakuur-karina-aknad-klaaspaketiga\\\/\",\"name\":\"Tene.ee - Fertig-Gartenschuppen Karina, Fenster mit verglaster Einheit\",\"isPartOf\":{\"@id\":\"https:\\\/\\\/tene.ee\\\/de\\\/#website\"},\"primaryImageOfPage\":{\"@id\":\"https:\\\/\\\/tene.ee\\\/de\\\/toode\\\/valmis-aiakuur-karina-aknad-klaaspaketiga\\\/#primaryimage\"},\"image\":{\"@id\":\"https:\\\/\\\/tene.ee\\\/de\\\/toode\\\/valmis-aiakuur-karina-aknad-klaaspaketiga\\\/#primaryimage\"},\"thumbnailUrl\":\"https:\\\/\\\/tene.ee\\\/wp-content\\\/uploads\\\/2024\\\/07\\\/Karina-1.jpg\",\"datePublished\":\"2024-07-12T13:22:40+00:00\",\"dateModified\":\"2024-11-28T09:43:29+00:00\",\"description\":\"Tene.ee Fertig-Gartenschuppen Karina, Fenster mit verglaster Einheit\",\"breadcrumb\":{\"@id\":\"https:\\\/\\\/tene.ee\\\/de\\\/toode\\\/valmis-aiakuur-karina-aknad-klaaspaketiga\\\/#breadcrumb\"},\"inLanguage\":\"de\",\"potentialAction\":[{\"@type\":\"ReadAction\",\"target\":[\"https:\\\/\\\/tene.ee\\\/de\\\/toode\\\/valmis-aiakuur-karina-aknad-klaaspaketiga\\\/\"]}]},{\"@type\":\"ImageObject\",\"inLanguage\":\"de\",\"@id\":\"https:\\\/\\\/tene.ee\\\/de\\\/toode\\\/valmis-aiakuur-karina-aknad-klaaspaketiga\\\/#primaryimage\",\"url\":\"https:\\\/\\\/tene.ee\\\/wp-content\\\/uploads\\\/2024\\\/07\\\/Karina-1.jpg\",\"contentUrl\":\"https:\\\/\\\/tene.ee\\\/wp-content\\\/uploads\\\/2024\\\/07\\\/Karina-1.jpg\",\"width\":2500,\"height\":1667},{\"@type\":\"BreadcrumbList\",\"@id\":\"https:\\\/\\\/tene.ee\\\/de\\\/toode\\\/valmis-aiakuur-karina-aknad-klaaspaketiga\\\/#breadcrumb\",\"itemListElement\":[{\"@type\":\"ListItem\",\"position\":1,\"name\":\"Avaleht\",\"item\":\"https:\\\/\\\/tene.ee\\\/de\\\/\"},{\"@type\":\"ListItem\",\"position\":2,\"name\":\"Produkte\",\"item\":\"https:\\\/\\\/tene.ee\\\/de\\\/shop\\\/\"},{\"@type\":\"ListItem\",\"position\":3,\"name\":\"Fertig-Gartenschuppen Karina, Fenster mit verglaster Einheit\"}]},{\"@type\":\"WebSite\",\"@id\":\"https:\\\/\\\/tene.ee\\\/de\\\/#website\",\"url\":\"https:\\\/\\\/tene.ee\\\/de\\\/\",\"name\":\"Tene.ee - Kaunite hetkede jaoks sinu aias\",\"description\":\"Tene.ee - parimad puit- ja aiamajad otse tootjalt\",\"publisher\":{\"@id\":\"https:\\\/\\\/tene.ee\\\/de\\\/#organization\"},\"alternateName\":\"Tene.ee\",\"potentialAction\":[{\"@type\":\"SearchAction\",\"target\":{\"@type\":\"EntryPoint\",\"urlTemplate\":\"https:\\\/\\\/tene.ee\\\/de\\\/?s={search_term_string}\"},\"query-input\":{\"@type\":\"PropertyValueSpecification\",\"valueRequired\":true,\"valueName\":\"search_term_string\"}}],\"inLanguage\":\"de\"},{\"@type\":\"Organization\",\"@id\":\"https:\\\/\\\/tene.ee\\\/de\\\/#organization\",\"name\":\"Tene.ee\",\"url\":\"https:\\\/\\\/tene.ee\\\/de\\\/\",\"logo\":{\"@type\":\"ImageObject\",\"inLanguage\":\"de\",\"@id\":\"https:\\\/\\\/tene.ee\\\/de\\\/#\\\/schema\\\/logo\\\/image\\\/\",\"url\":\"https:\\\/\\\/tene.ee\\\/wp-content\\\/uploads\\\/2024\\\/12\\\/TENE-logo-2018-2.png\",\"contentUrl\":\"https:\\\/\\\/tene.ee\\\/wp-content\\\/uploads\\\/2024\\\/12\\\/TENE-logo-2018-2.png\",\"width\":2339,\"height\":1654,\"caption\":\"Tene.ee\"},\"image\":{\"@id\":\"https:\\\/\\\/tene.ee\\\/de\\\/#\\\/schema\\\/logo\\\/image\\\/\"},\"sameAs\":[\"https:\\\/\\\/www.facebook.com\\\/teneaiamajad\"]}]}<\/script>\n<!-- \/ Yoast SEO plugin. -->","yoast_head_json":{"title":"Tene.ee - Fertig-Gartenschuppen Karina, Fenster mit verglaster Einheit","description":"Tene.ee Fertig-Gartenschuppen Karina, Fenster mit verglaster Einheit","robots":{"index":"index","follow":"follow","max-snippet":"max-snippet:-1","max-image-preview":"max-image-preview:large","max-video-preview":"max-video-preview:-1"},"canonical":"https:\/\/tene.ee\/de\/toode\/valmis-aiakuur-karina-aknad-klaaspaketiga\/","og_locale":"de_DE","og_type":"article","og_title":"Tene.ee - Fertig-Gartenschuppen Karina, Fenster mit verglaster Einheit","og_description":"Tene.ee Fertig-Gartenschuppen Karina, Fenster mit verglaster Einheit","og_url":"https:\/\/tene.ee\/de\/toode\/valmis-aiakuur-karina-aknad-klaaspaketiga\/","og_site_name":"Tene.ee","article_publisher":"https:\/\/www.facebook.com\/teneaiamajad","article_modified_time":"2024-11-28T09:43:29+00:00","og_image":[{"width":1024,"height":683,"url":"https:\/\/tene.ee\/wp-content\/uploads\/2024\/07\/Karina-1-1024x683.jpg","type":"image\/jpeg"}],"twitter_card":"summary_large_image","twitter_misc":{"Gesch\u00e4tzte Lesezeit":"1\u00a0Minute"},"schema":{"@context":"https:\/\/schema.org","@graph":[{"@type":"WebPage","@id":"https:\/\/tene.ee\/de\/toode\/valmis-aiakuur-karina-aknad-klaaspaketiga\/","url":"https:\/\/tene.ee\/de\/toode\/valmis-aiakuur-karina-aknad-klaaspaketiga\/","name":"Tene.ee - Fertig-Gartenschuppen Karina, Fenster mit verglaster Einheit","isPartOf":{"@id":"https:\/\/tene.ee\/de\/#website"},"primaryImageOfPage":{"@id":"https:\/\/tene.ee\/de\/toode\/valmis-aiakuur-karina-aknad-klaaspaketiga\/#primaryimage"},"image":{"@id":"https:\/\/tene.ee\/de\/toode\/valmis-aiakuur-karina-aknad-klaaspaketiga\/#primaryimage"},"thumbnailUrl":"https:\/\/tene.ee\/wp-content\/uploads\/2024\/07\/Karina-1.jpg","datePublished":"2024-07-12T13:22:40+00:00","dateModified":"2024-11-28T09:43:29+00:00","description":"Tene.ee Fertig-Gartenschuppen Karina, Fenster mit verglaster Einheit","breadcrumb":{"@id":"https:\/\/tene.ee\/de\/toode\/valmis-aiakuur-karina-aknad-klaaspaketiga\/#breadcrumb"},"inLanguage":"de","potentialAction":[{"@type":"ReadAction","target":["https:\/\/tene.ee\/de\/toode\/valmis-aiakuur-karina-aknad-klaaspaketiga\/"]}]},{"@type":"ImageObject","inLanguage":"de","@id":"https:\/\/tene.ee\/de\/toode\/valmis-aiakuur-karina-aknad-klaaspaketiga\/#primaryimage","url":"https:\/\/tene.ee\/wp-content\/uploads\/2024\/07\/Karina-1.jpg","contentUrl":"https:\/\/tene.ee\/wp-content\/uploads\/2024\/07\/Karina-1.jpg","width":2500,"height":1667},{"@type":"BreadcrumbList","@id":"https:\/\/tene.ee\/de\/toode\/valmis-aiakuur-karina-aknad-klaaspaketiga\/#breadcrumb","itemListElement":[{"@type":"ListItem","position":1,"name":"Avaleht","item":"https:\/\/tene.ee\/de\/"},{"@type":"ListItem","position":2,"name":"Produkte","item":"https:\/\/tene.ee\/de\/shop\/"},{"@type":"ListItem","position":3,"name":"Fertig-Gartenschuppen Karina, Fenster mit verglaster Einheit"}]},{"@type":"WebSite","@id":"https:\/\/tene.ee\/de\/#website","url":"https:\/\/tene.ee\/de\/","name":"Tene.ee - Kaunite hetkede jaoks sinu aias","description":"Tene.ee - parimad puit- ja aiamajad otse tootjalt","publisher":{"@id":"https:\/\/tene.ee\/de\/#organization"},"alternateName":"Tene.ee","potentialAction":[{"@type":"SearchAction","target":{"@type":"EntryPoint","urlTemplate":"https:\/\/tene.ee\/de\/?s={search_term_string}"},"query-input":{"@type":"PropertyValueSpecification","valueRequired":true,"valueName":"search_term_string"}}],"inLanguage":"de"},{"@type":"Organization","@id":"https:\/\/tene.ee\/de\/#organization","name":"Tene.ee","url":"https:\/\/tene.ee\/de\/","logo":{"@type":"ImageObject","inLanguage":"de","@id":"https:\/\/tene.ee\/de\/#\/schema\/logo\/image\/","url":"https:\/\/tene.ee\/wp-content\/uploads\/2024\/12\/TENE-logo-2018-2.png","contentUrl":"https:\/\/tene.ee\/wp-content\/uploads\/2024\/12\/TENE-logo-2018-2.png","width":2339,"height":1654,"caption":"Tene.ee"},"image":{"@id":"https:\/\/tene.ee\/de\/#\/schema\/logo\/image\/"},"sameAs":["https:\/\/www.facebook.com\/teneaiamajad"]}]}},"_links":{"self":[{"href":"https:\/\/tene.ee\/de\/wp-json\/wp\/v2\/product\/16322","targetHints":{"allow":["GET"]}}],"collection":[{"href":"https:\/\/tene.ee\/de\/wp-json\/wp\/v2\/product"}],"about":[{"href":"https:\/\/tene.ee\/de\/wp-json\/wp\/v2\/types\/product"}],"wp:featuredmedia":[{"embeddable":true,"href":"https:\/\/tene.ee\/de\/wp-json\/wp\/v2\/media\/7475"}],"wp:attachment":[{"href":"https:\/\/tene.ee\/de\/wp-json\/wp\/v2\/media?parent=16322"}],"wp:term":[{"taxonomy":"product_brand","embeddable":true,"href":"https:\/\/tene.ee\/de\/wp-json\/wp\/v2\/product_brand?post=16322"},{"taxonomy":"product_cat","embeddable":true,"href":"https:\/\/tene.ee\/de\/wp-json\/wp\/v2\/product_cat?post=16322"},{"taxonomy":"product_tag","embeddable":true,"href":"https:\/\/tene.ee\/de\/wp-json\/wp\/v2\/product_tag?post=16322"}],"curies":[{"name":"wp","href":"https:\/\/api.w.org\/{rel}","templated":true}]}}